{"id":901,"date":"2023-07-25T16:02:31","date_gmt":"2023-07-25T08:02:31","guid":{"rendered":"https:\/\/plastic-machines.org\/?post_type=product&#038;p=901"},"modified":"2025-11-18T09:48:33","modified_gmt":"2025-11-18T01:48:33","slug":"plastic-shredder-for-recycling-rigid-plastics","status":"publish","type":"product","link":"https:\/\/plastic-machines.org\/vi\/product\/plastic-shredder-for-recycling-rigid-plastics\/","title":{"rendered":"M\u00e1y h\u1ee7y nh\u1ef1a \u0111\u1ec3 t\u00e1i ch\u1ebf nh\u1ef1a c\u1ee9ng"},"content":{"rendered":"<div class=\"kk-star-ratings kksr-auto kksr-align-left kksr-valign-top\"     data-payload='{&quot;align&quot;:&quot;left&quot;,&quot;id&quot;:&quot;901&quot;,&quot;slug&quot;:&quot;default&quot;,&quot;valign&quot;:&quot;top&quot;,&quot;ignore&quot;:&quot;&quot;,&quot;reference&quot;:&quot;auto&quot;,&quot;class&quot;:&quot;&quot;,&quot;count&quot;:&quot;3&quot;,&quot;legendonly&quot;:&quot;&quot;,&quot;readonly&quot;:&quot;&quot;,&quot;score&quot;:&quot;5&quot;,&quot;starsonly&quot;:&quot;&quot;,&quot;best&quot;:&quot;5&quot;,&quot;gap&quot;:&quot;5&quot;,&quot;greet&quot;:&quot;Rate this product&quot;,&quot;legend&quot;:&quot;5\\\/5 - (3 b\u00ecnh ch\u1ecdn)&quot;,&quot;size&quot;:&quot;24&quot;,&quot;title&quot;:&quot;Plastic shredder for recycling rigid plastics&quot;,&quot;width&quot;:&quot;142.5&quot;,&quot;_legend&quot;:&quot;{score}\\\/{best} - ({count} {votes})&quot;,&quot;font_factor&quot;:&quot;1.25&quot;}'>              <div class=\"kksr-stars\">      <div class=\"kksr-stars-inactive\">             <div class=\"kksr-star\" data-star=\"1\" style=\"padding-right: 5px\">               <div class=\"kksr-icon\" style=\"width: 24px; height: 24px;\"><\/div>         <\/div>             <div class=\"kksr-star\" data-star=\"2\" style=\"padding-right: 5px\">               <div class=\"kksr-icon\" style=\"width: 24px; height: 24px;\"><\/div>         <\/div>             <div class=\"kksr-star\" data-star=\"3\" style=\"padding-right: 5px\">               <div class=\"kksr-icon\" style=\"width: 24px; height: 24px;\"><\/div>         <\/div>             <div class=\"kksr-star\" data-star=\"4\" style=\"padding-right: 5px\">               <div class=\"kksr-icon\" style=\"width: 24px; height: 24px;\"><\/div>         <\/div>             <div class=\"kksr-star\" data-star=\"5\" style=\"padding-right: 5px\">               <div class=\"kksr-icon\" style=\"width: 24px; height: 24px;\"><\/div>         <\/div>     <\/div>      <div class=\"kksr-stars-active\" style=\"width: 142.5px;\">             <div class=\"kksr-star\" style=\"padding-right: 5px\">               <div class=\"kksr-icon\" style=\"width: 24px; height: 24px;\"><\/div>         <\/div>             <div class=\"kksr-star\" style=\"padding-right: 5px\">               <div class=\"kksr-icon\" style=\"width: 24px; height: 24px;\"><\/div>         <\/div>             <div class=\"kksr-star\" style=\"padding-right: 5px\">               <div class=\"kksr-icon\" style=\"width: 24px; height: 24px;\"><\/div>         <\/div>             <div class=\"kksr-star\" style=\"padding-right: 5px\">               <div class=\"kksr-icon\" style=\"width: 24px; height: 24px;\"><\/div>         <\/div>             <div class=\"kksr-star\" style=\"padding-right: 5px\">               <div class=\"kksr-icon\" style=\"width: 24px; height: 24px;\"><\/div>         <\/div>     <\/div> <\/div>                   <div class=\"kksr-legend\" style=\"font-size: 19.2px;\">             5\/5 - (3 votes)    <\/div>     <\/div>  <p>M\u00e1y h\u1ee7y nh\u1ef1a \u0111\u1ec3 t\u00e1i ch\u1ebf \u0111\u01b0\u1ee3c s\u1eed d\u1ee5ng \u0111\u1ec3 nghi\u1ec1n n\u00e1t c\u00e1c lo\u1ea1i nh\u1ef1a c\u1ee9ng, ch\u1eb3ng h\u1ea1n nh\u01b0 \u1ed1ng nh\u1ef1a, tr\u1ed1ng nh\u1ef1a, c\u1ee5c nh\u1ef1a, v.v.<\/p>    <h2 class=\"wp-block-heading\">\u0110\u1eb7c \u0111i\u1ec3m c\u1ee7a m\u00e1y h\u1ee7y t\u00e0i li\u1ec7u nh\u1ef1a c\u00f4ng nghi\u1ec7p <\/h2>    <ul class=\"wp-block-list\"> <li><strong>Kh\u1ea3 n\u0103ng nghi\u1ec1n m\u1ea1nh<\/strong>. Nh\u1ef1a c\u1ee9ng th\u01b0\u1eddng c\u00f3 kh\u1ea3 n\u0103ng ch\u1ecbu n\u00e9n v\u00e0 m\u00e0i m\u00f2n cao, m\u00e1y h\u1ee7y nh\u1ef1a chuy\u00ean nghi\u1ec1n nh\u1ef1a c\u1ee9ng c\u00f3 th\u1ec3 \u0111\u00e1p \u1ee9ng \u0111\u01b0\u1ee3c c\u00e1c \u0111\u1eb7c t\u00ednh n\u00e0y v\u00e0 nghi\u1ec1n nh\u1ef1a c\u1ee9ng th\u00e0nh c\u00e1c h\u1ea1t nh\u1ecf m\u1ed9t c\u00e1ch hi\u1ec7u qu\u1ea3.<\/li>    <li><strong>Dao b\u1ec1n v\u00e0 c\u00e1c b\u1ed9 ph\u1eadn b\u1ecb m\u00f2n<\/strong>. \u0110\u1ec3 \u0111\u1ed1i ph\u00f3 v\u1edbi \u0111\u1ed9 c\u1ee9ng cao v\u00e0 kh\u1ea3 n\u0103ng ch\u1ed1ng m\u00e0i m\u00f2n c\u1ee7a nh\u1ef1a c\u1ee9ng, m\u00e1y h\u1ee7y nh\u1ef1a th\u01b0\u1eddng s\u1eed d\u1ee5ng dao ch\u1ea5t l\u01b0\u1ee3ng cao v\u00e0 c\u00e1c b\u1ed9 ph\u1eadn ch\u1ed1ng m\u00e0i m\u00f2n \u0111\u1ec3 \u0111\u1ea3m b\u1ea3o ho\u1ea1t \u0111\u1ed9ng \u1ed5n \u0111\u1ecbnh trong th\u1eddi gian d\u00e0i.<\/li>    <li><strong>Ho\u1ea1t \u0111\u1ed9ng \u1ed5n \u0111\u1ecbnh<\/strong>. Qu\u00e1 tr\u00ecnh nghi\u1ec1n nh\u1ef1a c\u1ee9ng \u0111\u00f2i h\u1ecfi nhi\u1ec1u n\u0103ng l\u01b0\u1ee3ng h\u01a1n v\u00e0 ho\u1ea1t \u0111\u1ed9ng \u1ed5n \u0111\u1ecbnh h\u01a1n n\u00ean nh\u1eefng m\u00e1y nghi\u1ec1n n\u00e0y th\u01b0\u1eddng \u0111\u01b0\u1ee3c trang b\u1ecb \u0111\u1ed9ng c\u01a1 m\u1ea1nh m\u1ebd v\u00e0 h\u1ec7 th\u1ed1ng \u0111i\u1ec1u khi\u1ec3n \u1ed5n \u0111\u1ecbnh \u0111\u1ec3 \u0111\u1ea3m b\u1ea3o ho\u1ea1t \u0111\u1ed9ng nghi\u1ec1n hi\u1ec7u qu\u1ea3 v\u00e0 \u1ed5n \u0111\u1ecbnh.<\/li>    <li><strong>Thi\u1ebft k\u1ebf chuy\u00ean nghi\u1ec7p<\/strong>. \u0110\u1ec3 th\u00edch \u1ee9ng v\u1edbi \u0111\u1eb7c t\u00ednh c\u1ee7a nh\u1ef1a c\u1ee9ng, lo\u1ea1i m\u00e1y h\u1ee7y nh\u1ef1a c\u00f4ng nghi\u1ec7p n\u00e0y th\u01b0\u1eddng \u0111\u01b0\u1ee3c thi\u1ebft k\u1ebf chuy\u00ean nghi\u1ec7p, bao g\u1ed3m k\u1ebft c\u1ea5u bu\u1ed3ng nghi\u1ec1n, ch\u1ebf \u0111\u1ed9 c\u1ea5p li\u1ec7u, b\u1ed1 tr\u00ed dao,\u2026 Tr\u01b0\u1edbc khi xu\u1ea5t x\u01b0\u1edfng, m\u1ed7i m\u00e1y h\u1ee7y t\u00e0i li\u1ec7u s\u1ebd th\u1ef1c hi\u1ec7n m\u1ed9t c\u00f4ng vi\u1ec7c ki\u1ec3m tra c\u00e2n b\u1eb1ng \u0111\u1ed9ng \u0111\u1ec3 \u0111\u1ea3m b\u1ea3o l\u01b0\u1ee1i dao \u0111\u00e1p \u1ee9ng y\u00eau c\u1ea7u ch\u1ea5t l\u01b0\u1ee3ng.<\/li> <\/ul>    <h2 class=\"wp-block-heading\">Th\u00f4ng s\u1ed1 c\u1ee7a m\u00e1y h\u1ee7y nh\u1ef1a \u0111\u1ec3 t\u00e1i ch\u1ebf<\/h2>    <figure class=\"wp-block-table\"><table><tbody><tr><td>Ki\u1ec3u<\/td><td>SL-600<\/td><td>SL-800<\/td><td>SL-1000<\/td><\/tr><tr><td>Quy\u1ec1n l\u1ef1c<\/td><td>30 kW<\/td><td>45kw<\/td><td>55kw<\/td><\/tr><tr><td>Dung t\u00edch<\/td><td>800kg\/gi\u1edd<\/td><td>1000kg\/gi\u1edd<\/td><td>1200kg\/gi\u1edd<\/td><\/tr><tr><td>Ch\u1ea5t li\u1ec7u dao <\/td><td>60Si2Mn<\/td><td>60Si2Mn<\/td><td>60Si2Mn<\/td><\/tr><tr><td>s\u1ed1 l\u01b0\u1ee3ng dao<\/td><td>&nbsp;10 chi\u1ebfc<\/td><td>&nbsp;10 chi\u1ebfc&nbsp;<\/td><td>10 chi\u1ebfc&nbsp;<\/td><\/tr><\/tbody><\/table><figcaption class=\"wp-element-caption\">th\u00f4ng s\u1ed1 m\u00e1y h\u1ee7y nh\u1ef1a<\/figcaption><\/figure>    <ul class=\"wp-block-list\"> <li>M\u00e1y h\u1ee7y nh\u1ef1a Shuliy \u0111\u1ec1u c\u00f3 ch\u1ee9ng ch\u1ec9 CE.<\/li>    <li>Ch\u00fang t\u00f4i cung c\u1ea5p m\u1ed9t m\u00e1y h\u1ee7y t\u00e0i li\u1ec7u m\u00f4 h\u00ecnh l\u1edbn h\u01a1n d\u1ef1a tr\u00ean nhu c\u1ea7u c\u1ee7a b\u1ea1n.<\/li> <\/ul>    <h2 class=\"wp-block-heading\">H\u00ecnh \u1ea3nh b\u1ed5 sung<\/h2>    <figure class=\"wp-block-gallery has-nested-images columns-default is-cropped wp-block-gallery-2 is-layout-flex wp-block-gallery-is-layout-flex\"> <figure class=\"wp-block-image size-large\"><img loading=\"lazy\" decoding=\"async\" width=\"768\" height=\"1024\" data-id=\"909\" src=\"https:\/\/plastic-machines.org\/wp-content\/uploads\/2023\/07\/plastic-shredder-machine-768x1024.webp\" alt=\"M\u00e1y xay nh\u1ef1a cho v\u1eadt li\u1ec7u c\u1ee9ng\" class=\"wp-image-909\" srcset=\"https:\/\/plastic-machines.org\/wp-content\/uploads\/2023\/07\/plastic-shredder-machine-768x1024.webp 768w, https:\/\/plastic-machines.org\/wp-content\/uploads\/2023\/07\/plastic-shredder-machine-225x300.webp 225w, https:\/\/plastic-machines.org\/wp-content\/uploads\/2023\/07\/plastic-shredder-machine-1152x1536.webp 1152w, https:\/\/plastic-machines.org\/wp-content\/uploads\/2023\/07\/plastic-shredder-machine.webp 1276w\" sizes=\"auto, (max-width: 768px) 100vw, 768px\" \/><figcaption class=\"wp-element-caption\">M\u00e1y xay nh\u1ef1a cho v\u1eadt li\u1ec7u c\u1ee9ng<\/figcaption><\/figure>    <figure class=\"wp-block-image size-large\"><img loading=\"lazy\" decoding=\"async\" width=\"768\" height=\"1024\" data-id=\"908\" src=\"https:\/\/plastic-machines.org\/wp-content\/uploads\/2023\/07\/plastic-shredder-machine-2-768x1024.webp\" alt=\"m\u00e1y nghi\u1ec1n nh\u1ef1a \" class=\"wp-image-908\" srcset=\"https:\/\/plastic-machines.org\/wp-content\/uploads\/2023\/07\/plastic-shredder-machine-2-768x1024.webp 768w, https:\/\/plastic-machines.org\/wp-content\/uploads\/2023\/07\/plastic-shredder-machine-2-225x300.webp 225w, https:\/\/plastic-machines.org\/wp-content\/uploads\/2023\/07\/plastic-shredder-machine-2-1152x1536.webp 1152w, https:\/\/plastic-machines.org\/wp-content\/uploads\/2023\/07\/plastic-shredder-machine-2.webp 1276w\" sizes=\"auto, (max-width: 768px) 100vw, 768px\" \/><figcaption class=\"wp-element-caption\">m\u00e1y nghi\u1ec1n nh\u1ef1a <\/figcaption><\/figure> <\/figure>    <figure class=\"wp-block-gallery has-nested-images columns-default is-cropped wp-block-gallery-3 is-layout-flex wp-block-gallery-is-layout-flex\"> <figure class=\"wp-block-image size-large\"><img loading=\"lazy\" decoding=\"async\" width=\"768\" height=\"1024\" data-id=\"905\" src=\"https:\/\/plastic-machines.org\/wp-content\/uploads\/2023\/07\/plastic-film-shredder-3-768x1024.webp\" alt=\"m\u00e1y h\u1ee7y nh\u1ef1a \" class=\"wp-image-905\" srcset=\"https:\/\/plastic-machines.org\/wp-content\/uploads\/2023\/07\/plastic-film-shredder-3-768x1024.webp 768w, https:\/\/plastic-machines.org\/wp-content\/uploads\/2023\/07\/plastic-film-shredder-3-225x300.webp 225w, https:\/\/plastic-machines.org\/wp-content\/uploads\/2023\/07\/plastic-film-shredder-3-1152x1536.webp 1152w, https:\/\/plastic-machines.org\/wp-content\/uploads\/2023\/07\/plastic-film-shredder-3.webp 1276w\" sizes=\"auto, (max-width: 768px) 100vw, 768px\" \/><figcaption class=\"wp-element-caption\">m\u00e1y h\u1ee7y nh\u1ef1a <\/figcaption><\/figure>    <figure class=\"wp-block-image size-large\"><img loading=\"lazy\" decoding=\"async\" width=\"768\" height=\"1024\" data-id=\"904\" src=\"https:\/\/plastic-machines.org\/wp-content\/uploads\/2023\/07\/plastic-film-shredder-2-768x1024.webp\" alt=\"m\u00e1y h\u1ee7y nh\u1ef1a\" class=\"wp-image-904\" srcset=\"https:\/\/plastic-machines.org\/wp-content\/uploads\/2023\/07\/plastic-film-shredder-2-768x1024.webp 768w, https:\/\/plastic-machines.org\/wp-content\/uploads\/2023\/07\/plastic-film-shredder-2-225x300.webp 225w, https:\/\/plastic-machines.org\/wp-content\/uploads\/2023\/07\/plastic-film-shredder-2-1152x1536.webp 1152w, https:\/\/plastic-machines.org\/wp-content\/uploads\/2023\/07\/plastic-film-shredder-2.webp 1276w\" sizes=\"auto, (max-width: 768px) 100vw, 768px\" \/><figcaption class=\"wp-element-caption\">m\u00e1y h\u1ee7y nh\u1ef1a<\/figcaption><\/figure> <figcaption class=\"blocks-gallery-caption wp-element-caption\">m\u00e1y h\u1ee7y nh\u1ef1a \u0111\u1ec3 t\u00e1i ch\u1ebf nh\u1ef1a c\u1ee9ng<\/figcaption><\/figure>    <h2 class=\"wp-block-heading\">Y\u00eau c\u1ea7u v\u1ec1 m\u00e1y h\u1ee7y t\u00e0i li\u1ec7u nh\u1ef1a c\u1ee9ng <\/h2>    <p>N\u1ebfu b\u1ea1n quan t\u00e2m \u0111\u1ebfn m\u00e1y h\u1ee7y t\u00e0i li\u1ec7u nh\u1ef1a c\u00f4ng nghi\u1ec7p, h\u00e3y \u0111i\u1ec1n v\u00e0o m\u1eabu \u1edf g\u00f3c b\u00ean ph\u1ea3i. <\/p>    <p class=\"translation-block\">Qu\u1ea3n l\u00fd b\u00e1n h\u00e0ng c\u1ee7a ch\u00fang t\u00f4i s\u1ebd g\u1eedi cho b\u1ea1n b\u00e1o gi\u00e1 m\u00e1y t\u00e1i ch\u1ebf c\u00e0ng s\u1edbm c\u00e0ng t\u1ed1t. <\/p>","protected":false},"excerpt":{"rendered":"<p>The plastic shredder for recycling is used to crush rigid plastics, such as plastic pipes, plastic drums, plastic lumps and so on. Features of industrial plastic shredder machine Parameters of plastic shredder for recycling Type SL-600 SL-800 SL-1000 Power 30&nbsp;kw 45 kw 55 kw Capacity 800kg\/h 1000kg\/h 1200kg\/h Knives material 60Si2Mn 60Si2Mn 60Si2Mn Knive qty [&hellip;]<\/p>\n","protected":false},"author":1,"featured_media":902,"parent":0,"template":"","tags":[51],"product-type":[15],"class_list":["post-901","product","type-product","status-publish","has-post-thumbnail","hentry","tag-rigid","product-type-plastic-crushing-equipment"],"taxonomy_info":{"post_tag":[{"value":51,"label":"rigid"}],"product-type":[{"value":15,"label":"Plastic Crushing Equipment"}]},"featured_image_src_large":["https:\/\/plastic-machines.org\/wp-content\/uploads\/2023\/07\/plastic-crusher-1.webp",720,540,false],"author_info":{"display_name":"Ella","author_link":"https:\/\/plastic-machines.org\/vi\/author\/admin\/"},"comment_info":"","_links":{"self":[{"href":"https:\/\/plastic-machines.org\/vi\/wp-json\/wp\/v2\/product\/901","targetHints":{"allow":["GET"]}}],"collection":[{"href":"https:\/\/plastic-machines.org\/vi\/wp-json\/wp\/v2\/product"}],"about":[{"href":"https:\/\/plastic-machines.org\/vi\/wp-json\/wp\/v2\/types\/product"}],"author":[{"embeddable":true,"href":"https:\/\/plastic-machines.org\/vi\/wp-json\/wp\/v2\/users\/1"}],"wp:featuredmedia":[{"embeddable":true,"href":"https:\/\/plastic-machines.org\/vi\/wp-json\/wp\/v2\/media\/902"}],"wp:attachment":[{"href":"https:\/\/plastic-machines.org\/vi\/wp-json\/wp\/v2\/media?parent=901"}],"wp:term":[{"taxonomy":"post_tag","embeddable":true,"href":"https:\/\/plastic-machines.org\/vi\/wp-json\/wp\/v2\/tags?post=901"},{"taxonomy":"product-type","embeddable":true,"href":"https:\/\/plastic-machines.org\/vi\/wp-json\/wp\/v2\/product-type?post=901"}],"curies":[{"name":"wp","href":"https:\/\/api.w.org\/{rel}","templated":true}]}}