{"id":899,"date":"2023-07-25T14:56:18","date_gmt":"2023-07-25T06:56:18","guid":{"rendered":"https:\/\/plastic-machines.org\/?post_type=product&#038;p=899"},"modified":"2026-03-24T09:45:27","modified_gmt":"2026-03-24T01:45:27","slug":"plastic-film-woven-bag-pelletizer-machine","status":"publish","type":"product","link":"https:\/\/plastic-machines.org\/vi\/product\/plastic-film-woven-bag-pelletizer-machine\/","title":{"rendered":"M\u00e1y \u00e9p vi\u00ean t\u00fai nh\u1ef1a PP PE"},"content":{"rendered":"<div class=\"kk-star-ratings kksr-auto kksr-align-left kksr-valign-top\"     data-payload='{&quot;align&quot;:&quot;left&quot;,&quot;id&quot;:&quot;899&quot;,&quot;slug&quot;:&quot;default&quot;,&quot;valign&quot;:&quot;top&quot;,&quot;ignore&quot;:&quot;&quot;,&quot;reference&quot;:&quot;auto&quot;,&quot;class&quot;:&quot;&quot;,&quot;count&quot;:&quot;4&quot;,&quot;legendonly&quot;:&quot;&quot;,&quot;readonly&quot;:&quot;&quot;,&quot;score&quot;:&quot;5&quot;,&quot;starsonly&quot;:&quot;&quot;,&quot;best&quot;:&quot;5&quot;,&quot;gap&quot;:&quot;5&quot;,&quot;greet&quot;:&quot;Rate this product&quot;,&quot;legend&quot;:&quot;5\\\/5 - (4 b\u00ecnh ch\u1ecdn)&quot;,&quot;size&quot;:&quot;24&quot;,&quot;title&quot;:&quot;PP PE Plastic Film Woven Bags Pelletizer Machine&quot;,&quot;width&quot;:&quot;142.5&quot;,&quot;_legend&quot;:&quot;{score}\\\/{best} - ({count} {votes})&quot;,&quot;font_factor&quot;:&quot;1.25&quot;}'>              <div class=\"kksr-stars\">      <div class=\"kksr-stars-inactive\">             <div class=\"kksr-star\" data-star=\"1\" style=\"padding-right: 5px\">               <div class=\"kksr-icon\" style=\"width: 24px; height: 24px;\"><\/div>         <\/div>             <div class=\"kksr-star\" data-star=\"2\" style=\"padding-right: 5px\">               <div class=\"kksr-icon\" style=\"width: 24px; height: 24px;\"><\/div>         <\/div>             <div class=\"kksr-star\" data-star=\"3\" style=\"padding-right: 5px\">               <div class=\"kksr-icon\" style=\"width: 24px; height: 24px;\"><\/div>         <\/div>             <div class=\"kksr-star\" data-star=\"4\" style=\"padding-right: 5px\">               <div class=\"kksr-icon\" style=\"width: 24px; height: 24px;\"><\/div>         <\/div>             <div class=\"kksr-star\" data-star=\"5\" style=\"padding-right: 5px\">               <div class=\"kksr-icon\" style=\"width: 24px; height: 24px;\"><\/div>         <\/div>     <\/div>      <div class=\"kksr-stars-active\" style=\"width: 142.5px;\">             <div class=\"kksr-star\" style=\"padding-right: 5px\">               <div class=\"kksr-icon\" style=\"width: 24px; height: 24px;\"><\/div>         <\/div>             <div class=\"kksr-star\" style=\"padding-right: 5px\">               <div class=\"kksr-icon\" style=\"width: 24px; height: 24px;\"><\/div>         <\/div>             <div class=\"kksr-star\" style=\"padding-right: 5px\">               <div class=\"kksr-icon\" style=\"width: 24px; height: 24px;\"><\/div>         <\/div>             <div class=\"kksr-star\" style=\"padding-right: 5px\">               <div class=\"kksr-icon\" style=\"width: 24px; height: 24px;\"><\/div>         <\/div>             <div class=\"kksr-star\" style=\"padding-right: 5px\">               <div class=\"kksr-icon\" style=\"width: 24px; height: 24px;\"><\/div>         <\/div>     <\/div> <\/div>                   <div class=\"kksr-legend\" style=\"font-size: 19.2px;\">             5\/5 - (4 phi\u1ebfu b\u1ea7u)    <\/div>     <\/div>  <p>M\u00e1y \u00e9p vi\u00ean m\u00e0ng nh\u1ef1a PP PE k\u1ebft h\u1ee3p c\u00e1c ch\u1ee9c n\u0103ng nghi\u1ec1n, n\u00e9n, n\u1ea5u ch\u1ea3y v\u00e0 \u00e9p \u0111\u00f9n t\u1ea5t c\u1ea3 ch\u1ec9 trong m\u1ed9t b\u01b0\u1edbc. T\u1eadp \u0111o\u00e0n Shuliy \u0111\u00e3 s\u1ea3n xu\u1ea5t m\u00e1y t\u1ea1o h\u1ea1t m\u00e0ng nh\u1ef1a trong h\u01a1n 20 n\u0103m v\u00e0 gi\u00fap nhi\u1ec1u nh\u00e0 m\u00e1y t\u00e1i ch\u1ebf b\u1eaft \u0111\u1ea7u kinh doanh v\u00e0 thu \u0111\u01b0\u1ee3c l\u1ee3i nhu\u1eadn l\u1edbn.<\/p>    <p>Ngo\u00e0i vi\u1ec7c t\u1ea1o h\u1ea1t m\u00e0ng nh\u1ef1a ph\u1ebf th\u1ea3i, m\u00e1y t\u1ea1o h\u1ea1t c\u00f2n c\u00f3 th\u1ec3 t\u1ea1o h\u1ea1t th\u00e0nh t\u00fai d\u1ec7t PP PE, t\u00fai xi m\u0103ng, s\u1ee3i PP, t\u00fai \u0111\u00f3ng g\u00f3i nh\u1ef1a, v.v. S\u1ea3n ph\u1ea9m cu\u1ed1i c\u00f9ng c\u1ee7a m\u00e1y \u00e9p vi\u00ean nh\u1ef1a l\u00e0 d\u1ea1ng vi\u00ean ho\u1eb7c h\u1ea1t t\u00e1i ch\u1ebf, c\u00f3 th\u1ec3 \u0111\u01b0\u1ee3c s\u1eed d\u1ee5ng tr\u1ef1c ti\u1ebfp trong qu\u00e1 tr\u00ecnh \u00e9p \u0111\u00f9n \u1ed1ng, s\u1ea3n xu\u1ea5t nh\u1ef1a, th\u1ed5i m\u00e0ng v\u00e0 \u00e9p nh\u1ef1a.<\/p>    <h2 class=\"wp-block-heading\">Nguy\u00ean l\u00fd l\u00e0m vi\u1ec7c c\u1ee7a m\u00e1y \u00e9p vi\u00ean<\/h2>    <p class=\"translation-block\"><strong>H\u1ec7 th\u1ed1ng \u0111\u00f9n<\/strong>: H\u1ec7 th\u1ed1ng \u0111\u00f9n c\u1ee7a m\u00e1y t\u1ea1o h\u1ea1t m\u00e0ng nh\u1ef1a bao g\u1ed3m tr\u1ee5c v\u00edt, n\u00f2ng, ph\u1ec5u, \u0111\u1ea7u \u0111\u00f9n v\u00e0 khu\u00f4n, nh\u1ef1a \u0111\u01b0\u1ee3c ph\u00e2n lo\u1ea1i th\u00e0nh m\u1ed9t kh\u1ed1i n\u00f3ng ch\u1ea3y \u0111\u1ed3ng nh\u1ea5t th\u00f4ng qua h\u1ec7 th\u1ed1ng \u0111\u00f9n, v\u00e0 d\u01b0\u1edbi \u00e1p su\u1ea5t \u0111\u01b0\u1ee3c thi\u1ebft l\u1eadp trong qu\u00e1 tr\u00ecnh, n\u00f3 \u0111\u01b0\u1ee3c \u0111\u00f9n li\u00ean t\u1ee5c ra kh\u1ecfi \u0111\u1ea7u \u0111\u00f9n b\u1eb1ng tr\u1ee5c v\u00edt.<\/p>    <ol class=\"wp-block-list\"> <li>V\u00edt: l\u00e0 nguy\u00ean l\u00fd c\u1ee7a m\u00e1y \u00e9p m\u00e0ng bao g\u1ed3m c\u00e1c b\u1ed9 ph\u1eadn quan tr\u1ecdng nh\u1ea5t, n\u00f3 li\u00ean quan tr\u1ef1c ti\u1ebfp \u0111\u1ebfn ph\u1ea1m vi \u1ee9ng d\u1ee5ng c\u1ee7a m\u00e1y \u0111\u00f9n v\u00e0 hi\u1ec7u qu\u1ea3 s\u1ea3n xu\u1ea5t, \u0111\u01b0\u1ee3c l\u00e0m b\u1eb1ng th\u00e9p h\u1ee3p kim ch\u1ed1ng \u0103n m\u00f2n c\u01b0\u1eddng \u0111\u1ed9 cao.<\/li>    <li>Th\u00f9ng: m\u1ed9t \u1ed1ng kim lo\u1ea1i li\u1ec1n m\u1ea1ch, th\u01b0\u1eddng ch\u1ecbu nhi\u1ec7t, ch\u1ecbu \u00e1p l\u1ef1c cao, th\u00e9p h\u1ee3p kim ch\u1ed1ng m\u00e0i m\u00f2n, ch\u1ed1ng \u0103n m\u00f2n ho\u1eb7c th\u00e9p h\u1ee3p kim \u0111\u01b0\u1ee3c l\u00f3t b\u1eb1ng \u1ed1ng th\u00e9p composite.<\/li>    <li>Ph\u1ec5u: \u0111\u00e1y ph\u1ec5u \u0111\u01b0\u1ee3c trang b\u1ecb thi\u1ebft b\u1ecb c\u1eaft, \u0111\u1ec3 \u0111i\u1ec1u ch\u1ec9nh v\u00e0 c\u1eaft d\u00f2ng nguy\u00ean li\u1ec7u, ph\u00eda b\u00ean c\u1ee7a ph\u1ec5u \u0111\u01b0\u1ee3c trang b\u1ecb l\u1ed7 quan s\u00e1t v\u00e0 thi\u1ebft b\u1ecb \u0111o hi\u1ec7u chu\u1ea9n.<\/li>    <li>\u0110\u1ea7u v\u00e0 khu\u00f4n: \u0111\u1ea7u bao g\u1ed3m \u1ed1ng b\u1ecdc b\u00ean trong b\u1eb1ng th\u00e9p h\u1ee3p kim v\u00e0 \u1ed1ng b\u1ecdc ngo\u00e0i b\u1eb1ng th\u00e9p carbon, \u0111\u1ea7u \u0111\u01b0\u1ee3c trang b\u1ecb khu\u00f4n \u0111\u00fac.<\/li> <\/ol>    <p class=\"translation-block\"><strong>H\u1ec7 th\u1ed1ng truy\u1ec1n \u0111\u1ed9ng<\/strong>: Theo nguy\u00ean l\u00fd c\u1ee7a m\u00e1y t\u1ea1o h\u1ea1t t\u00fai d\u1ec7t, vai tr\u00f2 c\u1ee7a h\u1ec7 th\u1ed1ng truy\u1ec1n \u0111\u1ed9ng l\u00e0 d\u1eabn \u0111\u1ed9ng tr\u1ee5c v\u00edt, cung c\u1ea5p m\u00f4-men xo\u1eafn v\u00e0 t\u1ed1c \u0111\u1ed9 c\u1ea7n thi\u1ebft cho tr\u1ee5c v\u00edt trong qu\u00e1 tr\u00ecnh \u0111\u00f9n, th\u01b0\u1eddng bao g\u1ed3m \u0111\u1ed9ng c\u01a1, b\u1ed9 gi\u1ea3m t\u1ed1c v\u00e0 v\u00f2ng bi, c\u00f9ng c\u00e1c b\u1ed9 ph\u1eadn kh\u00e1c.<\/p>    <p class=\"translation-block\"><strong>Thi\u1ebft b\u1ecb s\u01b0\u1edfi \u1ea5m v\u00e0 l\u00e0m m\u00e1t<\/strong>: Ng\u00e0y nay, m\u00e1y t\u1ea1o h\u1ea1t t\u00fai d\u1ec7t th\u01b0\u1eddng s\u1eed d\u1ee5ng ph\u01b0\u01a1ng ph\u00e1p s\u01b0\u1edfi \u1ea5m b\u1eb1ng \u0111i\u1ec7n, \u0111\u01b0\u1ee3c chia th\u00e0nh s\u01b0\u1edfi \u1ea5m b\u1eb1ng \u0111i\u1ec7n tr\u1edf v\u00e0 s\u01b0\u1edfi \u1ea5m b\u1eb1ng c\u1ea3m \u1ee9ng, v\u00e0 b\u1ed9 ph\u1eadn s\u01b0\u1edfi \u1ea5m \u0111\u01b0\u1ee3c l\u1eafp \u0111\u1eb7t \u1edf m\u1ed7i b\u1ed9 ph\u1eadn c\u1ee7a th\u00e2n m\u00e1y, c\u1ed5 v\u00e0 \u0111\u1ea7u \u0111\u00f9n. Thi\u1ebft b\u1ecb s\u01b0\u1edfi \u1ea5m t\u1eeb b\u00ean ngo\u00e0i l\u00e0m n\u00f3ng nh\u1ef1a b\u00ean trong xi lanh, \u0111\u1ec3 n\u00f3 n\u00f3ng l\u00ean \u0111\u1ebfn nhi\u1ec7t \u0111\u1ed9 c\u1ea7n thi\u1ebft cho ho\u1ea1t \u0111\u1ed9ng c\u1ee7a quy tr\u00ecnh. Thi\u1ebft b\u1ecb l\u00e0m m\u00e1t \u0111\u01b0\u1ee3c thi\u1ebft l\u1eadp \u0111\u1ec3 \u0111\u1ea3m b\u1ea3o r\u1eb1ng nh\u1ef1a n\u1eb1m trong ph\u1ea1m vi nhi\u1ec7t \u0111\u1ed9 y\u00eau c\u1ea7u c\u1ee7a quy tr\u00ecnh t\u1ea1o h\u1ea1t.<\/p>    <h2 class=\"wp-block-heading\">Video ho\u1ea1t \u0111\u1ed9ng c\u1ee7a m\u00e1y \u00e9p vi\u00ean<\/h2>    <figure class=\"wp-block-embed is-type-video is-provider-youtube wp-block-embed-youtube wp-embed-aspect-16-9 wp-has-aspect-ratio\"><div class=\"wp-block-embed__wrapper\"> <iframe loading=\"lazy\" title=\"D\u00e2y chuy\u1ec1n r\u1eeda v\u00e0 t\u1ea1o h\u1ea1t nh\u1ef1a 300 kg\/h | M\u00e1y t\u00e1i ch\u1ebf r\u00e1c th\u1ea3i nh\u1ef1a PP PE LDPE\" width=\"500\" height=\"281\" src=\"https:\/\/www.youtube.com\/embed\/I4dkCkfIOmc?feature=oembed\" frameborder=\"0\" allow=\"accelerometer; autoplay; clipboard-write; encrypted-media; gyroscope; picture-in-picture; web-share\" referrerpolicy=\"strict-origin-when-cross-origin\" allowfullscreen><\/iframe> <\/div><\/figure>    <h2 class=\"wp-block-heading\">Th\u00f4ng s\u1ed1 k\u1ef9 thu\u00e2\u0323t<\/h2>    <figure class=\"wp-block-table\"><table><tbody><tr><td>Ng\u01b0\u1eddi m\u1eabu<\/td><td>SL-125<\/td><td>SL-150<\/td><td>SL-180<\/td><td>SL-200<\/td><td>SL-220<\/td><\/tr><tr><td>\u0110\u01b0\u1eddng k\u00ednh tr\u1ee5c v\u00edt<\/td><td>125mm<\/td><td>150mm<\/td><td>180mm<\/td><td>200mm<\/td><td>220mm<\/td><\/tr><tr><td>T\u1ed1c \u0111\u1ed9 tr\u1ee5c ch\u00ednh<\/td><td>50-70\/ph\u00fat<\/td><td>40-50\/ph\u00fat<\/td><td>40-50\/ph\u00fat<\/td><td>40-50\/ph\u00fat<\/td><td>40-50\/ph\u00fat<\/td><\/tr><tr><td>C\u00f4ng su\u1ea5t \u0111\u1ed9ng c\u01a1 ch\u00ednh<\/td><td>30kw<\/td><td>37kw<\/td><td>55kw<\/td><td>75kw<\/td><td>90kw<\/td><\/tr><tr><td>C\u00e2n n\u1eb7ng<\/td><td>1,8T<\/td><td>2T<\/td><td>2,2T<\/td><td>2,8T<\/td><td>3,2T<\/td><\/tr><tr><td>ch\u1ee9ng m\u1ea5t tr\u00ed nh\u1edb<\/td><td>2.6*0.7*0.7<\/td><td>3.0*0.7*0.8<\/td><td>3.2*0.7*0.8<\/td><td>3.5*1*1<\/td><td>3.8*1.2*1<\/td><\/tr><tr><td>Dung t\u00edch<\/td><td>180kg\/gi\u1edd<\/td><td>300kg\/gi\u1edd<\/td><td>350kg\/gi\u1edd<\/td><td>380kg\/gi\u1edd<\/td><td>420kg\/gi\u1edd<\/td><\/tr><\/tbody><\/table><\/figure>    <ul class=\"wp-block-list\"> <li>Ch\u1ee9ng nh\u1eadn CE c\u00f3 s\u1eb5n.<\/li>    <li>T\u1eadp \u0111o\u00e0n Shuliy cung c\u1ea5p nhi\u1ec1u m\u1eabu m\u00e1y l\u00e0m vi\u00ean nh\u1ef1a h\u01a1n v\u1edbi c\u00f4ng su\u1ea5t l\u1edbn h\u01a1n v\u00e0 n\u0103ng su\u1ea5t cao h\u01a1n d\u1ef1a tr\u00ean y\u00eau c\u1ea7u c\u1ee7a b\u1ea1n.<\/li> <\/ul>    <h2 class=\"wp-block-heading\">H\u00ecnh \u1ea3nh b\u1ed5 sung c\u1ee7a m\u00e1y t\u1ea1o h\u1ea1t t\u00fai d\u1ec7t<\/h2>    <figure class=\"wp-block-image size-full\"><img loading=\"lazy\" decoding=\"async\" width=\"720\" height=\"540\" src=\"https:\/\/plastic-machines.org\/wp-content\/uploads\/2022\/06\/plastic-pellet-making-machine1.webp\" alt=\"m\u00e1y t\u1ea1o h\u1ea1t nh\u1ef1a\" class=\"wp-image-477\" srcset=\"https:\/\/plastic-machines.org\/wp-content\/uploads\/2022\/06\/plastic-pellet-making-machine1.webp 720w, https:\/\/plastic-machines.org\/wp-content\/uploads\/2022\/06\/plastic-pellet-making-machine1-300x225.webp 300w\" sizes=\"auto, (max-width: 720px) 100vw, 720px\" \/><figcaption class=\"wp-element-caption\">m\u00e1y t\u1ea1o h\u1ea1t t\u00fai d\u1ec7t <\/figcaption><\/figure>    <figure class=\"wp-block-image size-full is-resized\"><img loading=\"lazy\" decoding=\"async\" width=\"720\" height=\"540\" src=\"https:\/\/plastic-machines.org\/wp-content\/uploads\/2022\/06\/plastic-pelletizer-machine.webp\" alt=\"m\u00e1y \u00e9p nh\u1ef1a\" class=\"wp-image-523\" srcset=\"https:\/\/plastic-machines.org\/wp-content\/uploads\/2022\/06\/plastic-pelletizer-machine.webp 720w, https:\/\/plastic-machines.org\/wp-content\/uploads\/2022\/06\/plastic-pelletizer-machine-300x225.webp 300w\" sizes=\"auto, (max-width: 720px) 100vw, 720px\" \/><figcaption class=\"wp-element-caption\">m\u00e1y \u00e9p m\u00e0ng nh\u1ef1a<\/figcaption><\/figure>    <figure class=\"wp-block-image size-full\"><img loading=\"lazy\" decoding=\"async\" width=\"720\" height=\"540\" src=\"https:\/\/plastic-machines.org\/wp-content\/uploads\/2022\/12\/plastic-pelletizing-machne.webp\" alt=\"m\u00e1y \u00e9p vi\u00ean nh\u1ef1a\" class=\"wp-image-623\" srcset=\"https:\/\/plastic-machines.org\/wp-content\/uploads\/2022\/12\/plastic-pelletizing-machne.webp 720w, https:\/\/plastic-machines.org\/wp-content\/uploads\/2022\/12\/plastic-pelletizing-machne-300x225.webp 300w\" sizes=\"auto, (max-width: 720px) 100vw, 720px\" \/><figcaption class=\"wp-element-caption\">m\u00e1y \u00e9p vi\u00ean nh\u1ef1a<\/figcaption><\/figure>    <h2 class=\"wp-block-heading\">H\u1ecfi v\u1ec1 m\u00e1y \u00e9p m\u00e0ng nh\u1ef1a<\/h2>    <p class=\"translation-block\">G\u1eedi y\u00eau c\u1ea7u c\u1ee7a b\u1ea1n b\u1eb1ng c\u00e1ch \u0111i\u1ec1n v\u00e0o m\u1eabu \u1edf g\u00f3c ph\u1ea3i, qu\u1ea3n l\u00fd d\u1ef1 \u00e1n c\u1ee7a ch\u00fang t\u00f4i s\u1ebd li\u00ean h\u1ec7 v\u1edbi b\u1ea1n s\u1edbm nh\u1ea5t v\u00e0 cung c\u1ea5p d\u1ecbch v\u1ee5 t\u00f9y ch\u1ec9nh c\u00f9ng c\u00e1c gi\u1ea3i ph\u00e1p t\u00e1i ch\u1ebf cho v\u1eadt li\u1ec7u c\u1ee7a b\u1ea1n. N\u1ebfu b\u1ea1n mu\u1ed1n bi\u1ebft th\u00eam v\u1ec1 m\u00e1y m\u00f3c li\u00ean quan \u0111\u1ebfn t\u00e1i ch\u1ebf nh\u1ef1a, h\u00e3y \u0111\u1ecdc b\u00e0i vi\u1ebft: <a href=\"https:\/\/plastic-machines.org\/vi\/info\/what-machines-are-used-to-recycle-plastic\/\">M\u00e1y m\u00f3c \u0111\u01b0\u1ee3c s\u1eed d\u1ee5ng \u0111\u1ec3 t\u00e1i ch\u1ebf nh\u1ef1a<\/a><\/p>","protected":false},"excerpt":{"rendered":"<p>PP PE plastic film pelletizer machine combines functions of crushing, compacting, melting, and extruding all in one single step. Shuliy Group has manufactured plastic film pelletizing machines for over 20 years and helped many recycling plants start their businesses and obtain great profits. In addition to pelletizing waste plastic films, the pelletizer machine can also [&hellip;]<\/p>\n","protected":false},"author":1,"featured_media":623,"parent":0,"template":"","tags":[49,50,59],"product-type":[9],"class_list":["post-899","product","type-product","status-publish","has-post-thumbnail","hentry","tag-film","tag-pellet","tag-woven-bag","product-type-plastic-pelletizer"],"taxonomy_info":{"post_tag":[{"value":49,"label":"film"},{"value":50,"label":"pellet"},{"value":59,"label":"woven bag"}],"product-type":[{"value":9,"label":"Plastic Pelletizer"}]},"featured_image_src_large":["https:\/\/plastic-machines.org\/wp-content\/uploads\/2022\/12\/plastic-pelletizing-machne.webp",720,540,false],"author_info":{"display_name":"Ella","author_link":"https:\/\/plastic-machines.org\/vi\/author\/admin\/"},"comment_info":"","_links":{"self":[{"href":"https:\/\/plastic-machines.org\/vi\/wp-json\/wp\/v2\/product\/899","targetHints":{"allow":["GET"]}}],"collection":[{"href":"https:\/\/plastic-machines.org\/vi\/wp-json\/wp\/v2\/product"}],"about":[{"href":"https:\/\/plastic-machines.org\/vi\/wp-json\/wp\/v2\/types\/product"}],"author":[{"embeddable":true,"href":"https:\/\/plastic-machines.org\/vi\/wp-json\/wp\/v2\/users\/1"}],"wp:featuredmedia":[{"embeddable":true,"href":"https:\/\/plastic-machines.org\/vi\/wp-json\/wp\/v2\/media\/623"}],"wp:attachment":[{"href":"https:\/\/plastic-machines.org\/vi\/wp-json\/wp\/v2\/media?parent=899"}],"wp:term":[{"taxonomy":"post_tag","embeddable":true,"href":"https:\/\/plastic-machines.org\/vi\/wp-json\/wp\/v2\/tags?post=899"},{"taxonomy":"product-type","embeddable":true,"href":"https:\/\/plastic-machines.org\/vi\/wp-json\/wp\/v2\/product-type?post=899"}],"curies":[{"name":"wp","href":"https:\/\/api.w.org\/{rel}","templated":true}]}}