{"id":895,"date":"2023-07-24T17:16:54","date_gmt":"2023-07-24T09:16:54","guid":{"rendered":"https:\/\/plastic-machines.org\/?post_type=product&#038;p=895"},"modified":"2025-11-10T16:38:39","modified_gmt":"2025-11-10T08:38:39","slug":"plastic-film-washing-line","status":"publish","type":"product","link":"https:\/\/plastic-machines.org\/vi\/product\/plastic-film-washing-line\/","title":{"rendered":"D\u00e2y chuy\u1ec1n gi\u1eb7t m\u00e0ng nh\u1ef1a"},"content":{"rendered":"<div class=\"kk-star-ratings kksr-auto kksr-align-left kksr-valign-top\"     data-payload='{&quot;align&quot;:&quot;left&quot;,&quot;id&quot;:&quot;895&quot;,&quot;slug&quot;:&quot;default&quot;,&quot;valign&quot;:&quot;top&quot;,&quot;ignore&quot;:&quot;&quot;,&quot;reference&quot;:&quot;auto&quot;,&quot;class&quot;:&quot;&quot;,&quot;count&quot;:&quot;5&quot;,&quot;legendonly&quot;:&quot;&quot;,&quot;readonly&quot;:&quot;&quot;,&quot;score&quot;:&quot;5&quot;,&quot;starsonly&quot;:&quot;&quot;,&quot;best&quot;:&quot;5&quot;,&quot;gap&quot;:&quot;5&quot;,&quot;greet&quot;:&quot;Rate this product&quot;,&quot;legend&quot;:&quot;5\\\/5 - (5 b\u00ecnh ch\u1ecdn)&quot;,&quot;size&quot;:&quot;24&quot;,&quot;title&quot;:&quot;Plastic Film Washing Line&quot;,&quot;width&quot;:&quot;142.5&quot;,&quot;_legend&quot;:&quot;{score}\\\/{best} - ({count} {votes})&quot;,&quot;font_factor&quot;:&quot;1.25&quot;}'>              <div class=\"kksr-stars\">      <div class=\"kksr-stars-inactive\">             <div class=\"kksr-star\" data-star=\"1\" style=\"padding-right: 5px\">               <div class=\"kksr-icon\" style=\"width: 24px; height: 24px;\"><\/div>         <\/div>             <div class=\"kksr-star\" data-star=\"2\" style=\"padding-right: 5px\">               <div class=\"kksr-icon\" style=\"width: 24px; height: 24px;\"><\/div>         <\/div>             <div class=\"kksr-star\" data-star=\"3\" style=\"padding-right: 5px\">               <div class=\"kksr-icon\" style=\"width: 24px; height: 24px;\"><\/div>         <\/div>             <div class=\"kksr-star\" data-star=\"4\" style=\"padding-right: 5px\">               <div class=\"kksr-icon\" style=\"width: 24px; height: 24px;\"><\/div>         <\/div>             <div class=\"kksr-star\" data-star=\"5\" style=\"padding-right: 5px\">               <div class=\"kksr-icon\" style=\"width: 24px; height: 24px;\"><\/div>         <\/div>     <\/div>      <div class=\"kksr-stars-active\" style=\"width: 142.5px;\">             <div class=\"kksr-star\" style=\"padding-right: 5px\">               <div class=\"kksr-icon\" style=\"width: 24px; height: 24px;\"><\/div>         <\/div>             <div class=\"kksr-star\" style=\"padding-right: 5px\">               <div class=\"kksr-icon\" style=\"width: 24px; height: 24px;\"><\/div>         <\/div>             <div class=\"kksr-star\" style=\"padding-right: 5px\">               <div class=\"kksr-icon\" style=\"width: 24px; height: 24px;\"><\/div>         <\/div>             <div class=\"kksr-star\" style=\"padding-right: 5px\">               <div class=\"kksr-icon\" style=\"width: 24px; height: 24px;\"><\/div>         <\/div>             <div class=\"kksr-star\" style=\"padding-right: 5px\">               <div class=\"kksr-icon\" style=\"width: 24px; height: 24px;\"><\/div>         <\/div>     <\/div> <\/div>                   <div class=\"kksr-legend\" style=\"font-size: 19.2px;\">             5\/5 - (5 votes)    <\/div>     <\/div>  <p>D\u00e2y chuy\u1ec1n gi\u1eb7t m\u00e0ng nh\u1ef1a hi\u1ec7u su\u1ea5t cao c\u1ee7a Shuliy \u0111\u01b0\u1ee3c thi\u1ebft k\u1ebf \u0111\u1ec3 x\u1eed l\u00fd r\u00e1c th\u1ea3i sau ti\u00eau d\u00f9ng. N\u00f3 c\u00f3 th\u1ec3 x\u1eed l\u00fd ch\u1ea5t th\u1ea3i PE polyethylene (HDPE, LDPE, LLDPE) v\u00e0 PP polypropylene, ch\u1eb3ng h\u1ea1n nh\u01b0 \u1ed1ng t\u01b0\u1edbi \u0111\u00e3 qua s\u1eed d\u1ee5ng, t\u00fai \u0111\u1ef1ng r\u00e1c, bao d\u1ec7t, m\u00e0ng b\u1ecdc bong b\u00f3ng v\u00e0 nhi\u1ec1u l\u1edbp (m\u00e0ng nhi\u1ec1u l\u1edbp. H\u1ec7 th\u1ed1ng t\u00e1i ch\u1ebf m\u00e0ng n\u00e0y \u0111\u01b0\u1ee3c trang b\u1ecb ch\u1ee9c n\u0103ng nghi\u1ec1n, l\u00e0m s\u1ea1ch v\u00e0 c\u00e1c thi\u1ebft b\u1ecb s\u1ea5y kh\u00f4 \u0111\u1ed3ng th\u1eddi t\u1ea1o ra c\u00e1c m\u1ea3nh m\u00e0ng c\u00f3 \u0111\u1ed9 s\u1ea1ch cao v\u1edbi hi\u1ec7u su\u1ea5t cao.<\/p>    <figure class=\"wp-block-embed is-type-video is-provider-youtube wp-block-embed-youtube wp-embed-aspect-16-9 wp-has-aspect-ratio\"><div class=\"wp-block-embed__wrapper\"> <iframe loading=\"lazy\" title=\"D\u00e2y chuy\u1ec1n gi\u1eb7t m\u00e0ng nh\u1ef1a LDPE LDPE PP HDPE\" width=\"500\" height=\"281\" src=\"https:\/\/www.youtube.com\/embed\/ENh4yPyonP8?feature=oembed\" frameborder=\"0\" allow=\"accelerometer; autoplay; clipboard-write; encrypted-media; gyroscope; picture-in-picture; web-share\" referrerpolicy=\"strict-origin-when-cross-origin\" allowfullscreen><\/iframe> <\/div><\/figure>    <h2 class=\"wp-block-heading\">Quy tr\u00ecnh l\u00e0m vi\u1ec7c c\u1ee7a d\u00e2y chuy\u1ec1n gi\u1eb7t m\u00e0ng nh\u1ef1a<\/h2>   <div class=\"wp-block-image\"> <figure class=\"aligncenter size-full\"><img loading=\"lazy\" decoding=\"async\" width=\"720\" height=\"540\" src=\"https:\/\/plastic-machines.org\/wp-content\/uploads\/2023\/07\/plastic-film-washing-machines.webp\" alt=\"m\u00e1y r\u1eeda phim nh\u1ef1a\" class=\"wp-image-1366\" srcset=\"https:\/\/plastic-machines.org\/wp-content\/uploads\/2023\/07\/plastic-film-washing-machines.webp 720w, https:\/\/plastic-machines.org\/wp-content\/uploads\/2023\/07\/plastic-film-washing-machines-300x225.webp 300w, https:\/\/plastic-machines.org\/wp-content\/uploads\/2023\/07\/plastic-film-washing-machines-16x12.webp 16w\" sizes=\"auto, (max-width: 720px) 100vw, 720px\" \/><figcaption class=\"wp-element-caption\">m\u00e1y r\u1eeda phim nh\u1ef1a<\/figcaption><\/figure> <\/div>   <p class=\"translation-block\"><strong>M\u00e1y h\u1ee7y nh\u1ef1a<\/strong>: B\u01b0\u1edbc \u0111\u1ea7u ti\u00ean c\u1ee7a d\u00e2y chuy\u1ec1n t\u00e1i ch\u1ebf nh\u1ef1a l\u00e0 s\u1eed d\u1ee5ng m\u00e1y h\u1ee7y nh\u1ef1a \u0111\u1ec3 c\u1eaft m\u00e0ng nh\u1ef1a th\u00e0nh c\u00e1c m\u1ea3nh nh\u1ecf. C\u00e1c m\u1ea3nh nh\u1ef1a thu \u0111\u01b0\u1ee3c t\u1eeb <strong><a href=\"https:\/\/plastic-machines.org\/vi\/product\/plastic-shredder-machine\/\">m\u00e1y h\u1ee7y nh\u1ef1a<\/a><\/strong> c\u00f3 k\u00edch th\u01b0\u1edbc kho\u1ea3ng 30mm-100mm.<\/p>    <p class=\"translation-block\"><strong>B\u1ed3n r\u1eeda nh\u1ef1a<\/strong>: B\u1ed3n r\u1eeda nh\u1ef1a \u0111\u00f3ng vai tr\u00f2 quan tr\u1ecdng. <strong><a href=\"https:\/\/plastic-machines.org\/vi\/product\/plastic-film-washing-machine\/\">M\u00e1y r\u1eeda nh\u1ef1a<\/a><\/strong> c\u00f3 th\u1ec3 lo\u1ea1i b\u1ecf b\u1ee5i b\u1ea9n, d\u1ea7u m\u1ee1, b\u1ee5i, c\u1eb7n v\u00e0 c\u00e1c t\u1ea1p ch\u1ea5t kh\u00e1c kh\u1ecfi b\u1ec1 m\u1eb7t nh\u1ef1a th\u00f4ng qua m\u1ed9t lo\u1ea1t c\u00e1c l\u1ea7n r\u1eeda b\u1eb1ng n\u01b0\u1edbc, \u0111\u1ec3 c\u00e1c m\u1ea3nh nh\u1ef1a c\u00f3 th\u1ec3 \u0111\u01b0\u1ee3c x\u1eed l\u00fd s\u1ea1ch s\u1ebd v\u00e0 tinh khi\u1ebft h\u01a1n. V\u1eadt li\u1ec7u nh\u1ef1a s\u1ea1ch cho s\u1ea3n ph\u1ea9m t\u00e1i ch\u1ebf c\u00f3 ch\u1ea5t l\u01b0\u1ee3ng cao h\u01a1n v\u00e0 gi\u1ea3m hao m\u00f2n, h\u01b0 h\u1ecfng cho m\u00e1y t\u1ea1o h\u1ea1t v\u00e0 c\u00e1c m\u00e1y t\u00e1i ch\u1ebf kh\u00e1c.<\/p>    <p class=\"translation-block\"><strong>M\u00e1y t\u00e1ch n\u01b0\u1edbc ly t\u00e2m<\/strong>: <strong><a href=\"https:\/\/plastic-machines.org\/vi\/product\/plastic-film-dryer-machine\/\">M\u00e1y t\u00e1ch n\u01b0\u1edbc ly t\u00e2m<\/a><\/strong> \u0111\u1ee9ng l\u00e0 thi\u1ebft b\u1ecb th\u01b0\u1eddng d\u00f9ng \u0111\u1ec3 t\u00e1ch r\u1eafn-l\u1ecfng, m\u1ee5c \u0111\u00edch ch\u00ednh l\u00e0 t\u00e1ch n\u01b0\u1edbc kh\u1ecfi nh\u1ef1a l\u01a1 l\u1eedng trong ch\u1ea5t l\u1ecfng \u0111\u1ebfn \u0111\u1ed9 \u1ea9m ho\u1eb7c \u0111\u1ed9 kh\u00f4 mong mu\u1ed1n. M\u00e1y t\u00e1ch n\u01b0\u1edbc ly t\u00e2m n\u00e0y t\u00e1ch ch\u1ea5t l\u1ecfng v\u00e0 ch\u1ea5t r\u1eafn b\u1eb1ng l\u1ef1c ly t\u00e2m, cho hi\u1ec7u qu\u1ea3 t\u00e1ch n\u01b0\u1edbc cao.<\/p>    <p class=\"translation-block\"><strong>Silo s\u1ea3n ph\u1ea9m<\/strong>: Silo \u0111\u01b0\u1ee3c d\u00f9ng \u0111\u1ec3 l\u01b0u tr\u1eef c\u00e1c m\u1ea3nh m\u00e0ng nh\u1ef1a s\u1ea1ch v\u00e0 kh\u00f4.<\/p>    <p class=\"translation-block\"><strong>M\u00e1y t\u1ea1o h\u1ea1t nh\u1ef1a<\/strong> (m\u00e1y t\u00f9y ch\u1ecdn): <strong><a href=\"https:\/\/plastic-machines.org\/vi\/product\/plastic-extruder-machine\/\">M\u00e1y t\u1ea1o h\u1ea1t nh\u1ef1a<\/a><\/strong> l\u00e0 m\u1ed9t trong nh\u1eefng m\u00e1y t\u00e1i ch\u1ebf quan tr\u1ecdng trong d\u00e2y chuy\u1ec1n r\u1eeda m\u00e0ng nh\u1ef1a, m\u1ee5c \u0111\u00edch ch\u00ednh l\u00e0 gia nhi\u1ec7t v\u00e0 l\u00e0m n\u00f3ng ch\u1ea3y nh\u1ef1a ph\u1ebf li\u1ec7u t\u00e1i ch\u1ebf, sau \u0111\u00f3 \u0111\u00f9n nh\u1ef1a n\u00f3ng ch\u1ea3y qua khu\u00f4n. H\u1ea1t nh\u1ef1a t\u00e1i ch\u1ebf c\u00f3 th\u1ec3 \u0111\u01b0\u1ee3c s\u1eed d\u1ee5ng l\u00e0m nguy\u00ean li\u1ec7u thay th\u1ebf \u0111\u1ec3 s\u1ea3n xu\u1ea5t nhi\u1ec1u lo\u1ea1i s\u1ea3n ph\u1ea9m nh\u1ef1a, do \u0111\u00f3 gi\u1ea3m nhu c\u1ea7u s\u1eed d\u1ee5ng nh\u1ef1a nguy\u00ean sinh v\u00e0 gi\u1ea3m chi ph\u00ed s\u1ea3n xu\u1ea5t.<\/p>    <p class=\"translation-block\"><strong>M\u00e1y \u0111\u00f3ng g\u00f3i h\u1ea1t<\/strong> (m\u00e1y t\u00f9y ch\u1ecdn): M\u00e1y \u0111\u00f3ng g\u00f3i \u0111\u01b0\u1ee3c d\u00f9ng \u0111\u1ec3 \u0111\u00f3ng g\u00f3i h\u1ea1t nh\u1ef1a v\u00e0o bao.<\/p>    <h2 class=\"wp-block-heading\">H\u00ecnh \u1ea3nh b\u1ed5 sung <\/h2>    <figure class=\"wp-block-image size-full\"><img loading=\"lazy\" decoding=\"async\" width=\"720\" height=\"540\" src=\"https:\/\/plastic-machines.org\/wp-content\/uploads\/2023\/07\/plastic-film-washing-recycling-line.webp\" alt=\"D\u00e2y chuy\u1ec1n gi\u1eb7t m\u00e0ng nh\u1ef1a\" class=\"wp-image-807\" srcset=\"https:\/\/plastic-machines.org\/wp-content\/uploads\/2023\/07\/plastic-film-washing-recycling-line.webp 720w, https:\/\/plastic-machines.org\/wp-content\/uploads\/2023\/07\/plastic-film-washing-recycling-line-300x225.webp 300w\" sizes=\"auto, (max-width: 720px) 100vw, 720px\" \/><figcaption class=\"wp-element-caption\">m\u00e1y t\u00e1i ch\u1ebf m\u00e0ng nh\u1ef1a<\/figcaption><\/figure>    <figure class=\"wp-block-image size-full\"><img loading=\"lazy\" decoding=\"async\" width=\"720\" height=\"540\" src=\"https:\/\/plastic-machines.org\/wp-content\/uploads\/2022\/06\/plastic-granulating-line1.webp\" alt=\"m\u00e1y t\u1ea1o h\u1ea1t nh\u1ef1a\" class=\"wp-image-476\" srcset=\"https:\/\/plastic-machines.org\/wp-content\/uploads\/2022\/06\/plastic-granulating-line1.webp 720w, https:\/\/plastic-machines.org\/wp-content\/uploads\/2022\/06\/plastic-granulating-line1-300x225.webp 300w\" sizes=\"auto, (max-width: 720px) 100vw, 720px\" \/><figcaption class=\"wp-element-caption\">D\u00e2y chuy\u1ec1n r\u1eeda v\u00e0 \u00e9p m\u00e0ng nh\u1ef1a<\/figcaption><\/figure>    <h2 class=\"wp-block-heading\">Nh\u1eefng tr\u01b0\u1eddng h\u1ee3p th\u00e0nh c\u00f4ng c\u1ee7a d\u00e2y chuy\u1ec1n gi\u1eb7t m\u00e0ng nh\u1ef1a<\/h2>    <figure class=\"wp-block-embed is-type-video is-provider-youtube wp-block-embed-youtube wp-embed-aspect-16-9 wp-has-aspect-ratio\"><div class=\"wp-block-embed__wrapper\"> <iframe loading=\"lazy\" title=\"Nh\u00e0 m\u00e1y \u00e9p vi\u00ean r\u1eeda nh\u1ef1a PP PE \u1edf Tanzania ho\u1ea1t \u0111\u1ed9ng th\u00e0nh c\u00f4ng\" width=\"500\" height=\"281\" src=\"https:\/\/www.youtube.com\/embed\/PK77av8TFEg?start=12&#038;feature=oembed\" frameborder=\"0\" allow=\"accelerometer; autoplay; clipboard-write; encrypted-media; gyroscope; picture-in-picture; web-share\" referrerpolicy=\"strict-origin-when-cross-origin\" allowfullscreen><\/iframe> <\/div><\/figure>    <figure class=\"wp-block-embed is-type-video is-provider-youtube wp-block-embed-youtube wp-embed-aspect-16-9 wp-has-aspect-ratio\"><div class=\"wp-block-embed__wrapper\"> <iframe loading=\"lazy\" title=\"Nh\u00e0 m\u00e1y t\u00e1i ch\u1ebf nh\u1ef1a \u0111\u01b0\u1ee3c l\u1eafp \u0111\u1eb7t t\u1ea1i \u1ea2 R\u1eadp Saudi | Ph\u1ea3n h\u1ed3i m\u00e1y \u00e9p vi\u00ean nh\u1ef1a\" width=\"500\" height=\"281\" src=\"https:\/\/www.youtube.com\/embed\/rDw_8i8uBAo?start=15&#038;feature=oembed\" frameborder=\"0\" allow=\"accelerometer; autoplay; clipboard-write; encrypted-media; gyroscope; picture-in-picture; web-share\" referrerpolicy=\"strict-origin-when-cross-origin\" allowfullscreen><\/iframe> <\/div><\/figure>    <h2 class=\"wp-block-heading\">\u0110\u1eb7c \u0111i\u1ec3m c\u1ee7a d\u00e2y chuy\u1ec1n gi\u1eb7t m\u00e0ng nh\u1ef1a<\/h2>    <ul class=\"wp-block-list\"> <li>\u0110a ch\u1ee9c n\u0103ng: d\u00e2y chuy\u1ec1n r\u1eeda v\u00e0 \u00e9p m\u00e0ng nh\u1ef1a c\u00f3 th\u1ec3 th\u00edch \u1ee9ng v\u1edbi nhi\u1ec1u lo\u1ea1i nh\u1ef1a th\u1ea3i, bao g\u1ed3m t\u00fai d\u1ec7t b\u1eb1ng nh\u1ef1a, m\u00e0ng nh\u1ef1a th\u1ea3i, t\u00fai bao b\u00ec nh\u1ef1a, v.v. N\u00f3 c\u00f3 th\u1ec3 \u0111\u00e1p \u1ee9ng nhu c\u1ea7u t\u00e1i ch\u1ebf m\u00e0ng nh\u1ef1a c\u1ee7a t\u1ea5t c\u1ea3 c\u00e1c nh\u00e0 m\u00e1y t\u00e1i ch\u1ebf nh\u1ef1a.<\/li>    <li>M\u1ee9c \u0111\u1ed9 t\u1ef1 \u0111\u1ed9ng h\u00f3a cao: D\u00e2y chuy\u1ec1n r\u1eeda m\u00e0ng nh\u1ef1a th\u01b0\u1eddng \u0111\u01b0\u1ee3c trang b\u1ecb h\u1ec7 th\u1ed1ng \u0111i\u1ec1u khi\u1ec3n t\u1ef1 \u0111\u1ed9ng h\u00f3a ti\u00ean ti\u1ebfn, silo, b\u0103ng t\u1ea3i \u0111\u01b0\u1ee3c l\u1eafp \u0111\u1eb7t thi\u1ebft b\u1ecb \u0111i\u1ec1u khi\u1ec3n v\u00e0 x\u1ea3 t\u1ef1 \u0111\u1ed9ng, gi\u00fap gi\u1ea3m thao t\u00e1c th\u1ee7 c\u00f4ng v\u00e0 n\u00e2ng cao hi\u1ec7u qu\u1ea3 t\u00e1i ch\u1ebf.<\/li>    <li>L\u00e0m s\u1ea1ch hi\u1ec7u qu\u1ea3: D\u00e2y chuy\u1ec1n \u00e9p vi\u00ean r\u1eeda nh\u1ef1a \u00e1p d\u1ee5ng quy tr\u00ecnh l\u00e0m s\u1ea1ch nhi\u1ec1u giai \u0111o\u1ea1n, c\u00f3 th\u1ec3 lo\u1ea1i b\u1ecf hi\u1ec7u qu\u1ea3 b\u1ee5i b\u1ea9n, d\u1ea7u v\u00e0 c\u00e1c t\u1ea1p ch\u1ea5t kh\u00e1c tr\u00ean b\u1ec1 m\u1eb7t nh\u1ef1a th\u1ea3i v\u00e0 \u0111\u1ea3m b\u1ea3o \u0111\u1ed9 s\u1ea1ch v\u00e0 ch\u1ea5t l\u01b0\u1ee3ng c\u1ee7a nh\u1ef1a th\u1ea3i.<\/li>    <li>T\u00e1i ch\u1ebf n\u01b0\u1edbc: \u0110\u1ec3 gi\u1ea3m m\u1ee9c ti\u00eau th\u1ee5 t\u00e0i nguy\u00ean n\u01b0\u1edbc, d\u00e2y chuy\u1ec1n r\u1eeda m\u00e0ng nh\u1ef1a \u00e1p d\u1ee5ng h\u1ec7 th\u1ed1ng t\u00e1i ch\u1ebf n\u01b0\u1edbc \u0111\u1ec3 t\u00e1i ch\u1ebf n\u01b0\u1edbc trong qu\u00e1 tr\u00ecnh l\u00e0m s\u1ea1ch, gi\u00fap gi\u1ea3m l\u01b0\u1ee3ng n\u01b0\u1edbc ti\u00eau th\u1ee5.<\/li>    <li>\u0110i\u1ec1u ch\u1ec9nh linh ho\u1ea1t: D\u00e2y chuy\u1ec1n r\u1eeda v\u00e0 \u00e9p m\u00e0ng nh\u1ef1a th\u01b0\u1eddng c\u00f3 th\u1ec3 \u0111\u01b0\u1ee3c \u0111i\u1ec1u ch\u1ec9nh v\u00e0 t\u00f9y ch\u1ec9nh linh ho\u1ea1t theo nhu c\u1ea7u kh\u00e1c nhau c\u1ee7a kh\u00e1ch h\u00e0ng, m\u00e1y t\u00e1i ch\u1ebf c\u00f3 th\u1ec3 \u0111\u01b0\u1ee3c \u0111i\u1ec1u ch\u1ec9nh cho c\u00e1c lo\u1ea1i v\u00e0 th\u00f4ng s\u1ed1 k\u1ef9 thu\u1eadt kh\u00e1c nhau c\u1ee7a nh\u1ef1a th\u1ea3i.<\/li> <\/ul>    <h2 class=\"wp-block-heading\">H\u1ecfi v\u1ec1 t\u00e1i ch\u1ebf m\u00e0ng nh\u1ef1a<\/h2>    <p>N\u1ebfu b\u1ea1n quan t\u00e2m \u0111\u1ebfn m\u00e1y t\u00e1i ch\u1ebf m\u00e0ng nh\u1ef1a, h\u00e3y \u0111i\u1ec1n v\u00e0o bi\u1ec3u m\u1eabu \u1edf g\u00f3c d\u01b0\u1edbi b\u00ean ph\u1ea3i.<\/p>    <p>Ng\u01b0\u1eddi qu\u1ea3n l\u00fd d\u1ef1 \u00e1n c\u1ee7a ch\u00fang t\u00f4i s\u1ebd li\u00ean h\u1ec7 v\u1edbi b\u1ea1n trong th\u1eddi gian s\u1edbm nh\u1ea5t v\u00e0 g\u1eedi cho b\u1ea1n b\u00e1o gi\u00e1 m\u00e1y t\u00e1i ch\u1ebf.<\/p>","protected":false},"excerpt":{"rendered":"<p>Shuliy&#8217;s high-efficiency plastic film washing line is designed for post-consumer waste. It can process PE polyethylene (HDPE, LDPE, LLDPE) and PP polypropylene waste material, such as used irrigation pipes, garbage bags, woven sacks, bubble wraps and laminated (muti-layered films. This film recycling system is equipped with crushing, cleaning and drying devices while producing high-cleanness film [&hellip;]<\/p>\n","protected":false},"author":1,"featured_media":1404,"parent":0,"template":"","tags":[49],"product-type":[13],"class_list":["post-895","product","type-product","status-publish","has-post-thumbnail","hentry","tag-film","product-type-plastic-recycling-lines"],"taxonomy_info":{"post_tag":[{"value":49,"label":"film"}],"product-type":[{"value":13,"label":"Plastic Recycling Lines"}]},"featured_image_src_large":["https:\/\/plastic-machines.org\/wp-content\/uploads\/2023\/07\/plastic-film-washing-line-1.webp",720,540,false],"author_info":{"display_name":"Ella","author_link":"https:\/\/plastic-machines.org\/vi\/author\/admin\/"},"comment_info":"","_links":{"self":[{"href":"https:\/\/plastic-machines.org\/vi\/wp-json\/wp\/v2\/product\/895","targetHints":{"allow":["GET"]}}],"collection":[{"href":"https:\/\/plastic-machines.org\/vi\/wp-json\/wp\/v2\/product"}],"about":[{"href":"https:\/\/plastic-machines.org\/vi\/wp-json\/wp\/v2\/types\/product"}],"author":[{"embeddable":true,"href":"https:\/\/plastic-machines.org\/vi\/wp-json\/wp\/v2\/users\/1"}],"wp:featuredmedia":[{"embeddable":true,"href":"https:\/\/plastic-machines.org\/vi\/wp-json\/wp\/v2\/media\/1404"}],"wp:attachment":[{"href":"https:\/\/plastic-machines.org\/vi\/wp-json\/wp\/v2\/media?parent=895"}],"wp:term":[{"taxonomy":"post_tag","embeddable":true,"href":"https:\/\/plastic-machines.org\/vi\/wp-json\/wp\/v2\/tags?post=895"},{"taxonomy":"product-type","embeddable":true,"href":"https:\/\/plastic-machines.org\/vi\/wp-json\/wp\/v2\/product-type?post=895"}],"curies":[{"name":"wp","href":"https:\/\/api.w.org\/{rel}","templated":true}]}}