{"id":822,"date":"2023-07-24T15:09:57","date_gmt":"2023-07-24T07:09:57","guid":{"rendered":"https:\/\/plastic-machines.org\/?post_type=product&#038;p=822"},"modified":"2026-03-24T09:48:39","modified_gmt":"2026-03-24T01:48:39","slug":"pelletization-machine-for-rigid-plastic-recycling","status":"publish","type":"product","link":"https:\/\/plastic-machines.org\/vi\/product\/pelletization-machine-for-rigid-plastic-recycling\/","title":{"rendered":"M\u00e1y t\u1ea1o h\u1ea1t \u0111\u1ec3 t\u00e1i ch\u1ebf nh\u1ef1a c\u1ee9ng"},"content":{"rendered":"<div class=\"kk-star-ratings kksr-auto kksr-align-left kksr-valign-top\"     data-payload='{&quot;align&quot;:&quot;left&quot;,&quot;id&quot;:&quot;822&quot;,&quot;slug&quot;:&quot;default&quot;,&quot;valign&quot;:&quot;top&quot;,&quot;ignore&quot;:&quot;&quot;,&quot;reference&quot;:&quot;auto&quot;,&quot;class&quot;:&quot;&quot;,&quot;count&quot;:&quot;5&quot;,&quot;legendonly&quot;:&quot;&quot;,&quot;readonly&quot;:&quot;&quot;,&quot;score&quot;:&quot;5&quot;,&quot;starsonly&quot;:&quot;&quot;,&quot;best&quot;:&quot;5&quot;,&quot;gap&quot;:&quot;5&quot;,&quot;greet&quot;:&quot;Rate this product&quot;,&quot;legend&quot;:&quot;5\\\/5 - (5 b\u00ecnh ch\u1ecdn)&quot;,&quot;size&quot;:&quot;24&quot;,&quot;title&quot;:&quot;Pelletization Machine for Rigid Plastic Recycling&quot;,&quot;width&quot;:&quot;142.5&quot;,&quot;_legend&quot;:&quot;{score}\\\/{best} - ({count} {votes})&quot;,&quot;font_factor&quot;:&quot;1.25&quot;}'>              <div class=\"kksr-stars\">      <div class=\"kksr-stars-inactive\">             <div class=\"kksr-star\" data-star=\"1\" style=\"padding-right: 5px\">               <div class=\"kksr-icon\" style=\"width: 24px; height: 24px;\"><\/div>         <\/div>             <div class=\"kksr-star\" data-star=\"2\" style=\"padding-right: 5px\">               <div class=\"kksr-icon\" style=\"width: 24px; height: 24px;\"><\/div>         <\/div>             <div class=\"kksr-star\" data-star=\"3\" style=\"padding-right: 5px\">               <div class=\"kksr-icon\" style=\"width: 24px; height: 24px;\"><\/div>         <\/div>             <div class=\"kksr-star\" data-star=\"4\" style=\"padding-right: 5px\">               <div class=\"kksr-icon\" style=\"width: 24px; height: 24px;\"><\/div>         <\/div>             <div class=\"kksr-star\" data-star=\"5\" style=\"padding-right: 5px\">               <div class=\"kksr-icon\" style=\"width: 24px; height: 24px;\"><\/div>         <\/div>     <\/div>      <div class=\"kksr-stars-active\" style=\"width: 142.5px;\">             <div class=\"kksr-star\" style=\"padding-right: 5px\">               <div class=\"kksr-icon\" style=\"width: 24px; height: 24px;\"><\/div>         <\/div>             <div class=\"kksr-star\" style=\"padding-right: 5px\">               <div class=\"kksr-icon\" style=\"width: 24px; height: 24px;\"><\/div>         <\/div>             <div class=\"kksr-star\" style=\"padding-right: 5px\">               <div class=\"kksr-icon\" style=\"width: 24px; height: 24px;\"><\/div>         <\/div>             <div class=\"kksr-star\" style=\"padding-right: 5px\">               <div class=\"kksr-icon\" style=\"width: 24px; height: 24px;\"><\/div>         <\/div>             <div class=\"kksr-star\" style=\"padding-right: 5px\">               <div class=\"kksr-icon\" style=\"width: 24px; height: 24px;\"><\/div>         <\/div>     <\/div> <\/div>                   <div class=\"kksr-legend\" style=\"font-size: 19.2px;\">             5\/5 - (5 votes)    <\/div>     <\/div>  <p>M\u00e1y \u00e9p vi\u00ean Shuliy \u0111\u1ec3 t\u00e1i ch\u1ebf nh\u1ef1a c\u1ee9ng cung c\u1ea5p gi\u1ea3i ph\u00e1p d\u1ec5 d\u00e0ng v\u00e0 nhanh ch\u00f3ng cho c\u00e1c nh\u00e0 m\u00e1y t\u00e1i ch\u1ebf v\u00e0 nh\u00e0 s\u1ea3n xu\u1ea5t nh\u1ef1a. C\u00e1c lo\u1ea1i nh\u1ef1a c\u1ee9ng v\u00e0 b\u1ea9n nh\u01b0 chai s\u1eefa HDPE, chai d\u1ea7u g\u1ed9i, \u1ed1ng d\u1eabn, th\u00f9ng, th\u00f9ng phuy, \u0111\u1ed3 ch\u01a1i, thi\u1ebft b\u1ecb c\u1eaft h\u1ecfng do s\u1ea3n xu\u1ea5t, \u0111\u1ed3ng h\u1ed3 \u0111i\u1ec7n th\u1ea3i sinh ho\u1ea1t, v.v. s\u1ebd \u0111\u01b0\u1ee3c m\u1ed9t s\u1ed1 m\u00e1y m\u00f3c t\u00e1i ch\u1ebf nh\u1ef1a x\u1eed l\u00fd th\u00e0nh h\u1ea1t nh\u1ef1a nh\u1ecf v\u00e0 tr\u00f2n. S\u1ea3n ph\u1ea9m cu\u1ed1i c\u00f9ng l\u00e0 c\u00e1c h\u1ea1t ho\u00e0n to\u00e0n s\u1ea1ch c\u00f3 th\u1ec3 \u0111\u01b0\u1ee3c t\u00e1i s\u1eed d\u1ee5ng \u0111\u1ec3 s\u1ea3n xu\u1ea5t. M\u00e1y t\u00e1i ch\u1ebf nh\u1ef1a c\u1ee9ng c\u1ee7a ch\u00fang t\u00f4i c\u00f3 c\u00f4ng su\u1ea5t t\u1eeb \u200b\u200b100kg\/h \u0111\u1ebfn 500kg\/h.<\/p>    <h2 class=\"wp-block-heading\">Nguy\u00ean t\u1eafc t\u00e1i ch\u1ebf nh\u1ef1a c\u1ee9ng<\/h2>    <p>M\u00e1y t\u1ea1o h\u1ea1t nh\u1ef1a \u0111\u1ec3 t\u00e1i ch\u1ebf nh\u1ef1a ph\u00f9 h\u1ee3p \u0111\u1ec3 s\u1ea3n xu\u1ea5t PP, PE, PS, ABS, PA, PVC, PC, POM v\u00e0 c\u00e1c lo\u1ea1i t\u00e1i ch\u1ebf nh\u1ef1a kh\u00e1c. Sau khi nh\u1ef1a \u0111i v\u00e0o v\u00edt t\u1eeb ph\u1ec5u, nh\u1ef1a \u0111\u01b0\u1ee3c v\u1eadn chuy\u1ec3n v\u1ec1 ph\u00eda tr\u01b0\u1edbc d\u01b0\u1edbi t\u00e1c \u0111\u1ed9ng c\u1ee7a v\u00edt quay v\u00e0 nh\u1ef1a r\u1eafn r\u1eddi b\u1eaft \u0111\u1ea7u \u0111\u01b0\u1ee3c n\u00e9n l\u1ea1i.<\/p>    <p>\u0110\u1ed3ng th\u1eddi, d\u01b0\u1edbi t\u00e1c d\u1ee5ng c\u1ee7a v\u00f2ng gia nhi\u1ec7t b\u00ean ngo\u00e0i th\u00f9ng v\u00e0 ma s\u00e1t kh\u00f4ng \u0111\u1ed5i gi\u1eefa tr\u1ee5c v\u00edt v\u00e0 v\u1eadt li\u1ec7u b\u00ean trong th\u00f9ng, nhi\u1ec7t \u0111\u1ed9 c\u1ee7a nh\u1ef1a t\u0103ng l\u00ean li\u00ean t\u1ee5c v\u00e0 cu\u1ed1i c\u00f9ng, khi nhi\u1ec7t \u0111\u1ed9 c\u1ee7a nh\u1ef1a \u0111\u1ea1t \u0111\u1ebfn \u0111i\u1ec3m n\u00f3ng ch\u1ea3y. , n\u00f3 b\u1eaft \u0111\u1ea7u tan ch\u1ea3y.<\/p>    <p>\u1ede cu\u1ed1i ph\u1ea7n n\u00e9n, t\u1ea5t c\u1ea3 c\u00e1c v\u1eadt li\u1ec7u \u0111\u01b0\u1ee3c chuy\u1ec3n sang tr\u1ea1ng th\u00e1i ch\u1ea3y nh\u1edbt, nh\u01b0ng l\u00fac n\u00e0y nhi\u1ec7t \u0111\u1ed9 c\u1ee7a t\u1eebng \u0111i\u1ec3m v\u1eabn ch\u01b0a \u0111\u1ed3ng \u0111\u1ec1u, sau ph\u1ea7n \u0111\u1ed3ng nh\u1ea5t h\u00f3a, vai tr\u00f2 c\u1ee7a s\u1ef1 \u0111\u1ed3ng nh\u1ea5t h\u00f3a tr\u1edf n\u00ean \u0111\u1ed3ng nh\u1ea5t h\u01a1n, v\u00e0 sau \u0111\u00f3 tr\u1ee5c v\u00edt s\u1ebd l\u00e0 v\u1eadt li\u1ec7u n\u00f3ng ch\u1ea3y \u0111\u1ecbnh l\u01b0\u1ee3ng, \u00e9p \u0111\u00f9n \u1edf nhi\u1ec7t \u0111\u1ed9 c\u1ed1 \u0111\u1ecbnh, \u00e1p su\u1ea5t c\u1ed1 \u0111\u1ecbnh v\u00e0o \u0111\u1ea7u.<\/p>    <p>\u0110\u1ea7u c\u1ee7a khu\u00f4n khu\u00f4n l\u00e0 m\u1ed9t b\u1ed9 ph\u1eadn \u0111\u00fac, v\u1eadt li\u1ec7u xuy\u00ean qua n\u00f3 v\u00e0 c\u00f3 k\u00edch th\u01b0\u1edbc c\u1ed1 \u0111\u1ecbnh c\u1ee7a d\u1ea3i nh\u1ef1a, sau qu\u00e1 tr\u00ecnh l\u00e0m m\u00e1t v\u00e0 c\u1eaft, b\u1ea1n c\u00f3 th\u1ec3 thu \u0111\u01b0\u1ee3c c\u00e1c h\u1ea1t t\u00e1i ch\u1ebf nh\u1ef1a \u0111\u00fac.<\/p>    <figure class=\"wp-block-gallery has-nested-images columns-default is-cropped wp-block-gallery-2 is-layout-flex wp-block-gallery-is-layout-flex\"> <figure class=\"wp-block-image size-large\"><img loading=\"lazy\" decoding=\"async\" width=\"720\" height=\"540\" data-id=\"894\" src=\"https:\/\/plastic-machines.org\/wp-content\/uploads\/2023\/07\/heating-device-2.webp\" alt=\"v\u00f2ng s\u01b0\u1edfi \u1ea5m m\u00e1y \u00e9p vi\u00ean\" class=\"wp-image-894\" srcset=\"https:\/\/plastic-machines.org\/wp-content\/uploads\/2023\/07\/heating-device-2.webp 720w, https:\/\/plastic-machines.org\/wp-content\/uploads\/2023\/07\/heating-device-2-300x225.webp 300w\" sizes=\"auto, (max-width: 720px) 100vw, 720px\" \/><figcaption class=\"wp-element-caption\">v\u00f2ng s\u01b0\u1edfi \u1ea5m<\/figcaption><\/figure>    <figure class=\"wp-block-image size-large\"><img loading=\"lazy\" decoding=\"async\" width=\"720\" height=\"540\" data-id=\"893\" src=\"https:\/\/plastic-machines.org\/wp-content\/uploads\/2023\/07\/die-head-of-plastic-pelletizer-machine.webp\" alt=\"\u0111\u1ea7u khu\u00f4n m\u00e1y \u00e9p vi\u00ean\" class=\"wp-image-893\" srcset=\"https:\/\/plastic-machines.org\/wp-content\/uploads\/2023\/07\/die-head-of-plastic-pelletizer-machine.webp 720w, https:\/\/plastic-machines.org\/wp-content\/uploads\/2023\/07\/die-head-of-plastic-pelletizer-machine-300x225.webp 300w\" sizes=\"auto, (max-width: 720px) 100vw, 720px\" \/><figcaption class=\"wp-element-caption\">\u0111\u1ea7u ch\u1ebft<\/figcaption><\/figure> <\/figure>    <h2 class=\"wp-block-heading\">C\u00e1c t\u00ednh n\u0103ng c\u1ee7a m\u00e1y \u00e9p \u0111\u00f9n nh\u1ef1a c\u1ee9ng<\/h2>    <ul class=\"wp-block-list\"> <li>M\u00e1y \u00e9p \u0111\u00f9n nh\u1ef1a c\u1ee9ng c\u1ee7a ch\u00fang t\u00f4i \u0111\u01b0\u1ee3c thi\u1ebft k\u1ebf h\u1ee3p l\u00fd, c\u00f3 m\u1ee9c \u0111\u1ed9 t\u1ef1 \u0111\u1ed9ng h\u00f3a cao, ch\u1ea5t l\u01b0\u1ee3ng s\u1ea3n ph\u1ea9m t\u1ed1t, k\u00edch th\u01b0\u1edbc h\u1ea1t \u0111\u1ed3ng \u0111\u1ec1u v\u00e0 m\u00e0u s\u1eafc tinh khi\u1ebft, \u0111\u00e1p \u1ee9ng y\u00eau c\u1ea7u c\u1ee7a th\u1ecb tr\u01b0\u1eddng qu\u1ed1c t\u1ebf.<\/li>    <li>B\u00ean ngo\u00e0i m\u00e1y \u00e9p vi\u00ean nh\u1ef1a s\u1eed d\u1ee5ng t\u1ea5m ch\u1eafn an to\u00e0n \u0111\u01b0\u1ee3c bao b\u1ecdc ho\u00e0n to\u00e0n, m\u1ed9t l\u00e0 tr\u00e1nh ng\u01b0\u1eddi v\u1eadn h\u00e0nh do nhi\u1ec7t \u0111\u1ed9 cao v\u00e0 b\u1ecfng, ngo\u00e0i vi\u1ec7c tr\u00e1nh v\u1ea5n \u0111\u1ec1 r\u00f2 r\u1ec9 \u0111i\u1ec7n m\u00e0 c\u00f2n c\u00f3 vai tr\u00f2 b\u1ea3o qu\u1ea3n nhi\u1ec7t.<\/li>    <li>M\u00e1y t\u1ea1o h\u1ea1t s\u1eed d\u1ee5ng \u0111\u1ed9ng c\u01a1 ch\u1ea5t l\u01b0\u1ee3ng t\u1ed1t nh\u1ea5t, trong \u0111\u00f3 \u0111\u1ed9ng c\u01a1 ho\u1ea1t \u0111\u1ed9ng \u1edf t\u1ed1c \u0111\u1ed9 cao c\u1ee7a m\u00e1y t\u1ea1o h\u1ea1t l\u00e0 d\u1ec5 g\u1eb7p s\u1ef1 c\u1ed1 nh\u1ea5t, ch\u00fang t\u00f4i s\u1eed d\u1ee5ng \u0111\u1ed9ng c\u01a1 ch\u1ea5t l\u01b0\u1ee3ng t\u1ed1t nh\u1ea5t c\u1ee7a Trung Qu\u1ed1c, \u0111\u1ec3 \u0111\u1ea3m b\u1ea3o r\u1eb1ng m\u00e1y t\u1ea1o h\u1ea1t c\u00f3 th\u1ec3 ho\u1ea1t \u0111\u1ed9ng l\u00e2u d\u00e0i v\u00e0 tr\u01a1n tru.<\/li>    <li>L\u00e0 ng\u01b0\u1eddi s\u00e1ng l\u1eadp nh\u00e0 m\u00e1y s\u1ea3n xu\u1ea5t h\u1ea1t nh\u1ef1a t\u00e1i ch\u1ebf, r\u1ee7i ro l\u00e0 nh\u1ecf, quy m\u00f4 \u0111\u1ea7u t\u01b0 c\u00f3 th\u1ec3 l\u1edbn, c\u1eeda v\u00e0o c\u0169ng th\u1ea5p. Nh\u00e0 \u0111\u1ea7u t\u01b0 c\u00f3 th\u1ec3 b\u1eaft \u0111\u1ea7u t\u1eeb m\u1ed9t<strong><a href=\"https:\/\/plastic-machines.org\/vi\/product\/plastic-recycling-granulating-line\/\"> d\u00e2y chuy\u1ec1n t\u00e1i ch\u1ebf h\u1ea1t nh\u1ef1a<\/a><\/strong>, \u0111\u1ed3ng th\u1eddi kh\u1edfi \u0111\u1ed9ng m\u1ed9t s\u1ed1 b\u1ed9 m\u00e1y m\u00f3c t\u00e1i ch\u1ebf.<\/li> <\/ul>    <h2 class=\"wp-block-heading\">B\u1ea3o h\u00e0nh v\u00e0 d\u1ecbch v\u1ee5 c\u1ee7a m\u00e1y \u00e9p vi\u00ean c\u1ee9ng  <\/h2>    <p>M\u1ed7i m\u00e1y t\u00e1i ch\u1ebf \u0111\u1ec1u c\u00f3 ch\u1ebf \u0111\u1ed9 b\u1ea3o h\u00e0nh c\u00f3 gi\u1edbi h\u1ea1n. T\u1eadp \u0111o\u00e0n Shuliy cung c\u1ea5p 12 th\u00e1ng cho m\u00e1y t\u1ea1o h\u1ea1t nh\u1ef1a c\u1ee7a ch\u00fang t\u00f4i \u0111\u1ec3 t\u00e1i ch\u1ebf nh\u1ef1a. Ch\u00fang t\u00f4i c\u0169ng cung c\u1ea5p d\u1ecbch v\u1ee5 l\u1eafp \u0111\u1eb7t t\u1ea1i ch\u1ed7, ng\u01b0\u1eddi qu\u1ea3n l\u00fd d\u1ef1 \u00e1n c\u1ee7a ch\u00fang t\u00f4i s\u1ebd \u0111\u1ebfn qu\u1ed1c gia c\u1ee7a b\u1ea1n v\u00e0 gi\u00fap b\u1ea1n l\u1eafp \u0111\u1eb7t m\u00e1y.<\/p>    <figure class=\"wp-block-image size-full\"><img loading=\"lazy\" decoding=\"async\" width=\"720\" height=\"540\" src=\"https:\/\/plastic-machines.org\/wp-content\/uploads\/2023\/01\/plastic-pelletizing-plant-21.webp\" alt=\"m\u00e1y m\u00f3c t\u00e1i ch\u1ebf nh\u1ef1a \u0111\u01b0\u1ee3c l\u1eafp \u0111\u1eb7t \u1edf \u1ea2 R\u1eadp Saudi\" class=\"wp-image-697\" srcset=\"https:\/\/plastic-machines.org\/wp-content\/uploads\/2023\/01\/plastic-pelletizing-plant-21.webp 720w, https:\/\/plastic-machines.org\/wp-content\/uploads\/2023\/01\/plastic-pelletizing-plant-21-300x225.webp 300w\" sizes=\"auto, (max-width: 720px) 100vw, 720px\" \/><figcaption class=\"wp-element-caption\">m\u00e1y m\u00f3c t\u00e1i ch\u1ebf nh\u1ef1a \u0111\u01b0\u1ee3c l\u1eafp \u0111\u1eb7t \u1edf \u1ea2 R\u1eadp Saudi<\/figcaption><\/figure>    <h2 class=\"wp-block-heading\">H\u00ecnh \u1ea3nh b\u1ed5 sung c\u1ee7a m\u00e1y vi\u00ean<\/h2>    <figure class=\"wp-block-image size-full\"><img loading=\"lazy\" decoding=\"async\" width=\"720\" height=\"540\" src=\"https:\/\/plastic-machines.org\/wp-content\/uploads\/2023\/07\/Plastic-pelletizing-machine-2.webp\" alt=\"m\u00e1y t\u1ea1o h\u1ea1t nh\u1ef1a hai giai \u0111o\u1ea1n \" class=\"wp-image-890\" srcset=\"https:\/\/plastic-machines.org\/wp-content\/uploads\/2023\/07\/Plastic-pelletizing-machine-2.webp 720w, https:\/\/plastic-machines.org\/wp-content\/uploads\/2023\/07\/Plastic-pelletizing-machine-2-300x225.webp 300w\" sizes=\"auto, (max-width: 720px) 100vw, 720px\" \/><\/figure>    <figure class=\"wp-block-image size-full\"><img loading=\"lazy\" decoding=\"async\" width=\"720\" height=\"540\" src=\"https:\/\/plastic-machines.org\/wp-content\/uploads\/2023\/07\/plastic-granulator-2.webp\" alt=\"m\u00e1y \u00e9p vi\u00ean\" class=\"wp-image-878\" srcset=\"https:\/\/plastic-machines.org\/wp-content\/uploads\/2023\/07\/plastic-granulator-2.webp 720w, https:\/\/plastic-machines.org\/wp-content\/uploads\/2023\/07\/plastic-granulator-2-300x225.webp 300w\" sizes=\"auto, (max-width: 720px) 100vw, 720px\" \/><\/figure>    <figure class=\"wp-block-image size-full\"><img loading=\"lazy\" decoding=\"async\" width=\"720\" height=\"540\" src=\"https:\/\/plastic-machines.org\/wp-content\/uploads\/2023\/07\/hdpe-granules-making-machine-2.webp\" alt=\"m\u00e1y \u00e9p vi\u00ean v\u1edbi h\u1ec7 th\u1ed1ng l\u00e0m m\u00e1t v\u00e0 c\u1eaft\" class=\"wp-image-859\" srcset=\"https:\/\/plastic-machines.org\/wp-content\/uploads\/2023\/07\/hdpe-granules-making-machine-2.webp 720w, https:\/\/plastic-machines.org\/wp-content\/uploads\/2023\/07\/hdpe-granules-making-machine-2-300x225.webp 300w\" sizes=\"auto, (max-width: 720px) 100vw, 720px\" \/><figcaption class=\"wp-element-caption\">m\u00e1y \u00e9p \u0111\u00f9n \u0111\u1ec3 t\u00e1i ch\u1ebf nh\u1ef1a c\u1ee9ng<\/figcaption><\/figure>    <h2 class=\"wp-block-heading\">Y\u00eau c\u1ea7u v\u1ec1 m\u00e1y vi\u00ean nh\u1ef1a c\u1ee9ng<\/h2>    <p>\u0110\u1ec3 nh\u1eadn gi\u00e1 c\u1ea3 v\u00e0 th\u1eddi gian giao h\u00e0ng gi\u1edbi h\u1ea1n c\u1ee7a m\u00e1y vi\u00ean, h\u00e3y g\u1eedi tin nh\u1eafn cho ch\u00fang t\u00f4i b\u1eb1ng c\u00e1ch s\u1eed d\u1ee5ng bi\u1ec3u m\u1eabu \u1edf g\u00f3c d\u01b0\u1edbi b\u00ean ph\u1ea3i.<\/p>    <p class=\"translation-block\">Qu\u1ea3n l\u00fd b\u00e1n h\u00e0ng chuy\u00ean nghi\u1ec7p c\u1ee7a ch\u00fang t\u00f4i s\u1ebd vui l\u00f2ng g\u1eedi cho b\u1ea1n chi ti\u1ebft v\u1ec1 m\u00e1y m\u00f3c t\u00e1i ch\u1ebf s\u1edbm. Bi\u1ebft th\u00eam v\u1ec1 c\u00e1c m\u00e1y m\u00f3c \u0111\u1ec3 t\u00e1i ch\u1ebf nh\u1ef1a: <a href=\"https:\/\/plastic-machines.org\/vi\/info\/what-machines-are-used-to-recycle-plastic\/\">M\u00e1y m\u00f3c \u0111\u01b0\u1ee3c s\u1eed d\u1ee5ng \u0111\u1ec3 t\u00e1i ch\u1ebf nh\u1ef1a<\/a><\/p>","protected":false},"excerpt":{"rendered":"<p>Shuliy pelletization machine for rigid plastic recycling offers an easy and quick solution for recycling plants and plastic producers. The dirty rigid plastic like HDPE milk bottles, shampoo bottles, pipes, barrels, drums, toys, defective production cut-offs, waste residential electric meters, etc., they will be processed to small and round plastic granules by some plastic recycling [&hellip;]<\/p>\n","protected":false},"author":1,"featured_media":891,"parent":0,"template":"","tags":[51],"product-type":[9],"class_list":["post-822","product","type-product","status-publish","has-post-thumbnail","hentry","tag-rigid","product-type-plastic-pelletizer"],"taxonomy_info":{"post_tag":[{"value":51,"label":"rigid"}],"product-type":[{"value":9,"label":"Plastic Pelletizer"}]},"featured_image_src_large":["https:\/\/plastic-machines.org\/wp-content\/uploads\/2023\/07\/Plastic-pelletizing-machine.webp",720,540,false],"author_info":{"display_name":"Ella","author_link":"https:\/\/plastic-machines.org\/vi\/author\/admin\/"},"comment_info":"","_links":{"self":[{"href":"https:\/\/plastic-machines.org\/vi\/wp-json\/wp\/v2\/product\/822","targetHints":{"allow":["GET"]}}],"collection":[{"href":"https:\/\/plastic-machines.org\/vi\/wp-json\/wp\/v2\/product"}],"about":[{"href":"https:\/\/plastic-machines.org\/vi\/wp-json\/wp\/v2\/types\/product"}],"author":[{"embeddable":true,"href":"https:\/\/plastic-machines.org\/vi\/wp-json\/wp\/v2\/users\/1"}],"wp:featuredmedia":[{"embeddable":true,"href":"https:\/\/plastic-machines.org\/vi\/wp-json\/wp\/v2\/media\/891"}],"wp:attachment":[{"href":"https:\/\/plastic-machines.org\/vi\/wp-json\/wp\/v2\/media?parent=822"}],"wp:term":[{"taxonomy":"post_tag","embeddable":true,"href":"https:\/\/plastic-machines.org\/vi\/wp-json\/wp\/v2\/tags?post=822"},{"taxonomy":"product-type","embeddable":true,"href":"https:\/\/plastic-machines.org\/vi\/wp-json\/wp\/v2\/product-type?post=822"}],"curies":[{"name":"wp","href":"https:\/\/api.w.org\/{rel}","templated":true}]}}