{"id":725,"date":"2023-05-15T14:18:41","date_gmt":"2023-05-15T06:18:41","guid":{"rendered":"https:\/\/plastic-machines.org\/?post_type=product&#038;p=725"},"modified":"2026-03-24T09:51:05","modified_gmt":"2026-03-24T01:51:05","slug":"plastic-granule-cutter","status":"publish","type":"product","link":"https:\/\/plastic-machines.org\/vi\/product\/plastic-granule-cutter\/","title":{"rendered":"M\u00e1y c\u1eaft h\u1ea1t nh\u1ef1a \u0111\u1ec3 t\u1ea1o h\u1ea1t d\u1ea1ng s\u1ee3i"},"content":{"rendered":"<div class=\"kk-star-ratings kksr-auto kksr-align-left kksr-valign-top\"     data-payload='{&quot;align&quot;:&quot;left&quot;,&quot;id&quot;:&quot;725&quot;,&quot;slug&quot;:&quot;default&quot;,&quot;valign&quot;:&quot;top&quot;,&quot;ignore&quot;:&quot;&quot;,&quot;reference&quot;:&quot;auto&quot;,&quot;class&quot;:&quot;&quot;,&quot;count&quot;:&quot;2&quot;,&quot;legendonly&quot;:&quot;&quot;,&quot;readonly&quot;:&quot;&quot;,&quot;score&quot;:&quot;4.5&quot;,&quot;starsonly&quot;:&quot;&quot;,&quot;best&quot;:&quot;5&quot;,&quot;gap&quot;:&quot;5&quot;,&quot;greet&quot;:&quot;Rate this product&quot;,&quot;legend&quot;:&quot;4.5\\\/5 - (2 b\u00ecnh ch\u1ecdn)&quot;,&quot;size&quot;:&quot;24&quot;,&quot;title&quot;:&quot;Plastic Granule Cutter for Strand Pelletizing&quot;,&quot;width&quot;:&quot;128&quot;,&quot;_legend&quot;:&quot;{score}\\\/{best} - ({count} {votes})&quot;,&quot;font_factor&quot;:&quot;1.25&quot;}'>              <div class=\"kksr-stars\">      <div class=\"kksr-stars-inactive\">             <div class=\"kksr-star\" data-star=\"1\" style=\"padding-right: 5px\">               <div class=\"kksr-icon\" style=\"width: 24px; height: 24px;\"><\/div>         <\/div>             <div class=\"kksr-star\" data-star=\"2\" style=\"padding-right: 5px\">               <div class=\"kksr-icon\" style=\"width: 24px; height: 24px;\"><\/div>         <\/div>             <div class=\"kksr-star\" data-star=\"3\" style=\"padding-right: 5px\">               <div class=\"kksr-icon\" style=\"width: 24px; height: 24px;\"><\/div>         <\/div>             <div class=\"kksr-star\" data-star=\"4\" style=\"padding-right: 5px\">               <div class=\"kksr-icon\" style=\"width: 24px; height: 24px;\"><\/div>         <\/div>             <div class=\"kksr-star\" data-star=\"5\" style=\"padding-right: 5px\">               <div class=\"kksr-icon\" style=\"width: 24px; height: 24px;\"><\/div>         <\/div>     <\/div>      <div class=\"kksr-stars-active\" style=\"width: 128px;\">             <div class=\"kksr-star\" style=\"padding-right: 5px\">               <div class=\"kksr-icon\" style=\"width: 24px; height: 24px;\"><\/div>         <\/div>             <div class=\"kksr-star\" style=\"padding-right: 5px\">               <div class=\"kksr-icon\" style=\"width: 24px; height: 24px;\"><\/div>         <\/div>             <div class=\"kksr-star\" style=\"padding-right: 5px\">               <div class=\"kksr-icon\" style=\"width: 24px; height: 24px;\"><\/div>         <\/div>             <div class=\"kksr-star\" style=\"padding-right: 5px\">               <div class=\"kksr-icon\" style=\"width: 24px; height: 24px;\"><\/div>         <\/div>             <div class=\"kksr-star\" style=\"padding-right: 5px\">               <div class=\"kksr-icon\" style=\"width: 24px; height: 24px;\"><\/div>         <\/div>     <\/div> <\/div>                   <div class=\"kksr-legend\" style=\"font-size: 19.2px;\">             4.5\/5 - (2 \u0111\u00e1nh gi\u00e1)    <\/div>     <\/div>  <p>M\u00e1y c\u1eaft h\u1ea1t nh\u1ef1a l\u00e0 m\u00e1y ph\u1ee5 tr\u1ee3 kh\u00f4ng th\u1ec3 thi\u1ebfu cho d\u00e2y chuy\u1ec1n t\u1ea1o h\u1ea1t nh\u1ef1a. M\u00e1y c\u1eaft h\u1ea1t nh\u1ef1a Shuliy \u0111\u00e3 \u0111\u01b0\u1ee3c xu\u1ea5t kh\u1ea9u sang nhi\u1ec1u n\u01b0\u1edbc tr\u00ean th\u1ebf gi\u1edbi \u0111\u1ec3 h\u1ed7 tr\u1ee3 c\u00e1c doanh nghi\u1ec7p t\u00e1i ch\u1ebf nh\u1ef1a c\u1ee7a h\u1ecd. C\u00e1c h\u1ea1t nh\u1ef1a cu\u1ed1i c\u00f9ng c\u00f3 ch\u1ea5t l\u01b0\u1ee3ng cao v\u00e0 mang l\u1ea1i l\u1ee3i nhu\u1eadn cao, mang l\u1ea1i cho kh\u00e1ch h\u00e0ng l\u1ee3i nhu\u1eadn kinh t\u1ebf r\u1ea5t l\u1edbn.<\/p>   <div class=\"wp-block-image\"> <figure class=\"aligncenter size-full\"><img loading=\"lazy\" decoding=\"async\" width=\"720\" height=\"540\" src=\"https:\/\/plastic-machines.org\/wp-content\/uploads\/2023\/05\/plastic-dana-cutter-.webp\" alt=\"m\u00e1y c\u1eaft dana nh\u1ef1a\" class=\"wp-image-733\" srcset=\"https:\/\/plastic-machines.org\/wp-content\/uploads\/2023\/05\/plastic-dana-cutter-.webp 720w, https:\/\/plastic-machines.org\/wp-content\/uploads\/2023\/05\/plastic-dana-cutter--300x225.webp 300w\" sizes=\"auto, (max-width: 720px) 100vw, 720px\" \/><figcaption class=\"wp-element-caption\">m\u00e1y c\u1eaft dana nh\u1ef1a<\/figcaption><\/figure> <\/div>   <h2 class=\"wp-block-heading\">Gi\u1edbi thi\u1ec7u m\u00e1y c\u1eaft h\u1ea1t nh\u1ef1a<\/h2>    <p>M\u00e1y c\u1eaft h\u1ea1t nh\u1ef1a \u0111\u01b0\u1ee3c s\u1eed d\u1ee5ng trong d\u00e2y chuy\u1ec1n s\u1ea3n xu\u1ea5t vi\u00ean nh\u1ef1a, c\u1eaft nh\u1ef1a ho\u00e0n h\u1ea3o \u1edf cu\u1ed1i d\u00e2y chuy\u1ec1n. M\u00e1y c\u1eaft h\u1ea1t ph\u00f9 h\u1ee3p v\u1edbi PP, PE, HDPE, LDPE, ABS, PVC v\u00e0 c\u00e1c lo\u1ea1i nh\u1ef1a kh\u00e1c. D\u1ea3i nh\u1ef1a d\u00e0i s\u1ebd \u0111\u01b0\u1ee3c c\u1eaft b\u1eb1ng l\u01b0\u1ee1i dao quay v\u00e0 l\u01b0\u1ee1i dao c\u1ed1 \u0111\u1ecbnh. Sau \u0111\u00f3, c\u00e1c m\u1ea3nh nh\u1ef1a th\u1ea3i l\u1edbn s\u1ebd \u0111\u01b0\u1ee3c c\u1eaft th\u00e0nh vi\u00ean nh\u1ecf \u0111\u1ec3 x\u1eed l\u00fd ti\u1ebfp theo ho\u1eb7c t\u00e1i s\u1eed d\u1ee5ng. B\u1ea1n c\u00f3 th\u1ec3 ch\u1ecdn nhi\u1ec1u m\u1eabu kh\u00e1c nhau v\u1edbi c\u00e1c \u0111i\u1ec7n \u00e1p kh\u00e1c nhau, c\u0169ng c\u00f3 th\u1ec3 t\u00f9y ch\u1ec9nh.<\/p>    <h2 class=\"wp-block-heading\">M\u00e0n h\u00ecnh m\u00e1y c\u1eaft dana nh\u1ef1a<\/h2>    <figure class=\"wp-block-gallery has-nested-images columns-default is-cropped wp-block-gallery-2 is-layout-flex wp-block-gallery-is-layout-flex\"> <figure class=\"wp-block-image size-large\"><img loading=\"lazy\" decoding=\"async\" width=\"720\" height=\"540\" data-id=\"731\" src=\"https:\/\/plastic-machines.org\/wp-content\/uploads\/2023\/05\/Plastic-granule-cutter-21.webp\" alt=\"M\u00e1y c\u1eaft h\u1ea1t nh\u1ef1a \" class=\"wp-image-731\" srcset=\"https:\/\/plastic-machines.org\/wp-content\/uploads\/2023\/05\/Plastic-granule-cutter-21.webp 720w, https:\/\/plastic-machines.org\/wp-content\/uploads\/2023\/05\/Plastic-granule-cutter-21-300x225.webp 300w\" sizes=\"auto, (max-width: 720px) 100vw, 720px\" \/><figcaption class=\"wp-element-caption\">M\u00e1y c\u1eaft h\u1ea1t nh\u1ef1a <\/figcaption><\/figure>    <figure class=\"wp-block-image size-large\"><img loading=\"lazy\" decoding=\"async\" width=\"720\" height=\"540\" data-id=\"728\" src=\"https:\/\/plastic-machines.org\/wp-content\/uploads\/2023\/05\/plastic-granule-cutter-machine1.webp\" alt=\"m\u00e1y c\u1eaft h\u1ea1t nh\u1ef1a\" class=\"wp-image-728\" srcset=\"https:\/\/plastic-machines.org\/wp-content\/uploads\/2023\/05\/plastic-granule-cutter-machine1.webp 720w, https:\/\/plastic-machines.org\/wp-content\/uploads\/2023\/05\/plastic-granule-cutter-machine1-300x225.webp 300w\" sizes=\"auto, (max-width: 720px) 100vw, 720px\" \/><figcaption class=\"wp-element-caption\">m\u00e1y c\u1eaft h\u1ea1t nh\u1ef1a<\/figcaption><\/figure> <\/figure>    <figure class=\"wp-block-gallery has-nested-images columns-default is-cropped wp-block-gallery-3 is-layout-flex wp-block-gallery-is-layout-flex\"> <figure class=\"wp-block-image size-large\"><img loading=\"lazy\" decoding=\"async\" width=\"720\" height=\"540\" data-id=\"732\" src=\"https:\/\/plastic-machines.org\/wp-content\/uploads\/2023\/05\/Plastic-granule-cutter-1.webp\" alt=\"m\u00e1y c\u1eaft h\u1ea1t nh\u1ef1a\" class=\"wp-image-732\" srcset=\"https:\/\/plastic-machines.org\/wp-content\/uploads\/2023\/05\/Plastic-granule-cutter-1.webp 720w, https:\/\/plastic-machines.org\/wp-content\/uploads\/2023\/05\/Plastic-granule-cutter-1-300x225.webp 300w\" sizes=\"auto, (max-width: 720px) 100vw, 720px\" \/><figcaption class=\"wp-element-caption\">m\u00e1y c\u1eaft h\u1ea1t nh\u1ef1a<\/figcaption><\/figure>    <figure class=\"wp-block-image size-large\"><img loading=\"lazy\" decoding=\"async\" width=\"720\" height=\"540\" data-id=\"729\" src=\"https:\/\/plastic-machines.org\/wp-content\/uploads\/2023\/05\/Plastic-Strip-Cutting-Machine1.webp\" alt=\"m\u00e1y c\u1eaft d\u1ea3i nh\u1ef1a\" class=\"wp-image-729\" srcset=\"https:\/\/plastic-machines.org\/wp-content\/uploads\/2023\/05\/Plastic-Strip-Cutting-Machine1.webp 720w, https:\/\/plastic-machines.org\/wp-content\/uploads\/2023\/05\/Plastic-Strip-Cutting-Machine1-300x225.webp 300w\" sizes=\"auto, (max-width: 720px) 100vw, 720px\" \/><figcaption class=\"wp-element-caption\">m\u00e1y c\u1eaft d\u1ea3i nh\u1ef1a<\/figcaption><\/figure> <\/figure>    <h2 class=\"wp-block-heading\">\u0110\u1eb7c \u0111i\u1ec3m c\u1ee7a m\u00e1y c\u1eaft h\u1ea1t nh\u1ef1a<\/h2>    <ul class=\"wp-block-list\"> <li>Hi\u1ec7u su\u1ea5t cao: M\u00e1y c\u1eaft d\u1ea3i nh\u1ef1a s\u1eed d\u1ee5ng l\u01b0\u1ee1i quay t\u1ed1c \u0111\u1ed9 cao, c\u00f3 th\u1ec3 c\u1eaft v\u1eadt li\u1ec7u nh\u1ef1a nhanh ch\u00f3ng v\u00e0 \u0111\u1ea1t hi\u1ec7u qu\u1ea3 c\u1eaft cao.<\/li>    <li>M\u1ee9c \u0111\u1ed9 t\u1ef1 \u0111\u1ed9ng h\u00f3a cao: m\u00e1y c\u1eaft vi\u00ean nh\u1ef1a th\u01b0\u1eddng c\u00f3 h\u1ec7 th\u1ed1ng \u0111i\u1ec1u khi\u1ec3n t\u1ef1 \u0111\u1ed9ng, c\u00f3 th\u1ec3 t\u1ef1 \u0111\u1ed9ng ho\u00e0n t\u1ea5t qu\u00e1 tr\u00ecnh c\u1ea5p li\u1ec7u, c\u1eaft v\u00e0 x\u1ea3, gi\u1ea3m s\u1ef1 can thi\u1ec7p th\u1ee7 c\u00f4ng v\u00e0 n\u00e2ng cao hi\u1ec7u qu\u1ea3 s\u1ea3n xu\u1ea5t.<\/li>    <li>K\u00edch th\u01b0\u1edbc c\u1eaft c\u00f3 th\u1ec3 \u0111i\u1ec1u ch\u1ec9nh: Kho\u1ea3ng c\u00e1ch l\u01b0\u1ee1i dao v\u00e0 g\u00f3c l\u01b0\u1ee1i c\u1ee7a m\u00e1y c\u1eaft d\u1ea3i nh\u1ef1a c\u00f3 th\u1ec3 \u0111\u01b0\u1ee3c \u0111i\u1ec1u ch\u1ec9nh \u0111\u1ec3 \u0111\u1ea1t \u0111\u01b0\u1ee3c hi\u1ec7u qu\u1ea3 c\u1eaft k\u00edch th\u01b0\u1edbc kh\u00e1c nhau nh\u1eb1m \u0111\u00e1p \u1ee9ng nhu c\u1ea7u c\u1ee7a c\u00e1c kh\u00e1ch h\u00e0ng kh\u00e1c nhau.<\/li>    <li>\u0110\u1ed9 an to\u00e0n cao: M\u00e1y c\u1eaft h\u1ea1t nh\u1ef1a th\u01b0\u1eddng c\u00f3 nhi\u1ec1u bi\u1ec7n ph\u00e1p b\u1ea3o v\u1ec7 an to\u00e0n nh\u01b0 b\u1ea3o v\u1ec7 qu\u00e1 t\u1ea3i, d\u1eebng kh\u1ea9n c\u1ea5p, v.v. \u0111\u1ec3 \u0111\u1ea3m b\u1ea3o an to\u00e0n cho ng\u01b0\u1eddi v\u1eadn h\u00e0nh nh\u00e0 m\u00e1y t\u00e1i ch\u1ebf nh\u1ef1a.<\/li>    <li>B\u1ea3o tr\u00ec \u0111\u01a1n gi\u1ea3n: m\u00e1y s\u1eed d\u1ee5ng l\u01b0\u1ee1i th\u00e9p h\u1ee3p kim, kh\u00f4ng c\u1ea7n m\u00e0i v\u00e0 \u0111\u00e1nh b\u00f3ng l\u01b0\u1ee1i dao trong v\u00f2ng m\u1ed9t n\u0103m. C\u1ea5u t\u1ea1o m\u00e1y c\u1eaft h\u1ea1t nh\u1ef1a \u0111\u01a1n gi\u1ea3n, d\u1ec5 b\u1ea3o tr\u00ec, vi\u1ec7c thay l\u01b0\u1ee1i dao v\u00e0 v\u1ec7 sinh m\u00e1y c\u0169ng t\u01b0\u01a1ng \u0111\u1ed1i d\u1ec5 d\u00e0ng.<\/li> <\/ul>    <h2 class=\"wp-block-heading\">Th\u00f4ng s\u1ed1 c\u1ee7a m\u00e1y c\u1eaft vi\u00ean nh\u1ef1a<\/h2>    <p>M\u00e1y c\u1eaft vi\u00ean nh\u1ef1a \u0111\u01b0\u1ee3c \u0111\u1eb7t t\u00ean theo chi\u1ec1u r\u1ed9ng c\u1ee7a dao, v\u00ed d\u1ee5 nh\u01b0 model SL-260, chi\u1ec1u r\u1ed9ng c\u1ee7a dao l\u00e0 260 mm. D\u1eef li\u1ec7u sau \u0111\u00e2y l\u00e0 c\u00e1c th\u00f4ng s\u1ed1 c\u01a1 b\u1ea3n c\u1ee7a m\u00e1y c\u1eaft h\u1ea1t nh\u1ef1a, vui l\u00f2ng \u0111\u1ec3 l\u1ea1i y\u00eau c\u1ea7u c\u1ee7a b\u1ea1n tr\u00ean trang web c\u1ee7a ch\u00fang t\u00f4i v\u00e0 ng\u01b0\u1eddi qu\u1ea3n l\u00fd b\u00e1n h\u00e0ng c\u1ee7a ch\u00fang t\u00f4i s\u1ebd s\u1eb5n l\u00f2ng gi\u00fap b\u1ea1n ch\u1ecdn m\u1eabu ph\u00f9 h\u1ee3p nh\u1ea5t cho b\u1ea1n.<\/p>    <figure class=\"wp-block-table\"><table><tbody><tr><td>Ng\u01b0\u1eddi m\u1eabu<\/td><td>C\u00f4ng su\u1ea5t (kw)<\/td><td>Chi\u1ec1u r\u1ed9ng dao (mm)<\/td><td>Lo\u1ea1i dao<\/td><\/tr><tr><td>SL-180<\/td><td>3<\/td><td>180<\/td><td>Hob<\/td><\/tr><tr><td>SL-220<\/td><td>5.5<\/td><td>220<\/td><td>Hob<\/td><\/tr><tr><td>SL-260<\/td><td>5.5<\/td><td>260<\/td><td>Hob<\/td><\/tr><\/tbody><\/table><\/figure>    <h2 class=\"wp-block-heading\">D\u00e2y chuy\u1ec1n t\u00e1i ch\u1ebf li\u00ean quan c\u1ee7a m\u00e1y c\u1eaft d\u1ea3i nh\u1ef1a  <\/h2>    <p class=\"translation-block\">M\u00e1y c\u1eaft dana nh\u1ef1a th\u01b0\u1eddng \u0111\u01b0\u1ee3c s\u1eed d\u1ee5ng k\u1ebft h\u1ee3p v\u1edbi c\u00e1c thi\u1ebft b\u1ecb t\u00e1i ch\u1ebf nh\u1ef1a kh\u00e1c \u0111\u1ec3 t\u1ea1o th\u00e0nh m\u1ed9t d\u00e2y chuy\u1ec1n s\u1ea3n xu\u1ea5t h\u1ea1t nh\u1ef1a ph\u1ebf li\u1ec7u ho\u00e0n ch\u1ec9nh. V\u00ed d\u1ee5, m\u00e1y c\u1eaft vi\u00ean nh\u1ef1a th\u01b0\u1eddng \u0111\u01b0\u1ee3c s\u1eed d\u1ee5ng c\u00f9ng v\u1edbi m\u00e1y gi\u1eb7t v\u00e0 m\u00e1y t\u1ea1o h\u1ea1t nh\u1ef1a. M\u00e1y gi\u1eb7t nh\u1ef1a tr\u01b0\u1edbc ti\u00ean l\u00e0m s\u1ea1ch nh\u1ef1a ph\u1ebf li\u1ec7u, sau \u0111\u00f3 m\u00e1y t\u1ea1o h\u1ea1t nh\u1ef1a l\u00e0m n\u00f3ng ch\u1ea3y v\u00e0 t\u1ea1o h\u1ea1t nh\u1ef1a \u1edf nhi\u1ec7t \u0111\u1ed9 cao. <\/p>   <div class=\"wp-block-image\"> <figure class=\"aligncenter size-full\"><img loading=\"lazy\" decoding=\"async\" width=\"720\" height=\"540\" src=\"https:\/\/plastic-machines.org\/wp-content\/uploads\/2023\/01\/Plastic-recycling-factory-Suadi-Arabia1.webp\" alt=\"nh\u00e0 m\u00e1y t\u00e1i ch\u1ebf nh\u1ef1a\" class=\"wp-image-700\" srcset=\"https:\/\/plastic-machines.org\/wp-content\/uploads\/2023\/01\/Plastic-recycling-factory-Suadi-Arabia1.webp 720w, https:\/\/plastic-machines.org\/wp-content\/uploads\/2023\/01\/Plastic-recycling-factory-Suadi-Arabia1-300x225.webp 300w\" sizes=\"auto, (max-width: 720px) 100vw, 720px\" \/><\/figure> <\/div>   <p>C\u00e1c vi\u00ean nh\u1ef1a cu\u1ed1i c\u00f9ng c\u1ea7n \u0111\u01b0\u1ee3c x\u1eed l\u00fd th\u00e0nh c\u00e1c vi\u00ean nh\u1ecf b\u1eb1ng m\u00e1y c\u1eaft h\u1ea1t nh\u1ef1a. Nh\u1eefng h\u1ea1t nh\u1ef1a t\u00e1i ch\u1ebf n\u00e0y l\u00e0 nguy\u00ean li\u1ec7u th\u00f4 c\u00f3 th\u1ec3 \u0111\u01b0\u1ee3c s\u1eed d\u1ee5ng \u0111\u1ec3 s\u1ea3n xu\u1ea5t c\u00e1c s\u1ea3n ph\u1ea9m nh\u1ef1a.<\/p>    <p>D\u00e2y chuy\u1ec1n t\u00e1i ch\u1ebf c\u0169ng c\u00f3 th\u1ec3 \u0111\u01b0\u1ee3c trang b\u1ecb b\u0103ng t\u1ea3i nh\u1ef1a, m\u00e1y h\u1ee7y nh\u1ef1a, m\u00e1y s\u1ea5y nh\u1ef1a v\u00e0 c\u00e1c thi\u1ebft b\u1ecb kh\u00e1c \u0111\u1ec3 v\u1eadn chuy\u1ec3n, c\u1eaft nh\u1ecf v\u00e0 s\u1ea5y kh\u00f4 nh\u1ef1a \u0111\u1ec3 \u0111\u1ea3m b\u1ea3o ch\u1ea5t l\u01b0\u1ee3ng c\u1ee7a h\u1ea1t nh\u1ef1a. B\u1eb1ng c\u00e1ch s\u1eed d\u1ee5ng c\u00e1c m\u00e1y n\u00e0y c\u00f9ng nhau, nh\u1ef1a th\u1ea3i c\u00f3 th\u1ec3 \u0111\u01b0\u1ee3c t\u00e1i ch\u1ebf hi\u1ec7u qu\u1ea3 v\u00e0 mang l\u1ea1i nhi\u1ec1u l\u1ee3i nhu\u1eadn h\u01a1n cho c\u00e1c nh\u00e0 s\u1ea3n xu\u1ea5t vi\u00ean nh\u1ef1a.<\/p>    <h2 class=\"wp-block-heading\">C\u00e1c tr\u01b0\u1eddng h\u1ee3p c\u1eaft h\u1ea1t nh\u1ef1a th\u00e0nh c\u00f4ng<\/h2>    <h3 class=\"wp-block-heading\">M\u00e1y c\u1eaft vi\u00ean nh\u1ef1a \u0111\u01b0\u1ee3c l\u1eafp \u0111\u1eb7t t\u1ea1i \u1ea2 R\u1eadp Saudi <\/h3>    <figure class=\"wp-block-gallery has-nested-images columns-default is-cropped wp-block-gallery-4 is-layout-flex wp-block-gallery-is-layout-flex\"> <figure class=\"wp-block-image size-large\"><img loading=\"lazy\" decoding=\"async\" width=\"720\" height=\"540\" data-id=\"700\" src=\"https:\/\/plastic-machines.org\/wp-content\/uploads\/2023\/01\/Plastic-recycling-factory-Suadi-Arabia1.webp\" alt=\"nh\u00e0 m\u00e1y t\u00e1i ch\u1ebf nh\u1ef1a\" class=\"wp-image-700\" srcset=\"https:\/\/plastic-machines.org\/wp-content\/uploads\/2023\/01\/Plastic-recycling-factory-Suadi-Arabia1.webp 720w, https:\/\/plastic-machines.org\/wp-content\/uploads\/2023\/01\/Plastic-recycling-factory-Suadi-Arabia1-300x225.webp 300w\" sizes=\"auto, (max-width: 720px) 100vw, 720px\" \/><\/figure>    <figure class=\"wp-block-image size-large\"><img loading=\"lazy\" decoding=\"async\" width=\"720\" height=\"540\" data-id=\"621\" src=\"https:\/\/plastic-machines.org\/wp-content\/uploads\/2022\/12\/plastic-pellet-cutter.webp\" alt=\"m\u00e1y c\u1eaft vi\u00ean nh\u1ef1a\" class=\"wp-image-621\" srcset=\"https:\/\/plastic-machines.org\/wp-content\/uploads\/2022\/12\/plastic-pellet-cutter.webp 720w, https:\/\/plastic-machines.org\/wp-content\/uploads\/2022\/12\/plastic-pellet-cutter-300x225.webp 300w\" sizes=\"auto, (max-width: 720px) 100vw, 720px\" \/><figcaption class=\"wp-element-caption\">m\u00e1y c\u1eaft vi\u00ean nh\u1ef1a<\/figcaption><\/figure> <\/figure>    <h3 class=\"wp-block-heading\">M\u00e1y c\u1eaft h\u1ea1t nh\u1ef1a v\u1eadn chuy\u1ec3n \u0111\u1ebfn Mozambique<\/h3>    <figure class=\"wp-block-gallery has-nested-images columns-default is-cropped wp-block-gallery-5 is-layout-flex wp-block-gallery-is-layout-flex\"> <figure class=\"wp-block-image size-large\"><img loading=\"lazy\" decoding=\"async\" width=\"540\" height=\"720\" data-id=\"670\" src=\"https:\/\/plastic-machines.org\/wp-content\/uploads\/2023\/01\/industrial-plastic-granulator-shipped-to-Mozambique1.webp\" alt=\"m\u00e1y t\u1ea1o h\u1ea1t nh\u1ef1a c\u00f4ng nghi\u1ec7p \u0111\u01b0\u1ee3c v\u1eadn chuy\u1ec3n \u0111\u1ebfn Mozambique\" class=\"wp-image-670\" srcset=\"https:\/\/plastic-machines.org\/wp-content\/uploads\/2023\/01\/industrial-plastic-granulator-shipped-to-Mozambique1.webp 540w, https:\/\/plastic-machines.org\/wp-content\/uploads\/2023\/01\/industrial-plastic-granulator-shipped-to-Mozambique1-225x300.webp 225w\" sizes=\"auto, (max-width: 540px) 100vw, 540px\" \/><figcaption class=\"wp-element-caption\">m\u00e1y t\u1ea1o h\u1ea1t nh\u1ef1a c\u00f4ng nghi\u1ec7p \u0111\u01b0\u1ee3c v\u1eadn chuy\u1ec3n \u0111\u1ebfn Mozambique<\/figcaption><\/figure>    <figure class=\"wp-block-image size-large\"><img loading=\"lazy\" decoding=\"async\" width=\"540\" height=\"720\" data-id=\"674\" src=\"https:\/\/plastic-machines.org\/wp-content\/uploads\/2023\/01\/top-10-plastic-granulators1.webp\" alt=\"M\u00e1y t\u00e1i ch\u1ebf nh\u1ef1a Mozambique\" class=\"wp-image-674\" srcset=\"https:\/\/plastic-machines.org\/wp-content\/uploads\/2023\/01\/top-10-plastic-granulators1.webp 540w, https:\/\/plastic-machines.org\/wp-content\/uploads\/2023\/01\/top-10-plastic-granulators1-225x300.webp 225w\" sizes=\"auto, (max-width: 540px) 100vw, 540px\" \/><figcaption class=\"wp-element-caption\">M\u00e1y t\u00e1i ch\u1ebf nh\u1ef1a Mozambique<\/figcaption><\/figure> <\/figure>    <h3 class=\"wp-block-heading\">M\u00e1y c\u1eaft h\u1ea1t nh\u1ef1a g\u1eedi \u0111\u1ebfn Ethiopia<\/h3>    <figure class=\"wp-block-gallery has-nested-images columns-default is-cropped wp-block-gallery-6 is-layout-flex wp-block-gallery-is-layout-flex\"> <figure class=\"wp-block-image size-large\"><img loading=\"lazy\" decoding=\"async\" width=\"540\" height=\"720\" data-id=\"585\" src=\"https:\/\/plastic-machines.org\/wp-content\/uploads\/2022\/07\/pellet-cutting-machine.webp\" alt=\"m\u00e1y c\u1eaft vi\u00ean\" class=\"wp-image-585\" srcset=\"https:\/\/plastic-machines.org\/wp-content\/uploads\/2022\/07\/pellet-cutting-machine.webp 540w, https:\/\/plastic-machines.org\/wp-content\/uploads\/2022\/07\/pellet-cutting-machine-225x300.webp 225w\" sizes=\"auto, (max-width: 540px) 100vw, 540px\" \/><figcaption class=\"wp-element-caption\">m\u00e1y c\u1eaft vi\u00ean<\/figcaption><\/figure>    <figure class=\"wp-block-image size-large\"><img loading=\"lazy\" decoding=\"async\" width=\"540\" height=\"720\" data-id=\"582\" src=\"https:\/\/plastic-machines.org\/wp-content\/uploads\/2022\/07\/delivery.webp\" alt=\"M\u00e1y c\u1eaft h\u1ea1t nh\u1ef1a\" class=\"wp-image-582\" srcset=\"https:\/\/plastic-machines.org\/wp-content\/uploads\/2022\/07\/delivery.webp 540w, https:\/\/plastic-machines.org\/wp-content\/uploads\/2022\/07\/delivery-225x300.webp 225w\" sizes=\"auto, (max-width: 540px) 100vw, 540px\" \/><figcaption class=\"wp-element-caption\">M\u00e1y c\u1eaft h\u1ea1t nh\u1ef1a<\/figcaption><\/figure> <\/figure>    <h3 class=\"wp-block-heading\">M\u00e1y c\u1eaft dana nh\u1ef1a \u0111\u01b0\u1ee3c v\u1eadn chuy\u1ec3n \u0111\u1ebfn Tanzania<\/h3>    <figure class=\"wp-block-gallery has-nested-images columns-default is-cropped wp-block-gallery-7 is-layout-flex wp-block-gallery-is-layout-flex\"> <figure class=\"wp-block-image size-large\"><img loading=\"lazy\" decoding=\"async\" width=\"720\" height=\"540\" data-id=\"437\" src=\"https:\/\/plastic-machines.org\/wp-content\/uploads\/2022\/09\/plastic-pelletizer-machine.webp\" alt=\"m\u00e1y \u00e9p vi\u00ean nh\u1ef1a\" class=\"wp-image-437\" srcset=\"https:\/\/plastic-machines.org\/wp-content\/uploads\/2022\/09\/plastic-pelletizer-machine.webp 720w, https:\/\/plastic-machines.org\/wp-content\/uploads\/2022\/09\/plastic-pelletizer-machine-300x225.webp 300w\" sizes=\"auto, (max-width: 720px) 100vw, 720px\" \/><figcaption class=\"wp-element-caption\">m\u00e1y \u00e9p vi\u00ean nh\u1ef1a<\/figcaption><\/figure>    <figure class=\"wp-block-image size-large\"><img loading=\"lazy\" decoding=\"async\" width=\"720\" height=\"540\" data-id=\"439\" src=\"https:\/\/plastic-machines.org\/wp-content\/uploads\/2022\/07\/plastic-recycling-machine1.webp\" alt=\"M\u00e1y t\u00e1i ch\u1ebf nh\u1ef1a Tanzania\" class=\"wp-image-439\" srcset=\"https:\/\/plastic-machines.org\/wp-content\/uploads\/2022\/07\/plastic-recycling-machine1.webp 720w, https:\/\/plastic-machines.org\/wp-content\/uploads\/2022\/07\/plastic-recycling-machine1-300x225.webp 300w\" sizes=\"auto, (max-width: 720px) 100vw, 720px\" \/><figcaption class=\"wp-element-caption\">M\u00e1y t\u00e1i ch\u1ebf nh\u1ef1a Tanzania<\/figcaption><\/figure> <\/figure>    <p class=\"translation-block\">Mu\u1ed1n bi\u1ebft th\u00eam v\u1ec1 quy tr\u00ecnh t\u00e1i ch\u1ebf nh\u1ef1a: <a href=\"https:\/\/plastic-machines.org\/vi\/info\/what-machines-are-used-to-recycle-plastic\/\">m\u00e1y m\u00f3c \u0111\u01b0\u1ee3c s\u1eed d\u1ee5ng \u0111\u1ec3 t\u00e1i ch\u1ebf nh\u1ef1a<\/a><\/p>","protected":false},"excerpt":{"rendered":"<p>The plastic granule cutter is an indispensable auxiliary machine for the plastic granulating line. Shuliy plastic granule cutters have been exported to many countries in the world to support their plastic recycling businesses. The final plastic granules are of high quality and profitable profits, bringing our customers huge economic margins. Plastic granule cutter introduction The [&hellip;]<\/p>\n","protected":false},"author":1,"featured_media":726,"parent":0,"template":"","tags":[50],"product-type":[9],"class_list":["post-725","product","type-product","status-publish","has-post-thumbnail","hentry","tag-pellet","product-type-plastic-pelletizer"],"taxonomy_info":{"post_tag":[{"value":50,"label":"pellet"}],"product-type":[{"value":9,"label":"Plastic Pelletizer"}]},"featured_image_src_large":["https:\/\/plastic-machines.org\/wp-content\/uploads\/2023\/05\/pellet-cutting-machine1.webp",720,540,false],"author_info":{"display_name":"Ella","author_link":"https:\/\/plastic-machines.org\/vi\/author\/admin\/"},"comment_info":"","_links":{"self":[{"href":"https:\/\/plastic-machines.org\/vi\/wp-json\/wp\/v2\/product\/725","targetHints":{"allow":["GET"]}}],"collection":[{"href":"https:\/\/plastic-machines.org\/vi\/wp-json\/wp\/v2\/product"}],"about":[{"href":"https:\/\/plastic-machines.org\/vi\/wp-json\/wp\/v2\/types\/product"}],"author":[{"embeddable":true,"href":"https:\/\/plastic-machines.org\/vi\/wp-json\/wp\/v2\/users\/1"}],"wp:featuredmedia":[{"embeddable":true,"href":"https:\/\/plastic-machines.org\/vi\/wp-json\/wp\/v2\/media\/726"}],"wp:attachment":[{"href":"https:\/\/plastic-machines.org\/vi\/wp-json\/wp\/v2\/media?parent=725"}],"wp:term":[{"taxonomy":"post_tag","embeddable":true,"href":"https:\/\/plastic-machines.org\/vi\/wp-json\/wp\/v2\/tags?post=725"},{"taxonomy":"product-type","embeddable":true,"href":"https:\/\/plastic-machines.org\/vi\/wp-json\/wp\/v2\/product-type?post=725"}],"curies":[{"name":"wp","href":"https:\/\/api.w.org\/{rel}","templated":true}]}}