{"id":678,"date":"2023-01-17T15:59:08","date_gmt":"2023-01-17T07:59:08","guid":{"rendered":"https:\/\/plastic-machines.org\/?post_type=product&#038;p=678"},"modified":"2025-11-10T10:55:17","modified_gmt":"2025-11-10T02:55:17","slug":"plastic-baler-machine","status":"publish","type":"product","link":"https:\/\/plastic-machines.org\/vi\/product\/plastic-baler-machine\/","title":{"rendered":"M\u00e1y \u00e9p nh\u1ef1a Baler \u0111\u1ec3 t\u00e1i ch\u1ebf nh\u1ef1a"},"content":{"rendered":"<div class=\"kk-star-ratings kksr-auto kksr-align-left kksr-valign-top\"     data-payload='{&quot;align&quot;:&quot;left&quot;,&quot;id&quot;:&quot;678&quot;,&quot;slug&quot;:&quot;default&quot;,&quot;valign&quot;:&quot;top&quot;,&quot;ignore&quot;:&quot;&quot;,&quot;reference&quot;:&quot;auto&quot;,&quot;class&quot;:&quot;&quot;,&quot;count&quot;:&quot;3&quot;,&quot;legendonly&quot;:&quot;&quot;,&quot;readonly&quot;:&quot;&quot;,&quot;score&quot;:&quot;5&quot;,&quot;starsonly&quot;:&quot;&quot;,&quot;best&quot;:&quot;5&quot;,&quot;gap&quot;:&quot;5&quot;,&quot;greet&quot;:&quot;Rate this product&quot;,&quot;legend&quot;:&quot;5\\\/5 - (3 b\u00ecnh ch\u1ecdn)&quot;,&quot;size&quot;:&quot;24&quot;,&quot;title&quot;:&quot;Plastic Baler Machine Compactor for Plastic Recycling&quot;,&quot;width&quot;:&quot;142.5&quot;,&quot;_legend&quot;:&quot;{score}\\\/{best} - ({count} {votes})&quot;,&quot;font_factor&quot;:&quot;1.25&quot;}'>              <div class=\"kksr-stars\">      <div class=\"kksr-stars-inactive\">             <div class=\"kksr-star\" data-star=\"1\" style=\"padding-right: 5px\">               <div class=\"kksr-icon\" style=\"width: 24px; height: 24px;\"><\/div>         <\/div>             <div class=\"kksr-star\" data-star=\"2\" style=\"padding-right: 5px\">               <div class=\"kksr-icon\" style=\"width: 24px; height: 24px;\"><\/div>         <\/div>             <div class=\"kksr-star\" data-star=\"3\" style=\"padding-right: 5px\">               <div class=\"kksr-icon\" style=\"width: 24px; height: 24px;\"><\/div>         <\/div>             <div class=\"kksr-star\" data-star=\"4\" style=\"padding-right: 5px\">               <div class=\"kksr-icon\" style=\"width: 24px; height: 24px;\"><\/div>         <\/div>             <div class=\"kksr-star\" data-star=\"5\" style=\"padding-right: 5px\">               <div class=\"kksr-icon\" style=\"width: 24px; height: 24px;\"><\/div>         <\/div>     <\/div>      <div class=\"kksr-stars-active\" style=\"width: 142.5px;\">             <div class=\"kksr-star\" style=\"padding-right: 5px\">               <div class=\"kksr-icon\" style=\"width: 24px; height: 24px;\"><\/div>         <\/div>             <div class=\"kksr-star\" style=\"padding-right: 5px\">               <div class=\"kksr-icon\" style=\"width: 24px; height: 24px;\"><\/div>         <\/div>             <div class=\"kksr-star\" style=\"padding-right: 5px\">               <div class=\"kksr-icon\" style=\"width: 24px; height: 24px;\"><\/div>         <\/div>             <div class=\"kksr-star\" style=\"padding-right: 5px\">               <div class=\"kksr-icon\" style=\"width: 24px; height: 24px;\"><\/div>         <\/div>             <div class=\"kksr-star\" style=\"padding-right: 5px\">               <div class=\"kksr-icon\" style=\"width: 24px; height: 24px;\"><\/div>         <\/div>     <\/div> <\/div>                   <div class=\"kksr-legend\" style=\"font-size: 19.2px;\">             5\/5 - (3 votes)    <\/div>     <\/div>  <p>M\u00e1y \u0111\u00f3ng ki\u1ec7n nh\u1ef1a c\u1ee7a ch\u00fang t\u00f4i \u0111\u01b0\u1ee3c s\u1eed d\u1ee5ng ph\u1ed5 bi\u1ebfn trong c\u00e1c nh\u00e0 m\u00e1y v\u00e0 tr\u1ea1m t\u00e1i ch\u1ebf nh\u1ef1a, n\u00f3 c\u00f2n \u0111\u01b0\u1ee3c g\u1ecdi l\u00e0 m\u00e1y \u00e9p nh\u1ef1a, d\u00f9ng \u0111\u1ec3 n\u00e9n r\u00e1c th\u1ea3i nh\u01b0 chai PET r\u1ed7ng, t\u00fai nh\u1ef1a v\u00e0 m\u00e0ng. T\u1eadp \u0111o\u00e0n Shuliy cung c\u1ea5p hai lo\u1ea1i m\u00e1y \u0111\u00f3ng ki\u1ec7n nh\u1ef1a, lo\u1ea1i \u0111\u1ee9ng v\u00e0 lo\u1ea1i n\u1eb1m ngang, \u0111\u1ec1u \u0111\u01b0\u1ee3c trang b\u1ecb th\u00e9p t\u1ea5m ch\u1ea5t l\u01b0\u1ee3ng cao nh\u1eadp kh\u1ea9u v\u00e0 c\u00e1c ph\u1ee5 ki\u1ec7n nh\u1eadp kh\u1ea9u kh\u00e1c \u0111\u1ec3 n\u00e2ng cao hi\u1ec7u qu\u1ea3 c\u00f4ng vi\u1ec7c v\u00e0 tu\u1ed5i th\u1ecd l\u00e2u d\u00e0i, \u0111\u01b0\u1ee3c \u01b0a chu\u1ed9ng tr\u00ean th\u1ecb tr\u01b0\u1eddng.<\/p>    <figure class=\"wp-block-gallery has-nested-images columns-default is-cropped wp-block-gallery-2 is-layout-flex wp-block-gallery-is-layout-flex\"> <figure class=\"wp-block-image size-large\"><img loading=\"lazy\" decoding=\"async\" width=\"720\" height=\"540\" data-id=\"1312\" src=\"https:\/\/plastic-machines.org\/wp-content\/uploads\/2023\/01\/plastic-packer2.webp\" alt=\"m\u00e1y \u0111\u00f3ng ki\u1ec7n nh\u1ef1a d\u1ecdc\" class=\"wp-image-1312\" srcset=\"https:\/\/plastic-machines.org\/wp-content\/uploads\/2023\/01\/plastic-packer2.webp 720w, https:\/\/plastic-machines.org\/wp-content\/uploads\/2023\/01\/plastic-packer2-300x225.webp 300w, https:\/\/plastic-machines.org\/wp-content\/uploads\/2023\/01\/plastic-packer2-16x12.webp 16w\" sizes=\"auto, (max-width: 720px) 100vw, 720px\" \/><figcaption class=\"wp-element-caption\">m\u00e1y \u0111\u00f3ng ki\u1ec7n nh\u1ef1a d\u1ecdc<\/figcaption><\/figure>    <figure class=\"wp-block-image size-large\"><img loading=\"lazy\" decoding=\"async\" width=\"720\" height=\"540\" data-id=\"1313\" src=\"https:\/\/plastic-machines.org\/wp-content\/uploads\/2023\/01\/horizontal-plastic-baler-for-sale.webp\" alt=\"m\u00e1y \u0111\u00f3ng ki\u1ec7n nh\u1ef1a n\u1eb1m ngang\" class=\"wp-image-1313\" srcset=\"https:\/\/plastic-machines.org\/wp-content\/uploads\/2023\/01\/horizontal-plastic-baler-for-sale.webp 720w, https:\/\/plastic-machines.org\/wp-content\/uploads\/2023\/01\/horizontal-plastic-baler-for-sale-300x225.webp 300w, https:\/\/plastic-machines.org\/wp-content\/uploads\/2023\/01\/horizontal-plastic-baler-for-sale-16x12.webp 16w\" sizes=\"auto, (max-width: 720px) 100vw, 720px\" \/><figcaption class=\"wp-element-caption\">m\u00e1y \u0111\u00f3ng ki\u1ec7n nh\u1ef1a n\u1eb1m ngang<\/figcaption><\/figure> <\/figure>    <figure class=\"wp-block-embed is-type-video is-provider-youtube wp-block-embed-youtube wp-embed-aspect-16-9 wp-has-aspect-ratio\"><div class=\"wp-block-embed__wrapper\"> <iframe loading=\"lazy\" title=\"M\u00e1y \u0111\u00f3ng ki\u1ec7n nh\u1ef1a th\u1ef1c t\u1ebf cho m\u00e1y \u00e9p ki\u1ec7n chai nh\u1ef1a th\u1ee7y l\u1ef1c\" width=\"500\" height=\"281\" src=\"https:\/\/www.youtube.com\/embed\/jAi-5u0nyqo?feature=oembed\" frameborder=\"0\" allow=\"accelerometer; autoplay; clipboard-write; encrypted-media; gyroscope; picture-in-picture; web-share\" referrerpolicy=\"strict-origin-when-cross-origin\" allowfullscreen><\/iframe> <\/div><figcaption class=\"wp-element-caption\">video l\u00e0m vi\u1ec7c c\u1ee7a m\u00e1y \u0111\u00f3ng ki\u1ec7n nh\u1ef1a d\u1ecdc<\/figcaption><\/figure>    <h2 class=\"wp-block-heading\">\u1ee8ng d\u1ee5ng c\u1ee7a m\u00e1y \u0111\u00f3ng ki\u1ec7n nh\u1ef1a <\/h2>    <p>M\u00e1y \u0111\u00f3ng ki\u1ec7n nh\u1ef1a th\u1ea3i n\u00e0y c\u00f3 ch\u1ee9c n\u0103ng \u0111a d\u1ea1ng v\u00e0 c\u00f3 th\u1ec3 d\u00f9ng \u0111\u1ec3 \u0111\u00f3ng ki\u1ec7n c\u00e1c lo\u1ea1i nguy\u00ean li\u1ec7u th\u00f4 kh\u00e1c nhau nh\u01b0 th\u00f9ng r\u00e1c, chai PET th\u1ea3i, th\u00f9ng d\u1ea7u, t\u00fai x\u00e1ch, th\u00f9ng carton, h\u1ed9p nh\u1ef1a, m\u00e0ng, qu\u1ea7n \u00e1o c\u0169, d\u1ec7t may, len, b\u00f4ng, r\u01a1m v\u00e0 nh\u01b0 th\u1ebf.<\/p>   <div class=\"wp-block-image\"> <figure class=\"aligncenter size-full\"><img loading=\"lazy\" decoding=\"async\" width=\"720\" height=\"540\" src=\"https:\/\/plastic-machines.org\/wp-content\/uploads\/2023\/01\/raw-materials-of-plastic-baler1.webp\" alt=\"nguy\u00ean li\u1ec7u c\u1ee7a m\u00e1y \u0111\u00f3ng ki\u1ec7n nh\u1ef1a\" class=\"wp-image-681\" srcset=\"https:\/\/plastic-machines.org\/wp-content\/uploads\/2023\/01\/raw-materials-of-plastic-baler1.webp 720w, https:\/\/plastic-machines.org\/wp-content\/uploads\/2023\/01\/raw-materials-of-plastic-baler1-300x225.webp 300w\" sizes=\"auto, (max-width: 720px) 100vw, 720px\" \/><figcaption class=\"wp-element-caption\">nguy\u00ean li\u1ec7u c\u1ee7a m\u00e1y \u0111\u00f3ng ki\u1ec7n nh\u1ef1a<\/figcaption><\/figure> <\/div>   <h2 class=\"wp-block-heading\">C\u00e1c \u0111\u1eb7c \u0111i\u1ec3m c\u1ea5u tr\u00fac c\u1ee7a m\u00e1y n\u00e9n nh\u1ef1a \u0111\u1ee9ng Shuliy<\/h2>   <div class=\"wp-block-image\"> <figure class=\"aligncenter size-full\"><img loading=\"lazy\" decoding=\"async\" width=\"720\" height=\"540\" src=\"https:\/\/plastic-machines.org\/wp-content\/uploads\/2023\/01\/Waste-plastic-baling-machine-structure1.webp\" alt=\"C\u1ea5u t\u1ea1o m\u00e1y \u0111\u00f3ng ki\u1ec7n nh\u1ef1a th\u1ea3i\" class=\"wp-image-682\" srcset=\"https:\/\/plastic-machines.org\/wp-content\/uploads\/2023\/01\/Waste-plastic-baling-machine-structure1.webp 720w, https:\/\/plastic-machines.org\/wp-content\/uploads\/2023\/01\/Waste-plastic-baling-machine-structure1-300x225.webp 300w\" sizes=\"auto, (max-width: 720px) 100vw, 720px\" \/><figcaption class=\"wp-element-caption\">C\u1ea5u t\u1ea1o m\u00e1y \u0111\u00f3ng ki\u1ec7n nh\u1ef1a th\u1ea3i<\/figcaption><\/figure> <\/div>   <ul class=\"wp-block-list\"> <li>B\u01a1m th\u1ee7y l\u1ef1c, van \u0111i\u1ec7n t\u1eeb v\u00e0 ph\u1edbt d\u1ea7u xi lanh th\u1ee7y l\u1ef1c c\u1ee7a h\u1ec7 th\u1ed1ng th\u1ee7y l\u1ef1c l\u00e0 c\u00e1c b\u1ed9 ph\u1eadn nh\u1eadp kh\u1ea9u, gi\u00fap \u00e1p su\u1ea5t \u0111\u00f3ng g\u00f3i \u0111\u1ed3ng th\u1eddi cao, nhanh v\u00e0 ti\u1ebfng \u1ed3n r\u1ea5t th\u1ea5p.<\/li>    <li>H\u1ec7 th\u1ed1ng b\u0103ng t\u1ea3i s\u1eed d\u1ee5ng b\u0103ng t\u1ea3i d\u1ea1ng t\u1ea5m th\u00e9p d\u00e0y v\u00e0 th\u00e9p c\u01b0\u1eddng \u0111\u1ed9 cao ch\u1ea5t l\u01b0\u1ee3ng cao, gi\u00fap cho m\u00e1y \u0111\u00f3ng ki\u1ec7n nh\u1ef1a ch\u1eafc ch\u1eafn v\u00e0 c\u00f3 tu\u1ed5i th\u1ecd cao.<\/li>    <li>M\u00e1y \u0111\u00f3ng ki\u1ec7n nh\u1ef1a \u0111\u01b0\u1ee3c trang b\u1ecb h\u1ec7 th\u1ed1ng b\u00e1o \u0111\u1ed9ng an to\u00e0n, m\u00e1y s\u1ebd t\u1ef1 \u0111\u1ed9ng d\u1eebng v\u00e0 b\u00e1o \u0111\u1ed9ng khi thi\u1ebft b\u1ecb v\u1eadn h\u00e0nh sai, m\u1ea5t \u0111i\u1ec7n, m\u1ea5t \u0111i\u1ec7n, \u00e1p su\u1ea5t cao,\u2026<\/li> <\/ul>    <h2 class=\"wp-block-heading\">\u0110\u1eb7c \u0111i\u1ec3m c\u1ee7a m\u00e1y \u0111\u00f3ng ki\u1ec7n d\u1ecdc<\/h2>    <div class=\"wp-block-media-text alignwide is-stacked-on-mobile\"><figure class=\"wp-block-media-text__media\"><img loading=\"lazy\" decoding=\"async\" width=\"720\" height=\"342\" src=\"https:\/\/plastic-machines.org\/wp-content\/uploads\/2023\/01\/plastic-baler.webp\" alt=\"chi ti\u1ebft m\u00e1y \u0111\u1ea7m nh\u1ef1a\" class=\"wp-image-691 size-full\" srcset=\"https:\/\/plastic-machines.org\/wp-content\/uploads\/2023\/01\/plastic-baler.webp 720w, https:\/\/plastic-machines.org\/wp-content\/uploads\/2023\/01\/plastic-baler-300x143.webp 300w\" sizes=\"auto, (max-width: 720px) 100vw, 720px\" \/><\/figure><div class=\"wp-block-media-text__content\"> <p>T\u1ea5m \u00e1p su\u1ea5t th\u1ee7y l\u1ef1c s\u1eed d\u1ee5ng t\u1ea5m \u00e1p su\u1ea5t d\u00e0y, c\u00f3 t\u00e1c d\u1ee5ng t\u1ed1t.<\/p> <\/div><\/div>    <div class=\"wp-block-media-text alignwide has-media-on-the-right is-stacked-on-mobile\"><div class=\"wp-block-media-text__content\"> <p>K\u00edch th\u01b0\u1edbc c\u1ee7a h\u1ed9p v\u1eadt li\u1ec7u c\u00f3 th\u1ec3 \u0111\u01b0\u1ee3c t\u00f9y ch\u1ec9nh v\u00e0 v\u1eadt li\u1ec7u n\u00e9n c\u00f3 th\u1ec3 \u0111\u01b0\u1ee3c l\u00f3t b\u1eb1ng th\u00e9p kh\u00f4ng g\u1ec9.<\/p> <\/div><figure class=\"wp-block-media-text__media\"><img loading=\"lazy\" decoding=\"async\" width=\"720\" height=\"342\" src=\"https:\/\/plastic-machines.org\/wp-content\/uploads\/2023\/01\/plastic-baler-machne.webp\" alt=\"h\u1ed9p v\u1eadt li\u1ec7u c\u1ee7a m\u00e1y \u0111\u1ea7m nh\u1ef1a\" class=\"wp-image-690 size-full\" srcset=\"https:\/\/plastic-machines.org\/wp-content\/uploads\/2023\/01\/plastic-baler-machne.webp 720w, https:\/\/plastic-machines.org\/wp-content\/uploads\/2023\/01\/plastic-baler-machne-300x143.webp 300w\" sizes=\"auto, (max-width: 720px) 100vw, 720px\" \/><\/figure><\/div>    <div class=\"wp-block-media-text alignwide is-stacked-on-mobile\"><figure class=\"wp-block-media-text__media\"><img loading=\"lazy\" decoding=\"async\" width=\"720\" height=\"342\" src=\"https:\/\/plastic-machines.org\/wp-content\/uploads\/2023\/01\/plastic-baler-machine-for-sale.webp\" alt=\"x\u1eed l\u00fd swich c\u1ee7a baler nh\u1ef1a\" class=\"wp-image-689 size-full\" srcset=\"https:\/\/plastic-machines.org\/wp-content\/uploads\/2023\/01\/plastic-baler-machine-for-sale.webp 720w, https:\/\/plastic-machines.org\/wp-content\/uploads\/2023\/01\/plastic-baler-machine-for-sale-300x143.webp 300w\" sizes=\"auto, (max-width: 720px) 100vw, 720px\" \/><\/figure><div class=\"wp-block-media-text__content\"> <p>C\u00f4ng t\u1eafc tay c\u1ea7m c\u1ee7a m\u00e1y \u0111\u00f3ng ki\u1ec7n \u0111\u1ea9y c\u1ea7n g\u1ea1t v\u00e0o trong v\u00e0 t\u1ef1 \u0111\u1ed9ng \u1ea5n xu\u1ed1ng, k\u00e9o c\u00e2n ra v\u00e0 t\u1ef1 \u0111\u1ed9ng n\u00e2ng l\u00ean.<\/p> <\/div><\/div>    <div class=\"wp-block-media-text alignwide has-media-on-the-right is-stacked-on-mobile\"><div class=\"wp-block-media-text__content\"> <p>\u1ed0ng d\u1eabn d\u1ea7u xi lanh \u00e1p su\u1ea5t cao s\u1ebd kh\u00f4ng gi\u1ea3i ph\u00f3ng \u00e1p su\u1ea5t trong qu\u00e1 tr\u00ecnh s\u1eed d\u1ee5ng, v\u00f2ng \u0111\u1ec7m c\u00f3 hi\u1ec7u su\u1ea5t b\u1ecbt k\u00edn t\u1ed1t v\u00e0 kh\u00f4ng b\u1ecb r\u00f2 r\u1ec9 d\u1ea7u.<\/p> <\/div><figure class=\"wp-block-media-text__media\"><img loading=\"lazy\" decoding=\"async\" width=\"720\" height=\"342\" src=\"https:\/\/plastic-machines.org\/wp-content\/uploads\/2023\/01\/plastic-baling-machine.webp\" alt=\"\u1ed1ng d\u1ea7u xi lanh c\u1ee7a m\u00e1y \u0111\u1ea7m nh\u1ef1a\" class=\"wp-image-692 size-full\" srcset=\"https:\/\/plastic-machines.org\/wp-content\/uploads\/2023\/01\/plastic-baling-machine.webp 720w, https:\/\/plastic-machines.org\/wp-content\/uploads\/2023\/01\/plastic-baling-machine-300x143.webp 300w\" sizes=\"auto, (max-width: 720px) 100vw, 720px\" \/><\/figure><\/div>    <h2 class=\"wp-block-heading\">M\u00e0n h\u00ecnh m\u00e1y \u0111\u00f3ng ki\u1ec7n nh\u1ef1a<\/h2>   <div class=\"wp-block-image\"> <figure class=\"aligncenter size-full\"><img loading=\"lazy\" decoding=\"async\" width=\"540\" height=\"720\" src=\"https:\/\/plastic-machines.org\/wp-content\/uploads\/2023\/01\/plastic-baler-machine-21.webp\" alt=\"m\u00e1y \u0111\u00f3ng ki\u1ec7n nh\u1ef1a\" class=\"wp-image-679\" srcset=\"https:\/\/plastic-machines.org\/wp-content\/uploads\/2023\/01\/plastic-baler-machine-21.webp 540w, https:\/\/plastic-machines.org\/wp-content\/uploads\/2023\/01\/plastic-baler-machine-21-225x300.webp 225w\" sizes=\"auto, (max-width: 540px) 100vw, 540px\" \/><figcaption class=\"wp-element-caption\">m\u00e1y \u0111\u00f3ng ki\u1ec7n nh\u1ef1a<\/figcaption><\/figure> <\/div>  <div class=\"wp-block-image\"> <figure class=\"aligncenter size-full\"><img loading=\"lazy\" decoding=\"async\" width=\"540\" height=\"720\" src=\"https:\/\/plastic-machines.org\/wp-content\/uploads\/2023\/01\/plastic-baler-for-sale1.webp\" alt=\"baler nh\u1ef1a \u0111\u1ec3 b\u00e1n\" class=\"wp-image-683\" srcset=\"https:\/\/plastic-machines.org\/wp-content\/uploads\/2023\/01\/plastic-baler-for-sale1.webp 540w, https:\/\/plastic-machines.org\/wp-content\/uploads\/2023\/01\/plastic-baler-for-sale1-225x300.webp 225w\" sizes=\"auto, (max-width: 540px) 100vw, 540px\" \/><figcaption class=\"wp-element-caption\"><br><br>baler nh\u1ef1a \u0111\u1ec3 b\u00e1n<\/figcaption><\/figure> <\/div>   <h2 class=\"wp-block-heading\">Th\u00f4ng s\u1ed1 c\u1ee7a m\u00e1y \u0111\u00f3ng ki\u1ec7n nh\u1ef1a \u0111\u1ec3 b\u00e1n<\/h2>    <figure class=\"wp-block-table\"><table><tbody><tr><td>Ng\u01b0\u1eddi m\u1eabu<\/td><td>\u00c1p su\u1ea5t (t\u1ea5n)<\/td><td>C\u00f4ng su\u1ea5t(kw)<\/td><td>K\u00edch th\u01b0\u1edbc (mm)<\/td><td>\u0110\u1ea7u ra (t\/h)<\/td><td>Tr\u1ecdng l\u01b0\u1ee3ng (t\u1ea5n)<\/td><\/tr><tr><td>SL-30<\/td><td>30<\/td><td>5.5<\/td><td>800*400*600<\/td><td>0,8-1T<\/td><td>0.8<\/td><\/tr><tr><td>SL-40<\/td><td>30<\/td><td>7.5<\/td><td>900*600*800<\/td><td>1-1,2T<\/td><td>1.3<\/td><\/tr><tr><td>SL-60<\/td><td>60<\/td><td>7.5<\/td><td>900*600*800<\/td><td>1,5-2T<\/td><td>1.5<\/td><\/tr><tr><td>SL-80<\/td><td>80<\/td><td>11<\/td><td>1100*800*1000<\/td><td>2-3T<\/td><td>2<\/td><\/tr><tr><td>SL-100<\/td><td>100<\/td><td>15<\/td><td>1100*800*1100<\/td><td>3-3,5T<\/td><td>2.8<\/td><\/tr><tr><td>SL-120<\/td><td>120<\/td><td>18.5<\/td><td>1200*800*1200<\/td><td>4-5T<\/td><td>3.2<\/td><\/tr><\/tbody><\/table><\/figure>    <h2 class=\"wp-block-heading\">M\u00e1y \u0111\u00f3ng ki\u1ec7n nh\u1ef1a n\u1eb1m ngang cho m\u00e1y \u0111\u00f3ng ki\u1ec7n chai PET<\/h2>    <figure class=\"wp-block-embed is-type-video is-provider-youtube wp-block-embed-youtube wp-embed-aspect-16-9 wp-has-aspect-ratio\"><div class=\"wp-block-embed__wrapper\"> <iframe loading=\"lazy\" title=\"L\u00e0m th\u1ebf n\u00e0o \u0111\u1ec3 c\u00e1c nh\u00e0 m\u00e1y t\u00e1i ch\u1ebf nh\u1ef1a \u0111\u00f3ng g\u00f3i chai nh\u1ef1a th\u1ea3i b\u1eb1ng m\u00e1y \u0111\u00f3ng ki\u1ec7n nh\u1ef1a ngang?\" width=\"500\" height=\"281\" src=\"https:\/\/www.youtube.com\/embed\/xNkvgfIlOjE?feature=oembed\" frameborder=\"0\" allow=\"accelerometer; autoplay; clipboard-write; encrypted-media; gyroscope; picture-in-picture; web-share\" referrerpolicy=\"strict-origin-when-cross-origin\" allowfullscreen><\/iframe> <\/div><\/figure>","protected":false},"excerpt":{"rendered":"<p>Our plastic baler machine is common in plastic recycling plants and stations, it is also called a plastic compactor, which is used to compact waste like empty PET bottles, plastic bags, and films. Shuliy Group provides two types of plastic balers, they are vertical and horizontal type, both with imported high-quality steel plates and other [&hellip;]<\/p>\n","protected":false},"author":1,"featured_media":680,"parent":0,"template":"","tags":[36,35],"product-type":[26],"class_list":["post-678","product","type-product","status-publish","has-post-thumbnail","hentry","tag-bale","tag-pet","product-type-plastic-baler"],"taxonomy_info":{"post_tag":[{"value":36,"label":"bale"},{"value":35,"label":"PET"}],"product-type":[{"value":26,"label":"Plastic Baler"}]},"featured_image_src_large":["https:\/\/plastic-machines.org\/wp-content\/uploads\/2023\/01\/plastic-baler-machine1.webp",720,540,false],"author_info":{"display_name":"Ella","author_link":"https:\/\/plastic-machines.org\/vi\/author\/admin\/"},"comment_info":"","_links":{"self":[{"href":"https:\/\/plastic-machines.org\/vi\/wp-json\/wp\/v2\/product\/678","targetHints":{"allow":["GET"]}}],"collection":[{"href":"https:\/\/plastic-machines.org\/vi\/wp-json\/wp\/v2\/product"}],"about":[{"href":"https:\/\/plastic-machines.org\/vi\/wp-json\/wp\/v2\/types\/product"}],"author":[{"embeddable":true,"href":"https:\/\/plastic-machines.org\/vi\/wp-json\/wp\/v2\/users\/1"}],"wp:featuredmedia":[{"embeddable":true,"href":"https:\/\/plastic-machines.org\/vi\/wp-json\/wp\/v2\/media\/680"}],"wp:attachment":[{"href":"https:\/\/plastic-machines.org\/vi\/wp-json\/wp\/v2\/media?parent=678"}],"wp:term":[{"taxonomy":"post_tag","embeddable":true,"href":"https:\/\/plastic-machines.org\/vi\/wp-json\/wp\/v2\/tags?post=678"},{"taxonomy":"product-type","embeddable":true,"href":"https:\/\/plastic-machines.org\/vi\/wp-json\/wp\/v2\/product-type?post=678"}],"curies":[{"name":"wp","href":"https:\/\/api.w.org\/{rel}","templated":true}]}}