{"id":630,"date":"2022-12-02T14:17:04","date_gmt":"2022-12-02T06:17:04","guid":{"rendered":"https:\/\/plastic-machines.org\/?post_type=product&#038;p=630"},"modified":"2024-12-27T10:22:16","modified_gmt":"2024-12-27T02:22:16","slug":"eps-foam-melting-machine","status":"publish","type":"product","link":"https:\/\/plastic-machines.org\/vi\/product\/eps-foam-melting-machine\/","title":{"rendered":"M\u00e1y n\u1ea5u ch\u1ea3y b\u1ecdt EPS \u0111\u1ec3 t\u00e1i ch\u1ebf b\u1ecdt nh\u1ef1a"},"content":{"rendered":"<div class=\"kk-star-ratings kksr-auto kksr-align-left kksr-valign-top\"     data-payload='{&quot;align&quot;:&quot;left&quot;,&quot;id&quot;:&quot;630&quot;,&quot;slug&quot;:&quot;default&quot;,&quot;valign&quot;:&quot;top&quot;,&quot;ignore&quot;:&quot;&quot;,&quot;reference&quot;:&quot;auto&quot;,&quot;class&quot;:&quot;&quot;,&quot;count&quot;:&quot;5&quot;,&quot;legendonly&quot;:&quot;&quot;,&quot;readonly&quot;:&quot;&quot;,&quot;score&quot;:&quot;5&quot;,&quot;starsonly&quot;:&quot;&quot;,&quot;best&quot;:&quot;5&quot;,&quot;gap&quot;:&quot;5&quot;,&quot;greet&quot;:&quot;Rate this product&quot;,&quot;legend&quot;:&quot;5\\\/5 - (5 b\u00ecnh ch\u1ecdn)&quot;,&quot;size&quot;:&quot;24&quot;,&quot;title&quot;:&quot;EPS Foam Melting Machine for Plastic Foam Recyclings&quot;,&quot;width&quot;:&quot;142.5&quot;,&quot;_legend&quot;:&quot;{score}\\\/{best} - ({count} {votes})&quot;,&quot;font_factor&quot;:&quot;1.25&quot;}'>              <div class=\"kksr-stars\">      <div class=\"kksr-stars-inactive\">             <div class=\"kksr-star\" data-star=\"1\" style=\"padding-right: 5px\">               <div class=\"kksr-icon\" style=\"width: 24px; height: 24px;\"><\/div>         <\/div>             <div class=\"kksr-star\" data-star=\"2\" style=\"padding-right: 5px\">               <div class=\"kksr-icon\" style=\"width: 24px; height: 24px;\"><\/div>         <\/div>             <div class=\"kksr-star\" data-star=\"3\" style=\"padding-right: 5px\">               <div class=\"kksr-icon\" style=\"width: 24px; height: 24px;\"><\/div>         <\/div>             <div class=\"kksr-star\" data-star=\"4\" style=\"padding-right: 5px\">               <div class=\"kksr-icon\" style=\"width: 24px; height: 24px;\"><\/div>         <\/div>             <div class=\"kksr-star\" data-star=\"5\" style=\"padding-right: 5px\">               <div class=\"kksr-icon\" style=\"width: 24px; height: 24px;\"><\/div>         <\/div>     <\/div>      <div class=\"kksr-stars-active\" style=\"width: 142.5px;\">             <div class=\"kksr-star\" style=\"padding-right: 5px\">               <div class=\"kksr-icon\" style=\"width: 24px; height: 24px;\"><\/div>         <\/div>             <div class=\"kksr-star\" style=\"padding-right: 5px\">               <div class=\"kksr-icon\" style=\"width: 24px; height: 24px;\"><\/div>         <\/div>             <div class=\"kksr-star\" style=\"padding-right: 5px\">               <div class=\"kksr-icon\" style=\"width: 24px; height: 24px;\"><\/div>         <\/div>             <div class=\"kksr-star\" style=\"padding-right: 5px\">               <div class=\"kksr-icon\" style=\"width: 24px; height: 24px;\"><\/div>         <\/div>             <div class=\"kksr-star\" style=\"padding-right: 5px\">               <div class=\"kksr-icon\" style=\"width: 24px; height: 24px;\"><\/div>         <\/div>     <\/div> <\/div>                   <div class=\"kksr-legend\" style=\"font-size: 19.2px;\">             5\/5 - (5 votes)    <\/div>     <\/div>  <p>M\u00e1y n\u1ea5u ch\u1ea3y b\u1ecdt Shuliy EPS c\u00f2n \u0111\u01b0\u1ee3c g\u1ecdi l\u00e0 m\u00e1y l\u00e0m \u0111\u1eb7c x\u1ed1p. N\u00f3 \u0111\u01b0\u1ee3c s\u1eed d\u1ee5ng \u0111\u1ec3 nghi\u1ec1n n\u00e1t v\u00e0 l\u00e0m tan ch\u1ea3y b\u1ecdt nh\u1ef1a \u1edf nhi\u1ec7t \u0111\u1ed9 cao. Sau khi nghi\u1ec1n v\u00e0 gia nhi\u1ec7t, b\u1ecdt EPS tr\u1edf th\u00e0nh c\u00e1c th\u1ecfi EPS \u0111\u1eadm \u0111\u1eb7c v\u00e0 t\u1ef7 l\u1ec7 gi\u1ea3m th\u1ec3 t\u00edch l\u00ean t\u1edbi 90:1. M\u00e1y l\u00e0m \u0111\u1eb7c b\u1ecdt kh\u00f4ng ch\u1ec9 c\u00f3 th\u1ec3 l\u00e0m gi\u1ea3m v\u1ea5n \u0111\u1ec1 \u00f4 nhi\u1ec5m tr\u1eafng m\u00e0 c\u00f2n c\u00f3 th\u1ec3 mang l\u1ea1i l\u1ee3i \u00edch kinh t\u1ebf to l\u1edbn sau khi t\u00e1i ch\u1ebf b\u1ecdt th\u00e0nh h\u1ea1t. V\u00ec v\u1eady n\u00f3 l\u00e0 thi\u1ebft b\u1ecb c\u1ea7n thi\u1ebft cho c\u00e1c nh\u00e0 s\u1ea3n xu\u1ea5t t\u00e1i ch\u1ebf nh\u1ef1a. N\u1ebfu b\u1ea1n quan t\u00e2m, xin vui l\u00f2ng li\u00ean h\u1ec7 v\u1edbi ch\u00fang t\u00f4i.<\/p>   <div class=\"wp-block-image\"> <figure class=\"aligncenter size-full\"><img loading=\"lazy\" decoding=\"async\" width=\"720\" height=\"540\" src=\"https:\/\/plastic-machines.org\/wp-content\/uploads\/2022\/12\/EPS-Foam-Melting-Machine.webp\" alt=\"M\u00e1y n\u1ea5u ch\u1ea3y b\u1ecdt EPS\" class=\"wp-image-641\" srcset=\"https:\/\/plastic-machines.org\/wp-content\/uploads\/2022\/12\/EPS-Foam-Melting-Machine.webp 720w, https:\/\/plastic-machines.org\/wp-content\/uploads\/2022\/12\/EPS-Foam-Melting-Machine-300x225.webp 300w\" sizes=\"auto, (max-width: 720px) 100vw, 720px\" \/><figcaption class=\"wp-element-caption\">M\u00e1y n\u1ea5u ch\u1ea3y b\u1ecdt EPS<\/figcaption><\/figure> <\/div>   <h2 class=\"wp-block-heading\">Gi\u1edbi thi\u1ec7u ch\u1ea5t l\u00e0m \u0111\u1eb7c polystyrene \u0111\u1ec3 b\u00e1n<\/h2>    <p>B\u00e1n ch\u1ea5t l\u00e0m \u0111\u1eb7c Polystyrene c\u00f3 th\u1ec3 t\u00e1i ch\u1ebf Styrofoam (Polystyrene\/EPS\/Foam 6), \u0111\u01b0\u1ee3c s\u1eed d\u1ee5ng r\u1ed9ng r\u00e3i l\u00e0m v\u1eadt li\u1ec7u c\u00e1ch nhi\u1ec7t v\u00e0 b\u1ea3o v\u1ec7 s\u1ea3n ph\u1ea9m trong qu\u00e1 tr\u00ecnh v\u1eadn chuy\u1ec3n.  Sau khi nghi\u1ec1n xong, ch\u00fang s\u1ebd \u0111\u01b0\u1ee3c v\u00edt \u0111\u1ea9y \u0111\u1ebfn khu v\u1ef1c gia nhi\u1ec7t, sau khi gia nhi\u1ec7t v\u00e0 d\u1ebbo h\u00f3a, nguy\u00ean li\u1ec7u nh\u1ef1a s\u1ebd tan ch\u1ea3y th\u00e0nh m\u1ed9t \u0111\u1ed1ng, d\u1ec5 v\u1eadn chuy\u1ec3n v\u00e0 b\u00e1n ra. <\/p>    <p>C\u00e1c v\u1eadt li\u1ec7u m\u00e0 m\u00e1y c\u00f3 th\u1ec3 x\u1eed l\u00fd bao g\u1ed3m h\u1ed9p x\u1ed1p \u0111\u1ef1ng th\u1ee9c \u0103n nhanh, h\u1ed9p \u0111\u00f3ng g\u00f3i x\u1ed1p, h\u1ed9p b\u00e1nh ng\u1ecdt, v\u1eadt li\u1ec7u c\u00e1ch nhi\u1ec7t, x\u1ed1p \u0111\u00f3ng g\u00f3i b\u00ean ngo\u00e0i c\u1ee7a c\u00e1c thi\u1ebft b\u1ecb \u0111i\u1ec7n v\u00e0 ch\u1ea5t th\u1ea3i x\u1ed1p tr\u1eafng kh\u00e1c.<\/p>    <figure class=\"wp-block-gallery has-nested-images columns-default is-cropped wp-block-gallery-2 is-layout-flex wp-block-gallery-is-layout-flex\"> <figure class=\"wp-block-image size-full\"><img loading=\"lazy\" decoding=\"async\" width=\"720\" height=\"540\" data-id=\"637\" src=\"https:\/\/plastic-machines.org\/wp-content\/uploads\/2022\/12\/foam-melting-machine.jpg\" alt=\"ch\u1ea5t l\u00e0m \u0111\u1eb7c x\u1ed1p \" class=\"wp-image-637\" srcset=\"https:\/\/plastic-machines.org\/wp-content\/uploads\/2022\/12\/foam-melting-machine.jpg 720w, https:\/\/plastic-machines.org\/wp-content\/uploads\/2022\/12\/foam-melting-machine-300x225.jpg 300w\" sizes=\"auto, (max-width: 720px) 100vw, 720px\" \/><figcaption class=\"wp-element-caption\">ch\u1ea5t l\u00e0m \u0111\u1eb7c x\u1ed1p<\/figcaption><\/figure>    <figure class=\"wp-block-image size-full\"><img loading=\"lazy\" decoding=\"async\" width=\"720\" height=\"540\" data-id=\"642\" src=\"https:\/\/plastic-machines.org\/wp-content\/uploads\/2022\/12\/EPS-hot-melting-machine.webp\" alt=\"ch\u1ea5t l\u00e0m \u0111\u1eb7c x\u1ed1p \" class=\"wp-image-642\" srcset=\"https:\/\/plastic-machines.org\/wp-content\/uploads\/2022\/12\/EPS-hot-melting-machine.webp 720w, https:\/\/plastic-machines.org\/wp-content\/uploads\/2022\/12\/EPS-hot-melting-machine-300x225.webp 300w\" sizes=\"auto, (max-width: 720px) 100vw, 720px\" \/><figcaption class=\"wp-element-caption\">ch\u1ea5t l\u00e0m \u0111\u1eb7c x\u1ed1p<\/figcaption><\/figure> <\/figure>    <figure class=\"wp-block-gallery has-nested-images columns-default is-cropped wp-block-gallery-3 is-layout-flex wp-block-gallery-is-layout-flex\"> <figure class=\"wp-block-image size-full\"><img loading=\"lazy\" decoding=\"async\" width=\"720\" height=\"540\" data-id=\"639\" src=\"https:\/\/plastic-machines.org\/wp-content\/uploads\/2022\/12\/EPS-hot-melting-recycling-machine.jpg\" alt=\"M\u00e1y t\u00e1i ch\u1ebf n\u00f3ng ch\u1ea3y EPS\" class=\"wp-image-639\" srcset=\"https:\/\/plastic-machines.org\/wp-content\/uploads\/2022\/12\/EPS-hot-melting-recycling-machine.jpg 720w, https:\/\/plastic-machines.org\/wp-content\/uploads\/2022\/12\/EPS-hot-melting-recycling-machine-300x225.jpg 300w\" sizes=\"auto, (max-width: 720px) 100vw, 720px\" \/><figcaption class=\"wp-element-caption\">ch\u1ea5t l\u00e0m \u0111\u1eb7c polystyrene \u0111\u1ec3 b\u00e1n<\/figcaption><\/figure>    <figure class=\"wp-block-image size-full\"><img loading=\"lazy\" decoding=\"async\" width=\"720\" height=\"540\" data-id=\"638\" src=\"https:\/\/plastic-machines.org\/wp-content\/uploads\/2022\/12\/plastic-foam-crushing-melting-machine.jpg\" alt=\"ch\u1ea5t l\u00e0m \u0111\u1eb7c b\u1ecdt \u0111\u1ec3 b\u00e1n\" class=\"wp-image-638\" srcset=\"https:\/\/plastic-machines.org\/wp-content\/uploads\/2022\/12\/plastic-foam-crushing-melting-machine.jpg 720w, https:\/\/plastic-machines.org\/wp-content\/uploads\/2022\/12\/plastic-foam-crushing-melting-machine-300x225.jpg 300w\" sizes=\"auto, (max-width: 720px) 100vw, 720px\" \/><figcaption class=\"wp-element-caption\">ch\u1ea5t l\u00e0m \u0111\u1eb7c b\u1ecdt \u0111\u1ec3 b\u00e1n<\/figcaption><\/figure> <\/figure>    <h2 class=\"wp-block-heading\">Nguy\u00ean l\u00fd l\u00e0m vi\u1ec7c c\u1ee7a m\u00e1y t\u00e1i ch\u1ebf n\u00f3ng ch\u1ea3y EPS<\/h2>    <p>M\u00e1y n\u1ea5u ch\u1ea3y b\u1ecdt EPS s\u1eed d\u1ee5ng l\u01b0\u1ee1i nghi\u1ec1n tr\u1ee5c k\u00e9p, l\u00e0 hai tr\u1ee5c l\u01b0\u1ee1i song song v\u00e0 ch\u00fang quay theo c\u00e1c h\u01b0\u1edbng kh\u00e1c nhau. M\u1ed7i tr\u1ee5c l\u01b0\u1ee1i dao c\u00f3 18 l\u01b0\u1ee1i dao v\u00e0 \u0111\u01b0\u1ee3c d\u1eabn \u0111\u1ed9ng b\u1eb1ng h\u1ed9p s\u1ed1 \u0111\u1ec3 nghi\u1ec1n n\u00e1t v\u1eadt li\u1ec7u, \u0111\u01b0\u1ee3c chuy\u1ec3n \u0111\u1ebfn th\u00f9ng th\u00f4ng qua m\u1ed9t m\u00e0n h\u00ecnh. B\u1ecdt \u0111\u01b0\u1ee3c chuy\u1ec3n \u0111\u1ebfn th\u00f9ng gia nhi\u1ec7t b\u1eb1ng tr\u1ee5c v\u00edt quay t\u1ed1c \u0111\u1ed9 cao. B\u1ecdt nh\u1ef1a sau \u0111\u00f3 s\u1ebd \u0111\u01b0\u1ee3c n\u1ea5u ch\u1ea3y \u1edf nhi\u1ec7t \u0111\u1ed9 cao v\u00e0 \u00e9p th\u00e0nh \u0111\u1ed1ng \u0111\u1ec3 ch\u1ea3y ra ngo\u00e0i.<\/p>   <div class=\"wp-block-image\"> <figure class=\"aligncenter size-full\"><img loading=\"lazy\" decoding=\"async\" width=\"720\" height=\"540\" src=\"https:\/\/plastic-machines.org\/wp-content\/uploads\/2022\/12\/recycle-foam-by-a-EPS-densifier.webp\" alt=\"t\u00e1i ch\u1ebf b\u1ecdt b\u1eb1ng thi\u1ebft b\u1ecb l\u00e0m \u0111\u1eb7c EPS\" class=\"wp-image-1530\" srcset=\"https:\/\/plastic-machines.org\/wp-content\/uploads\/2022\/12\/recycle-foam-by-a-EPS-densifier.webp 720w, https:\/\/plastic-machines.org\/wp-content\/uploads\/2022\/12\/recycle-foam-by-a-EPS-densifier-300x225.webp 300w, https:\/\/plastic-machines.org\/wp-content\/uploads\/2022\/12\/recycle-foam-by-a-EPS-densifier-16x12.webp 16w\" sizes=\"auto, (max-width: 720px) 100vw, 720px\" \/><figcaption class=\"wp-element-caption\">t\u00e1i ch\u1ebf b\u1ecdt b\u1eb1ng thi\u1ebft b\u1ecb l\u00e0m \u0111\u1eb7c EPS<\/figcaption><\/figure> <\/div>   <figure class=\"wp-block-embed is-type-video is-provider-youtube wp-block-embed-youtube wp-embed-aspect-16-9 wp-has-aspect-ratio\"><div class=\"wp-block-embed__wrapper\"> <iframe loading=\"lazy\" title=\"M\u00e1y b\u0103m Polystyrene \u0111\u1ec3 t\u00e1i ch\u1ebf b\u1ecdt | M\u00e1y n\u00f3ng ch\u1ea3y \u0111\u1eb7c EPS\/Styrofoam\" width=\"500\" height=\"281\" src=\"https:\/\/www.youtube.com\/embed\/VSIa6XqPN_I?feature=oembed\" frameborder=\"0\" allow=\"accelerometer; autoplay; clipboard-write; encrypted-media; gyroscope; picture-in-picture; web-share\" referrerpolicy=\"strict-origin-when-cross-origin\" allowfullscreen><\/iframe> <\/div><\/figure>    <h2 class=\"wp-block-heading\">\u01afu \u0111i\u1ec3m c\u1ee7a ch\u1ea5t l\u00e0m \u0111\u1eb7c x\u1ed1p <\/h2>    <ul class=\"wp-block-list\"> <li>M\u00e1y c\u00f4 \u0111\u1eb7c x\u1ed1p n\u00e0y s\u1eed d\u1ee5ng ph\u01b0\u01a1ng ph\u00e1p n\u1ea1p th\u1ee7 c\u00f4ng, v\u1eadt li\u1ec7u nhanh ch\u00f3ng \u0111\u01b0\u1ee3c nghi\u1ec1n n\u00e1t b\u1eb1ng c\u00e1c l\u01b0\u1ee1i tr\u1ee5c \u0111\u00f4i v\u00e0 sau \u0111\u00f3 \u0111\u01b0\u1ee3c chuy\u1ec3n \u0111\u1ebfn th\u00f9ng ch\u1ee7 th\u00f4ng qua m\u00e0n h\u00ecnh, m\u00e1y c\u00f3 hi\u1ec7u su\u1ea5t cao.<\/li>    <li>V\u00edt ch\u1ee7 truy\u1ec1n t\u1ea3i v\u00e0 l\u00e0m n\u00f3ng v\u1eadt li\u1ec7u \u0111\u1ebfn tr\u1ea1ng th\u00e1i n\u00f3ng ch\u1ea3y, sau \u0111\u00f3 \u00e9p \u0111\u00f9n v\u00e0 l\u01b0\u1ee1i th\u1ee7y l\u1ef1c s\u1ebd c\u1eaft v\u1eadt li\u1ec7u th\u00e0nh t\u1eebng mi\u1ebfng \u0111\u1ec3 d\u1ec5 d\u00e0ng c\u1ea5t gi\u1eef v\u00e0 v\u1eadn chuy\u1ec3n.<\/li>    <li>V\u1eadt li\u1ec7u n\u00f3ng ch\u1ea3y ra t\u1eeb m\u00e1y c\u00f4 \u0111\u1eb7c x\u1ed1p c\u00f3 th\u1ec3 \u0111\u01b0\u1ee3c thu gom b\u1eb1ng m\u00e1ng th\u00e9p \u0111\u1ec3 l\u1ea5y kh\u1ed1i, ho\u1eb7c c\u1eaft b\u1eb1ng m\u00e1y c\u1eaft \u0111\u1ec3 l\u1ea5y kh\u1ed1i nh\u1ecf, thu\u1eadn ti\u1ec7n cho vi\u1ec7c v\u1eadn chuy\u1ec3n x\u1ed1p nh\u1ef1a.<\/li>    <li>H\u00ecnh d\u00e1ng c\u1ee7a m\u00e1y n\u00e9n EPS c\u00f3 th\u1ec3 \u0111\u01b0\u1ee3c thi\u1ebft k\u1ebf theo y\u00eau c\u1ea7u c\u1ee7a kh\u00e1ch h\u00e0ng.<\/li> <\/ul>    <h2 class=\"wp-block-heading\">Th\u00f4ng s\u1ed1 m\u00e1y n\u00f3ng ch\u1ea3y c\u00f4 \u0111\u1eb7c EPS<\/h2>    <figure class=\"wp-block-table\"><table><tbody><tr><td>Ng\u01b0\u1eddi m\u1eabu<\/td><td>K\u00edch th\u01b0\u1edbc m\u00e1y (mm)<\/td><td>K\u00edch th\u01b0\u1edbc \u0111\u1ea7u v\u00e0o (mm)<\/td><td>C\u00f4ng su\u1ea5t c\u1ea5u h\u00ecnh (kw)<\/td><td>C\u00f4ng su\u1ea5t \u0111\u1ea7u v\u00e0o (kw)<\/td><td>C\u00f4ng su\u1ea5t\uff08kg\/h)<\/td><\/tr><tr><td>SL220<\/td><td>1500*800*1450<\/td><td>450*600<\/td><td>15<\/td><td>3<\/td><td>100-150<\/td><\/tr><tr><td>SL880<\/td><td>1580*1300*850<\/td><td>800*600<\/td><td>18.5<\/td><td>3<\/td><td>150-200<\/td><\/tr><tr><td>SL1000<\/td><td>1900*1580*900<\/td><td>1000*700<\/td><td>22<\/td><td>3<\/td><td>200-250<\/td><\/tr><\/tbody><\/table><\/figure>    <h2 class=\"wp-block-heading\">Video m\u00e1y n\u1ea5u ch\u1ea3y x\u1ed1p EPS<\/h2>    <figure class=\"wp-block-embed is-type-video is-provider-youtube wp-block-embed-youtube wp-embed-aspect-16-9 wp-has-aspect-ratio\"><div class=\"wp-block-embed__wrapper\"> <iframe loading=\"lazy\" title=\"C\u1ea7n b\u00e1n m\u00e1y n\u1ea5u ch\u1ea3y b\u1ecdt nh\u1ef1a\" width=\"500\" height=\"281\" src=\"https:\/\/www.youtube.com\/embed\/pcAcZHClWIo?list=PLmQgsSbeu0tXsNBww95upbWcnO_cYfyh4\" frameborder=\"0\" allow=\"accelerometer; autoplay; clipboard-write; encrypted-media; gyroscope; picture-in-picture; web-share\" referrerpolicy=\"strict-origin-when-cross-origin\" allowfullscreen><\/iframe> <\/div><\/figure>    <p><\/p>","protected":false},"excerpt":{"rendered":"<p>Shuliy EPS foam melting machine is also called a styrofoam densifier. It is used to crush and melt plastic foam at high temperatures. After crushing and heating, the EPS foam becomes the densified EPS ingots, and volume reduction ratio up to 90:1. The foam densifier machine not only can reduce the problem of white pollution, [&hellip;]<\/p>\n","protected":false},"author":1,"featured_media":632,"parent":0,"template":"","tags":[63,43],"product-type":[15],"class_list":["post-630","product","type-product","status-publish","has-post-thumbnail","hentry","tag-densifier","tag-eps","product-type-plastic-crushing-equipment"],"taxonomy_info":{"post_tag":[{"value":63,"label":"densifier"},{"value":43,"label":"EPS"}],"product-type":[{"value":15,"label":"Plastic Crushing Equipment"}]},"featured_image_src_large":["https:\/\/plastic-machines.org\/wp-content\/uploads\/2022\/12\/plastic-foam-melting-machine1.webp",720,540,false],"author_info":{"display_name":"Ella","author_link":"https:\/\/plastic-machines.org\/vi\/author\/admin\/"},"comment_info":"","_links":{"self":[{"href":"https:\/\/plastic-machines.org\/vi\/wp-json\/wp\/v2\/product\/630","targetHints":{"allow":["GET"]}}],"collection":[{"href":"https:\/\/plastic-machines.org\/vi\/wp-json\/wp\/v2\/product"}],"about":[{"href":"https:\/\/plastic-machines.org\/vi\/wp-json\/wp\/v2\/types\/product"}],"author":[{"embeddable":true,"href":"https:\/\/plastic-machines.org\/vi\/wp-json\/wp\/v2\/users\/1"}],"wp:featuredmedia":[{"embeddable":true,"href":"https:\/\/plastic-machines.org\/vi\/wp-json\/wp\/v2\/media\/632"}],"wp:attachment":[{"href":"https:\/\/plastic-machines.org\/vi\/wp-json\/wp\/v2\/media?parent=630"}],"wp:term":[{"taxonomy":"post_tag","embeddable":true,"href":"https:\/\/plastic-machines.org\/vi\/wp-json\/wp\/v2\/tags?post=630"},{"taxonomy":"product-type","embeddable":true,"href":"https:\/\/plastic-machines.org\/vi\/wp-json\/wp\/v2\/product-type?post=630"}],"curies":[{"name":"wp","href":"https:\/\/api.w.org\/{rel}","templated":true}]}}