{"id":314,"date":"2022-07-13T10:39:43","date_gmt":"2022-07-13T10:39:43","guid":{"rendered":"https:\/\/plastic-machines.org\/?post_type=product&#038;p=314"},"modified":"2024-12-27T10:13:06","modified_gmt":"2024-12-27T02:13:06","slug":"eps-pelletizing-machine","status":"publish","type":"product","link":"https:\/\/plastic-machines.org\/vi\/product\/eps-pelletizing-machine\/","title":{"rendered":"M\u00e1y t\u1ea1o h\u1ea1t EPS \u0111\u1ec3 t\u00e1i ch\u1ebf b\u1ecdt nh\u1ef1a"},"content":{"rendered":"<div class=\"kk-star-ratings kksr-auto kksr-align-left kksr-valign-top\"     data-payload='{&quot;align&quot;:&quot;left&quot;,&quot;id&quot;:&quot;314&quot;,&quot;slug&quot;:&quot;default&quot;,&quot;valign&quot;:&quot;top&quot;,&quot;ignore&quot;:&quot;&quot;,&quot;reference&quot;:&quot;auto&quot;,&quot;class&quot;:&quot;&quot;,&quot;count&quot;:&quot;5&quot;,&quot;legendonly&quot;:&quot;&quot;,&quot;readonly&quot;:&quot;&quot;,&quot;score&quot;:&quot;5&quot;,&quot;starsonly&quot;:&quot;&quot;,&quot;best&quot;:&quot;5&quot;,&quot;gap&quot;:&quot;5&quot;,&quot;greet&quot;:&quot;Rate this product&quot;,&quot;legend&quot;:&quot;5\\\/5 - (5 b\u00ecnh ch\u1ecdn)&quot;,&quot;size&quot;:&quot;24&quot;,&quot;title&quot;:&quot;EPS Pelletizing Machine for Plastic Foam Recycling&quot;,&quot;width&quot;:&quot;142.5&quot;,&quot;_legend&quot;:&quot;{score}\\\/{best} - ({count} {votes})&quot;,&quot;font_factor&quot;:&quot;1.25&quot;}'>              <div class=\"kksr-stars\">      <div class=\"kksr-stars-inactive\">             <div class=\"kksr-star\" data-star=\"1\" style=\"padding-right: 5px\">               <div class=\"kksr-icon\" style=\"width: 24px; height: 24px;\"><\/div>         <\/div>             <div class=\"kksr-star\" data-star=\"2\" style=\"padding-right: 5px\">               <div class=\"kksr-icon\" style=\"width: 24px; height: 24px;\"><\/div>         <\/div>             <div class=\"kksr-star\" data-star=\"3\" style=\"padding-right: 5px\">               <div class=\"kksr-icon\" style=\"width: 24px; height: 24px;\"><\/div>         <\/div>             <div class=\"kksr-star\" data-star=\"4\" style=\"padding-right: 5px\">               <div class=\"kksr-icon\" style=\"width: 24px; height: 24px;\"><\/div>         <\/div>             <div class=\"kksr-star\" data-star=\"5\" style=\"padding-right: 5px\">               <div class=\"kksr-icon\" style=\"width: 24px; height: 24px;\"><\/div>         <\/div>     <\/div>      <div class=\"kksr-stars-active\" style=\"width: 142.5px;\">             <div class=\"kksr-star\" style=\"padding-right: 5px\">               <div class=\"kksr-icon\" style=\"width: 24px; height: 24px;\"><\/div>         <\/div>             <div class=\"kksr-star\" style=\"padding-right: 5px\">               <div class=\"kksr-icon\" style=\"width: 24px; height: 24px;\"><\/div>         <\/div>             <div class=\"kksr-star\" style=\"padding-right: 5px\">               <div class=\"kksr-icon\" style=\"width: 24px; height: 24px;\"><\/div>         <\/div>             <div class=\"kksr-star\" style=\"padding-right: 5px\">               <div class=\"kksr-icon\" style=\"width: 24px; height: 24px;\"><\/div>         <\/div>             <div class=\"kksr-star\" style=\"padding-right: 5px\">               <div class=\"kksr-icon\" style=\"width: 24px; height: 24px;\"><\/div>         <\/div>     <\/div> <\/div>                   <div class=\"kksr-legend\" style=\"font-size: 19.2px;\">             5\/5 - (5 votes)    <\/div>     <\/div>  <p>M\u00e1y \u00e9p vi\u00ean EPS l\u00e0 thi\u1ebft b\u1ecb chuy\u00ean nghi\u1ec7p trong ng\u00e0nh t\u00e1i ch\u1ebf x\u1ed1p nh\u1ef1a, chuy\u00ean d\u00f9ng cho x\u1ed1p ph\u1ebf th\u1ea3i (polystyrene). C\u1ea5u tr\u00fac m\u00e1y t\u1ea1o h\u1ea1t x\u1ed1p nh\u1ecf g\u1ecdn, h\u1ee3p l\u00fd, chi ph\u00ed \u0111\u1ea7u t\u01b0 th\u1ea5p l\u00e0 lo\u1ea1i m\u00e1y t\u00e1i ch\u1ebf EPS l\u00fd t\u01b0\u1edfng.<\/p>    <h2 class=\"wp-block-heading\" id=\"h-applications-of-eps-granulator\">\u1ee8ng d\u1ee5ng c\u1ee7a m\u00e1y t\u1ea1o h\u1ea1t EPS<\/h2>    <p class=\"translation-block\">M\u00e1y t\u00e1i ch\u1ebf polystyrene c\u00f3 th\u1ec3 \u0111\u01b0\u1ee3c k\u1ebft h\u1ee3p v\u1edbi m\u00e1y x\u00e9 x\u1ed1p v\u00e0 m\u00e1y c\u1eaft vi\u00ean, \u0111\u00f3 l\u00e0 thi\u1ebft b\u1ecb c\u01a1 b\u1ea3n c\u1ee7a <a href=\"https:\/\/plastic-machines.org\/vi\/product\/plastic-foam-pelletizing-line\/\">d\u00e2y chuy\u1ec1n t\u00e1i ch\u1ebf x\u1ed1p nh\u1ef1a<\/a>. D\u00e2y chuy\u1ec1n t\u00e1i ch\u1ebf c\u00f3 th\u1ec3 nghi\u1ec1n, \u00e9p, l\u00e0m l\u1ea1nh v\u00e0 t\u1ea1o h\u1ea1t nhanh ch\u00f3ng c\u00e1c h\u1ed9p x\u1ed1p th\u1ee9c \u0103n nhanh, h\u1ed9p x\u1ed1p t\u01b0\u01a1i, v\u1eadt li\u1ec7u c\u00e1ch nhi\u1ec7t, x\u1ed1p \u0111\u00f3ng g\u00f3i cho \u0111\u1ed3 n\u1ed9i th\u1ea5t, v.v. \u0111\u1ec3 r\u00e1c th\u1ea3i x\u1ed1p tr\u1edf th\u00e0nh h\u1ea1t EPS t\u00e1i ch\u1ebf b\u00e1n ch\u1ea1y nh\u1ea5t tr\u00ean th\u1ecb tr\u01b0\u1eddng. M\u00e1y t\u1ea1o h\u1ea1t x\u1ed1p \u0111\u00e1p \u1ee9ng c\u00e1c y\u00eau c\u1ea7u t\u1ea1o vi\u00ean ti\u00eau chu\u1ea9n cao c\u1ee7a x\u1ed1p nh\u1ef1a EPS si\u00eau th\u1ea5p.<\/p>   <div class=\"wp-block-image\"> <figure class=\"aligncenter size-full\"><img loading=\"lazy\" decoding=\"async\" width=\"720\" height=\"540\" src=\"https:\/\/plastic-machines.org\/wp-content\/uploads\/2022\/07\/raw-materials-.webp\" alt=\"nguy\u00ean li\u1ec7u c\u1ee7a m\u00e1y \u00e9p vi\u00ean EPS\" class=\"wp-image-326\" srcset=\"https:\/\/plastic-machines.org\/wp-content\/uploads\/2022\/07\/raw-materials-.webp 720w, https:\/\/plastic-machines.org\/wp-content\/uploads\/2022\/07\/raw-materials--300x225.webp 300w\" sizes=\"auto, (max-width: 720px) 100vw, 720px\" \/><figcaption class=\"wp-element-caption\">nguy\u00ean li\u1ec7u c\u1ee7a m\u00e1y \u00e9p vi\u00ean EPS<\/figcaption><\/figure> <\/div>   <h2 class=\"wp-block-heading\" id=\"h-final-product-of-eps-foam-pelletizing-machine\">S\u1ea3n ph\u1ea9m cu\u1ed1i c\u00f9ng c\u1ee7a m\u00e1y t\u1ea1o h\u1ea1t x\u1ed1p EPS<\/h2>    <p>Sau khi t\u00e1i ch\u1ebf vi\u00ean cu\u1ed1i c\u00f9ng l\u00e0 vi\u00ean t\u00e1i ch\u1ebf EPS, ch\u00fang c\u00f3 k\u1ebft c\u1ea5u c\u1ee9ng, k\u00edch th\u01b0\u1edbc \u0111\u1ed3ng \u0111\u1ec1u, \u0111\u1ed9 b\u00f3ng cao v\u00e0 c\u00f3 nhi\u1ec1u m\u1ee5c \u0111\u00edch s\u1eed d\u1ee5ng. C\u00e1c \u1ee9ng d\u1ee5ng ch\u00ednh bao g\u1ed3m x\u00e2y d\u1ef1ng c\u00e1c t\u1ea5m c\u00e1ch nhi\u1ec7t b\u00ean ngo\u00e0i, c\u00e1c b\u1ed9 ph\u1eadn trong su\u1ed1t c\u1ee7a c\u00e1c t\u00f2a nh\u00e0 c\u00f4ng c\u1ed9ng, d\u1ee5ng c\u1ee5 quang h\u1ecdc, m\u00f4 h\u00ecnh trong su\u1ed1t, v.v. C\u00e1c nh\u00e0 s\u1ea3n xu\u1ea5t c\u00f3 nhu c\u1ea7u cao ch\u1ee7 y\u1ebfu l\u00e0 nh\u00e0 m\u00e1y s\u1ea3n xu\u1ea5t t\u01b0\u1eddng c\u00e1ch nhi\u1ec7t t\u01b0\u1eddng ngo\u00e0i, nh\u00e0 m\u00e1y khung \u1ea3nh, nh\u00e0 m\u00e1y s\u1ea3n xu\u1ea5t b\u1ea3ng qu\u1ea3ng c\u00e1o.<\/p>   <div class=\"wp-block-image\"> <figure class=\"aligncenter size-full\"><img loading=\"lazy\" decoding=\"async\" width=\"720\" height=\"540\" src=\"https:\/\/plastic-machines.org\/wp-content\/uploads\/2022\/07\/EPS-pellets.webp\" alt=\"Vi\u00ean n\u00e9n EPS\" class=\"wp-image-318\" srcset=\"https:\/\/plastic-machines.org\/wp-content\/uploads\/2022\/07\/EPS-pellets.webp 720w, https:\/\/plastic-machines.org\/wp-content\/uploads\/2022\/07\/EPS-pellets-300x225.webp 300w\" sizes=\"auto, (max-width: 720px) 100vw, 720px\" \/><figcaption class=\"wp-element-caption\">Vi\u00ean n\u00e9n EPS<\/figcaption><\/figure> <\/div>   <h2 class=\"wp-block-heading\" id=\"h-plastic-foam-granulator-structures\">C\u1ea5u tr\u00fac m\u00e1y t\u1ea1o h\u1ea1t x\u1ed1p<\/h2>    <p>Nh\u00ecn chung, m\u00e1y t\u00e1i ch\u1ebf x\u1ed1p th\u01b0\u1eddng \u0111\u01b0\u1ee3c s\u1eed d\u1ee5ng k\u1ebft h\u1ee3p v\u1edbi m\u00e1y nghi\u1ec1n x\u1ed1p v\u00e0 b\u1ec3 l\u00e0m m\u00e1t. M\u00e1y h\u1ee7y x\u1ed1p d\u1ec5 d\u00e0ng c\u1ea5p li\u1ec7u h\u01a1n b\u1eb1ng c\u00e1ch s\u1eed d\u1ee5ng theo chi\u1ec1u ngang. M\u00e1y t\u1ea1o h\u1ea1t EPS bao g\u1ed3m m\u1ed9t m\u00e1y ti\u1ec3u li\u00ean, s\u1ef1 k\u1ebft h\u1ee3p n\u00e0y l\u00e0m cho nh\u1ef1a tan ch\u1ea3y k\u1ef9 h\u01a1n.<\/p>   <div class=\"wp-block-image\"> <figure class=\"aligncenter size-full\"><img loading=\"lazy\" decoding=\"async\" width=\"720\" height=\"540\" src=\"https:\/\/plastic-machines.org\/wp-content\/uploads\/2022\/07\/4-EPS-foam-granulator-machine-structure1.webp\" alt=\"C\u1ea5u tr\u00fac m\u00e1y t\u1ea1o b\u1ecdt x\u1ed1p EPS\" class=\"wp-image-320\" srcset=\"https:\/\/plastic-machines.org\/wp-content\/uploads\/2022\/07\/4-EPS-foam-granulator-machine-structure1.webp 720w, https:\/\/plastic-machines.org\/wp-content\/uploads\/2022\/07\/4-EPS-foam-granulator-machine-structure1-300x225.webp 300w\" sizes=\"auto, (max-width: 720px) 100vw, 720px\" \/><figcaption class=\"wp-element-caption\">C\u1ea5u tr\u00fac m\u00e1y t\u1ea1o b\u1ecdt x\u1ed1p EPS<\/figcaption><\/figure> <\/div>   <h2 class=\"wp-block-heading\">\u01afu \u0111i\u1ec3m c\u1ee7a m\u00e1y t\u00e1i ch\u1ebf EPS<\/h2>    <ul class=\"wp-block-list\"> <li>Nh\u00e0 s\u1ea3n xu\u1ea5t Shuliy c\u00f3 \u0111\u1ea7y \u0111\u1ee7 c\u00f4ng ngh\u1ec7 t\u00e1i ch\u1ebf nh\u1ef1a v\u00e0 ch\u1ea5t l\u01b0\u1ee3ng \u0111\u00e1ng tin c\u1eady. Ch\u00fang t\u00f4i c\u0169ng c\u00f3 m\u1ed9t d\u1ecbch v\u1ee5 h\u1eadu m\u00e3i ho\u00e0n h\u1ea3o. N\u1ebfu b\u1ea1n l\u00e0 ng\u01b0\u1eddi m\u1edbi, b\u1ea1n c\u00f3 th\u1ec3 y\u00ean t\u00e2m mua h\u00e0ng, c\u00e1c k\u1ef9 thu\u1eadt vi\u00ean chuy\u00ean nghi\u1ec7p c\u1ee7a ch\u00fang t\u00f4i s\u1ebd gi\u1ea3i th\u00edch c\u00e1ch v\u1eadn h\u00e0nh.<\/li>    <li>M\u00e1y t\u1ea1o h\u1ea1t nh\u1ef1a EPS \u0111\u01b0\u1ee3c l\u00e0m b\u1eb1ng th\u00e9p ch\u00ec k\u1ebft c\u1ea5u cacbon, b\u1ec1n, kh\u00f4ng d\u1ec5 bi\u1ebfn d\u1ea1ng, c\u00f3 c\u00f4ng su\u1ea5t cao v\u00e0 tu\u1ed5i th\u1ecd cao.<\/li>    <li>B\u1ed9 m\u00e1y \u00e9p vi\u00ean EPS c\u00f3 c\u01a1 s\u1edf v\u1eadt ch\u1ea5t h\u1ed7 tr\u1ee3 ho\u00e0n h\u1ea3o v\u00e0 bao ph\u1ee7 di\u1ec7n t\u00edch th\u00e0nh ph\u1ea9m nh\u1ecf v\u00e0 ch\u1ea5t l\u01b0\u1ee3ng cao.<\/li>    <li>M\u00e1y t\u1ea1o b\u1ecdt t\u1ea1o b\u1ecdt t\u1eadn d\u1ee5ng t\u1ed1i \u0111a h\u1ec7 th\u1ed1ng gia nhi\u1ec7t ma s\u00e1t \u00e1p su\u1ea5t cao v\u00e0 s\u1ea3n xu\u1ea5t gia nhi\u1ec7t t\u1ef1 \u0111\u1ed9ng, c\u00f3 th\u1ec3 tr\u00e1nh gia nhi\u1ec7t li\u00ean t\u1ee5c v\u00e0 ti\u1ebft ki\u1ec7m \u0111i\u1ec7n h\u01a1n, ti\u1ebft ki\u1ec7m n\u0103ng l\u01b0\u1ee3ng h\u01a1n.<\/li> <\/ul>    <h2 class=\"wp-block-heading\">Th\u00f4ng s\u1ed1 m\u00e1y t\u1ea1o h\u1ea1t x\u1ed1p EPS<\/h2>    <p>M\u00e1y t\u1ea1o h\u1ea1t EPS c\u00f3 s\u00e1u m\u1eabu, kh\u00e1ch h\u00e0ng c\u00f3 th\u1ec3 l\u1ef1a ch\u1ecdn m\u1ed9t m\u1eabu t\u00f9y theo nhu c\u1ea7u v\u00e0 c\u00f4ng su\u1ea5t c\u1ee7a m\u00ecnh.<\/p>    <figure class=\"wp-block-table\"><table><tbody><tr><td>Ng\u01b0\u1eddi m\u1eabu<\/td><td>C\u00f4ng su\u1ea5t (KG\/H)<\/td><td>\u0110\u1ed9ng c\u01a1 ch\u00ednh (KW)<\/td><\/tr><tr><td>220<br>(Gi\u1ea3m g\u1ea5p \u0111\u00f4i)<\/td><td>150-175<\/td><td>15<\/td><\/tr><tr><td>270<br>(Gi\u1ea3m g\u1ea5p \u0111\u00f4i)<\/td><td>200-225<\/td><td>18.5<\/td><\/tr><tr><td>220<br>(B\u1ed9 gi\u1ea3m t\u1ed1c \u0111\u01a1n)<\/td><td>150-175<\/td><td>15<\/td><\/tr><tr><td>270<br>(B\u1ed9 gi\u1ea3m t\u1ed1c \u0111\u01a1n)<\/td><td>200-225<\/td><td>18.5<\/td><\/tr><tr><td>320<br>(Gi\u1ea3m g\u1ea5p \u0111\u00f4i)<\/td><td>275-300<\/td><td>18.5<\/td><\/tr><tr><td>350<br>(Gi\u1ea3m g\u1ea5p \u0111\u00f4i)<\/td><td>325-375<\/td><td>22<\/td><\/tr><\/tbody><\/table><\/figure>    <h2 class=\"wp-block-heading\" id=\"h-plastic-foam-granulator-plant-display\">tr\u01b0ng b\u00e0y nh\u00e0 m\u00e1y m\u00e1y t\u00e1i ch\u1ebf EPS<\/h2>   <div class=\"wp-block-image\"> <figure class=\"aligncenter size-full\"><img loading=\"lazy\" decoding=\"async\" width=\"720\" height=\"540\" src=\"https:\/\/plastic-machines.org\/wp-content\/uploads\/2022\/07\/EPS-pelletizer.webp\" alt=\"m\u00e1y \u00e9p vi\u00ean EPS\" class=\"wp-image-202\" srcset=\"https:\/\/plastic-machines.org\/wp-content\/uploads\/2022\/07\/EPS-pelletizer.webp 720w, https:\/\/plastic-machines.org\/wp-content\/uploads\/2022\/07\/EPS-pelletizer-300x225.webp 300w\" sizes=\"auto, (max-width: 720px) 100vw, 720px\" \/><figcaption class=\"wp-element-caption\">M\u00e1y \u00e9p vi\u00ean EPS<\/figcaption><\/figure> <\/div>  <div class=\"wp-block-image\"> <figure class=\"aligncenter size-full\"><img loading=\"lazy\" decoding=\"async\" width=\"720\" height=\"540\" src=\"https:\/\/plastic-machines.org\/wp-content\/uploads\/2022\/07\/our-factory.webp\" alt=\"nh\u00e0 m\u00e1y c\u1ee7a ch\u00fang t\u00f4i v\u1ec1 m\u00e1y t\u00e1i ch\u1ebf b\u1ecdt nh\u1ef1a\" class=\"wp-image-205\" srcset=\"https:\/\/plastic-machines.org\/wp-content\/uploads\/2022\/07\/our-factory.webp 720w, https:\/\/plastic-machines.org\/wp-content\/uploads\/2022\/07\/our-factory-300x225.webp 300w\" sizes=\"auto, (max-width: 720px) 100vw, 720px\" \/><figcaption class=\"wp-element-caption\">Nh\u00e0 m\u00e1y Shuliy c\u1ee7a m\u00e1y t\u00e1i ch\u1ebf EPS<\/figcaption><\/figure> <\/div>   <h2 class=\"wp-block-heading\">B\u1ea3o tr\u00ec m\u00e1y \u00e9p vi\u00ean EPS <\/h2>    <p>B\u1ea5t k\u1ef3 lo\u1ea1i m\u00e1y n\u00e0o c\u0169ng c\u1ea7n \u0111\u01b0\u1ee3c b\u1ea3o tr\u00ec th\u01b0\u1eddng xuy\u00ean v\u00e0 m\u00e1y t\u1ea1o h\u1ea1t EPS c\u0169ng kh\u00f4ng ngo\u1ea1i l\u1ec7. Sau m\u1ed9t th\u1eddi gian s\u1eed d\u1ee5ng m\u00e1y nghi\u1ec1n vi\u00ean, m\u1ed9t s\u1ed1 kh\u00e1ch h\u00e0ng nh\u1eadn th\u1ea5y qu\u00e1 tr\u00ecnh quay c\u1ee7a m\u00e1y t\u00e1i ch\u1ebf b\u1ecdt c\u0169ng kh\u00f4ng c\u00f2n linh ho\u1ea1t nh\u01b0 tr\u01b0\u1edbc. Nguy\u00ean nh\u00e2n c\u1ee7a v\u1ea5n \u0111\u1ec1 n\u00e0y t\u01b0\u01a1ng \u0111\u1ed1i \u0111\u01a1n gi\u1ea3n. M\u00e1y thi\u1ebfu d\u1ea7u ho\u1eb7c do b\u1ee5i khung g\u1ea7m nhi\u1ec1u. Ch\u00fang t\u00f4i c\u00f3 th\u1ec3 ki\u1ec3m tra ho\u1ea1t \u0111\u1ed9ng c\u1ee7a c\u00e1c con l\u0103n s\u00e1u th\u00e1ng m\u1ed9t l\u1ea7n, b\u00f4i tr\u01a1n v\u00e0 thay th\u1ebf k\u1ecbp th\u1eddi c\u00e1c v\u00f2ng bi b\u1ecb m\u00f2n ho\u1eb7c h\u01b0 h\u1ecfng.<\/p>    <p>Ng\u01b0\u1eddi v\u1eadn h\u00e0nh n\u00ean l\u00e0m s\u1ea1ch c\u1ed1c d\u1ea7u, th\u00f9ng d\u1ea7u, \u0111\u01b0\u1eddng \u1ed1ng v\u00e0 b\u1ed9 l\u1ecdc sau 500 gi\u1edd s\u1ea3n xu\u1ea5t, sau \u0111\u00f3 th\u00eam d\u1ea7u l\u1ecdc m\u1edbi. L\u00e0m s\u1ea1ch b\u1ee5i b\u1ea9n trong h\u1ed9p \u0111i\u1ec1u khi\u1ec3n \u0111i\u1ec7n m\u1ed7i qu\u00fd ho\u1eb7c n\u1eeda n\u0103m m\u1ed9t l\u1ea7n, ki\u1ec3m tra l\u01b0\u1ee3ng d\u1ea7u b\u00f4i tr\u01a1n c\u1ee7a th\u00f9ng d\u1ea7u v\u00e0 b\u1ed5 sung l\u01b0\u1ee3ng d\u1ea7u b\u00f4i tr\u01a1n k\u1ecbp th\u1eddi.<\/p>    <h2 class=\"wp-block-heading\">D\u1ecbch v\u1ee5 c\u1ee7a m\u00e1y t\u1ea1o h\u1ea1t Shuliy Machinery EPS<\/h2>    <ul class=\"wp-block-list\"> <li>Ch\u00fang t\u00f4i cung c\u1ea5p d\u1ecbch v\u1ee5 t\u01b0 v\u1ea5n s\u1ea3n ph\u1ea9m mi\u1ec5n ph\u00ed nh\u01b0ng chuy\u00ean nghi\u1ec7p. Th\u00f4ng th\u01b0\u1eddng, nh\u00e2n vi\u00ean t\u01b0 v\u1ea5n b\u00e1n h\u00e0ng c\u1ee7a ch\u00fang t\u00f4i s\u1ebd tr\u1ea3 l\u1eddi trong v\u00f2ng 24 gi\u1edd.<\/li>    <li>Ch\u00fang t\u00f4i n\u1ed3ng nhi\u1ec7t ch\u00e0o \u0111\u00f3n b\u1ea1n \u0111\u1ebfn th\u0103m nh\u00e0 m\u00e1y c\u1ee7a ch\u00fang t\u00f4i \u0111\u1ec3 xem m\u00e1y t\u00e1i ch\u1ebf x\u1ed1p nh\u1ef1a EPS. N\u1ebfu b\u1ea1n kh\u00f4ng th\u1ec3 \u0111\u1ebfn th\u0103m nh\u00e0 m\u00e1y, nh\u00e2n vi\u00ean c\u1ee7a ch\u00fang t\u00f4i s\u1ebd g\u1eedi cho b\u1ea1n h\u00ecnh \u1ea3nh v\u00e0 video, vui l\u00f2ng li\u00ean h\u1ec7 v\u1edbi ch\u00fang t\u00f4i.<\/li>    <li>C\u00e1c k\u1ef9 s\u01b0 sau b\u00e1n h\u00e0ng s\u1eb5n s\u00e0ng h\u1ed7 tr\u1ee3 b\u1ea1n c\u00e0i \u0111\u1eb7t m\u00e1y. Sau khi m\u00e1y \u0111\u1ebfn, c\u00e1c k\u1ef9 s\u01b0 c\u1ee7a ch\u00fang t\u00f4i s\u1ebd tr\u1ef1c tuy\u1ebfn \u0111\u1ec3 gi\u00fap b\u1ea1n thi\u1ebft l\u1eadp v\u00e0 g\u1ee1 l\u1ed7i m\u00e1y.<\/li>    <li>T\u1ea5t c\u1ea3 c\u00e1c m\u00e1y t\u00e1i ch\u1ebf EPS c\u1ee7a Shuliy Machinery \u0111\u1ec1u \u0111\u01b0\u1ee3c b\u1ea3o h\u00e0nh mi\u1ec5n ph\u00ed m\u1ed9t n\u0103m. Vui l\u00f2ng li\u00ean h\u1ec7 v\u1edbi ch\u00fang t\u00f4i n\u1ebfu c\u00f3 th\u1eafc m\u1eafc.<\/li> <\/ul>","protected":false},"excerpt":{"rendered":"<p>EPS pelletizing machine is a professional equipment in the plastic foam recycling industry, which is specifically for waste styrofoam (polystyrene). The styrofoam granulator structure is compact and reasonable, and the investment cost is low, which is the ideal EPS recycling machine. Applications of EPS granulator The polystyrene recycling machine can be matched with a foam [&hellip;]<\/p>\n","protected":false},"author":1,"featured_media":442,"parent":0,"template":"","tags":[43],"product-type":[9],"class_list":["post-314","product","type-product","status-publish","has-post-thumbnail","hentry","tag-eps","product-type-plastic-pelletizer"],"taxonomy_info":{"post_tag":[{"value":43,"label":"EPS"}],"product-type":[{"value":9,"label":"Plastic Pelletizer"}]},"featured_image_src_large":["https:\/\/plastic-machines.org\/wp-content\/uploads\/2022\/06\/EPS-Pelletizing-Machine1.webp",720,540,false],"author_info":{"display_name":"Ella","author_link":"https:\/\/plastic-machines.org\/vi\/author\/admin\/"},"comment_info":"","_links":{"self":[{"href":"https:\/\/plastic-machines.org\/vi\/wp-json\/wp\/v2\/product\/314","targetHints":{"allow":["GET"]}}],"collection":[{"href":"https:\/\/plastic-machines.org\/vi\/wp-json\/wp\/v2\/product"}],"about":[{"href":"https:\/\/plastic-machines.org\/vi\/wp-json\/wp\/v2\/types\/product"}],"author":[{"embeddable":true,"href":"https:\/\/plastic-machines.org\/vi\/wp-json\/wp\/v2\/users\/1"}],"wp:featuredmedia":[{"embeddable":true,"href":"https:\/\/plastic-machines.org\/vi\/wp-json\/wp\/v2\/media\/442"}],"wp:attachment":[{"href":"https:\/\/plastic-machines.org\/vi\/wp-json\/wp\/v2\/media?parent=314"}],"wp:term":[{"taxonomy":"post_tag","embeddable":true,"href":"https:\/\/plastic-machines.org\/vi\/wp-json\/wp\/v2\/tags?post=314"},{"taxonomy":"product-type","embeddable":true,"href":"https:\/\/plastic-machines.org\/vi\/wp-json\/wp\/v2\/product-type?post=314"}],"curies":[{"name":"wp","href":"https:\/\/api.w.org\/{rel}","templated":true}]}}