{"id":302,"date":"2022-07-12T10:45:36","date_gmt":"2022-07-12T10:45:36","guid":{"rendered":"https:\/\/plastic-machines.org\/?post_type=product&#038;p=302"},"modified":"2026-01-29T14:58:38","modified_gmt":"2026-01-29T06:58:38","slug":"plastic-float-sink-tank","status":"publish","type":"product","link":"https:\/\/plastic-machines.org\/vi\/product\/plastic-float-sink-tank\/","title":{"rendered":"B\u1ec3 n\u1ed5i ch\u00ecm nh\u1ef1a \u0111\u1ec3 r\u1eeda v\u00e0 ph\u00e2n lo\u1ea1i m\u1ea3nh v\u1ee5n tinh khi\u1ebft cao"},"content":{"rendered":"<div class=\"kk-star-ratings kksr-auto kksr-align-left kksr-valign-top\"     data-payload='{&quot;align&quot;:&quot;left&quot;,&quot;id&quot;:&quot;302&quot;,&quot;slug&quot;:&quot;default&quot;,&quot;valign&quot;:&quot;top&quot;,&quot;ignore&quot;:&quot;&quot;,&quot;reference&quot;:&quot;auto&quot;,&quot;class&quot;:&quot;&quot;,&quot;count&quot;:&quot;1&quot;,&quot;legendonly&quot;:&quot;&quot;,&quot;readonly&quot;:&quot;&quot;,&quot;score&quot;:&quot;5&quot;,&quot;starsonly&quot;:&quot;&quot;,&quot;best&quot;:&quot;5&quot;,&quot;gap&quot;:&quot;5&quot;,&quot;greet&quot;:&quot;Rate this product&quot;,&quot;legend&quot;:&quot;5\\\/5 - (1 b\u00ecnh ch\u1ecdn)&quot;,&quot;size&quot;:&quot;24&quot;,&quot;title&quot;:&quot;Plastic Float Sink Tank for High-Purity Flake Washing Separating&quot;,&quot;width&quot;:&quot;142.5&quot;,&quot;_legend&quot;:&quot;{score}\\\/{best} - ({count} {votes})&quot;,&quot;font_factor&quot;:&quot;1.25&quot;}'>              <div class=\"kksr-stars\">      <div class=\"kksr-stars-inactive\">             <div class=\"kksr-star\" data-star=\"1\" style=\"padding-right: 5px\">               <div class=\"kksr-icon\" style=\"width: 24px; height: 24px;\"><\/div>         <\/div>             <div class=\"kksr-star\" data-star=\"2\" style=\"padding-right: 5px\">               <div class=\"kksr-icon\" style=\"width: 24px; height: 24px;\"><\/div>         <\/div>             <div class=\"kksr-star\" data-star=\"3\" style=\"padding-right: 5px\">               <div class=\"kksr-icon\" style=\"width: 24px; height: 24px;\"><\/div>         <\/div>             <div class=\"kksr-star\" data-star=\"4\" style=\"padding-right: 5px\">               <div class=\"kksr-icon\" style=\"width: 24px; height: 24px;\"><\/div>         <\/div>             <div class=\"kksr-star\" data-star=\"5\" style=\"padding-right: 5px\">               <div class=\"kksr-icon\" style=\"width: 24px; height: 24px;\"><\/div>         <\/div>     <\/div>      <div class=\"kksr-stars-active\" style=\"width: 142.5px;\">             <div class=\"kksr-star\" style=\"padding-right: 5px\">               <div class=\"kksr-icon\" style=\"width: 24px; height: 24px;\"><\/div>         <\/div>             <div class=\"kksr-star\" style=\"padding-right: 5px\">               <div class=\"kksr-icon\" style=\"width: 24px; height: 24px;\"><\/div>         <\/div>             <div class=\"kksr-star\" style=\"padding-right: 5px\">               <div class=\"kksr-icon\" style=\"width: 24px; height: 24px;\"><\/div>         <\/div>             <div class=\"kksr-star\" style=\"padding-right: 5px\">               <div class=\"kksr-icon\" style=\"width: 24px; height: 24px;\"><\/div>         <\/div>             <div class=\"kksr-star\" style=\"padding-right: 5px\">               <div class=\"kksr-icon\" style=\"width: 24px; height: 24px;\"><\/div>         <\/div>     <\/div> <\/div>                   <div class=\"kksr-legend\" style=\"font-size: 19.2px;\">             5\/5 - (1 b\u00ecnh ch\u1ecdn)    <\/div>     <\/div>  <p>B\u1ec3 ch\u00ecm phao nh\u1ef1a l\u00e0 m\u1ed9t trong nh\u1eefng lo\u1ea1i m\u00e1y ph\u1ed5 bi\u1ebfn nh\u1ea5t trong d\u00e2y chuy\u1ec1n t\u00e1i ch\u1ebf chai nh\u1ef1a hay c\u00f2n g\u1ecdi l\u00e0 b\u1ec3 t\u00e1ch PP PE. B\u1ec3 t\u00e1ch s\u1eed d\u1ee5ng c\u00e1c m\u1eadt \u0111\u1ed9 nh\u1ef1a kh\u00e1c nhau \u0111\u1ec3 lo\u1ea1i b\u1ecf n\u1eafp chai PP ho\u1eb7c PE, t\u1eeb \u0111\u00f3 l\u1ef1a ch\u1ecdn \u0111\u01b0\u1ee3c nh\u1eefng mi\u1ebfng PET s\u1ea1ch v\u00e0 \u0111\u1ea3m b\u1ea3o \u0111\u1ed9 tinh khi\u1ebft c\u1ee7a s\u1ea3n ph\u1ea9m.<\/p>    <h2 class=\"wp-block-heading\" id=\"h-pet-bottle-washing-machine-application\">\u1ee8ng d\u1ee5ng m\u00e1y r\u1eeda chai PET <\/h2>    <p class=\"translation-block\">N\u00f3i chung, chai PET t\u00e1i ch\u1ebf s\u1ebd \u0111\u01b0\u1ee3c \u0111\u01b0a v\u00e0o b\u1ec3 t\u00e1ch PP PE sau khi <a href=\"https:\/\/plastic-machines.org\/vi\/product\/plastic-bottle-crusher\/\">nghi\u1ec1n<\/a>. V\u00ec n\u1eafp chai nh\u1ef1a \u0111\u01b0\u1ee3c l\u00e0m t\u1eeb PP ho\u1eb7c PE, c\u1ea7n t\u00e1ch ch\u00fang ra kh\u1ecfi h\u1ea1t PET. Ch\u1ec9 sau khi v\u1eadt li\u1ec7u PET s\u1ea1ch \u0111\u01b0\u1ee3c t\u00e1ch ra, qu\u00e1 tr\u00ecnh l\u00e0m s\u1ea1ch ti\u1ebfp theo m\u1edbi c\u00f3 th\u1ec3 b\u1eaft \u0111\u1ea7u.<\/p>    <h2 class=\"wp-block-heading\">T\u1ea1i sao b\u1ed3n ph\u00e2n t\u00e1ch ch\u00ecm n\u1ed5i PET l\u1ea1i mang t\u00ednh chi\u1ebfn l\u01b0\u1ee3c?<\/h2>    <p>\u201cTrong th\u1ecb tr\u01b0\u1eddng rPET c\u1ea1nh tranh, \u0111\u1ed9 tinh khi\u1ebft c\u1ee7a m\u1ea3nh v\u1ee5n kh\u00f4ng ph\u1ea3i l\u00e0 m\u1ed9t \u0111\u1eb7c \u0111i\u1ec3m \u2014 \u0111\u00f3 l\u00e0 ti\u1ec1n t\u1ec7 c\u1ee7a b\u1ea1n. Ch\u1ec9 c\u1ea7n 1% \u00f4 nhi\u1ec5m PP\/PE trong m\u1ea3nh PET c\u1ee7a b\u1ea1n c\u00f3 th\u1ec3 gi\u1ea3m \u0111\u00e1ng k\u1ec3 gi\u00e1 tr\u1ecb th\u1ecb tr\u01b0\u1eddng c\u1ee7a v\u1eadt li\u1ec7u v\u00e0 gi\u1edbi h\u1ea1n \u1ee9ng d\u1ee5ng c\u1ee7a n\u00f3, khi\u1ebfn n\u00f3 kh\u00f4ng \u0111\u1ee7 ti\u00eau chu\u1ea9n cho c\u00e1c l\u0129nh v\u1ef1c l\u1ee3i nhu\u1eadn cao nh\u01b0 s\u1ea3n xu\u1ea5t s\u1ee3i ho\u1eb7c t\u00e1i ch\u1ebf chai th\u00e0nh chai. <\/p>    <p>The sink-float separation tank acts as the primary guardian of your product&#8217;s purity and, ultimately, your profitability. It is the most cost-effective bulk separation method to remove polyolefin (PP\/PE) caps and labels, ensuring the final rPET flakes meet stringent quality standards (e.g., contamination levels below 100ppm).&#8221;<\/p>    <h2 class=\"wp-block-heading\">Nh\u00e0 m\u00e1y tr\u01b0ng b\u00e0y b\u1ec3 phao nh\u1ef1a<\/h2>    <figure class=\"wp-block-gallery has-nested-images columns-default is-cropped wp-block-gallery-2 is-layout-flex wp-block-gallery-is-layout-flex\"> <figure class=\"wp-block-image size-large\"><img loading=\"lazy\" decoding=\"async\" width=\"720\" height=\"540\" data-id=\"305\" src=\"https:\/\/plastic-machines.org\/wp-content\/uploads\/2022\/07\/plastic-washing-tank.webp\" alt=\"b\u1ec3 r\u1eeda nh\u1ef1a\" class=\"wp-image-305\" srcset=\"https:\/\/plastic-machines.org\/wp-content\/uploads\/2022\/07\/plastic-washing-tank.webp 720w, https:\/\/plastic-machines.org\/wp-content\/uploads\/2022\/07\/plastic-washing-tank-300x225.webp 300w\" sizes=\"auto, (max-width: 720px) 100vw, 720px\" \/><figcaption class=\"wp-element-caption\">b\u1ec3 r\u1eeda nh\u1ef1a<\/figcaption><\/figure>    <figure class=\"wp-block-image size-large\"><img loading=\"lazy\" decoding=\"async\" width=\"720\" height=\"540\" data-id=\"306\" src=\"https:\/\/plastic-machines.org\/wp-content\/uploads\/2022\/07\/PP-PE-separating-tank-in-plant.webp\" alt=\"B\u1ec3 t\u00e1ch PP PE trong nh\u00e0 m\u00e1y\" class=\"wp-image-306\" srcset=\"https:\/\/plastic-machines.org\/wp-content\/uploads\/2022\/07\/PP-PE-separating-tank-in-plant.webp 720w, https:\/\/plastic-machines.org\/wp-content\/uploads\/2022\/07\/PP-PE-separating-tank-in-plant-300x225.webp 300w\" sizes=\"auto, (max-width: 720px) 100vw, 720px\" \/><figcaption class=\"wp-element-caption\">B\u1ec3 t\u00e1ch PP PE trong nh\u00e0 m\u00e1y<\/figcaption><\/figure> <\/figure>    <figure class=\"wp-block-gallery has-nested-images columns-default is-cropped wp-block-gallery-3 is-layout-flex wp-block-gallery-is-layout-flex\"> <figure class=\"wp-block-image size-large\"><img loading=\"lazy\" decoding=\"async\" width=\"720\" height=\"540\" data-id=\"307\" src=\"https:\/\/plastic-machines.org\/wp-content\/uploads\/2022\/07\/plastic-float-sink-tank-in-plant-.webp\" alt=\"b\u1ed3n r\u1eeda phao nh\u1ef1a trong nh\u00e0 m\u00e1y\" class=\"wp-image-307\" srcset=\"https:\/\/plastic-machines.org\/wp-content\/uploads\/2022\/07\/plastic-float-sink-tank-in-plant-.webp 720w, https:\/\/plastic-machines.org\/wp-content\/uploads\/2022\/07\/plastic-float-sink-tank-in-plant--300x225.webp 300w\" sizes=\"auto, (max-width: 720px) 100vw, 720px\" \/><figcaption class=\"wp-element-caption\">b\u1ed3n r\u1eeda phao nh\u1ef1a trong nh\u00e0 m\u00e1y<\/figcaption><\/figure>    <figure class=\"wp-block-image size-large\"><img loading=\"lazy\" decoding=\"async\" width=\"720\" height=\"540\" data-id=\"308\" src=\"https:\/\/plastic-machines.org\/wp-content\/uploads\/2022\/07\/plastic-float-sink-tank.webp\" alt=\"b\u1ed3n r\u1eeda phao nh\u1ef1a\" class=\"wp-image-308\" srcset=\"https:\/\/plastic-machines.org\/wp-content\/uploads\/2022\/07\/plastic-float-sink-tank.webp 720w, https:\/\/plastic-machines.org\/wp-content\/uploads\/2022\/07\/plastic-float-sink-tank-300x225.webp 300w\" sizes=\"auto, (max-width: 720px) 100vw, 720px\" \/><figcaption class=\"wp-element-caption\">b\u1ed3n r\u1eeda phao nh\u1ef1a<\/figcaption><\/figure> <\/figure>    <figure class=\"wp-block-gallery has-nested-images columns-default is-cropped wp-block-gallery-4 is-layout-flex wp-block-gallery-is-layout-flex\"> <figure class=\"wp-block-image size-large\"><img loading=\"lazy\" decoding=\"async\" width=\"720\" height=\"540\" data-id=\"310\" src=\"https:\/\/plastic-machines.org\/wp-content\/uploads\/2022\/07\/PET-Bottle-Washing-Separating-Machine.webp\" alt=\"b\u1ec3 ch\u00ecm nh\u1ef1a n\u1ed5i \u0111\u1ec3 t\u00e1i ch\u1ebf chai PET\" class=\"wp-image-310\" srcset=\"https:\/\/plastic-machines.org\/wp-content\/uploads\/2022\/07\/PET-Bottle-Washing-Separating-Machine.webp 720w, https:\/\/plastic-machines.org\/wp-content\/uploads\/2022\/07\/PET-Bottle-Washing-Separating-Machine-300x225.webp 300w\" sizes=\"auto, (max-width: 720px) 100vw, 720px\" \/><figcaption class=\"wp-element-caption\">b\u1ed3n r\u1eeda phao nh\u1ef1a<\/figcaption><\/figure>    <figure class=\"wp-block-image size-large\"><img loading=\"lazy\" decoding=\"async\" width=\"720\" height=\"540\" data-id=\"311\" src=\"https:\/\/plastic-machines.org\/wp-content\/uploads\/2022\/07\/PP-PE-separating-tank.webp\" alt=\"B\u1ec3 t\u00e1ch PP PE\" class=\"wp-image-311\" srcset=\"https:\/\/plastic-machines.org\/wp-content\/uploads\/2022\/07\/PP-PE-separating-tank.webp 720w, https:\/\/plastic-machines.org\/wp-content\/uploads\/2022\/07\/PP-PE-separating-tank-300x225.webp 300w\" sizes=\"auto, (max-width: 720px) 100vw, 720px\" \/><figcaption class=\"wp-element-caption\">B\u1ec3 t\u00e1ch PP PE<\/figcaption><\/figure> <\/figure>    <h2 class=\"wp-block-heading\">T\u1ea1i sao b\u1ea1n c\u1ea7n b\u1ed3n r\u1eeda phao nh\u1ef1a?<\/h2>    <p>H\u1ea7u h\u1ebft c\u00e1c chai n\u01b0\u1edbc gi\u1ea3i kh\u00e1t v\u00e0 chai n\u01b0\u1edbc kho\u00e1ng \u0111\u1ec1u \u0111\u01b0\u1ee3c l\u00e0m b\u1eb1ng nh\u1ef1a PET, v\u00e0 nh\u1ef1a PET l\u00e0 v\u1eadt li\u1ec7u c\u00f3 th\u1ec3 t\u00e1i ch\u1ebf 100%. Do \u0111\u00f3, c\u1ea3 nh\u1ef1a PET v\u00e0 rPET (nh\u1ef1a PET t\u00e1i ch\u1ebf) \u0111\u1ec1u c\u00f3 th\u1ec3 \u0111\u01b0\u1ee3c t\u00e1i ch\u1ebf \u0111\u1ec3 t\u1ea1o ra c\u00e1c s\u1ea3n ph\u1ea9m m\u1edbi nh\u01b0 qu\u1ea7n \u00e1o, th\u1ea3m, s\u1ea3n ph\u1ea9m c\u00f4ng nghi\u1ec7p v\u00e0 chai nh\u1ef1a m\u1edbi.<\/p>    <p class=\"translation-block\">Sau khi chai nh\u1ef1a \u0111\u01b0\u1ee3c nghi\u1ec1n nh\u1ecf, ch\u00fang c\u1ea7n \u0111\u01b0\u1ee3c nghi\u1ec1n l\u1ea1i v\u00e0 l\u00e0m s\u1ea1ch k\u1ef9 l\u01b0\u1ee1ng b\u1eb1ng b\u1ec3 ph\u00e2n t\u00e1ch PP PE, \u0111i\u1ec1u n\u00e0y \u0111\u01b0\u1ee3c th\u1ef1c hi\u1ec7n \u0111\u1ec3 thu \u0111\u01b0\u1ee3c m\u1ed9t lo\u1ea1i m\u1ea3nh v\u1ea3y PET duy nh\u1ea5t. Thay v\u00ec m\u1ed9t h\u1ed7n h\u1ee3p nh\u1ef1a tr\u1ed9n l\u1eabn v\u1edbi c\u00e1c m\u1ea3nh v\u1ea3y PP ho\u1eb7c PE. Nh\u1ef1a PET tinh khi\u1ebft \u0111\u01b0\u1ee3c t\u00e1i t\u1ea1o th\u00e0nh c\u00e1c h\u1ea1t nh\u1ef1a th\u00f4 trong m\u1ed9t khu\u00f4n v\u00e0 cu\u1ed1i c\u00f9ng \u0111\u01b0\u1ee3c s\u1eed d\u1ee5ng \u0111\u1ec3 s\u1ea3n xu\u1ea5t c\u00e1c s\u1ea3n ph\u1ea9m m\u1edbi. Do \u0111\u00f3, n\u00f3 c\u1ea7n thi\u1ebft trong m\u1ed9t <a href=\"https:\/\/plastic-machines.org\/vi\/product\/pet-bottle-recycling-line\/\">nh\u00e0 m\u00e1y t\u00e1i ch\u1ebf chai PET<\/a>.<\/p>    <h2 class=\"wp-block-heading\">C\u00e1ch ho\u1ea1t \u0111\u1ed9ng: Nh\u00ecn v\u00e0o qu\u00e1 tr\u00ecnh ph\u00e2n t\u00e1ch<\/h2>    <p>B\u1ed3n ch\u00ecm n\u1ed5i c\u1ee7a ch\u00fang t\u00f4i d\u1ef1a tr\u00ean nguy\u00ean t\u1eafc c\u01a1 b\u1ea3n c\u1ee7a m\u1eadt \u0111\u1ed9 v\u1eadt li\u1ec7u trong m\u1ed9t quy tr\u00ecnh \u0111\u01b0\u1ee3c thi\u1ebft k\u1ebf t\u1ec9 m\u1ec9:<\/p>    <ul class=\"wp-block-list\"> <li>\u0110\u1ea7u v\u00e0o: C\u00e1c m\u1ea3nh nh\u1ef1a \u0111\u00e3 nghi\u1ec1n v\u00e0 r\u1eeda s\u01a1 b\u1ed9 (k\u1ebft h\u1ee3p PET, PP, PE) \u0111\u01b0\u1ee3c \u0111\u01b0a v\u00e0o b\u1ed3n ch\u1ee9a \u0111\u1ea7y n\u01b0\u1edbc.<\/li>    <li>Ph\u00e2n t\u00e1ch: Do m\u1eadt \u0111\u1ed9 cao h\u01a1n (&gt;1.3 g\/cm\u00b3), m\u1ea3nh PET ngay l\u1eadp t\u1ee9c b\u1eaft \u0111\u1ea7u ch\u00ecm. Ng\u01b0\u1ee3c l\u1ea1i, PP v\u00e0 PE t\u1eeb n\u1eafp chai v\u00e0 ph\u1ea7n nh\u00e3n, c\u00f3 m\u1eadt \u0111\u1ed9 &lt;1.0 g\/cm\u00b3, n\u1ed5i l\u00ean m\u1eb7t n\u01b0\u1edbc.<\/li>    <li>X\u1ea3 PET: M\u1ed9t b\u0103ng t\u1ea3i tr\u1ee5c xoay ch\u1eadm (ho\u1eb7c s\u00e0ng x\u00edch), \u0111\u01b0\u1ee3c thi\u1ebft k\u1ebf \u0111\u1ec3 gi\u1ea3m thi\u1ec3u s\u1ef1 x\u00e1o tr\u1ed9n c\u1ee7a n\u01b0\u1edbc, v\u1eadn chuy\u1ec3n c\u00e1c m\u1ea3nh PET ch\u00ecm d\u1ecdc theo chi\u1ec1u d\u00e0i c\u1ee7a b\u1ed3n. Ch\u00fang sau \u0111\u00f3 \u0111\u01b0\u1ee3c x\u1ea3 qua thang m\u00e1y v\u00edt nghi\u00eang, gi\u00fap t\u00e1ch n\u01b0\u1edbc kh\u1ecfi v\u1eadt li\u1ec7u.<\/li>    <li>Lo\u1ea1i b\u1ecf ch\u1ea5t g\u00e2y \u00f4 nhi\u1ec5m: \u0110\u1ed3ng th\u1eddi, c\u00e1c c\u00e1nh qu\u1ea1t quay tr\u00ean c\u00f9ng nh\u1eb9 nh\u00e0ng \u0111\u1ea9y c\u00e1c ch\u1ea5t g\u00e2y \u00f4 nhi\u1ec5m PP\/PE n\u1ed5i l\u00ean v\u1ec1 ph\u00eda c\u1ed5ng x\u1ea3 b\u00ean ho\u1eb7c m\u1ed9t tr\u1ed1ng quay \u0111\u1ec3 lo\u1ea1i b\u1ecf t\u1ef1 \u0111\u1ed9ng. M\u1ed9t t\u1ea5m ch\u1eafn chi\u1ebfn l\u01b0\u1ee3c ng\u0103n ch\u1eb7n c\u00e1c ch\u1ea5t g\u00e2y \u00f4 nhi\u1ec5m n\u00e0y v\u00e0o d\u00f2ng x\u1ea3 PET.<\/li> <\/ul>    <p>L\u01b0u \u00fd quan tr\u1ecdng: Trong khi r\u1ea5t hi\u1ec7u qu\u1ea3 cho PP\/PE, ph\u01b0\u01a1ng ph\u00e1p n\u00e0y kh\u00f4ng th\u1ec3 t\u00e1ch c\u00e1c ch\u1ea5t g\u00e2y \u00f4 nhi\u1ec5m c\u00f3 m\u1eadt \u0111\u1ed9 t\u01b0\u01a1ng t\u1ef1 PET, ch\u1eb3ng h\u1ea1n nh\u01b0 PVC. \u0110\u00f3 l\u00e0 l\u00fd do t\u1ea1i sao m\u1ed9t giai \u0111o\u1ea1n ph\u00e2n lo\u1ea1i s\u01a1 b\u1ed9 v\u1eefng ch\u1eafc l\u00e0 c\u1ea7n thi\u1ebft.<\/p>    <p>M\u00e1y r\u1eeda chai pet s\u1eed d\u1ee5ng n\u01b0\u1edbc l\u00e0m m\u00f4i tr\u01b0\u1eddng \u0111\u1ec3 t\u00e1ch n\u1eafp PP v\u00e0 PE ra kh\u1ecfi m\u1ea3nh PET, \u0111\u1ed3ng th\u1eddi, n\u00f3 c\u0169ng c\u00f3 th\u1ec3 l\u00e0m s\u1ea1ch m\u1ea3nh PET. Khi chai nh\u1ef1a nghi\u1ec1n v\u00e0o m\u00e1y, n\u1eafp chai nh\u1ef1a c\u00f3 m\u1eadt \u0111\u1ed9 th\u1ea5p h\u01a1n n\u01b0\u1edbc s\u1ebd n\u1ed5i tr\u00ean m\u1eb7t n\u01b0\u1edbc.<\/p>    <p>V\u00ec n\u1eafp chai nh\u1ef1a \u0111\u01b0\u1ee3c l\u00e0m t\u1eeb ch\u1ea5t li\u1ec7u PP v\u00e0 PE n\u00ean ch\u00fang \u0111\u1ec1u c\u00f3 t\u1ef7 tr\u1ecdng nh\u1ecf h\u01a1n n\u01b0\u1edbc n\u00ean s\u1ebd n\u1ed5i tr\u00ean m\u1eb7t n\u01b0\u1edbc, c\u00f2n c\u00e1c m\u1ea3nh chai PET \u0111\u1eb7c h\u01a1n s\u1ebd ch\u00ecm xu\u1ed1ng \u0111\u00e1y, \u0111\u00e2y l\u00e0 m\u1ed9t trong nh\u1eefng c\u00e1ch d\u1ec5 d\u00e0ng v\u00e0 hi\u1ec7u qu\u1ea3 nh\u1ea5t. c\u00e1ch \u0111\u1ec3 t\u00e1ch v\u1eadt li\u1ec7u PET s\u1ea1ch.<\/p>    <h2 class=\"wp-block-heading\">C\u00e1c \u0111\u1eb7c \u0111i\u1ec3m ch\u00ednh c\u1ee7a b\u1ed3n ph\u00e2n t\u00e1ch ch\u00ecm n\u1ed5i PET<\/h2>    <ul class=\"wp-block-list\"> <li>C\u1ea5u tr\u00fac v\u1eadt li\u1ec7u ch\u1eafc ch\u1eafn: T\u1ea5t c\u1ea3 c\u00e1c b\u1ed9 ph\u1eadn ti\u1ebfp x\u00fac v\u1edbi n\u01b0\u1edbc v\u00e0 nh\u1ef1a \u0111\u1ec1u l\u00e0m b\u1eb1ng th\u00e9p kh\u00f4ng g\u1ec9 lo\u1ea1i 304 \u0111\u1ec3 ng\u0103n ng\u1eeba r\u1ec9 s\u00e9t v\u00e0 \u00f4 nhi\u1ec5m s\u1ea3n ph\u1ea9m, \u0111\u1ea3m b\u1ea3o tu\u1ed5i th\u1ecd d\u00e0i. Khung \u0111\u01b0\u1ee3c l\u00e0m t\u1eeb th\u00e9p carbon ch\u1ecbu l\u1ef1c \u0111\u1ec3 \u0111\u1ea3m b\u1ea3o k\u1ebft c\u1ea5u.<\/li>    <li>K\u00edch th\u01b0\u1edbc b\u1ed3n t\u1ed1i \u01b0u: C\u00e1c m\u00f4 h\u00ecnh ti\u00eau chu\u1ea9n c\u1ee7a ch\u00fang t\u00f4i cung c\u1ea5p t\u1ef7 l\u1ec7 chi\u1ec1u d\u00e0i tr\u00ean chi\u1ec1u r\u1ed9ng \u0111\u00e3 \u0111\u01b0\u1ee3c ch\u1ee9ng minh \u0111\u1ec3 t\u1ed1i \u01b0u h\u00f3a th\u1eddi gian l\u01b0u c\u1ee7a v\u1eadt li\u1ec7u, t\u1ed1i \u0111a h\u00f3a hi\u1ec7u qu\u1ea3 ph\u00e2n t\u00e1ch. C\u00e1c k\u00edch th\u01b0\u1edbc t\u00f9y ch\u1ec9nh c\u00f3 s\u1eb5n \u0111\u1ec3 ph\u00f9 h\u1ee3p v\u1edbi b\u1ed1 tr\u00ed nh\u00e0 m\u00e1y v\u00e0 nhu c\u1ea7u c\u00f4ng su\u1ea5t c\u1ee7a b\u1ea1n.<\/li>    <li>H\u1ec7 th\u1ed1ng v\u1eadn chuy\u1ec3n hi\u1ec7u qu\u1ea3: Ch\u00fang t\u00f4i cung c\u1ea5p c\u1ea3 b\u0103ng t\u1ea3i v\u00edt cho c\u00e1c \u1ee9ng d\u1ee5ng ti\u00eau chu\u1ea9n v\u00e0 s\u00e0ng x\u00edch ch\u1ecbu l\u1ef1c n\u1eb7ng cho c\u00f4ng su\u1ea5t cao h\u01a1n ho\u1eb7c v\u1eadt li\u1ec7u m\u00e0i m\u00f2n h\u01a1n, \u0111\u1ea3m b\u1ea3o ho\u1ea1t \u0111\u1ed9ng \u0111\u00e1ng tin c\u1eady, kh\u00f4ng k\u1eb9t.<\/li>    <li>Tu\u1ea7n ho\u00e0n n\u01b0\u1edbc t\u00edch h\u1ee3p (T\u00f9y ch\u1ecdn): \u0110\u1ec3 gi\u1ea3m ti\u00eau th\u1ee5 n\u01b0\u1edbc, h\u1ec7 th\u1ed1ng c\u1ee7a ch\u00fang t\u00f4i c\u00f3 th\u1ec3 \u0111\u01b0\u1ee3c trang b\u1ecb b\u01a1m l\u1ecdc n\u01b0\u1edbc v\u00e0 tu\u1ea7n ho\u00e0n, gi\u1ea3m \u0111\u00e1ng k\u1ec3 chi ph\u00ed v\u1eadn h\u00e0nh c\u1ee7a b\u1ea1n.<\/li>    <li>Truy c\u1eadp b\u1ea3o tr\u00ec d\u1ec5 d\u00e0ng: Thi\u1ebft k\u1ebf v\u1edbi ng\u01b0\u1eddi v\u1eadn h\u00e0nh trong t\u00e2m tr\u00ed, c\u00e1c b\u1ed3n c\u1ee7a ch\u00fang t\u00f4i c\u00f3 c\u1eeda l\u00e0m s\u1ea1ch l\u1edbn v\u00e0 c\u00e1c th\u00e0nh ph\u1ea7n d\u1ec5 ti\u1ebfp c\u1eadn \u0111\u1ec3 b\u1ea3o tr\u00ec \u0111\u01a1n gi\u1ea3n v\u00e0 gi\u1ea3m th\u1eddi gian ch\u1ebft.<\/li> <\/ul>    <h2 class=\"wp-block-heading\">Th\u00f4ng s\u1ed1 k\u1ef9 thu\u1eadt: B\u1ed3n ph\u00e2n t\u00e1ch ch\u00ecm n\u1ed5i d\u00f2ng SL<\/h2>    <figure class=\"wp-block-table\"><table><thead><tr><th>Tham s\u1ed1<\/th><th>S\u1ef1 ch\u1ec9 r\u00f5<\/th><th>Ghi ch\u00fa<\/th><\/tr><\/thead><tbody><tr><td><strong>Ng\u01b0\u1eddi m\u1eabu<\/strong><\/td><td>SL-500 \/ SL-1000 \/ SL-2000<\/td><td>Ho\u1eb7c li\u1ec7t k\u00ea l\u00e0 \u201cT\u00f9y ch\u1ec9nh\u201d<\/td><\/tr><tr><td><strong>N\u0103ng l\u1ef1c x\u1eed l\u00fd<\/strong><\/td><td>500 \u2013 3.000 kg\/h<\/td><td>Thay \u0111\u1ed5i t\u00f9y theo m\u00f4 h\u00ecnh v\u00e0 t\u00ecnh tr\u1ea1ng v\u1eadt li\u1ec7u<\/td><\/tr><tr><td><strong>K\u00edch th\u01b0\u1edbc b\u1ed3n (D\u00e0i\u00d7R\u1ed9ng\u00d7Cao)<\/strong><\/td><td>T\u00f9y ch\u1ec9nh<\/td><td>K\u00edch th\u01b0\u1edbc ti\u00eau chu\u1ea9n c\u00f3 s\u1eb5n theo y\u00eau c\u1ea7u<\/td><\/tr><tr><td><strong>V\u1eadt li\u1ec7u b\u00ean trong<\/strong><\/td><td><strong>Th\u00e9p kh\u00f4ng g\u1ec9 SUS304<\/strong><\/td><td>\u0110\u1ea3m b\u1ea3o kh\u00f4ng c\u00f3 \u00f4 nhi\u1ec5m r\u1ec9 s\u00e9t, tu\u1ed5i th\u1ecd d\u00e0i<\/td><\/tr><tr><td><strong>Khung b\u00ean ngo\u00e0i<\/strong><\/td><td>Th\u00e9p Carbon ch\u1ecbu l\u1ef1c<\/td><td>Ph\u1ee7 l\u1edbp s\u01a1n ch\u1ed1ng r\u1ec9 ch\u1ed1ng \u0103n m\u00f2n bi\u1ec3n<\/td><\/tr><tr><td><strong>H\u1ec7 th\u1ed1ng v\u1eadn chuy\u1ec3n PET<\/strong><\/td><td>B\u0103ng t\u1ea3i tr\u1ee5c d\u01b0\u1edbi (Ti\u00eau chu\u1ea9n)<\/td><td>C\u00f3 s\u00e0ng x\u00edch cho c\u00f4ng su\u1ea5t cao h\u01a1n<\/td><\/tr><tr><td><strong>Lo\u1ea1i b\u1ecf t\u1ea1p ch\u1ea5t n\u1ed5i<\/strong><\/td><td>C\u00e1c c\u00e1nh qu\u1ea1t quay tr\u00ean c\u00f9ng<\/td><td>X\u1ea3 t\u1ef1 \u0111\u1ed9ng v\u00e0o c\u1ed5ng ri\u00eang<\/td><\/tr><tr><td><strong>C\u00f4ng su\u1ea5t \u0111\u1ed9ng c\u01a1 t\u1ed5ng c\u1ed9ng<\/strong><\/td><td>3 kW \u2013 11 kW<\/td><td>T\u00f9y thu\u1ed9c v\u00e0o c\u00f4ng su\u1ea5t v\u00e0 c\u1ea5u h\u00ecnh<\/td><\/tr><tr><td><strong>\u0110i\u1ec7n \u00e1p<\/strong><\/td><td>380V\/50Hz\/3P (T\u00f9y ch\u1ec9nh \u0111\u01b0\u1ee3c)<\/td><td>C\u00f3 th\u1ec3 th\u00edch nghi v\u1edbi ti\u00eau chu\u1ea9n c\u1ee7a b\u1ea5t k\u1ef3 qu\u1ed1c gia n\u00e0o<\/td><\/tr><tr><td><strong>H\u1ec7 th\u1ed1ng \u0111i\u1ec1u khi\u1ec3n<\/strong><\/td><td>T\u1ee7 \u0111i\u1ec1u khi\u1ec3n \u0111\u1ed9c l\u1eadp<\/td><td>V\u1edbi \u0111i\u1ec1u khi\u1ec3n t\u1ea7n s\u1ed1 (VFD) cho \u0111\u1ed9ng c\u01a1<\/td><\/tr><\/tbody><\/table><\/figure>","protected":false},"excerpt":{"rendered":"<p>The plastic float sink tank is one of the most popular machines in the plastic bottle recycling line, which is also called the PP PE separating tank. The separating tank uses different plastic densities to reject PP or PE bottle caps, thus selecting clean PET pieces and ensuring the purity of the product. PET bottle [&hellip;]<\/p>\n","protected":false},"author":1,"featured_media":457,"parent":0,"template":"","tags":[54,35],"product-type":[14,27],"class_list":["post-302","product","type-product","status-publish","has-post-thumbnail","hentry","tag-float","tag-pet","product-type-plastic-cleaning-drying-equipment","product-type-separation-technology"],"taxonomy_info":{"post_tag":[{"value":54,"label":"float"},{"value":35,"label":"PET"}],"product-type":[{"value":14,"label":"Plastic Cleaning&amp;Drying equipment"},{"value":27,"label":"Separation Technology"}]},"featured_image_src_large":["https:\/\/plastic-machines.org\/wp-content\/uploads\/2022\/06\/washing-and-sorting-tank1.webp",720,540,false],"author_info":{"display_name":"Ella","author_link":"https:\/\/plastic-machines.org\/vi\/author\/admin\/"},"comment_info":"","_links":{"self":[{"href":"https:\/\/plastic-machines.org\/vi\/wp-json\/wp\/v2\/product\/302","targetHints":{"allow":["GET"]}}],"collection":[{"href":"https:\/\/plastic-machines.org\/vi\/wp-json\/wp\/v2\/product"}],"about":[{"href":"https:\/\/plastic-machines.org\/vi\/wp-json\/wp\/v2\/types\/product"}],"author":[{"embeddable":true,"href":"https:\/\/plastic-machines.org\/vi\/wp-json\/wp\/v2\/users\/1"}],"wp:featuredmedia":[{"embeddable":true,"href":"https:\/\/plastic-machines.org\/vi\/wp-json\/wp\/v2\/media\/457"}],"wp:attachment":[{"href":"https:\/\/plastic-machines.org\/vi\/wp-json\/wp\/v2\/media?parent=302"}],"wp:term":[{"taxonomy":"post_tag","embeddable":true,"href":"https:\/\/plastic-machines.org\/vi\/wp-json\/wp\/v2\/tags?post=302"},{"taxonomy":"product-type","embeddable":true,"href":"https:\/\/plastic-machines.org\/vi\/wp-json\/wp\/v2\/product-type?post=302"}],"curies":[{"name":"wp","href":"https:\/\/api.w.org\/{rel}","templated":true}]}}