{"id":293,"date":"2022-07-12T03:44:55","date_gmt":"2022-07-12T03:44:55","guid":{"rendered":"https:\/\/plastic-machines.org\/?post_type=product&#038;p=293"},"modified":"2025-11-14T16:03:42","modified_gmt":"2025-11-14T08:03:42","slug":"pet-flakes-friction-washer","status":"publish","type":"product","link":"https:\/\/plastic-machines.org\/vi\/product\/pet-flakes-friction-washer\/","title":{"rendered":"M\u00e1y gi\u1eb7t ma s\u00e1t m\u1ea3nh PET \u0111\u1ec3 r\u1eeda chai"},"content":{"rendered":"<div class=\"kk-star-ratings kksr-auto kksr-align-left kksr-valign-top\"     data-payload='{&quot;align&quot;:&quot;left&quot;,&quot;id&quot;:&quot;293&quot;,&quot;slug&quot;:&quot;default&quot;,&quot;valign&quot;:&quot;top&quot;,&quot;ignore&quot;:&quot;&quot;,&quot;reference&quot;:&quot;auto&quot;,&quot;class&quot;:&quot;&quot;,&quot;count&quot;:&quot;2&quot;,&quot;legendonly&quot;:&quot;&quot;,&quot;readonly&quot;:&quot;&quot;,&quot;score&quot;:&quot;5&quot;,&quot;starsonly&quot;:&quot;&quot;,&quot;best&quot;:&quot;5&quot;,&quot;gap&quot;:&quot;5&quot;,&quot;greet&quot;:&quot;Rate this product&quot;,&quot;legend&quot;:&quot;5\\\/5 - (2 b\u00ecnh ch\u1ecdn)&quot;,&quot;size&quot;:&quot;24&quot;,&quot;title&quot;:&quot;PET Flakes Friction Washer Machine for Bottle Washing&quot;,&quot;width&quot;:&quot;142.5&quot;,&quot;_legend&quot;:&quot;{score}\\\/{best} - ({count} {votes})&quot;,&quot;font_factor&quot;:&quot;1.25&quot;}'>              <div class=\"kksr-stars\">      <div class=\"kksr-stars-inactive\">             <div class=\"kksr-star\" data-star=\"1\" style=\"padding-right: 5px\">               <div class=\"kksr-icon\" style=\"width: 24px; height: 24px;\"><\/div>         <\/div>             <div class=\"kksr-star\" data-star=\"2\" style=\"padding-right: 5px\">               <div class=\"kksr-icon\" style=\"width: 24px; height: 24px;\"><\/div>         <\/div>             <div class=\"kksr-star\" data-star=\"3\" style=\"padding-right: 5px\">               <div class=\"kksr-icon\" style=\"width: 24px; height: 24px;\"><\/div>         <\/div>             <div class=\"kksr-star\" data-star=\"4\" style=\"padding-right: 5px\">               <div class=\"kksr-icon\" style=\"width: 24px; height: 24px;\"><\/div>         <\/div>             <div class=\"kksr-star\" data-star=\"5\" style=\"padding-right: 5px\">               <div class=\"kksr-icon\" style=\"width: 24px; height: 24px;\"><\/div>         <\/div>     <\/div>      <div class=\"kksr-stars-active\" style=\"width: 142.5px;\">             <div class=\"kksr-star\" style=\"padding-right: 5px\">               <div class=\"kksr-icon\" style=\"width: 24px; height: 24px;\"><\/div>         <\/div>             <div class=\"kksr-star\" style=\"padding-right: 5px\">               <div class=\"kksr-icon\" style=\"width: 24px; height: 24px;\"><\/div>         <\/div>             <div class=\"kksr-star\" style=\"padding-right: 5px\">               <div class=\"kksr-icon\" style=\"width: 24px; height: 24px;\"><\/div>         <\/div>             <div class=\"kksr-star\" style=\"padding-right: 5px\">               <div class=\"kksr-icon\" style=\"width: 24px; height: 24px;\"><\/div>         <\/div>             <div class=\"kksr-star\" style=\"padding-right: 5px\">               <div class=\"kksr-icon\" style=\"width: 24px; height: 24px;\"><\/div>         <\/div>     <\/div> <\/div>                   <div class=\"kksr-legend\" style=\"font-size: 19.2px;\">             5\/5 - (2 \u0111\u00e1nh gi\u00e1)    <\/div>     <\/div>  <p>M\u00e1y gi\u1eb7t ma s\u00e1t v\u1ea3y PET d\u00f9ng \u0111\u1ec3 l\u00e0m s\u1ea1ch c\u00e1c m\u1ea3nh nh\u1ef1a b\u1ea9n, n\u00f3 l\u00e0 m\u1ed9t trong nh\u1eefng thi\u1ebft b\u1ecb c\u1ea7n thi\u1ebft cho qu\u00e1 tr\u00ecnh t\u00e1i ch\u1ebf nh\u1ef1a v\u00e0 ch\u1ee7 y\u1ebfu d\u00f9ng cho d\u00e2y chuy\u1ec1n l\u00e0m s\u1ea1ch chai nh\u1ef1a PET. M\u00e1y gi\u1eb7t ma s\u00e1t b\u1eb1ng nh\u1ef1a c\u00f3 th\u1ec3 \u0111\u01b0\u1ee3c trang b\u1ecb b\u0103ng t\u1ea3i v\u1eadt li\u1ec7u theo nhu c\u1ea7u c\u1ee7a kh\u00e1ch h\u00e0ng v\u00e0 k\u00edch th\u01b0\u1edbc c\u00f3 th\u1ec3 \u0111\u01b0\u1ee3c t\u00f9y ch\u1ec9nh.<\/p>    <h2 class=\"wp-block-heading\" id=\"h-introduction-of-pet-flakes-friction-washer\">Gi\u1edbi thi\u1ec7u m\u00e1y gi\u1eb7t ma s\u00e1t m\u1ea3nh PET<\/h2>    <p class=\"translation-block\">M\u00e1y gi\u1eb7t chai nh\u1ef1a l\u00e0 thi\u1ebft b\u1ecb l\u00e0m s\u1ea1ch PET chai flake hi\u1ec7u qu\u1ea3. Trong <a href=\"https:\/\/plastic-machines.org\/vi\/product\/pet-bottle-recycling-line\/\">d\u00e2y chuy\u1ec1n l\u00e0m s\u1ea1ch PET<\/a> ti\u00eau chu\u1ea9n c\u1ee7a ch\u00fang t\u00f4i, m\u00e1y gi\u1eb7t t\u1ed1c \u0111\u1ed9 cao n\u00e0y s\u1ebd l\u00e0m s\u1ea1ch th\u00eam c\u00e1c m\u1ea3nh nh\u1ef1a b\u1eb1ng n\u01b0\u1edbc l\u1ea1nh sau khi nguy\u00ean li\u1ec7u \u0111\u00e3 \u0111\u01b0\u1ee3c r\u1eeda n\u00f3ng.<\/p>    <p>Khi m\u00e1y gi\u1eb7t nh\u1ef1a ho\u1ea1t \u0111\u1ed9ng, tr\u1ee5c v\u00edt b\u00ean trong quay v\u1edbi t\u1ed1c \u0111\u1ed9 cao, t\u1ed1c \u0111\u1ed9 quay nhanh khi\u1ebfn c\u00e1c ch\u1ea5t b\u1ea9n b\u00e1m tr\u00ean t\u1ea5m nh\u1ef1a r\u01a1i ra v\u00e0 v\u1ee1 th\u00e0nh c\u00e1c h\u1ea1t nh\u1ecf. \u1ed0ng s\u00e0ng b\u00ean trong c\u1ee7a m\u00e1y r\u1eeda chai nh\u1ef1a \u0111\u01b0\u1ee3c s\u1eed d\u1ee5ng nh\u01b0 m\u1ed9t thi\u1ebft b\u1ecb kh\u1eed n\u01b0\u1edbc \u0111\u1ec3 l\u1ecdc c\u00e1c ch\u1ea5t g\u00e2y \u00f4 nhi\u1ec5m. Th\u1eddi gian l\u00e0m s\u1ea1ch c\u1ee7a nh\u1ef1a c\u00f3 th\u1ec3 \u0111\u01b0\u1ee3c \u0111i\u1ec1u ch\u1ec9nh t\u00f9y theo m\u1ee9c \u0111\u1ed9 \u00f4 nhi\u1ec5m.<\/p>    <figure class=\"wp-block-gallery has-nested-images columns-default is-cropped wp-block-gallery-2 is-layout-flex wp-block-gallery-is-layout-flex\"> <figure class=\"wp-block-image size-large\"><img loading=\"lazy\" decoding=\"async\" width=\"720\" height=\"540\" data-id=\"296\" src=\"https:\/\/plastic-machines.org\/wp-content\/uploads\/2022\/07\/plastic-friction-washer.webp\" alt=\"m\u00e1y gi\u1eb7t ma s\u00e1t nh\u1ef1a\" class=\"wp-image-296\" srcset=\"https:\/\/plastic-machines.org\/wp-content\/uploads\/2022\/07\/plastic-friction-washer.webp 720w, https:\/\/plastic-machines.org\/wp-content\/uploads\/2022\/07\/plastic-friction-washer-300x225.webp 300w\" sizes=\"auto, (max-width: 720px) 100vw, 720px\" \/><figcaption class=\"wp-element-caption\">m\u00e1y gi\u1eb7t ma s\u00e1t nh\u1ef1a<\/figcaption><\/figure>    <figure class=\"wp-block-image size-large\"><img loading=\"lazy\" decoding=\"async\" width=\"720\" height=\"540\" data-id=\"297\" src=\"https:\/\/plastic-machines.org\/wp-content\/uploads\/2022\/07\/plastic-washing-machine-in-plant.webp\" alt=\"m\u00e1y gi\u1eb7t nh\u1ef1a trong nh\u00e0 m\u00e1y\" class=\"wp-image-297\" srcset=\"https:\/\/plastic-machines.org\/wp-content\/uploads\/2022\/07\/plastic-washing-machine-in-plant.webp 720w, https:\/\/plastic-machines.org\/wp-content\/uploads\/2022\/07\/plastic-washing-machine-in-plant-300x225.webp 300w\" sizes=\"auto, (max-width: 720px) 100vw, 720px\" \/><figcaption class=\"wp-element-caption\">M\u00e1y gi\u1eb7t ma s\u00e1t m\u1ea3nh PET trong nh\u00e0 m\u00e1y<\/figcaption><\/figure> <\/figure>    <figure class=\"wp-block-gallery has-nested-images columns-default is-cropped wp-block-gallery-3 is-layout-flex wp-block-gallery-is-layout-flex\"> <figure class=\"wp-block-image size-large\"><img loading=\"lazy\" decoding=\"async\" width=\"720\" height=\"540\" data-id=\"298\" src=\"https:\/\/plastic-machines.org\/wp-content\/uploads\/2022\/07\/plastic-friction-washer-in-plant.webp\" alt=\"m\u00e1y gi\u1eb7t ma s\u00e1t nh\u1ef1a trong nh\u00e0 m\u00e1y\" class=\"wp-image-298\" srcset=\"https:\/\/plastic-machines.org\/wp-content\/uploads\/2022\/07\/plastic-friction-washer-in-plant.webp 720w, https:\/\/plastic-machines.org\/wp-content\/uploads\/2022\/07\/plastic-friction-washer-in-plant-300x225.webp 300w\" sizes=\"auto, (max-width: 720px) 100vw, 720px\" \/><figcaption class=\"wp-element-caption\">m\u00e1y gi\u1eb7t ma s\u00e1t nh\u1ef1a trong nh\u00e0 m\u00e1y<\/figcaption><\/figure>    <figure class=\"wp-block-image size-large\"><img loading=\"lazy\" decoding=\"async\" width=\"720\" height=\"540\" data-id=\"299\" src=\"https:\/\/plastic-machines.org\/wp-content\/uploads\/2022\/07\/screw-conveyors-.webp\" alt=\"b\u0103ng t\u1ea3i tr\u1ee5c v\u00edt c\u1ee7a m\u00e1y r\u1eeda chai nh\u1ef1a\" class=\"wp-image-299\" srcset=\"https:\/\/plastic-machines.org\/wp-content\/uploads\/2022\/07\/screw-conveyors-.webp 720w, https:\/\/plastic-machines.org\/wp-content\/uploads\/2022\/07\/screw-conveyors--300x225.webp 300w\" sizes=\"auto, (max-width: 720px) 100vw, 720px\" \/><figcaption class=\"wp-element-caption\">b\u0103ng t\u1ea3i tr\u1ee5c v\u00edt<\/figcaption><\/figure> <\/figure>    <h2 class=\"wp-block-heading\">Nguy\u00ean l\u00fd l\u00e0m vi\u1ec7c c\u1ee7a m\u00e1y gi\u1eb7t ma s\u00e1t m\u1ea3nh PET<\/h2>    <p>Trung t\u00e2m c\u1ee7a m\u00e1y c\u00f3 tr\u1ee5c quay t\u1ed1c \u0111\u1ed9 cao v\u1edbi nhi\u1ec1u c\u00e1nh qu\u1ea1t. Xung quanh tr\u1ee5c l\u00e0 m\u1ed9t m\u00e0n l\u1ecdc \u0111\u1ec3 l\u1ecdc ch\u1ea5t g\u00e2y \u00f4 nhi\u1ec5m. Tr\u1ee5c quay v\u1edbi t\u1ed1c \u0111\u1ed9 kho\u1ea3ng 1.000 v\u00f2ng\/ph\u00fat. V\u1eadt li\u1ec7u \u0111\u01b0\u1ee3c l\u00e0m s\u1ea1ch b\u1eb1ng ma s\u00e1t t\u1ed1c \u0111\u1ed9 cao v\u00e0 n\u01b0\u1edbc \u0111\u01b0\u1ee3c phun li\u00ean t\u1ee5c l\u00ean m\u00e0n h\u00ecnh \u0111\u1ec3 tr\u00e1nh t\u1eafc ngh\u1ebdn.<\/p>    <p>M\u1ed9t l\u1edbp v\u1ecf h\u00ecnh ch\u1eef nh\u1eadt l\u1edbn \u0111\u01b0\u1ee3c b\u1ecdc xung quanh b\u00ean ngo\u00e0i m\u00e1y gi\u1eb7t ma s\u00e1t m\u1ea3nh PET. To\u00e0n b\u1ed9 m\u00e1y nghi\u00eang kho\u1ea3ng 15 \u0111\u1ed9, ch\u1ea5t b\u1ea9n t\u1eeb ph\u1ea7n d\u01b0\u1edbi \u0111i v\u00e0o v\u00e0 c\u00e1c m\u1ea3nh chai s\u1ea1ch t\u1eeb ph\u1ea7n tr\u00ean \u0111i ra r\u1ed3i m\u1edbi \u0111\u1ebfn c\u00f4ng \u0111o\u1ea1n s\u1ea5y kh\u00f4.<\/p>    <figure class=\"wp-block-gallery has-nested-images columns-default is-cropped wp-block-gallery-4 is-layout-flex wp-block-gallery-is-layout-flex\"> <figure class=\"wp-block-image size-large\"><img loading=\"lazy\" decoding=\"async\" width=\"720\" height=\"540\" data-id=\"450\" src=\"https:\/\/plastic-machines.org\/wp-content\/uploads\/2022\/06\/PET-friction-washing-machine1.webp\" alt=\"m\u00e1y r\u1eeda chai nh\u1ef1a nghi\u00eang kho\u1ea3ng 15 \u0111\u1ed9\" class=\"wp-image-450\" srcset=\"https:\/\/plastic-machines.org\/wp-content\/uploads\/2022\/06\/PET-friction-washing-machine1.webp 720w, https:\/\/plastic-machines.org\/wp-content\/uploads\/2022\/06\/PET-friction-washing-machine1-300x225.webp 300w\" sizes=\"auto, (max-width: 720px) 100vw, 720px\" \/><figcaption class=\"wp-element-caption\">m\u00e1y nghi\u00eang kho\u1ea3ng 15 \u0111\u1ed9<\/figcaption><\/figure>    <figure class=\"wp-block-image size-large\"><img loading=\"lazy\" decoding=\"async\" width=\"720\" height=\"540\" data-id=\"448\" src=\"https:\/\/plastic-machines.org\/wp-content\/uploads\/2022\/06\/PET-Flakes-Friction-Washer1.webp\" alt=\"M\u00e1y gi\u1eb7t ma s\u00e1t m\u1ea3nh PET\" class=\"wp-image-448\" srcset=\"https:\/\/plastic-machines.org\/wp-content\/uploads\/2022\/06\/PET-Flakes-Friction-Washer1.webp 720w, https:\/\/plastic-machines.org\/wp-content\/uploads\/2022\/06\/PET-Flakes-Friction-Washer1-300x225.webp 300w\" sizes=\"auto, (max-width: 720px) 100vw, 720px\" \/><figcaption class=\"wp-element-caption\">M\u00e1y gi\u1eb7t ma s\u00e1t m\u1ea3nh PET c\u00f3 v\u1ecf<\/figcaption><\/figure> <\/figure>    <h2 class=\"wp-block-heading\">C\u1ea5u t\u1ea1o c\u1ee7a m\u00e1y gi\u1eb7t nh\u1ef1a<\/h2>    <p>Th\u00e2n m\u00e1y gi\u1eb7t ma s\u00e1t b\u1eb1ng nh\u1ef1a bao g\u1ed3m m\u1ed9t m\u00e1y t\u00ednh l\u1edbn, \u0111\u1ed9ng c\u01a1, ch\u00e2n \u0111\u1ebf, \u0111\u1ea7u v\u00e0o n\u01b0\u1edbc, \u0111\u1ea7u v\u00e0o c\u1ea5p li\u1ec7u v\u00e0 \u0111\u1ea7u ra x\u1ea3. Khi l\u1eafp m\u00e1y gi\u1eb7t ma s\u00e1t b\u1eb1ng nh\u1ef1a, b\u1ea1n c\u00f3 th\u1ec3 nghi\u00eang m\u00e1y 45 \u0111\u1ed9 \u0111\u1ec3 ma s\u00e1t ph\u00e1t huy t\u1ed1i \u0111a v\u00e0 lo\u1ea1i b\u1ecf c\u00e1c t\u1ea1p ch\u1ea5t, ch\u1ea5t g\u00e2y \u00f4 nhi\u1ec5m.<\/p>    <p>M\u00e1y r\u1eeda chai nh\u1ef1a c\u00f3 b\u1ed9 l\u1ecdc l\u01b0\u1edbi m\u1ecbn \u1edf ph\u00eda d\u01b0\u1edbi, r\u00f4to t\u1ed1c \u0111\u1ed9 cao b\u00ean trong, m\u00e0n h\u00ecnh c\u00f3 th\u1ec3 th\u00e1o r\u1eddi v\u00e0 nhi\u1ec1u v\u00f2i phun s\u1ebd phun n\u01b0\u1edbc l\u00ean m\u00e0n h\u00ecnh \u0111\u1ec3 li\u00ean t\u1ee5c lo\u1ea1i b\u1ecf c\u00e1c ch\u1ea5t g\u00e2y \u00f4 nhi\u1ec5m v\u00e0 b\u1ee5i b\u1ea9n. C\u00e1c ch\u1ea5t g\u00e2y \u00f4 nhi\u1ec5m v\u00e0 n\u01b0\u1edbc b\u1ea9n sau \u0111\u00f3 \u0111\u01b0\u1ee3c th\u1ea3i qua m\u00e0n h\u00ecnh \u0111\u1ee5c l\u1ed7 v\u00e0 \u0111\u01b0\u1ee3c thu gom \u1edf ph\u00eda d\u01b0\u1edbi.<\/p>   <div class=\"wp-block-image\"> <figure class=\"aligncenter size-full\"><img loading=\"lazy\" decoding=\"async\" width=\"720\" height=\"540\" src=\"https:\/\/plastic-machines.org\/wp-content\/uploads\/2022\/07\/inside-structures-.webp\" alt=\"c\u1ea5u t\u1ea1o b\u00ean trong m\u00e1y r\u1eeda chai nh\u1ef1a\" class=\"wp-image-300\" srcset=\"https:\/\/plastic-machines.org\/wp-content\/uploads\/2022\/07\/inside-structures-.webp 720w, https:\/\/plastic-machines.org\/wp-content\/uploads\/2022\/07\/inside-structures--300x225.webp 300w\" sizes=\"auto, (max-width: 720px) 100vw, 720px\" \/><figcaption class=\"wp-element-caption\">c\u1ea5u tr\u00fac b\u00ean trong<\/figcaption><\/figure> <\/div>   <h2 class=\"wp-block-heading\">C\u00e1c s\u1ea3n ph\u1ea9m cu\u1ed1i c\u00f9ng c\u1ee7a m\u00e1y gi\u1eb7t ma s\u00e1t nh\u1ef1a<\/h2>    <p>M\u00e1y r\u1eeda chai nh\u1ef1a \u0111\u01b0\u1ee3c s\u1eed d\u1ee5ng \u0111\u1ec3 l\u00e0m s\u1ea1ch r\u00e1c th\u1ea3i nh\u1ef1a nh\u01b0 chai nh\u1ef1a, m\u00e0ng \u0111\u1ea5t n\u00f4ng nghi\u1ec7p, t\u00fai xi m\u0103ng, nylon, ch\u1ea5t th\u1ea3i nh\u00e0 m\u00e1y gi\u1ea5y v\u00e0 nh\u00e0 m\u00e1y \u0111\u00f3ng g\u00f3i. Sau khi c\u00e1c m\u1ea3nh nh\u1ef1a \u0111\u01b0\u1ee3c l\u00e0m s\u1ea1ch b\u1eb1ng m\u00e1y gi\u1eb7t, ch\u00fang s\u1ebd tr\u1edf n\u00ean s\u1ea1ch v\u00e0 trong su\u1ed1t.<\/p>    <figure class=\"wp-block-gallery has-nested-images columns-default is-cropped wp-block-gallery-5 is-layout-flex wp-block-gallery-is-layout-flex\"> <figure class=\"wp-block-image size-large\"><img loading=\"lazy\" decoding=\"async\" width=\"720\" height=\"540\" data-id=\"566\" src=\"https:\/\/plastic-machines.org\/wp-content\/uploads\/2022\/07\/PET-flakes.webp\" alt=\"s\u1ea3n ph\u1ea9m cu\u1ed1i c\u00f9ng c\u1ee7a m\u00e1y gi\u1eb7t ma s\u00e1t nh\u1ef1a\" class=\"wp-image-566\" srcset=\"https:\/\/plastic-machines.org\/wp-content\/uploads\/2022\/07\/PET-flakes.webp 720w, https:\/\/plastic-machines.org\/wp-content\/uploads\/2022\/07\/PET-flakes-300x225.webp 300w\" sizes=\"auto, (max-width: 720px) 100vw, 720px\" \/><\/figure>    <figure class=\"wp-block-image size-large\"><img loading=\"lazy\" decoding=\"async\" width=\"720\" height=\"540\" data-id=\"568\" src=\"https:\/\/plastic-machines.org\/wp-content\/uploads\/2022\/07\/plastic.webp\" alt=\"s\u1ea3n ph\u1ea9m cu\u1ed1i c\u00f9ng c\u1ee7a m\u00e1y gi\u1eb7t ma s\u00e1t nh\u1ef1a\" class=\"wp-image-568\" srcset=\"https:\/\/plastic-machines.org\/wp-content\/uploads\/2022\/07\/plastic.webp 720w, https:\/\/plastic-machines.org\/wp-content\/uploads\/2022\/07\/plastic-300x225.webp 300w\" sizes=\"auto, (max-width: 720px) 100vw, 720px\" \/><\/figure>    <figure class=\"wp-block-image size-large\"><img loading=\"lazy\" decoding=\"async\" width=\"720\" height=\"540\" data-id=\"567\" src=\"https:\/\/plastic-machines.org\/wp-content\/uploads\/2022\/07\/PET-sheets.webp\" alt=\"s\u1ea3n ph\u1ea9m cu\u1ed1i c\u00f9ng c\u1ee7a m\u00e1y r\u1eeda chai nh\u1ef1a\" class=\"wp-image-567\" srcset=\"https:\/\/plastic-machines.org\/wp-content\/uploads\/2022\/07\/PET-sheets.webp 720w, https:\/\/plastic-machines.org\/wp-content\/uploads\/2022\/07\/PET-sheets-300x225.webp 300w\" sizes=\"auto, (max-width: 720px) 100vw, 720px\" \/><\/figure> <figcaption class=\"blocks-gallery-caption wp-element-caption\">m\u1ea3nh chai PET s\u1ea1ch<\/figcaption><\/figure>    <h2 class=\"wp-block-heading\">\u01afu \u0111i\u1ec3m c\u1ee7a m\u00e1y r\u1eeda chai nh\u1ef1a <\/h2>    <ol class=\"wp-block-list\"> <li>M\u00e1y gi\u1eb7t ma s\u00e1t d\u1ea1ng v\u1ea3y PET gi\u00fap ph\u00e2n t\u00e1ch hi\u1ec7u qu\u1ea3 c\u00e1c t\u1ea1p ch\u1ea5t v\u00e0 h\u00f2a tan tri\u1ec7t \u0111\u1ec3 c\u00e1c v\u1ebft b\u1ea9n b\u00e1m d\u00ednh. M\u00e1y gi\u1eb7t ma s\u00e1t b\u1eb1ng nh\u1ef1a c\u00f3 th\u1ec3 lo\u1ea1i b\u1ecf v\u1ebft b\u1ea9n l\u00ean t\u1edbi 90%, n\u00e2ng cao hi\u1ec7u qu\u1ea3 v\u00e0 ch\u1ea5t l\u01b0\u1ee3ng c\u1ee7a to\u00e0n b\u1ed9 <strong><a href=\"https:\/\/plastic-machines.org\/vi\/product\/pet-bottle-recycling-line\/\">d\u00e2y chuy\u1ec1n t\u00e1i ch\u1ebf chai nh\u1ef1a<\/a><\/strong>.<\/li>    <li>Ch\u1ea5t t\u1ea9y r\u1eeda b\u1ed5 sung c\u00f3 th\u1ec3 \u0111\u01b0\u1ee3c th\u00eam v\u00e0o trong qu\u00e1 tr\u00ecnh l\u00e0m s\u1ea1ch, ch\u1ea5t n\u00e0y c\u00f3 th\u1ec3 cung c\u1ea5p kh\u1ea3 n\u0103ng x\u1ea3 m\u1ea1nh \u0111\u1ec3 c\u1ea3i thi\u1ec7n \u0111\u1ed9 b\u00f3ng c\u1ee7a th\u00e0nh ph\u1ea9m.<\/li>    <li>M\u00e1y gi\u1eb7t ma s\u00e1t d\u1ea1ng v\u1ea3y PET t\u1ef1 \u0111\u1ed9ng l\u00e0m s\u1ea1ch m\u00e0n h\u00ecnh b\u1eb1ng c\u00e1ch \u0111\u1ed5 \u0111\u1ea7y n\u01b0\u1edbc \u0111\u1ec3 ho\u1ea1t \u0111\u1ed9ng li\u00ean t\u1ee5c ch\u1ea5t l\u01b0\u1ee3ng cao.<\/li>    <li>M\u00e1y gi\u1eb7t nh\u1ef1a d\u1ec5 b\u1ea3o tr\u00ec v\u00e0 b\u1ea3o tr\u00ec sau n\u00e0y g\u1ea7n nh\u01b0 kh\u00f4ng t\u1ed1n chi ph\u00ed, ti\u1ebft ki\u1ec7m chi ph\u00ed cho kh\u00e1ch h\u00e0ng.<\/li> <\/ol>    <h2 class=\"wp-block-heading\">C\u00e1c th\u00f4ng s\u1ed1 c\u1ee7a m\u00e1y gi\u1eb7t ma s\u00e1t nh\u1ef1a<\/h2>    <figure class=\"wp-block-table\"><table><tbody><tr><td>Ng\u01b0\u1eddi m\u1eabu<\/td><td>SL-1000<\/td><td>SL-2000<\/td><\/tr><tr><td>Dung t\u00edch<\/td><td>500-1000kg\/gi\u1edd<\/td><td>2000kg\/gi\u1edd<\/td><\/tr><tr><td>Chi\u1ec1u d\u00e0i<\/td><td>3000mm<\/td><td>3500mm<\/td><\/tr><tr><td>Quy\u1ec1n l\u1ef1c<\/td><td>7,5kw<\/td><td>15kw<\/td><\/tr><tr><td>L\u1edbp ngo\u00e0i<\/td><td>4mm<\/td><td>4mm<\/td><\/tr><tr><td>B\u1ec1 d\u00e0y c\u1ee7a m\u1ed9t thanh g\u01b0\u01a1m<\/td><td>6mm<\/td><td>6mm<\/td><\/tr><\/tbody><\/table><\/figure>    <h2 class=\"wp-block-heading\" id=\"h-recommended-matching-lines\">C\u00e1c d\u00f2ng ph\u00f9 h\u1ee3p \u0111\u01b0\u1ee3c \u0111\u1ec1 xu\u1ea5t<\/h2>    <p class=\"translation-block\">C\u00e1c v\u00f2ng \u0111\u1ec7m ma s\u00e1t b\u1eb1ng nh\u1ef1a r\u1ea5t ph\u1ed5 bi\u1ebfn trong <strong> <a href=\"https:\/\/plastic-machines.org\/vi\/product\/pet-bottle-recycling-line\/\">h\u1ec7 th\u1ed1ng l\u00e0m s\u1ea1ch nh\u1ef1a<\/a><\/strong>. Ch\u00fang ph\u00f9 h\u1ee3p \u0111\u1ec3 l\u00e0m vi\u1ec7c sau khi nh\u1ef1a \u0111\u00e3 \u0111i qua <strong> <a href=\"https:\/\/plastic-machines.org\/vi\/product\/pet-flakes-hot-washing-machine\/\">m\u00e1y r\u1eeda n\u00f3ng<\/a><\/strong> v\u00e0 <strong><a href=\"https:\/\/plastic-machines.org\/vi\/product\/plastic-film-washing-machine\/\">b\u1ec3 x\u1ea3<\/a><\/strong>. B\u00ean c\u1ea1nh \u0111\u00f3, c\u00f2n c\u00f3 nhi\u1ec1u ph\u01b0\u01a1ng ph\u00e1p kh\u00e1c nhau \u0111\u1ec3 Gh\u00e9p thi\u1ebft b\u1ecb r\u1eeda. Machinery c\u00f3 th\u1ec3 thi\u1ebft k\u1ebf c\u00e1c gi\u1ea3i ph\u00e1p \u0111\u1ec3 gh\u00e9p thi\u1ebft b\u1ecb l\u00e0m s\u1ea1ch nh\u1ef1a ph\u00f9 h\u1ee3p v\u1edbi nguy\u00ean li\u1ec7u th\u00f4 c\u1ee7a kh\u00e1ch h\u00e0ng.<\/p>   <div class=\"wp-block-image\"> <figure class=\"aligncenter size-full\"><img loading=\"lazy\" decoding=\"async\" width=\"720\" height=\"540\" src=\"https:\/\/plastic-machines.org\/wp-content\/uploads\/2022\/07\/PET-washing-line-.webp\" alt=\"D\u00e2y chuy\u1ec1n r\u1eeda chai PET\" class=\"wp-image-284\" srcset=\"https:\/\/plastic-machines.org\/wp-content\/uploads\/2022\/07\/PET-washing-line-.webp 720w, https:\/\/plastic-machines.org\/wp-content\/uploads\/2022\/07\/PET-washing-line--300x225.webp 300w\" sizes=\"auto, (max-width: 720px) 100vw, 720px\" \/><figcaption class=\"wp-element-caption\">D\u00e2y chuy\u1ec1n gi\u1eb7t PET<\/figcaption><\/figure> <\/div>  <div class=\"wp-block-image\"> <figure class=\"aligncenter size-full\"><img loading=\"lazy\" decoding=\"async\" width=\"720\" height=\"540\" src=\"https:\/\/plastic-machines.org\/wp-content\/uploads\/2022\/07\/PET-washing-line1.webp\" alt=\"nh\u00e0 m\u00e1y r\u1eeda PET\" class=\"wp-image-301\" srcset=\"https:\/\/plastic-machines.org\/wp-content\/uploads\/2022\/07\/PET-washing-line1.webp 720w, https:\/\/plastic-machines.org\/wp-content\/uploads\/2022\/07\/PET-washing-line1-300x225.webp 300w\" sizes=\"auto, (max-width: 720px) 100vw, 720px\" \/><figcaption class=\"wp-element-caption\">nh\u00e0 m\u00e1y r\u1eeda PET<\/figcaption><\/figure> <\/div>   <h2 class=\"wp-block-heading\">\u0110\u1eb7t h\u00e0ng m\u00e1y gi\u1eb7t ma s\u00e1t m\u1ea3nh PET<\/h2>    <p>Th\u1eddi gian giao h\u00e0ng l\u00e0 30 ng\u00e0y \u0111\u1ed1i v\u1edbi t\u1ea5t c\u1ea3 c\u00e1c m\u00e1y \u0111\u1ed9c l\u1eadp ti\u00eau chu\u1ea9n v\u00e0 60-90 ng\u00e0y \u0111\u1ed1i v\u1edbi thi\u1ebft b\u1ecb t\u00f9y ch\u1ec9nh ho\u1eb7c d\u00e2y chuy\u1ec1n ho\u00e0n ch\u1ec9nh. Th\u1eddi gian giao h\u00e0ng th\u1ef1c t\u1ebf ph\u1ee5 thu\u1ed9c ph\u1ea7n l\u1edbn v\u00e0o \u0111\u1ed9 ph\u1ee9c t\u1ea1p c\u1ee7a d\u1ef1 \u00e1n v\u00e0 s\u1ed1 l\u01b0\u1ee3ng \u0111\u01a1n v\u1ecb ch\u00fang t\u00f4i th\u1ef1c t\u1ebf \u0111\u1eb7t h\u00e0ng.<\/p>    <p>H\u00e3y li\u00ean h\u1ec7 v\u1edbi ch\u00fang t\u00f4i ngay b\u00e2y gi\u1edd \u0111\u1ec3 th\u1ea3o lu\u1eadn v\u1ec1 gi\u00e1 c\u1ea3 v\u00e0 chi ti\u1ebft \u0111\u1eb7t h\u00e0ng. Tr\u00ean \u0111\u00e2y l\u00e0 m\u00f4 t\u1ea3 ng\u1eafn g\u1ecdn v\u1ec1 quy tr\u00ecnh \u0111\u1eb7t h\u00e0ng thi\u1ebft b\u1ecb.<\/p>    <h2 class=\"wp-block-heading\">T\u1eadp \u0111o\u00e0n Shuliy c\u00f3 th\u1ec3 l\u00e0m g\u00ec cho b\u1ea1n?<\/h2>    <ul class=\"wp-block-list\"> <li>D\u1ecbch v\u1ee5 tr\u01b0\u1edbc khi b\u00e1n h\u00e0ng: cung c\u1ea5p cho b\u1ea1n k\u1ebf ho\u1ea1ch d\u1ef1 \u00e1n t\u00e1i ch\u1ebf nh\u1ef1a, thi\u1ebft k\u1ebf quy tr\u00ecnh, ph\u00e1t tri\u1ec3n m\u1ed9t b\u1ed9 ch\u01b0\u01a1ng tr\u00ecnh m\u00e1y m\u00f3c v\u00e0 thi\u1ebft b\u1ecb ph\u00f9 h\u1ee3p, ngo\u00e0i ra, theo nhu c\u1ea7u \u0111\u1eb7c bi\u1ec7t c\u1ee7a b\u1ea1n, thi\u1ebft k\u1ebf v\u00e0 s\u1ea3n xu\u1ea5t s\u1ea3n ph\u1ea9m c\u0169ng nh\u01b0 \u0111\u00e0o t\u1ea1o v\u1eadn h\u00e0nh k\u1ef9 thu\u1eadt c\u1ee7a b\u1ea1n;<\/li>    <li>D\u1ecbch v\u1ee5 b\u00e1n h\u00e0ng: Ng\u01b0\u1eddi qu\u1ea3n l\u00fd b\u00e1n h\u00e0ng gi\u00e1m s\u00e1t to\u00e0n b\u1ed9 qu\u00e1 tr\u00ecnh ch\u1ebf t\u1ea1o, t\u1ea3i v\u00e0 giao m\u00e1y, li\u00ean l\u1ea1c k\u1ecbp th\u1eddi v\u1edbi kh\u00e1ch h\u00e0ng v\u1ec1 m\u00e1y, \u0111\u1ed3ng h\u00e0nh c\u00f9ng kh\u00e1ch h\u00e0ng ho\u00e0n th\u00e0nh vi\u1ec7c nghi\u1ec7m thu thi\u1ebft b\u1ecb v\u00e0 h\u1ed7 tr\u1ee3 kh\u00e1ch h\u00e0ng l\u1eafp \u0111\u1eb7t m\u00e1y .<\/li>    <li>D\u1ecbch v\u1ee5 sau b\u00e1n h\u00e0ng: ch\u00fang t\u00f4i cung c\u1ea5p d\u1ecbch v\u1ee5 gi\u1ea3ng d\u1ea1y l\u1eafp \u0111\u1eb7t video tr\u1ef1c tuy\u1ebfn, n\u1ebfu c\u1ea7n, c\u00f4ng ty c\u00f3 th\u1ec3 c\u1eed nh\u00e2n vi\u00ean k\u1ef9 thu\u1eadt \u0111\u1ebfn hi\u1ec7n tr\u01b0\u1eddng \u0111\u1ec3 h\u01b0\u1edbng d\u1eabn l\u1eafp \u0111\u1eb7t thi\u1ebft b\u1ecb v\u00e0 \u0111\u00e0o t\u1ea1o cho ng\u01b0\u1eddi v\u1eadn h\u00e0nh. Ngo\u00e0i ra, ngo\u1ea1i tr\u1eeb c\u00e1c b\u1ed9 ph\u1eadn hao m\u00f2n, ch\u1ea5t l\u01b0\u1ee3ng m\u00e1y \u0111\u01b0\u1ee3c b\u1ea3o tr\u00ec trong v\u00f2ng m\u1ed9t n\u0103m.<\/li> <\/ul>","protected":false},"excerpt":{"rendered":"<p>PET flakes friction washer is used to clean dirty plastic flakes, it is one of the necessary equipment for plastic recycling processes, and mainly for PET plastic bottle cleaning lines. The plastic friction washer can be equipped with a material conveyor belt according to the customers&#8217; needs, and the size can be customized. Introduction of [&hellip;]<\/p>\n","protected":false},"author":1,"featured_media":448,"parent":0,"template":"","tags":[55,35],"product-type":[14],"class_list":["post-293","product","type-product","status-publish","has-post-thumbnail","hentry","tag-friction","tag-pet","product-type-plastic-cleaning-drying-equipment"],"taxonomy_info":{"post_tag":[{"value":55,"label":"friction"},{"value":35,"label":"PET"}],"product-type":[{"value":14,"label":"Plastic Cleaning&amp;Drying equipment"}]},"featured_image_src_large":["https:\/\/plastic-machines.org\/wp-content\/uploads\/2022\/06\/PET-Flakes-Friction-Washer1.webp",720,540,false],"author_info":{"display_name":"Ella","author_link":"https:\/\/plastic-machines.org\/vi\/author\/admin\/"},"comment_info":"","_links":{"self":[{"href":"https:\/\/plastic-machines.org\/vi\/wp-json\/wp\/v2\/product\/293","targetHints":{"allow":["GET"]}}],"collection":[{"href":"https:\/\/plastic-machines.org\/vi\/wp-json\/wp\/v2\/product"}],"about":[{"href":"https:\/\/plastic-machines.org\/vi\/wp-json\/wp\/v2\/types\/product"}],"author":[{"embeddable":true,"href":"https:\/\/plastic-machines.org\/vi\/wp-json\/wp\/v2\/users\/1"}],"wp:featuredmedia":[{"embeddable":true,"href":"https:\/\/plastic-machines.org\/vi\/wp-json\/wp\/v2\/media\/448"}],"wp:attachment":[{"href":"https:\/\/plastic-machines.org\/vi\/wp-json\/wp\/v2\/media?parent=293"}],"wp:term":[{"taxonomy":"post_tag","embeddable":true,"href":"https:\/\/plastic-machines.org\/vi\/wp-json\/wp\/v2\/tags?post=293"},{"taxonomy":"product-type","embeddable":true,"href":"https:\/\/plastic-machines.org\/vi\/wp-json\/wp\/v2\/product-type?post=293"}],"curies":[{"name":"wp","href":"https:\/\/api.w.org\/{rel}","templated":true}]}}