{"id":276,"date":"2022-07-11T07:03:49","date_gmt":"2022-07-11T07:03:49","guid":{"rendered":"https:\/\/plastic-machines.org\/?post_type=product&#038;p=276"},"modified":"2026-01-29T15:39:41","modified_gmt":"2026-01-29T07:39:41","slug":"pet-flakes-hot-washing-machine","status":"publish","type":"product","link":"https:\/\/plastic-machines.org\/vi\/product\/pet-flakes-hot-washing-machine\/","title":{"rendered":"M\u00e1y gi\u1eb7t n\u00f3ng m\u1ea3nh PET \u0111\u1ec3 t\u00e1i ch\u1ebf chai nh\u1ef1a"},"content":{"rendered":"<div class=\"kk-star-ratings kksr-auto kksr-align-left kksr-valign-top\"     data-payload='{&quot;align&quot;:&quot;left&quot;,&quot;id&quot;:&quot;276&quot;,&quot;slug&quot;:&quot;default&quot;,&quot;valign&quot;:&quot;top&quot;,&quot;ignore&quot;:&quot;&quot;,&quot;reference&quot;:&quot;auto&quot;,&quot;class&quot;:&quot;&quot;,&quot;count&quot;:&quot;2&quot;,&quot;legendonly&quot;:&quot;&quot;,&quot;readonly&quot;:&quot;&quot;,&quot;score&quot;:&quot;5&quot;,&quot;starsonly&quot;:&quot;&quot;,&quot;best&quot;:&quot;5&quot;,&quot;gap&quot;:&quot;5&quot;,&quot;greet&quot;:&quot;Rate this product&quot;,&quot;legend&quot;:&quot;5\\\/5 - (2 b\u00ecnh ch\u1ecdn)&quot;,&quot;size&quot;:&quot;24&quot;,&quot;title&quot;:&quot;PET Flakes Hot Washing Machine for Plastic Bottle Recycling&quot;,&quot;width&quot;:&quot;142.5&quot;,&quot;_legend&quot;:&quot;{score}\\\/{best} - ({count} {votes})&quot;,&quot;font_factor&quot;:&quot;1.25&quot;}'>              <div class=\"kksr-stars\">      <div class=\"kksr-stars-inactive\">             <div class=\"kksr-star\" data-star=\"1\" style=\"padding-right: 5px\">               <div class=\"kksr-icon\" style=\"width: 24px; height: 24px;\"><\/div>         <\/div>             <div class=\"kksr-star\" data-star=\"2\" style=\"padding-right: 5px\">               <div class=\"kksr-icon\" style=\"width: 24px; height: 24px;\"><\/div>         <\/div>             <div class=\"kksr-star\" data-star=\"3\" style=\"padding-right: 5px\">               <div class=\"kksr-icon\" style=\"width: 24px; height: 24px;\"><\/div>         <\/div>             <div class=\"kksr-star\" data-star=\"4\" style=\"padding-right: 5px\">               <div class=\"kksr-icon\" style=\"width: 24px; height: 24px;\"><\/div>         <\/div>             <div class=\"kksr-star\" data-star=\"5\" style=\"padding-right: 5px\">               <div class=\"kksr-icon\" style=\"width: 24px; height: 24px;\"><\/div>         <\/div>     <\/div>      <div class=\"kksr-stars-active\" style=\"width: 142.5px;\">             <div class=\"kksr-star\" style=\"padding-right: 5px\">               <div class=\"kksr-icon\" style=\"width: 24px; height: 24px;\"><\/div>         <\/div>             <div class=\"kksr-star\" style=\"padding-right: 5px\">               <div class=\"kksr-icon\" style=\"width: 24px; height: 24px;\"><\/div>         <\/div>             <div class=\"kksr-star\" style=\"padding-right: 5px\">               <div class=\"kksr-icon\" style=\"width: 24px; height: 24px;\"><\/div>         <\/div>             <div class=\"kksr-star\" style=\"padding-right: 5px\">               <div class=\"kksr-icon\" style=\"width: 24px; height: 24px;\"><\/div>         <\/div>             <div class=\"kksr-star\" style=\"padding-right: 5px\">               <div class=\"kksr-icon\" style=\"width: 24px; height: 24px;\"><\/div>         <\/div>     <\/div> <\/div>                   <div class=\"kksr-legend\" style=\"font-size: 19.2px;\">             5\/5 - (2 \u0111\u00e1nh gi\u00e1)    <\/div>     <\/div>  <p>M\u00e1y gi\u1eb7t n\u00f3ng v\u1ea3y PET \u0111\u01b0\u1ee3c s\u1eed d\u1ee5ng \u0111\u1ec3 h\u1ea5p c\u00e1c m\u1ea3nh chai \u1edf nhi\u1ec7t \u0111\u1ed9 cao \u0111\u1ec3 l\u00e0m m\u1ec1m d\u1ea7u, keo, v.v. tr\u00ean b\u1ec1 m\u1eb7t nh\u1ef1a, sau \u0111\u00f3 r\u1eeda s\u1ea1ch b\u1eb1ng n\u01b0\u1edbc n\u00f3ng. Sau khi l\u00e0m s\u1ea1ch v\u00e0 lo\u1ea1i b\u1ecf n\u01b0\u1edbc, m\u1ea3nh chai PET s\u1ebd \u0111\u1ea1t ti\u00eau chu\u1ea9n y\u00eau c\u1ea7u m\u1ea3nh s\u1ea1ch h\u1ea1ng nh\u1ea5t v\u00e0 c\u00f3 th\u1ec3 \u0111\u01b0\u1ee3c ch\u1ebf t\u1ea1o th\u00e0nh nguy\u00ean li\u1ec7u s\u1ee3i.<\/p>    <h2 class=\"wp-block-heading\" id=\"h-pet-flakes-hot-washing-machine-application\">\u1ee8ng d\u1ee5ng m\u00e1y gi\u1eb7t n\u00f3ng m\u1ea3nh PET<\/h2>    <p class=\"translation-block\">Shuliy Machinery chuy\u00ean s\u1ea3n xu\u1ea5t m\u00e1y gi\u1eb7t n\u00f3ng m\u1ea3nh b\u00ecnh PET, l\u00e0 m\u1ed9t trong nh\u1eefng thi\u1ebft b\u1ecb l\u00e0m s\u1ea1ch quan tr\u1ecdng trong<strong><a href=\"https:\/\/plastic-machines.org\/vi\/product\/pet-bottle-recycling-line\/\"> d\u00e2y chuy\u1ec1n l\u00e0m s\u1ea1ch chai \u0111\u1ed3 u\u1ed1ng PET <\/a><\/strong> v\u00e0 \u0111\u01b0\u1ee3c s\u1eed d\u1ee5ng r\u1ed9ng r\u00e3i trong ng\u00e0nh t\u00e1i ch\u1ebf nh\u1ef1a th\u1ea3i. M\u1ea3nh PET \u0111\u01b0\u1ee3c r\u1eeda nhi\u1ec1u l\u1ea7n trong n\u01b0\u1edbc s\u00f4i v\u00e0 t\u00f9y theo nhu c\u1ea7u c\u1ee7a kh\u00e1ch h\u00e0ng, c\u00f3 th\u1ec3 th\u00eam ch\u1ea5t t\u1ea9y r\u1eeda v\u00e0o m\u00e1y \u0111\u1ec3 kh\u1eed tr\u00f9ng hi\u1ec7u qu\u1ea3 c\u00e1c m\u1ea3nh nh\u1ef1a v\u00e0 lo\u1ea1i b\u1ecf th\u00eam nh\u00e3n, v\u1ebft d\u1ea7u v\u00e0 c\u00e1c v\u1ebft b\u1ea9n kh\u00f3 t\u1ea9y kh\u00e1c kh\u1ecfi nh\u1ef1a.<\/p>    <h2 class=\"wp-block-heading\">C\u1ea5u t\u1ea1o c\u1ee7a m\u00e1y gi\u1eb7t n\u00f3ng v\u1ea3y PET<\/h2>    <ol class=\"wp-block-list\"> <li>B\u1ec1 m\u1eb7t b\u00ean trong c\u1ee7a b\u1ec3 gi\u1eb7t n\u01b0\u1edbc n\u00f3ng \u0111\u01b0\u1ee3c \u0111\u00e1nh b\u00f3ng nh\u01b0 g\u01b0\u01a1ng; B\u1ec1 m\u1eb7t v\u1ecf ngo\u00e0i \u0111\u01b0\u1ee3c \u0111\u00e1nh b\u00f3ng g\u01b0\u01a1ng ho\u1eb7c x\u1eed l\u00fd b\u1ec1 m\u1eb7t m\u00e0i m\u1edd.<\/li>    <li>Mi\u1ec7ng \u1ed1ng \u0111\u1ea7u v\u00e0o v\u00e0 \u0111\u1ea7u ra v\u00e0 h\u00e0n th\u00e2n b\u1ec3 b\u00ean trong l\u00e0 c\u00e1c qu\u00e1 tr\u00ecnh m\u1eb7t b\u00edch, n\u00f3 s\u1eed d\u1ee5ng chuy\u1ec3n ti\u1ebfp v\u00f2ng cung tr\u00f2n, v\u00e0 c\u00e1c c\u1ea1nh m\u1ecbn v\u00e0 d\u1ec5 d\u00e0ng \u0111\u1ec3 l\u00e0m s\u1ea1ch.<\/li>    <li>Than ho\u1eb7c kh\u00ed t\u1ef1 nhi\u00ean \u0111\u01b0\u1ee3c s\u1eed d\u1ee5ng \u0111\u1ec3 s\u01b0\u1edfi \u1ea5m <a href=\"https:\/\/en.wikipedia.org\/wiki\/Polyethylene_terephthalate\" target=\"_blank\" rel=\"noopener\">TH\u00da C\u01afNG<\/a> m\u00e1y gi\u1eb7t v\u1ea3y n\u00f3ng. N\u01b0\u1edbc l\u00e0 m\u00f4i tr\u01b0\u1eddng gia nhi\u1ec7t, t\u1ea1o ra nhi\u1ec7t \u0111\u1ec3 l\u00e0m n\u00f3ng v\u1eadt li\u1ec7u trong b\u1ec3.<\/li> <\/ol>    <h2 class=\"wp-block-heading\">\u01afu \u0111i\u1ec3m c\u1ee7a m\u00e1y r\u1eeda ph\u1ebf li\u1ec7u nh\u1ef1a<\/h2>    <ul class=\"wp-block-list\"> <li>N\u1ebfu kh\u00e1ch h\u00e0ng c\u00f3 nhu c\u1ea7u s\u1eed d\u1ee5ng m\u00e1y gi\u1eb7t n\u00f3ng v\u1ea3y PET ngo\u00e0i tr\u1eddi, c\u00e1c k\u1ef9 s\u01b0 c\u1ee7a ch\u00fang t\u00f4i c\u00f3 th\u1ec3 th\u00eam l\u1edbp b\u1ea3o v\u1ec7 nhi\u1ec7t c\u00e1ch nhi\u1ec7t b\u1eb1ng len \u0111\u00e1 \u1edf b\u00ean ngo\u00e0i m\u00e1y khi s\u1ea3n xu\u1ea5t m\u00e1y, \u0111\u1ec3 s\u1ef1 thay \u0111\u1ed5i nhi\u1ec7t \u0111\u1ed9 ngo\u00e0i tr\u1eddi kh\u00f4ng \u1ea3nh h\u01b0\u1edfng \u0111\u1ebfn nhi\u1ec7t \u0111\u1ed9 trong b\u1ec3, s\u1ebd \u0111\u1ea3m b\u1ea3o hi\u1ec7u qu\u1ea3 l\u00e0m s\u1ea1ch c\u1ee7a b\u1ec3 r\u1eeda n\u00f3ng b\u1eb1ng nh\u1ef1a.<\/li>    <li>Shuiy Machinery cung c\u1ea5p hai lo\u1ea1i ph\u01b0\u01a1ng ph\u00e1p s\u01b0\u1edfi \u1ea5m, s\u01b0\u1edfi \u1ea5m b\u1eb1ng \u0111i\u1ec7n v\u00e0 s\u01b0\u1edfi \u1ea5m b\u1eb1ng h\u01a1i n\u01b0\u1edbc, kh\u00e1ch h\u00e0ng c\u00f3 th\u1ec3 l\u1ef1a ch\u1ecdn t\u00f9y theo t\u00ecnh h\u00ecnh ri\u00eang c\u1ee7a m\u00ecnh.<\/li>    <li>M\u00e1y gi\u1eb7t n\u00f3ng v\u1ea3y chai PET s\u1eed d\u1ee5ng n\u01b0\u1edbc tu\u1ea7n ho\u00e0n trong qu\u00e1 tr\u00ecnh l\u00e0m s\u1ea1ch \u0111\u1ec3 \u0111\u1ea3m b\u1ea3o hi\u1ec7u qu\u1ea3 l\u00e0m s\u1ea1ch \u0111\u1ed3ng th\u1eddi gi\u1ea3m l\u01b0\u1ee3ng n\u01b0\u1edbc ti\u00eau th\u1ee5, gi\u00fap ti\u1ebft ki\u1ec7m t\u00e0i nguy\u00ean v\u00e0 gi\u1ea3m chi ph\u00ed m\u1ed9t c\u00e1ch hi\u1ec7u qu\u1ea3 cho kh\u00e1ch h\u00e0ng.<\/li>    <li>M\u00e1y r\u1eeda ph\u1ebf li\u1ec7u nh\u1ef1a s\u1eed d\u1ee5ng h\u1ec7 th\u1ed1ng l\u00e0m s\u1ea1ch ly t\u00e2m t\u1ed1c \u0111\u1ed9 cao, c\u00e1nh khu\u1ea5y d\u00f9ng \u0111\u1ec3 khu\u1ea5y t\u1ea5m nh\u1ef1a ho\u1ea1t \u0111\u1ed9ng v\u1edbi t\u1ed1c \u0111\u1ed9 quay ph\u00f9 h\u1ee3p, t\u00e1c \u0111\u1ed9ng t\u01b0\u01a1ng \u1ee9ng \u0111\u1ebfn \u0111\u1ed9 b\u1ec1n v\u1eadt li\u1ec7u ph\u00f9 h\u1ee3p s\u1ebd mang l\u1ea1i hi\u1ec7u qu\u1ea3 l\u00e0m s\u1ea1ch t\u1ed1t.<\/li> <\/ul>    <h2 class=\"wp-block-heading\" id=\"h-hot-washing-tank-plant-diplay\">Nh\u00e0 m\u00e1y b\u1ec3 r\u1eeda n\u00f3ng <\/h2>   <div class=\"wp-block-image\"> <figure class=\"aligncenter size-full\"><img loading=\"lazy\" decoding=\"async\" width=\"720\" height=\"540\" src=\"https:\/\/plastic-machines.org\/wp-content\/uploads\/2022\/07\/hot-washing-tank-.webp\" alt=\"b\u1ec3 r\u1eeda n\u00f3ng\" class=\"wp-image-279\" srcset=\"https:\/\/plastic-machines.org\/wp-content\/uploads\/2022\/07\/hot-washing-tank-.webp 720w, https:\/\/plastic-machines.org\/wp-content\/uploads\/2022\/07\/hot-washing-tank--300x225.webp 300w\" sizes=\"auto, (max-width: 720px) 100vw, 720px\" \/><figcaption class=\"wp-element-caption\">M\u00e1y gi\u1eb7t n\u00f3ng m\u1ea3nh PET<\/figcaption><\/figure> <\/div>  <div class=\"wp-block-image\"> <figure class=\"aligncenter size-full is-resized\"><img loading=\"lazy\" decoding=\"async\" width=\"720\" height=\"540\" src=\"https:\/\/plastic-machines.org\/wp-content\/uploads\/2022\/07\/plastic-washing-tank-in-plant.webp\" alt=\"b\u1ec3 r\u1eeda nh\u1ef1a trong nh\u00e0 m\u00e1y\" class=\"wp-image-280\" style=\"width:720px;height:540px\" srcset=\"https:\/\/plastic-machines.org\/wp-content\/uploads\/2022\/07\/plastic-washing-tank-in-plant.webp 720w, https:\/\/plastic-machines.org\/wp-content\/uploads\/2022\/07\/plastic-washing-tank-in-plant-300x225.webp 300w\" sizes=\"auto, (max-width: 720px) 100vw, 720px\" \/><figcaption class=\"wp-element-caption\">b\u1ec3 r\u1eeda nh\u1ef1a trong nh\u00e0 m\u00e1y<\/figcaption><\/figure> <\/div>  <div class=\"wp-block-image\"> <figure class=\"aligncenter size-full\"><img loading=\"lazy\" decoding=\"async\" width=\"720\" height=\"540\" src=\"https:\/\/plastic-machines.org\/wp-content\/uploads\/2022\/07\/PET-Flakes-Hot-Washing-Machine.webp\" alt=\"M\u00e1y gi\u1eb7t n\u00f3ng m\u1ea3nh PET\" class=\"wp-image-281\" srcset=\"https:\/\/plastic-machines.org\/wp-content\/uploads\/2022\/07\/PET-Flakes-Hot-Washing-Machine.webp 720w, https:\/\/plastic-machines.org\/wp-content\/uploads\/2022\/07\/PET-Flakes-Hot-Washing-Machine-300x225.webp 300w\" sizes=\"auto, (max-width: 720px) 100vw, 720px\" \/><figcaption class=\"wp-element-caption\">M\u00e1y gi\u1eb7t n\u00f3ng m\u1ea3nh PET<\/figcaption><\/figure> <\/div>   <h2 class=\"wp-block-heading\">Th\u00f4ng s\u1ed1 m\u00e1y gi\u1eb7t n\u00f3ng v\u1ea3y chai PET<\/h2>    <p>Model SL-500 l\u00e0 lo\u1ea1i b\u1ec3 r\u1eeda n\u00f3ng ph\u1ed5 bi\u1ebfn nh\u1ea5t, \u0111\u01b0\u1eddng k\u00ednh v\u00e0 chi\u1ec1u cao c\u1ee7a n\u00f3 \u0111\u1ec1u ph\u00f9 h\u1ee3p v\u1edbi h\u1ea7u h\u1ebft c\u00e1c nh\u00e0 m\u00e1y t\u00e1i ch\u1ebf nh\u1ef1a. Tuy nhi\u00ean, n\u1ebfu b\u1ea1n quan t\u00e2m \u0111\u1ebfn c\u00e1c m\u1eabu kh\u00e1c, vui l\u00f2ng li\u00ean h\u1ec7 v\u1edbi ch\u00fang t\u00f4i, ng\u01b0\u1eddi qu\u1ea3n l\u00fd b\u00e1n h\u00e0ng c\u1ee7a ch\u00fang t\u00f4i s\u1ebd tr\u1ea3 l\u1eddi b\u1ea1n trong th\u1eddi gian s\u1edbm nh\u1ea5t.<\/p>    <figure class=\"wp-block-table\"><table><tbody><tr><td>Ng\u01b0\u1eddi m\u1eabu<\/td><td>SL-500<\/td><\/tr><tr><td>Chi\u1ec1u cao<\/td><td>2m<\/td><\/tr><tr><td>\u0110\u01b0\u1eddng k\u00ednh<\/td><td>1,3m<\/td><\/tr><tr><td>\u0111\u1ed9 d\u00e0y c\u1ee7a ch\u00fang t\u00f4i<\/td><td>4mm<\/td><\/tr><tr><td>\u0110\u1ed9 d\u00e0y \u0111\u00e1y<\/td><td>8mm<\/td><\/tr><tr><td>V\u1eadt li\u1ec7u<\/td><td>Th\u00e9p th\u00f9ng carton<\/td><\/tr><tr><td>Quy\u1ec1n l\u1ef1c<\/td><td>4kw<\/td><\/tr><tr><td>Ph\u01b0\u01a1ng ph\u00e1p s\u01b0\u1edfi \u1ea5m<\/td><td>\u0110i\u1ec7n v\u00e0 h\u01a1i n\u01b0\u1edbc<\/td><\/tr><\/tbody><\/table><\/figure>    <h2 class=\"wp-block-heading\">\u0110\u1ec1 ngh\u1ecb d\u00e2y chuy\u1ec1n t\u00e1i ch\u1ebf nh\u1ef1a<\/h2>    <p class=\"translation-block\">D\u00e2y chuy\u1ec1n r\u1eeda chai PET l\u00e0 m\u1ed9t trong nh\u1eefng d\u00e2y chuy\u1ec1n t\u00e1i ch\u1ebf ph\u1ed5 bi\u1ebfn nh\u1ea5t t\u1ea1i Shuliy Machinery. Thi\u1ebft b\u1ecb th\u00f4ng th\u01b0\u1eddng bao g\u1ed3m <a href=\"https:\/\/plastic-machines.org\/vi\/product\/pet-bottle-label-remover-machine\/\">m\u00e1y lo\u1ea1i b\u1ecf nh\u00e3n chai nh\u1ef1a<\/a>, <a href=\"https:\/\/plastic-machines.org\/vi\/product\/plastic-bottle-crusher\/\">m\u00e1y nghi\u1ec1n chai PET<\/a>, <a href=\"https:\/\/plastic-machines.org\/vi\/product\/plastic-float-sink-tank\/\">b\u1ec3 r\u1eeda nh\u1ef1a<\/a>, <a href=\"https:\/\/plastic-machines.org\/vi\/product\/pet-flakes-friction-washer\/\">m\u00e1y gi\u1eb7t ma s\u00e1t nh\u1ef1a<\/a>, b\u1ec3 r\u1eeda n\u01b0\u1edbc n\u00f3ng, <a href=\"https:\/\/plastic-machines.org\/vi\/product\/plastic-chips-dryer-machine\/\">m\u00e1y s\u1ea5y nh\u1ef1a<\/a> v\u00e0 b\u0103ng t\u1ea3i. <\/p>    <p>C\u00f4ng ty ch\u00fang t\u00f4i c\u00f3 th\u1ec3 cung c\u1ea5p c\u1ea3 h\u1ec7 th\u1ed1ng t\u00e1i ch\u1ebf nh\u1ef1a PET ti\u00eau chu\u1ea9n v\u00e0 t\u00f9y ch\u1ec9nh \u0111\u1ec3 \u0111\u00e1p \u1ee9ng y\u00eau c\u1ea7u c\u1ee7a c\u00e1c c\u00f4ng ty t\u00e1i ch\u1ebf thu\u1ed9c m\u1ecdi quy m\u00f4. H\u1ec7 th\u1ed1ng t\u00e1i ch\u1ebf c\u00f3 kh\u1ea3 n\u0103ng x\u1eed l\u00fd nhi\u1ec1u lo\u1ea1i nh\u1ef1a PET, v\u1edbi c\u00e1c m\u00e1y l\u00e0m s\u1ea1ch kh\u00e1c nhau t\u00f9y thu\u1ed9c v\u00e0o m\u1ee9c \u0111\u1ed9 nhi\u1ec5m b\u1ea9n kh\u00e1c nhau c\u1ee7a nguy\u00ean li\u1ec7u th\u00f4 c\u1ee7a b\u1ea1n. To\u00e0n b\u1ed9 d\u00e2y chuy\u1ec1n l\u00e0m s\u1ea1ch d\u1ec5 v\u1eadn h\u00e0nh, hi\u1ec7u qu\u1ea3 cao v\u00e0 ti\u00eau th\u1ee5 n\u0103ng l\u01b0\u1ee3ng th\u1ea5p.<\/p>   <div class=\"wp-block-image\"> <figure class=\"aligncenter size-full\"><img loading=\"lazy\" decoding=\"async\" width=\"720\" height=\"540\" src=\"https:\/\/plastic-machines.org\/wp-content\/uploads\/2022\/07\/PET-washer-machine.webp\" alt=\"M\u00e1y gi\u1eb7t n\u00f3ng m\u1ea3nh PET \u0111\u1ec3 t\u00e1i ch\u1ebf chai nh\u1ef1a\" class=\"wp-image-1206\" srcset=\"https:\/\/plastic-machines.org\/wp-content\/uploads\/2022\/07\/PET-washer-machine.webp 720w, https:\/\/plastic-machines.org\/wp-content\/uploads\/2022\/07\/PET-washer-machine-300x225.webp 300w, https:\/\/plastic-machines.org\/wp-content\/uploads\/2022\/07\/PET-washer-machine-16x12.webp 16w\" sizes=\"auto, (max-width: 720px) 100vw, 720px\" \/><figcaption class=\"wp-element-caption\">M\u00e1y gi\u1eb7t n\u00f3ng m\u1ea3nh PET<\/figcaption><\/figure> <\/div>  <div class=\"wp-block-image\"> <figure class=\"aligncenter size-full\"><img loading=\"lazy\" decoding=\"async\" width=\"720\" height=\"540\" src=\"https:\/\/plastic-machines.org\/wp-content\/uploads\/2022\/07\/PET-washing-line1.webp\" alt=\"M\u00e1y gi\u1eb7t n\u00f3ng m\u1ea3nh PET \" class=\"wp-image-301\" srcset=\"https:\/\/plastic-machines.org\/wp-content\/uploads\/2022\/07\/PET-washing-line1.webp 720w, https:\/\/plastic-machines.org\/wp-content\/uploads\/2022\/07\/PET-washing-line1-300x225.webp 300w\" sizes=\"auto, (max-width: 720px) 100vw, 720px\" \/><figcaption class=\"wp-element-caption\">Nh\u00e0 m\u00e1y r\u1eeda chai PET <\/figcaption><\/figure> <\/div>","protected":false},"excerpt":{"rendered":"<p>A PET flakes hot washing machine is used to steam the bottle chips at a high temperature to soften the oil, glue, etc. on the plastic surface, and then rinsed with hot water. After cleaning and removing water, the PET bottle flakes will reach the standard of first-class clean flakes requirement and can be made [&hellip;]<\/p>\n","protected":false},"author":1,"featured_media":444,"parent":0,"template":"","tags":[56,35],"product-type":[14],"class_list":["post-276","product","type-product","status-publish","has-post-thumbnail","hentry","tag-hot-washing","tag-pet","product-type-plastic-cleaning-drying-equipment"],"taxonomy_info":{"post_tag":[{"value":56,"label":"hot washing"},{"value":35,"label":"PET"}],"product-type":[{"value":14,"label":"Plastic Cleaning&amp;Drying equipment"}]},"featured_image_src_large":["https:\/\/plastic-machines.org\/wp-content\/uploads\/2022\/06\/hot-water-washing-machine1.webp",720,540,false],"author_info":{"display_name":"Ella","author_link":"https:\/\/plastic-machines.org\/vi\/author\/admin\/"},"comment_info":"","_links":{"self":[{"href":"https:\/\/plastic-machines.org\/vi\/wp-json\/wp\/v2\/product\/276","targetHints":{"allow":["GET"]}}],"collection":[{"href":"https:\/\/plastic-machines.org\/vi\/wp-json\/wp\/v2\/product"}],"about":[{"href":"https:\/\/plastic-machines.org\/vi\/wp-json\/wp\/v2\/types\/product"}],"author":[{"embeddable":true,"href":"https:\/\/plastic-machines.org\/vi\/wp-json\/wp\/v2\/users\/1"}],"wp:featuredmedia":[{"embeddable":true,"href":"https:\/\/plastic-machines.org\/vi\/wp-json\/wp\/v2\/media\/444"}],"wp:attachment":[{"href":"https:\/\/plastic-machines.org\/vi\/wp-json\/wp\/v2\/media?parent=276"}],"wp:term":[{"taxonomy":"post_tag","embeddable":true,"href":"https:\/\/plastic-machines.org\/vi\/wp-json\/wp\/v2\/tags?post=276"},{"taxonomy":"product-type","embeddable":true,"href":"https:\/\/plastic-machines.org\/vi\/wp-json\/wp\/v2\/product-type?post=276"}],"curies":[{"name":"wp","href":"https:\/\/api.w.org\/{rel}","templated":true}]}}