{"id":273,"date":"2022-07-11T03:07:36","date_gmt":"2022-07-11T03:07:36","guid":{"rendered":"https:\/\/plastic-machines.org\/?post_type=product&#038;p=273"},"modified":"2025-11-14T16:37:05","modified_gmt":"2025-11-14T08:37:05","slug":"plastic-chips-dryer-machine","status":"publish","type":"product","link":"https:\/\/plastic-machines.org\/vi\/product\/plastic-chips-dryer-machine\/","title":{"rendered":"M\u00e1y s\u1ea5y chip nh\u1ef1a ngang"},"content":{"rendered":"<div class=\"kk-star-ratings kksr-auto kksr-align-left kksr-valign-top\"     data-payload='{&quot;align&quot;:&quot;left&quot;,&quot;id&quot;:&quot;273&quot;,&quot;slug&quot;:&quot;default&quot;,&quot;valign&quot;:&quot;top&quot;,&quot;ignore&quot;:&quot;&quot;,&quot;reference&quot;:&quot;auto&quot;,&quot;class&quot;:&quot;&quot;,&quot;count&quot;:&quot;5&quot;,&quot;legendonly&quot;:&quot;&quot;,&quot;readonly&quot;:&quot;&quot;,&quot;score&quot;:&quot;5&quot;,&quot;starsonly&quot;:&quot;&quot;,&quot;best&quot;:&quot;5&quot;,&quot;gap&quot;:&quot;5&quot;,&quot;greet&quot;:&quot;Rate this product&quot;,&quot;legend&quot;:&quot;5\\\/5 - (5 b\u00ecnh ch\u1ecdn)&quot;,&quot;size&quot;:&quot;24&quot;,&quot;title&quot;:&quot;Horizontal Plastic Chips Dryer Machine&quot;,&quot;width&quot;:&quot;142.5&quot;,&quot;_legend&quot;:&quot;{score}\\\/{best} - ({count} {votes})&quot;,&quot;font_factor&quot;:&quot;1.25&quot;}'>              <div class=\"kksr-stars\">      <div class=\"kksr-stars-inactive\">             <div class=\"kksr-star\" data-star=\"1\" style=\"padding-right: 5px\">               <div class=\"kksr-icon\" style=\"width: 24px; height: 24px;\"><\/div>         <\/div>             <div class=\"kksr-star\" data-star=\"2\" style=\"padding-right: 5px\">               <div class=\"kksr-icon\" style=\"width: 24px; height: 24px;\"><\/div>         <\/div>             <div class=\"kksr-star\" data-star=\"3\" style=\"padding-right: 5px\">               <div class=\"kksr-icon\" style=\"width: 24px; height: 24px;\"><\/div>         <\/div>             <div class=\"kksr-star\" data-star=\"4\" style=\"padding-right: 5px\">               <div class=\"kksr-icon\" style=\"width: 24px; height: 24px;\"><\/div>         <\/div>             <div class=\"kksr-star\" data-star=\"5\" style=\"padding-right: 5px\">               <div class=\"kksr-icon\" style=\"width: 24px; height: 24px;\"><\/div>         <\/div>     <\/div>      <div class=\"kksr-stars-active\" style=\"width: 142.5px;\">             <div class=\"kksr-star\" style=\"padding-right: 5px\">               <div class=\"kksr-icon\" style=\"width: 24px; height: 24px;\"><\/div>         <\/div>             <div class=\"kksr-star\" style=\"padding-right: 5px\">               <div class=\"kksr-icon\" style=\"width: 24px; height: 24px;\"><\/div>         <\/div>             <div class=\"kksr-star\" style=\"padding-right: 5px\">               <div class=\"kksr-icon\" style=\"width: 24px; height: 24px;\"><\/div>         <\/div>             <div class=\"kksr-star\" style=\"padding-right: 5px\">               <div class=\"kksr-icon\" style=\"width: 24px; height: 24px;\"><\/div>         <\/div>             <div class=\"kksr-star\" style=\"padding-right: 5px\">               <div class=\"kksr-icon\" style=\"width: 24px; height: 24px;\"><\/div>         <\/div>     <\/div> <\/div>                   <div class=\"kksr-legend\" style=\"font-size: 19.2px;\">             5\/5 - (5 votes)    <\/div>     <\/div>  <p>M\u00e1y s\u1ea5y chip nh\u1ef1a l\u00e0 thi\u1ebft b\u1ecb t\u00e1i ch\u1ebf nh\u1ef1a hi\u1ec7u qu\u1ea3. C\u00e1c m\u1ea3nh nh\u1ef1a \u0111\u00e3 \u0111\u01b0\u1ee3c l\u00e0m s\u1ea1ch \u0111\u01b0\u1ee3c kh\u1eed n\u01b0\u1edbc v\u00e0 s\u1ea5y kh\u00f4 \u1edf t\u1ed1c \u0111\u1ed9 cao b\u1eb1ng m\u00e1y s\u1ea5y tr\u01b0\u1edbc khi t\u1ea1o h\u1ea1t. V\u00ec v\u1eady m\u00e1y s\u1ea5y h\u00fat \u1ea9m nh\u1ef1a \u0111\u00f3ng vai tr\u00f2 quan tr\u1ecdng trong qu\u00e1 tr\u00ecnh t\u1ea1o h\u1ea1t nh\u1ef1a th\u1ea3i. N\u00f3 l\u00e0 m\u1ed9t thi\u1ebft b\u1ecb ph\u1ee5 tr\u1ee3 t\u1ef1 \u0111\u1ed9ng ti\u00ean ti\u1ebfn \u0111\u1ec3 t\u00e1i ch\u1ebf nh\u1ef1a.<\/p>    <h2 class=\"wp-block-heading\" id=\"h-plastic-dryer-machine-application\">\u1ee8ng d\u1ee5ng m\u00e1y s\u1ea5y nh\u1ef1a<\/h2>    <p class=\"translation-block\">M\u00e1y s\u1ea5y nh\u1ef1a n\u00e0y ph\u00f9 h\u1ee3p v\u1edbi c\u00e1c v\u1eadt li\u1ec7u nh\u1ef1a c\u1ee9ng nh\u01b0 th\u00f9ng phuy, th\u00f9ng, r\u1ed5, \u0111\u1ed3 ch\u01a1i, chai nh\u1ef1a PP, v.v. M\u00e1y s\u1ea5y d\u1ea1ng tr\u1ee5c ngang lu\u00f4n \u0111\u01b0\u1ee3c s\u1eed d\u1ee5ng trong <strong><a href=\"https:\/\/plastic-machines.org\/vi\/product\/plastic-recycling-granulating-line\/\">d\u00e2y chuy\u1ec1n nghi\u1ec1n h\u1ea1t nh\u1ef1a<\/a><\/strong> \u0111\u1ec3 l\u00e0m kh\u00f4 v\u1ee5n nh\u1ef1a \u0111\u00e3 nghi\u1ec1n tr\u01b0\u1edbc khi nghi\u1ec1n h\u1ea1t. H\u01a1n n\u1eefa, m\u00e1y t\u00e1ch n\u01b0\u1edbc nh\u1ef1a c\u0169ng c\u00f3 th\u1ec3 \u00e1p d\u1ee5ng cho <strong><a href=\"https:\/\/plastic-machines.org\/vi\/product\/pet-bottle-recycling-line\/\">d\u00e2y chuy\u1ec1n r\u1eeda chai PET<\/a><\/strong>. \u1ede b\u01b0\u1edbc cu\u1ed1i c\u00f9ng c\u1ee7a quy tr\u00ecnh t\u00e1i ch\u1ebf, c\u00e1c v\u1ee5n <a href=\"https:\/\/en.wikipedia.org\/wiki\/Polyethylene_terephthalate\" target=\"_blank\" rel=\"noopener\">PET<\/a> s\u1ebd \u0111\u01b0\u1ee3c lo\u1ea1i b\u1ecf n\u01b0\u1edbc b\u1eb1ng m\u00e1y s\u1ea5y nh\u1ef1a, \u0111\u1ec3 nh\u1eefng m\u1ea3nh nh\u1ef1a kh\u00f4 \u0111\u00f3 c\u00f3 th\u1ec3 \u0111\u01b0\u1ee3c \u0111\u00f3ng g\u00f3i.<\/p>    <figure class=\"wp-block-embed is-type-video is-provider-youtube wp-block-embed-youtube wp-embed-aspect-4-3 wp-has-aspect-ratio\"><div class=\"wp-block-embed__wrapper\"> <iframe loading=\"lazy\" title=\"M\u00e1y s\u1ea5y ngang t\u00e1i ch\u1ebf nh\u1ef1a #plasticrecycling #machine\" width=\"500\" height=\"375\" src=\"https:\/\/www.youtube.com\/embed\/tw-SdiclyeE?feature=oembed\" frameborder=\"0\" allow=\"accelerometer; autoplay; clipboard-write; encrypted-media; gyroscope; picture-in-picture; web-share\" referrerpolicy=\"strict-origin-when-cross-origin\" allowfullscreen><\/iframe> <\/div><\/figure>    <h2 class=\"wp-block-heading\" id=\"h-advantages-of-plastic-chips-dryer-machine\">\u01afu \u0111i\u1ec3m c\u1ee7a m\u00e1y s\u1ea5y chip nh\u1ef1a<\/h2>    <ol class=\"wp-block-list\"> <li>M\u00e1y kh\u1eed n\u01b0\u1edbc nh\u1ef1a c\u00f3 \u1ee9ng d\u1ee5ng r\u1ed9ng r\u00e3i, c\u00f3 th\u1ec3 gi\u00fap kh\u1eed n\u01b0\u1edbc c\u00e1c lo\u1ea1i nh\u1ef1a nghi\u1ec1n kh\u00e1c nhau m\u1ed9t c\u00e1ch hi\u1ec7u qu\u1ea3, ch\u1eb3ng h\u1ea1n nh\u01b0 chai PET, m\u1ea3nh PE, m\u1ea3nh PP, v.v.<\/li>    <li>M\u00e1y s\u1ea5y h\u00fat \u1ea9m b\u1eb1ng nh\u1ef1a c\u00f3 t\u00e1c d\u1ee5ng kh\u1eed n\u01b0\u1edbc t\u1ed1t v\u00e0 ti\u00eau th\u1ee5 \u0111i\u1ec7n n\u0103ng th\u1ea5p. Ngo\u00e0i vi\u1ec7c kh\u1eed n\u01b0\u1edbc, m\u00e1y s\u1ea5y ngang c\u00f2n c\u00f3 th\u1ec3 l\u1ecdc c\u00e1t v\u00e0 c\u00e1c m\u1ea3nh v\u1ee5n c\u1ef1c nh\u1ecf kh\u00e1c b\u00e1m tr\u00ean b\u1ec1 m\u1eb7t m\u1ea3nh nh\u1ef1a.<\/li>    <li>L\u01b0\u1edbi b\u00ean trong m\u00e1y s\u1ea5y nh\u1ef1a \u0111\u01b0\u1ee3c l\u00e0m b\u1eb1ng th\u00e9p kh\u00f4ng g\u1ec9 ch\u1ea5t l\u01b0\u1ee3ng cao, rotor v\u00e0 th\u00e2n m\u00e1y \u0111\u01b0\u1ee3c l\u00e0m b\u1eb1ng v\u1eadt li\u1ec7u ch\u1ed1ng r\u1ec9, v\u00e0 to\u00e0n b\u1ed9 thi\u1ebft b\u1ecb c\u00f3 \u0111\u1ed9 b\u1ec1n cao.<\/li>    <li>C\u1ea5u tr\u00fac m\u00e1y s\u1ea5y chip nh\u1ef1a \u0111\u01b0\u1ee3c thi\u1ebft k\u1ebf r\u1ea5t h\u1ee3p l\u00fd, nh\u00e2n vi\u00ean c\u00f3 th\u1ec3 d\u1ec5 d\u00e0ng m\u1edf th\u00e2n m\u00e1y v\u00e0 lo\u1ea1i b\u1ecf k\u1ecbp th\u1eddi c\u00e1c t\u1ea1p ch\u1ea5t c\u00f2n s\u00f3t l\u1ea1i tr\u00ean m\u00e0n h\u00ecnh b\u00ean trong m\u00e1y s\u1ea5y ngang, ph\u01b0\u01a1ng ph\u00e1p b\u1ea3o tr\u00ec h\u00e0ng ng\u00e0y r\u1ea5t \u0111\u01a1n gi\u1ea3n.<\/li> <\/ol>    <h2 class=\"wp-block-heading\" id=\"h-technical-data-of-horizontal-dryer\">D\u1eef li\u1ec7u k\u1ef9 thu\u1eadt c\u1ee7a m\u00e1y s\u1ea5y ngang<\/h2>    <figure class=\"wp-block-table\"><table><tbody><tr><td>&nbsp;Ng\u01b0\u1eddi m\u1eabu<\/td><td>SL-550<\/td><\/tr><tr><td>\u0110\u01b0\u1eddng k\u00ednh ngo\u00e0i<\/td><td>550mm<\/td><\/tr><tr><td>Chi\u1ec1u d\u00e0i<\/td><td>1000mm<\/td><\/tr><tr><td>\u0110\u01b0\u1eddng k\u00ednh l\u1ed7 l\u1ecdc<\/td><td>4mm<\/td><\/tr><tr><td>Dung t\u00edch<\/td><td>1000kg\/gi\u1edd<\/td><\/tr><\/tbody><\/table><\/figure>    <h2 class=\"wp-block-heading\" id=\"h-horizontal-dewatering-machine-display\">M\u00e0n h\u00ecnh m\u00e1y kh\u1eed n\u01b0\u1edbc b\u1eb1ng nh\u1ef1a<\/h2>    <p>V\u1ecf c\u1ee7a m\u00e1y kh\u1eed n\u01b0\u1edbc ngang c\u00f3 th\u1ec3 \u0111\u01b0\u1ee3c t\u00f9y ch\u1ec9nh, th\u01b0\u1eddng c\u00f3 m\u00e0u x\u00e1m ho\u1eb7c xanh v\u00e0 c\u0169ng c\u00f3 th\u1ec3 \u0111\u01b0\u1ee3c \u0111i\u1ec1u ch\u1ec9nh theo nhu c\u1ea7u c\u1ee5 th\u1ec3 c\u1ee7a kh\u00e1ch h\u00e0ng.<\/p>    <figure class=\"wp-block-gallery has-nested-images columns-default is-cropped wp-block-gallery-2 is-layout-flex wp-block-gallery-is-layout-flex\"> <figure class=\"wp-block-image size-large\"><img loading=\"lazy\" decoding=\"async\" width=\"720\" height=\"540\" data-id=\"283\" src=\"https:\/\/plastic-machines.org\/wp-content\/uploads\/2022\/07\/horizontal-plastic-dryer.webp\" alt=\"m\u00e1y s\u1ea5y nh\u1ef1a ngang\" class=\"wp-image-283\" srcset=\"https:\/\/plastic-machines.org\/wp-content\/uploads\/2022\/07\/horizontal-plastic-dryer.webp 720w, https:\/\/plastic-machines.org\/wp-content\/uploads\/2022\/07\/horizontal-plastic-dryer-300x225.webp 300w\" sizes=\"auto, (max-width: 720px) 100vw, 720px\" \/><figcaption class=\"wp-element-caption\">m\u00e1y s\u1ea5y nh\u1ef1a ngang<\/figcaption><\/figure>    <figure class=\"wp-block-image size-large\"><img loading=\"lazy\" decoding=\"async\" width=\"720\" height=\"540\" data-id=\"284\" src=\"https:\/\/plastic-machines.org\/wp-content\/uploads\/2022\/07\/PET-washing-line-.webp\" alt=\"D\u00e2y chuy\u1ec1n r\u1eeda chai PET\" class=\"wp-image-284\" srcset=\"https:\/\/plastic-machines.org\/wp-content\/uploads\/2022\/07\/PET-washing-line-.webp 720w, https:\/\/plastic-machines.org\/wp-content\/uploads\/2022\/07\/PET-washing-line--300x225.webp 300w\" sizes=\"auto, (max-width: 720px) 100vw, 720px\" \/><figcaption class=\"wp-element-caption\">D\u00e2y chuy\u1ec1n gi\u1eb7t PET<\/figcaption><\/figure> <\/figure>    <figure class=\"wp-block-gallery has-nested-images columns-default is-cropped wp-block-gallery-3 is-layout-flex wp-block-gallery-is-layout-flex\"> <figure class=\"wp-block-image size-large\"><img loading=\"lazy\" decoding=\"async\" width=\"720\" height=\"540\" data-id=\"285\" src=\"https:\/\/plastic-machines.org\/wp-content\/uploads\/2022\/07\/horizontal-dryer-in-plant.webp\" alt=\"m\u00e1y kh\u1eed n\u01b0\u1edbc nh\u1ef1a\" class=\"wp-image-285\" srcset=\"https:\/\/plastic-machines.org\/wp-content\/uploads\/2022\/07\/horizontal-dryer-in-plant.webp 720w, https:\/\/plastic-machines.org\/wp-content\/uploads\/2022\/07\/horizontal-dryer-in-plant-300x225.webp 300w\" sizes=\"auto, (max-width: 720px) 100vw, 720px\" \/><figcaption class=\"wp-element-caption\">m\u00e1y s\u1ea5y ngang trong nh\u00e0 m\u00e1y<\/figcaption><\/figure>    <figure class=\"wp-block-image size-large\"><img loading=\"lazy\" decoding=\"async\" width=\"720\" height=\"540\" data-id=\"286\" src=\"https:\/\/plastic-machines.org\/wp-content\/uploads\/2022\/07\/horizontal-dryer-1.webp\" alt=\"m\u00e1y s\u1ea5y nh\u1ef1a ngang\" class=\"wp-image-286\" srcset=\"https:\/\/plastic-machines.org\/wp-content\/uploads\/2022\/07\/horizontal-dryer-1.webp 720w, https:\/\/plastic-machines.org\/wp-content\/uploads\/2022\/07\/horizontal-dryer-1-300x225.webp 300w\" sizes=\"auto, (max-width: 720px) 100vw, 720px\" \/><figcaption class=\"wp-element-caption\">m\u00e1y s\u1ea5y chip nh\u1ef1a<\/figcaption><\/figure> <\/figure>    <figure class=\"wp-block-gallery has-nested-images columns-default is-cropped wp-block-gallery-4 is-layout-flex wp-block-gallery-is-layout-flex\"> <figure class=\"wp-block-image size-large\"><img loading=\"lazy\" decoding=\"async\" width=\"720\" height=\"540\" data-id=\"289\" src=\"https:\/\/plastic-machines.org\/wp-content\/uploads\/2022\/07\/plastic-dryer-machine-1.webp\" alt=\"m\u00e1y s\u1ea5y nh\u1ef1a\" class=\"wp-image-289\" srcset=\"https:\/\/plastic-machines.org\/wp-content\/uploads\/2022\/07\/plastic-dryer-machine-1.webp 720w, https:\/\/plastic-machines.org\/wp-content\/uploads\/2022\/07\/plastic-dryer-machine-1-300x225.webp 300w\" sizes=\"auto, (max-width: 720px) 100vw, 720px\" \/><figcaption class=\"wp-element-caption\">m\u00e1y s\u1ea5y nh\u1ef1a<\/figcaption><\/figure>    <figure class=\"wp-block-image size-large\"><img loading=\"lazy\" decoding=\"async\" width=\"720\" height=\"540\" data-id=\"290\" src=\"https:\/\/plastic-machines.org\/wp-content\/uploads\/2022\/07\/plastic-dryer.webp\" alt=\"m\u00e1y s\u1ea5y nh\u1ef1a\" class=\"wp-image-290\" srcset=\"https:\/\/plastic-machines.org\/wp-content\/uploads\/2022\/07\/plastic-dryer.webp 720w, https:\/\/plastic-machines.org\/wp-content\/uploads\/2022\/07\/plastic-dryer-300x225.webp 300w\" sizes=\"auto, (max-width: 720px) 100vw, 720px\" \/><figcaption class=\"wp-element-caption\">m\u00e1y s\u1ea5y nh\u1ef1a<\/figcaption><\/figure> <\/figure>    <h2 class=\"wp-block-heading\">\u0110\u1ec1 ngh\u1ecb m\u00e1y m\u00f3c d\u00e2y chuy\u1ec1n t\u00e1i ch\u1ebf nh\u1ef1a<\/h2>    <p class=\"translation-block\">M\u00e1y t\u00e1ch n\u01b0\u1edbc nh\u1ef1a d\u1ea1ng tr\u1ee5c ngang lu\u00f4n \u0111\u01b0\u1ee3c s\u1eed d\u1ee5ng trong d\u00e2y chuy\u1ec1n <a href=\"https:\/\/plastic-machines.org\/vi\/product\/plastic-recycling-granulating-line\/\">t\u1ea1o h\u1ea1t nh\u1ef1a<\/a> v\u00e0 d\u00e2y chuy\u1ec1n <a href=\"https:\/\/plastic-machines.org\/vi\/product\/pet-bottle-recycling-line\/\">r\u1eeda chai PET<\/a>. M\u00e1y s\u1ea5y s\u1ebd lo\u1ea1i b\u1ecf n\u01b0\u1edbc kh\u1ecfi c\u00e1c m\u1ea3nh nh\u1ef1a v\u00e0 \u0111\u00f3 l\u00e0 b\u01b0\u1edbc cu\u1ed1i c\u00f9ng c\u1ee7a d\u00e2y chuy\u1ec1n t\u00e1i ch\u1ebf ho\u00e0n ch\u1ec9nh. N\u1ebfu nguy\u00ean li\u1ec7u c\u1ee7a b\u1ea1n l\u00e0 nh\u1ef1a m\u1ec1m nh\u01b0 m\u00e0ng ho\u1eb7c t\u00fai nh\u1ef1a, ch\u00fang t\u00f4i khuy\u00ean b\u1ea1n n\u00ean ch\u1ecdn <a href=\"https:\/\/plastic-machines.org\/vi\/product\/plastic-film-dryer-machine\/\">m\u00e1y s\u1ea5y nh\u1ef1a d\u1ea1ng tr\u1ee5c \u0111\u1ee9ng<\/a>.<\/p>    <figure class=\"wp-block-image size-large\"><img loading=\"lazy\" decoding=\"async\" width=\"1024\" height=\"576\" src=\"https:\/\/plastic-machines.org\/wp-content\/uploads\/2022\/06\/plastic-washing-machine-1024x576.webp\" alt=\"m\u00e1y gi\u1eb7t nh\u1ef1a\" class=\"wp-image-148\" srcset=\"https:\/\/plastic-machines.org\/wp-content\/uploads\/2022\/06\/plastic-washing-machine-1024x576.webp 1024w, https:\/\/plastic-machines.org\/wp-content\/uploads\/2022\/06\/plastic-washing-machine-300x169.webp 300w, https:\/\/plastic-machines.org\/wp-content\/uploads\/2022\/06\/plastic-washing-machine-768x432.webp 768w, https:\/\/plastic-machines.org\/wp-content\/uploads\/2022\/06\/plastic-washing-machine-1536x864.webp 1536w, https:\/\/plastic-machines.org\/wp-content\/uploads\/2022\/06\/plastic-washing-machine.webp 1920w\" sizes=\"auto, (max-width: 1024px) 100vw, 1024px\" \/><figcaption class=\"wp-element-caption\">m\u00e1y gi\u1eb7t nh\u1ef1a v\u00e0 m\u00e1y s\u1ea5y ngang<\/figcaption><\/figure>    <h2 class=\"wp-block-heading\"> D\u1ecbch v\u1ee5 c\u1ee7a Shuliy d\u00e0nh cho kh\u00e1ch h\u00e0ng<\/h2>    <ul class=\"wp-block-list\"> <li><strong>D\u1ecbch v\u1ee5 tr\u01b0\u1edbc khi b\u00e1n h\u00e0ng: <\/strong>Ch\u00fang t\u00f4i s\u1ebd l\u1eadp k\u1ebf ho\u1ea1ch d\u1ef1 \u00e1n t\u00e1i ch\u1ebf nh\u1ef1a v\u00e0 ph\u00e1t tri\u1ec3n m\u1ed9t b\u1ed9 ch\u01b0\u01a1ng tr\u00ecnh m\u00e1y m\u00f3c v\u00e0 thi\u1ebft b\u1ecb ph\u00f9 h\u1ee3p. Ngo\u00e0i ra, theo nhu c\u1ea7u \u0111\u1eb7c bi\u1ec7t c\u1ee7a b\u1ea1n, nh\u00e0 m\u00e1y c\u1ee7a ch\u00fang t\u00f4i h\u1ed7 tr\u1ee3 c\u00e1c m\u00e1y t\u00e1i ch\u1ebf nh\u1ef1a t\u00f9y ch\u1ec9nh.<\/li>    <li><strong>D\u1ecbch v\u1ee5 trung gian b\u00e1n h\u00e0ng<\/strong>: Ng\u01b0\u1eddi qu\u1ea3n l\u00fd b\u00e1n h\u00e0ng gi\u1eef li\u00ean l\u1ea1c v\u1edbi b\u1ea1n trong to\u00e0n b\u1ed9 qu\u00e1 tr\u00ecnh v\u00e0 gi\u00e1m s\u00e1t vi\u1ec7c s\u1ea3n xu\u1ea5t, t\u1ea3i v\u00e0 giao m\u00e1y. Ng\u01b0\u1eddi qu\u1ea3n l\u00fd b\u00e1n h\u00e0ng c\u1ee7a ch\u00fang t\u00f4i s\u1ebd \u0111i c\u00f9ng kh\u00e1ch h\u00e0ng \u0111\u1ec3 ho\u00e0n th\u00e0nh vi\u1ec7c nghi\u1ec7m thu thi\u1ebft b\u1ecb.<\/li>    <li><strong>D\u1ecbch v\u1ee5 sau b\u00e1n h\u00e0ng:<\/strong> Shuliy Group s\u1ebd cung c\u1ea5p video h\u01b0\u1edbng d\u1eabn c\u00e0i \u0111\u1eb7t tr\u1ef1c tuy\u1ebfn. N\u1ebfu c\u1ea7n, ch\u00fang t\u00f4i c\u00f3 th\u1ec3 c\u1eed nh\u00e2n vi\u00ean k\u1ef9 thu\u1eadt \u0111\u1ebfn qu\u1ed1c gia c\u1ee7a kh\u00e1ch h\u00e0ng \u0111\u1ec3 h\u01b0\u1edbng d\u1eabn l\u1eafp \u0111\u1eb7t thi\u1ebft b\u1ecb v\u00e0 \u0111\u00e0o t\u1ea1o ng\u01b0\u1eddi v\u1eadn h\u00e0nh. Ngo\u00e0i ra, ngo\u1ea1i tr\u1eeb c\u00e1c b\u1ed9 ph\u1eadn b\u1ecb hao m\u00f2n, m\u00e1y t\u00e1i ch\u1ebf nh\u1ef1a Shuliy \u0111\u01b0\u1ee3c \u0111\u1ea3m b\u1ea3o ch\u1ea5t l\u01b0\u1ee3ng b\u1ea3o tr\u00ec trong v\u00f2ng 12 th\u00e1ng.<\/li> <\/ul>","protected":false},"excerpt":{"rendered":"<p>A plastic chips dryer machine is efficient plastic recycling equipment. The cleaned plastic pieces are dewatered and dried at high speed by the dryer before granulation. So the plastic dehumidifying dryer plays an important role in the process of waste plastic granulation. It is an advanced automatic auxiliary equipment for plastic recycling. Plastic dryer machine [&hellip;]<\/p>\n","protected":false},"author":1,"featured_media":443,"parent":0,"template":"","tags":[57,39],"product-type":[14],"class_list":["post-273","product","type-product","status-publish","has-post-thumbnail","hentry","tag-dry","tag-flake","product-type-plastic-cleaning-drying-equipment"],"taxonomy_info":{"post_tag":[{"value":57,"label":"dry"},{"value":39,"label":"flake"}],"product-type":[{"value":14,"label":"Plastic Cleaning&amp;Drying equipment"}]},"featured_image_src_large":["https:\/\/plastic-machines.org\/wp-content\/uploads\/2022\/06\/horizontal-dryer1.webp",720,540,false],"author_info":{"display_name":"Ella","author_link":"https:\/\/plastic-machines.org\/vi\/author\/admin\/"},"comment_info":"","_links":{"self":[{"href":"https:\/\/plastic-machines.org\/vi\/wp-json\/wp\/v2\/product\/273","targetHints":{"allow":["GET"]}}],"collection":[{"href":"https:\/\/plastic-machines.org\/vi\/wp-json\/wp\/v2\/product"}],"about":[{"href":"https:\/\/plastic-machines.org\/vi\/wp-json\/wp\/v2\/types\/product"}],"author":[{"embeddable":true,"href":"https:\/\/plastic-machines.org\/vi\/wp-json\/wp\/v2\/users\/1"}],"wp:featuredmedia":[{"embeddable":true,"href":"https:\/\/plastic-machines.org\/vi\/wp-json\/wp\/v2\/media\/443"}],"wp:attachment":[{"href":"https:\/\/plastic-machines.org\/vi\/wp-json\/wp\/v2\/media?parent=273"}],"wp:term":[{"taxonomy":"post_tag","embeddable":true,"href":"https:\/\/plastic-machines.org\/vi\/wp-json\/wp\/v2\/tags?post=273"},{"taxonomy":"product-type","embeddable":true,"href":"https:\/\/plastic-machines.org\/vi\/wp-json\/wp\/v2\/product-type?post=273"}],"curies":[{"name":"wp","href":"https:\/\/api.w.org\/{rel}","templated":true}]}}