{"id":262,"date":"2022-07-08T08:45:58","date_gmt":"2022-07-08T08:45:58","guid":{"rendered":"https:\/\/plastic-machines.org\/?post_type=product&#038;p=262"},"modified":"2025-11-14T16:38:43","modified_gmt":"2025-11-14T08:38:43","slug":"plastic-film-dryer-machine","status":"publish","type":"product","link":"https:\/\/plastic-machines.org\/vi\/product\/plastic-film-dryer-machine\/","title":{"rendered":"M\u00e1y s\u1ea5y m\u00e0ng nh\u1ef1a d\u1ecdc"},"content":{"rendered":"<div class=\"kk-star-ratings kksr-auto kksr-align-left kksr-valign-top\"     data-payload='{&quot;align&quot;:&quot;left&quot;,&quot;id&quot;:&quot;262&quot;,&quot;slug&quot;:&quot;default&quot;,&quot;valign&quot;:&quot;top&quot;,&quot;ignore&quot;:&quot;&quot;,&quot;reference&quot;:&quot;auto&quot;,&quot;class&quot;:&quot;&quot;,&quot;count&quot;:&quot;9&quot;,&quot;legendonly&quot;:&quot;&quot;,&quot;readonly&quot;:&quot;&quot;,&quot;score&quot;:&quot;4.6&quot;,&quot;starsonly&quot;:&quot;&quot;,&quot;best&quot;:&quot;5&quot;,&quot;gap&quot;:&quot;5&quot;,&quot;greet&quot;:&quot;Rate this product&quot;,&quot;legend&quot;:&quot;4.6\\\/5 - (9 b\u00ecnh ch\u1ecdn)&quot;,&quot;size&quot;:&quot;24&quot;,&quot;title&quot;:&quot;Vertical Plastic Film Dryer Machine&quot;,&quot;width&quot;:&quot;130.9&quot;,&quot;_legend&quot;:&quot;{score}\\\/{best} - ({count} {votes})&quot;,&quot;font_factor&quot;:&quot;1.25&quot;}'>              <div class=\"kksr-stars\">      <div class=\"kksr-stars-inactive\">             <div class=\"kksr-star\" data-star=\"1\" style=\"padding-right: 5px\">               <div class=\"kksr-icon\" style=\"width: 24px; height: 24px;\"><\/div>         <\/div>             <div class=\"kksr-star\" data-star=\"2\" style=\"padding-right: 5px\">               <div class=\"kksr-icon\" style=\"width: 24px; height: 24px;\"><\/div>         <\/div>             <div class=\"kksr-star\" data-star=\"3\" style=\"padding-right: 5px\">               <div class=\"kksr-icon\" style=\"width: 24px; height: 24px;\"><\/div>         <\/div>             <div class=\"kksr-star\" data-star=\"4\" style=\"padding-right: 5px\">               <div class=\"kksr-icon\" style=\"width: 24px; height: 24px;\"><\/div>         <\/div>             <div class=\"kksr-star\" data-star=\"5\" style=\"padding-right: 5px\">               <div class=\"kksr-icon\" style=\"width: 24px; height: 24px;\"><\/div>         <\/div>     <\/div>      <div class=\"kksr-stars-active\" style=\"width: 130.9px;\">             <div class=\"kksr-star\" style=\"padding-right: 5px\">               <div class=\"kksr-icon\" style=\"width: 24px; height: 24px;\"><\/div>         <\/div>             <div class=\"kksr-star\" style=\"padding-right: 5px\">               <div class=\"kksr-icon\" style=\"width: 24px; height: 24px;\"><\/div>         <\/div>             <div class=\"kksr-star\" style=\"padding-right: 5px\">               <div class=\"kksr-icon\" style=\"width: 24px; height: 24px;\"><\/div>         <\/div>             <div class=\"kksr-star\" style=\"padding-right: 5px\">               <div class=\"kksr-icon\" style=\"width: 24px; height: 24px;\"><\/div>         <\/div>             <div class=\"kksr-star\" style=\"padding-right: 5px\">               <div class=\"kksr-icon\" style=\"width: 24px; height: 24px;\"><\/div>         <\/div>     <\/div> <\/div>                   <div class=\"kksr-legend\" style=\"font-size: 19.2px;\">             4.6\/5 - (9 b\u00ecnh ch\u1ecdn)    <\/div>     <\/div>  <p>M\u00e1y s\u1ea5y m\u00e0ng nh\u1ef1a l\u00e0 m\u1ed9t trong nh\u1eefng thi\u1ebft b\u1ecb quan tr\u1ecdng nh\u1ea5t trong quy tr\u00ecnh t\u00e1i ch\u1ebf nh\u1ef1a. N\u00f3 s\u1ebd lo\u1ea1i b\u1ecf n\u01b0\u1edbc kh\u1ecfi ph\u1ebf li\u1ec7u nh\u1ef1a, m\u1ed9t s\u1ed1 kh\u00e1ch h\u00e0ng mu\u1ed1n chu\u1ea9n b\u1ecb nhi\u1ec1u h\u01a1n m\u1ed9t m\u00e1y s\u1ea5y ph\u1ebf li\u1ec7u nh\u1ef1a ph\u00f9 h\u1ee3p v\u1edbi th\u00f9ng r\u1eeda c\u1ee7a h\u1ecd \u0111\u1ec3 t\u1ea1o ra c\u00e1c m\u1ea3nh nh\u1ef1a s\u1ea1ch h\u01a1n nhi\u1ec1u.<\/p>    <figure class=\"wp-block-embed is-type-video is-provider-youtube wp-block-embed-youtube wp-embed-aspect-16-9 wp-has-aspect-ratio\"><div class=\"wp-block-embed__wrapper\"> <iframe loading=\"lazy\" title=\"M\u00e1y n\u00e2ng v\u00e0 kh\u1eed n\u01b0\u1edbc theo chi\u1ec1u d\u1ecdc cho c\u00e1c nh\u00e0 m\u00e1y t\u00e1i ch\u1ebf nh\u1ef1a\" width=\"500\" height=\"281\" src=\"https:\/\/www.youtube.com\/embed\/b9OoE2BIFGA?feature=oembed\" frameborder=\"0\" allow=\"accelerometer; autoplay; clipboard-write; encrypted-media; gyroscope; picture-in-picture; web-share\" referrerpolicy=\"strict-origin-when-cross-origin\" allowfullscreen><\/iframe> <\/div><\/figure>    <h2 class=\"wp-block-heading\" id=\"h-application-of-plastic-film-dryer-machine\">\u1ee8ng d\u1ee5ng c\u1ee7a m\u00e1y s\u1ea5y m\u00e0ng nh\u1ef1a<\/h2>    <p class=\"translation-block\">M\u00e1y s\u1ea5y nh\u1ef1a \u0111\u01b0\u1ee3c l\u1eafp \u0111\u1eb7t \u1edf cu\u1ed1i b\u1ec3 v\u00e0 c\u00f3 ch\u1ee9c n\u0103ng s\u1ea5y kh\u00f4. M\u00e1y s\u1ea5y \u0111\u1ee9ng ch\u1ee7 y\u1ebfu \u0111\u01b0\u1ee3c s\u1eed d\u1ee5ng \u0111\u1ec3 s\u1ea5y kh\u00f4 m\u00e0ng nh\u1ef1a \u0111\u00e3 nghi\u1ec1n v\u00e0 l\u00e0m s\u1ea1ch, t\u00fai d\u1ec7t ph\u1ebf li\u1ec7u, t\u00fai nh\u1ef1a v\u00e0 c\u00e1c v\u1eadt li\u1ec7u kh\u00e1c. Trong qu\u00e1 tr\u00ecnh t\u1ea1o h\u1ea1t nh\u1ef1a, nh\u1ef1a v\u00e0o <a href=\"https:\/\/plastic-machines.org\/vi\/product\/plastic-extruder-machine\/\">m\u00e1y t\u1ea1o h\u1ea1t nh\u1ef1a<\/a> ph\u1ea3i kh\u00f4, v\u00ec v\u1eady vi\u1ec7c s\u1ea5y nh\u1ef1a l\u00e0 m\u1ed9t thi\u1ebft b\u1ecb c\u1ea7n thi\u1ebft trong <a href=\"https:\/\/plastic-machines.org\/vi\/product\/plastic-granulating-line\/\">d\u00e2y chuy\u1ec1n t\u1ea1o h\u1ea1t nh\u1ef1a<\/a>. C\u00e1c m\u1ea3nh nh\u1ef1a \u0111\u00e3 s\u1ea5y kh\u00f4 s\u1ebd \u0111i v\u00e0o m\u00e1y \u00e9p vi\u00ean th\u00f4ng qua b\u0103ng t\u1ea3i t\u1ef1 \u0111\u1ed9ng.<\/p>    <h2 class=\"wp-block-heading\">Nguy\u00ean l\u00fd ho\u1ea1t \u0111\u1ed9ng c\u1ee7a m\u00e1y s\u1ea5y nh\u1ef1a<\/h2>    <p>M\u00e1y s\u1ea5y m\u00e0ng nh\u1ef1a \u0111\u01b0\u1ee3c c\u1ea5p ngu\u1ed3n \u0111\u01a1n, v\u1eadn chuy\u1ec3n th\u1eb3ng \u0111\u1ee9ng v\u00e0 \u0111\u01b0\u1ee3c trang b\u1ecb thi\u1ebft b\u1ecb chuy\u1ec3n h\u01b0\u1edbng. C\u00f3 m\u1ed9t m\u00e0n l\u1ecdc ch\u1ea5t l\u01b0\u1ee3ng cao b\u00ean trong b\u1ed9 kh\u1eed n\u01b0\u1edbc b\u1eb1ng nh\u1ef1a. M\u00e0n h\u00ecnh b\u1ed9 l\u1ecdc quay v\u1edbi t\u1ed1c \u0111\u1ed9 cao trong qu\u00e1 tr\u00ecnh ho\u1ea1t \u0111\u1ed9ng v\u00e0 nh\u1ef1a b\u1ecb kh\u1eed n\u01b0\u1edbc b\u1edfi l\u1ef1c ly t\u00e2m t\u1ed1c \u0111\u1ed9 cao. T\u1ed1c \u0111\u1ed9 l\u00e0m vi\u1ec7c c\u1ee7a thi\u1ebft b\u1ecb l\u00e0 900-1500r\/min. Shuliy M\u00e1y m\u00f3c h\u1ed7 tr\u1ee3 c\u00e1c d\u1ecbch v\u1ee5 t\u00f9y ch\u1ec9nh. M\u00e1y gia t\u1ed1c c\u00f3 th\u1ec3 \u0111\u01b0\u1ee3c th\u00eam v\u00e0o theo nhu c\u1ea7u c\u1ee7a kh\u00e1ch h\u00e0ng \u0111\u1ec3 t\u0103ng t\u1ed1c \u0111\u1ed9 m\u00e1y s\u1ea5y ph\u1ebf li\u1ec7u nh\u1ef1a.<\/p>   <div class=\"wp-block-image\"> <figure class=\"aligncenter size-full\"><img loading=\"lazy\" decoding=\"async\" width=\"720\" height=\"540\" src=\"https:\/\/plastic-machines.org\/wp-content\/uploads\/2022\/07\/inside-structure-of-plastic-dryer.webp\" alt=\"c\u1ea5u tr\u00fac b\u00ean trong c\u1ee7a m\u00e1y s\u1ea5y nh\u1ef1a\" class=\"wp-image-266\" srcset=\"https:\/\/plastic-machines.org\/wp-content\/uploads\/2022\/07\/inside-structure-of-plastic-dryer.webp 720w, https:\/\/plastic-machines.org\/wp-content\/uploads\/2022\/07\/inside-structure-of-plastic-dryer-300x225.webp 300w\" sizes=\"auto, (max-width: 720px) 100vw, 720px\" \/><figcaption class=\"wp-element-caption\">c\u1ea5u tr\u00fac b\u00ean trong c\u1ee7a m\u00e1y s\u1ea5y nh\u1ef1a<\/figcaption><\/figure> <\/div>  <div class=\"wp-block-image\"> <figure class=\"aligncenter size-full\"><img loading=\"lazy\" decoding=\"async\" width=\"720\" height=\"540\" src=\"https:\/\/plastic-machines.org\/wp-content\/uploads\/2022\/07\/filter.webp\" alt=\"b\u1ed9 l\u1ecdc c\u1ee7a m\u00e1y s\u1ea5y nh\u1ef1a\" class=\"wp-image-267\" srcset=\"https:\/\/plastic-machines.org\/wp-content\/uploads\/2022\/07\/filter.webp 720w, https:\/\/plastic-machines.org\/wp-content\/uploads\/2022\/07\/filter-300x225.webp 300w\" sizes=\"auto, (max-width: 720px) 100vw, 720px\" \/><figcaption class=\"wp-element-caption\">b\u1ed9 l\u1ecdc c\u1ee7a m\u00e1y kh\u1eed n\u01b0\u1edbc nh\u1ef1a<\/figcaption><\/figure> <\/div>  <div class=\"wp-block-image\"> <figure class=\"aligncenter size-full\"><img loading=\"lazy\" decoding=\"async\" width=\"720\" height=\"540\" src=\"https:\/\/plastic-machines.org\/wp-content\/uploads\/2022\/07\/structure-details.webp\" alt=\"chi ti\u1ebft c\u1ea5u tr\u00fac c\u1ee7a m\u00e1y s\u1ea5y nh\u1ef1a\" class=\"wp-image-268\" srcset=\"https:\/\/plastic-machines.org\/wp-content\/uploads\/2022\/07\/structure-details.webp 720w, https:\/\/plastic-machines.org\/wp-content\/uploads\/2022\/07\/structure-details-300x225.webp 300w\" sizes=\"auto, (max-width: 720px) 100vw, 720px\" \/><figcaption class=\"wp-element-caption\">chi ti\u1ebft k\u1ebft c\u1ea5u<\/figcaption><\/figure> <\/div>   <h2 class=\"wp-block-heading\">Th\u00f4ng s\u1ed1 c\u1ee7a m\u00e1y s\u1ea5y nh\u1ef1a<\/h2>    <p>C\u00e1c m\u1eabu b\u00e1n ch\u1ea1y l\u00e0 SL-500 v\u00e0 SL-600, ch\u00fang t\u00f4i s\u1ebd \u0111\u1ec1 xu\u1ea5t m\u1eabu ph\u00f9 h\u1ee3p cho b\u1ea1n t\u00f9y theo nhu c\u1ea7u c\u1ee7a b\u1ea1n.<\/p>    <figure class=\"wp-block-table\"><table><tbody><tr><td>Ng\u01b0\u1eddi m\u1eabu<\/td><td>SL-500<\/td><td>SL-600<\/td><\/tr><tr><td>Quy\u1ec1n l\u1ef1c<\/td><td>7,5kw<\/td><td>15kw<\/td><\/tr><\/tbody><\/table><\/figure>    <h2 class=\"wp-block-heading\">Nh\u00e0 m\u00e1y s\u1ea3n xu\u1ea5t m\u00e1y kh\u1eed n\u01b0\u1edbc m\u00e0ng nh\u1ef1a<\/h2>    <p>C\u00e1c m\u00e1y s\u1ea5y nh\u1ef1a hi\u1ec7n \u0111\u00e3 c\u00f3 \u0111\u1ea7y \u0111\u1ee7 h\u00e0ng v\u00e0 s\u1eb5n s\u00e0ng v\u1eadn chuy\u1ec3n ngay. N\u1ebfu b\u1ea1n quan t\u00e2m \u0111\u1ebfn m\u00e1y t\u00e1i ch\u1ebf, vui l\u00f2ng li\u00ean h\u1ec7 v\u1edbi ch\u00fang t\u00f4i, ch\u00fang t\u00f4i s\u1ebd g\u1eedi cho b\u1ea1n b\u00e1o gi\u00e1 m\u00e1y c\u00e0ng s\u1edbm c\u00e0ng t\u1ed1t.<\/p>    <figure class=\"wp-block-gallery has-nested-images columns-default is-cropped wp-block-gallery-2 is-layout-flex wp-block-gallery-is-layout-flex\"> <figure class=\"wp-block-image size-large\"><img loading=\"lazy\" decoding=\"async\" width=\"540\" height=\"720\" data-id=\"264\" src=\"https:\/\/plastic-machines.org\/wp-content\/uploads\/2022\/07\/placed-after-a-washing-tank.webp\" alt=\"m\u00e1y s\u1ea5y nh\u1ef1a \u0111\u01b0\u1ee3c \u0111\u1eb7t sau b\u1ec3 r\u1eeda\" class=\"wp-image-264\" srcset=\"https:\/\/plastic-machines.org\/wp-content\/uploads\/2022\/07\/placed-after-a-washing-tank.webp 540w, https:\/\/plastic-machines.org\/wp-content\/uploads\/2022\/07\/placed-after-a-washing-tank-225x300.webp 225w\" sizes=\"auto, (max-width: 540px) 100vw, 540px\" \/><figcaption class=\"wp-element-caption\">\u0111\u1eb7t sau b\u1ec3 r\u1eeda<\/figcaption><\/figure>    <figure class=\"wp-block-image size-large\"><img loading=\"lazy\" decoding=\"async\" width=\"540\" height=\"720\" data-id=\"265\" src=\"https:\/\/plastic-machines.org\/wp-content\/uploads\/2022\/07\/plastic-drying-machine-.webp\" alt=\"m\u00e1y s\u1ea5y nh\u1ef1a\" class=\"wp-image-265\" srcset=\"https:\/\/plastic-machines.org\/wp-content\/uploads\/2022\/07\/plastic-drying-machine-.webp 540w, https:\/\/plastic-machines.org\/wp-content\/uploads\/2022\/07\/plastic-drying-machine--225x300.webp 225w\" sizes=\"auto, (max-width: 540px) 100vw, 540px\" \/><figcaption class=\"wp-element-caption\">m\u00e1y s\u1ea5y nh\u1ef1a<\/figcaption><\/figure> <\/figure>    <figure class=\"wp-block-gallery has-nested-images columns-default is-cropped wp-block-gallery-3 is-layout-flex wp-block-gallery-is-layout-flex\"> <figure class=\"wp-block-image size-large\"><img loading=\"lazy\" decoding=\"async\" width=\"720\" height=\"540\" data-id=\"269\" src=\"https:\/\/plastic-machines.org\/wp-content\/uploads\/2022\/07\/plastic-film-dryer-machine-in-plant.webp\" alt=\"m\u00e1y s\u1ea5y m\u00e0ng nh\u1ef1a trong nh\u00e0 m\u00e1y\" class=\"wp-image-269\" srcset=\"https:\/\/plastic-machines.org\/wp-content\/uploads\/2022\/07\/plastic-film-dryer-machine-in-plant.webp 720w, https:\/\/plastic-machines.org\/wp-content\/uploads\/2022\/07\/plastic-film-dryer-machine-in-plant-300x225.webp 300w\" sizes=\"auto, (max-width: 720px) 100vw, 720px\" \/><figcaption class=\"wp-element-caption\">m\u00e1y s\u1ea5y m\u00e0ng nh\u1ef1a trong nh\u00e0 m\u00e1y<\/figcaption><\/figure>    <figure class=\"wp-block-image size-large\"><img loading=\"lazy\" decoding=\"async\" width=\"720\" height=\"540\" data-id=\"270\" src=\"https:\/\/plastic-machines.org\/wp-content\/uploads\/2022\/07\/vertical-dryer.webp\" alt=\"m\u00e1y s\u1ea5y nh\u1ef1a d\u1ecdc\" class=\"wp-image-270\" srcset=\"https:\/\/plastic-machines.org\/wp-content\/uploads\/2022\/07\/vertical-dryer.webp 720w, https:\/\/plastic-machines.org\/wp-content\/uploads\/2022\/07\/vertical-dryer-300x225.webp 300w\" sizes=\"auto, (max-width: 720px) 100vw, 720px\" \/><figcaption class=\"wp-element-caption\">m\u00e1y kh\u1eed n\u01b0\u1edbc d\u1ecdc<\/figcaption><\/figure> <\/figure>    <h2 class=\"wp-block-heading\">Ch\u1ecdn m\u1ed9t d\u00e2y chuy\u1ec1n x\u1eed l\u00fd nh\u1ef1a th\u1ea3i <\/h2>    <p class=\"translation-block\">M\u00e1y s\u1ea5y th\u01b0\u1eddng \u0111\u01b0\u1ee3c s\u1eed d\u1ee5ng trong d\u00e2y chuy\u1ec1n t\u1ea1o h\u1ea1t nh\u1ef1a v\u00e0 <a href=\"https:\/\/en.wikipedia.org\/wiki\/Polyethylene_terephthalate\" target=\"_blank\" rel=\"noopener\">PET<\/a> d\u00e2y chuy\u1ec1n r\u1eeda, n\u00f3 lu\u00f4n \u0111\u01b0\u1ee3c k\u1ebft n\u1ed1i v\u1edbi <a href=\"https:\/\/plastic-machines.org\/vi\/product\/plastic-film-washing-machine\/\">b\u1ec3 r\u1eeda <\/a>\u0111\u1ec3 s\u1ea5y kh\u00f4 c\u00e1c t\u1ea5m nh\u1ef1a k\u1ecbp th\u1eddi. S\u1ed1 l\u01b0\u1ee3ng m\u00e1y t\u00e1ch n\u01b0\u1edbc v\u00e0 b\u1ec3 r\u1eeda c\u00f3 th\u1ec3 \u0111\u01b0\u1ee3c quy\u1ebft \u0111\u1ecbnh b\u1edfi \u0111\u1ed9 s\u1ea1ch c\u1ee7a nh\u1ef1a c\u1ee7a b\u1ea1n.<\/p>   <div class=\"wp-block-image\"> <figure class=\"aligncenter size-full\"><img loading=\"lazy\" decoding=\"async\" width=\"720\" height=\"540\" src=\"https:\/\/plastic-machines.org\/wp-content\/uploads\/2022\/07\/washing-tank.webp\" alt=\"\" class=\"wp-image-257\" srcset=\"https:\/\/plastic-machines.org\/wp-content\/uploads\/2022\/07\/washing-tank.webp 720w, https:\/\/plastic-machines.org\/wp-content\/uploads\/2022\/07\/washing-tank-300x225.webp 300w\" sizes=\"auto, (max-width: 720px) 100vw, 720px\" \/><figcaption class=\"wp-element-caption\">m\u00e1y s\u1ea5y m\u00e0ng nh\u1ef1a v\u00e0 b\u1ec3 r\u1eeda<\/figcaption><\/figure> <\/div>","protected":false},"excerpt":{"rendered":"<p>A plastic film dryer machine is one of the most important devices in the plastic recycling process. It will remove the water from the plastic scrap, some customer would like to prepare more than one plastic scrap dryer machines, which match their washing tanks to make much cleaner plastic chips. Application of plastic film dryer [&hellip;]<\/p>\n","protected":false},"author":1,"featured_media":456,"parent":0,"template":"","tags":[57,49],"product-type":[14],"class_list":["post-262","product","type-product","status-publish","has-post-thumbnail","hentry","tag-dry","tag-film","product-type-plastic-cleaning-drying-equipment"],"taxonomy_info":{"post_tag":[{"value":57,"label":"dry"},{"value":49,"label":"film"}],"product-type":[{"value":14,"label":"Plastic Cleaning&amp;Drying equipment"}]},"featured_image_src_large":["https:\/\/plastic-machines.org\/wp-content\/uploads\/2022\/06\/vertical-dewatering-machine1.webp",720,540,false],"author_info":{"display_name":"Ella","author_link":"https:\/\/plastic-machines.org\/vi\/author\/admin\/"},"comment_info":"","_links":{"self":[{"href":"https:\/\/plastic-machines.org\/vi\/wp-json\/wp\/v2\/product\/262","targetHints":{"allow":["GET"]}}],"collection":[{"href":"https:\/\/plastic-machines.org\/vi\/wp-json\/wp\/v2\/product"}],"about":[{"href":"https:\/\/plastic-machines.org\/vi\/wp-json\/wp\/v2\/types\/product"}],"author":[{"embeddable":true,"href":"https:\/\/plastic-machines.org\/vi\/wp-json\/wp\/v2\/users\/1"}],"wp:featuredmedia":[{"embeddable":true,"href":"https:\/\/plastic-machines.org\/vi\/wp-json\/wp\/v2\/media\/456"}],"wp:attachment":[{"href":"https:\/\/plastic-machines.org\/vi\/wp-json\/wp\/v2\/media?parent=262"}],"wp:term":[{"taxonomy":"post_tag","embeddable":true,"href":"https:\/\/plastic-machines.org\/vi\/wp-json\/wp\/v2\/tags?post=262"},{"taxonomy":"product-type","embeddable":true,"href":"https:\/\/plastic-machines.org\/vi\/wp-json\/wp\/v2\/product-type?post=262"}],"curies":[{"name":"wp","href":"https:\/\/api.w.org\/{rel}","templated":true}]}}