{"id":251,"date":"2022-07-07T03:45:17","date_gmt":"2022-07-07T03:45:17","guid":{"rendered":"https:\/\/plastic-machines.org\/?post_type=product&#038;p=251"},"modified":"2025-11-18T09:39:23","modified_gmt":"2025-11-18T01:39:23","slug":"plastic-film-washing-machine","status":"publish","type":"product","link":"https:\/\/plastic-machines.org\/vi\/product\/plastic-film-washing-machine\/","title":{"rendered":"M\u00e1y r\u1eeda phim nh\u1ef1a cho nh\u00e0 m\u00e1y t\u00e1i ch\u1ebf LDPE PP"},"content":{"rendered":"<div class=\"kk-star-ratings kksr-auto kksr-align-left kksr-valign-top\"     data-payload='{&quot;align&quot;:&quot;left&quot;,&quot;id&quot;:&quot;251&quot;,&quot;slug&quot;:&quot;default&quot;,&quot;valign&quot;:&quot;top&quot;,&quot;ignore&quot;:&quot;&quot;,&quot;reference&quot;:&quot;auto&quot;,&quot;class&quot;:&quot;&quot;,&quot;count&quot;:&quot;5&quot;,&quot;legendonly&quot;:&quot;&quot;,&quot;readonly&quot;:&quot;&quot;,&quot;score&quot;:&quot;5&quot;,&quot;starsonly&quot;:&quot;&quot;,&quot;best&quot;:&quot;5&quot;,&quot;gap&quot;:&quot;5&quot;,&quot;greet&quot;:&quot;Rate this product&quot;,&quot;legend&quot;:&quot;5\\\/5 - (5 b\u00ecnh ch\u1ecdn)&quot;,&quot;size&quot;:&quot;24&quot;,&quot;title&quot;:&quot;Plastic Film Washing Machine for LDPE PP recycling plant&quot;,&quot;width&quot;:&quot;142.5&quot;,&quot;_legend&quot;:&quot;{score}\\\/{best} - ({count} {votes})&quot;,&quot;font_factor&quot;:&quot;1.25&quot;}'>              <div class=\"kksr-stars\">      <div class=\"kksr-stars-inactive\">             <div class=\"kksr-star\" data-star=\"1\" style=\"padding-right: 5px\">               <div class=\"kksr-icon\" style=\"width: 24px; height: 24px;\"><\/div>         <\/div>             <div class=\"kksr-star\" data-star=\"2\" style=\"padding-right: 5px\">               <div class=\"kksr-icon\" style=\"width: 24px; height: 24px;\"><\/div>         <\/div>             <div class=\"kksr-star\" data-star=\"3\" style=\"padding-right: 5px\">               <div class=\"kksr-icon\" style=\"width: 24px; height: 24px;\"><\/div>         <\/div>             <div class=\"kksr-star\" data-star=\"4\" style=\"padding-right: 5px\">               <div class=\"kksr-icon\" style=\"width: 24px; height: 24px;\"><\/div>         <\/div>             <div class=\"kksr-star\" data-star=\"5\" style=\"padding-right: 5px\">               <div class=\"kksr-icon\" style=\"width: 24px; height: 24px;\"><\/div>         <\/div>     <\/div>      <div class=\"kksr-stars-active\" style=\"width: 142.5px;\">             <div class=\"kksr-star\" style=\"padding-right: 5px\">               <div class=\"kksr-icon\" style=\"width: 24px; height: 24px;\"><\/div>         <\/div>             <div class=\"kksr-star\" style=\"padding-right: 5px\">               <div class=\"kksr-icon\" style=\"width: 24px; height: 24px;\"><\/div>         <\/div>             <div class=\"kksr-star\" style=\"padding-right: 5px\">               <div class=\"kksr-icon\" style=\"width: 24px; height: 24px;\"><\/div>         <\/div>             <div class=\"kksr-star\" style=\"padding-right: 5px\">               <div class=\"kksr-icon\" style=\"width: 24px; height: 24px;\"><\/div>         <\/div>             <div class=\"kksr-star\" style=\"padding-right: 5px\">               <div class=\"kksr-icon\" style=\"width: 24px; height: 24px;\"><\/div>         <\/div>     <\/div> <\/div>                   <div class=\"kksr-legend\" style=\"font-size: 19.2px;\">             5\/5 - (5 votes)    <\/div>     <\/div>  <p>M\u00e1y gi\u1eb7t m\u00e0ng nh\u1ef1a l\u00e0 m\u1ed9t trong nh\u1eefng thi\u1ebft b\u1ecb l\u00e0m s\u1ea1ch nh\u1ef1a ph\u1ed5 bi\u1ebfn \u0111\u01b0\u1ee3c s\u1eed d\u1ee5ng trong d\u00e2y chuy\u1ec1n t\u00e1i ch\u1ebf m\u00e0ng nh\u1ef1a \u0111\u1ec3 r\u1eeda c\u00e1c m\u1ea3nh nh\u1ef1a v\u00e0 lo\u1ea1i b\u1ecf c\u1eb7n nh\u00e3n d\u00e1n tr\u00ean nh\u1ef1a. Th\u00f9ng r\u1eeda b\u1eb1ng nh\u1ef1a \u0111\u01b0\u1ee3c l\u00e0m b\u1eb1ng th\u00e9p kh\u00f4ng g\u1ec9, kh\u00f4ng d\u1ec5 r\u1ec9 s\u00e9t v\u00e0 c\u00f3 tu\u1ed5i th\u1ecd cao.<\/p>    <figure class=\"wp-block-embed is-type-video is-provider-youtube wp-block-embed-youtube wp-embed-aspect-16-9 wp-has-aspect-ratio\"><div class=\"wp-block-embed__wrapper\"> <iframe loading=\"lazy\" title=\"B\u1ec3 r\u1eeda nh\u1ef1a \u0111\u1ec3 t\u00e1i ch\u1ebf m\u1ea3nh nh\u1ef1a PP LDPE\" width=\"500\" height=\"281\" src=\"https:\/\/www.youtube.com\/embed\/jxk0iCaV3PE?start=30&#038;feature=oembed\" frameborder=\"0\" allow=\"accelerometer; autoplay; clipboard-write; encrypted-media; gyroscope; picture-in-picture; web-share\" referrerpolicy=\"strict-origin-when-cross-origin\" allowfullscreen><\/iframe> <\/div><\/figure>    <h2 class=\"wp-block-heading\" id=\"h-application-of-plastic-film-washing-machine\">\u1ee8ng d\u1ee5ng c\u1ee7a m\u00e1y gi\u1eb7t m\u00e0ng nh\u1ef1a<\/h2>    <p class=\"translation-block\">M\u00e1y r\u1eeda phim PE ch\u1ee7 y\u1ebfu l\u00e0m s\u1ea1ch c\u00e1c m\u1ea3nh phim nh\u1ef1a. Sau khi m\u00e1y nghi\u1ec1n phim nh\u1ef1a nghi\u1ec1n n\u00e1t c\u00e1c t\u00fai nh\u1ef1a th\u1ea3i, r\u00e1c nh\u1ef1a v\u1eabn c\u00f2n b\u1ea9n. Do c\u00f3 nhi\u1ec1u v\u1ebft d\u1ea7u, b\u1ee5i, s\u01a1n v\u00e0 c\u00e1c v\u1ebft b\u1ea9n kh\u00e1c tr\u00ean t\u00fai nh\u1ef1a, n\u00f3 c\u1ea7n \u0111\u01b0\u1ee3c l\u00e0m s\u1ea1ch tr\u01b0\u1edbc khi <a href=\"https:\/\/plastic-machines.org\/vi\/product\/plastic-granulating-line\/\">\u0111\u00f9n vi\u00ean<\/a>. Do \u0111\u00f3, vi\u1ec7c g\u1eedi n\u00f3 v\u00e0o b\u1ec3 l\u00e0m s\u1ea1ch nh\u1ef1a l\u00e0 r\u1ea5t c\u1ea7n thi\u1ebft \u0111\u1ec3 c\u1ea3i thi\u1ec7n ch\u1ea5t l\u01b0\u1ee3ng c\u1ee7a c\u00e1c vi\u00ean t\u00e1i ch\u1ebf v\u00e0 t\u0103ng hi\u1ec7u qu\u1ea3 kinh t\u1ebf.<\/p>    <h2 class=\"wp-block-heading\">Nguy\u00ean l\u00fd ho\u1ea1t \u0111\u1ed9ng c\u1ee7a m\u00e1y gi\u1eb7t nh\u1ef1a<\/h2>    <p>M\u00e1y gi\u1eb7t t\u00e1i ch\u1ebf nh\u1ef1a ch\u1ee7 y\u1ebfu bao g\u1ed3m b\u1ec3 ch\u1ee9a n\u01b0\u1edbc, b\u00e1nh r\u0103ng quay, c\u1ed5ng tho\u00e1t n\u01b0\u1edbc v\u00e0 c\u00e1c c\u1ea5u tr\u00fac kh\u00e1c. Khi mi\u1ebfng nh\u1ef1a \u0111i v\u00e0o b\u1ec3 ch\u1ee9a n\u01b0\u1edbc, c\u00e1c b\u00e1nh r\u0103ng quay s\u1ebd d\u1eabn m\u1ed9t l\u01b0\u1ee3ng l\u1edbn nh\u1ef1a r\u01a1i xu\u1ed1ng v\u00e0 l\u00e0m s\u1ea1ch trong qu\u00e1 tr\u00ecnh quay, \u0111\u1ed3ng th\u1eddi chuy\u1ec3n sang b\u00e1nh r\u0103ng ti\u1ebfp theo. T\u1ed5ng c\u1ed9ng c\u00f3 m\u01b0\u1eddi b\u00e1nh r\u0103ng \u0111\u01b0\u1ee3c l\u1eafp \u0111\u1eb7t tr\u00ean b\u00ecnh ch\u1ee9a n\u01b0\u1edbc, vi\u1ec7c nh\u00e0o l\u1ed9n theo v\u00f2ng tr\u00f2n s\u1ebd l\u00e0m cho nh\u1ef1a s\u1ea1ch s\u1ebd.<\/p>    <figure class=\"wp-block-gallery has-nested-images columns-default is-cropped wp-block-gallery-2 is-layout-flex wp-block-gallery-is-layout-flex\"> <figure class=\"wp-block-image size-large\"><img loading=\"lazy\" decoding=\"async\" width=\"720\" height=\"540\" data-id=\"255\" src=\"https:\/\/plastic-machines.org\/wp-content\/uploads\/2022\/07\/rotating-gear.webp\" alt=\"b\u00e1nh r\u0103ng quay c\u1ee7a m\u00e1y gi\u1eb7t m\u00e0ng nh\u1ef1a\" class=\"wp-image-255\" srcset=\"https:\/\/plastic-machines.org\/wp-content\/uploads\/2022\/07\/rotating-gear.webp 720w, https:\/\/plastic-machines.org\/wp-content\/uploads\/2022\/07\/rotating-gear-300x225.webp 300w\" sizes=\"auto, (max-width: 720px) 100vw, 720px\" \/><figcaption class=\"wp-element-caption\">b\u00e1nh r\u0103ng quay<\/figcaption><\/figure>    <figure class=\"wp-block-image size-large\"><img loading=\"lazy\" decoding=\"async\" width=\"720\" height=\"540\" data-id=\"256\" src=\"https:\/\/plastic-machines.org\/wp-content\/uploads\/2022\/07\/drainage-port-on-the-tank.webp\" alt=\"c\u1ed5ng tho\u00e1t n\u01b0\u1edbc tr\u00ean b\u1ec3 r\u1eeda nh\u1ef1a\" class=\"wp-image-256\" srcset=\"https:\/\/plastic-machines.org\/wp-content\/uploads\/2022\/07\/drainage-port-on-the-tank.webp 720w, https:\/\/plastic-machines.org\/wp-content\/uploads\/2022\/07\/drainage-port-on-the-tank-300x225.webp 300w\" sizes=\"auto, (max-width: 720px) 100vw, 720px\" \/><figcaption class=\"wp-element-caption\">c\u1ed5ng tho\u00e1t n\u01b0\u1edbc tr\u00ean m\u00e1y gi\u1eb7t m\u00e0ng nh\u1ef1a<\/figcaption><\/figure> <\/figure>    <h2 class=\"wp-block-heading\">Nh\u00e0 m\u00e1y s\u1ea3n xu\u1ea5t b\u1ed3n r\u1eeda nh\u1ef1a <\/h2>    <p>T\u1ed5ng c\u1ed9ng c\u00f3 10 b\u00e1nh r\u0103ng quay, kho\u1ea3ng c\u00e1ch gi\u1eefa m\u1ed7i hai b\u00e1nh xe tr\u1ed9n l\u00e0 1,5-2 m\u00e9t v\u00e0 chi\u1ec1u d\u00e0i c\u1ee7a to\u00e0n b\u1ed9 m\u00e1y l\u00e0 kho\u1ea3ng 15-20 m\u00e9t. M\u00e0u s\u1eafc c\u1ee7a m\u00e1y t\u0103ng c\u00f3 th\u1ec3 \u0111\u01b0\u1ee3c t\u00f9y ch\u1ec9nh theo nhu c\u1ea7u c\u1ee7a kh\u00e1ch h\u00e0ng.<\/p>    <p class=\"translation-block\">Trong <a href=\"https:\/\/plastic-machines.org\/vi\/product\/plastic-granulating-line\/\">d\u00e2y chuy\u1ec1n t\u00e1i ch\u1ebf nh\u1ef1a<\/a> ho\u00e0n ch\u1ec9nh, b\u1ec3 r\u1eeda lu\u00f4n \u0111\u01b0\u1ee3c k\u1ebft n\u1ed1i v\u1edbi m\u1ed9t <a href=\"https:\/\/plastic-machines.org\/vi\/product\/plastic-film-dryer-machine\/\">m\u00e1y t\u00e1ch n\u01b0\u1edbc<\/a>, d\u00f9ng \u0111\u1ec3 n\u00e2ng c\u00e1c v\u1eadt li\u1ec7u trong b\u1ec3 v\u00e0 lo\u1ea1i b\u1ecf n\u01b0\u1edbc th\u1eeba.<\/p>    <figure class=\"wp-block-gallery has-nested-images columns-default is-cropped wp-block-gallery-3 is-layout-flex wp-block-gallery-is-layout-flex\"> <figure class=\"wp-block-image size-large\"><img loading=\"lazy\" decoding=\"async\" width=\"720\" height=\"540\" data-id=\"257\" src=\"https:\/\/plastic-machines.org\/wp-content\/uploads\/2022\/07\/washing-tank.webp\" alt=\"b\u1ec3 r\u1eeda cho t\u00e1i ch\u1ebf PP PE LDPE \" class=\"wp-image-257\" srcset=\"https:\/\/plastic-machines.org\/wp-content\/uploads\/2022\/07\/washing-tank.webp 720w, https:\/\/plastic-machines.org\/wp-content\/uploads\/2022\/07\/washing-tank-300x225.webp 300w\" sizes=\"auto, (max-width: 720px) 100vw, 720px\" \/><figcaption class=\"wp-element-caption\">b\u1ec3 r\u1eeda<\/figcaption><\/figure>    <figure class=\"wp-block-image size-large\"><img loading=\"lazy\" decoding=\"async\" width=\"720\" height=\"540\" data-id=\"258\" src=\"https:\/\/plastic-machines.org\/wp-content\/uploads\/2022\/07\/plastic-washing-machine.webp\" alt=\"m\u00e1y gi\u1eb7t m\u00e0ng nh\u1ef1a\" class=\"wp-image-258\" srcset=\"https:\/\/plastic-machines.org\/wp-content\/uploads\/2022\/07\/plastic-washing-machine.webp 720w, https:\/\/plastic-machines.org\/wp-content\/uploads\/2022\/07\/plastic-washing-machine-300x225.webp 300w\" sizes=\"auto, (max-width: 720px) 100vw, 720px\" \/><figcaption class=\"wp-element-caption\">m\u00e1y gi\u1eb7t nh\u1ef1a<\/figcaption><\/figure> <\/figure>    <figure class=\"wp-block-gallery has-nested-images columns-default is-cropped wp-block-gallery-4 is-layout-flex wp-block-gallery-is-layout-flex\"> <figure class=\"wp-block-image size-large\"><img loading=\"lazy\" decoding=\"async\" width=\"720\" height=\"540\" data-id=\"259\" src=\"https:\/\/plastic-machines.org\/wp-content\/uploads\/2022\/07\/plastic-rinsing-tank.webp\" alt=\"b\u1ec3 r\u1eeda nh\u1ef1a\" class=\"wp-image-259\" srcset=\"https:\/\/plastic-machines.org\/wp-content\/uploads\/2022\/07\/plastic-rinsing-tank.webp 720w, https:\/\/plastic-machines.org\/wp-content\/uploads\/2022\/07\/plastic-rinsing-tank-300x225.webp 300w\" sizes=\"auto, (max-width: 720px) 100vw, 720px\" \/><figcaption class=\"wp-element-caption\">b\u1ec3 r\u1eeda nh\u1ef1a<\/figcaption><\/figure>    <figure class=\"wp-block-image size-large\"><img loading=\"lazy\" decoding=\"async\" width=\"720\" height=\"540\" data-id=\"260\" src=\"https:\/\/plastic-machines.org\/wp-content\/uploads\/2022\/07\/rotating-gears.webp\" alt=\"b\u00e1nh r\u0103ng quay c\u1ee7a m\u00e1y gi\u1eb7t nh\u1ef1a\" class=\"wp-image-260\" srcset=\"https:\/\/plastic-machines.org\/wp-content\/uploads\/2022\/07\/rotating-gears.webp 720w, https:\/\/plastic-machines.org\/wp-content\/uploads\/2022\/07\/rotating-gears-300x225.webp 300w\" sizes=\"auto, (max-width: 720px) 100vw, 720px\" \/><figcaption class=\"wp-element-caption\">b\u00e1nh r\u0103ng quay<\/figcaption><\/figure> <\/figure>","protected":false},"excerpt":{"rendered":"<p>A plastic film washing machine is one of the common plastic cleaning equipment used in plastic film recycling lines for rinsing plastic shreds and removing sticker residue from plastic. The plastic washing tank is made of stainless steel, which is not easy to rust and has a long service life. Application of plastic film washing [&hellip;]<\/p>\n","protected":false},"author":1,"featured_media":455,"parent":0,"template":"","tags":[57,49,37,44],"product-type":[14],"class_list":["post-251","product","type-product","status-publish","has-post-thumbnail","hentry","tag-dry","tag-film","tag-hdpe","tag-pp","product-type-plastic-cleaning-drying-equipment"],"taxonomy_info":{"post_tag":[{"value":57,"label":"dry"},{"value":49,"label":"film"},{"value":37,"label":"HDPE"},{"value":44,"label":"PP"}],"product-type":[{"value":14,"label":"Plastic Cleaning&amp;Drying equipment"}]},"featured_image_src_large":["https:\/\/plastic-machines.org\/wp-content\/uploads\/2022\/06\/rinsing-tank1.webp",720,540,false],"author_info":{"display_name":"Ella","author_link":"https:\/\/plastic-machines.org\/vi\/author\/admin\/"},"comment_info":"","_links":{"self":[{"href":"https:\/\/plastic-machines.org\/vi\/wp-json\/wp\/v2\/product\/251","targetHints":{"allow":["GET"]}}],"collection":[{"href":"https:\/\/plastic-machines.org\/vi\/wp-json\/wp\/v2\/product"}],"about":[{"href":"https:\/\/plastic-machines.org\/vi\/wp-json\/wp\/v2\/types\/product"}],"author":[{"embeddable":true,"href":"https:\/\/plastic-machines.org\/vi\/wp-json\/wp\/v2\/users\/1"}],"wp:featuredmedia":[{"embeddable":true,"href":"https:\/\/plastic-machines.org\/vi\/wp-json\/wp\/v2\/media\/455"}],"wp:attachment":[{"href":"https:\/\/plastic-machines.org\/vi\/wp-json\/wp\/v2\/media?parent=251"}],"wp:term":[{"taxonomy":"post_tag","embeddable":true,"href":"https:\/\/plastic-machines.org\/vi\/wp-json\/wp\/v2\/tags?post=251"},{"taxonomy":"product-type","embeddable":true,"href":"https:\/\/plastic-machines.org\/vi\/wp-json\/wp\/v2\/product-type?post=251"}],"curies":[{"name":"wp","href":"https:\/\/api.w.org\/{rel}","templated":true}]}}