{"id":2009,"date":"2026-01-15T14:46:03","date_gmt":"2026-01-15T06:46:03","guid":{"rendered":"https:\/\/plastic-machines.org\/?post_type=product&#038;p=2009"},"modified":"2026-01-16T09:42:32","modified_gmt":"2026-01-16T01:42:32","slug":"horizontal-waste-tire-baler","status":"publish","type":"product","link":"https:\/\/plastic-machines.org\/vi\/product\/horizontal-waste-tire-baler\/","title":{"rendered":"M\u00e1y n\u00e9n l\u1ed1p xe th\u1ea3i ngang"},"content":{"rendered":"<div class=\"kk-star-ratings kksr-auto kksr-align-left kksr-valign-top\"     data-payload='{&quot;align&quot;:&quot;left&quot;,&quot;id&quot;:&quot;2009&quot;,&quot;slug&quot;:&quot;default&quot;,&quot;valign&quot;:&quot;top&quot;,&quot;ignore&quot;:&quot;&quot;,&quot;reference&quot;:&quot;auto&quot;,&quot;class&quot;:&quot;&quot;,&quot;count&quot;:&quot;2&quot;,&quot;legendonly&quot;:&quot;&quot;,&quot;readonly&quot;:&quot;&quot;,&quot;score&quot;:&quot;5&quot;,&quot;starsonly&quot;:&quot;&quot;,&quot;best&quot;:&quot;5&quot;,&quot;gap&quot;:&quot;5&quot;,&quot;greet&quot;:&quot;Rate this product&quot;,&quot;legend&quot;:&quot;5\\\/5 - (2 b\u00ecnh ch\u1ecdn)&quot;,&quot;size&quot;:&quot;24&quot;,&quot;title&quot;:&quot;Horizontal Waste Tire Baler&quot;,&quot;width&quot;:&quot;142.5&quot;,&quot;_legend&quot;:&quot;{score}\\\/{best} - ({count} {votes})&quot;,&quot;font_factor&quot;:&quot;1.25&quot;}'>              <div class=\"kksr-stars\">      <div class=\"kksr-stars-inactive\">             <div class=\"kksr-star\" data-star=\"1\" style=\"padding-right: 5px\">               <div class=\"kksr-icon\" style=\"width: 24px; height: 24px;\"><\/div>         <\/div>             <div class=\"kksr-star\" data-star=\"2\" style=\"padding-right: 5px\">               <div class=\"kksr-icon\" style=\"width: 24px; height: 24px;\"><\/div>         <\/div>             <div class=\"kksr-star\" data-star=\"3\" style=\"padding-right: 5px\">               <div class=\"kksr-icon\" style=\"width: 24px; height: 24px;\"><\/div>         <\/div>             <div class=\"kksr-star\" data-star=\"4\" style=\"padding-right: 5px\">               <div class=\"kksr-icon\" style=\"width: 24px; height: 24px;\"><\/div>         <\/div>             <div class=\"kksr-star\" data-star=\"5\" style=\"padding-right: 5px\">               <div class=\"kksr-icon\" style=\"width: 24px; height: 24px;\"><\/div>         <\/div>     <\/div>      <div class=\"kksr-stars-active\" style=\"width: 142.5px;\">             <div class=\"kksr-star\" style=\"padding-right: 5px\">               <div class=\"kksr-icon\" style=\"width: 24px; height: 24px;\"><\/div>         <\/div>             <div class=\"kksr-star\" style=\"padding-right: 5px\">               <div class=\"kksr-icon\" style=\"width: 24px; height: 24px;\"><\/div>         <\/div>             <div class=\"kksr-star\" style=\"padding-right: 5px\">               <div class=\"kksr-icon\" style=\"width: 24px; height: 24px;\"><\/div>         <\/div>             <div class=\"kksr-star\" style=\"padding-right: 5px\">               <div class=\"kksr-icon\" style=\"width: 24px; height: 24px;\"><\/div>         <\/div>             <div class=\"kksr-star\" style=\"padding-right: 5px\">               <div class=\"kksr-icon\" style=\"width: 24px; height: 24px;\"><\/div>         <\/div>     <\/div> <\/div>                   <div class=\"kksr-legend\" style=\"font-size: 19.2px;\">             5\/5 - (2 \u0111\u00e1nh gi\u00e1)    <\/div>     <\/div>  <p>Qu\u1ea3n l\u00fd kh\u1ed1i l\u01b0\u1ee3ng l\u1edbn l\u1ed1p xe ph\u1ebf li\u1ec7u l\u00e0 th\u00e1ch th\u1ee9c ch\u00ednh v\u1ec1 logistics cho c\u00e1c trung t\u00e2m t\u00e1i ch\u1ebf v\u00e0 nh\u00e0 m\u00e1y nhi\u1ec7t ph\u00e2n. Th\u1ec3 t\u00edch l\u1ecfng c\u1ee7a l\u1ed1p xe th\u1ea3i t\u1ea1o ra chi ph\u00ed v\u1eadn chuy\u1ec3n cao v\u00e0 l\u01b0u tr\u1eef kh\u00f4ng hi\u1ec7u qu\u1ea3. M\u00e1y n\u00e9n l\u1ed1p xe th\u1ea3i lo\u1ea1i ngang d\u00f2ng 200 c\u1ee7a Shuliy gi\u1ea3i quy\u1ebft v\u1ea5n \u0111\u1ec1 n\u00e0y b\u1eb1ng l\u1ef1c th\u1ee7y l\u1ef1c m\u1ea1nh m\u1ebd, \u0111\u01b0\u1ee3c thi\u1ebft k\u1ebf \u0111\u1eb7c bi\u1ec7t \u0111\u1ec3 v\u01b0\u1ee3t qua kh\u1ea3 n\u0103ng \u0111\u00e0n h\u1ed3i cao c\u1ee7a cao su.<\/p>    <p class=\"translation-block\">Kh\u00e1c v\u1edbi c\u00e1c m\u00e1y n\u00e9n l\u1ed1p xe th\u1ea3i lo\u1ea1i <a href=\"https:\/\/plastic-machines.org\/vi\/product\/plastic-baler-machine\/\">nh\u1ef1a c\u1ee9ng<\/a>, m\u00e1y n\u00e0y \u0111\u01b0\u1ee3c gia c\u1ed1 b\u1eb1ng th\u00e9p c\u1ea5u tr\u00fac Q345\/355 \u0111\u1ec3 ch\u1ecbu \u0111\u1ef1ng \u00e1p l\u1ef1c t\u1eeb b\u00ean ngo\u00e0i do l\u1ed1p xe \u0111\u00e3 qua n\u00e9n t\u1ea1o ra.<\/p>    <figure class=\"wp-block-gallery has-nested-images columns-default is-cropped wp-block-gallery-2 is-layout-flex wp-block-gallery-is-layout-flex\"> <figure class=\"wp-block-image size-large\"><img loading=\"lazy\" decoding=\"async\" width=\"720\" height=\"540\" data-id=\"2013\" src=\"https:\/\/plastic-machines.org\/wp-content\/uploads\/2026\/01\/Scrap-tire-compactor.webp\" alt=\"M\u00e1y n\u00e9n l\u1ed1p xe th\u1ea3i lo\u1ea1i\" class=\"wp-image-2013\" srcset=\"https:\/\/plastic-machines.org\/wp-content\/uploads\/2026\/01\/Scrap-tire-compactor.webp 720w, https:\/\/plastic-machines.org\/wp-content\/uploads\/2026\/01\/Scrap-tire-compactor-300x225.webp 300w, https:\/\/plastic-machines.org\/wp-content\/uploads\/2026\/01\/Scrap-tire-compactor-16x12.webp 16w\" sizes=\"auto, (max-width: 720px) 100vw, 720px\" \/><figcaption class=\"wp-element-caption\">M\u00e1y n\u00e9n l\u1ed1p xe th\u1ea3i lo\u1ea1i<\/figcaption><\/figure>    <figure class=\"wp-block-image size-large\"><img loading=\"lazy\" decoding=\"async\" width=\"720\" height=\"540\" data-id=\"2014\" src=\"https:\/\/plastic-machines.org\/wp-content\/uploads\/2026\/01\/Tire-baler.webp\" alt=\"M\u00e1y n\u00e9n l\u1ed1p xe\" class=\"wp-image-2014\" srcset=\"https:\/\/plastic-machines.org\/wp-content\/uploads\/2026\/01\/Tire-baler.webp 720w, https:\/\/plastic-machines.org\/wp-content\/uploads\/2026\/01\/Tire-baler-300x225.webp 300w, https:\/\/plastic-machines.org\/wp-content\/uploads\/2026\/01\/Tire-baler-16x12.webp 16w\" sizes=\"auto, (max-width: 720px) 100vw, 720px\" \/><figcaption class=\"wp-element-caption\">M\u00e1y n\u00e9n l\u1ed1p xe<\/figcaption><\/figure> <\/figure>    <figure class=\"wp-block-gallery has-nested-images columns-default is-cropped wp-block-gallery-3 is-layout-flex wp-block-gallery-is-layout-flex\"> <figure class=\"wp-block-image size-large\"><img loading=\"lazy\" decoding=\"async\" width=\"720\" height=\"540\" data-id=\"2012\" src=\"https:\/\/plastic-machines.org\/wp-content\/uploads\/2026\/01\/Hydraulic-tire-baling-machine.webp\" alt=\"M\u00e1y n\u00e9n l\u1ed1p xe th\u1ee7y l\u1ef1c\" class=\"wp-image-2012\" srcset=\"https:\/\/plastic-machines.org\/wp-content\/uploads\/2026\/01\/Hydraulic-tire-baling-machine.webp 720w, https:\/\/plastic-machines.org\/wp-content\/uploads\/2026\/01\/Hydraulic-tire-baling-machine-300x225.webp 300w, https:\/\/plastic-machines.org\/wp-content\/uploads\/2026\/01\/Hydraulic-tire-baling-machine-16x12.webp 16w\" sizes=\"auto, (max-width: 720px) 100vw, 720px\" \/><figcaption class=\"wp-element-caption\">M\u00e1y n\u00e9n l\u1ed1p xe th\u1ee7y l\u1ef1c<\/figcaption><\/figure>    <figure class=\"wp-block-image size-large\"><img loading=\"lazy\" decoding=\"async\" width=\"720\" height=\"540\" data-id=\"2010\" src=\"https:\/\/plastic-machines.org\/wp-content\/uploads\/2026\/01\/Tire-recycling-baler.webp\" alt=\"M\u00e1y n\u00e9n l\u1ed1p xe t\u00e1i ch\u1ebf\" class=\"wp-image-2010\" srcset=\"https:\/\/plastic-machines.org\/wp-content\/uploads\/2026\/01\/Tire-recycling-baler.webp 720w, https:\/\/plastic-machines.org\/wp-content\/uploads\/2026\/01\/Tire-recycling-baler-300x225.webp 300w, https:\/\/plastic-machines.org\/wp-content\/uploads\/2026\/01\/Tire-recycling-baler-16x12.webp 16w\" sizes=\"auto, (max-width: 720px) 100vw, 720px\" \/><figcaption class=\"wp-element-caption\">M\u00e1y n\u00e9n l\u1ed1p xe t\u00e1i ch\u1ebf<\/figcaption><\/figure> <\/figure>    <figure class=\"wp-block-gallery has-nested-images columns-default is-cropped wp-block-gallery-4 is-layout-flex wp-block-gallery-is-layout-flex\"> <figure class=\"wp-block-image size-large\"><img loading=\"lazy\" decoding=\"async\" width=\"720\" height=\"540\" data-id=\"2011\" src=\"https:\/\/plastic-machines.org\/wp-content\/uploads\/2026\/01\/Horizontal-Waste-Tire-Baler.webp\" alt=\"M\u00e1y n\u00e9n l\u1ed1p xe th\u1ea3i ngang\" class=\"wp-image-2011\" srcset=\"https:\/\/plastic-machines.org\/wp-content\/uploads\/2026\/01\/Horizontal-Waste-Tire-Baler.webp 720w, https:\/\/plastic-machines.org\/wp-content\/uploads\/2026\/01\/Horizontal-Waste-Tire-Baler-300x225.webp 300w, https:\/\/plastic-machines.org\/wp-content\/uploads\/2026\/01\/Horizontal-Waste-Tire-Baler-16x12.webp 16w\" sizes=\"auto, (max-width: 720px) 100vw, 720px\" \/><figcaption class=\"wp-element-caption\">M\u00e1y n\u00e9n l\u1ed1p xe th\u1ea3i ngang<\/figcaption><\/figure>    <figure class=\"wp-block-image size-large\"><img loading=\"lazy\" decoding=\"async\" width=\"720\" height=\"540\" data-id=\"2015\" src=\"https:\/\/plastic-machines.org\/wp-content\/uploads\/2026\/01\/Horizontal-Tire-Baler.webp\" alt=\"M\u00e1y n\u00e9n l\u1ed1p xe ngang\" class=\"wp-image-2015\" srcset=\"https:\/\/plastic-machines.org\/wp-content\/uploads\/2026\/01\/Horizontal-Tire-Baler.webp 720w, https:\/\/plastic-machines.org\/wp-content\/uploads\/2026\/01\/Horizontal-Tire-Baler-300x225.webp 300w, https:\/\/plastic-machines.org\/wp-content\/uploads\/2026\/01\/Horizontal-Tire-Baler-16x12.webp 16w\" sizes=\"auto, (max-width: 720px) 100vw, 720px\" \/><figcaption class=\"wp-element-caption\">M\u00e1y n\u00e9n l\u1ed1p xe ngang<\/figcaption><\/figure> <\/figure>    <h2 class=\"wp-block-heading\">Ki\u1ebfn tr\u00fac n\u00e9n \u00e1p su\u1ea5t cao<\/h2>    <p>The core competency of this equipment lies in its &#8220;Closed-End&#8221; (Door Type) design combined with a 2000KN (200 Ton) hydraulic system. For materials like tires, which have significant memory and spring-back, an open-end continuous baler often fails to achieve maximum density.<\/p>    <p>M\u00e1y n\u00e9n l\u1ed1p xe th\u1ea3i lo\u1ea1i ngang c\u1ee7a ch\u00fang t\u00f4i s\u1eed d\u1ee5ng c\u1ed5ng th\u1ee7y l\u1ef1c ch\u1ecbu t\u1ea3i n\u1eb7ng. Trong chu tr\u00ecnh n\u00e9n, c\u1eeda v\u1eabn kh\u00f3a, cho ph\u00e9p xy lanh ch\u00ednh (\u0111\u01b0\u1eddng k\u00ednh \u03a6351mm) t\u1ea1o ra \u00e1p l\u1ef1c \u0111\u1ea7y \u0111\u1ee7 ch\u1ed1ng l\u1ea1i t\u01b0\u1eddng r\u1eafn. \u0110i\u1ec1u n\u00e0y \u0111\u1ea3m b\u1ea3o c\u00e1c kho\u1ea3ng tr\u1ed1ng cao su \u0111\u01b0\u1ee3c gi\u1ea3m thi\u1ec3u.<\/p>    <ul class=\"wp-block-list\"> <li>\u00c1p su\u1ea5t h\u1ec7 th\u1ed1ng: Li\u00ean k\u1ebft \u00e1p su\u1ea5t cao-th\u1ea5p \u0111\u1ea1t 2000KN.<\/li>    <li>\u1ed4n \u0111\u1ecbnh th\u1ee7y l\u1ef1c: S\u1eed d\u1ee5ng h\u1ec7 th\u1ed1ng b\u01a1m b\u00e1nh r\u0103ng \u0111\u00f4i v\u00e0 \u0111i\u1ec1u ch\u1ec9nh b\u1eb1ng l\u00e0m m\u00e1t n\u01b0\u1edbc \u0111\u1ec3 duy tr\u00ec \u0111\u1ed9 nh\u1edb d\u1ea7u trong chu k\u1ef3 v\u1eadn h\u00e0nh 24 gi\u1edd.<\/li> <\/ul>    <h2 class=\"wp-block-heading\">Ph\u00e2n t\u00edch m\u00f4 h\u00ecnh m\u00e1y n\u00e9n l\u1ed1p: SLB-200T so v\u1edbi SLS-200T<\/h2>    <p>Ch\u00fang t\u00f4i cung c\u1ea5p hai c\u1ea5u h\u00ecnh kh\u00e1c nhau trong d\u00f2ng 200 t\u1ea5n n\u00e0y \u0111\u1ec3 ph\u00f9 h\u1ee3p v\u1edbi c\u00f4ng su\u1ea5t v\u00e0 y\u00eau c\u1ea7u logistics c\u1ee7a c\u00e1c c\u01a1 s\u1edf kh\u00e1c nhau.<\/p>    <p><strong>M\u1eabu ch\u00ednh: SLB-200T (\u0110\u1ea7u ra m\u1eadt \u0111\u1ed9 cao)<\/strong><\/p>    <p>Thi\u1ebft k\u1ebf cho c\u00e1c ho\u1ea1t \u0111\u1ed9ng quy m\u00f4 l\u1edbn y\u00eau c\u1ea7u t\u1ed1i \u0111a h\u00f3a hi\u1ec7u qu\u1ea3 v\u1eadn chuy\u1ec3n.<\/p>    <ul class=\"wp-block-list\"> <li>Tr\u1ecdng l\u01b0\u1ee3ng b\u00f3: S\u1ea3n xu\u1ea5t c\u00e1c b\u00f3 l\u1edbn n\u1eb7ng 1500kg.<\/li>    <li>C\u00f4ng su\u1ea5t: Trang b\u1ecb \u0111\u1ed9ng c\u01a1 ch\u00ednh 45kW \u0111\u1ec3 v\u1eadn h\u00e0nh th\u1ec3 t\u00edch th\u1ee7y l\u1ef1c l\u1edbn h\u01a1n.<\/li>    <li>K\u00edch th\u01b0\u1edbc b\u00f3: W1250 * H1250 * L1700mm.<\/li>    <li>Hi\u1ec7u qu\u1ea3: C\u00f3 kh\u1ea3 n\u0103ng x\u1eed l\u00fd 5 b\u00f3 m\u1ed7i gi\u1edd (~7,5 t\u1ea5n\/gi\u1edd). M\u1eabu n\u00e0y l\u00e0 l\u1ef1a ch\u1ecdn t\u1ed1i \u01b0u cho c\u00e1c nh\u00e0 xu\u1ea5t kh\u1ea9u \u0111\u00f3ng container 40HQ, t\u1ed1i \u0111a h\u00f3a t\u1ea3i tr\u1ecdng l\u00ean kho\u1ea3ng 26-28 t\u1ea5n m\u1ed7i container.<\/li> <\/ul>    <p><strong>Ti\u00eau chu\u1ea9n: SLS-200T (Gi\u1ea3i ph\u00e1p kinh t\u1ebf)<\/strong><\/p>    <p class=\"translation-block\">Ph\u00f9 h\u1ee3p v\u1edbi c\u00e1c c\u01a1 s\u1edf trung b\u00ecnh cung c\u1ea5p cho <a href=\"https:\/\/plastic-machines.org\/vi\/product\/fully-automatic-tire-recycling-line\/\">nh\u00e0 m\u00e1y t\u00e1i ch\u1ebf l\u1ed1p \u0111\u1ecba ph\u01b0\u01a1ng<\/a>.<\/p>    <ul class=\"wp-block-list\"> <li>Tr\u1ecdng l\u01b0\u1ee3ng b\u00f3: S\u1ea3n xu\u1ea5t c\u00e1c b\u00f3 d\u1ec5 x\u1eed l\u00fd n\u1eb7ng 700-800kg.<\/li>    <li>C\u00f4ng su\u1ea5t: s\u1eed d\u1ee5ng \u0111\u1ed9ng c\u01a1 ch\u00ednh 37kW.<\/li>    <li>K\u00edch th\u01b0\u1edbc b\u00f3: W1130 * H850 * L1700mm.<\/li>    <li>Hi\u1ec7u qu\u1ea3: X\u1eed l\u00fd 4 b\u00f3 m\u1ed7i gi\u1edd (~3 t\u1ea5n\/gi\u1edd).<\/li> <\/ul>    <h2 class=\"wp-block-heading\">Quy tr\u00ecnh v\u1eadn h\u00e0nh v\u00e0 t\u1ef1 \u0111\u1ed9ng h\u00f3a<\/h2>    <p>Vi\u1ec7c t\u00edch h\u1ee3p m\u00e1y n\u00e9n l\u1ed1p th\u1ee7y l\u1ef1c v\u00e0o d\u00e2y chuy\u1ec1n c\u1ee7a b\u1ea1n \u0111\u00f2i h\u1ecfi hi\u1ec3u r\u00f5 lu\u1ed3ng v\u1eadt li\u1ec7u. H\u1ec7 th\u1ed1ng Shuliy bao g\u1ed3m b\u0103ng chuy\u1ec1n c\u1ea5p li\u1ec7u ri\u00eang (d\u00e0i 9.5 m\u00e9t) nh\u01b0 thi\u1ebft b\u1ecb ti\u00eau chu\u1ea9n, lo\u1ea1i b\u1ecf nguy c\u01a1 an to\u00e0n c\u1ee7a c\u1ea5p li\u1ec7u th\u1ee7 c\u00f4ng.<\/p>    <ol class=\"wp-block-list\"> <li>C\u1ea5p li\u1ec7u: B\u0103ng chuy\u1ec1n ch\u1ed1ng tr\u01b0\u1ee3t 5.5kW v\u1eadn chuy\u1ec3n l\u1ed1p v\u00e0o bu\u1ed3ng.<\/li>    <li>N\u00e9n: T\u1ee7 \u0111i\u1ec1u khi\u1ec3n th\u00f4ng minh PLC t\u1ef1 \u0111\u1ed9ng qu\u1ea3n l\u00fd chu tr\u00ecnh n\u00e9n.<\/li>    <li>Bu\u1ed9c th\u1ee7 c\u00f4ng: Khi chi\u1ec1u d\u00e0i b\u00f3 (c\u00f3 th\u1ec3 \u0111i\u1ec1u ch\u1ec9nh) \u0111\u1ea1t \u0111\u1ebfn, ng\u01b0\u1eddi v\u1eadn h\u00e0nh bu\u1ed9c d\u00e2y th\u00e9p th\u1ee7 c\u00f4ng. SLB-200T y\u00eau c\u1ea7u 6-8 d\u00e2y th\u00e9p, trong khi SLS-200T d\u00f9ng 4 d\u00e2y \u0111\u1ec3 c\u1ed1 \u0111\u1ecbnh b\u00f3.<\/li>    <li>Th\u1ea3i: B\u00f3 \u0111\u01b0\u1ee3c \u0111\u1ea9y ra, s\u1eb5n s\u00e0ng \u0111\u1ec3 x\u1eed l\u00fd b\u1eb1ng xe n\u00e2ng.<\/li> <\/ol>    <h2 class=\"wp-block-heading\">So s\u00e1nh th\u00f4ng s\u1ed1 k\u1ef9 thu\u1eadt<\/h2>    <p>D\u01b0\u1edbi \u0111\u00e2y l\u00e0 so s\u00e1nh d\u1eef li\u1ec7u chi ti\u1ebft \u0111\u1ec3 h\u1ed7 tr\u1ee3 ch\u1ecdn m\u00e1y n\u00e9n l\u1ed1p ph\u00f9 h\u1ee3p cho c\u01a1 s\u1edf c\u1ee7a b\u1ea1n.<\/p>    <figure class=\"wp-block-table\"><table><thead><tr><th class=\"has-text-align-left\" data-align=\"left\">Tham s\u1ed1<\/th><th class=\"has-text-align-left\" data-align=\"left\"><strong>SLB-200T (Ch\u1ecbu t\u1ea3i n\u1eb7ng)<\/strong><\/th><th class=\"has-text-align-left\" data-align=\"left\"><strong>SLS-200T (Ti\u00eau chu\u1ea9n)<\/strong><\/th><\/tr><\/thead><tbody><tr><td class=\"has-text-align-left\" data-align=\"left\"><strong>\u00c1p su\u1ea5t h\u1ec7 th\u1ed1ng<\/strong><\/td><td class=\"has-text-align-left\" data-align=\"left\">2000KN (200 T\u1ea5n)<\/td><td class=\"has-text-align-left\" data-align=\"left\">2000KN (200 T\u1ea5n)<\/td><\/tr><tr><td class=\"has-text-align-left\" data-align=\"left\"><strong>C\u00f4ng su\u1ea5t \u0111\u1ed9ng c\u01a1 ch\u00ednh<\/strong><\/td><td class=\"has-text-align-left\" data-align=\"left\">45 kW<\/td><td class=\"has-text-align-left\" data-align=\"left\">37 kW<\/td><\/tr><tr><td class=\"has-text-align-left\" data-align=\"left\"><strong>K\u00edch th\u01b0\u1edbc b\u00f3 (W<em>H<\/em>L)<\/strong><\/td><td class=\"has-text-align-left\" data-align=\"left\">1250 * 1250 * 1700 mm<\/td><td class=\"has-text-align-left\" data-align=\"left\">1130 * 850 * 1700 mm<\/td><\/tr><tr><td class=\"has-text-align-left\" data-align=\"left\"><strong>Tr\u1ecdng l\u01b0\u1ee3ng ki\u1ec7n h\u00e0ng<\/strong><\/td><td class=\"has-text-align-left\" data-align=\"left\"><strong>1500 kg (L\u1ed1p xe th\u1ea3i lo\u1ea1i)<\/strong><\/td><td class=\"has-text-align-left\" data-align=\"left\"><strong>700-800 kg (L\u1ed1p xe th\u1ea3i lo\u1ea1i)<\/strong><\/td><\/tr><tr><td class=\"has-text-align-left\" data-align=\"left\"><strong>S\u1ea3n l\u01b0\u1ee3ng theo gi\u1edd<\/strong><\/td><td class=\"has-text-align-left\" data-align=\"left\">~5 B\u00f3\/gi\u1edd<\/td><td class=\"has-text-align-left\" data-align=\"left\">~4 B\u00f3\/gi\u1edd<\/td><\/tr><tr><td class=\"has-text-align-left\" data-align=\"left\"><strong>Tr\u1ecdng l\u01b0\u1ee3ng m\u00e1y<\/strong><\/td><td class=\"has-text-align-left\" data-align=\"left\">22 T\u1ea5n<\/td><td class=\"has-text-align-left\" data-align=\"left\">17.5 T\u1ea5n<\/td><\/tr><tr><td class=\"has-text-align-left\" data-align=\"left\"><strong>H\u1ec7 th\u1ed1ng l\u00e0m m\u00e1t<\/strong><\/td><td class=\"has-text-align-left\" data-align=\"left\">L\u00e0m m\u00e1t b\u1eb1ng n\u01b0\u1edbc<\/td><td class=\"has-text-align-left\" data-align=\"left\">L\u00e0m m\u00e1t b\u1eb1ng n\u01b0\u1edbc<\/td><\/tr><tr><td class=\"has-text-align-left\" data-align=\"left\"><strong>C\u1ea5p li\u1ec7u<\/strong><\/td><td class=\"has-text-align-left\" data-align=\"left\">B\u0103ng chuy\u1ec1n (9500*1900mm)<\/td><td class=\"has-text-align-left\" data-align=\"left\">B\u0103ng chuy\u1ec1n (9500*1750mm)<\/td><\/tr><\/tbody><\/table><\/figure>    <h2 class=\"wp-block-heading\">L\u1eafp \u0111\u1eb7t v\u00e0 d\u1ecbch v\u1ee5 cho M\u00e1y n\u00e9n l\u1ed1p xe th\u1ea3i lo\u1ea1i ngang<\/h2>    <p>V\u1edbi tr\u1ecdng l\u01b0\u1ee3ng v\u00e0 y\u00eau c\u1ea7u c\u00f4ng su\u1ea5t l\u1edbn c\u1ee7a m\u00e1y n\u00e9n l\u1ed1p xe th\u1ea3i lo\u1ea1i ngang n\u00e0y, vi\u1ec7c l\u1eafp \u0111\u1eb7t \u0111\u00fang c\u00e1ch l\u00e0 r\u1ea5t quan tr\u1ecdng.<\/p>    <ul class=\"wp-block-list\"> <li>Ngu\u1ed3n \u0111i\u1ec7n: Y\u00eau c\u1ea7u ngu\u1ed3n \u0111i\u1ec7n c\u00f4ng nghi\u1ec7p 3 pha.<\/li>    <li>L\u00e0m m\u00e1t: C\u1ea7n k\u1ebft n\u1ed1i ngu\u1ed3n n\u01b0\u1edbc ho\u1eb7c m\u00e1y l\u00e0m l\u1ea1nh c\u00f4ng nghi\u1ec7p cho h\u1ec7 th\u1ed1ng l\u00e0m m\u00e1t.<\/li>    <li>H\u1ed7 tr\u1ee3: Cung c\u1ea5p \u0111\u00e0o t\u1ea1o l\u1eafp \u0111\u1eb7t v\u00e0 v\u1eadn h\u00e0nh qua video. H\u1ed7 tr\u1ee3 k\u1ef9 thu\u1eadt t\u1ea1i ch\u1ed7 c\u00f3 s\u1eb5n \u0111\u1ec3 thi\u1ebft l\u1eadp v\u00e0 ch\u1ea1y th\u1eed.<\/li> <\/ul>","protected":false},"excerpt":{"rendered":"<p>The Shuliy 200-Series Horizontal Waste Tire Baler is engineered for high-volume tire recycling facilities. Featuring 200 tons of hydraulic force and a heavy-duty Q345 steel frame, this machine compresses loose tires into dense 1.5-ton bales. It significantly reduces storage footprint and shipping costs for global recycling operations.<\/p>","protected":false},"author":1,"featured_media":2014,"parent":0,"template":"","tags":[112],"product-type":[111],"class_list":["post-2009","product","type-product","status-publish","has-post-thumbnail","hentry","tag-tire","product-type-tire-recycling"],"taxonomy_info":{"post_tag":[{"value":112,"label":"tire"}],"product-type":[{"value":111,"label":"Tire Recycling Equipment"}]},"featured_image_src_large":["https:\/\/plastic-machines.org\/wp-content\/uploads\/2026\/01\/Tire-baler.webp",720,540,false],"author_info":{"display_name":"Ella","author_link":"https:\/\/plastic-machines.org\/vi\/author\/admin\/"},"comment_info":"","_links":{"self":[{"href":"https:\/\/plastic-machines.org\/vi\/wp-json\/wp\/v2\/product\/2009","targetHints":{"allow":["GET"]}}],"collection":[{"href":"https:\/\/plastic-machines.org\/vi\/wp-json\/wp\/v2\/product"}],"about":[{"href":"https:\/\/plastic-machines.org\/vi\/wp-json\/wp\/v2\/types\/product"}],"author":[{"embeddable":true,"href":"https:\/\/plastic-machines.org\/vi\/wp-json\/wp\/v2\/users\/1"}],"wp:featuredmedia":[{"embeddable":true,"href":"https:\/\/plastic-machines.org\/vi\/wp-json\/wp\/v2\/media\/2014"}],"wp:attachment":[{"href":"https:\/\/plastic-machines.org\/vi\/wp-json\/wp\/v2\/media?parent=2009"}],"wp:term":[{"taxonomy":"post_tag","embeddable":true,"href":"https:\/\/plastic-machines.org\/vi\/wp-json\/wp\/v2\/tags?post=2009"},{"taxonomy":"product-type","embeddable":true,"href":"https:\/\/plastic-machines.org\/vi\/wp-json\/wp\/v2\/product-type?post=2009"}],"curies":[{"name":"wp","href":"https:\/\/api.w.org\/{rel}","templated":true}]}}