{"id":186,"date":"2022-07-05T09:49:54","date_gmt":"2022-07-05T09:49:54","guid":{"rendered":"https:\/\/plastic-machines.org\/?post_type=product&#038;p=186"},"modified":"2025-11-13T16:09:36","modified_gmt":"2025-11-13T08:09:36","slug":"plastic-foam-pelletizing-line","status":"publish","type":"product","link":"https:\/\/plastic-machines.org\/vi\/product\/plastic-foam-pelletizing-line\/","title":{"rendered":"D\u00e2y chuy\u1ec1n t\u1ea1o b\u1ecdt nh\u1ef1a \u0111\u1ec3 t\u00e1i ch\u1ebf Polystyrene"},"content":{"rendered":"<div class=\"kk-star-ratings kksr-auto kksr-align-left kksr-valign-top\"     data-payload='{&quot;align&quot;:&quot;left&quot;,&quot;id&quot;:&quot;186&quot;,&quot;slug&quot;:&quot;default&quot;,&quot;valign&quot;:&quot;top&quot;,&quot;ignore&quot;:&quot;&quot;,&quot;reference&quot;:&quot;auto&quot;,&quot;class&quot;:&quot;&quot;,&quot;count&quot;:&quot;3&quot;,&quot;legendonly&quot;:&quot;&quot;,&quot;readonly&quot;:&quot;&quot;,&quot;score&quot;:&quot;5&quot;,&quot;starsonly&quot;:&quot;&quot;,&quot;best&quot;:&quot;5&quot;,&quot;gap&quot;:&quot;5&quot;,&quot;greet&quot;:&quot;Rate this product&quot;,&quot;legend&quot;:&quot;5\\\/5 - (3 b\u00ecnh ch\u1ecdn)&quot;,&quot;size&quot;:&quot;24&quot;,&quot;title&quot;:&quot;Plastic Foam Pelletizing Line for Polystyrene Recycling&quot;,&quot;width&quot;:&quot;142.5&quot;,&quot;_legend&quot;:&quot;{score}\\\/{best} - ({count} {votes})&quot;,&quot;font_factor&quot;:&quot;1.25&quot;}'>              <div class=\"kksr-stars\">      <div class=\"kksr-stars-inactive\">             <div class=\"kksr-star\" data-star=\"1\" style=\"padding-right: 5px\">               <div class=\"kksr-icon\" style=\"width: 24px; height: 24px;\"><\/div>         <\/div>             <div class=\"kksr-star\" data-star=\"2\" style=\"padding-right: 5px\">               <div class=\"kksr-icon\" style=\"width: 24px; height: 24px;\"><\/div>         <\/div>             <div class=\"kksr-star\" data-star=\"3\" style=\"padding-right: 5px\">               <div class=\"kksr-icon\" style=\"width: 24px; height: 24px;\"><\/div>         <\/div>             <div class=\"kksr-star\" data-star=\"4\" style=\"padding-right: 5px\">               <div class=\"kksr-icon\" style=\"width: 24px; height: 24px;\"><\/div>         <\/div>             <div class=\"kksr-star\" data-star=\"5\" style=\"padding-right: 5px\">               <div class=\"kksr-icon\" style=\"width: 24px; height: 24px;\"><\/div>         <\/div>     <\/div>      <div class=\"kksr-stars-active\" style=\"width: 142.5px;\">             <div class=\"kksr-star\" style=\"padding-right: 5px\">               <div class=\"kksr-icon\" style=\"width: 24px; height: 24px;\"><\/div>         <\/div>             <div class=\"kksr-star\" style=\"padding-right: 5px\">               <div class=\"kksr-icon\" style=\"width: 24px; height: 24px;\"><\/div>         <\/div>             <div class=\"kksr-star\" style=\"padding-right: 5px\">               <div class=\"kksr-icon\" style=\"width: 24px; height: 24px;\"><\/div>         <\/div>             <div class=\"kksr-star\" style=\"padding-right: 5px\">               <div class=\"kksr-icon\" style=\"width: 24px; height: 24px;\"><\/div>         <\/div>             <div class=\"kksr-star\" style=\"padding-right: 5px\">               <div class=\"kksr-icon\" style=\"width: 24px; height: 24px;\"><\/div>         <\/div>     <\/div> <\/div>                   <div class=\"kksr-legend\" style=\"font-size: 19.2px;\">             5\/5 - (3 votes)    <\/div>     <\/div>  <p>D\u00e2y chuy\u1ec1n t\u1ea1o h\u1ea1t x\u1ed1p nh\u1ef1a Shuliy ch\u1ee7 y\u1ebfu x\u1eed l\u00fd b\u1ecdt nh\u1ef1a th\u1ea3i, nh\u1ef1a th\u1ea3i s\u1ebd \u0111\u01b0\u1ee3c nghi\u1ec1n n\u00e1t sau \u0111\u00f3 chuy\u1ec3n th\u00e0nh d\u1ea1ng vi\u00ean nh\u1ef1a nh\u1ecf, c\u00f3 th\u1ec3 t\u00e1i s\u1eed d\u1ee5ng l\u00e0m v\u1eadt li\u1ec7u \u0111\u00f3ng g\u00f3i, v\u1eadt li\u1ec7u c\u00e1ch nhi\u1ec7t v\u00e0 c\u00e1c v\u1eadt li\u1ec7u kh\u00e1c. Thi\u1ebft b\u1ecb quan tr\u1ecdng nh\u1ea5t c\u1ee7a m\u00e1y t\u00e1i ch\u1ebf EPS l\u00e0 m\u00e1y t\u1ea1o h\u1ea1t, thi\u1ebft b\u1ecb n\u00e0y s\u1ebd l\u00e0m tan ch\u1ea3y v\u00e0 \u00e9p \u0111\u00f9n c\u00e1c vi\u00ean.<\/p>    <figure class=\"wp-block-embed is-type-video is-provider-youtube wp-block-embed-youtube wp-embed-aspect-16-9 wp-has-aspect-ratio\"><div class=\"wp-block-embed__wrapper\"> <iframe loading=\"lazy\" title=\"M\u00e1y t\u00e1i ch\u1ebf EPE EPS\/X\u1ed1p | M\u00e1y t\u1ea1o h\u1ea1t EPE EPS\" width=\"500\" height=\"281\" src=\"https:\/\/www.youtube.com\/embed\/cshcld4EPWc?feature=oembed\" frameborder=\"0\" allow=\"accelerometer; autoplay; clipboard-write; encrypted-media; gyroscope; picture-in-picture; web-share\" referrerpolicy=\"strict-origin-when-cross-origin\" allowfullscreen><\/iframe> <\/div><\/figure>    <h2 class=\"wp-block-heading\" id=\"h-what-are-the-waste-eps-and-epe-materials\">V\u1eadt li\u1ec7u EPS v\u00e0 EPE th\u1ea3i l\u00e0 g\u00ec?<\/h2>    <p>Con ng\u01b0\u1eddi trong cu\u1ed9c s\u1ed1ng h\u00e0ng ng\u00e0y \u1edf kh\u1eafp n\u01a1i v\u00e0 c\u00e1c s\u1ea3n ph\u1ea9m nh\u1ef1a ti\u1ebfp x\u00fac, n\u00f3 \u0111\u00e3 tr\u1edf th\u00e0nh m\u1ed9t trong nh\u1eefng v\u1eadt li\u1ec7u kh\u00f4ng th\u1ec3 thi\u1ebfu cho cu\u1ed9c s\u1ed1ng v\u00e0 ph\u00e1t tri\u1ec3n kinh t\u1ebf c\u1ee7a con ng\u01b0\u1eddi. V\u1edbi s\u1ef1 ph\u00e1t tri\u1ec3n v\u00e0 \u1ee9ng d\u1ee5ng li\u00ean t\u1ee5c c\u1ee7a nh\u1ef1a, EPE v\u00e0 EPS (x\u1ed1p c\u00e1ch nhi\u1ec7t \/ polystyrene) \u0111\u00e3 \u0111\u01b0\u1ee3c s\u1eed d\u1ee5ng r\u1ed9ng r\u00e3i trong c\u00e1c v\u1eadt li\u1ec7u \u0111\u00f3ng g\u00f3i v\u00e0 l\u1ea5p \u0111\u1ea7y.<\/p>    <p>B\u1ecdt b\u00f4ng ng\u1ecdc trai EPE l\u00e0 m\u1ed9t lo\u1ea1i v\u1eadt li\u1ec7u s\u1ea3n ph\u1ea9m nh\u1ef1a m\u1edbi, \u0111\u01b0\u1ee3c s\u1eed d\u1ee5ng r\u1ed9ng r\u00e3i trong bao b\u00ec qu\u00e0 t\u1eb7ng, s\u1ea3n ph\u1ea9m ph\u1ea7n c\u1ee9ng, nhu y\u1ebfu ph\u1ea9m h\u00e0ng ng\u00e0y v\u00e0 bao b\u00ec s\u1ea3n ph\u1ea9m kh\u00e1c. Polystyrene m\u1edf r\u1ed9ng, \u0111\u01b0\u1ee3c g\u1ecdi l\u00e0 EPS, l\u00e0 m\u1ed9t lo\u1ea1i polymer nh\u1eb9. Ch\u1eb3ng h\u1ea1n nh\u01b0 h\u1ed9p \u0111\u1ef1ng th\u1ee9c \u0103n nhanh b\u1eb1ng x\u1ed1p, h\u1ed9p \u0111\u00f3ng g\u00f3i b\u1eb1ng x\u1ed1p, v\u1eadt li\u1ec7u c\u00e1ch nhi\u1ec7t, x\u1ed1p \u0111\u00f3ng g\u00f3i b\u00ean ngo\u00e0i t\u1ee7 l\u1ea1nh v\u00e0 c\u00e1c lo\u1ea1i r\u00e1c x\u1ed1p tr\u1eafng kh\u00e1c.<\/p>   <div class=\"wp-block-image is-resized\"> <figure class=\"aligncenter size-full\"><img loading=\"lazy\" decoding=\"async\" width=\"720\" height=\"540\" src=\"https:\/\/plastic-machines.org\/wp-content\/uploads\/2022\/07\/raw-materials-of-the-EPS-granulators.webp\" alt=\"M\u00e1y t\u00e1i ch\u1ebf Polystyrene m\u1edf r\u1ed9ng\" class=\"wp-image-196\" srcset=\"https:\/\/plastic-machines.org\/wp-content\/uploads\/2022\/07\/raw-materials-of-the-EPS-granulators.webp 720w, https:\/\/plastic-machines.org\/wp-content\/uploads\/2022\/07\/raw-materials-of-the-EPS-granulators-300x225.webp 300w\" sizes=\"auto, (max-width: 720px) 100vw, 720px\" \/><figcaption class=\"wp-element-caption\">nguy\u00ean li\u1ec7u c\u1ee7a d\u00e2y chuy\u1ec1n t\u1ea1o h\u1ea1t x\u1ed1p nh\u1ef1a<\/figcaption><\/figure> <\/div>   <h2 class=\"wp-block-heading\">Quy tr\u00ecnh d\u00e2y chuy\u1ec1n t\u1ea1o h\u1ea1t x\u1ed1p nh\u1ef1a<\/h2>    <p>B\u1ecdt nh\u1ef1a ph\u1ebf th\u1ea3i \u0111\u01b0\u1ee3c thu th\u1eadp tr\u01b0\u1edbc ti\u00ean s\u1ebd \u0111\u01b0\u1ee3c c\u1eaft nh\u1ecf b\u1eb1ng m\u00e1y h\u1ee7y x\u1ed1p, sau \u0111\u00f3 \u0111\u01b0\u1ee3c n\u1ea5u ch\u1ea3y v\u00e0 \u00e9p \u0111\u00f9n b\u1eb1ng m\u00e1y t\u1ea1o h\u1ea1t EPS.<\/p>    <div class=\"wp-block-media-text alignwide is-stacked-on-mobile\"><figure class=\"wp-block-media-text__media\"><img loading=\"lazy\" decoding=\"async\" width=\"720\" height=\"540\" src=\"https:\/\/plastic-machines.org\/wp-content\/uploads\/2022\/07\/horizontal-foam-compactor.webp\" alt=\"M\u00e1y \u00e9p t\u00e1i ch\u1ebf x\u1ed1p EPS\" class=\"wp-image-192 size-full\" srcset=\"https:\/\/plastic-machines.org\/wp-content\/uploads\/2022\/07\/horizontal-foam-compactor.webp 720w, https:\/\/plastic-machines.org\/wp-content\/uploads\/2022\/07\/horizontal-foam-compactor-300x225.webp 300w\" sizes=\"auto, (max-width: 720px) 100vw, 720px\" \/><\/figure><div class=\"wp-block-media-text__content\"> <p class=\"has-large-font-size\">M\u00e1y \u00e9p x\u1ed1p<\/p>    <p>Sau khi b\u1ecdt nh\u1ef1a \u0111\u01b0\u1ee3c n\u00e9n b\u1eb1ng m\u00e1y n\u00e9n t\u00e1i ch\u1ebf x\u1ed1p EPS, m\u1eadt \u0111\u1ed9 b\u1ecdt t\u0103ng l\u00ean v\u00e0 b\u1ecdt c\u00f3 d\u1ea1ng kh\u1ed1i vu\u00f4ng, r\u1ea5t thu\u1eadn ti\u1ec7n cho vi\u1ec7c v\u1eadn chuy\u1ec3n v\u00e0 b\u1ea3o qu\u1ea3n.<\/p> <\/div><\/div>    <div class=\"wp-block-media-text alignwide is-stacked-on-mobile\"><figure class=\"wp-block-media-text__media\"><img loading=\"lazy\" decoding=\"async\" width=\"720\" height=\"540\" src=\"https:\/\/plastic-machines.org\/wp-content\/uploads\/2022\/07\/Horizontal-foam-crusher.webp\" alt=\"M\u00e1y h\u1ee7y b\u1ecdt nh\u1ef1a\" class=\"wp-image-190 size-full\" srcset=\"https:\/\/plastic-machines.org\/wp-content\/uploads\/2022\/07\/Horizontal-foam-crusher.webp 720w, https:\/\/plastic-machines.org\/wp-content\/uploads\/2022\/07\/Horizontal-foam-crusher-300x225.webp 300w\" sizes=\"auto, (max-width: 720px) 100vw, 720px\" \/><\/figure><div class=\"wp-block-media-text__content\"> <p class=\"has-large-font-size\">M\u00e1y h\u1ee7y t\u00e0i li\u1ec7u Polystyrene<\/p>    <p>M\u00e1y h\u1ee7y t\u00e0i li\u1ec7u polystyrene ch\u1ee7 y\u1ebfu \u0111\u01b0\u1ee3c s\u1eed d\u1ee5ng \u0111\u1ec3 nghi\u1ec1n c\u00e1c v\u1eadt li\u1ec7u x\u1ed1p kh\u00e1c nhau th\u00e0nh t\u1eebng mi\u1ebfng nh\u1ecf, ki\u1ec3u n\u1eb1m ngang ti\u1ebft ki\u1ec7m nh\u00e2n c\u00f4ng h\u01a1n.<\/p> <\/div><\/div>    <div class=\"wp-block-media-text alignwide is-stacked-on-mobile\"><figure class=\"wp-block-media-text__media\"><img loading=\"lazy\" decoding=\"async\" width=\"721\" height=\"543\" src=\"https:\/\/plastic-machines.org\/wp-content\/uploads\/2022\/07\/plastic-foam-granulator-.webp\" alt=\"M\u00e1y t\u1ea1o h\u1ea1t nh\u1ef1a cho b\u1ecdt nh\u1ef1a\" class=\"wp-image-191 size-full\" srcset=\"https:\/\/plastic-machines.org\/wp-content\/uploads\/2022\/07\/plastic-foam-granulator-.webp 721w, https:\/\/plastic-machines.org\/wp-content\/uploads\/2022\/07\/plastic-foam-granulator--300x226.webp 300w\" sizes=\"auto, (max-width: 721px) 100vw, 721px\" \/><\/figure><div class=\"wp-block-media-text__content\"> <p class=\"has-large-font-size\">M\u00e1y t\u1ea1o h\u1ea1t EPE EPS<\/p>    <p>M\u00e1y \u00e9p vi\u00ean th\u00edch h\u1ee3p \u0111\u1ec3 \u00e9p \u0111\u00f9n v\u00e0 t\u1ea1o h\u1ea1t nh\u1ef1a th\u1ea3i EPE v\u00e0 EPS l\u00e0m nguy\u00ean li\u1ec7u th\u00f4 v\u00e0 ch\u1ebf bi\u1ebfn ch\u00fang th\u00e0nh vi\u00ean nh\u1ef1a EPE \u0111ang thi\u1ebfu trong ng\u00e0nh nh\u1ef1a.<\/p> <\/div><\/div>    <h2 class=\"wp-block-heading\">T\u1ea1i sao c\u1ea7n m\u00e1y \u0111\u1ea7m t\u00e1i ch\u1ebf x\u1ed1p EPS\uff1f<\/h2>    <p class=\"translation-block\">EPS <strong><a href=\"https:\/\/plastic-machines.org\/vi\/product\/foam-densifier-machine\/\" data-type=\"link\" data-id=\"https:\/\/plastic-machines.org\/product\/foam-densifier-machine\/\">m\u00e1y n\u00e9n b\u1ecdt x\u1ed1p<\/a><\/strong> l\u00e0 m\u1ed9t trong nh\u1eefng thi\u1ebft b\u1ecb t\u00e1i ch\u1ebf nh\u1ef1a d\u1ea1ng b\u1ecdt. Do k\u00edch th\u01b0\u1edbc l\u1edbn v\u00e0 tr\u1ecdng l\u01b0\u1ee3ng nh\u1eb9 c\u1ee7a b\u1ecdt x\u1ed1p, vi\u1ec7c v\u1eadn chuy\u1ec3n g\u1eb7p nhi\u1ec1u b\u1ea5t ti\u1ec7n. M\u00e1y \u00e9p l\u1ea1nh b\u1ecdt EPS c\u00f3 th\u1ec3 d\u1ec5 d\u00e0ng n\u00e9n b\u1ecdt v\u00e0 gi\u1ea3m th\u1ec3 t\u00edch nh\u1ef1a.<\/p>   <div class=\"wp-block-image\"> <figure class=\"aligncenter size-full\"><img loading=\"lazy\" decoding=\"async\" width=\"720\" height=\"540\" src=\"https:\/\/plastic-machines.org\/wp-content\/uploads\/2022\/07\/compressed-foam.webp\" alt=\"b\u1ecdt n\u00e9n\" class=\"wp-image-197\" srcset=\"https:\/\/plastic-machines.org\/wp-content\/uploads\/2022\/07\/compressed-foam.webp 720w, https:\/\/plastic-machines.org\/wp-content\/uploads\/2022\/07\/compressed-foam-300x225.webp 300w\" sizes=\"auto, (max-width: 720px) 100vw, 720px\" \/><figcaption class=\"wp-element-caption\">b\u1ecdt n\u00e9n<\/figcaption><\/figure> <\/div>   <ul class=\"wp-block-list\"> <li>M\u00e1y \u0111\u1ea7m x\u1ed1p \u0111\u01b0\u1ee3c trang b\u1ecb thi\u1ebft b\u1ecb nghi\u1ec1n s\u01a1 b\u1ed9 ri\u00eang bi\u1ec7t, c\u00f3 th\u1ec3 nghi\u1ec1n tr\u1ef1c ti\u1ebfp c\u00e1c mi\u1ebfng x\u1ed1p l\u1edbn.<\/li>    <li>M\u00e1y t\u00e1i ch\u1ebf b\u1ecdt c\u00f3 t\u1ef7 s\u1ed1 n\u00e9n cao, c\u00f3 th\u1ec3 gi\u1ea3m kh\u1ed1i l\u01b0\u1ee3ng b\u1ecdt nh\u1ef1a t\u1edbi 40 l\u1ea7n, ti\u1ebft ki\u1ec7m kh\u00f4ng gian l\u01b0u tr\u1eef v\u00e0 v\u1eadn chuy\u1ec3n thu\u1eadn ti\u1ec7n, t\u1eeb \u0111\u00f3 ti\u1ebft ki\u1ec7m chi ph\u00ed l\u01b0u tr\u1eef.<\/li>    <li>Kh\u00f4ng c\u1ea7n b\u1ed5 sung th\u00eam v\u1eadt li\u1ec7u h\u00f3a h\u1ecdc v\u00e0 nhi\u1ec7t trong qu\u00e1 tr\u00ecnh v\u1eadn h\u00e0nh, kh\u1ed1i x\u1ed1p \u0111\u00e3 qua x\u1eed l\u00fd kh\u00f4ng \u0111\u1ed9c h\u1ea1i, kh\u00f4ng m\u00f9i v\u00e0 th\u00e2n thi\u1ec7n v\u1edbi m\u00f4i tr\u01b0\u1eddng.<\/li> <\/ul>   <div class=\"wp-block-image\"> <figure class=\"aligncenter size-large\"><img loading=\"lazy\" decoding=\"async\" width=\"679\" height=\"1024\" src=\"https:\/\/plastic-machines.org\/wp-content\/uploads\/2022\/07\/EPS-styrofoam-recycling-compactor-679x1024.webp\" alt=\"M\u00e1y \u00e9p t\u00e1i ch\u1ebf x\u1ed1p EPS\" class=\"wp-image-198\" srcset=\"https:\/\/plastic-machines.org\/wp-content\/uploads\/2022\/07\/EPS-styrofoam-recycling-compactor-679x1024.webp 679w, https:\/\/plastic-machines.org\/wp-content\/uploads\/2022\/07\/EPS-styrofoam-recycling-compactor-199x300.webp 199w, https:\/\/plastic-machines.org\/wp-content\/uploads\/2022\/07\/EPS-styrofoam-recycling-compactor.webp 720w\" sizes=\"auto, (max-width: 679px) 100vw, 679px\" \/><figcaption class=\"wp-element-caption\">M\u00e1y \u00e9p t\u00e1i ch\u1ebf x\u1ed1p EPS<\/figcaption><\/figure> <\/div>   <h2 class=\"wp-block-heading\">Thi\u1ebft b\u1ecb t\u1ea1o h\u1ea1t c\u1ee7a d\u00e2y chuy\u1ec1n t\u1ea1o h\u1ea1t x\u1ed1p nh\u1ef1a<\/h2>    <h3 class=\"wp-block-heading\">M\u00e1y t\u1ea1o h\u1ea1t x\u1ed1p EPS<\/h3>    <p class=\"translation-block\">M\u00e1y t\u1ea1o h\u1ea1t b\u1ecdt EPS s\u1eed d\u1ee5ng tr\u1ee5c v\u00edt \u0111\u00f4i h\u00ecnh n\u00f3n, gi\u00fap t\u0103ng t\u1ed1c \u0111\u1ed9 n\u1ea1p li\u1ec7u v\u00e0 t\u0103ng \u0111\u00e1ng k\u1ec3 s\u1ea3n l\u01b0\u1ee3ng. S\u1ea3n l\u01b0\u1ee3ng c\u1ee7a m\u1eabu m\u00e1y ph\u1ed5 bi\u1ebfn l\u00e0 150-375kg\/gi\u1edd. M\u00e1y t\u1ea1o h\u1ea1t nh\u1ef1a \u0111\u01b0\u1ee3c s\u1ea3n xu\u1ea5t b\u1edfi m\u00e1y ch\u00ednh v\u00e0 m\u00e1y ph\u1ee5, nhi\u1ec7t \u0111\u1ed9 gia nhi\u1ec7t \u1ed5n \u0111\u1ecbnh, c\u1ea5u tr\u00fac ph\u00e2n t\u1eed c\u1ee7a v\u1eadt li\u1ec7u \u0111\u01b0\u1ee3c c\u1ea3i thi\u1ec7n hi\u1ec7u qu\u1ea3 v\u00e0 ch\u1ea5t l\u01b0\u1ee3ng h\u1ea1t nh\u1ef1a cao. B\u1ed9 ph\u1eadn t\u1ea1o h\u1ea1t ch\u1ee7 y\u1ebfu bao g\u1ed3m m\u00e1y nghi\u1ec1n, m\u00e1y \u0111\u00f9n v\u00e0 m\u00e1y t\u1ea1o h\u1ea1t k\u00e9o t\u1ef1 \u0111\u1ed9ng, quy tr\u00ecnh s\u1ea3n xu\u1ea5t kh\u00f4ng g\u00e2y \u00f4 nhi\u1ec5m.<\/p>   <div class=\"wp-block-image\"> <figure class=\"aligncenter size-full\"><img loading=\"lazy\" decoding=\"async\" width=\"720\" height=\"540\" src=\"https:\/\/plastic-machines.org\/wp-content\/uploads\/2022\/06\/EPS-Pelletizing-Machine1.webp\" alt=\"M\u00e1y t\u1ea1o h\u1ea1t EPS\" class=\"wp-image-442\" srcset=\"https:\/\/plastic-machines.org\/wp-content\/uploads\/2022\/06\/EPS-Pelletizing-Machine1.webp 720w, https:\/\/plastic-machines.org\/wp-content\/uploads\/2022\/06\/EPS-Pelletizing-Machine1-300x225.webp 300w\" sizes=\"auto, (max-width: 720px) 100vw, 720px\" \/><figcaption class=\"wp-element-caption\">M\u00e1y t\u1ea1o h\u1ea1t EPS<\/figcaption><\/figure> <\/div>   <h3 class=\"wp-block-heading\">M\u00e1y t\u1ea1o b\u1ecdt x\u1ed1p EPE<\/h3>    <p>M\u00e1y t\u1ea1o b\u1ecdt x\u1ed1p EPE bao g\u1ed3m h\u1ec7 th\u1ed1ng c\u1ea5p li\u1ec7u, h\u1ec7 th\u1ed1ng n\u00e9n v\u00e0 \u00e9p \u0111\u00f9n. Do \u0111\u1eb7c th\u00f9 c\u1ee7a nh\u1ef1a EPE n\u00ean chi\u1ec1u d\u00e0i th\u00f9ng c\u1ee7a m\u00e1y \u00e9p vi\u00ean d\u00e0i h\u01a1n so v\u1edbi m\u00e1y \u00e9p vi\u00ean EPS, nh\u00ecn b\u1ec1 ngo\u00e0i r\u1ea5t d\u1ec5 nh\u1eadn bi\u1ebft. T\u1ea5t c\u1ea3 c\u00e1c ti\u00eau chu\u1ea9n \u0111i\u1ec7n c\u1ee7a thi\u1ebft b\u1ecb \u0111\u1ec1u tu\u00e2n theo ti\u00eau chu\u1ea9n Ch\u00e2u \u00c2u v\u00e0 s\u1ea3n l\u01b0\u1ee3ng cao.<\/p>   <div class=\"wp-block-image\"> <figure class=\"aligncenter size-full\"><img loading=\"lazy\" decoding=\"async\" width=\"720\" height=\"540\" src=\"https:\/\/plastic-machines.org\/wp-content\/uploads\/2022\/07\/EPE-granulator.webp\" alt=\"M\u00e1y t\u1ea1o h\u1ea1t EPE\" class=\"wp-image-200\" srcset=\"https:\/\/plastic-machines.org\/wp-content\/uploads\/2022\/07\/EPE-granulator.webp 720w, https:\/\/plastic-machines.org\/wp-content\/uploads\/2022\/07\/EPE-granulator-300x225.webp 300w\" sizes=\"auto, (max-width: 720px) 100vw, 720px\" \/><figcaption class=\"wp-element-caption\">M\u00e1y t\u1ea1o h\u1ea1t EPE<\/figcaption><\/figure> <\/div>   <h2 class=\"wp-block-heading\">Video d\u00e2y chuy\u1ec1n t\u1ea1o h\u1ea1t x\u1ed1p nh\u1ef1a<\/h2>    <figure class=\"wp-block-embed is-type-video is-provider-youtube wp-block-embed-youtube wp-embed-aspect-16-9 wp-has-aspect-ratio\"><div class=\"wp-block-embed__wrapper\"> <iframe loading=\"lazy\" title=\"M\u00e1y t\u1ea1o h\u1ea1t EPS\" width=\"500\" height=\"281\" src=\"https:\/\/www.youtube.com\/embed\/3qXNT5nN5Ag?list=PLmQgsSbeu0tXsNBww95upbWcnO_cYfyh4\" frameborder=\"0\" allow=\"accelerometer; autoplay; clipboard-write; encrypted-media; gyroscope; picture-in-picture; web-share\" referrerpolicy=\"strict-origin-when-cross-origin\" allowfullscreen><\/iframe> <\/div><\/figure>    <h2 class=\"wp-block-heading\" id=\"h-plastic-foam-pelletizing-line-factory-display\">Nh\u00e0 m\u00e1y s\u1ea3n xu\u1ea5t d\u00e2y chuy\u1ec1n t\u1ea1o h\u1ea1t x\u1ed1p nh\u1ef1a <\/h2>    <figure class=\"wp-block-gallery has-nested-images columns-default is-cropped wp-block-gallery-2 is-layout-flex wp-block-gallery-is-layout-flex\"> <figure class=\"wp-block-image size-large\"><img loading=\"lazy\" decoding=\"async\" width=\"720\" height=\"540\" data-id=\"201\" src=\"https:\/\/plastic-machines.org\/wp-content\/uploads\/2022\/07\/EPE-pelletizer.webp\" alt=\"M\u00e1y \u00e9p vi\u00ean EPE\" class=\"wp-image-201\" srcset=\"https:\/\/plastic-machines.org\/wp-content\/uploads\/2022\/07\/EPE-pelletizer.webp 720w, https:\/\/plastic-machines.org\/wp-content\/uploads\/2022\/07\/EPE-pelletizer-300x225.webp 300w\" sizes=\"auto, (max-width: 720px) 100vw, 720px\" \/><figcaption class=\"wp-element-caption\">M\u00e1y \u00e9p vi\u00ean EPE<\/figcaption><\/figure>    <figure class=\"wp-block-image size-large\"><img loading=\"lazy\" decoding=\"async\" width=\"720\" height=\"540\" data-id=\"202\" src=\"https:\/\/plastic-machines.org\/wp-content\/uploads\/2022\/07\/EPS-pelletizer.webp\" alt=\"m\u00e1y \u00e9p vi\u00ean EPS\" class=\"wp-image-202\" srcset=\"https:\/\/plastic-machines.org\/wp-content\/uploads\/2022\/07\/EPS-pelletizer.webp 720w, https:\/\/plastic-machines.org\/wp-content\/uploads\/2022\/07\/EPS-pelletizer-300x225.webp 300w\" sizes=\"auto, (max-width: 720px) 100vw, 720px\" \/><figcaption class=\"wp-element-caption\">m\u00e1y \u00e9p vi\u00ean EPS<\/figcaption><\/figure> <\/figure>    <figure class=\"wp-block-gallery has-nested-images columns-default is-cropped wp-block-gallery-3 is-layout-flex wp-block-gallery-is-layout-flex\"> <figure class=\"wp-block-image size-large\"><img loading=\"lazy\" decoding=\"async\" width=\"720\" height=\"540\" data-id=\"204\" src=\"https:\/\/plastic-machines.org\/wp-content\/uploads\/2022\/07\/machines-in-stock-.webp\" alt=\"m\u00e1y t\u00e1i ch\u1ebf x\u1ed1p trong kho\" class=\"wp-image-204\" srcset=\"https:\/\/plastic-machines.org\/wp-content\/uploads\/2022\/07\/machines-in-stock-.webp 720w, https:\/\/plastic-machines.org\/wp-content\/uploads\/2022\/07\/machines-in-stock--300x225.webp 300w\" sizes=\"auto, (max-width: 720px) 100vw, 720px\" \/><figcaption class=\"wp-element-caption\">m\u00e1y t\u00e1i ch\u1ebf x\u1ed1p trong kho<\/figcaption><\/figure>    <figure class=\"wp-block-image size-large\"><img loading=\"lazy\" decoding=\"async\" width=\"720\" height=\"540\" data-id=\"205\" src=\"https:\/\/plastic-machines.org\/wp-content\/uploads\/2022\/07\/our-factory.webp\" alt=\"nh\u00e0 m\u00e1y c\u1ee7a ch\u00fang t\u00f4i\" class=\"wp-image-205\" srcset=\"https:\/\/plastic-machines.org\/wp-content\/uploads\/2022\/07\/our-factory.webp 720w, https:\/\/plastic-machines.org\/wp-content\/uploads\/2022\/07\/our-factory-300x225.webp 300w\" sizes=\"auto, (max-width: 720px) 100vw, 720px\" \/><figcaption class=\"wp-element-caption\">nh\u00e0 m\u00e1y c\u1ee7a ch\u00fang t\u00f4i<\/figcaption><\/figure> <\/figure>    <figure class=\"wp-block-gallery has-nested-images columns-default is-cropped wp-block-gallery-4 is-layout-flex wp-block-gallery-is-layout-flex\"> <figure class=\"wp-block-image size-large\"><img loading=\"lazy\" decoding=\"async\" width=\"720\" height=\"540\" data-id=\"206\" src=\"https:\/\/plastic-machines.org\/wp-content\/uploads\/2022\/07\/plastic-crusher-1-1.webp\" alt=\"m\u00e1y nghi\u1ec1n nh\u1ef1a cho EPS EPE\" class=\"wp-image-206\" srcset=\"https:\/\/plastic-machines.org\/wp-content\/uploads\/2022\/07\/plastic-crusher-1-1.webp 720w, https:\/\/plastic-machines.org\/wp-content\/uploads\/2022\/07\/plastic-crusher-1-1-300x225.webp 300w\" sizes=\"auto, (max-width: 720px) 100vw, 720px\" \/><figcaption class=\"wp-element-caption\">m\u00e1y nghi\u1ec1n nh\u1ef1a cho EPS EPE<\/figcaption><\/figure>    <figure class=\"wp-block-image size-large\"><img loading=\"lazy\" decoding=\"async\" width=\"720\" height=\"540\" data-id=\"207\" src=\"https:\/\/plastic-machines.org\/wp-content\/uploads\/2022\/07\/storage-bins.webp\" alt=\"th\u00f9ng \u0111\u1ef1ng th\u1ee9c \u0103n vi\u00ean\" class=\"wp-image-207\" srcset=\"https:\/\/plastic-machines.org\/wp-content\/uploads\/2022\/07\/storage-bins.webp 720w, https:\/\/plastic-machines.org\/wp-content\/uploads\/2022\/07\/storage-bins-300x225.webp 300w\" sizes=\"auto, (max-width: 720px) 100vw, 720px\" \/><figcaption class=\"wp-element-caption\">th\u00f9ng \u0111\u1ef1ng th\u1ee9c \u0103n vi\u00ean<\/figcaption><\/figure> <\/figure>    <figure class=\"wp-block-gallery has-nested-images columns-default is-cropped wp-block-gallery-5 is-layout-flex wp-block-gallery-is-layout-flex\"> <figure class=\"wp-block-image size-large\"><img loading=\"lazy\" decoding=\"async\" width=\"720\" height=\"540\" data-id=\"208\" src=\"https:\/\/plastic-machines.org\/wp-content\/uploads\/2022\/07\/quality-accessories-2.webp\" alt=\"ph\u1ee5 ki\u1ec7n ch\u1ea5t l\u01b0\u1ee3ng\" class=\"wp-image-208\" srcset=\"https:\/\/plastic-machines.org\/wp-content\/uploads\/2022\/07\/quality-accessories-2.webp 720w, https:\/\/plastic-machines.org\/wp-content\/uploads\/2022\/07\/quality-accessories-2-300x225.webp 300w\" sizes=\"auto, (max-width: 720px) 100vw, 720px\" \/><figcaption class=\"wp-element-caption\">ph\u1ee5 ki\u1ec7n ch\u1ea5t l\u01b0\u1ee3ng <\/figcaption><\/figure>    <figure class=\"wp-block-image size-large\"><img loading=\"lazy\" decoding=\"async\" width=\"720\" height=\"540\" data-id=\"211\" src=\"https:\/\/plastic-machines.org\/wp-content\/uploads\/2022\/07\/Quality-motors-1.webp\" alt=\"\u0111\u1ed9ng c\u01a1 ch\u1ea5t l\u01b0\u1ee3ng cao cho t\u00e1i ch\u1ebf Polystyrene\" class=\"wp-image-211\" srcset=\"https:\/\/plastic-machines.org\/wp-content\/uploads\/2022\/07\/Quality-motors-1.webp 720w, https:\/\/plastic-machines.org\/wp-content\/uploads\/2022\/07\/Quality-motors-1-300x225.webp 300w\" sizes=\"auto, (max-width: 720px) 100vw, 720px\" \/><figcaption class=\"wp-element-caption\">\u0111\u1ed9ng c\u01a1 ch\u1ea5t l\u01b0\u1ee3ng cao cho t\u00e1i ch\u1ebf Polystyrene<\/figcaption><\/figure> <\/figure>","protected":false},"excerpt":{"rendered":"<p>Shuliy plastic foam pelletizing line mainly copes with waste plastic foams, the waste plastics will be crushed and then turned into small plastic pellets, which can be reused as packaging materials, insulation, and other materials. The most important equipment for EPS recycling machines is granulators, which will melt and extrude pellets. What are the waste [&hellip;]<\/p>\n","protected":false},"author":1,"featured_media":1546,"parent":0,"template":"","tags":[43],"product-type":[13],"class_list":["post-186","product","type-product","status-publish","has-post-thumbnail","hentry","tag-eps","product-type-plastic-recycling-lines"],"taxonomy_info":{"post_tag":[{"value":43,"label":"EPS"}],"product-type":[{"value":13,"label":"Plastic Recycling Lines"}]},"featured_image_src_large":["https:\/\/plastic-machines.org\/wp-content\/uploads\/2022\/07\/eps-recycling-machine.webp",720,540,false],"author_info":{"display_name":"Ella","author_link":"https:\/\/plastic-machines.org\/vi\/author\/admin\/"},"comment_info":"","_links":{"self":[{"href":"https:\/\/plastic-machines.org\/vi\/wp-json\/wp\/v2\/product\/186","targetHints":{"allow":["GET"]}}],"collection":[{"href":"https:\/\/plastic-machines.org\/vi\/wp-json\/wp\/v2\/product"}],"about":[{"href":"https:\/\/plastic-machines.org\/vi\/wp-json\/wp\/v2\/types\/product"}],"author":[{"embeddable":true,"href":"https:\/\/plastic-machines.org\/vi\/wp-json\/wp\/v2\/users\/1"}],"wp:featuredmedia":[{"embeddable":true,"href":"https:\/\/plastic-machines.org\/vi\/wp-json\/wp\/v2\/media\/1546"}],"wp:attachment":[{"href":"https:\/\/plastic-machines.org\/vi\/wp-json\/wp\/v2\/media?parent=186"}],"wp:term":[{"taxonomy":"post_tag","embeddable":true,"href":"https:\/\/plastic-machines.org\/vi\/wp-json\/wp\/v2\/tags?post=186"},{"taxonomy":"product-type","embeddable":true,"href":"https:\/\/plastic-machines.org\/vi\/wp-json\/wp\/v2\/product-type?post=186"}],"curies":[{"name":"wp","href":"https:\/\/api.w.org\/{rel}","templated":true}]}}