{"id":1661,"date":"2024-12-12T17:36:38","date_gmt":"2024-12-12T09:36:38","guid":{"rendered":"https:\/\/plastic-machines.org\/?post_type=product&#038;p=1661"},"modified":"2026-01-28T14:21:03","modified_gmt":"2026-01-28T06:21:03","slug":"styrofoam-shredder","status":"publish","type":"product","link":"https:\/\/plastic-machines.org\/vi\/product\/styrofoam-shredder\/","title":{"rendered":"M\u00e1y h\u1ee7y x\u1ed1p | M\u00e1y nghi\u1ec1n b\u1ecdt EPS"},"content":{"rendered":"<div class=\"kk-star-ratings kksr-auto kksr-align-left kksr-valign-top\"     data-payload='{&quot;align&quot;:&quot;left&quot;,&quot;id&quot;:&quot;1661&quot;,&quot;slug&quot;:&quot;default&quot;,&quot;valign&quot;:&quot;top&quot;,&quot;ignore&quot;:&quot;&quot;,&quot;reference&quot;:&quot;auto&quot;,&quot;class&quot;:&quot;&quot;,&quot;count&quot;:&quot;4&quot;,&quot;legendonly&quot;:&quot;&quot;,&quot;readonly&quot;:&quot;&quot;,&quot;score&quot;:&quot;5&quot;,&quot;starsonly&quot;:&quot;&quot;,&quot;best&quot;:&quot;5&quot;,&quot;gap&quot;:&quot;5&quot;,&quot;greet&quot;:&quot;Rate this product&quot;,&quot;legend&quot;:&quot;5\\\/5 - (4 b\u00ecnh ch\u1ecdn)&quot;,&quot;size&quot;:&quot;24&quot;,&quot;title&quot;:&quot;Styrofoam Shredder | EPS Foam Crusher&quot;,&quot;width&quot;:&quot;142.5&quot;,&quot;_legend&quot;:&quot;{score}\\\/{best} - ({count} {votes})&quot;,&quot;font_factor&quot;:&quot;1.25&quot;}'>              <div class=\"kksr-stars\">      <div class=\"kksr-stars-inactive\">             <div class=\"kksr-star\" data-star=\"1\" style=\"padding-right: 5px\">               <div class=\"kksr-icon\" style=\"width: 24px; height: 24px;\"><\/div>         <\/div>             <div class=\"kksr-star\" data-star=\"2\" style=\"padding-right: 5px\">               <div class=\"kksr-icon\" style=\"width: 24px; height: 24px;\"><\/div>         <\/div>             <div class=\"kksr-star\" data-star=\"3\" style=\"padding-right: 5px\">               <div class=\"kksr-icon\" style=\"width: 24px; height: 24px;\"><\/div>         <\/div>             <div class=\"kksr-star\" data-star=\"4\" style=\"padding-right: 5px\">               <div class=\"kksr-icon\" style=\"width: 24px; height: 24px;\"><\/div>         <\/div>             <div class=\"kksr-star\" data-star=\"5\" style=\"padding-right: 5px\">               <div class=\"kksr-icon\" style=\"width: 24px; height: 24px;\"><\/div>         <\/div>     <\/div>      <div class=\"kksr-stars-active\" style=\"width: 142.5px;\">             <div class=\"kksr-star\" style=\"padding-right: 5px\">               <div class=\"kksr-icon\" style=\"width: 24px; height: 24px;\"><\/div>         <\/div>             <div class=\"kksr-star\" style=\"padding-right: 5px\">               <div class=\"kksr-icon\" style=\"width: 24px; height: 24px;\"><\/div>         <\/div>             <div class=\"kksr-star\" style=\"padding-right: 5px\">               <div class=\"kksr-icon\" style=\"width: 24px; height: 24px;\"><\/div>         <\/div>             <div class=\"kksr-star\" style=\"padding-right: 5px\">               <div class=\"kksr-icon\" style=\"width: 24px; height: 24px;\"><\/div>         <\/div>             <div class=\"kksr-star\" style=\"padding-right: 5px\">               <div class=\"kksr-icon\" style=\"width: 24px; height: 24px;\"><\/div>         <\/div>     <\/div> <\/div>                   <div class=\"kksr-legend\" style=\"font-size: 19.2px;\">             5\/5 - (4 phi\u1ebfu b\u1ea7u)    <\/div>     <\/div>  <p>M\u00e1y nghi\u1ec1n b\u1ecdt Shuily c\u00f3 th\u1ec3 nghi\u1ec1n b\u1ecdt nh\u1ef1a th\u1ea3i th\u00e0nh nh\u1eefng m\u1ea3nh nh\u1ecf, b\u01b0\u1edbc n\u00e0y th\u01b0\u1eddng l\u00e0 b\u01b0\u1edbc \u0111\u1ea7u ti\u00ean trong qu\u00e1 tr\u00ecnh t\u00e1i ch\u1ebf. M\u00e1y nghi\u1ec1n b\u1ecdt nghi\u1ec1n n\u00e1t nhi\u1ec1u lo\u1ea1i v\u1eadt li\u1ec7u EPS v\u00e0 EPE v\u00e0 c\u00f3 th\u1ec3 gi\u00fap b\u1ea1n gi\u1ea3m kh\u1ed1i l\u01b0\u1ee3ng ch\u1ea5t th\u1ea3i EPS. B\u1ecdt nghi\u1ec1n c\u00f3 th\u1ec3 \u0111\u01b0\u1ee3c n\u00e9n th\u00e0nh kh\u1ed1i x\u1ed1p ho\u1eb7c n\u1ea5u ch\u1ea3y \u0111\u1ec3 t\u1ea1o h\u1ea1t.<\/p>    <p>V\u1eadt li\u1ec7u \u00e1p d\u1ee5ng: EPS\/b\u1ecdt, b\u1ecdt EPE\/PE, EPP, PSP, XPS, PUR v\u00e0 c\u00e1c lo\u1ea1i nh\u1ef1a x\u1ed1p kh\u00e1c.<\/p>    <figure class=\"wp-block-embed is-type-video is-provider-youtube wp-block-embed-youtube wp-embed-aspect-16-9 wp-has-aspect-ratio\"><div class=\"wp-block-embed__wrapper\"> <iframe loading=\"lazy\" title=\"M\u00e1y b\u0103m nh\u1ecf EPS\/Styrofoam\/Polystyrene cho nh\u00e0 m\u00e1y t\u00e1i ch\u1ebf nh\u1ef1a\" width=\"500\" height=\"281\" src=\"https:\/\/www.youtube.com\/embed\/uM_sUH_1OwE?feature=oembed\" frameborder=\"0\" allow=\"accelerometer; autoplay; clipboard-write; encrypted-media; gyroscope; picture-in-picture; web-share\" referrerpolicy=\"strict-origin-when-cross-origin\" allowfullscreen><\/iframe> <\/div><\/figure>    <h2 class=\"wp-block-heading\">\u01afu \u0111i\u1ec3m c\u1ee7a m\u00e1y nghi\u1ec1n x\u1ed1p<\/h2>    <ul class=\"wp-block-list\"> <li>M\u00e1y nghi\u1ec1n Shuliy \u0111\u00e1p \u1ee9ng ti\u00eau chu\u1ea9n CE v\u00e0 \u0111\u00e3 \u0111\u01b0\u1ee3c b\u00e1n tr\u00ean to\u00e0n th\u1ebf gi\u1edbi.<\/li>    <li>So v\u1edbi m\u00e1y nghi\u1ec1n \u0111\u1ee9ng truy\u1ec1n th\u1ed1ng, Shuliy thi\u1ebft k\u1ebf m\u1ed9t ph\u1ec5u c\u1ea5p li\u1ec7u n\u1eb1m ngang l\u1edbn, n\u1eb1m ngang so v\u1edbi m\u1eb7t \u0111\u1ea5t n\u00ean vi\u1ec7c c\u1ea5p li\u1ec7u nhanh h\u01a1n v\u00e0 thu\u1eadn ti\u1ec7n h\u01a1n.<\/li>    <li>M\u00e1y nghi\u1ec1n x\u1ed1p hi\u1ec7u qu\u1ea3 nghi\u1ec1n x\u1ed1p th\u00e0nh t\u1eebng mi\u1ebfng nh\u1ecf c\u00f3 k\u00edch th\u01b0\u1edbc 30-60 mm.<\/li>    <li>Shuliy cung c\u1ea5p gi\u1ea3i ph\u00e1p t\u00e1i ch\u1ebf x\u1ed1p ho\u00e0n ch\u1ec9nh cho c\u00e1c nh\u00e0 m\u00e1y t\u00e1i ch\u1ebf to\u00e0n c\u1ea7u, sau m\u00e1y h\u1ee7y, c\u00e1c m\u1ea3nh x\u1ed1p \u0111\u00e3 nghi\u1ec1n c\u00f3 th\u1ec3 \u0111\u01b0\u1ee3c g\u1eedi \u0111\u1ebfn m\u00e1y t\u1ea1o h\u1ea1t v\u00e0 c\u00e1c b\u1ed9 ph\u1eadn t\u1ea1o h\u1ea1t kh\u00e1c. C\u00e1c vi\u00ean cu\u1ed1i c\u00f9ng c\u00f3 th\u1ec3 \u0111\u01b0\u1ee3c s\u1eed d\u1ee5ng \u0111\u1ec3 s\u1ea3n xu\u1ea5t c\u00e1c s\u1ea3n ph\u1ea9m kh\u00e1c.<\/li> <\/ul>    <figure class=\"wp-block-gallery has-nested-images columns-default is-cropped wp-block-gallery-2 is-layout-flex wp-block-gallery-is-layout-flex\"> <figure class=\"wp-block-image size-large\"><img loading=\"lazy\" decoding=\"async\" width=\"720\" height=\"540\" data-id=\"1543\" src=\"https:\/\/plastic-machines.org\/wp-content\/uploads\/2022\/07\/eps-polystyrene-recycling-machine.webp\" alt=\"m\u00e1y t\u00e1i ch\u1ebf polystyrene eps\" class=\"wp-image-1543\" srcset=\"https:\/\/plastic-machines.org\/wp-content\/uploads\/2022\/07\/eps-polystyrene-recycling-machine.webp 720w, https:\/\/plastic-machines.org\/wp-content\/uploads\/2022\/07\/eps-polystyrene-recycling-machine-300x225.webp 300w, https:\/\/plastic-machines.org\/wp-content\/uploads\/2022\/07\/eps-polystyrene-recycling-machine-16x12.webp 16w\" sizes=\"auto, (max-width: 720px) 100vw, 720px\" \/><figcaption class=\"wp-element-caption\">m\u00e1y t\u1ea1o h\u1ea1t t\u00e1i ch\u1ebf polystyrene<\/figcaption><\/figure>    <figure class=\"wp-block-image size-large\"><img loading=\"lazy\" decoding=\"async\" width=\"720\" height=\"540\" data-id=\"1544\" src=\"https:\/\/plastic-machines.org\/wp-content\/uploads\/2022\/07\/eps-recycling-machine-2.webp\" alt=\"m\u00e1y t\u00e1i ch\u1ebf eps\" class=\"wp-image-1544\" srcset=\"https:\/\/plastic-machines.org\/wp-content\/uploads\/2022\/07\/eps-recycling-machine-2.webp 720w, https:\/\/plastic-machines.org\/wp-content\/uploads\/2022\/07\/eps-recycling-machine-2-300x225.webp 300w, https:\/\/plastic-machines.org\/wp-content\/uploads\/2022\/07\/eps-recycling-machine-2-16x12.webp 16w\" sizes=\"auto, (max-width: 720px) 100vw, 720px\" \/><figcaption class=\"wp-element-caption\">\u0111\u01a1n v\u1ecb t\u1ea1o h\u1ea1t t\u00e1i ch\u1ebf eps<\/figcaption><\/figure> <\/figure>    <figure class=\"wp-block-gallery has-nested-images columns-default is-cropped wp-block-gallery-3 is-layout-flex wp-block-gallery-is-layout-flex\"> <figure class=\"wp-block-image size-large\"><img loading=\"lazy\" decoding=\"async\" width=\"720\" height=\"540\" data-id=\"2037\" src=\"https:\/\/plastic-machines.org\/wp-content\/uploads\/2024\/12\/EPS-Foam-Crusher.jpg\" alt=\"M\u00e1y nghi\u1ec1n x\u1ed1p EPS\" class=\"wp-image-2037\" srcset=\"https:\/\/plastic-machines.org\/wp-content\/uploads\/2024\/12\/EPS-Foam-Crusher.jpg 720w, https:\/\/plastic-machines.org\/wp-content\/uploads\/2024\/12\/EPS-Foam-Crusher-300x225.jpg 300w, https:\/\/plastic-machines.org\/wp-content\/uploads\/2024\/12\/EPS-Foam-Crusher-16x12.jpg 16w\" sizes=\"auto, (max-width: 720px) 100vw, 720px\" \/><figcaption class=\"wp-element-caption\">M\u00e1y nghi\u1ec1n x\u1ed1p EPS<\/figcaption><\/figure>    <figure class=\"wp-block-image size-large\"><img loading=\"lazy\" decoding=\"async\" width=\"720\" height=\"540\" data-id=\"2038\" src=\"https:\/\/plastic-machines.org\/wp-content\/uploads\/2024\/12\/Styrofoam-Shredder.jpg\" alt=\"M\u00e1y xay nh\u1ef1a Styrofoam\" class=\"wp-image-2038\" srcset=\"https:\/\/plastic-machines.org\/wp-content\/uploads\/2024\/12\/Styrofoam-Shredder.jpg 720w, https:\/\/plastic-machines.org\/wp-content\/uploads\/2024\/12\/Styrofoam-Shredder-300x225.jpg 300w, https:\/\/plastic-machines.org\/wp-content\/uploads\/2024\/12\/Styrofoam-Shredder-16x12.jpg 16w\" sizes=\"auto, (max-width: 720px) 100vw, 720px\" \/><figcaption class=\"wp-element-caption\">M\u00e1y xay nh\u1ef1a Styrofoam<\/figcaption><\/figure>    <figure class=\"wp-block-image size-large\"><img loading=\"lazy\" decoding=\"async\" width=\"720\" height=\"540\" data-id=\"2039\" src=\"https:\/\/plastic-machines.org\/wp-content\/uploads\/2024\/12\/Styrofoam-Shredder-machine.jpg\" alt=\"M\u00e1y xay nh\u1ef1a Styrofoam\" class=\"wp-image-2039\" srcset=\"https:\/\/plastic-machines.org\/wp-content\/uploads\/2024\/12\/Styrofoam-Shredder-machine.jpg 720w, https:\/\/plastic-machines.org\/wp-content\/uploads\/2024\/12\/Styrofoam-Shredder-machine-300x225.jpg 300w, https:\/\/plastic-machines.org\/wp-content\/uploads\/2024\/12\/Styrofoam-Shredder-machine-16x12.jpg 16w\" sizes=\"auto, (max-width: 720px) 100vw, 720px\" \/><figcaption class=\"wp-element-caption\">M\u00e1y xay nh\u1ef1a Styrofoam<\/figcaption><\/figure> <\/figure>    <h2 class=\"wp-block-heading\">D\u1eef li\u1ec7u k\u1ef9 thu\u1eadt c\u1ee7a m\u00e1y h\u1ee7y x\u1ed1p EPS\/x\u1ed1p<\/h2>    <p>C\u00f4ng su\u1ea5t b\u0103m c\u1ee7a m\u00e1y b\u0103m l\u00e0 250-500kg\/h. C\u1ed5ng n\u1ea1p c\u1ee7a m\u00e1y h\u1ee7y t\u00e0i li\u1ec7u \u0111\u1ee7 l\u1edbn cho h\u1ea7u h\u1ebft c\u00e1c nh\u00e0 m\u00e1y t\u00e1i ch\u1ebf. N\u1ebfu b\u1ea1n c\u00f3 y\u00eau c\u1ea7u kh\u00e1c, b\u1ea1n c\u00f3 th\u1ec3 li\u00ean h\u1ec7 v\u1edbi ch\u00fang t\u00f4i b\u1ea5t c\u1ee9 l\u00fac n\u00e0o.<\/p>    <figure class=\"wp-block-table\"><table class=\"has-fixed-layout\"><tbody><tr><td>M\u00f4 h\u00ecnh m\u00e1y h\u1ee7y t\u00e0i li\u1ec7u<\/td><td>K\u00edch th\u01b0\u1edbc t\u1ed5ng th\u1ec3 (mm)<\/td><td>K\u00edch th\u01b0\u1edbc c\u1ed5ng c\u1ea5p li\u1ec7u (mm)<\/td><td>C\u00f4ng su\u1ea5t (KW)<\/td><td>C\u00f4ng su\u1ea5t b\u0103m nh\u1ecf\uff08KG\/H)<\/td><\/tr><tr><td>SL-800<\/td><td>1250*1290*660<\/td><td>800*600<\/td><td>5.5<\/td><td>250-300<\/td><\/tr><tr><td>SL-1000<\/td><td>1250*1530*660<\/td><td>1000*600<\/td><td>5.5<\/td><td>300-350<\/td><\/tr><tr><td>SL-1200<\/td><td>1300*1730*700<\/td><td>1200*600<\/td><td>7.5<\/td><td>400-450<\/td><\/tr><tr><td>SL-1500<\/td><td>1600*2200*800<\/td><td>1500*800<\/td><td>11<\/td><td>450-500<\/td><\/tr><\/tbody><\/table><\/figure>    <h2 class=\"wp-block-heading\"> M\u00e1y nghi\u1ec1n x\u1ed1p EPS<\/h2>    <p>Trong h\u00ecnh c\u00e1c b\u1ea1n c\u00f3 th\u1ec3 th\u1ea5y EPS v\u00e0 EPE ph\u1ebf th\u1ea3i \u0111\u00e3 \u0111\u01b0\u1ee3c nghi\u1ec1n th\u00e0nh t\u1eebng m\u1ea3nh, m\u00e1y h\u1ee7y x\u1ed1p c\u00f3 th\u1ec3 nghi\u1ec1n n\u00e1t c\u00e1c lo\u1ea1i x\u1ed1p r\u1eddi th\u00e0nh c\u00e1c k\u00edch th\u01b0\u1edbc \u0111\u1ed3ng \u0111\u1ec1u. B\u1ecdt x\u1ed1p EPS c\u00f3 th\u1ec3 \u0111\u01b0\u1ee3c ch\u1ebf t\u1ea1o th\u00e0nh c\u00e1c s\u1ea3n ph\u1ea9m kh\u00e1c sau khi nghi\u1ec1n.<\/p>    <figure class=\"wp-block-gallery has-nested-images columns-default is-cropped wp-block-gallery-4 is-layout-flex wp-block-gallery-is-layout-flex\"> <figure class=\"wp-block-image size-large\"><img loading=\"lazy\" decoding=\"async\" width=\"720\" height=\"540\" data-id=\"1662\" src=\"https:\/\/plastic-machines.org\/wp-content\/uploads\/2024\/12\/EPS-crushing-.webp\" alt=\"nghi\u1ec1n EPS\" class=\"wp-image-1662\" srcset=\"https:\/\/plastic-machines.org\/wp-content\/uploads\/2024\/12\/EPS-crushing-.webp 720w, https:\/\/plastic-machines.org\/wp-content\/uploads\/2024\/12\/EPS-crushing--300x225.webp 300w, https:\/\/plastic-machines.org\/wp-content\/uploads\/2024\/12\/EPS-crushing--16x12.webp 16w\" sizes=\"auto, (max-width: 720px) 100vw, 720px\" \/><figcaption class=\"wp-element-caption\">nghi\u1ec1n EPS<\/figcaption><\/figure>    <figure class=\"wp-block-image size-large\"><img loading=\"lazy\" decoding=\"async\" width=\"720\" height=\"540\" data-id=\"1663\" src=\"https:\/\/plastic-machines.org\/wp-content\/uploads\/2024\/12\/PE-foam-recycling.webp\" alt=\"T\u00e1i ch\u1ebf b\u1ecdt PE\" class=\"wp-image-1663\" srcset=\"https:\/\/plastic-machines.org\/wp-content\/uploads\/2024\/12\/PE-foam-recycling.webp 720w, https:\/\/plastic-machines.org\/wp-content\/uploads\/2024\/12\/PE-foam-recycling-300x225.webp 300w, https:\/\/plastic-machines.org\/wp-content\/uploads\/2024\/12\/PE-foam-recycling-16x12.webp 16w\" sizes=\"auto, (max-width: 720px) 100vw, 720px\" \/><figcaption class=\"wp-element-caption\">T\u00e1i ch\u1ebf b\u1ecdt PE<\/figcaption><\/figure> <\/figure>","protected":false},"excerpt":{"rendered":"<p>Shuily foam crusher can crush waste plastic foam into small pieces, a step that is usually the first step in recycling. The Foam Crusher crushes a variety of EPS and EPE materials and can help you reduce the volume of your EPS waste. The crushed foam can be compressed into foam blocks or melted for [&hellip;]<\/p>\n","protected":false},"author":1,"featured_media":1664,"parent":0,"template":"","tags":[43],"product-type":[15],"class_list":["post-1661","product","type-product","status-publish","has-post-thumbnail","hentry","tag-eps","product-type-plastic-crushing-equipment"],"taxonomy_info":{"post_tag":[{"value":43,"label":"EPS"}],"product-type":[{"value":15,"label":"Plastic Crushing Equipment"}]},"featured_image_src_large":["https:\/\/plastic-machines.org\/wp-content\/uploads\/2024\/12\/styrofoam-shredder2.webp",720,540,false],"author_info":{"display_name":"Ella","author_link":"https:\/\/plastic-machines.org\/vi\/author\/admin\/"},"comment_info":"","_links":{"self":[{"href":"https:\/\/plastic-machines.org\/vi\/wp-json\/wp\/v2\/product\/1661","targetHints":{"allow":["GET"]}}],"collection":[{"href":"https:\/\/plastic-machines.org\/vi\/wp-json\/wp\/v2\/product"}],"about":[{"href":"https:\/\/plastic-machines.org\/vi\/wp-json\/wp\/v2\/types\/product"}],"author":[{"embeddable":true,"href":"https:\/\/plastic-machines.org\/vi\/wp-json\/wp\/v2\/users\/1"}],"wp:featuredmedia":[{"embeddable":true,"href":"https:\/\/plastic-machines.org\/vi\/wp-json\/wp\/v2\/media\/1664"}],"wp:attachment":[{"href":"https:\/\/plastic-machines.org\/vi\/wp-json\/wp\/v2\/media?parent=1661"}],"wp:term":[{"taxonomy":"post_tag","embeddable":true,"href":"https:\/\/plastic-machines.org\/vi\/wp-json\/wp\/v2\/tags?post=1661"},{"taxonomy":"product-type","embeddable":true,"href":"https:\/\/plastic-machines.org\/vi\/wp-json\/wp\/v2\/product-type?post=1661"}],"curies":[{"name":"wp","href":"https:\/\/api.w.org\/{rel}","templated":true}]}}