{"id":166,"date":"2022-07-04T09:44:17","date_gmt":"2022-07-04T09:44:17","guid":{"rendered":"https:\/\/plastic-machines.org\/?post_type=product&#038;p=166"},"modified":"2026-04-03T13:32:10","modified_gmt":"2026-04-03T05:32:10","slug":"pet-bottle-label-remover-machine","status":"publish","type":"product","link":"https:\/\/plastic-machines.org\/vi\/product\/pet-bottle-label-remover-machine\/","title":{"rendered":"M\u00e1y x\u00f3a nh\u00e3n chai PET"},"content":{"rendered":"<div class=\"kk-star-ratings kksr-auto kksr-align-left kksr-valign-top\"     data-payload='{&quot;align&quot;:&quot;left&quot;,&quot;id&quot;:&quot;166&quot;,&quot;slug&quot;:&quot;default&quot;,&quot;valign&quot;:&quot;top&quot;,&quot;ignore&quot;:&quot;&quot;,&quot;reference&quot;:&quot;auto&quot;,&quot;class&quot;:&quot;&quot;,&quot;count&quot;:&quot;4&quot;,&quot;legendonly&quot;:&quot;&quot;,&quot;readonly&quot;:&quot;&quot;,&quot;score&quot;:&quot;5&quot;,&quot;starsonly&quot;:&quot;&quot;,&quot;best&quot;:&quot;5&quot;,&quot;gap&quot;:&quot;5&quot;,&quot;greet&quot;:&quot;Rate this product&quot;,&quot;legend&quot;:&quot;5\\\/5 - (4 b\u00ecnh ch\u1ecdn)&quot;,&quot;size&quot;:&quot;24&quot;,&quot;title&quot;:&quot;PET Bottle Label Remover Machine&quot;,&quot;width&quot;:&quot;142.5&quot;,&quot;_legend&quot;:&quot;{score}\\\/{best} - ({count} {votes})&quot;,&quot;font_factor&quot;:&quot;1.25&quot;}'>              <div class=\"kksr-stars\">      <div class=\"kksr-stars-inactive\">             <div class=\"kksr-star\" data-star=\"1\" style=\"padding-right: 5px\">               <div class=\"kksr-icon\" style=\"width: 24px; height: 24px;\"><\/div>         <\/div>             <div class=\"kksr-star\" data-star=\"2\" style=\"padding-right: 5px\">               <div class=\"kksr-icon\" style=\"width: 24px; height: 24px;\"><\/div>         <\/div>             <div class=\"kksr-star\" data-star=\"3\" style=\"padding-right: 5px\">               <div class=\"kksr-icon\" style=\"width: 24px; height: 24px;\"><\/div>         <\/div>             <div class=\"kksr-star\" data-star=\"4\" style=\"padding-right: 5px\">               <div class=\"kksr-icon\" style=\"width: 24px; height: 24px;\"><\/div>         <\/div>             <div class=\"kksr-star\" data-star=\"5\" style=\"padding-right: 5px\">               <div class=\"kksr-icon\" style=\"width: 24px; height: 24px;\"><\/div>         <\/div>     <\/div>      <div class=\"kksr-stars-active\" style=\"width: 142.5px;\">             <div class=\"kksr-star\" style=\"padding-right: 5px\">               <div class=\"kksr-icon\" style=\"width: 24px; height: 24px;\"><\/div>         <\/div>             <div class=\"kksr-star\" style=\"padding-right: 5px\">               <div class=\"kksr-icon\" style=\"width: 24px; height: 24px;\"><\/div>         <\/div>             <div class=\"kksr-star\" style=\"padding-right: 5px\">               <div class=\"kksr-icon\" style=\"width: 24px; height: 24px;\"><\/div>         <\/div>             <div class=\"kksr-star\" style=\"padding-right: 5px\">               <div class=\"kksr-icon\" style=\"width: 24px; height: 24px;\"><\/div>         <\/div>             <div class=\"kksr-star\" style=\"padding-right: 5px\">               <div class=\"kksr-icon\" style=\"width: 24px; height: 24px;\"><\/div>         <\/div>     <\/div> <\/div>                   <div class=\"kksr-legend\" style=\"font-size: 19.2px;\">             5\/5 - (4 phi\u1ebfu b\u1ea7u)    <\/div>     <\/div>  <p class=\"translation-block\">M\u00e1y lo\u1ea1i b\u1ecf nh\u00e3n chai PET n\u00e0y ph\u00f9 h\u1ee3p v\u1edbi c\u00e1c chai nh\u1ef1a nh\u01b0 chai n\u01b0\u1edbc kho\u00e1ng PET, chai cola, chai d\u1ea7u, v.v. M\u00e1y lo\u1ea1i b\u1ecf nh\u00e3n chai PET c\u00f3 th\u1ec3 nhanh ch\u00f3ng t\u00e1ch nh\u00e3n tr\u00ean chai nh\u1ef1a kh\u1ecfi th\u00e2n chai. Vi\u1ec7c s\u1eed d\u1ee5ng m\u00e1y lo\u1ea1i b\u1ecf nh\u00e3n c\u00f3 th\u1ec3 thay th\u1ebf ng\u01b0\u1eddi \u0111\u1ec3 lo\u1ea1i b\u1ecf nh\u00e3n, gi\u1ea3i quy\u1ebft v\u1ea5n \u0111\u1ec1 hi\u1ec7u su\u1ea5t th\u1ea5p khi lo\u1ea1i nh\u00e3n b\u1eb1ng tay. Hi\u1ec7u su\u1ea5t cao c\u1ee7a thi\u1ebft b\u1ecb s\u1ebd \u0111\u00e1p \u1ee9ng y\u00eau c\u1ea7u s\u1ea3n xu\u1ea5t l\u1edbn c\u1ee7a <a href=\"https:\/\/plastic-machines.org\/vi\/product\/pet-bottle-recycling-line\/\">d\u00e2y chuy\u1ec1n t\u00e1i ch\u1ebf chai PET<\/a>.<\/p>    <p>Minh b\u1ea1ch trong chi ti\u00eau v\u1ed1n l\u00e0 \u0111i\u1ec1u c\u1ea7n thi\u1ebft cho vi\u1ec7c thi\u1ebft l\u1eadp nh\u00e0 m\u00e1y t\u00e1i ch\u1ebf c\u1ee7a b\u1ea1n. Gi\u00e1 ti\u00eau chu\u1ea9n cho m\u00e1y lo\u1ea1i b\u1ecf nh\u00e3n chai PET c\u00f4ng nghi\u1ec7p c\u1ee7a ch\u00fang t\u00f4i l\u00e0 5.500 USD. \u0110\u1ec3 bi\u1ebft th\u00eam th\u00f4ng tin, vui l\u00f2ng li\u00ean h\u1ec7 v\u1edbi ch\u00fang t\u00f4i ho\u1eb7c \u0111\u1ec3 l\u1ea1i th\u00f4ng tin c\u1ee7a b\u1ea1n tr\u00ean bi\u1ec3u m\u1eabu b\u1eadt l\u00ean c\u1ee7a trang web c\u1ee7a ch\u00fang t\u00f4i.<\/p>   <div class=\"wp-block-image\"> <figure class=\"aligncenter size-full\"><img loading=\"lazy\" decoding=\"async\" width=\"720\" height=\"540\" src=\"https:\/\/plastic-machines.org\/wp-content\/uploads\/2022\/07\/plastic-machines.webp\" alt=\"M\u00e1y x\u00f3a nh\u00e3n chai PET\" class=\"wp-image-1209\" srcset=\"https:\/\/plastic-machines.org\/wp-content\/uploads\/2022\/07\/plastic-machines.webp 720w, https:\/\/plastic-machines.org\/wp-content\/uploads\/2022\/07\/plastic-machines-300x225.webp 300w, https:\/\/plastic-machines.org\/wp-content\/uploads\/2022\/07\/plastic-machines-16x12.webp 16w\" sizes=\"auto, (max-width: 720px) 100vw, 720px\" \/><\/figure> <\/div>   <h2 class=\"wp-block-heading\" id=\"h-application-of-pet-bottle-label-remover\">\u1ee8ng d\u1ee5ng t\u1ea9y nh\u00e3n chai PET<\/h2>    <figure class=\"wp-block-gallery has-nested-images columns-default is-cropped wp-block-gallery-2 is-layout-flex wp-block-gallery-is-layout-flex\"> <figure class=\"wp-block-image size-large\"><img loading=\"lazy\" decoding=\"async\" width=\"720\" height=\"540\" data-id=\"172\" src=\"https:\/\/plastic-machines.org\/wp-content\/uploads\/2022\/07\/plastic-bottles-with-labels.webp\" alt=\"v\u1eadt li\u1ec7u c\u1ee7a m\u00e1y t\u1ea9y nh\u00e3n chai PET\" class=\"wp-image-172\" srcset=\"https:\/\/plastic-machines.org\/wp-content\/uploads\/2022\/07\/plastic-bottles-with-labels.webp 720w, https:\/\/plastic-machines.org\/wp-content\/uploads\/2022\/07\/plastic-bottles-with-labels-300x225.webp 300w\" sizes=\"auto, (max-width: 720px) 100vw, 720px\" \/><figcaption class=\"wp-element-caption\">chai nh\u1ef1a c\u00f3 nh\u00e3n<\/figcaption><\/figure>    <figure class=\"wp-block-image size-large\"><img loading=\"lazy\" decoding=\"async\" width=\"720\" height=\"540\" data-id=\"173\" src=\"https:\/\/plastic-machines.org\/wp-content\/uploads\/2022\/07\/packed-plastic-bottles-.webp\" alt=\"chai nh\u1ef1a \u0111\u00f3ng g\u00f3i\" class=\"wp-image-173\" srcset=\"https:\/\/plastic-machines.org\/wp-content\/uploads\/2022\/07\/packed-plastic-bottles-.webp 720w, https:\/\/plastic-machines.org\/wp-content\/uploads\/2022\/07\/packed-plastic-bottles--300x225.webp 300w\" sizes=\"auto, (max-width: 720px) 100vw, 720px\" \/><figcaption class=\"wp-element-caption\">chai nh\u1ef1a \u0111\u00f3ng g\u00f3i<\/figcaption><\/figure> <\/figure>    <h2 class=\"wp-block-heading\" id=\"h-final-effect-of-plastic-label-removing-machine\">T\u00e1c d\u1ee5ng cu\u1ed1i c\u00f9ng c\u1ee7a m\u00e1y b\u00f3c nh\u00e3n nh\u1ef1a<\/h2>    <figure class=\"wp-block-gallery has-nested-images columns-default is-cropped wp-block-gallery-3 is-layout-flex wp-block-gallery-is-layout-flex\"> <figure class=\"wp-block-image size-large\"><img loading=\"lazy\" decoding=\"async\" width=\"720\" height=\"540\" data-id=\"177\" src=\"https:\/\/plastic-machines.org\/wp-content\/uploads\/2022\/07\/plastic-bottles.webp\" alt=\"s\u1ea3n ph\u1ea9m cu\u1ed1i c\u00f9ng c\u1ee7a m\u00e1y lo\u1ea1i b\u1ecf nh\u00e3n nh\u1ef1a\" class=\"wp-image-177\" srcset=\"https:\/\/plastic-machines.org\/wp-content\/uploads\/2022\/07\/plastic-bottles.webp 720w, https:\/\/plastic-machines.org\/wp-content\/uploads\/2022\/07\/plastic-bottles-300x225.webp 300w\" sizes=\"auto, (max-width: 720px) 100vw, 720px\" \/><\/figure>    <figure class=\"wp-block-image size-large\"><img loading=\"lazy\" decoding=\"async\" width=\"720\" height=\"540\" data-id=\"178\" src=\"https:\/\/plastic-machines.org\/wp-content\/uploads\/2022\/07\/PET-bottles-without-labels.webp\" alt=\"s\u1ea3n ph\u1ea9m cu\u1ed1i c\u00f9ng c\u1ee7a m\u00e1y lo\u1ea1i b\u1ecf nh\u00e3n nh\u1ef1a\" class=\"wp-image-178\" srcset=\"https:\/\/plastic-machines.org\/wp-content\/uploads\/2022\/07\/PET-bottles-without-labels.webp 720w, https:\/\/plastic-machines.org\/wp-content\/uploads\/2022\/07\/PET-bottles-without-labels-300x225.webp 300w\" sizes=\"auto, (max-width: 720px) 100vw, 720px\" \/><\/figure> <figcaption class=\"blocks-gallery-caption wp-element-caption\">Chai PET kh\u00f4ng nh\u00e3n<\/figcaption><\/figure>    <h2 class=\"wp-block-heading\">M\u00e1y t\u1ea9y nh\u00e3n chai PET ho\u1ea1t \u0111\u1ed9ng nh\u01b0 th\u1ebf n\u00e0o?<\/h2>    <p>C\u00f3 hai b\u01b0\u1edbc quan tr\u1ecdng trong c\u00f4ng vi\u1ec7c lo\u1ea1i b\u1ecf nh\u00e3n. M\u1ed9t l\u00e0 li\u00ean k\u1ebft kh\u00f4ng chu\u1ea9n, bao g\u1ed3m xi lanh kh\u00f4ng chu\u1ea9n, tr\u1ee5c ch\u00ednh, dao di \u0111\u1ed9ng tr\u00ean tr\u1ee5c v\u00e0 dao c\u1ed1 \u0111\u1ecbnh tr\u00ean th\u00e0nh xi lanh. C\u00e1c l\u01b0\u1ee1i dao \u0111\u1ec1u \u0111\u01b0\u1ee3c l\u00e0m b\u1eb1ng dao h\u1ee3p kim c\u1ee9ng c\u00f3 \u0111\u1ea7u nh\u1ecdn, th\u00e2n chai bong tr\u00f3c nh\u00e3n do ti\u1ebfp x\u00fac v\u1edbi l\u01b0\u1ee1i dao trong qu\u00e1 tr\u00ecnh \u0111\u1ea9y.<\/p>    <p>B\u01b0\u1edbc th\u1ee9 hai l\u00e0 ph\u00e2n t\u00e1ch. C\u00e1c thi\u1ebft b\u1ecb c\u1ea7n thi\u1ebft cho b\u01b0\u1edbc n\u00e0y ch\u1ee7 y\u1ebfu bao g\u1ed3m h\u1ed9p ph\u00e2n t\u00e1ch, qu\u1ea1t ch\u00ednh v\u00e0 \u0111\u1ed9ng c\u01a1 ph\u1ee5. Nh\u00e3n nh\u1ef1a \u0111\u01b0\u1ee3c t\u00e1ch ra b\u1eb1ng gi\u00f3. M\u00e1y c\u00f3 hi\u1ec7u su\u1ea5t l\u00e0m vi\u1ec7c cao, t\u1ef7 l\u1ec7 r\u01a1i xu\u1ed1ng cao t\u1edbi 98%.<\/p>    <h2 class=\"wp-block-heading\" id=\"h-pet-bottle-label-remover-factory-display\">Nh\u00e0 m\u00e1y t\u1ea9y nh\u00e3n chai PET tr\u01b0ng b\u00e0y<\/h2>   <div class=\"wp-block-image\"> <figure class=\"aligncenter size-full\"><img loading=\"lazy\" decoding=\"async\" width=\"720\" height=\"540\" src=\"https:\/\/plastic-machines.org\/wp-content\/uploads\/2022\/07\/label-removing-machine.webp\" alt=\"m\u00e1y b\u00f3c nh\u00e3n\" class=\"wp-image-180\" srcset=\"https:\/\/plastic-machines.org\/wp-content\/uploads\/2022\/07\/label-removing-machine.webp 720w, https:\/\/plastic-machines.org\/wp-content\/uploads\/2022\/07\/label-removing-machine-300x225.webp 300w\" sizes=\"auto, (max-width: 720px) 100vw, 720px\" \/><figcaption class=\"wp-element-caption\">M\u00e1y b\u00f3c nh\u00e3n chai PET<\/figcaption><\/figure> <\/div>  <div class=\"wp-block-image\"> <figure class=\"aligncenter size-full\"><img loading=\"lazy\" decoding=\"async\" width=\"720\" height=\"540\" src=\"https:\/\/plastic-machines.org\/wp-content\/uploads\/2022\/07\/PET-bottle-label-remover.webp\" alt=\"T\u1ea9y nh\u00e3n chai PET\" class=\"wp-image-181\" srcset=\"https:\/\/plastic-machines.org\/wp-content\/uploads\/2022\/07\/PET-bottle-label-remover.webp 720w, https:\/\/plastic-machines.org\/wp-content\/uploads\/2022\/07\/PET-bottle-label-remover-300x225.webp 300w\" sizes=\"auto, (max-width: 720px) 100vw, 720px\" \/><figcaption class=\"wp-element-caption\">M\u00e1y b\u00f3c nh\u00e3n chai PET<\/figcaption><\/figure> <\/div>  <div class=\"wp-block-image\"> <figure class=\"aligncenter size-full\"><img loading=\"lazy\" decoding=\"async\" width=\"720\" height=\"540\" src=\"https:\/\/plastic-machines.org\/wp-content\/uploads\/2022\/07\/plastic-label-remover.webp\" alt=\"M\u00e1y b\u00f3c nh\u00e3n chai PET\" class=\"wp-image-182\" srcset=\"https:\/\/plastic-machines.org\/wp-content\/uploads\/2022\/07\/plastic-label-remover.webp 720w, https:\/\/plastic-machines.org\/wp-content\/uploads\/2022\/07\/plastic-label-remover-300x225.webp 300w\" sizes=\"auto, (max-width: 720px) 100vw, 720px\" \/><figcaption class=\"wp-element-caption\">m\u00e1y lo\u1ea1i b\u1ecf nh\u00e3n chai nh\u1ef1a<\/figcaption><\/figure> <\/div>   <h2 class=\"wp-block-heading\">\u01afu \u0111i\u1ec3m c\u1ee7a m\u00e1y b\u00f3c nh\u00e3n<\/h2>    <ul class=\"wp-block-list\"> <li>D\u1ee5ng c\u1ee5 c\u1eaft c\u1ee7a m\u00e1y b\u00f3c nh\u00e3n chai PET s\u1eed d\u1ee5ng h\u1ee3p kim nh\u1eadp kh\u1ea9u, c\u00f3 kh\u1ea3 n\u0103ng ch\u1ed1ng m\u00e0i m\u00f2n v\u00e0 c\u00f3 th\u1eddi gian s\u1eed d\u1ee5ng l\u00e2u d\u00e0i. C\u00e1c l\u01b0\u1ee1i c\u1eaft c\u00f3 th\u1ec3 \u0111i\u1ec1u ch\u1ec9nh v\u00e0 thay th\u1ebf n\u00ean kh\u00f4ng c\u1ea7n lo l\u1eafng v\u1ec1 t\u1ed1c \u0111\u1ed9 r\u01a1i c\u1ee7a m\u00e1y.<\/li>    <li>M\u00e1y b\u00f3c nh\u00e3n nh\u1ef1a s\u1eed d\u1ee5ng qu\u1ea1t h\u00fat c\u00f4ng su\u1ea5t k\u00e9p, c\u00f4ng su\u1ea5t m\u1ea1nh, \u0111\u1ed9 \u1ed3n th\u1ea5p.<\/li>    <li>\u0110\u1ed9ng c\u01a1 c\u00f3 ch\u1ee9c n\u0103ng b\u1ea3o v\u1ec7 nhi\u1ec7t, kh\u00f4ng sinh nhi\u1ec7t sau th\u1eddi gian d\u00e0i s\u1eed d\u1ee5ng, th\u1eddi gian s\u1eed d\u1ee5ng l\u00e2u d\u00e0i.<\/li> <\/ul>    <figure class=\"wp-block-gallery has-nested-images columns-default is-cropped wp-block-gallery-4 is-layout-flex wp-block-gallery-is-layout-flex\"> <figure class=\"wp-block-image size-large\"><img loading=\"lazy\" decoding=\"async\" width=\"526\" height=\"394\" data-id=\"176\" src=\"https:\/\/plastic-machines.org\/wp-content\/uploads\/2022\/07\/inside-structure-1-edited.webp\" alt=\"m\u00e1y b\u00f3c nh\u00e3n\" class=\"wp-image-176\" srcset=\"https:\/\/plastic-machines.org\/wp-content\/uploads\/2022\/07\/inside-structure-1-edited.webp 526w, https:\/\/plastic-machines.org\/wp-content\/uploads\/2022\/07\/inside-structure-1-edited-300x225.webp 300w\" sizes=\"auto, (max-width: 526px) 100vw, 526px\" \/><figcaption class=\"wp-element-caption\">c\u1ea5u t\u1ea1o b\u00ean trong m\u00e1y b\u00f3c nh\u00e3n chai PET<\/figcaption><\/figure>    <figure class=\"wp-block-image size-large\"><img loading=\"lazy\" decoding=\"async\" width=\"720\" height=\"540\" data-id=\"175\" src=\"https:\/\/plastic-machines.org\/wp-content\/uploads\/2022\/07\/inside-blades.webp\" alt=\"l\u01b0\u1ee1i b\u00ean trong c\u1ee7a m\u00e1y g\u1ee1 nh\u00e3n\" class=\"wp-image-175\" srcset=\"https:\/\/plastic-machines.org\/wp-content\/uploads\/2022\/07\/inside-blades.webp 720w, https:\/\/plastic-machines.org\/wp-content\/uploads\/2022\/07\/inside-blades-300x225.webp 300w\" sizes=\"auto, (max-width: 720px) 100vw, 720px\" \/><figcaption class=\"wp-element-caption\">l\u01b0\u1ee1i dao b\u00ean trong c\u1ee7a m\u00e1y t\u00e1i ch\u1ebf chai<\/figcaption><\/figure> <\/figure>    <h2 class=\"wp-block-heading\">Th\u00f4ng s\u1ed1 c\u1ee7a m\u00e1y b\u00f3c nh\u00e3n chai PET <\/h2>    <figure class=\"wp-block-table\"><table><tbody><tr><td>Ng\u01b0\u1eddi m\u1eabu<\/td><td>SL-50<\/td><\/tr><tr><td>Chi\u1ec1u d\u00e0i (m)<\/td><td>4.3<\/td><\/tr><tr><td>Chi\u1ec1u r\u1ed9ng (m)<\/td><td>0.63<\/td><\/tr><tr><td>C\u00f4ng su\u1ea5t (kw)<\/td><td>15+1.5<\/td><\/tr><tr><td>\u0110\u1ed9 d\u00e0y th\u00e0nh ngo\u00e0i (mm)<\/td><td>8<\/td><\/tr><tr><td>T\u1ed1c \u0111\u1ed9 di chuy\u1ec3n nh\u00e3n<\/td><td>98%<\/td><\/tr><\/tbody><\/table><\/figure>    <p>M\u1eabu SL-50 tr\u00ean l\u00e0 m\u1eabu b\u00e1n ch\u1ea1y nh\u1ea5t c\u1ee7a ch\u00fang t\u00f4i, ngo\u00e0i ra ch\u00fang t\u00f4i c\u00f2n c\u00f3 nh\u1eefng m\u1eabu kh\u00e1c c\u00f3 c\u00f4ng su\u1ea5t l\u1edbn h\u01a1n. N\u1ebfu b\u1ea1n quan t\u00e2m, vui l\u00f2ng li\u00ean h\u1ec7 v\u1edbi ch\u00fang t\u00f4i, ch\u00fang t\u00f4i s\u1ebd gi\u1edbi thi\u1ec7u chi ti\u1ebft v\u1ec1 m\u00e1y b\u00f3c nh\u00e3n chai PET.<\/p>    <h2 class=\"wp-block-heading\">Video m\u00e1y b\u00f3c nh\u00e3n<\/h2>    <p>Trong video c\u00e1c b\u1ea1n c\u00f3 th\u1ec3 xem m\u00e1y b\u00f3c nh\u00e3n th\u1ef1c hi\u1ec7n c\u00f4ng vi\u1ec7c c\u1ee7a n\u00f3 nh\u01b0 th\u1ebf n\u00e0o, n\u1ebfu quan t\u00e2m, vui l\u00f2ng \u0111\u0103ng k\u00fd k\u00eanh Youtube c\u1ee7a ch\u00fang t\u00f4i, ch\u00fang t\u00f4i s\u1ebd c\u1eadp nh\u1eadt video v\u1ec1 m\u00e1y t\u00e1i ch\u1ebf nh\u1ef1a.<\/p>    <figure class=\"wp-block-embed is-type-video is-provider-youtube wp-block-embed-youtube wp-embed-aspect-16-9 wp-has-aspect-ratio\"><div class=\"wp-block-embed__wrapper\"> <iframe loading=\"lazy\" title=\"T\u1ea9y nh\u00e3n chai PET | M\u00e1y kh\u1eed nh\u00e3n\" width=\"500\" height=\"281\" src=\"https:\/\/www.youtube.com\/embed\/jqpJbfWeKSs?start=43&#038;feature=oembed\" frameborder=\"0\" allow=\"accelerometer; autoplay; clipboard-write; encrypted-media; gyroscope; picture-in-picture; web-share\" referrerpolicy=\"strict-origin-when-cross-origin\" allowfullscreen><\/iframe> <\/div><\/figure>    <h2 class=\"wp-block-heading\">S\u1ef1 c\u1ea7n thi\u1ebft c\u1ee7a m\u00e1y b\u00f3c nh\u00e3n<\/h2>    <p>X\u00e9t v\u1ec1 m\u1eb7t quy tr\u00ecnh s\u1ea3n xu\u1ea5t chai nh\u1ef1a, th\u00e2n chai, n\u1eafp v\u00e0 nh\u00e3n nh\u1ef1a ho\u00e0n to\u00e0n \u0111\u01b0\u1ee3c s\u1ea3n xu\u1ea5t ri\u00eang bi\u1ec7t. M\u1eb7c d\u00f9 \u0111\u1ec1u l\u00e0 nh\u1ef1a nh\u01b0ng ch\u1ee7ng lo\u1ea1i kh\u00e1c nhau, ch\u1ee7 y\u1ebfu l\u00e0 do h\u1ec7 s\u1ed1 d\u1ebbo. Trong s\u1ed1 \u0111\u00f3, th\u00e2n chai l\u00e0 PET, n\u1eafp n\u00f3i chung l\u00e0 PE, nh\u00e3n nh\u1ef1a l\u00e0 PVC. V\u00ec v\u1eady, \u0111\u1ec3 \u0111\u1ea3m b\u1ea3o ch\u1ea5t l\u01b0\u1ee3ng v\u00e0 \u0111\u1ed9 tinh khi\u1ebft c\u1ee7a nh\u1ef1a t\u00e1i ch\u1ebf, ch\u00fang c\u0169ng c\u1ea7n \u0111\u01b0\u1ee3c t\u00e1i ch\u1ebf ri\u00eang trong qu\u00e1 tr\u00ecnh t\u00e1i ch\u1ebf.<\/p>","protected":false},"excerpt":{"rendered":"<p>This PET bottle label remover machine is suitable for plastic bottles such as PET mineral water bottles, cola bottles, oil bottles, etc. The PET bottle remover machine can quickly separate the labels on the plastic bottles from the bottle body. The use of the label removing machine can replace people to remove labels, solving the [&hellip;]<\/p>\n","protected":false},"author":1,"featured_media":446,"parent":0,"template":"","tags":[58,35],"product-type":[15,27],"class_list":["post-166","product","type-product","status-publish","has-post-thumbnail","hentry","tag-label","tag-pet","product-type-plastic-crushing-equipment","product-type-separation-technology"],"taxonomy_info":{"post_tag":[{"value":58,"label":"label"},{"value":35,"label":"PET"}],"product-type":[{"value":15,"label":"Plastic Crushing Equipment"},{"value":27,"label":"Separation Technology"}]},"featured_image_src_large":["https:\/\/plastic-machines.org\/wp-content\/uploads\/2022\/06\/PET-bottle-label-removing-machine1.webp",720,540,false],"author_info":{"display_name":"Ella","author_link":"https:\/\/plastic-machines.org\/vi\/author\/admin\/"},"comment_info":"","_links":{"self":[{"href":"https:\/\/plastic-machines.org\/vi\/wp-json\/wp\/v2\/product\/166","targetHints":{"allow":["GET"]}}],"collection":[{"href":"https:\/\/plastic-machines.org\/vi\/wp-json\/wp\/v2\/product"}],"about":[{"href":"https:\/\/plastic-machines.org\/vi\/wp-json\/wp\/v2\/types\/product"}],"author":[{"embeddable":true,"href":"https:\/\/plastic-machines.org\/vi\/wp-json\/wp\/v2\/users\/1"}],"wp:featuredmedia":[{"embeddable":true,"href":"https:\/\/plastic-machines.org\/vi\/wp-json\/wp\/v2\/media\/446"}],"wp:attachment":[{"href":"https:\/\/plastic-machines.org\/vi\/wp-json\/wp\/v2\/media?parent=166"}],"wp:term":[{"taxonomy":"post_tag","embeddable":true,"href":"https:\/\/plastic-machines.org\/vi\/wp-json\/wp\/v2\/tags?post=166"},{"taxonomy":"product-type","embeddable":true,"href":"https:\/\/plastic-machines.org\/vi\/wp-json\/wp\/v2\/product-type?post=166"}],"curies":[{"name":"wp","href":"https:\/\/api.w.org\/{rel}","templated":true}]}}