{"id":155,"date":"2022-07-04T03:45:03","date_gmt":"2022-07-04T03:45:03","guid":{"rendered":"https:\/\/plastic-machines.org\/?post_type=product&#038;p=155"},"modified":"2025-11-18T11:34:53","modified_gmt":"2025-11-18T03:34:53","slug":"plastic-bottle-crusher","status":"publish","type":"product","link":"https:\/\/plastic-machines.org\/vi\/product\/plastic-bottle-crusher\/","title":{"rendered":"M\u00e1y nghi\u1ec1n chai nh\u1ef1a cho nh\u00e0 m\u00e1y nghi\u1ec1n PET"},"content":{"rendered":"<div class=\"kk-star-ratings kksr-auto kksr-align-left kksr-valign-top\"     data-payload='{&quot;align&quot;:&quot;left&quot;,&quot;id&quot;:&quot;155&quot;,&quot;slug&quot;:&quot;default&quot;,&quot;valign&quot;:&quot;top&quot;,&quot;ignore&quot;:&quot;&quot;,&quot;reference&quot;:&quot;auto&quot;,&quot;class&quot;:&quot;&quot;,&quot;count&quot;:&quot;3&quot;,&quot;legendonly&quot;:&quot;&quot;,&quot;readonly&quot;:&quot;&quot;,&quot;score&quot;:&quot;5&quot;,&quot;starsonly&quot;:&quot;&quot;,&quot;best&quot;:&quot;5&quot;,&quot;gap&quot;:&quot;5&quot;,&quot;greet&quot;:&quot;Rate this product&quot;,&quot;legend&quot;:&quot;5\\\/5 - (3 b\u00ecnh ch\u1ecdn)&quot;,&quot;size&quot;:&quot;24&quot;,&quot;title&quot;:&quot;Plastic Bottle Crusher for PET Grinding Plant&quot;,&quot;width&quot;:&quot;142.5&quot;,&quot;_legend&quot;:&quot;{score}\\\/{best} - ({count} {votes})&quot;,&quot;font_factor&quot;:&quot;1.25&quot;}'>              <div class=\"kksr-stars\">      <div class=\"kksr-stars-inactive\">             <div class=\"kksr-star\" data-star=\"1\" style=\"padding-right: 5px\">               <div class=\"kksr-icon\" style=\"width: 24px; height: 24px;\"><\/div>         <\/div>             <div class=\"kksr-star\" data-star=\"2\" style=\"padding-right: 5px\">               <div class=\"kksr-icon\" style=\"width: 24px; height: 24px;\"><\/div>         <\/div>             <div class=\"kksr-star\" data-star=\"3\" style=\"padding-right: 5px\">               <div class=\"kksr-icon\" style=\"width: 24px; height: 24px;\"><\/div>         <\/div>             <div class=\"kksr-star\" data-star=\"4\" style=\"padding-right: 5px\">               <div class=\"kksr-icon\" style=\"width: 24px; height: 24px;\"><\/div>         <\/div>             <div class=\"kksr-star\" data-star=\"5\" style=\"padding-right: 5px\">               <div class=\"kksr-icon\" style=\"width: 24px; height: 24px;\"><\/div>         <\/div>     <\/div>      <div class=\"kksr-stars-active\" style=\"width: 142.5px;\">             <div class=\"kksr-star\" style=\"padding-right: 5px\">               <div class=\"kksr-icon\" style=\"width: 24px; height: 24px;\"><\/div>         <\/div>             <div class=\"kksr-star\" style=\"padding-right: 5px\">               <div class=\"kksr-icon\" style=\"width: 24px; height: 24px;\"><\/div>         <\/div>             <div class=\"kksr-star\" style=\"padding-right: 5px\">               <div class=\"kksr-icon\" style=\"width: 24px; height: 24px;\"><\/div>         <\/div>             <div class=\"kksr-star\" style=\"padding-right: 5px\">               <div class=\"kksr-icon\" style=\"width: 24px; height: 24px;\"><\/div>         <\/div>             <div class=\"kksr-star\" style=\"padding-right: 5px\">               <div class=\"kksr-icon\" style=\"width: 24px; height: 24px;\"><\/div>         <\/div>     <\/div> <\/div>                   <div class=\"kksr-legend\" style=\"font-size: 19.2px;\">             5\/5 - (3 votes)    <\/div>     <\/div>  <p>M\u00e1y nghi\u1ec1n chai nh\u1ef1a Shuliy ch\u1ee7 y\u1ebfu \u0111\u01b0\u1ee3c s\u1eed d\u1ee5ng \u0111\u1ec3 nghi\u1ec1n c\u00e1c lo\u1ea1i ph\u1ebf li\u1ec7u nh\u1ef1a chuy\u00ean nghi\u1ec7p nh\u01b0 chai n\u01b0\u1edbc th\u1ea3i, chai s\u1eefa v\u00e0 lon d\u1ea7u.  Ch\u00fang t\u00f4i c\u00f2n g\u1ecdi n\u00f3 l\u00e0 m\u00e1y xay chai nh\u1ef1a. \u0110\u1eb7c \u0111i\u1ec3m ch\u00ednh c\u1ee7a m\u00e1y nghi\u1ec1n chai n\u00e0y l\u00e0 n\u00f3 c\u00f3 c\u1ea3i ti\u1ebfn m\u1edbi v\u1ec1 c\u1ea5u tr\u00fac x\u1ea3, gi\u00fap c\u00f3 th\u1ec3 nghi\u1ec1n m\u1ea3nh chai PET m\u1ed9t c\u00e1ch hi\u1ec7u qu\u1ea3. \u0110\u00e2y l\u00e0 m\u1ed9t trong nh\u1eefng m\u00e1y quan tr\u1ecdng c\u1ee7a d\u00e2y chuy\u1ec1n t\u00e1i ch\u1ebf PET ho\u00e0n ch\u1ec9nh.<\/p>    <h2 class=\"wp-block-heading\" id=\"h-introduction-of-plastic-bottle-crusher\">Gi\u1edbi thi\u1ec7u m\u00e1y nghi\u1ec1n chai nh\u1ef1a <\/h2>    <p class=\"translation-block\">Hi\u1ec7n nay, khi \u00f4 nhi\u1ec5m tr\u1eafng tr\u1edf n\u00ean nghi\u00eam tr\u1ecdng, ng\u00e0y c\u00e0ng nhi\u1ec1u qu\u1ed1c gia b\u1eaft \u0111\u1ea7u khuy\u1ebfn kh\u00edch vi\u1ec7c t\u00e1i ch\u1ebf v\u00e0 t\u00e1i s\u1eed d\u1ee5ng t\u00e0i nguy\u00ean nh\u1ef1a th\u1ea3i. Trong <a href=\"https:\/\/en.wikipedia.org\/wiki\/PET_bottle_recycling\" target=\"_blank\" rel=\"noopener\">t\u00e1i ch\u1ebf chai nh\u1ef1a PET<\/a>, m\u00e1y nghi\u1ec1n chai nh\u1ef1a l\u00e0 m\u1ed9t thi\u1ebft b\u1ecb r\u1ea5t quan tr\u1ecdng. M\u00e1y nghi\u1ec1n nh\u1ef1a c\u00f3 th\u1ec3 nghi\u1ec1n n\u00e1t hi\u1ec7u qu\u1ea3 c\u00e1c chai nh\u1ef1a th\u1ea3i v\u00e0 nghi\u1ec1n ch\u00fang th\u00e0nh c\u00e1c m\u1ea3nh PET c\u00f3 k\u00edch th\u01b0\u1edbc \u0111\u1ed3ng \u0111\u1ec1u.<\/p>   <div class=\"wp-block-image\"> <figure class=\"aligncenter size-full\"><img loading=\"lazy\" decoding=\"async\" width=\"720\" height=\"540\" src=\"https:\/\/plastic-machines.org\/wp-content\/uploads\/2022\/07\/plastic-shredder.webp\" alt=\"m\u00e1y h\u1ee7y chai nh\u1ef1a\" class=\"wp-image-158\" srcset=\"https:\/\/plastic-machines.org\/wp-content\/uploads\/2022\/07\/plastic-shredder.webp 720w, https:\/\/plastic-machines.org\/wp-content\/uploads\/2022\/07\/plastic-shredder-300x225.webp 300w\" sizes=\"auto, (max-width: 720px) 100vw, 720px\" \/><figcaption class=\"wp-element-caption\">m\u00e1y h\u1ee7y chai nh\u1ef1a<\/figcaption><\/figure> <\/div>  <div class=\"wp-block-image\"> <figure class=\"aligncenter size-full\"><img loading=\"lazy\" decoding=\"async\" width=\"720\" height=\"540\" src=\"https:\/\/plastic-machines.org\/wp-content\/uploads\/2022\/07\/plastic-bottle-shredder.webp\" alt=\"M\u00e1y m\u00e0i chai PET\" class=\"wp-image-160\" srcset=\"https:\/\/plastic-machines.org\/wp-content\/uploads\/2022\/07\/plastic-bottle-shredder.webp 720w, https:\/\/plastic-machines.org\/wp-content\/uploads\/2022\/07\/plastic-bottle-shredder-300x225.webp 300w\" sizes=\"auto, (max-width: 720px) 100vw, 720px\" \/><figcaption class=\"wp-element-caption\">m\u00e1y nghi\u1ec1n chai nh\u1ef1a trong nh\u00e0 m\u00e1y<\/figcaption><\/figure> <\/div>   <h2 class=\"wp-block-heading\">Nguy\u00ean li\u1ec7u th\u00f4 v\u00e0 s\u1ea3n ph\u1ea9m cu\u1ed1i c\u00f9ng c\u1ee7a m\u00e1y nghi\u1ec1n PET<\/h2>    <p>M\u00e1y nghi\u1ec1n chai nh\u1ef1a d\u00f9ng \u0111\u1ec3 nghi\u1ec1n chai PET, bao g\u1ed3m chai n\u01b0\u1edbc kho\u00e1ng, chai n\u01b0\u1edbc gi\u1ea3i kh\u00e1t, chai d\u1ea7u, v.v. Chai nh\u1ef1a d\u1eb9t v\u00e0 g\u1ea1ch chai \u0111\u00f3ng g\u00f3i c\u0169ng c\u00f3 s\u1eb5n. C\u00e1c l\u01b0\u1ee1i dao \u0111\u1eb7c bi\u1ec7t c\u1ee7a m\u00e1y nghi\u1ec1n \u0111\u01b0\u1ee3c thi\u1ebft k\u1ebf ch\u1ed1ng t\u0129nh \u0111i\u1ec7n t\u1ea1o ra do ma s\u00e1t c\u1ee7a m\u1ea3nh PET. C\u00e1c m\u1ea3nh cu\u1ed1i c\u00f9ng \u0111\u1ec1u v\u00e0 s\u1eb5n s\u00e0ng \u0111\u1ec3 \u0111\u01b0\u1ee3c x\u1eed l\u00fd.<\/p>   <div class=\"wp-block-image\"> <figure class=\"aligncenter size-full\"><img loading=\"lazy\" decoding=\"async\" width=\"720\" height=\"540\" src=\"https:\/\/plastic-machines.org\/wp-content\/uploads\/2022\/07\/PET-materials-1.webp\" alt=\"nguy\u00ean li\u1ec7u m\u00e1y h\u1ee7y chai nh\u1ef1a\" class=\"wp-image-549\" srcset=\"https:\/\/plastic-machines.org\/wp-content\/uploads\/2022\/07\/PET-materials-1.webp 720w, https:\/\/plastic-machines.org\/wp-content\/uploads\/2022\/07\/PET-materials-1-300x225.webp 300w\" sizes=\"auto, (max-width: 720px) 100vw, 720px\" \/><\/figure> <\/div>   <h2 class=\"wp-block-heading\">Nguy\u00ean l\u00fd ho\u1ea1t \u0111\u1ed9ng c\u1ee7a m\u00e1y h\u1ee7y chai nh\u1ef1a<\/h2>    <p>Nguy\u00ean l\u00fd ho\u1ea1t \u0111\u1ed9ng c\u1ee7a m\u00e1y nghi\u1ec1n chai PET c\u1ee7a ch\u00fang t\u00f4i r\u1ea5t d\u1ec5 hi\u1ec3u. Khoang nghi\u1ec1n b\u00ean trong dao c\u1ed1 \u0111\u1ecbnh v\u00e0 dao chuy\u1ec3n \u0111\u1ed9ng, d\u1ef1a v\u00e0o s\u1ef1 thay \u0111\u1ed5i v\u1ebft c\u1eaft gi\u1eefa hai l\u01b0\u1ee1i dao \u0111\u1ec3 t\u1ea1o th\u00e0nh g\u00f3c c\u1eaft tr\u00ean chai nh\u1ef1a, khi \u0111\u00f3 chai nh\u1ef1a s\u1ebd b\u1ecb l\u01b0\u1ee1i dao nghi\u1ec1n n\u00e1t.<\/p>   <div class=\"wp-block-image\"> <figure class=\"aligncenter size-full\"><img loading=\"lazy\" decoding=\"async\" width=\"720\" height=\"540\" src=\"https:\/\/plastic-machines.org\/wp-content\/uploads\/2022\/07\/blades-of-PET-crusher.webp\" alt=\"l\u01b0\u1ee1i c\u1ee7a m\u00e1y nghi\u1ec1n chai PET\" class=\"wp-image-161\" srcset=\"https:\/\/plastic-machines.org\/wp-content\/uploads\/2022\/07\/blades-of-PET-crusher.webp 720w, https:\/\/plastic-machines.org\/wp-content\/uploads\/2022\/07\/blades-of-PET-crusher-300x225.webp 300w\" sizes=\"auto, (max-width: 720px) 100vw, 720px\" \/><figcaption class=\"wp-element-caption\">l\u01b0\u1ee1i c\u1ee7a m\u00e1y nghi\u1ec1n PET<\/figcaption><\/figure> <\/div>  <div class=\"wp-block-image\"> <figure class=\"aligncenter size-full\"><img loading=\"lazy\" decoding=\"async\" width=\"720\" height=\"540\" src=\"https:\/\/plastic-machines.org\/wp-content\/uploads\/2022\/07\/inside-structure.webp\" alt=\"tr\u1ee5c c\u00e1nh (c\u1ea5u tr\u00fac b\u00ean trong) c\u1ee7a m\u00e1y nghi\u1ec1n chai PET\" class=\"wp-image-162\" srcset=\"https:\/\/plastic-machines.org\/wp-content\/uploads\/2022\/07\/inside-structure.webp 720w, https:\/\/plastic-machines.org\/wp-content\/uploads\/2022\/07\/inside-structure-300x225.webp 300w\" sizes=\"auto, (max-width: 720px) 100vw, 720px\" \/><figcaption class=\"wp-element-caption\">tr\u1ee5c l\u01b0\u1ee1i m\u00e1y xay chai nh\u1ef1a (c\u1ea5u tr\u00fac b\u00ean trong)<\/figcaption><\/figure> <\/div>   <h2 class=\"wp-block-heading\">Th\u00f4ng s\u1ed1 m\u00e1y nghi\u1ec1n chai PET <\/h2>    <figure class=\"wp-block-table\"><table><tbody><tr><td>Ng\u01b0\u1eddi m\u1eabu<\/td><td>SL-60<\/td><td>SL-80<\/td><td>SL-100<\/td><td>SL-120<\/td><\/tr><tr><td>C\u00f4ng su\u1ea5t (kg\/h)<\/td><td>500<\/td><td>1000<\/td><td>1500<\/td><td>3000<\/td><\/tr><tr><td>\u0110\u1ed9ng c\u01a1 (kw)<\/td><td>22<\/td><td>37<\/td><td>75<\/td><td>90<\/td><\/tr><tr><td>Chi\u1ec1u cao (m)<\/td><td>1.8<\/td><td>2.6<\/td><td>2.6<\/td><td>2.6<\/td><\/tr><tr><td>\u0110\u1ed9 d\u00e0y c\u1ee7a dao \uff08mm)<\/td><td>30<\/td><td>40<\/td><td>40<\/td><td>40<\/td><\/tr><tr><td>\u0110\u1ed9 d\u00e0y t\u1ea5m \uff08mm)<\/td><td>16<\/td><td>20<\/td><td>30<\/td><td>30<\/td><\/tr><\/tbody><\/table><\/figure>    <p>Ngo\u00e0i ra, ph\u1ea1m vi k\u00edch th\u01b0\u1edbc m\u1eaft l\u01b0\u1edbi c\u1ee7a m\u00e1y h\u1ee7y nh\u1ef1a l\u00e0 14-18mm; m\u1ed7i m\u00e1y h\u1ee7y s\u1ebd c\u00f3 m\u1ed9t thang c\u1ea5p li\u1ec7u c\u00f3 c\u00f4ng su\u1ea5t 1,5kw. \u0110\u1ed9 d\u00e0y bu\u1ed3ng nghi\u1ec1n c\u1ee7a m\u00e1y h\u1ee7y chai nh\u1ef1a tr\u1edf n\u00ean d\u00e0y h\u01a1n khi ki\u1ec3u d\u00e1ng c\u1ee7a m\u00e1y tr\u1edf n\u00ean l\u1edbn h\u01a1n.<\/p>    <h2 class=\"wp-block-heading\">\u01afu \u0111i\u1ec3m c\u1ee7a m\u00e1y nghi\u1ec1n chai PET<\/h2>    <ol class=\"wp-block-list\"> <li>M\u00e1y nghi\u1ec1n chai nh\u1ef1a c\u1ee7a Shuliy c\u00f3 b\u1ed9 x\u1ea3 xo\u1eafn \u1ed1c \u1edf d\u01b0\u1edbi \u0111\u00e1y m\u00e1y, c\u00f3 th\u1ec3 t\u1ef1 \u0111\u1ed9ng \u0111\u1ea9y c\u00e1c m\u1ea3nh chai nh\u1ef1a \u0111\u00e3 nghi\u1ec1n ra ngo\u00e0i qua b\u0103ng t\u1ea3i xo\u1eafn \u1ed1c, nhanh ch\u00f3ng h\u00ecnh th\u00e0nh d\u00e2y chuy\u1ec1n gi\u1eb7t s\u1ea5y v\u1edbi thi\u1ebft b\u1ecb x\u1ea3 d\u01b0\u1edbi t\u00e1c \u0111\u1ed9ng c\u1ee7a t\u1ea5m n\u00e2ng .<\/li>    <li>M\u00e1y xay chai nh\u1ef1a \u0111\u00e3 t\u0103ng c\u01b0\u1eddng thi\u1ebft b\u1ecb n\u1ea1p c\u01b0\u1ee1ng b\u1ee9c, c\u00f3 th\u1ec3 \u0111i v\u00e0o khoang chai nh\u1ef1a \u0111\u1ec3 nghi\u1ec1n c\u01b0\u1ee1ng b\u1ee9c m\u1ed9t c\u00e1ch hi\u1ec7u qu\u1ea3. Thi\u1ebft b\u1ecb c\u1ea5p li\u1ec7u c\u01b0\u1ee1ng b\u1ee9c c\u00f3 th\u1ec3 ng\u0103n ch\u1eb7n v\u1eadt li\u1ec7u tho\u00e1t ra ngo\u00e0i m\u1ed9t c\u00e1ch hi\u1ec7u qu\u1ea3 \u0111\u1ed3ng th\u1eddi n\u00e2ng cao hi\u1ec7u qu\u1ea3 nghi\u1ec1n.<\/li>    <li>Thi\u1ebft k\u1ebf l\u01b0\u1ee1i m\u00e1y m\u00e0i chai nh\u1ef1a Shuliy \u0111\u1ed9c \u0111\u00e1o, c\u00f3 th\u1ec3 tr\u00e1nh hi\u1ec7u qu\u1ea3 l\u1ef1c c\u1eaft chai nh\u1ef1a do c\u00f4ng su\u1ea5t qu\u00e1 l\u1edbn v\u00e0 hi\u1ec7n t\u01b0\u1ee3ng k\u1eb9t tr\u1ee5c ch\u00ednh, gi\u1ea3m hi\u1ec7n t\u01b0\u1ee3ng k\u1eb9t gi\u1ea5y. M\u00e1y nghi\u1ec1n chai PET v\u1edbi c\u00e1c l\u01b0\u1ee1i dao \u0111\u00f3 s\u1ebd \u0111\u1ea3m b\u1ea3o ho\u1ea1t \u0111\u1ed9ng l\u00e2u d\u00e0i v\u00e0 \u1ed5n \u0111\u1ecbnh.<\/li> <\/ol>    <h2 class=\"wp-block-heading\">Video m\u00e1y xay chai PET<\/h2>    <figure class=\"wp-block-embed is-type-video is-provider-youtube wp-block-embed-youtube wp-embed-aspect-16-9 wp-has-aspect-ratio\"><div class=\"wp-block-embed__wrapper\"> <iframe loading=\"lazy\" title=\"M\u00e1y nghi\u1ec1n chai nh\u1ef1a | M\u00e1y nghi\u1ec1n nh\u1ef1a PET\" width=\"500\" height=\"281\" src=\"https:\/\/www.youtube.com\/embed\/aMnGnzOSAkI?feature=oembed\" frameborder=\"0\" allow=\"accelerometer; autoplay; clipboard-write; encrypted-media; gyroscope; picture-in-picture; web-share\" referrerpolicy=\"strict-origin-when-cross-origin\" allowfullscreen><\/iframe> <\/div><\/figure>    <h2 class=\"wp-block-heading\">\u0110\u1ec1 xu\u1ea5t d\u00e2y chuy\u1ec1n t\u00e1i ch\u1ebf chai PET cho b\u1ea1n<\/h2>    <p class=\"translation-block\">M\u00e1y m\u00f3c cung c\u1ea5p m\u1ed9t d\u00f2ng r\u1eeda t\u00e1i ch\u1ebf to\u00e0n di\u1ec7n cho chai PET ph\u1ebf li\u1ec7u \u0111\u01b0\u1ee3c <a href=\"https:\/\/plastic-machines.org\/vi\/product\/pet-bottle-recycling-line\/\">r\u1eeda t\u00e1i ch\u1ebf chai PET<\/a>. Thi\u1ebft b\u1ecb c\u1ed1t l\u00f5i bao g\u1ed3m m\u1ed9t m\u00e1y nghi\u1ec1n chai nh\u1ef1a, b\u00ecnh r\u1eeda, m\u00e1y r\u1eeda tr\u01b0\u1ee3t PET v\u00e0 b\u00ecnh r\u1eeda n\u01b0\u1edbc n\u00f3ng. Ch\u00fang t\u00f4i c\u0169ng h\u1ed7 tr\u1ee3 ph\u00e1t tri\u1ec3n m\u00e1y t\u00f9y ch\u1ec9nh theo y\u00eau c\u1ea7u c\u1ee7a kh\u00e1ch h\u00e0ng. H\u00e3y tham kh\u1ea3o ch\u00fang t\u00f4i ho\u1eb7c \u0111\u1ec3 l\u1ea1i tin nh\u1eafn tr\u00ean trang web c\u1ee7a ch\u00fang t\u00f4i ngay b\u00e2y gi\u1edd.<\/p>   <div class=\"wp-block-image\"> <figure class=\"aligncenter size-full\"><img loading=\"lazy\" decoding=\"async\" width=\"720\" height=\"540\" src=\"https:\/\/plastic-machines.org\/wp-content\/uploads\/2022\/07\/PET-washing-line1.webp\" alt=\"M\u00e1y t\u00e1i ch\u1ebf chai PET\" class=\"wp-image-301\" srcset=\"https:\/\/plastic-machines.org\/wp-content\/uploads\/2022\/07\/PET-washing-line1.webp 720w, https:\/\/plastic-machines.org\/wp-content\/uploads\/2022\/07\/PET-washing-line1-300x225.webp 300w\" sizes=\"auto, (max-width: 720px) 100vw, 720px\" \/><figcaption class=\"wp-element-caption\">D\u00e2y chuy\u1ec1n t\u00e1i ch\u1ebf r\u1eeda PET<\/figcaption><\/figure> <\/div>","protected":false},"excerpt":{"rendered":"<p>Shuliy plastic bottle crusher is mainly used for the professional crushing of plastic scraps such as waste water bottles, milk bottles and oil cans. We also call it a plastic bottle grinder. The main feature of this bottle grinder is that it has a new improvement in the discharge structure, which can effectively achieve the [&hellip;]<\/p>\n","protected":false},"author":1,"featured_media":449,"parent":0,"template":"","tags":[39,35],"product-type":[15],"class_list":["post-155","product","type-product","status-publish","has-post-thumbnail","hentry","tag-flake","tag-pet","product-type-plastic-crushing-equipment"],"taxonomy_info":{"post_tag":[{"value":39,"label":"flake"},{"value":35,"label":"PET"}],"product-type":[{"value":15,"label":"Plastic Crushing Equipment"}]},"featured_image_src_large":["https:\/\/plastic-machines.org\/wp-content\/uploads\/2022\/06\/PET-plastic-crusher1.webp",720,540,false],"author_info":{"display_name":"Ella","author_link":"https:\/\/plastic-machines.org\/vi\/author\/admin\/"},"comment_info":"","_links":{"self":[{"href":"https:\/\/plastic-machines.org\/vi\/wp-json\/wp\/v2\/product\/155","targetHints":{"allow":["GET"]}}],"collection":[{"href":"https:\/\/plastic-machines.org\/vi\/wp-json\/wp\/v2\/product"}],"about":[{"href":"https:\/\/plastic-machines.org\/vi\/wp-json\/wp\/v2\/types\/product"}],"author":[{"embeddable":true,"href":"https:\/\/plastic-machines.org\/vi\/wp-json\/wp\/v2\/users\/1"}],"wp:featuredmedia":[{"embeddable":true,"href":"https:\/\/plastic-machines.org\/vi\/wp-json\/wp\/v2\/media\/449"}],"wp:attachment":[{"href":"https:\/\/plastic-machines.org\/vi\/wp-json\/wp\/v2\/media?parent=155"}],"wp:term":[{"taxonomy":"post_tag","embeddable":true,"href":"https:\/\/plastic-machines.org\/vi\/wp-json\/wp\/v2\/tags?post=155"},{"taxonomy":"product-type","embeddable":true,"href":"https:\/\/plastic-machines.org\/vi\/wp-json\/wp\/v2\/product-type?post=155"}],"curies":[{"name":"wp","href":"https:\/\/api.w.org\/{rel}","templated":true}]}}