{"id":1165,"date":"2023-12-14T18:02:41","date_gmt":"2023-12-14T10:02:41","guid":{"rendered":"https:\/\/plastic-machines.org\/?post_type=product&#038;p=1165"},"modified":"2025-11-14T16:01:20","modified_gmt":"2025-11-14T08:01:20","slug":"plastic-pellet-storage-silo","status":"publish","type":"product","link":"https:\/\/plastic-machines.org\/vi\/product\/plastic-pellet-storage-silo\/","title":{"rendered":"Silo l\u01b0u tr\u1eef vi\u00ean nh\u1ef1a"},"content":{"rendered":"<div class=\"kk-star-ratings kksr-auto kksr-align-left kksr-valign-top\"     data-payload='{&quot;align&quot;:&quot;left&quot;,&quot;id&quot;:&quot;1165&quot;,&quot;slug&quot;:&quot;default&quot;,&quot;valign&quot;:&quot;top&quot;,&quot;ignore&quot;:&quot;&quot;,&quot;reference&quot;:&quot;auto&quot;,&quot;class&quot;:&quot;&quot;,&quot;count&quot;:&quot;1&quot;,&quot;legendonly&quot;:&quot;&quot;,&quot;readonly&quot;:&quot;&quot;,&quot;score&quot;:&quot;5&quot;,&quot;starsonly&quot;:&quot;&quot;,&quot;best&quot;:&quot;5&quot;,&quot;gap&quot;:&quot;5&quot;,&quot;greet&quot;:&quot;Rate this product&quot;,&quot;legend&quot;:&quot;5\\\/5 - (1 b\u00ecnh ch\u1ecdn)&quot;,&quot;size&quot;:&quot;24&quot;,&quot;title&quot;:&quot;Plastic Pellet Storage Silo&quot;,&quot;width&quot;:&quot;142.5&quot;,&quot;_legend&quot;:&quot;{score}\\\/{best} - ({count} {votes})&quot;,&quot;font_factor&quot;:&quot;1.25&quot;}'>              <div class=\"kksr-stars\">      <div class=\"kksr-stars-inactive\">             <div class=\"kksr-star\" data-star=\"1\" style=\"padding-right: 5px\">               <div class=\"kksr-icon\" style=\"width: 24px; height: 24px;\"><\/div>         <\/div>             <div class=\"kksr-star\" data-star=\"2\" style=\"padding-right: 5px\">               <div class=\"kksr-icon\" style=\"width: 24px; height: 24px;\"><\/div>         <\/div>             <div class=\"kksr-star\" data-star=\"3\" style=\"padding-right: 5px\">               <div class=\"kksr-icon\" style=\"width: 24px; height: 24px;\"><\/div>         <\/div>             <div class=\"kksr-star\" data-star=\"4\" style=\"padding-right: 5px\">               <div class=\"kksr-icon\" style=\"width: 24px; height: 24px;\"><\/div>         <\/div>             <div class=\"kksr-star\" data-star=\"5\" style=\"padding-right: 5px\">               <div class=\"kksr-icon\" style=\"width: 24px; height: 24px;\"><\/div>         <\/div>     <\/div>      <div class=\"kksr-stars-active\" style=\"width: 142.5px;\">             <div class=\"kksr-star\" style=\"padding-right: 5px\">               <div class=\"kksr-icon\" style=\"width: 24px; height: 24px;\"><\/div>         <\/div>             <div class=\"kksr-star\" style=\"padding-right: 5px\">               <div class=\"kksr-icon\" style=\"width: 24px; height: 24px;\"><\/div>         <\/div>             <div class=\"kksr-star\" style=\"padding-right: 5px\">               <div class=\"kksr-icon\" style=\"width: 24px; height: 24px;\"><\/div>         <\/div>             <div class=\"kksr-star\" style=\"padding-right: 5px\">               <div class=\"kksr-icon\" style=\"width: 24px; height: 24px;\"><\/div>         <\/div>             <div class=\"kksr-star\" style=\"padding-right: 5px\">               <div class=\"kksr-icon\" style=\"width: 24px; height: 24px;\"><\/div>         <\/div>     <\/div> <\/div>                   <div class=\"kksr-legend\" style=\"font-size: 19.2px;\">             5\/5 - (1 b\u00ecnh ch\u1ecdn)    <\/div>     <\/div>  <p class=\"translation-block\">Silo ch\u1ee9a h\u1ea1t nh\u1ef1a trong nh\u00e0 m\u00e1y t\u00e1i ch\u1ebf nh\u1ef1a l\u00e0 m\u1ed9t b\u1ed9 ph\u1eadn quan tr\u1ecdng c\u00f3 ch\u1ee9c n\u0103ng ch\u00ednh l\u00e0 l\u01b0u tr\u1eef v\u00e0 qu\u1ea3n l\u00fd c\u00e1c h\u1ea1t nh\u1ef1a t\u00e1i ch\u1ebf \u0111\u01b0\u1ee3c s\u1ea3n xu\u1ea5t t\u1eeb m\u00e1y t\u1ea1o h\u1ea1t nh\u1ef1a. Nhi\u1ec1u kh\u00e1ch h\u00e0ng c\u1ee7a ch\u00fang t\u00f4i \u0111\u01b0\u1ee3c trang b\u1ecb silo khi mua <strong><a href=\"https:\/\/plastic-machines.org\/vi\/product\/plastic-granulating-line\/\" data-type=\"link\" data-id=\"https:\/\/plastic-machines.org\/product\/plastic-granulating-line\/\">d\u00e2y chuy\u1ec1n s\u1ea3n xu\u1ea5t h\u1ea1t nh\u1ef1a<\/a><\/strong>.<\/p>    <figure class=\"wp-block-gallery has-nested-images columns-default is-cropped wp-block-gallery-2 is-layout-flex wp-block-gallery-is-layout-flex\"> <figure class=\"wp-block-image size-large\"><img loading=\"lazy\" decoding=\"async\" width=\"540\" height=\"720\" data-id=\"1320\" src=\"https:\/\/plastic-machines.org\/wp-content\/uploads\/2023\/12\/plastic-granule-silo-2.webp\" alt=\"Silo l\u01b0u tr\u1eef vi\u00ean nh\u1ef1a\" class=\"wp-image-1320\" srcset=\"https:\/\/plastic-machines.org\/wp-content\/uploads\/2023\/12\/plastic-granule-silo-2.webp 540w, https:\/\/plastic-machines.org\/wp-content\/uploads\/2023\/12\/plastic-granule-silo-2-225x300.webp 225w, https:\/\/plastic-machines.org\/wp-content\/uploads\/2023\/12\/plastic-granule-silo-2-9x12.webp 9w\" sizes=\"auto, (max-width: 540px) 100vw, 540px\" \/><\/figure>    <figure class=\"wp-block-image size-large\"><img loading=\"lazy\" decoding=\"async\" width=\"540\" height=\"720\" data-id=\"1323\" src=\"https:\/\/plastic-machines.org\/wp-content\/uploads\/2023\/12\/plastic-stock-bin.webp\" alt=\"Silo l\u01b0u tr\u1eef vi\u00ean nh\u1ef1a\" class=\"wp-image-1323\" srcset=\"https:\/\/plastic-machines.org\/wp-content\/uploads\/2023\/12\/plastic-stock-bin.webp 540w, https:\/\/plastic-machines.org\/wp-content\/uploads\/2023\/12\/plastic-stock-bin-225x300.webp 225w, https:\/\/plastic-machines.org\/wp-content\/uploads\/2023\/12\/plastic-stock-bin-9x12.webp 9w\" sizes=\"auto, (max-width: 540px) 100vw, 540px\" \/><\/figure>    <figure class=\"wp-block-image size-large\"><img loading=\"lazy\" decoding=\"async\" width=\"540\" height=\"720\" data-id=\"1322\" src=\"https:\/\/plastic-machines.org\/wp-content\/uploads\/2023\/12\/plastic-granule-silo.webp\" alt=\"Th\u00f9ng l\u01b0u tr\u1eef b\u1eb1ng nh\u1ef1a\" class=\"wp-image-1322\" srcset=\"https:\/\/plastic-machines.org\/wp-content\/uploads\/2023\/12\/plastic-granule-silo.webp 540w, https:\/\/plastic-machines.org\/wp-content\/uploads\/2023\/12\/plastic-granule-silo-225x300.webp 225w, https:\/\/plastic-machines.org\/wp-content\/uploads\/2023\/12\/plastic-granule-silo-9x12.webp 9w\" sizes=\"auto, (max-width: 540px) 100vw, 540px\" \/><\/figure> <\/figure>    <h2 class=\"wp-block-heading\">Video silo ch\u1ee9a h\u1ea1t nh\u1ef1a<\/h2>    <figure class=\"wp-block-embed is-type-video is-provider-youtube wp-block-embed-youtube wp-embed-aspect-16-9 wp-has-aspect-ratio\"><div class=\"wp-block-embed__wrapper\"> <iframe loading=\"lazy\" title=\"C\u00e1c silo ch\u1ee9a h\u1ea1t nh\u1ef1a c\u00f3 th\u1ec3 t\u00f9y ch\u1ec9nh trong nh\u00e0 m\u00e1y t\u00e1i ch\u1ebf nh\u1ef1a\" width=\"500\" height=\"281\" src=\"https:\/\/www.youtube.com\/embed\/mWDMYbnqnXE?start=1&#038;feature=oembed\" frameborder=\"0\" allow=\"accelerometer; autoplay; clipboard-write; encrypted-media; gyroscope; picture-in-picture; web-share\" referrerpolicy=\"strict-origin-when-cross-origin\" allowfullscreen><\/iframe> <\/div><\/figure>    <h2 class=\"wp-block-heading\">\u01afu \u0111i\u1ec3m c\u1ee7a th\u00f9ng ch\u1ee9a h\u1ea1t nh\u1ef1a Shuliy<\/h2>    <p class=\"translation-block\">L\u01b0u tr\u1eef h\u1ea1t t\u00e1i ch\u1ebf: Silo \u0111\u00f3ng vai tr\u00f2 l\u00e0 c\u01a1 s\u1edf l\u01b0u tr\u1eef \u0111\u1ec3 t\u1ea1m th\u1eddi ch\u1ee9a c\u00e1c h\u1ea1t t\u00e1i ch\u1ebf \u0111\u01b0\u1ee3c s\u1ea3n xu\u1ea5t t\u1eeb <a href=\"https:\/\/plastic-machines.org\/vi\/product\/plastic-extruder-machine\/\">m\u00e1y t\u1ea1o h\u1ea1t nh\u1ef1a<\/a>. \u0110i\u1ec1u n\u00e0y gi\u00fap \u0111i\u1ec1u ch\u1ec9nh s\u1ea3n xu\u1ea5t v\u00e0 d\u1ef1 tr\u1eef \u0111\u1ee7 h\u1ea1t \u0111\u1ec3 \u0111\u1ed1i ph\u00f3 v\u1edbi nh\u1eefng thay \u0111\u1ed5i trong y\u00eau c\u1ea7u s\u1ea3n xu\u1ea5t.<\/p>    <p>B\u1ea3o v\u1ec7 kh\u1ecfi \u0111\u1ed9 \u1ea9m v\u00e0 b\u1ee5i: C\u00e1c silo l\u01b0u tr\u1eef vi\u00ean nh\u1ef1a th\u01b0\u1eddng \u0111\u01b0\u1ee3c thi\u1ebft k\u1ebf c\u00f3 t\u00ednh n\u0103ng ch\u1ed1ng \u1ea9m v\u00e0 b\u1ee5i \u0111\u1ec3 b\u1ea3o v\u1ec7 c\u00e1c vi\u00ean \u0111\u01b0\u1ee3c l\u01b0u tr\u1eef kh\u1ecfi \u0111\u1ed9 \u1ea9m v\u00e0 ch\u1ea5t g\u00e2y \u00f4 nhi\u1ec5m c\u0169ng nh\u01b0 duy tr\u00ec ch\u1ea5t l\u01b0\u1ee3ng c\u1ee7a vi\u00ean.<\/p>    <p>C\u1ea3i thi\u1ec7n t\u00ednh li\u00ean t\u1ee5c trong s\u1ea3n xu\u1ea5t: B\u1eb1ng c\u00e1ch h\u1ee3p l\u00fd h\u00f3a c\u00e1c vi\u00ean trong silo l\u01b0u tr\u1eef vi\u00ean nh\u1ef1a, d\u00e2y chuy\u1ec1n s\u1ea3n xu\u1ea5t c\u00f3 th\u1ec3 ch\u1ea1y li\u00ean t\u1ee5c h\u01a1n, gi\u1ea3m th\u1eddi gian ng\u1eebng ho\u1ea1t \u0111\u1ed9ng v\u00e0 th\u1eddi gian chuy\u1ec3n \u0111\u1ed5i, do \u0111\u00f3 c\u1ea3i thi\u1ec7n t\u00ednh li\u00ean t\u1ee5c v\u00e0 hi\u1ec7u qu\u1ea3 s\u1ea3n xu\u1ea5t t\u1ed5ng th\u1ec3.<\/p>    <h2 class=\"wp-block-heading\">Th\u00f4ng s\u1ed1 t\u00f9y ch\u1ec9nh c\u1ee7a silo vi\u00ean n\u00e9n Shuliy<\/h2>    <p>T\u1ea1i Shuliy Machinery, k\u00edch th\u01b0\u1edbc c\u1ee7a silo nh\u1ef1a c\u00f3 th\u1ec3 \u0111\u01b0\u1ee3c t\u00f9y ch\u1ec9nh \u0111\u1ec3 \u0111\u00e1p \u1ee9ng c\u00e1c nhu c\u1ea7u c\u1ee5 th\u1ec3, bao g\u1ed3m c\u00e1c th\u00f4ng s\u1ed1 nh\u01b0 \u0111\u01b0\u1eddng k\u00ednh, chi\u1ec1u cao v\u00e0 c\u00f4ng su\u1ea5t. Vi\u1ec7c t\u00f9y ch\u1ec9nh n\u00e0y cho ph\u00e9p c\u00e1c silo th\u00edch \u1ee9ng t\u1ed1t h\u01a1n v\u1edbi c\u00e1c nh\u00e0 m\u00e1y t\u00e1i ch\u1ebf nh\u1ef1a c\u00f3 quy m\u00f4 v\u00e0 nhu c\u1ea7u s\u1ea3n xu\u1ea5t kh\u00e1c nhau.<\/p>    <p>\u0110\u1ea7u ti\u00ean, \u0111\u01b0\u1eddng k\u00ednh v\u00e0 chi\u1ec1u cao c\u1ee7a silo c\u00f3 th\u1ec3 \u0111\u01b0\u1ee3c \u0111i\u1ec1u ch\u1ec9nh theo c\u00e1c h\u1ea1n ch\u1ebf v\u1ec1 kh\u00f4ng gian v\u00e0 nhu c\u1ea7u quy tr\u00ecnh c\u1ee5 th\u1ec3 c\u1ee7a nh\u00e0 s\u1ea3n xu\u1ea5t. Thi\u1ebft k\u1ebf c\u00e1 nh\u00e2n h\u00f3a n\u00e0y cho ph\u00e9p c\u00e1c nh\u00e0 s\u1ea3n xu\u1ea5t t\u1eadn d\u1ee5ng t\u1ed1i \u0111a kh\u00f4ng gian v\u00e0 t\u1ed1i \u0111a h\u00f3a hi\u1ec7u qu\u1ea3 s\u1ea3n xu\u1ea5t trong m\u1ed9t \u0111\u1ecba \u0111i\u1ec3m h\u1ea1n ch\u1ebf.<\/p>    <p>Dung l\u01b0\u1ee3ng l\u00e0 m\u1ed9t th\u00f4ng s\u1ed1 t\u00f9y ch\u1ec9nh quan tr\u1ecdng kh\u00e1c. Nh\u00ecn chung, dung t\u00edch c\u1ee7a th\u00f9ng ch\u1ee9a h\u1ea1t nh\u1ef1a c\u00f3 th\u1ec3 \u0111\u01b0\u1ee3c t\u00f9y ch\u1ec9nh d\u1ef1a tr\u00ean quy m\u00f4 v\u00e0 t\u1ea7n su\u1ea5t s\u1ea3n xu\u1ea5t, v\u1edbi c\u00e1c c\u00f4ng su\u1ea5t th\u00f4ng d\u1ee5ng bao g\u1ed3m nhi\u1ec1u l\u1ef1a ch\u1ecdn t\u1eeb 1 t\u1ea5n, 3 t\u1ea5n \u0111\u1ebfn 10 t\u1ea5n. T\u00ednh linh ho\u1ea1t n\u00e0y cho ph\u00e9p c\u00e1c nh\u00e0 m\u00e1y t\u00e1i ch\u1ebf \u0111\u00e1p \u1ee9ng t\u1ed1t h\u01a1n nhu c\u1ea7u l\u01b0u tr\u1eef nguy\u00ean li\u1ec7u th\u00f4 v\u00e0 \u0111\u1ea3m b\u1ea3o t\u00ednh li\u00ean t\u1ee5c c\u1ee7a chu\u1ed7i cung \u1ee9ng.<\/p>","protected":false},"excerpt":{"rendered":"<p>The plastic pellet storage silo in a plastic recycling plant is a key component whose primary function is to store and manage the recycled plastic pellets produced from the plastic pelletizer machine. Many of our customers are equipped with a silo when they purchase a plastic pellet production line. Video of plastic pellet storage silo [&hellip;]<\/p>\n","protected":false},"author":1,"featured_media":1166,"parent":0,"template":"","tags":[52],"product-type":[26],"class_list":["post-1165","product","type-product","status-publish","has-post-thumbnail","hentry","tag-silo","product-type-plastic-baler"],"taxonomy_info":{"post_tag":[{"value":52,"label":"silo"}],"product-type":[{"value":26,"label":"Plastic Baler"}]},"featured_image_src_large":["https:\/\/plastic-machines.org\/wp-content\/uploads\/2023\/12\/plastic-granules-storage-bin.webp",720,540,false],"author_info":{"display_name":"Ella","author_link":"https:\/\/plastic-machines.org\/vi\/author\/admin\/"},"comment_info":"","_links":{"self":[{"href":"https:\/\/plastic-machines.org\/vi\/wp-json\/wp\/v2\/product\/1165","targetHints":{"allow":["GET"]}}],"collection":[{"href":"https:\/\/plastic-machines.org\/vi\/wp-json\/wp\/v2\/product"}],"about":[{"href":"https:\/\/plastic-machines.org\/vi\/wp-json\/wp\/v2\/types\/product"}],"author":[{"embeddable":true,"href":"https:\/\/plastic-machines.org\/vi\/wp-json\/wp\/v2\/users\/1"}],"wp:featuredmedia":[{"embeddable":true,"href":"https:\/\/plastic-machines.org\/vi\/wp-json\/wp\/v2\/media\/1166"}],"wp:attachment":[{"href":"https:\/\/plastic-machines.org\/vi\/wp-json\/wp\/v2\/media?parent=1165"}],"wp:term":[{"taxonomy":"post_tag","embeddable":true,"href":"https:\/\/plastic-machines.org\/vi\/wp-json\/wp\/v2\/tags?post=1165"},{"taxonomy":"product-type","embeddable":true,"href":"https:\/\/plastic-machines.org\/vi\/wp-json\/wp\/v2\/product-type?post=1165"}],"curies":[{"name":"wp","href":"https:\/\/api.w.org\/{rel}","templated":true}]}}