{"id":1050,"date":"2023-10-20T15:24:17","date_gmt":"2023-10-20T07:24:17","guid":{"rendered":"https:\/\/plastic-machines.org\/?post_type=product&#038;p=1050"},"modified":"2025-11-18T14:06:49","modified_gmt":"2025-11-18T06:06:49","slug":"plastic-debaler-machine","status":"publish","type":"product","link":"https:\/\/plastic-machines.org\/vi\/product\/plastic-debaler-machine\/","title":{"rendered":"M\u00e1y Debaler nh\u1ef1a cho ki\u1ec7n chai nh\u1ef1a PET"},"content":{"rendered":"<div class=\"kk-star-ratings kksr-auto kksr-align-left kksr-valign-top\"     data-payload='{&quot;align&quot;:&quot;left&quot;,&quot;id&quot;:&quot;1050&quot;,&quot;slug&quot;:&quot;default&quot;,&quot;valign&quot;:&quot;top&quot;,&quot;ignore&quot;:&quot;&quot;,&quot;reference&quot;:&quot;auto&quot;,&quot;class&quot;:&quot;&quot;,&quot;count&quot;:&quot;4&quot;,&quot;legendonly&quot;:&quot;&quot;,&quot;readonly&quot;:&quot;&quot;,&quot;score&quot;:&quot;5&quot;,&quot;starsonly&quot;:&quot;&quot;,&quot;best&quot;:&quot;5&quot;,&quot;gap&quot;:&quot;5&quot;,&quot;greet&quot;:&quot;Rate this product&quot;,&quot;legend&quot;:&quot;5\\\/5 - (4 b\u00ecnh ch\u1ecdn)&quot;,&quot;size&quot;:&quot;24&quot;,&quot;title&quot;:&quot;Plastic Debaler Machine for HDPE PET Bottle Bales&quot;,&quot;width&quot;:&quot;142.5&quot;,&quot;_legend&quot;:&quot;{score}\\\/{best} - ({count} {votes})&quot;,&quot;font_factor&quot;:&quot;1.25&quot;}'>              <div class=\"kksr-stars\">      <div class=\"kksr-stars-inactive\">             <div class=\"kksr-star\" data-star=\"1\" style=\"padding-right: 5px\">               <div class=\"kksr-icon\" style=\"width: 24px; height: 24px;\"><\/div>         <\/div>             <div class=\"kksr-star\" data-star=\"2\" style=\"padding-right: 5px\">               <div class=\"kksr-icon\" style=\"width: 24px; height: 24px;\"><\/div>         <\/div>             <div class=\"kksr-star\" data-star=\"3\" style=\"padding-right: 5px\">               <div class=\"kksr-icon\" style=\"width: 24px; height: 24px;\"><\/div>         <\/div>             <div class=\"kksr-star\" data-star=\"4\" style=\"padding-right: 5px\">               <div class=\"kksr-icon\" style=\"width: 24px; height: 24px;\"><\/div>         <\/div>             <div class=\"kksr-star\" data-star=\"5\" style=\"padding-right: 5px\">               <div class=\"kksr-icon\" style=\"width: 24px; height: 24px;\"><\/div>         <\/div>     <\/div>      <div class=\"kksr-stars-active\" style=\"width: 142.5px;\">             <div class=\"kksr-star\" style=\"padding-right: 5px\">               <div class=\"kksr-icon\" style=\"width: 24px; height: 24px;\"><\/div>         <\/div>             <div class=\"kksr-star\" style=\"padding-right: 5px\">               <div class=\"kksr-icon\" style=\"width: 24px; height: 24px;\"><\/div>         <\/div>             <div class=\"kksr-star\" style=\"padding-right: 5px\">               <div class=\"kksr-icon\" style=\"width: 24px; height: 24px;\"><\/div>         <\/div>             <div class=\"kksr-star\" style=\"padding-right: 5px\">               <div class=\"kksr-icon\" style=\"width: 24px; height: 24px;\"><\/div>         <\/div>             <div class=\"kksr-star\" style=\"padding-right: 5px\">               <div class=\"kksr-icon\" style=\"width: 24px; height: 24px;\"><\/div>         <\/div>     <\/div> <\/div>                   <div class=\"kksr-legend\" style=\"font-size: 19.2px;\">             5\/5 - (4 phi\u1ebfu b\u1ea7u)    <\/div>     <\/div>  <p>Trong d\u00e2y chuy\u1ec1n t\u00e1i ch\u1ebf chai PET, m\u00e1y g\u1ee1 nh\u1ef1a l\u00e0 m\u1ed9t thi\u1ebft b\u1ecb quan tr\u1ecdng c\u00f3 ch\u1ee9c n\u0103ng m\u1edf t\u00fai ho\u1eb7c h\u1ed9p \u0111\u1ef1ng d\u00f9ng \u0111\u1ec3 \u0111\u00f3ng g\u00f3i chai PET HDPE \u0111\u1ec3 c\u00f3 th\u1ec3 l\u1ea5y chai nh\u1ef1a c\u1ee9ng ra kh\u1ecfi ch\u00fang \u0111\u1ec3 x\u1eed l\u00fd v\u00e0 t\u00e1i ch\u1ebf ti\u1ebfp theo.<\/p>    <figure class=\"wp-block-image size-full\"><img loading=\"lazy\" decoding=\"async\" width=\"720\" height=\"540\" src=\"https:\/\/plastic-machines.org\/wp-content\/uploads\/2023\/10\/Debaler.webp\" alt=\"M\u00e1y g\u1ee1 nh\u1ef1a \" class=\"wp-image-1052\" srcset=\"https:\/\/plastic-machines.org\/wp-content\/uploads\/2023\/10\/Debaler.webp 720w, https:\/\/plastic-machines.org\/wp-content\/uploads\/2023\/10\/Debaler-300x225.webp 300w\" sizes=\"auto, (max-width: 720px) 100vw, 720px\" \/><\/figure>    <figure class=\"wp-block-image size-full\"><img loading=\"lazy\" decoding=\"async\" width=\"720\" height=\"540\" src=\"https:\/\/plastic-machines.org\/wp-content\/uploads\/2023\/10\/Debaler-Machine.webp\" alt=\"M\u00e1y kh\u1eed nh\u1ef1a \" class=\"wp-image-1053\" srcset=\"https:\/\/plastic-machines.org\/wp-content\/uploads\/2023\/10\/Debaler-Machine.webp 720w, https:\/\/plastic-machines.org\/wp-content\/uploads\/2023\/10\/Debaler-Machine-300x225.webp 300w\" sizes=\"auto, (max-width: 720px) 100vw, 720px\" \/><\/figure>    <figure class=\"wp-block-image size-full\"><img loading=\"lazy\" decoding=\"async\" width=\"720\" height=\"540\" src=\"https:\/\/plastic-machines.org\/wp-content\/uploads\/2023\/10\/PET-Bottle-Debaler-Machine.webp\" alt=\"M\u00e1y kh\u1eed nh\u1ef1a\" class=\"wp-image-1054\" srcset=\"https:\/\/plastic-machines.org\/wp-content\/uploads\/2023\/10\/PET-Bottle-Debaler-Machine.webp 720w, https:\/\/plastic-machines.org\/wp-content\/uploads\/2023\/10\/PET-Bottle-Debaler-Machine-300x225.webp 300w\" sizes=\"auto, (max-width: 720px) 100vw, 720px\" \/><\/figure>    <h2 class=\"wp-block-heading\">\u1ee8ng d\u1ee5ng m\u00e1y g\u1ee1 r\u1ed1i nh\u1ef1a <\/h2>    <p class=\"translation-block\">\u0110\u1ed1i v\u1edbi kh\u00e1ch h\u00e0ng c\u00f3 <strong><a href=\"https:\/\/plastic-machines.org\/vi\/product\/pet-bottle-recycling-line\/\" data-type=\"link\" data-id=\"https:\/\/plastic-machines.org\/product\/pet-bottle-recycling-line\/\">d\u00e2y chuy\u1ec1n t\u00e1i ch\u1ebf chai nh\u1ef1a<\/a><\/strong>, m\u00e1y m\u1edf ki\u1ec7n nh\u1ef1a l\u00e0 m\u00e1y t\u00e1i ch\u1ebf \u0111\u1ea7u ti\u00ean \u0111\u01b0\u1ee3c s\u1eed d\u1ee5ng \u0111\u1ec3 l\u00e0m l\u1ecfng c\u00e1c chai PET \u0111\u00e3 \u0111\u00f3ng ki\u1ec7n v\u00e0 c\u00e1c chai l\u1ecfng l\u1ebbo n\u00e0y c\u00f3 th\u1ec3 t\u1ef1 do di chuy\u1ec3n \u0111\u1ebfn b\u01b0\u1edbc t\u00e1i ch\u1ebf ti\u1ebfp theo tr\u00ean b\u0103ng chuy\u1ec1n.<\/p>    <figure class=\"wp-block-embed is-type-video is-provider-youtube wp-block-embed-youtube wp-embed-aspect-16-9 wp-has-aspect-ratio\"><div class=\"wp-block-embed__wrapper\"> <iframe loading=\"lazy\" title=\"D\u1ee5ng c\u1ee5 m\u1edf n\u1eafp chai PET | m\u00e1y g\u1ee1 r\u1ed1i nh\u1ef1a d\u1ecdc\" width=\"500\" height=\"281\" src=\"https:\/\/www.youtube.com\/embed\/ujKPMvq7vLY?feature=oembed\" frameborder=\"0\" allow=\"accelerometer; autoplay; clipboard-write; encrypted-media; gyroscope; picture-in-picture; web-share\" referrerpolicy=\"strict-origin-when-cross-origin\" allowfullscreen><\/iframe> <\/div><\/figure>    <h2 class=\"wp-block-heading\">\u01afu \u0111i\u1ec3m c\u1ee7a m\u00e1y \u00e9p nh\u1ef1a<\/h2>    <ul class=\"wp-block-list\"> <li>Th\u00e1o v\u00e0 d\u1ee1 v\u1eadt li\u1ec7u: M\u00e1y g\u1ee1 nh\u1ef1a m\u1edf c\u00e1c t\u00fai, th\u00f9ng ch\u1ee9a ho\u1eb7c g\u00f3i nh\u1ef1a k\u00edn \u0111\u1ec3 lo\u1ea1i b\u1ecf v\u1eadt li\u1ec7u nh\u1ef1a r\u1eddi b\u00ean trong.<\/li>    <li>T\u0103ng hi\u1ec7u qu\u1ea3: M\u00e1y m\u1edf ki\u1ec7n nh\u1ef1a c\u00f3 th\u1ec3 l\u00e0m t\u0103ng \u0111\u00e1ng k\u1ec3 hi\u1ec7u qu\u1ea3 x\u1eed l\u00fd v\u1eadt li\u1ec7u nh\u1ef1a. Do k\u00edch th\u01b0\u1edbc l\u1edbn c\u1ee7a nh\u1ef1a \u0111\u00f3ng ki\u1ec7n n\u00ean vi\u1ec7c \u0111\u00f3ng g\u00f3i th\u1ee7 c\u00f4ng th\u01b0\u1eddng t\u1ed1n nhi\u1ec1u th\u1eddi gian v\u00e0 c\u00f4ng s\u1ee9c, trong khi m\u00e1y m\u1edf ki\u1ec7n c\u00f3 th\u1ec3 nhanh ch\u00f3ng ho\u00e0n th\u00e0nh c\u00f4ng vi\u1ec7c n\u00e0y trong th\u1eddi gian ng\u1eafn.<\/li>    <li>Gi\u1ea3m nguy c\u01a1 \u00f4 nhi\u1ec5m: M\u00e1y m\u1edf ki\u1ec7n th\u01b0\u1eddng \u0111\u01b0\u1ee3c s\u1eed d\u1ee5ng c\u00f9ng v\u1edbi b\u0103ng t\u1ea3i ho\u1eb7c m\u00e1y<strong><a href=\"https:\/\/plastic-machines.org\/vi\/product\/plastic-granulating-line\/\" data-type=\"link\" data-id=\"https:\/\/plastic-machines.org\/product\/plastic-granulating-line\/\"> d\u00e2y chuy\u1ec1n t\u00e1i ch\u1ebf nh\u1ef1a ho\u00e0n ch\u1ec9nh<\/a><\/strong>. Sau khi m\u00e1y m\u1edf ki\u1ec7n chai HDPE PET v\u00e0 x\u1ea3 nh\u1ef1a ra, r\u00e1c th\u1ea3i nh\u1ef1a s\u1ebd \u0111i th\u1eb3ng v\u00e0o b\u0103ng chuy\u1ec1n, gi\u1ea3m nguy c\u01a1 r\u00f2 r\u1ec9 v\u00e0 nhi\u1ec5m b\u1ea9n nguy\u00ean li\u1ec7u.<\/li>    <li>Kh\u1ea3 n\u0103ng th\u00edch \u1ee9ng: M\u00e1y g\u1ee1 ki\u1ec7n nh\u1ef1a th\u01b0\u1eddng c\u00f3 kh\u1ea3 n\u0103ng th\u00edch \u1ee9ng v\u1edbi c\u00e1c lo\u1ea1i v\u00e0 k\u00edch c\u1ee1 g\u00f3i h\u00e0ng kh\u00e1c nhau, cho ph\u00e9p ch\u00fang x\u1eed l\u00fd nhi\u1ec1u lo\u1ea1i v\u1eadt li\u1ec7u nh\u1ef1a r\u1eddi.<\/li> <\/ul>","protected":false},"excerpt":{"rendered":"<p>In a PET bottle recycling line, a plastic debaler machine is an important piece of equipment whose function is to open the bags or containers used to package PET HDPE bottles so that hard plastic bottles can be removed from them for subsequent processing and recycling. Plastic debaler machine application For customers with a plastic [&hellip;]<\/p>\n","protected":false},"author":1,"featured_media":1051,"parent":0,"template":"","tags":[36],"product-type":[27],"class_list":["post-1050","product","type-product","status-publish","has-post-thumbnail","hentry","tag-bale","product-type-separation-technology"],"taxonomy_info":{"post_tag":[{"value":36,"label":"bale"}],"product-type":[{"value":27,"label":"Separation Technology"}]},"featured_image_src_large":["https:\/\/plastic-machines.org\/wp-content\/uploads\/2023\/10\/plastic-debaler-machine2.webp",720,540,false],"author_info":{"display_name":"Ella","author_link":"https:\/\/plastic-machines.org\/vi\/author\/admin\/"},"comment_info":"","_links":{"self":[{"href":"https:\/\/plastic-machines.org\/vi\/wp-json\/wp\/v2\/product\/1050","targetHints":{"allow":["GET"]}}],"collection":[{"href":"https:\/\/plastic-machines.org\/vi\/wp-json\/wp\/v2\/product"}],"about":[{"href":"https:\/\/plastic-machines.org\/vi\/wp-json\/wp\/v2\/types\/product"}],"author":[{"embeddable":true,"href":"https:\/\/plastic-machines.org\/vi\/wp-json\/wp\/v2\/users\/1"}],"wp:featuredmedia":[{"embeddable":true,"href":"https:\/\/plastic-machines.org\/vi\/wp-json\/wp\/v2\/media\/1051"}],"wp:attachment":[{"href":"https:\/\/plastic-machines.org\/vi\/wp-json\/wp\/v2\/media?parent=1050"}],"wp:term":[{"taxonomy":"post_tag","embeddable":true,"href":"https:\/\/plastic-machines.org\/vi\/wp-json\/wp\/v2\/tags?post=1050"},{"taxonomy":"product-type","embeddable":true,"href":"https:\/\/plastic-machines.org\/vi\/wp-json\/wp\/v2\/product-type?post=1050"}],"curies":[{"name":"wp","href":"https:\/\/api.w.org\/{rel}","templated":true}]}}