{"id":1045,"date":"2023-10-20T14:19:51","date_gmt":"2023-10-20T06:19:51","guid":{"rendered":"https:\/\/plastic-machines.org\/?post_type=product&#038;p=1045"},"modified":"2026-02-27T15:15:34","modified_gmt":"2026-02-27T07:15:34","slug":"trommel-screen-for-plastic-bottle-recycling","status":"publish","type":"product","link":"https:\/\/plastic-machines.org\/vi\/product\/trommel-screen-for-plastic-bottle-recycling\/","title":{"rendered":"M\u00e0n h\u00ecnh Trommel \u0111\u1ec3 t\u00e1i ch\u1ebf chai nh\u1ef1a"},"content":{"rendered":"<div class=\"kk-star-ratings kksr-auto kksr-align-left kksr-valign-top\"     data-payload='{&quot;align&quot;:&quot;left&quot;,&quot;id&quot;:&quot;1045&quot;,&quot;slug&quot;:&quot;default&quot;,&quot;valign&quot;:&quot;top&quot;,&quot;ignore&quot;:&quot;&quot;,&quot;reference&quot;:&quot;auto&quot;,&quot;class&quot;:&quot;&quot;,&quot;count&quot;:&quot;1&quot;,&quot;legendonly&quot;:&quot;&quot;,&quot;readonly&quot;:&quot;&quot;,&quot;score&quot;:&quot;5&quot;,&quot;starsonly&quot;:&quot;&quot;,&quot;best&quot;:&quot;5&quot;,&quot;gap&quot;:&quot;5&quot;,&quot;greet&quot;:&quot;Rate this product&quot;,&quot;legend&quot;:&quot;5\\\/5 - (1 b\u00ecnh ch\u1ecdn)&quot;,&quot;size&quot;:&quot;24&quot;,&quot;title&quot;:&quot;Trommel screen for plastic bottle recycling&quot;,&quot;width&quot;:&quot;142.5&quot;,&quot;_legend&quot;:&quot;{score}\\\/{best} - ({count} {votes})&quot;,&quot;font_factor&quot;:&quot;1.25&quot;}'>              <div class=\"kksr-stars\">      <div class=\"kksr-stars-inactive\">             <div class=\"kksr-star\" data-star=\"1\" style=\"padding-right: 5px\">               <div class=\"kksr-icon\" style=\"width: 24px; height: 24px;\"><\/div>         <\/div>             <div class=\"kksr-star\" data-star=\"2\" style=\"padding-right: 5px\">               <div class=\"kksr-icon\" style=\"width: 24px; height: 24px;\"><\/div>         <\/div>             <div class=\"kksr-star\" data-star=\"3\" style=\"padding-right: 5px\">               <div class=\"kksr-icon\" style=\"width: 24px; height: 24px;\"><\/div>         <\/div>             <div class=\"kksr-star\" data-star=\"4\" style=\"padding-right: 5px\">               <div class=\"kksr-icon\" style=\"width: 24px; height: 24px;\"><\/div>         <\/div>             <div class=\"kksr-star\" data-star=\"5\" style=\"padding-right: 5px\">               <div class=\"kksr-icon\" style=\"width: 24px; height: 24px;\"><\/div>         <\/div>     <\/div>      <div class=\"kksr-stars-active\" style=\"width: 142.5px;\">             <div class=\"kksr-star\" style=\"padding-right: 5px\">               <div class=\"kksr-icon\" style=\"width: 24px; height: 24px;\"><\/div>         <\/div>             <div class=\"kksr-star\" style=\"padding-right: 5px\">               <div class=\"kksr-icon\" style=\"width: 24px; height: 24px;\"><\/div>         <\/div>             <div class=\"kksr-star\" style=\"padding-right: 5px\">               <div class=\"kksr-icon\" style=\"width: 24px; height: 24px;\"><\/div>         <\/div>             <div class=\"kksr-star\" style=\"padding-right: 5px\">               <div class=\"kksr-icon\" style=\"width: 24px; height: 24px;\"><\/div>         <\/div>             <div class=\"kksr-star\" style=\"padding-right: 5px\">               <div class=\"kksr-icon\" style=\"width: 24px; height: 24px;\"><\/div>         <\/div>     <\/div> <\/div>                   <div class=\"kksr-legend\" style=\"font-size: 19.2px;\">             5\/5 - (1 b\u00ecnh ch\u1ecdn)    <\/div>     <\/div>  <p>M\u1ee5c \u0111\u00edch ch\u00ednh c\u1ee7a vi\u1ec7c s\u1eed d\u1ee5ng m\u00e0n h\u00ecnh trommel khi t\u00e1i ch\u1ebf chai nh\u1ef1a PET l\u00e0 th\u1ef1c hi\u1ec7n ph\u00e2n t\u00e1ch v\u00e0 s\u00e0ng l\u1ecdc v\u1eadt li\u1ec7u \u0111\u1ec3 \u0111\u1ea3m b\u1ea3o r\u1eb1ng c\u00e1c m\u1ea3nh chai PET ch\u1ea5t l\u01b0\u1ee3ng cao \u0111\u01b0\u1ee3c l\u1ea5y t\u1eeb nguy\u00ean li\u1ec7u nguy\u00ean ch\u1ea5t.<\/p>    <h2 class=\"wp-block-heading\">Gi\u1edbi thi\u1ec7u m\u00e0n h\u00ecnh Trommel<\/h2>    <p>Ch\u1ee9c n\u0103ng ch\u00ednh c\u1ee7a m\u00e1y t\u00e1i ch\u1ebf chai PET n\u00e0y l\u00e0 t\u00e1ch nguy\u00ean li\u1ec7u. T\u00e1i ch\u1ebf chai nh\u1ef1a PET th\u01b0\u1eddng \u0111i k\u00e8m v\u1edbi m\u1ed9t s\u1ed1 t\u1ea1p ch\u1ea5t nh\u01b0 \u0111\u00e1, g\u1ed7, c\u1ecf d\u1ea1i, kim lo\u1ea1i, n\u1eafp chai nh\u1ef1a, v.v. S\u00e0ng l\u1ecdc t\u00e1ch c\u00e1c t\u1ea1p ch\u1ea5t n\u00e0y kh\u1ecfi chai nh\u1ef1a PET, \u0111\u1ea3m b\u1ea3o nguy\u00ean li\u1ec7u th\u00f4 s\u1ea1ch.<\/p>    <figure class=\"wp-block-gallery has-nested-images columns-default is-cropped wp-block-gallery-2 is-layout-flex wp-block-gallery-is-layout-flex\"> <figure class=\"wp-block-image size-large\"><img loading=\"lazy\" decoding=\"async\" width=\"720\" height=\"540\" data-id=\"2079\" src=\"https:\/\/plastic-machines.org\/wp-content\/uploads\/2023\/10\/Trommel-Screen-For-Plastic-Bottle-Recycling.webp\" alt=\"M\u00e0n h\u00ecnh tr\u1ed1ng \u0111\u1ec3 t\u00e1i ch\u1ebf chai nh\u1ef1a\" class=\"wp-image-2079\" srcset=\"https:\/\/plastic-machines.org\/wp-content\/uploads\/2023\/10\/Trommel-Screen-For-Plastic-Bottle-Recycling.webp 720w, https:\/\/plastic-machines.org\/wp-content\/uploads\/2023\/10\/Trommel-Screen-For-Plastic-Bottle-Recycling-300x225.webp 300w, https:\/\/plastic-machines.org\/wp-content\/uploads\/2023\/10\/Trommel-Screen-For-Plastic-Bottle-Recycling-16x12.webp 16w\" sizes=\"auto, (max-width: 720px) 100vw, 720px\" \/><figcaption class=\"wp-element-caption\">M\u00e0n h\u00ecnh tr\u1ed1ng \u0111\u1ec3 t\u00e1i ch\u1ebf chai nh\u1ef1a<\/figcaption><\/figure>    <figure class=\"wp-block-image size-large\"><img loading=\"lazy\" decoding=\"async\" width=\"720\" height=\"540\" data-id=\"2080\" src=\"https:\/\/plastic-machines.org\/wp-content\/uploads\/2023\/10\/Trommel-Screen.webp\" alt=\"M\u00e0n h\u00ecnh Trommel\" class=\"wp-image-2080\" srcset=\"https:\/\/plastic-machines.org\/wp-content\/uploads\/2023\/10\/Trommel-Screen.webp 720w, https:\/\/plastic-machines.org\/wp-content\/uploads\/2023\/10\/Trommel-Screen-300x225.webp 300w, https:\/\/plastic-machines.org\/wp-content\/uploads\/2023\/10\/Trommel-Screen-16x12.webp 16w\" sizes=\"auto, (max-width: 720px) 100vw, 720px\" \/><figcaption class=\"wp-element-caption\">M\u00e0n h\u00ecnh Trommel<\/figcaption><\/figure> <\/figure>    <figure class=\"wp-block-gallery has-nested-images columns-default is-cropped wp-block-gallery-3 is-layout-flex wp-block-gallery-is-layout-flex\"> <figure class=\"wp-block-image size-full\"><img loading=\"lazy\" decoding=\"async\" width=\"720\" height=\"540\" data-id=\"1048\" src=\"https:\/\/plastic-machines.org\/wp-content\/uploads\/2023\/10\/industrial-trommel-machine.webp\" alt=\"\" class=\"wp-image-1048\" srcset=\"https:\/\/plastic-machines.org\/wp-content\/uploads\/2023\/10\/industrial-trommel-machine.webp 720w, https:\/\/plastic-machines.org\/wp-content\/uploads\/2023\/10\/industrial-trommel-machine-300x225.webp 300w\" sizes=\"auto, (max-width: 720px) 100vw, 720px\" \/><\/figure>    <figure class=\"wp-block-image size-full\"><img loading=\"lazy\" decoding=\"async\" width=\"720\" height=\"541\" data-id=\"1047\" src=\"https:\/\/plastic-machines.org\/wp-content\/uploads\/2023\/10\/recycling-machine-1.webp\" alt=\"M\u00e0n h\u00ecnh Trommel \u0111\u1ec3 t\u00e1i ch\u1ebf chai nh\u1ef1a\" class=\"wp-image-1047\" srcset=\"https:\/\/plastic-machines.org\/wp-content\/uploads\/2023\/10\/recycling-machine-1.webp 720w, https:\/\/plastic-machines.org\/wp-content\/uploads\/2023\/10\/recycling-machine-1-300x225.webp 300w\" sizes=\"auto, (max-width: 720px) 100vw, 720px\" \/><figcaption class=\"wp-element-caption\">M\u00e0n h\u00ecnh Trommel \u0111\u1ec3 t\u00e1i ch\u1ebf chai nh\u1ef1a<\/figcaption><\/figure> <\/figure>    <h2 class=\"wp-block-heading\">T\u1ea1i sao b\u1ea1n c\u1ea7n m\u00e0n h\u00ecnh trommel \u0111\u1ec3 t\u00e1i ch\u1ebf chai?<\/h2>    <p class=\"translation-block\">M\u00e1y s\u00e0ng tr\u1ed1ng \u0111\u1eb7c bi\u1ec7t c\u1ea7n thi\u1ebft cho <strong><a href=\"https:\/\/plastic-machines.org\/vi\/product\/pet-bottle-recycling-line\/\" data-type=\"link\" data-id=\"https:\/\/plastic-machines.org\/product\/pet-bottle-recycling-line\/\">d\u00e2y chuy\u1ec1n t\u00e1i ch\u1ebf chai PET <\/a><\/strong>c\u00f3 c\u00f4ng su\u1ea5t s\u1ea3n xu\u1ea5t cao \u0111\u1ec3 gi\u00fap c\u00e1c nh\u00e0 m\u00e1y t\u00e1i ch\u1ebf c\u1ea3i thi\u1ec7n hi\u1ec7u qu\u1ea3 t\u00e1i ch\u1ebf. Gi\u1ea3 s\u1eed c\u00f3 \u0111\u00e1 ho\u1eb7c v\u1eadt kim lo\u1ea1i l\u1ea1 l\u1ecdt v\u00e0o quy tr\u00ecnh t\u00e1i ch\u1ebf ti\u1ebfp theo. Trong tr\u01b0\u1eddng h\u1ee3p \u0111\u00f3, c\u00e1c b\u1ed9 ph\u1eadn b\u00ean trong m\u00e1y nh\u01b0 m\u00e1y h\u1ee7y nh\u1ef1a v\u00e0 m\u00e1y gi\u1eb7t ma s\u00e1t s\u1ebd b\u1ecb m\u00e0i m\u00f2n, l\u00e0m gi\u1ea3m tu\u1ed5i th\u1ecd c\u1ee7a m\u00e1y.<\/p>    <h2 class=\"wp-block-heading\">M\u00e1y t\u00e1i ch\u1ebf nh\u1ef1a li\u00ean quan cho chai PET<\/h2>    <p class=\"translation-block\">D\u00e2y chuy\u1ec1n t\u00e1i ch\u1ebf chai PET ho\u00e0n ch\u1ec9nh bao g\u1ed3m <strong><a href=\"https:\/\/plastic-machines.org\/vi\/product\/plastic-bottle-crusher\/\" data-type=\"link\" data-id=\"https:\/\/plastic-machines.org\/product\/plastic-bottle-crusher\/\">m\u00e1y nghi\u1ec1n nh\u1ef1a<\/a><\/strong>, m\u00e1y gi\u1eb7t ma s\u00e1t, m\u00e1y gi\u1eb7t n\u00f3ng m\u1ea3nh PET v\u00e0 c\u00e1c thi\u1ebft b\u1ecb kh\u00e1c. B\u1ee9c \u1ea3nh d\u01b0\u1edbi \u0111\u00e2y l\u00e0 m\u1ed9t m\u00e1y t\u00e1i ch\u1ebf chai PET \u0111\u01b0\u1ee3c thi\u1ebft k\u1ebf cho kh\u00e1ch h\u00e0ng Nigeria c\u1ee7a ch\u00fang t\u00f4i v\u1edbi c\u00f4ng su\u1ea5t 500kg\/h.<\/p>    <p>N\u1ebfu b\u1ea1n quan t\u00e2m \u0111\u1ebfn m\u00e1y t\u00e1i ch\u1ebf chai nh\u1ef1a, vui l\u00f2ng tham kh\u1ea3o \u00fd ki\u1ebfn \u200b\u200bb\u1eb1ng c\u00e1ch \u0111i\u1ec1n v\u00e0o b\u1ea3ng b\u00ean d\u01b0\u1edbi trang web c\u1ee7a ch\u00fang t\u00f4i. Ng\u01b0\u1eddi qu\u1ea3n l\u00fd b\u00e1n h\u00e0ng c\u1ee7a ch\u00fang t\u00f4i s\u1ebd s\u1edbm g\u1eedi cho b\u1ea1n th\u00f4ng tin chi ti\u1ebft v\u1ec1 m\u00e1y v\u00e0 thi\u1ebft k\u1ebf gi\u1ea3i ph\u00e1p cho b\u1ea1n.<\/p>    <figure class=\"wp-block-image size-full\"><img loading=\"lazy\" decoding=\"async\" width=\"720\" height=\"541\" src=\"https:\/\/plastic-machines.org\/wp-content\/uploads\/2023\/10\/PET-bottle-washing-shredding-machines-shipped-to-Nigeria-3.webp\" alt=\"M\u00e1y b\u0103m r\u1eeda chai PET \u0111\u01b0\u1ee3c v\u1eadn chuy\u1ec3n \u0111\u1ebfn Nigeria\" class=\"wp-image-1041\" srcset=\"https:\/\/plastic-machines.org\/wp-content\/uploads\/2023\/10\/PET-bottle-washing-shredding-machines-shipped-to-Nigeria-3.webp 720w, https:\/\/plastic-machines.org\/wp-content\/uploads\/2023\/10\/PET-bottle-washing-shredding-machines-shipped-to-Nigeria-3-300x225.webp 300w\" sizes=\"auto, (max-width: 720px) 100vw, 720px\" \/><figcaption class=\"wp-element-caption\">M\u00e1y b\u0103m r\u1eeda chai PET \u0111\u01b0\u1ee3c v\u1eadn chuy\u1ec3n \u0111\u1ebfn Nigeria<\/figcaption><\/figure>","protected":false},"excerpt":{"rendered":"<p>The main purpose of using a trommel screen when recycling PET plastic bottles is to perform material separation and screening to ensure that high-quality PET bottle flakes are obtained from virgin material. Trommel screen introduction The main function of this PET bottle recycling machine is material separation. Recycling of PET plastic bottles is usually accompanied [&hellip;]<\/p>\n","protected":false},"author":1,"featured_media":1046,"parent":0,"template":"","tags":[60],"product-type":[27],"class_list":["post-1045","product","type-product","status-publish","has-post-thumbnail","hentry","tag-trommel","product-type-separation-technology"],"taxonomy_info":{"post_tag":[{"value":60,"label":"trommel"}],"product-type":[{"value":27,"label":"Separation Technology"}]},"featured_image_src_large":["https:\/\/plastic-machines.org\/wp-content\/uploads\/2023\/10\/Tumbler-Screen2.webp",720,540,false],"author_info":{"display_name":"Ella","author_link":"https:\/\/plastic-machines.org\/vi\/author\/admin\/"},"comment_info":"","_links":{"self":[{"href":"https:\/\/plastic-machines.org\/vi\/wp-json\/wp\/v2\/product\/1045","targetHints":{"allow":["GET"]}}],"collection":[{"href":"https:\/\/plastic-machines.org\/vi\/wp-json\/wp\/v2\/product"}],"about":[{"href":"https:\/\/plastic-machines.org\/vi\/wp-json\/wp\/v2\/types\/product"}],"author":[{"embeddable":true,"href":"https:\/\/plastic-machines.org\/vi\/wp-json\/wp\/v2\/users\/1"}],"wp:featuredmedia":[{"embeddable":true,"href":"https:\/\/plastic-machines.org\/vi\/wp-json\/wp\/v2\/media\/1046"}],"wp:attachment":[{"href":"https:\/\/plastic-machines.org\/vi\/wp-json\/wp\/v2\/media?parent=1045"}],"wp:term":[{"taxonomy":"post_tag","embeddable":true,"href":"https:\/\/plastic-machines.org\/vi\/wp-json\/wp\/v2\/tags?post=1045"},{"taxonomy":"product-type","embeddable":true,"href":"https:\/\/plastic-machines.org\/vi\/wp-json\/wp\/v2\/product-type?post=1045"}],"curies":[{"name":"wp","href":"https:\/\/api.w.org\/{rel}","templated":true}]}}