{"id":2,"date":"2022-06-23T01:24:56","date_gmt":"2022-06-23T01:24:56","guid":{"rendered":"http:\/\/tailwind-themes.local\/?page_id=2"},"modified":"2024-05-11T09:56:39","modified_gmt":"2024-05-11T01:56:39","slug":"about","status":"publish","type":"page","link":"https:\/\/plastic-machines.org\/vi\/about\/","title":{"rendered":"V\u1ec1 ch\u00fang t\u00f4i"},"content":{"rendered":"<h2 class=\"wp-block-heading\">Ch\u00fang ta l\u00e0 ai<\/h2>    <p>Shuliy Machinery l\u00e0 nh\u00e0 s\u1ea3n xu\u1ea5t m\u00e1y t\u00e1i ch\u1ebf nh\u1ef1a t\u1eadp trung v\u00e0o ph\u00e1t tri\u1ec3n v\u00e0 s\u1ea3n xu\u1ea5t thi\u1ebft b\u1ecb t\u00e1i ch\u1ebf nh\u1ef1a. C\u00f4ng ty ch\u00fang t\u00f4i \u0111\u01b0\u1ee3c th\u00e0nh l\u1eadp v\u00e0o n\u0103m 2011, v\u1edbi h\u01a1n m\u01b0\u1eddi n\u0103m kinh nghi\u1ec7m trong l\u0129nh v\u1ef1c s\u1ea3n xu\u1ea5t m\u00e1y m\u00f3c t\u00e1i ch\u1ebf nh\u1ef1a. <\/p>    <p>Trong h\u01a1n m\u1ed9t th\u1eadp k\u1ef7 ho\u1ea1t \u0111\u1ed9ng, Shuliy Machinery lu\u00f4n tu\u00e2n th\u1ee7 s\u1ee9 m\u1ec7nh \u201cH\u00e3y \u0111\u1ec3 m\u00e1y m\u00f3c Trung Qu\u1ed1c thay \u0111\u1ed5i m\u1ecdi ng\u00f3c ng\u00e1ch tr\u00ean th\u1ebf gi\u1edbi\u201d. Ch\u00fang t\u00f4i l\u00e0m m\u1ecdi th\u1ee9 c\u00f3 th\u1ec3 \u0111\u1ec3 mang l\u1ea1i gi\u00e1 tr\u1ecb cho kh\u00e1ch h\u00e0ng, ch\u1ebf t\u1ea1o m\u00e1y m\u00f3c c\u1ee7a ch\u00fang t\u00f4i gi\u00fap c\u00e1c nh\u00e0 m\u00e1y t\u00e1i ch\u1ebf nh\u1ef1a tr\u00ean to\u00e0n th\u1ebf gi\u1edbi c\u1ea3i thi\u1ec7n n\u0103ng su\u1ea5t v\u00e0 t\u1ea1o ra l\u1ee3i nhu\u1eadn cao h\u01a1n.<\/p>    <figure class=\"wp-block-gallery has-nested-images columns-default is-cropped wp-block-gallery-2 is-layout-flex wp-block-gallery-is-layout-flex\"> <figure class=\"wp-block-image size-large\"><img loading=\"lazy\" decoding=\"async\" width=\"720\" height=\"540\" data-id=\"1132\" src=\"https:\/\/plastic-machines.org\/wp-content\/uploads\/2023\/11\/plastic-recycling-visit.webp\" alt=\"\" class=\"wp-image-1132\" srcset=\"https:\/\/plastic-machines.org\/wp-content\/uploads\/2023\/11\/plastic-recycling-visit.webp 720w, https:\/\/plastic-machines.org\/wp-content\/uploads\/2023\/11\/plastic-recycling-visit-300x225.webp 300w\" sizes=\"auto, (max-width: 720px) 100vw, 720px\" \/><figcaption class=\"wp-element-caption\">chuy\u1ebfn th\u0103m c\u1ee7a kh\u00e1ch h\u00e0ng<\/figcaption><\/figure>    <figure class=\"wp-block-image size-large\"><img loading=\"lazy\" decoding=\"async\" width=\"720\" height=\"540\" data-id=\"1133\" src=\"https:\/\/plastic-machines.org\/wp-content\/uploads\/2023\/11\/plastic-recycling-equipment2.webp\" alt=\"\" class=\"wp-image-1133\" srcset=\"https:\/\/plastic-machines.org\/wp-content\/uploads\/2023\/11\/plastic-recycling-equipment2.webp 720w, https:\/\/plastic-machines.org\/wp-content\/uploads\/2023\/11\/plastic-recycling-equipment2-300x225.webp 300w\" sizes=\"auto, (max-width: 720px) 100vw, 720px\" \/><figcaption class=\"wp-element-caption\">chuy\u1ebfn \u0111i th\u1ef1c \u0111\u1ecba nh\u00e0 m\u00e1y t\u00e1i ch\u1ebf nh\u1ef1a<\/figcaption><\/figure> <figcaption class=\"blocks-gallery-caption wp-element-caption\">nh\u00e0 s\u1ea3n xu\u1ea5t m\u00e1y t\u00e1i ch\u1ebf nh\u1ef1a \u1edf Trung Qu\u1ed1c<\/figcaption><\/figure>    <h2 class=\"wp-block-heading\">Ch\u00fang t\u00f4i cung c\u1ea5p nh\u1eefng g\u00ec<\/h2>    <p class=\"translation-block\">S\u1ea3n ph\u1ea9m ch\u00ednh c\u1ee7a ch\u00fang t\u00f4i l\u00e0 <a href=\"https:\/\/plastic-machines.org\/vi\/product\/plastic-granulating-line\/\">d\u00e2y chuy\u1ec1n t\u00e1i ch\u1ebf h\u1ea1t nh\u1ef1a PP PE<\/a>, <a href=\"https:\/\/plastic-machines.org\/vi\/product\/pet-bottle-recycling-line\/\">d\u00e2y chuy\u1ec1n l\u00e0m s\u1ea1ch chai PET<\/a> v\u00e0 <a href=\"https:\/\/plastic-machines.org\/vi\/product\/plastic-foam-pelletizing-line\/\">d\u00e2y chuy\u1ec1n t\u1ea1o h\u1ea1t x\u1ed1p nh\u1ef1a<\/a>, m\u00e1y nghi\u1ec1n nh\u1ef1a, m\u00e1y l\u00e0m s\u1ea1ch nh\u1ef1a, v\u00e0 c\u00e1c m\u00e1y ph\u1ee5 tr\u1ee3 t\u00e1i ch\u1ebf nh\u1ef1a kh\u00e1c. <\/p>    <p>L\u00e0 nh\u00e0 s\u1ea3n xu\u1ea5t m\u00e1y t\u00e1i ch\u1ebf nh\u1ef1a, ch\u00fang t\u00f4i cung c\u1ea5p m\u00e1y m\u00f3c ch\u1ea5t l\u01b0\u1ee3ng cao c\u0169ng nh\u01b0 c\u00e1c gi\u1ea3i ph\u00e1p t\u00e1i ch\u1ebf nh\u1ef1a to\u00e0n di\u1ec7n nh\u01b0 l\u1eafp \u0111\u1eb7t t\u1ea1i ch\u1ed7 v\u00e0 d\u1ecbch v\u1ee5 h\u1eadu m\u00e3i. Cho \u0111\u1ebfn nay, m\u00e1y t\u00e1i ch\u1ebf nh\u1ef1a c\u1ee7a ch\u00fang t\u00f4i \u0111\u00e3 \u0111\u01b0\u1ee3c xu\u1ea5t kh\u1ea9u t\u1edbi h\u01a1n 60 qu\u1ed1c gia v\u00e0 khu v\u1ef1c, nh\u01b0 \u0110\u1ee9c, M\u1ef9, \u1ea2 R\u1eadp Saudi, Ghana, Congo, Kenya, Nigeria, v.v. v\u00e0 \u0111\u01b0\u1ee3c kh\u00e1ch h\u00e0ng \u0111\u00f3n nh\u1eadn n\u1ed3ng nhi\u1ec7t.<\/p>   <div class=\"wp-block-image\"> <figure class=\"aligncenter size-full\"><img loading=\"lazy\" decoding=\"async\" width=\"720\" height=\"540\" src=\"https:\/\/plastic-machines.org\/wp-content\/uploads\/2022\/10\/recycling-materials.jpg\" alt=\"\" class=\"wp-image-508\" srcset=\"https:\/\/plastic-machines.org\/wp-content\/uploads\/2022\/10\/recycling-materials.jpg 720w, https:\/\/plastic-machines.org\/wp-content\/uploads\/2022\/10\/recycling-materials-300x225.jpg 300w\" sizes=\"auto, (max-width: 720px) 100vw, 720px\" \/><\/figure> <\/div>   <h2 class=\"wp-block-heading\">Ch\u00fang ta \u1edf \u0111\u00e2u<\/h2>    <p>Shuliy M\u00e1y m\u00f3c \u0111\u01b0\u1ee3c \u0111\u1eb7t t\u1ea1i Zhengzhou, H\u00e0 Nam, Trung Qu\u1ed1c. V\u0103n ph\u00f2ng c\u1ee7a ch\u00fang t\u00f4i \u0111\u01b0\u1ee3c th\u00e0nh l\u1eadp t\u1ea1i Khu ph\u00e1t tri\u1ec3n kinh t\u1ebf Tr\u1ecbnh Ch\u00e2u, n\u1ebfu b\u1ea1n quan t\u00e2m \u0111\u1ebfn thi\u1ebft b\u1ecb t\u00e1i ch\u1ebf nh\u1ef1a, vui l\u00f2ng gh\u00e9 th\u0103m Shuliy Machinery!<\/p>    <figure class=\"wp-block-image size-full\"><img loading=\"lazy\" decoding=\"async\" width=\"1024\" height=\"486\" src=\"https:\/\/plastic-machines.org\/wp-content\/uploads\/2022\/10\/global-market.webp\" alt=\"\" class=\"wp-image-506\" srcset=\"https:\/\/plastic-machines.org\/wp-content\/uploads\/2022\/10\/global-market.webp 1024w, https:\/\/plastic-machines.org\/wp-content\/uploads\/2022\/10\/global-market-300x142.webp 300w, https:\/\/plastic-machines.org\/wp-content\/uploads\/2022\/10\/global-market-768x365.webp 768w\" sizes=\"auto, (max-width: 1024px) 100vw, 1024px\" \/><\/figure>","protected":false},"excerpt":{"rendered":"<p>Who are we Shuliy Machinery is a plastic recycling machine manufacturer focusing on the development and production of plastic recycling equipment. Our company was established in 2011, with over ten years of experience in plastic recycling machinery manufacturing. In more than a decade of operation, Shuliy Machinery has always adhered to the mission of &#8220;Let [&hellip;]<\/p>\n","protected":false},"author":1,"featured_media":0,"parent":0,"menu_order":0,"comment_status":"closed","ping_status":"closed","template":"","meta":{"_kad_blocks_custom_css":"","_kad_blocks_head_custom_js":"","_kad_blocks_body_custom_js":"","_kad_blocks_footer_custom_js":"","footnotes":""},"class_list":["post-2","page","type-page","status-publish","hentry"],"taxonomy_info":[],"featured_image_src_large":false,"author_info":{"display_name":"Ella","author_link":"https:\/\/plastic-machines.org\/vi\/author\/admin\/"},"comment_info":0,"_links":{"self":[{"href":"https:\/\/plastic-machines.org\/vi\/wp-json\/wp\/v2\/pages\/2","targetHints":{"allow":["GET"]}}],"collection":[{"href":"https:\/\/plastic-machines.org\/vi\/wp-json\/wp\/v2\/pages"}],"about":[{"href":"https:\/\/plastic-machines.org\/vi\/wp-json\/wp\/v2\/types\/page"}],"author":[{"embeddable":true,"href":"https:\/\/plastic-machines.org\/vi\/wp-json\/wp\/v2\/users\/1"}],"replies":[{"embeddable":true,"href":"https:\/\/plastic-machines.org\/vi\/wp-json\/wp\/v2\/comments?post=2"}],"version-history":[{"count":0,"href":"https:\/\/plastic-machines.org\/vi\/wp-json\/wp\/v2\/pages\/2\/revisions"}],"wp:attachment":[{"href":"https:\/\/plastic-machines.org\/vi\/wp-json\/wp\/v2\/media?parent=2"}],"curies":[{"name":"wp","href":"https:\/\/api.w.org\/{rel}","templated":true}]}}