{"id":1597,"date":"2024-11-28T14:23:04","date_gmt":"2024-11-28T06:23:04","guid":{"rendered":"https:\/\/plastic-machines.org\/?page_id=1597"},"modified":"2024-11-28T14:23:05","modified_gmt":"2024-11-28T06:23:05","slug":"frequently-asked-questions","status":"publish","type":"page","link":"https:\/\/plastic-machines.org\/vi\/frequently-asked-questions\/","title":{"rendered":"C\u00e2u h\u1ecfi th\u01b0\u1eddng g\u1eb7p"},"content":{"rendered":"<p>\u0110\u1ea7u t\u01b0 v\u00e0o m\u00e1y t\u00e1i ch\u1ebf nh\u1ef1a l\u00e0 m\u1ed9t quy\u1ebft \u0111\u1ecbnh t\u1ed1n k\u00e9m, v\u00ec v\u1eady ch\u00fang t\u00f4i khuy\u00ean b\u1ea1n n\u00ean \u0111\u1eb7t th\u00eam c\u00e2u h\u1ecfi v\u1ec1 m\u00e1y m\u00f3c v\u00e0 c\u00e1c d\u1ecbch v\u1ee5 li\u00ean quan. D\u01b0\u1edbi \u0111\u00e2y l\u00e0 nh\u1eefng C\u00e2u h\u1ecfi th\u01b0\u1eddng g\u1eb7p m\u00e0 ch\u00fang t\u00f4i nh\u1eadn \u0111\u01b0\u1ee3c nh\u1eefng c\u00e2u h\u1ecfi th\u01b0\u1eddng g\u1eb7p nh\u1ea5t. N\u1ebfu b\u1ea1n c\u00f3 nh\u1eefng \u0111i\u1ec3m kh\u00e1c c\u1ea7n bi\u1ebft, h\u00e3y li\u00ean h\u1ec7 v\u1edbi ch\u00fang t\u00f4i b\u1ea5t c\u1ee9 l\u00fac n\u00e0o. <\/p>    <h2 class=\"wp-block-heading\">Gi\u1edbi thi\u1ec7u v\u1ec1 nh\u00e0 s\u1ea3n xu\u1ea5t m\u00e1y nh\u1ef1a Shuliy<\/h2>   <div id=\"rank-math-faq\" class=\"rank-math-block\"> <div class=\"rank-math-list\"> <div id=\"faq-question-1732763357448\" class=\"rank-math-list-item\"> <h3 class=\"rank-math-question\">B\u1ea1n l\u00e0 c\u00f4ng ty th\u01b0\u01a1ng m\u1ea1i hay nh\u00e0 m\u00e1y?<\/h3> <div class=\"rank-math-answer\">  <p>Shuliy l\u00e0 nh\u00e0 s\u1ea3n xu\u1ea5t m\u00e1y t\u00e1i ch\u1ebf nh\u1ef1a v\u1edbi h\u01a1n 10 n\u0103m kinh nghi\u1ec7m, ch\u00fang t\u00f4i c\u00f3 nh\u00e0 m\u00e1y ri\u00eang. <\/p>  <\/div> <\/div> <div id=\"faq-question-1732763512463\" class=\"rank-math-list-item\"> <h3 class=\"rank-math-question\">Nh\u00e0 m\u00e1y c\u1ee7a b\u1ea1n \u1edf \u0111\u00e2u?<\/h3> <div class=\"rank-math-answer\">  <p>Shuliy M\u00e1y m\u00f3c \u0111\u01b0\u1ee3c \u0111\u1eb7t t\u1ea1i Zhengzhou, t\u1ec9nh H\u00e0 Nam, Trung Qu\u1ed1c. \u0110\u1ecba ch\u1ec9: Khu ph\u00e1t tri\u1ec3n kinh t\u1ebf Tr\u1ecbnh Ch\u00e2u \u0110\u01b0\u1eddng s\u1ed1 9, Jingkai.<\/p>  <\/div> <\/div> <div id=\"faq-question-1732763533916\" class=\"rank-math-list-item\"> <h3 class=\"rank-math-question\">T\u00f4i c\u00f3 th\u1ec3 gh\u00e9 th\u0103m nh\u00e0 m\u00e1y c\u1ee7a b\u1ea1n kh\u00f4ng?<\/h3> <div class=\"rank-math-answer\">  <p>V\u00e2ng t\u1ea5t nhi\u00ean! B\u1ea1n \u0111\u01b0\u1ee3c ch\u00e0o \u0111\u00f3n \u0111\u1ebfn c\u00f4ng ty v\u00e0 nh\u00e0 m\u00e1y c\u1ee7a ch\u00fang t\u00f4i. Mua m\u1ed9t b\u1ed9 m\u00e1y t\u00e1i ch\u1ebf nh\u1ef1a r\u1ea5t t\u1ed1n k\u00e9m, b\u1ea1n n\u00ean \u0111\u1ebfn xem tr\u1ef1c ti\u1ebfp m\u00e1y c\u1ee7a ch\u00fang t\u00f4i, xem h\u00ecnh d\u00e1ng b\u00ean ngo\u00e0i c\u1ee7a m\u00e1y v\u00e0 c\u00e1ch ch\u00fang ho\u1ea1t \u0111\u1ed9ng. <\/p>  <\/div> <\/div> <div id=\"faq-question-1732763562784\" class=\"rank-math-list-item\"> <h3 class=\"rank-math-question\">L\u00e0m th\u1ebf n\u00e0o \u0111\u1ec3 t\u00f4i \u0111i \u0111\u1ebfn nh\u00e0 m\u00e1y c\u1ee7a b\u1ea1n?<\/h3> <div class=\"rank-math-answer\">  <p>\u0110\u00e1p chuy\u1ebfn bay \u0111\u1ebfn S\u00e2n bay Qu\u1ed1c t\u1ebf Xinzheng \u1edf Trung Qu\u1ed1c, ra t\u1ea1i Nh\u00e0 ga T2, t\u00e0i x\u1ebf v\u00e0 \u0111\u1ed9i ng\u0169 b\u00e1n h\u00e0ng c\u1ee7a ch\u00fang t\u00f4i s\u1ebd \u0111\u00f3n b\u1ea1n t\u1ea1i l\u1ed1i ra v\u00e0 c\u00e1c b\u1ea1n s\u1ebd c\u00f9ng nhau \u0111i \u0111\u1ebfn nh\u00e0 m\u00e1y, l\u00e1i xe kho\u1ea3ng m\u1ed9t gi\u1edd.<\/p>  <\/div> <\/div> <div id=\"faq-question-1732765124586\" class=\"rank-math-list-item\"> <h3 class=\"rank-math-question\">Nh\u1eefng g\u00ec mong \u0111\u1ee3i trong chuy\u1ebfn th\u0103m?<\/h3> <div class=\"rank-math-answer\">  <p>B\u1ea1n c\u00f3 th\u1ec3 ki\u1ec3m tra v\u0103n ph\u00f2ng v\u00e0 \u0111\u1ed9i ng\u0169 b\u00e1n h\u00e0ng c\u1ee7a ch\u00fang t\u00f4i, h\u1ecd l\u00e0 ng\u01b0\u1eddi n\u00f3i chuy\u1ec7n v\u1edbi b\u1ea1n tr\u00ean WhatsApp v\u00e0 cung c\u1ea5p cho b\u1ea1n d\u1ecbch v\u1ee5 kh\u00e1ch h\u00e0ng \u1edf m\u1ee9c cao nh\u1ea5t.<br \/>Sau \u0111\u00f3, b\u1ea1n c\u00f3 th\u1ec3 ki\u1ec3m tra m\u00e1y t\u00e1i ch\u1ebf c\u1ee7a ch\u00fang t\u00f4i v\u00e0 tr\u1ef1c ti\u1ebfp xem qu\u00e1 tr\u00ecnh ch\u1ea1y th\u1eed. D\u1ef1a tr\u00ean ki\u1ec3m tra tr\u1ef1c quan, b\u1ea1n s\u1ebd d\u1ec5 d\u00e0ng nh\u1eadn th\u1ea5y tay ngh\u1ec1 xu\u1ea5t s\u1eafc c\u1ee7a m\u00e1y.<\/p>  <\/div> <\/div> <div id=\"faq-question-1732765082445\" class=\"rank-math-list-item\"> <h3 class=\"rank-math-question\">T\u1ea1i sao ch\u1ecdn nh\u00e0 s\u1ea3n xu\u1ea5t m\u00e1y t\u00e1i ch\u1ebf nh\u1ef1a Shuliy?<\/h3> <div class=\"rank-math-answer\">  <p>L\u00e0 nh\u00e0 cung c\u1ea5p m\u00e1y t\u00e1i ch\u1ebf nh\u1ef1a chuy\u00ean nghi\u1ec7p, ch\u00fang t\u00f4i \u0111\u00e3 c\u1ea3i ti\u1ebfn ph\u01b0\u01a1ng ph\u00e1p s\u1ea3n xu\u1ea5t c\u1ee7a m\u00ecnh, cung c\u1ea5p m\u00e1y ch\u1ea5t l\u01b0\u1ee3ng cao nh\u1ea5t v\u1edbi c\u00e1c b\u1ed9 ph\u1eadn m\u00e1y t\u1ed1t nh\u1ea5t. Qua quan s\u00e1t, b\u1ea1n s\u1ebd th\u1ea5y r\u1eb1ng m\u00e1y c\u1ee7a ch\u00fang t\u00f4i ch\u1ea1y nhanh h\u01a1n, v\u1eadt li\u1ec7u d\u00e0y h\u01a1n, d\u00f9 l\u00e0 thi\u1ebft b\u1ecb l\u00e0m s\u1ea1ch, nghi\u1ec1n hay t\u1ea1o vi\u00ean, ch\u00fang t\u00f4i kh\u00f4ng ng\u1eebng c\u1ea3i ti\u1ebfn c\u00e1c chi ti\u1ebft \u0111\u1ec3 hi\u1ec7u qu\u1ea3 t\u00e1i ch\u1ebf c\u1ee7a m\u00e1y ti\u1ebfp t\u1ee5c \u0111\u01b0\u1ee3c c\u1ea3i thi\u1ec7n.<\/p>  <\/div> <\/div> <\/div> <\/div>   <h2 class=\"wp-block-heading\">V\u1ec1 quy tr\u00ecnh \u0111\u1eb7t h\u00e0ng<\/h2>    <p>D\u01b0\u1edbi \u0111\u00e2y l\u00e0 nh\u1eefng c\u00e2u h\u1ecfi th\u01b0\u1eddng g\u1eb7p v\u1ec1 qu\u00e1 tr\u00ecnh \u0111\u1eb7t h\u00e0ng.<\/p>   <div id=\"rank-math-faq\" class=\"rank-math-block\"> <div class=\"rank-math-list\"> <div id=\"faq-question-1732765274262\" class=\"rank-math-list-item\"> <h3 class=\"rank-math-question\">L\u00e0m c\u00e1ch n\u00e0o \u0111\u1ec3 \u0111\u1eb7t h\u00e0ng?<\/h3> <div class=\"rank-math-answer\">  <p>B\u01b0\u1edbc \u0111\u1ea7u ti\u00ean l\u00e0 k\u1ebft n\u1ed1i v\u1edbi ch\u00fang t\u00f4i v\u00e0 cho ch\u00fang t\u00f4i bi\u1ebft b\u1ea1n c\u1ea7n lo\u1ea1i m\u00e1y n\u00e0o c\u0169ng nh\u01b0 s\u1ea3n l\u01b0\u1ee3ng mong mu\u1ed1n c\u1ee7a b\u1ea1n. Sau \u0111\u00f3, b\u1ea1n s\u1ebd nh\u1eadn \u0111\u01b0\u1ee3c d\u1ecbch v\u1ee5 kh\u00e1ch h\u00e0ng chu \u0111\u00e1o \u1edf m\u1ee9c cao nh\u1ea5t. <\/p>  <\/div> <\/div> <div id=\"faq-question-1732765297651\" class=\"rank-math-list-item\"> <h3 class=\"rank-math-question\">Th\u1eddi gian giao h\u00e0ng sau khi t\u00f4i \u0111\u1eb7t h\u00e0ng l\u00e0 bao l\u00e2u?<\/h3> <div class=\"rank-math-answer\">  <p>Th\u1eddi gian giao h\u00e0ng ti\u00eau chu\u1ea9n c\u1ee7a ch\u00fang t\u00f4i l\u00e0 20-25 ng\u00e0y l\u00e0m vi\u1ec7c sau khi thanh to\u00e1n ti\u1ec1n \u0111\u1eb7t c\u1ecdc. \u0110\u1ed1i v\u1edbi d\u00e2y chuy\u1ec1n t\u00e1i ch\u1ebf ho\u00e0n ch\u1ec9nh, th\u1eddi gian th\u1ef1c hi\u1ec7n c\u00f3 th\u1ec3 k\u00e9o d\u00e0i \u0111\u1ebfn 30 ng\u00e0y l\u00e0m vi\u1ec7c.<\/p>  <\/div> <\/div> <div id=\"faq-question-1732765549681\" class=\"rank-math-list-item\"> <h3 class=\"rank-math-question\">M\u00e1y c\u1ee7a b\u1ea1n c\u00f3 \u0111\u01b0\u1ee3c ch\u1ee9ng nh\u1eadn CE kh\u00f4ng?<\/h3> <div class=\"rank-math-answer\">  <p>M\u00e1y c\u1ee7a ch\u00fang t\u00f4i \u0111\u00e3 th\u00f4ng qua ch\u1ee9ng nh\u1eadn CE. N\u1ebfu b\u1ea1n c\u1ea7n ch\u1ee9ng nh\u1eadn kh\u00e1c \u0111\u1ec3 s\u1eed d\u1ee5ng m\u00e1y \u1edf qu\u1ed1c gia c\u1ee7a m\u00ecnh, b\u1ea1n c\u00f3 th\u1ec3 cho ch\u00fang t\u00f4i bi\u1ebft, ch\u00fang t\u00f4i c\u00f3 r\u1ea5t nhi\u1ec1u kinh nghi\u1ec7m li\u00ean quan.<\/p>  <\/div> <\/div> <div id=\"faq-question-1732765583791\" class=\"rank-math-list-item\"> <h3 class=\"rank-math-question\">Th\u1eddi gian b\u1ea3o h\u00e0nh cho m\u00e1y t\u00e1i ch\u1ebf c\u1ee7a b\u1ea1n l\u00e0 bao l\u00e2u?<\/h3> <div class=\"rank-math-answer\">  <p>B\u1ea3o h\u00e0nh m\u00e1y t\u00e1i ch\u1ebf c\u1ee7a ch\u00fang t\u00f4i l\u00e0 m\u1ed9t n\u0103m.<\/p>  <\/div> <\/div> <div id=\"faq-question-1732765630702\" class=\"rank-math-list-item\"> <h3 class=\"rank-math-question\">M\u00e1y c\u1ee7a b\u1ea1n c\u00f3 ho\u1ea1t \u0111\u1ed9ng \u1edf n\u01b0\u1edbc t\u00f4i kh\u00f4ng?<\/h3> <div class=\"rank-math-answer\">  <p>C\u00f3, t\u1ea5t c\u1ea3 c\u00e1c m\u00e1y t\u00e1i ch\u1ebf nh\u1ef1a c\u1ee7a ch\u00fang t\u00f4i \u0111\u1ec1u c\u00f3 th\u1ec3 ho\u1ea1t \u0111\u1ed9ng \u1edf qu\u1ed1c gia c\u1ee7a b\u1ea1n. M\u00e1y c\u1ee7a ch\u00fang t\u00f4i \u0111\u01b0\u1ee3c s\u1ea3n xu\u1ea5t theo ti\u00eau chu\u1ea9n c\u1ee7a qu\u1ed1c gia m\u00e0 n\u00f3 s\u1ebd ph\u1ee5c v\u1ee5. N\u1ebfu qu\u1ed1c gia c\u1ee7a b\u1ea1n c\u00f3 chi\u1ebfn l\u01b0\u1ee3c m\u00f4i tr\u01b0\u1eddng \u0111\u1eb7c bi\u1ec7t, b\u1ea1n c\u0169ng c\u00f3 th\u1ec3 cho ch\u00fang t\u00f4i bi\u1ebft. <\/p>  <\/div> <\/div> <div id=\"faq-question-1732765647746\" class=\"rank-math-list-item\"> <h3 class=\"rank-math-question\">M\u00e1y t\u00e1i ch\u1ebf nh\u1ef1a c\u1ee7a b\u1ea1n c\u00f3 gi\u00e1 bao nhi\u00eau?<\/h3> <div class=\"rank-math-answer\">  <p>V\u00ec gi\u00e1 v\u1eadn chuy\u1ec3n, ki\u1ec3u m\u00e1y, ti\u1ec1n t\u1ec7 v\u00e0 c\u00e1c y\u1ebfu t\u1ed1 kh\u00e1c \u1edf m\u1ed7i qu\u1ed1c gia kh\u00e1c nhau n\u00ean chi ph\u00ed c\u1ee7a m\u1ed7i \u0111\u01a1n h\u00e0ng c\u0169ng kh\u00e1c nhau. \u0110\u1ec3 bi\u1ebft b\u00e1o gi\u00e1 chi ti\u1ebft v\u1ec1 m\u00e1y t\u00e1i ch\u1ebf, b\u1ea1n c\u00f3 th\u1ec3 li\u00ean h\u1ec7 v\u1edbi ch\u00fang t\u00f4i. <\/p>  <\/div> <\/div> <div id=\"faq-question-1732765673123\" class=\"rank-math-list-item\"> <h3 class=\"rank-math-question\">M\u00e1y c\u00f3 \u0111\u01b0\u1ee3c ki\u1ec3m tra tr\u01b0\u1edbc khi giao h\u00e0ng kh\u00f4ng?<\/h3> <div class=\"rank-math-answer\">  <p>C\u00f3, t\u1ea5t c\u1ea3 m\u00e1y m\u00f3c v\u00e0 nh\u00e0 m\u00e1y t\u00e1i ch\u1ebf ho\u00e0n ch\u1ec9nh c\u1ee7a ch\u00fang t\u00f4i s\u1ebd \u0111\u01b0\u1ee3c ki\u1ec3m tra tr\u01b0\u1edbc khi giao h\u00e0ng. Ch\u00fang t\u00f4i c\u0169ng s\u1ebd g\u1eedi video v\u00e0 h\u00ecnh \u1ea3nh th\u1eed nghi\u1ec7m m\u00e1y cho b\u1ea1n. <\/p>  <\/div> <\/div> <div id=\"faq-question-1732765717919\" class=\"rank-math-list-item\"> <h3 class=\"rank-math-question\">B\u1ea1n c\u00f3 th\u1ec3 c\u00e0i \u0111\u1eb7t m\u00e1y cho ch\u00fang t\u00f4i?<\/h3> <div class=\"rank-math-answer\">  <p>Ch\u00fang t\u00f4i cung c\u1ea5p h\u01b0\u1edbng d\u1eabn c\u00e0i \u0111\u1eb7t cho t\u1eebng m\u00e1y. \u0110\u1ed1i v\u1edbi c\u00e1c d\u00e2y chuy\u1ec1n t\u00e1i ch\u1ebf l\u1edbn, ch\u00fang t\u00f4i c\u00f3 th\u1ec3 s\u1eafp x\u1ebfp m\u1ed9t k\u1ef9 s\u01b0 c\u01a1 kh\u00ed \u0111\u1ebfn qu\u1ed1c gia c\u1ee7a b\u1ea1n \u0111\u1ec3 h\u1ed7 tr\u1ee3 l\u1eafp \u0111\u1eb7t, v\u1eadn h\u00e0nh m\u00e1y v\u00e0 \u0111\u00e0o t\u1ea1o c\u00f4ng nh\u00e2n.<br \/>Nh\u00e2n ti\u1ec7n, th\u1eddi gian c\u00e0i \u0111\u1eb7t th\u01b0\u1eddng t\u1eeb 7 \u0111\u1ebfn 20 ng\u00e0y, t\u00f9y thu\u1ed9c v\u00e0o quy m\u00f4 d\u1ef1 \u00e1n c\u1ee7a b\u1ea1n.<\/p>  <\/div> <\/div> <div id=\"faq-question-1732765810341\" class=\"rank-math-list-item\"> <h3 class=\"rank-math-question\">L\u00e0m c\u00e1ch n\u00e0o \u0111\u1ec3 mua ph\u1ee5 t\u00f9ng thay th\u1ebf?<\/h3> <div class=\"rank-math-answer\">  <p>T\u1ea1i th\u1eddi \u0111i\u1ec3m giao h\u00e0ng, ch\u00fang t\u00f4i s\u1ebd chu\u1ea9n b\u1ecb th\u00eam c\u00e1c b\u1ed9 ph\u1eadn c\u00f3 th\u1ec3 \u0111eo \u0111\u01b0\u1ee3c cho b\u1ea1n. Khi b\u1ea1n c\u1ea7n th\u00eam sau n\u00e0y, ch\u00fang t\u00f4i c\u00f3 r\u1ea5t nhi\u1ec1u ph\u1ee5 t\u00f9ng trong kho, v\u00ec v\u1eady vui l\u00f2ng li\u00ean h\u1ec7 v\u1edbi ch\u00fang t\u00f4i.<\/p>  <\/div> <\/div> <div id=\"faq-question-1732771420060\" class=\"rank-math-list-item\"> <h3 class=\"rank-math-question\">B\u1ea1n cung c\u1ea5p nh\u1eefng g\u00ec sau d\u1ecbch v\u1ee5?<\/h3> <div class=\"rank-math-answer\">  <p>Sau khi mua m\u00e1y c\u1ee7a ch\u00fang t\u00f4i, nh\u00e2n vi\u00ean b\u00e1n h\u00e0ng c\u1ee7a ch\u00fang t\u00f4i s\u1ebd gi\u1eef li\u00ean l\u1ea1c v\u1edbi b\u1ea1n cho \u0111\u1ebfn khi m\u00e1y c\u1ee7a b\u1ea1n ho\u1ea1t \u0111\u1ed9ng tr\u01a1n tru. Nhi\u1ec1u kh\u00e1ch h\u00e0ng c\u1ee7a ch\u00fang t\u00f4i chia s\u1ebb cho ch\u00fang t\u00f4i video v\u1ec1 ho\u1ea1t \u0111\u1ed9ng c\u1ee7a m\u00e1y c\u1ee7a h\u1ecd v\u00e0 h\u00e0i l\u00f2ng v\u1edbi d\u1ecbch v\u1ee5 c\u1ee7a ch\u00fang t\u00f4i. Shuliy s\u1ebd lu\u00f4n l\u00e0 \u0111\u1ed1i t\u00e1c trung th\u00e0nh c\u1ee7a b\u1ea1n sau khi h\u1ee3p t\u00e1c \u0111\u01b0\u1ee3c th\u1ef1c hi\u1ec7n.<\/p>  <\/div> <\/div> <\/div> <\/div>","protected":false},"excerpt":{"rendered":"<p>Investing in plastic recycling machines is a costly decision, so we recommend asking more questions about the machines and related services. Below are the FAQs we received the most commonly asked questions. If you have other points to know, contact us anytime. About Shuliy plastic machine manufaturer About ordering process Below are the frequently asked [&hellip;]<\/p>\n","protected":false},"author":1,"featured_media":0,"parent":0,"menu_order":0,"comment_status":"closed","ping_status":"closed","template":"","meta":{"_kad_blocks_custom_css":"","_kad_blocks_head_custom_js":"","_kad_blocks_body_custom_js":"","_kad_blocks_footer_custom_js":"","footnotes":""},"class_list":["post-1597","page","type-page","status-publish","hentry"],"taxonomy_info":[],"featured_image_src_large":false,"author_info":{"display_name":"Ella","author_link":"https:\/\/plastic-machines.org\/vi\/author\/admin\/"},"comment_info":0,"_links":{"self":[{"href":"https:\/\/plastic-machines.org\/vi\/wp-json\/wp\/v2\/pages\/1597","targetHints":{"allow":["GET"]}}],"collection":[{"href":"https:\/\/plastic-machines.org\/vi\/wp-json\/wp\/v2\/pages"}],"about":[{"href":"https:\/\/plastic-machines.org\/vi\/wp-json\/wp\/v2\/types\/page"}],"author":[{"embeddable":true,"href":"https:\/\/plastic-machines.org\/vi\/wp-json\/wp\/v2\/users\/1"}],"replies":[{"embeddable":true,"href":"https:\/\/plastic-machines.org\/vi\/wp-json\/wp\/v2\/comments?post=1597"}],"version-history":[{"count":0,"href":"https:\/\/plastic-machines.org\/vi\/wp-json\/wp\/v2\/pages\/1597\/revisions"}],"wp:attachment":[{"href":"https:\/\/plastic-machines.org\/vi\/wp-json\/wp\/v2\/media?parent=1597"}],"curies":[{"name":"wp","href":"https:\/\/api.w.org\/{rel}","templated":true}]}}