{"id":901,"date":"2023-07-25T16:02:31","date_gmt":"2023-07-25T08:02:31","guid":{"rendered":"https:\/\/plastic-machines.org\/?post_type=product&#038;p=901"},"modified":"2025-11-18T09:48:33","modified_gmt":"2025-11-18T01:48:33","slug":"plastic-shredder-for-recycling-rigid-plastics","status":"publish","type":"product","link":"https:\/\/plastic-machines.org\/tr\/product\/plastic-shredder-for-recycling-rigid-plastics\/","title":{"rendered":"Sert plastiklerin geri d\u00f6n\u00fc\u015f\u00fcm\u00fc i\u00e7in plastik par\u00e7alay\u0131c\u0131"},"content":{"rendered":"<div class=\"kk-star-ratings kksr-auto kksr-align-left kksr-valign-top\"     data-payload='{&quot;align&quot;:&quot;left&quot;,&quot;id&quot;:&quot;901&quot;,&quot;slug&quot;:&quot;default&quot;,&quot;valign&quot;:&quot;top&quot;,&quot;ignore&quot;:&quot;&quot;,&quot;reference&quot;:&quot;auto&quot;,&quot;class&quot;:&quot;&quot;,&quot;count&quot;:&quot;3&quot;,&quot;legendonly&quot;:&quot;&quot;,&quot;readonly&quot;:&quot;&quot;,&quot;score&quot;:&quot;5&quot;,&quot;starsonly&quot;:&quot;&quot;,&quot;best&quot;:&quot;5&quot;,&quot;gap&quot;:&quot;5&quot;,&quot;greet&quot;:&quot;Rate this product&quot;,&quot;legend&quot;:&quot;5\\\/5 - (3 votes)&quot;,&quot;size&quot;:&quot;24&quot;,&quot;title&quot;:&quot;Plastic shredder for recycling rigid plastics&quot;,&quot;width&quot;:&quot;142.5&quot;,&quot;_legend&quot;:&quot;{score}\\\/{best} - ({count} {votes})&quot;,&quot;font_factor&quot;:&quot;1.25&quot;}'>              <div class=\"kksr-stars\">      <div class=\"kksr-stars-inactive\">             <div class=\"kksr-star\" data-star=\"1\" style=\"padding-right: 5px\">               <div class=\"kksr-icon\" style=\"width: 24px; height: 24px;\"><\/div>         <\/div>             <div class=\"kksr-star\" data-star=\"2\" style=\"padding-right: 5px\">               <div class=\"kksr-icon\" style=\"width: 24px; height: 24px;\"><\/div>         <\/div>             <div class=\"kksr-star\" data-star=\"3\" style=\"padding-right: 5px\">               <div class=\"kksr-icon\" style=\"width: 24px; height: 24px;\"><\/div>         <\/div>             <div class=\"kksr-star\" data-star=\"4\" style=\"padding-right: 5px\">               <div class=\"kksr-icon\" style=\"width: 24px; height: 24px;\"><\/div>         <\/div>             <div class=\"kksr-star\" data-star=\"5\" style=\"padding-right: 5px\">               <div class=\"kksr-icon\" style=\"width: 24px; height: 24px;\"><\/div>         <\/div>     <\/div>      <div class=\"kksr-stars-active\" style=\"width: 142.5px;\">             <div class=\"kksr-star\" style=\"padding-right: 5px\">               <div class=\"kksr-icon\" style=\"width: 24px; height: 24px;\"><\/div>         <\/div>             <div class=\"kksr-star\" style=\"padding-right: 5px\">               <div class=\"kksr-icon\" style=\"width: 24px; height: 24px;\"><\/div>         <\/div>             <div class=\"kksr-star\" style=\"padding-right: 5px\">               <div class=\"kksr-icon\" style=\"width: 24px; height: 24px;\"><\/div>         <\/div>             <div class=\"kksr-star\" style=\"padding-right: 5px\">               <div class=\"kksr-icon\" style=\"width: 24px; height: 24px;\"><\/div>         <\/div>             <div class=\"kksr-star\" style=\"padding-right: 5px\">               <div class=\"kksr-icon\" style=\"width: 24px; height: 24px;\"><\/div>         <\/div>     <\/div> <\/div>                   <div class=\"kksr-legend\" style=\"font-size: 19.2px;\">             5\/5 - (3 oy)    <\/div>     <\/div>  <p>Geri d\u00f6n\u00fc\u015f\u00fcme y\u00f6nelik plastik par\u00e7alay\u0131c\u0131, plastik borular, plastik variller, plastik topaklar vb. gibi sert plastikleri k\u0131rmak i\u00e7in kullan\u0131l\u0131r.<\/p>    <h2 class=\"wp-block-heading\">End\u00fcstriyel plastik par\u00e7alay\u0131c\u0131 makinenin \u00f6zellikleri <\/h2>    <ul class=\"wp-block-list\"> <li><strong>G\u00fc\u00e7l\u00fc k\u0131rma yetene\u011fi<\/strong>. Sert plastikler genellikle y\u00fcksek s\u0131k\u0131\u015ft\u0131rma ve a\u015f\u0131nma direncine sahiptir ve sert plastikleri k\u0131rma konusunda uzmanla\u015fm\u0131\u015f plastik par\u00e7alay\u0131c\u0131 bu \u00f6zelliklerle ba\u015fa \u00e7\u0131kabilir ve sert plastikleri etkili bir \u015fekilde k\u00fc\u00e7\u00fck par\u00e7ac\u0131klara ay\u0131rabilir.<\/li>    <li><strong>Dayan\u0131kl\u0131 b\u0131\u00e7aklar ve a\u015f\u0131nm\u0131\u015f par\u00e7alar<\/strong>. Sert plastiklerin y\u00fcksek sertli\u011fi ve a\u015f\u0131nma direnciyle ba\u015fa \u00e7\u0131kabilmek i\u00e7in plastik par\u00e7alay\u0131c\u0131da uzun s\u00fcre istikrarl\u0131 \u00e7al\u0131\u015fmay\u0131 sa\u011flamak amac\u0131yla genellikle y\u00fcksek kaliteli b\u0131\u00e7aklar ve a\u015f\u0131nan par\u00e7alar kullan\u0131l\u0131r.<\/li>    <li><strong>Kararl\u0131 \u00e7al\u0131\u015fma<\/strong>. Sert plastiklerin k\u0131rma i\u015flemi daha fazla g\u00fc\u00e7 ve daha stabil \u00e7al\u0131\u015fma gerektirir, bu nedenle bu k\u0131r\u0131c\u0131lar genellikle verimli ve stabil bir k\u0131rma i\u015flemi sa\u011flamak i\u00e7in g\u00fc\u00e7l\u00fc motorlar ve stabil kontrol sistemleriyle donat\u0131lm\u0131\u015ft\u0131r.<\/li>    <li><strong>Profesyonel tasar\u0131m<\/strong>. Sert plastiklerin \u00f6zelliklerine uyum sa\u011flamak i\u00e7in bu tip end\u00fcstriyel plastik par\u00e7alama makinesi genellikle k\u0131rma odas\u0131n\u0131n yap\u0131s\u0131, besleme modu, b\u0131\u00e7ak d\u00fczeni vb. dahil olmak \u00fczere profesyonelce tasarlan\u0131r. Fabrikadan \u00e7\u0131kmadan \u00f6nce her par\u00e7alama makinesi bir i\u015flem yapacakt\u0131r. B\u0131\u00e7a\u011f\u0131n kalite gereksinimlerini kar\u015f\u0131lad\u0131\u011f\u0131ndan emin olmak i\u00e7in dinamik denge testi.<\/li> <\/ul>    <h2 class=\"wp-block-heading\">Geri d\u00f6n\u00fc\u015f\u00fcm i\u00e7in plastik par\u00e7alay\u0131c\u0131n\u0131n parametreleri<\/h2>    <figure class=\"wp-block-table\"><table><tbody><tr><td>Tip<\/td><td>SL-600<\/td><td>SL-800<\/td><td>SL-1000<\/td><\/tr><tr><td>G\u00fc\u00e7<\/td><td>30 kw<\/td><td>45 kw<\/td><td>55 kw<\/td><\/tr><tr><td>Kapasite<\/td><td>800kg\/saat<\/td><td>1000kg\/saat<\/td><td>1200kg\/saat<\/td><\/tr><tr><td>B\u0131\u00e7ak malzemesi <\/td><td>60Si2Mn<\/td><td>60Si2Mn<\/td><td>60Si2Mn<\/td><\/tr><tr><td>B\u0131\u00e7ak adeti<\/td><td>&nbsp;10 par\u00e7a<\/td><td>&nbsp;10 par\u00e7a&nbsp;<\/td><td>10 par\u00e7a&nbsp;<\/td><\/tr><\/tbody><\/table><figcaption class=\"wp-element-caption\">plastik par\u00e7alay\u0131c\u0131 parametreleri<\/figcaption><\/figure>    <ul class=\"wp-block-list\"> <li>Shuliy plastik par\u00e7alay\u0131c\u0131lar\u0131n tamam\u0131 CE sertifikal\u0131d\u0131r.<\/li>    <li>Taleplerinize g\u00f6re daha b\u00fcy\u00fck model par\u00e7alama makinesi sunuyoruz.<\/li> <\/ul>    <h2 class=\"wp-block-heading\">Ek resimler<\/h2>    <figure class=\"wp-block-gallery has-nested-images columns-default is-cropped wp-block-gallery-2 is-layout-flex wp-block-gallery-is-layout-flex\"> <figure class=\"wp-block-image size-large\"><img loading=\"lazy\" decoding=\"async\" width=\"768\" height=\"1024\" data-id=\"909\" src=\"https:\/\/plastic-machines.org\/wp-content\/uploads\/2023\/07\/plastic-shredder-machine-768x1024.webp\" alt=\"sert plastik k\u0131r\u0131c\u0131 makinesi sert malzemeler i\u00e7in\" class=\"wp-image-909\" srcset=\"https:\/\/plastic-machines.org\/wp-content\/uploads\/2023\/07\/plastic-shredder-machine-768x1024.webp 768w, https:\/\/plastic-machines.org\/wp-content\/uploads\/2023\/07\/plastic-shredder-machine-225x300.webp 225w, https:\/\/plastic-machines.org\/wp-content\/uploads\/2023\/07\/plastic-shredder-machine-1152x1536.webp 1152w, https:\/\/plastic-machines.org\/wp-content\/uploads\/2023\/07\/plastic-shredder-machine.webp 1276w\" sizes=\"auto, (max-width: 768px) 100vw, 768px\" \/><figcaption class=\"wp-element-caption\">sert plastik k\u0131r\u0131c\u0131 makinesi sert malzemeler i\u00e7in<\/figcaption><\/figure>    <figure class=\"wp-block-image size-large\"><img loading=\"lazy\" decoding=\"async\" width=\"768\" height=\"1024\" data-id=\"908\" src=\"https:\/\/plastic-machines.org\/wp-content\/uploads\/2023\/07\/plastic-shredder-machine-2-768x1024.webp\" alt=\"plastik par\u00e7alay\u0131c\u0131 makinesi \" class=\"wp-image-908\" srcset=\"https:\/\/plastic-machines.org\/wp-content\/uploads\/2023\/07\/plastic-shredder-machine-2-768x1024.webp 768w, https:\/\/plastic-machines.org\/wp-content\/uploads\/2023\/07\/plastic-shredder-machine-2-225x300.webp 225w, https:\/\/plastic-machines.org\/wp-content\/uploads\/2023\/07\/plastic-shredder-machine-2-1152x1536.webp 1152w, https:\/\/plastic-machines.org\/wp-content\/uploads\/2023\/07\/plastic-shredder-machine-2.webp 1276w\" sizes=\"auto, (max-width: 768px) 100vw, 768px\" \/><figcaption class=\"wp-element-caption\">plastik par\u00e7alay\u0131c\u0131 makinesi <\/figcaption><\/figure> <\/figure>    <figure class=\"wp-block-gallery has-nested-images columns-default is-cropped wp-block-gallery-3 is-layout-flex wp-block-gallery-is-layout-flex\"> <figure class=\"wp-block-image size-large\"><img loading=\"lazy\" decoding=\"async\" width=\"768\" height=\"1024\" data-id=\"905\" src=\"https:\/\/plastic-machines.org\/wp-content\/uploads\/2023\/07\/plastic-film-shredder-3-768x1024.webp\" alt=\"plastik par\u00e7alay\u0131c\u0131 \" class=\"wp-image-905\" srcset=\"https:\/\/plastic-machines.org\/wp-content\/uploads\/2023\/07\/plastic-film-shredder-3-768x1024.webp 768w, https:\/\/plastic-machines.org\/wp-content\/uploads\/2023\/07\/plastic-film-shredder-3-225x300.webp 225w, https:\/\/plastic-machines.org\/wp-content\/uploads\/2023\/07\/plastic-film-shredder-3-1152x1536.webp 1152w, https:\/\/plastic-machines.org\/wp-content\/uploads\/2023\/07\/plastic-film-shredder-3.webp 1276w\" sizes=\"auto, (max-width: 768px) 100vw, 768px\" \/><figcaption class=\"wp-element-caption\">plastik par\u00e7alay\u0131c\u0131 <\/figcaption><\/figure>    <figure class=\"wp-block-image size-large\"><img loading=\"lazy\" decoding=\"async\" width=\"768\" height=\"1024\" data-id=\"904\" src=\"https:\/\/plastic-machines.org\/wp-content\/uploads\/2023\/07\/plastic-film-shredder-2-768x1024.webp\" alt=\"plastik par\u00e7alay\u0131c\u0131\" class=\"wp-image-904\" srcset=\"https:\/\/plastic-machines.org\/wp-content\/uploads\/2023\/07\/plastic-film-shredder-2-768x1024.webp 768w, https:\/\/plastic-machines.org\/wp-content\/uploads\/2023\/07\/plastic-film-shredder-2-225x300.webp 225w, https:\/\/plastic-machines.org\/wp-content\/uploads\/2023\/07\/plastic-film-shredder-2-1152x1536.webp 1152w, https:\/\/plastic-machines.org\/wp-content\/uploads\/2023\/07\/plastic-film-shredder-2.webp 1276w\" sizes=\"auto, (max-width: 768px) 100vw, 768px\" \/><figcaption class=\"wp-element-caption\">plastik par\u00e7alay\u0131c\u0131<\/figcaption><\/figure> <figcaption class=\"blocks-gallery-caption wp-element-caption\">sert plastiklerin geri d\u00f6n\u00fc\u015f\u00fcm\u00fc i\u00e7in plastik par\u00e7alay\u0131c\u0131<\/figcaption><\/figure>    <h2 class=\"wp-block-heading\">Sert plastik par\u00e7alay\u0131c\u0131 i\u00e7in sorular <\/h2>    <p>End\u00fcstriyel plastik par\u00e7alama makinas\u0131 ile ilgileniyorsan\u0131z sa\u011f k\u00f6\u015fedeki formu doldurunuz. <\/p>    <p class=\"translation-block\">Sat\u0131\u015f y\u00f6neticimiz size <a href=\"https:\/\/plastic-machines.org\/tr\/product\/pelletization-machine-for-rigid-plastic-recycling\/\">geri d\u00f6n\u00fc\u015f\u00fcm makineleri<\/a> tekliflerini en k\u0131sa s\u00fcrede g\u00f6nderecektir. <\/p>","protected":false},"excerpt":{"rendered":"<p>The plastic shredder for recycling is used to crush rigid plastics, such as plastic pipes, plastic drums, plastic lumps and so on. Features of industrial plastic shredder machine Parameters of plastic shredder for recycling Type SL-600 SL-800 SL-1000 Power 30&nbsp;kw 45 kw 55 kw Capacity 800kg\/h 1000kg\/h 1200kg\/h Knives material 60Si2Mn 60Si2Mn 60Si2Mn Knive qty [&hellip;]<\/p>\n","protected":false},"author":1,"featured_media":902,"parent":0,"template":"","tags":[51],"product-type":[15],"class_list":["post-901","product","type-product","status-publish","has-post-thumbnail","hentry","tag-rigid","product-type-plastic-crushing-equipment"],"taxonomy_info":{"post_tag":[{"value":51,"label":"rigid"}],"product-type":[{"value":15,"label":"Plastic Crushing Equipment"}]},"featured_image_src_large":["https:\/\/plastic-machines.org\/wp-content\/uploads\/2023\/07\/plastic-crusher-1.webp",720,540,false],"author_info":{"display_name":"Ella","author_link":"https:\/\/plastic-machines.org\/tr\/author\/admin\/"},"comment_info":"","_links":{"self":[{"href":"https:\/\/plastic-machines.org\/tr\/wp-json\/wp\/v2\/product\/901","targetHints":{"allow":["GET"]}}],"collection":[{"href":"https:\/\/plastic-machines.org\/tr\/wp-json\/wp\/v2\/product"}],"about":[{"href":"https:\/\/plastic-machines.org\/tr\/wp-json\/wp\/v2\/types\/product"}],"author":[{"embeddable":true,"href":"https:\/\/plastic-machines.org\/tr\/wp-json\/wp\/v2\/users\/1"}],"wp:featuredmedia":[{"embeddable":true,"href":"https:\/\/plastic-machines.org\/tr\/wp-json\/wp\/v2\/media\/902"}],"wp:attachment":[{"href":"https:\/\/plastic-machines.org\/tr\/wp-json\/wp\/v2\/media?parent=901"}],"wp:term":[{"taxonomy":"post_tag","embeddable":true,"href":"https:\/\/plastic-machines.org\/tr\/wp-json\/wp\/v2\/tags?post=901"},{"taxonomy":"product-type","embeddable":true,"href":"https:\/\/plastic-machines.org\/tr\/wp-json\/wp\/v2\/product-type?post=901"}],"curies":[{"name":"wp","href":"https:\/\/api.w.org\/{rel}","templated":true}]}}