{"id":899,"date":"2023-07-25T14:56:18","date_gmt":"2023-07-25T06:56:18","guid":{"rendered":"https:\/\/plastic-machines.org\/?post_type=product&#038;p=899"},"modified":"2026-03-24T09:45:27","modified_gmt":"2026-03-24T01:45:27","slug":"plastic-film-woven-bag-pelletizer-machine","status":"publish","type":"product","link":"https:\/\/plastic-machines.org\/tr\/product\/plastic-film-woven-bag-pelletizer-machine\/","title":{"rendered":"PP PE Plastik Film Dokuma \u00c7anta Peletleme Makinesi"},"content":{"rendered":"<div class=\"kk-star-ratings kksr-auto kksr-align-left kksr-valign-top\"     data-payload='{&quot;align&quot;:&quot;left&quot;,&quot;id&quot;:&quot;899&quot;,&quot;slug&quot;:&quot;default&quot;,&quot;valign&quot;:&quot;top&quot;,&quot;ignore&quot;:&quot;&quot;,&quot;reference&quot;:&quot;auto&quot;,&quot;class&quot;:&quot;&quot;,&quot;count&quot;:&quot;4&quot;,&quot;legendonly&quot;:&quot;&quot;,&quot;readonly&quot;:&quot;&quot;,&quot;score&quot;:&quot;5&quot;,&quot;starsonly&quot;:&quot;&quot;,&quot;best&quot;:&quot;5&quot;,&quot;gap&quot;:&quot;5&quot;,&quot;greet&quot;:&quot;Rate this product&quot;,&quot;legend&quot;:&quot;5\\\/5 - (4 votes)&quot;,&quot;size&quot;:&quot;24&quot;,&quot;title&quot;:&quot;PP PE Plastic Film Woven Bags Pelletizer Machine&quot;,&quot;width&quot;:&quot;142.5&quot;,&quot;_legend&quot;:&quot;{score}\\\/{best} - ({count} {votes})&quot;,&quot;font_factor&quot;:&quot;1.25&quot;}'>              <div class=\"kksr-stars\">      <div class=\"kksr-stars-inactive\">             <div class=\"kksr-star\" data-star=\"1\" style=\"padding-right: 5px\">               <div class=\"kksr-icon\" style=\"width: 24px; height: 24px;\"><\/div>         <\/div>             <div class=\"kksr-star\" data-star=\"2\" style=\"padding-right: 5px\">               <div class=\"kksr-icon\" style=\"width: 24px; height: 24px;\"><\/div>         <\/div>             <div class=\"kksr-star\" data-star=\"3\" style=\"padding-right: 5px\">               <div class=\"kksr-icon\" style=\"width: 24px; height: 24px;\"><\/div>         <\/div>             <div class=\"kksr-star\" data-star=\"4\" style=\"padding-right: 5px\">               <div class=\"kksr-icon\" style=\"width: 24px; height: 24px;\"><\/div>         <\/div>             <div class=\"kksr-star\" data-star=\"5\" style=\"padding-right: 5px\">               <div class=\"kksr-icon\" style=\"width: 24px; height: 24px;\"><\/div>         <\/div>     <\/div>      <div class=\"kksr-stars-active\" style=\"width: 142.5px;\">             <div class=\"kksr-star\" style=\"padding-right: 5px\">               <div class=\"kksr-icon\" style=\"width: 24px; height: 24px;\"><\/div>         <\/div>             <div class=\"kksr-star\" style=\"padding-right: 5px\">               <div class=\"kksr-icon\" style=\"width: 24px; height: 24px;\"><\/div>         <\/div>             <div class=\"kksr-star\" style=\"padding-right: 5px\">               <div class=\"kksr-icon\" style=\"width: 24px; height: 24px;\"><\/div>         <\/div>             <div class=\"kksr-star\" style=\"padding-right: 5px\">               <div class=\"kksr-icon\" style=\"width: 24px; height: 24px;\"><\/div>         <\/div>             <div class=\"kksr-star\" style=\"padding-right: 5px\">               <div class=\"kksr-icon\" style=\"width: 24px; height: 24px;\"><\/div>         <\/div>     <\/div> <\/div>                   <div class=\"kksr-legend\" style=\"font-size: 19.2px;\">             5\/5 - (4 oy)    <\/div>     <\/div>  <p>PP PE plastik film peletleme makinesi, k\u0131rma, s\u0131k\u0131\u015ft\u0131rma, eritme ve ekstr\u00fczyon i\u015flevlerini tek bir ad\u0131mda birle\u015ftirir. Shuliy Group, 20 y\u0131l\u0131 a\u015fk\u0131n bir s\u00fcredir plastik film peletleme makineleri \u00fcretiyor ve bir\u00e7ok geri d\u00f6n\u00fc\u015f\u00fcm tesisinin kendi i\u015fini kurmas\u0131na ve b\u00fcy\u00fck kar elde etmesine yard\u0131mc\u0131 oluyor.<\/p>    <p>Peletleme makinesi, at\u0131k plastik filmlerin peletlenmesine ek olarak PP PE dokuma torbalar\u0131, \u00e7imento torbalar\u0131n\u0131, PP rafyalar\u0131, plastik ambalaj torbalar\u0131n\u0131 vb. de peletleyebilir. Plastik peletleme makinesinin son \u00fcr\u00fcnleri, do\u011frudan boru ekstr\u00fczyonu, plastik \u00fcretimi, film \u00fcfleme ve plastik enjeksiyonda kullan\u0131labilen geri d\u00f6n\u00fc\u015ft\u00fcr\u00fclm\u00fc\u015f peletler veya gran\u00fcllerdir.<\/p>    <h2 class=\"wp-block-heading\">Peletleme makinesi \u00e7al\u0131\u015fma prensibi<\/h2>    <p class=\"translation-block\"><strong>Ekstr\u00fczyon sistemi<\/strong>: plastik film pelletizing makinesinin ekstr\u00fczyon sistemi vida, silindir, hazne, ba\u015fl\u0131k ve delikten olu\u015fur; plastik, ekstr\u00fczyon sistemi \u00fczerinden tekd\u00fcze bir eritme halinde s\u0131n\u0131fland\u0131r\u0131l\u0131r ve s\u00fcre\u00e7te olu\u015fturulan bas\u0131n\u00e7 alt\u0131nda vida taraf\u0131ndan ba\u015fl\u0131ktan s\u00fcrekli olarak d\u0131\u015far\u0131 ekstr\u00fcde edilir.<\/p>    <ol class=\"wp-block-list\"> <li>Vida: Film peletleme makinesinin prensibi en \u00f6nemli par\u00e7alar\u0131 olu\u015fturur, do\u011frudan ekstruderin uygulama alan\u0131 ve \u00fcretim verimlili\u011fi ile ilgilidir, y\u00fcksek mukavemetli korozyona dayan\u0131kl\u0131 ala\u015f\u0131ml\u0131 \u00e7elikten yap\u0131lm\u0131\u015ft\u0131r.<\/li>    <li>Namlu: diki\u015fsiz bir metal boru, genellikle \u0131s\u0131ya dayan\u0131kl\u0131, bas\u0131nca dayan\u0131kl\u0131, y\u00fcksek mukavemetli, g\u00fc\u00e7l\u00fc a\u015f\u0131nmaya dayan\u0131kl\u0131, korozyona dayan\u0131kl\u0131 ala\u015f\u0131ml\u0131 \u00e7elik veya kompozit \u00e7elik boru ile kaplanm\u0131\u015f ala\u015f\u0131ml\u0131 \u00e7elik.<\/li>    <li>Hazne: Haznenin alt k\u0131sm\u0131, malzeme ak\u0131\u015f\u0131n\u0131 ayarlamak ve kesmek i\u00e7in bir kesme cihaz\u0131 ile donat\u0131lm\u0131\u015ft\u0131r; haznenin yan taraf\u0131nda bir g\u00f6r\u00fc\u015f deli\u011fi ve kalibrasyon \u00f6l\u00e7\u00fcm cihaz\u0131 bulunur.<\/li>    <li>Kafa ve kal\u0131p: Kafa, ala\u015f\u0131ml\u0131 \u00e7elik i\u00e7 man\u015fon ve karbon \u00e7eli\u011fi d\u0131\u015f man\u015fondan olu\u015fur, kafa bir kal\u0131plama kal\u0131b\u0131 ile donat\u0131lm\u0131\u015ft\u0131r.<\/li> <\/ol>    <p class=\"translation-block\"><strong>Teknoloji sistemi<\/strong>\uff1a Dokuma po\u015fet pelletizer makinesinin prensibinde, iletim sisteminin rol\u00fc vidas\u0131n\u0131 \u00e7evirmek, ekstr\u00fczyon i\u015flemi s\u0131ras\u0131nda gerekli tork ve h\u0131z\u0131 vida i\u00e7in sa\u011flamak, genellikle motor, red\u00fckt\u00f6r ve yataklar ile di\u011fer bile\u015fenler taraf\u0131ndan ger\u00e7ekle\u015ftirilir.<\/p>    <p class=\"translation-block\"><strong>Is\u0131tma ve so\u011futma cihazlar\u0131<\/strong>: G\u00fcn\u00fcm\u00fczde dokuma po\u015fet pelletizer makinesi genellikle elektrikli \u0131s\u0131tma kullan\u0131r; bu \u0131s\u0131tma direnci ve ind\u00fcksiyon \u0131s\u0131tmas\u0131 olarak ikiye ayr\u0131l\u0131r ve \u0131s\u0131tma eleman\u0131 g\u00f6vdenin her k\u0131sm\u0131na, boynuna ve ba\u015fl\u0131\u011fa kuruludur. D\u0131\u015fardan i\u00e7eriye do\u011fru \u0131s\u0131tma cihaz\u0131, mantar\u0131n i\u00e7indeki plastik malzemeyi i\u015flem operasyonu i\u00e7in gereken s\u0131cakl\u0131\u011fa \u0131s\u0131nacak \u015fekilde \u0131s\u0131t\u0131r. So\u011futma cihaz\u0131, plastik malzemenin pellet \u00fcretim s\u00fcrecinde gerekli s\u0131cakl\u0131k aral\u0131\u011f\u0131nda kalmas\u0131n\u0131 sa\u011flamak i\u00e7in kurulur.<\/p>    <h2 class=\"wp-block-heading\">Peletleme makinesinin \u00e7al\u0131\u015fma videosu<\/h2>    <figure class=\"wp-block-embed is-type-video is-provider-youtube wp-block-embed-youtube wp-embed-aspect-16-9 wp-has-aspect-ratio\"><div class=\"wp-block-embed__wrapper\"> <iframe loading=\"lazy\" title=\"300 kg\/saat plastik film y\u0131kama ve peletleme hatt\u0131 | At\u0131k PP PE LDPE plastik i\u00e7in geri d\u00f6n\u00fc\u015f\u00fcm makineleri\" width=\"500\" height=\"281\" src=\"https:\/\/www.youtube.com\/embed\/I4dkCkfIOmc?feature=oembed\" frameborder=\"0\" allow=\"accelerometer; autoplay; clipboard-write; encrypted-media; gyroscope; picture-in-picture; web-share\" referrerpolicy=\"strict-origin-when-cross-origin\" allowfullscreen><\/iframe> <\/div><\/figure>    <h2 class=\"wp-block-heading\">Teknik \u00f6zellikler<\/h2>    <figure class=\"wp-block-table\"><table><tbody><tr><td>Modeli<\/td><td>SL-125<\/td><td>SL-150<\/td><td>SL-180<\/td><td>SL-200<\/td><td>SL-220<\/td><\/tr><tr><td>Vida \u00e7ap\u0131<\/td><td>125mm<\/td><td>150mm<\/td><td>180mm<\/td><td>200 mm<\/td><td>220 mm<\/td><\/tr><tr><td>Mil h\u0131z\u0131<\/td><td>50-70\/dak<\/td><td>40-50\/dak<\/td><td>40-50\/dak<\/td><td>40-50\/dak<\/td><td>40-50\/dak<\/td><\/tr><tr><td>Ana motor g\u00fcc\u00fc<\/td><td>30kw<\/td><td>37 kW<\/td><td>55kw<\/td><td>75kw<\/td><td>90 kW<\/td><\/tr><tr><td>A\u011f\u0131rl\u0131k<\/td><td>1.8T<\/td><td>2T<\/td><td>2.2T<\/td><td>2.8T<\/td><td>3.2T<\/td><\/tr><tr><td>Demanslar<\/td><td>2.6*0.7*0.7<\/td><td>3.0*0.7*0.8<\/td><td>3.2*0.7*0.8<\/td><td>3.5*1*1<\/td><td>3.8*1.2*1<\/td><\/tr><tr><td>Kapasite<\/td><td>180kg\/saat<\/td><td>300kg\/saat<\/td><td>350kg\/saat<\/td><td>380kg\/saat<\/td><td>420kg\/saat<\/td><\/tr><\/tbody><\/table><\/figure>    <ul class=\"wp-block-list\"> <li>CE sertifikas\u0131 mevcuttur.<\/li>    <li>Shuliy Group, talebiniz do\u011frultusunda daha b\u00fcy\u00fck g\u00fc\u00e7 ve \u00e7\u0131kt\u0131 ile daha fazla plastik pelet makineleri modeli sunar.<\/li> <\/ul>    <h2 class=\"wp-block-heading\">Dokuma torba gran\u00fclat\u00f6r\u00fcn\u00fcn ek g\u00f6r\u00fcnt\u00fcleri<\/h2>    <figure class=\"wp-block-image size-full\"><img loading=\"lazy\" decoding=\"async\" width=\"720\" height=\"540\" src=\"https:\/\/plastic-machines.org\/wp-content\/uploads\/2022\/06\/plastic-pellet-making-machine1.webp\" alt=\"plastik gran\u00fclasyon makinesi\" class=\"wp-image-477\" srcset=\"https:\/\/plastic-machines.org\/wp-content\/uploads\/2022\/06\/plastic-pellet-making-machine1.webp 720w, https:\/\/plastic-machines.org\/wp-content\/uploads\/2022\/06\/plastic-pellet-making-machine1-300x225.webp 300w\" sizes=\"auto, (max-width: 720px) 100vw, 720px\" \/><figcaption class=\"wp-element-caption\">dokuma torba gran\u00fclat\u00f6r\u00fc <\/figcaption><\/figure>    <figure class=\"wp-block-image size-full is-resized\"><img loading=\"lazy\" decoding=\"async\" width=\"720\" height=\"540\" src=\"https:\/\/plastic-machines.org\/wp-content\/uploads\/2022\/06\/plastic-pelletizer-machine.webp\" alt=\"plastik peletleyici\" class=\"wp-image-523\" srcset=\"https:\/\/plastic-machines.org\/wp-content\/uploads\/2022\/06\/plastic-pelletizer-machine.webp 720w, https:\/\/plastic-machines.org\/wp-content\/uploads\/2022\/06\/plastic-pelletizer-machine-300x225.webp 300w\" sizes=\"auto, (max-width: 720px) 100vw, 720px\" \/><figcaption class=\"wp-element-caption\">plastik film peletleme makinesi<\/figcaption><\/figure>    <figure class=\"wp-block-image size-full\"><img loading=\"lazy\" decoding=\"async\" width=\"720\" height=\"540\" src=\"https:\/\/plastic-machines.org\/wp-content\/uploads\/2022\/12\/plastic-pelletizing-machne.webp\" alt=\"plastik peletleme makinesi\" class=\"wp-image-623\" srcset=\"https:\/\/plastic-machines.org\/wp-content\/uploads\/2022\/12\/plastic-pelletizing-machne.webp 720w, https:\/\/plastic-machines.org\/wp-content\/uploads\/2022\/12\/plastic-pelletizing-machne-300x225.webp 300w\" sizes=\"auto, (max-width: 720px) 100vw, 720px\" \/><figcaption class=\"wp-element-caption\">plastik peletleme makinesi<\/figcaption><\/figure>    <h2 class=\"wp-block-heading\">Plastik film peletleme makinesi i\u00e7in sorular<\/h2>    <p class=\"translation-block\">Sa\u011f k\u00f6\u015fedeki formu doldurarak bize sorular\u0131n\u0131z\u0131 iletin, proje y\u00f6neticimiz sizinle yak\u0131nda ileti\u015fime ge\u00e7ecek ve malzemeleriniz i\u00e7in \u00f6zelle\u015ftirilmi\u015f hizmetler ve geri d\u00f6n\u00fc\u015f\u00fcm \u00e7\u00f6z\u00fcmleri sunacakt\u0131r. Plastik geri d\u00f6n\u00fc\u015f\u00fcm\u00fcne ili\u015fkin daha fazla makine hakk\u0131nda bilgi edinmek istiyorsan\u0131z, makaleyi okuyun: <a href=\"https:\/\/plastic-machines.org\/tr\/info\/what-machines-are-used-to-recycle-plastic\/\">Plastik Geri D\u00f6n\u00fc\u015f\u00fcmde Kullan\u0131lan Makineler<\/a><\/p>","protected":false},"excerpt":{"rendered":"<p>PP PE plastic film pelletizer machine combines functions of crushing, compacting, melting, and extruding all in one single step. Shuliy Group has manufactured plastic film pelletizing machines for over 20 years and helped many recycling plants start their businesses and obtain great profits. In addition to pelletizing waste plastic films, the pelletizer machine can also [&hellip;]<\/p>\n","protected":false},"author":1,"featured_media":623,"parent":0,"template":"","tags":[49,50,59],"product-type":[9],"class_list":["post-899","product","type-product","status-publish","has-post-thumbnail","hentry","tag-film","tag-pellet","tag-woven-bag","product-type-plastic-pelletizer"],"taxonomy_info":{"post_tag":[{"value":49,"label":"film"},{"value":50,"label":"pellet"},{"value":59,"label":"woven bag"}],"product-type":[{"value":9,"label":"Plastic Pelletizer"}]},"featured_image_src_large":["https:\/\/plastic-machines.org\/wp-content\/uploads\/2022\/12\/plastic-pelletizing-machne.webp",720,540,false],"author_info":{"display_name":"Ella","author_link":"https:\/\/plastic-machines.org\/tr\/author\/admin\/"},"comment_info":"","_links":{"self":[{"href":"https:\/\/plastic-machines.org\/tr\/wp-json\/wp\/v2\/product\/899","targetHints":{"allow":["GET"]}}],"collection":[{"href":"https:\/\/plastic-machines.org\/tr\/wp-json\/wp\/v2\/product"}],"about":[{"href":"https:\/\/plastic-machines.org\/tr\/wp-json\/wp\/v2\/types\/product"}],"author":[{"embeddable":true,"href":"https:\/\/plastic-machines.org\/tr\/wp-json\/wp\/v2\/users\/1"}],"wp:featuredmedia":[{"embeddable":true,"href":"https:\/\/plastic-machines.org\/tr\/wp-json\/wp\/v2\/media\/623"}],"wp:attachment":[{"href":"https:\/\/plastic-machines.org\/tr\/wp-json\/wp\/v2\/media?parent=899"}],"wp:term":[{"taxonomy":"post_tag","embeddable":true,"href":"https:\/\/plastic-machines.org\/tr\/wp-json\/wp\/v2\/tags?post=899"},{"taxonomy":"product-type","embeddable":true,"href":"https:\/\/plastic-machines.org\/tr\/wp-json\/wp\/v2\/product-type?post=899"}],"curies":[{"name":"wp","href":"https:\/\/api.w.org\/{rel}","templated":true}]}}