{"id":895,"date":"2023-07-24T17:16:54","date_gmt":"2023-07-24T09:16:54","guid":{"rendered":"https:\/\/plastic-machines.org\/?post_type=product&#038;p=895"},"modified":"2025-11-10T16:38:39","modified_gmt":"2025-11-10T08:38:39","slug":"plastic-film-washing-line","status":"publish","type":"product","link":"https:\/\/plastic-machines.org\/tr\/product\/plastic-film-washing-line\/","title":{"rendered":"Plastik Film Y\u0131kama Hatt\u0131"},"content":{"rendered":"<div class=\"kk-star-ratings kksr-auto kksr-align-left kksr-valign-top\"     data-payload='{&quot;align&quot;:&quot;left&quot;,&quot;id&quot;:&quot;895&quot;,&quot;slug&quot;:&quot;default&quot;,&quot;valign&quot;:&quot;top&quot;,&quot;ignore&quot;:&quot;&quot;,&quot;reference&quot;:&quot;auto&quot;,&quot;class&quot;:&quot;&quot;,&quot;count&quot;:&quot;5&quot;,&quot;legendonly&quot;:&quot;&quot;,&quot;readonly&quot;:&quot;&quot;,&quot;score&quot;:&quot;5&quot;,&quot;starsonly&quot;:&quot;&quot;,&quot;best&quot;:&quot;5&quot;,&quot;gap&quot;:&quot;5&quot;,&quot;greet&quot;:&quot;Rate this product&quot;,&quot;legend&quot;:&quot;5\\\/5 - (5 votes)&quot;,&quot;size&quot;:&quot;24&quot;,&quot;title&quot;:&quot;Plastic Film Washing Line&quot;,&quot;width&quot;:&quot;142.5&quot;,&quot;_legend&quot;:&quot;{score}\\\/{best} - ({count} {votes})&quot;,&quot;font_factor&quot;:&quot;1.25&quot;}'>              <div class=\"kksr-stars\">      <div class=\"kksr-stars-inactive\">             <div class=\"kksr-star\" data-star=\"1\" style=\"padding-right: 5px\">               <div class=\"kksr-icon\" style=\"width: 24px; height: 24px;\"><\/div>         <\/div>             <div class=\"kksr-star\" data-star=\"2\" style=\"padding-right: 5px\">               <div class=\"kksr-icon\" style=\"width: 24px; height: 24px;\"><\/div>         <\/div>             <div class=\"kksr-star\" data-star=\"3\" style=\"padding-right: 5px\">               <div class=\"kksr-icon\" style=\"width: 24px; height: 24px;\"><\/div>         <\/div>             <div class=\"kksr-star\" data-star=\"4\" style=\"padding-right: 5px\">               <div class=\"kksr-icon\" style=\"width: 24px; height: 24px;\"><\/div>         <\/div>             <div class=\"kksr-star\" data-star=\"5\" style=\"padding-right: 5px\">               <div class=\"kksr-icon\" style=\"width: 24px; height: 24px;\"><\/div>         <\/div>     <\/div>      <div class=\"kksr-stars-active\" style=\"width: 142.5px;\">             <div class=\"kksr-star\" style=\"padding-right: 5px\">               <div class=\"kksr-icon\" style=\"width: 24px; height: 24px;\"><\/div>         <\/div>             <div class=\"kksr-star\" style=\"padding-right: 5px\">               <div class=\"kksr-icon\" style=\"width: 24px; height: 24px;\"><\/div>         <\/div>             <div class=\"kksr-star\" style=\"padding-right: 5px\">               <div class=\"kksr-icon\" style=\"width: 24px; height: 24px;\"><\/div>         <\/div>             <div class=\"kksr-star\" style=\"padding-right: 5px\">               <div class=\"kksr-icon\" style=\"width: 24px; height: 24px;\"><\/div>         <\/div>             <div class=\"kksr-star\" style=\"padding-right: 5px\">               <div class=\"kksr-icon\" style=\"width: 24px; height: 24px;\"><\/div>         <\/div>     <\/div> <\/div>                   <div class=\"kksr-legend\" style=\"font-size: 19.2px;\">             5\/5 - (5 oy)    <\/div>     <\/div>  <p>Shuliy'nin y\u00fcksek verimli plastik film y\u0131kama hatt\u0131, t\u00fcketici sonras\u0131 at\u0131klar i\u00e7in tasarlanm\u0131\u015ft\u0131r. Kullan\u0131lm\u0131\u015f sulama borular\u0131, \u00e7\u00f6p torbalar\u0131, dokuma \u00e7uvallar, baloncuklu ambalajlar ve lamine (\u00e7ok katmanl\u0131 filmler) gibi PE polietilen (HDPE, LDPE, LLDPE) ve PP polipropilen at\u0131k malzemeleri i\u015fleyebilir. Bu film geri d\u00f6n\u00fc\u015f\u00fcm sistemi k\u0131rma, temizleme ile donat\u0131lm\u0131\u015ft\u0131r. ve kurutma cihazlar\u0131 verimli bir oranda y\u00fcksek temizli\u011fe sahip film pullar\u0131 \u00fcretirken.<\/p>    <figure class=\"wp-block-embed is-type-video is-provider-youtube wp-block-embed-youtube wp-embed-aspect-16-9 wp-has-aspect-ratio\"><div class=\"wp-block-embed__wrapper\"> <iframe loading=\"lazy\" title=\"LDPE LDPE PP HDPE Plastik Film Y\u0131kama Hatt\u0131\" width=\"500\" height=\"281\" src=\"https:\/\/www.youtube.com\/embed\/ENh4yPyonP8?feature=oembed\" frameborder=\"0\" allow=\"accelerometer; autoplay; clipboard-write; encrypted-media; gyroscope; picture-in-picture; web-share\" referrerpolicy=\"strict-origin-when-cross-origin\" allowfullscreen><\/iframe> <\/div><\/figure>    <h2 class=\"wp-block-heading\">Plastik film y\u0131kama hatt\u0131 \u00e7al\u0131\u015fma s\u00fcreci<\/h2>   <div class=\"wp-block-image\"> <figure class=\"aligncenter size-full\"><img loading=\"lazy\" decoding=\"async\" width=\"720\" height=\"540\" src=\"https:\/\/plastic-machines.org\/wp-content\/uploads\/2023\/07\/plastic-film-washing-machines.webp\" alt=\"plastik film y\u0131kama makineleri\" class=\"wp-image-1366\" srcset=\"https:\/\/plastic-machines.org\/wp-content\/uploads\/2023\/07\/plastic-film-washing-machines.webp 720w, https:\/\/plastic-machines.org\/wp-content\/uploads\/2023\/07\/plastic-film-washing-machines-300x225.webp 300w, https:\/\/plastic-machines.org\/wp-content\/uploads\/2023\/07\/plastic-film-washing-machines-16x12.webp 16w\" sizes=\"auto, (max-width: 720px) 100vw, 720px\" \/><figcaption class=\"wp-element-caption\">plastik film y\u0131kama tesisi makineleri<\/figcaption><\/figure> <\/div>   <p class=\"translation-block\"><strong>Plastik par\u00e7alama makinesi<\/strong>: Plastik y\u0131kama peletleme hatt\u0131n\u0131n ilk ad\u0131m\u0131, plastik filmleri k\u00fc\u00e7\u00fck par\u00e7alara ay\u0131rmak i\u00e7in plastik par\u00e7alama makinesi kullanmakt\u0131r. <strong><a href=\"https:\/\/plastic-machines.org\/tr\/product\/plastic-shredder-machine\/\">plastik par\u00e7alama makinesi <\/a><\/strong>nden \u00e7\u0131kan plastik par\u00e7alar yakla\u015f\u0131k 30 mm-100 mm boyutundad\u0131r.<\/p>    <p class=\"translation-block\"><strong>Plastik durulama tank\u0131<\/strong>: Plastik durulama tank\u0131 \u00f6nemli bir rol oynar. <strong><a href=\"https:\/\/plastic-machines.org\/tr\/product\/plastic-film-washing-machine\/\">Plastik durulama makineleri<\/a><\/strong>, bir dizi su durulama i\u015flemiyle plastik y\u00fczeyindeki kir, ya\u011f, toz, kal\u0131nt\u0131 ve di\u011fer safs\u0131zl\u0131klar\u0131 gidererek plastik d\u00f6k\u00fcnt\u00fclerinin daha temiz ve saf bir \u015fekilde i\u015flenmesini sa\u011flar. Temiz plastik malzeme, daha y\u00fcksek kaliteli geri d\u00f6n\u00fc\u015ft\u00fcr\u00fclm\u00fc\u015f \u00fcr\u00fcn ve gran\u00fclat\u00f6rler ile di\u011fer geri d\u00f6n\u00fc\u015f\u00fcm makinelerine daha az a\u015f\u0131nma ve hasar ile sonu\u00e7lan\u0131r.<\/p>    <p class=\"translation-block\"><strong>Santrif\u00fcj susuzla\u015ft\u0131rma makinesi<\/strong>: Dikey <strong><a href=\"https:\/\/plastic-machines.org\/tr\/product\/plastic-film-dryer-machine\/\">santrif\u00fcj susuzla\u015ft\u0131rma makinesi<\/a><\/strong>, kat\u0131-s\u0131v\u0131 ay\u0131rma i\u00e7in yayg\u0131n olarak kullan\u0131lan bir ekipmand\u0131r ve ana amac\u0131, s\u0131v\u0131larda ask\u0131ya al\u0131nm\u0131\u015f plastikleri istenen nem veya kuruluk seviyesine kadar susuzla\u015ft\u0131rmakt\u0131r. Bu santrif\u00fcj susuzla\u015ft\u0131rma makinesi, santrif\u00fcj kuvvetiyle s\u0131v\u0131lar\u0131 ve kat\u0131lar\u0131 ay\u0131rarak verimli bir susuzla\u015ft\u0131rma i\u015flemi sa\u011flar.<\/p>    <p class=\"translation-block\"><strong>\u00dcr\u00fcn silosu<\/strong>: Silo, temizlenmi\u015f ve kurutulmu\u015f plastik film par\u00e7alar\u0131n\u0131 depolamak i\u00e7in kullan\u0131l\u0131r.<\/p>    <p class=\"translation-block\"><strong>Plastik gran\u00fclat\u00f6r<\/strong> (iste\u011fe ba\u011fl\u0131 makine): <strong><a href=\"https:\/\/plastic-machines.org\/tr\/product\/plastic-extruder-machine\/\">Plastik gran\u00fclat\u00f6r makinesi <\/a><\/strong>, plastik film y\u0131kama hatt\u0131ndaki \u00f6nemli geri d\u00f6n\u00fc\u015f\u00fcm makinelerinden biridir, ana amac\u0131 geri d\u00f6n\u00fc\u015ft\u00fcr\u00fclm\u00fc\u015f at\u0131k plastikleri \u0131s\u0131t\u0131p eritmek ve ard\u0131ndan plastik eriyi\u011fini kal\u0131ptan ekstr\u00fcze etmektir. Geri d\u00f6n\u00fc\u015ft\u00fcr\u00fclm\u00fc\u015f plastik peletler, \u00e7ok \u00e7e\u015fitli plastik \u00fcr\u00fcnlerin imalat\u0131 i\u00e7in alternatif bir hammadde olarak kullan\u0131labilir, b\u00f6ylece bakir plasti\u011fe olan ihtiyac\u0131 azalt\u0131r ve \u00fcretim maliyetlerini d\u00fc\u015f\u00fcr\u00fcr.<\/p>    <p class=\"translation-block\"><strong>Pelet paketleme makinesi<\/strong> (iste\u011fe ba\u011fl\u0131 makine): Paketleme makinesi, plastik gran\u00fclleri torbalara paketlemek i\u00e7in kullan\u0131l\u0131r.<\/p>    <h2 class=\"wp-block-heading\">Ek resimler <\/h2>    <figure class=\"wp-block-image size-full\"><img loading=\"lazy\" decoding=\"async\" width=\"720\" height=\"540\" src=\"https:\/\/plastic-machines.org\/wp-content\/uploads\/2023\/07\/plastic-film-washing-recycling-line.webp\" alt=\"Plastik Film Y\u0131kama Hatt\u0131\" class=\"wp-image-807\" srcset=\"https:\/\/plastic-machines.org\/wp-content\/uploads\/2023\/07\/plastic-film-washing-recycling-line.webp 720w, https:\/\/plastic-machines.org\/wp-content\/uploads\/2023\/07\/plastic-film-washing-recycling-line-300x225.webp 300w\" sizes=\"auto, (max-width: 720px) 100vw, 720px\" \/><figcaption class=\"wp-element-caption\">plastik film geri d\u00f6n\u00fc\u015f\u00fcm makineleri<\/figcaption><\/figure>    <figure class=\"wp-block-image size-full\"><img loading=\"lazy\" decoding=\"async\" width=\"720\" height=\"540\" src=\"https:\/\/plastic-machines.org\/wp-content\/uploads\/2022\/06\/plastic-granulating-line1.webp\" alt=\"plastik gran\u00fclasyon makineleri\" class=\"wp-image-476\" srcset=\"https:\/\/plastic-machines.org\/wp-content\/uploads\/2022\/06\/plastic-granulating-line1.webp 720w, https:\/\/plastic-machines.org\/wp-content\/uploads\/2022\/06\/plastic-granulating-line1-300x225.webp 300w\" sizes=\"auto, (max-width: 720px) 100vw, 720px\" \/><figcaption class=\"wp-element-caption\">plastik film y\u0131kama ve peletleme hatt\u0131<\/figcaption><\/figure>    <h2 class=\"wp-block-heading\">Ba\u015far\u0131l\u0131 plastik film y\u0131kama ipi \u00f6rnekleri<\/h2>    <figure class=\"wp-block-embed is-type-video is-provider-youtube wp-block-embed-youtube wp-embed-aspect-16-9 wp-has-aspect-ratio\"><div class=\"wp-block-embed__wrapper\"> <iframe loading=\"lazy\" title=\"Tanzanya&#039;daki PP PE plastik y\u0131kama k\u0131rma peletleme tesisi ba\u015far\u0131yla \u00e7al\u0131\u015f\u0131yor\" width=\"500\" height=\"281\" src=\"https:\/\/www.youtube.com\/embed\/PK77av8TFEg?start=12&#038;feature=oembed\" frameborder=\"0\" allow=\"accelerometer; autoplay; clipboard-write; encrypted-media; gyroscope; picture-in-picture; web-share\" referrerpolicy=\"strict-origin-when-cross-origin\" allowfullscreen><\/iframe> <\/div><\/figure>    <figure class=\"wp-block-embed is-type-video is-provider-youtube wp-block-embed-youtube wp-embed-aspect-16-9 wp-has-aspect-ratio\"><div class=\"wp-block-embed__wrapper\"> <iframe loading=\"lazy\" title=\"Suudi Arabistan&#039;da plastik geri d\u00f6n\u00fc\u015f\u00fcm tesisi kuruldu | Plastik peletleme makinesi geri bildirimi\" width=\"500\" height=\"281\" src=\"https:\/\/www.youtube.com\/embed\/rDw_8i8uBAo?start=15&#038;feature=oembed\" frameborder=\"0\" allow=\"accelerometer; autoplay; clipboard-write; encrypted-media; gyroscope; picture-in-picture; web-share\" referrerpolicy=\"strict-origin-when-cross-origin\" allowfullscreen><\/iframe> <\/div><\/figure>    <h2 class=\"wp-block-heading\">Plastik film y\u0131kama hatt\u0131n\u0131n \u00f6zellikleri<\/h2>    <ul class=\"wp-block-list\"> <li>\u00c7ok i\u015flevlilik: Plastik film y\u0131kama ve peletleme hatt\u0131, plastik dokuma torbalar, at\u0131k plastik filmler, plastik ambalaj po\u015fetleri vb. dahil olmak \u00fczere bir\u00e7ok at\u0131k plastik t\u00fcr\u00fcne uyum sa\u011flayabilir. T\u00fcm plastik geri d\u00f6n\u00fc\u015f\u00fcm tesislerinin plastik film geri d\u00f6n\u00fc\u015f\u00fcm\u00fcne y\u00f6nelik ihtiya\u00e7lar\u0131n\u0131 kar\u015f\u0131layabilir.<\/li>    <li>Y\u00fcksek derecede otomasyon: Plastik film y\u0131kama hatt\u0131 genellikle geli\u015fmi\u015f bir otomasyon kontrol sistemi ile donat\u0131lm\u0131\u015ft\u0131r, silo ve konvey\u00f6r band\u0131, manuel \u00e7al\u0131\u015fmay\u0131 azaltan ve geri d\u00f6n\u00fc\u015f\u00fcm verimlili\u011fini art\u0131ran otomatik kontrol ve bo\u015faltma cihaz\u0131 ile donat\u0131lm\u0131\u015ft\u0131r.<\/li>    <li>Verimli temizlik: Plastik y\u0131kama peletleme hatt\u0131, at\u0131k plastiklerin y\u00fczeyindeki kiri, ya\u011f\u0131 ve di\u011fer yabanc\u0131 maddeleri etkili bir \u015fekilde giderebilen ve at\u0131k plastiklerin temizli\u011fini ve kalitesini sa\u011flayabilen \u00e7ok a\u015famal\u0131 bir temizleme i\u015flemini benimser.<\/li>    <li>Su geri d\u00f6n\u00fc\u015f\u00fcm\u00fc: Su kaynaklar\u0131n\u0131n t\u00fcketimini azaltmak i\u00e7in plastik film y\u0131kama hatt\u0131, temizleme i\u015fleminde suyu geri d\u00f6n\u00fc\u015ft\u00fcrmek i\u00e7in su t\u00fcketimini azaltan bir su geri d\u00f6n\u00fc\u015f\u00fcm sistemi benimser.<\/li>    <li>Esnek ayarlama: Plastik film y\u0131kama ve peletleme hatlar\u0131 genellikle m\u00fc\u015fterilerin farkl\u0131 ihtiya\u00e7lar\u0131na g\u00f6re esnek bir \u015fekilde ayarlanabilir ve \u00f6zelle\u015ftirilebilir; geri d\u00f6n\u00fc\u015f\u00fcm makineleri, at\u0131k plastiklerin farkl\u0131 t\u00fcrleri ve \u00f6zelliklerine g\u00f6re ayarlanabilir.<\/li> <\/ul>    <h2 class=\"wp-block-heading\">Plastik film geri d\u00f6n\u00fc\u015f\u00fcm\u00fc i\u00e7in sorular<\/h2>    <p>Plastik film geri d\u00f6n\u00fc\u015f\u00fcm makinalar\u0131 ilginizi \u00e7ekiyorsa sa\u011f alt k\u00f6\u015fedeki formu doldurunuz.<\/p>    <p>Proje y\u00f6neticimiz en k\u0131sa s\u00fcrede sizinle ileti\u015fime ge\u00e7erek geri d\u00f6n\u00fc\u015f\u00fcm makinas\u0131 teklifini g\u00f6nderecektir.<\/p>","protected":false},"excerpt":{"rendered":"<p>Shuliy&#8217;s high-efficiency plastic film washing line is designed for post-consumer waste. It can process PE polyethylene (HDPE, LDPE, LLDPE) and PP polypropylene waste material, such as used irrigation pipes, garbage bags, woven sacks, bubble wraps and laminated (muti-layered films. This film recycling system is equipped with crushing, cleaning and drying devices while producing high-cleanness film [&hellip;]<\/p>\n","protected":false},"author":1,"featured_media":1404,"parent":0,"template":"","tags":[49],"product-type":[13],"class_list":["post-895","product","type-product","status-publish","has-post-thumbnail","hentry","tag-film","product-type-plastic-recycling-lines"],"taxonomy_info":{"post_tag":[{"value":49,"label":"film"}],"product-type":[{"value":13,"label":"Plastic Recycling Lines"}]},"featured_image_src_large":["https:\/\/plastic-machines.org\/wp-content\/uploads\/2023\/07\/plastic-film-washing-line-1.webp",720,540,false],"author_info":{"display_name":"Ella","author_link":"https:\/\/plastic-machines.org\/tr\/author\/admin\/"},"comment_info":"","_links":{"self":[{"href":"https:\/\/plastic-machines.org\/tr\/wp-json\/wp\/v2\/product\/895","targetHints":{"allow":["GET"]}}],"collection":[{"href":"https:\/\/plastic-machines.org\/tr\/wp-json\/wp\/v2\/product"}],"about":[{"href":"https:\/\/plastic-machines.org\/tr\/wp-json\/wp\/v2\/types\/product"}],"author":[{"embeddable":true,"href":"https:\/\/plastic-machines.org\/tr\/wp-json\/wp\/v2\/users\/1"}],"wp:featuredmedia":[{"embeddable":true,"href":"https:\/\/plastic-machines.org\/tr\/wp-json\/wp\/v2\/media\/1404"}],"wp:attachment":[{"href":"https:\/\/plastic-machines.org\/tr\/wp-json\/wp\/v2\/media?parent=895"}],"wp:term":[{"taxonomy":"post_tag","embeddable":true,"href":"https:\/\/plastic-machines.org\/tr\/wp-json\/wp\/v2\/tags?post=895"},{"taxonomy":"product-type","embeddable":true,"href":"https:\/\/plastic-machines.org\/tr\/wp-json\/wp\/v2\/product-type?post=895"}],"curies":[{"name":"wp","href":"https:\/\/api.w.org\/{rel}","templated":true}]}}