{"id":822,"date":"2023-07-24T15:09:57","date_gmt":"2023-07-24T07:09:57","guid":{"rendered":"https:\/\/plastic-machines.org\/?post_type=product&#038;p=822"},"modified":"2026-03-24T09:48:39","modified_gmt":"2026-03-24T01:48:39","slug":"pelletization-machine-for-rigid-plastic-recycling","status":"publish","type":"product","link":"https:\/\/plastic-machines.org\/tr\/product\/pelletization-machine-for-rigid-plastic-recycling\/","title":{"rendered":"Sert Plastik Geri D\u00f6n\u00fc\u015f\u00fcm\u00fc i\u00e7in Peletleme Makinesi"},"content":{"rendered":"<div class=\"kk-star-ratings kksr-auto kksr-align-left kksr-valign-top\"     data-payload='{&quot;align&quot;:&quot;left&quot;,&quot;id&quot;:&quot;822&quot;,&quot;slug&quot;:&quot;default&quot;,&quot;valign&quot;:&quot;top&quot;,&quot;ignore&quot;:&quot;&quot;,&quot;reference&quot;:&quot;auto&quot;,&quot;class&quot;:&quot;&quot;,&quot;count&quot;:&quot;5&quot;,&quot;legendonly&quot;:&quot;&quot;,&quot;readonly&quot;:&quot;&quot;,&quot;score&quot;:&quot;5&quot;,&quot;starsonly&quot;:&quot;&quot;,&quot;best&quot;:&quot;5&quot;,&quot;gap&quot;:&quot;5&quot;,&quot;greet&quot;:&quot;Rate this product&quot;,&quot;legend&quot;:&quot;5\\\/5 - (5 votes)&quot;,&quot;size&quot;:&quot;24&quot;,&quot;title&quot;:&quot;Pelletization Machine for Rigid Plastic Recycling&quot;,&quot;width&quot;:&quot;142.5&quot;,&quot;_legend&quot;:&quot;{score}\\\/{best} - ({count} {votes})&quot;,&quot;font_factor&quot;:&quot;1.25&quot;}'>              <div class=\"kksr-stars\">      <div class=\"kksr-stars-inactive\">             <div class=\"kksr-star\" data-star=\"1\" style=\"padding-right: 5px\">               <div class=\"kksr-icon\" style=\"width: 24px; height: 24px;\"><\/div>         <\/div>             <div class=\"kksr-star\" data-star=\"2\" style=\"padding-right: 5px\">               <div class=\"kksr-icon\" style=\"width: 24px; height: 24px;\"><\/div>         <\/div>             <div class=\"kksr-star\" data-star=\"3\" style=\"padding-right: 5px\">               <div class=\"kksr-icon\" style=\"width: 24px; height: 24px;\"><\/div>         <\/div>             <div class=\"kksr-star\" data-star=\"4\" style=\"padding-right: 5px\">               <div class=\"kksr-icon\" style=\"width: 24px; height: 24px;\"><\/div>         <\/div>             <div class=\"kksr-star\" data-star=\"5\" style=\"padding-right: 5px\">               <div class=\"kksr-icon\" style=\"width: 24px; height: 24px;\"><\/div>         <\/div>     <\/div>      <div class=\"kksr-stars-active\" style=\"width: 142.5px;\">             <div class=\"kksr-star\" style=\"padding-right: 5px\">               <div class=\"kksr-icon\" style=\"width: 24px; height: 24px;\"><\/div>         <\/div>             <div class=\"kksr-star\" style=\"padding-right: 5px\">               <div class=\"kksr-icon\" style=\"width: 24px; height: 24px;\"><\/div>         <\/div>             <div class=\"kksr-star\" style=\"padding-right: 5px\">               <div class=\"kksr-icon\" style=\"width: 24px; height: 24px;\"><\/div>         <\/div>             <div class=\"kksr-star\" style=\"padding-right: 5px\">               <div class=\"kksr-icon\" style=\"width: 24px; height: 24px;\"><\/div>         <\/div>             <div class=\"kksr-star\" style=\"padding-right: 5px\">               <div class=\"kksr-icon\" style=\"width: 24px; height: 24px;\"><\/div>         <\/div>     <\/div> <\/div>                   <div class=\"kksr-legend\" style=\"font-size: 19.2px;\">             5\/5 - (5 oy)    <\/div>     <\/div>  <p>Sert plastik geri d\u00f6n\u00fc\u015f\u00fcm\u00fc i\u00e7in Shuliy peletleme makinesi, geri d\u00f6n\u00fc\u015f\u00fcm tesisleri ve plastik \u00fcreticileri i\u00e7in kolay ve h\u0131zl\u0131 bir \u00e7\u00f6z\u00fcm sunar. HDPE s\u00fct \u015fi\u015feleri, \u015fampuan \u015fi\u015feleri, borular, f\u0131\u00e7\u0131lar, f\u0131\u00e7\u0131lar, oyuncaklar, ar\u0131zal\u0131 \u00fcretim kesintileri, at\u0131k ev elektrik saya\u00e7lar\u0131 vb. gibi kirli sert plastikler, baz\u0131 plastik geri d\u00f6n\u00fc\u015f\u00fcm makineleri taraf\u0131ndan k\u00fc\u00e7\u00fck ve yuvarlak plastik gran\u00fcllere i\u015flenecek. Son \u00fcr\u00fcnler, \u00fcretim i\u00e7in yeniden kullan\u0131labilen tamamen temiz gran\u00fcllerdir. Sert plastik geri d\u00f6n\u00fc\u015f\u00fcm makinelerimiz 100kg\/h'den 500kg\/h'e kadar kapasiteye sahiptir.<\/p>    <h2 class=\"wp-block-heading\">Sert plastik geri d\u00f6n\u00fc\u015f\u00fcm prensibi<\/h2>    <p>Plastik geri d\u00f6n\u00fc\u015f\u00fcm\u00fc i\u00e7in bir plastik peletleme makinesi, PP, PE, PS, ABS, PA, PVC, PC, POM ve di\u011fer plastik geri d\u00f6n\u00fc\u015f\u00fcm t\u00fcrlerinin \u00fcretimi i\u00e7in uygundur. Plastik, hazneden vidaya girdikten sonra, d\u00f6nen vidan\u0131n hareketi alt\u0131nda plastik ileri do\u011fru ta\u015f\u0131n\u0131r ve gev\u015fek kat\u0131 plastik s\u0131k\u0131\u015ft\u0131r\u0131lmaya ba\u015flar.<\/p>    <p>Ayn\u0131 zamanda, namlu d\u0131\u015f\u0131ndaki \u0131s\u0131tma halkas\u0131n\u0131n etkisi alt\u0131nda ve vida ile namlu i\u00e7indeki malzeme aras\u0131ndaki sabit s\u00fcrt\u00fcnme alt\u0131nda, plasti\u011fin s\u0131cakl\u0131\u011f\u0131 s\u00fcrekli olarak artar ve son olarak plasti\u011fin s\u0131cakl\u0131\u011f\u0131 erime noktas\u0131na ula\u015ft\u0131\u011f\u0131nda , erimeye ba\u015flar.<\/p>    <p>S\u0131k\u0131\u015ft\u0131rma b\u00f6l\u00fcm\u00fcn\u00fcn sonunda, t\u00fcm malzemeler viskoz bir ak\u0131\u015f durumuna d\u00f6n\u00fc\u015ft\u00fcr\u00fcl\u00fcr, ancak \u015fu anda her noktan\u0131n s\u0131cakl\u0131\u011f\u0131 hen\u00fcz tekd\u00fcze de\u011fildir, homojenle\u015ftirme b\u00f6l\u00fcm\u00fcn\u00fcn homojenle\u015ftirilmesinden sonra daha d\u00fczg\u00fcn bir rol oynar ve daha sonra vida, erimi\u015f malzemenin kantitatif olarak, sabit bas\u0131n\u00e7ta, sabit s\u0131cakl\u0131kta kafaya ekstr\u00fczyonu olacakt\u0131r.<\/p>    <p>Kal\u0131p kal\u0131b\u0131n\u0131n ba\u015f\u0131 bir kal\u0131plama par\u00e7as\u0131d\u0131r, malzeme bunun i\u00e7inden ge\u00e7er ve plastik \u015feridin sabit boyutunu al\u0131r ve ard\u0131ndan so\u011futma ve kesme i\u015fleminden sonra kal\u0131planm\u0131\u015f plastik geri d\u00f6n\u00fc\u015ft\u00fcr\u00fclm\u00fc\u015f par\u00e7ac\u0131klar\u0131 elde edebilirsiniz.<\/p>    <figure class=\"wp-block-gallery has-nested-images columns-default is-cropped wp-block-gallery-2 is-layout-flex wp-block-gallery-is-layout-flex\"> <figure class=\"wp-block-image size-large\"><img loading=\"lazy\" decoding=\"async\" width=\"720\" height=\"540\" data-id=\"894\" src=\"https:\/\/plastic-machines.org\/wp-content\/uploads\/2023\/07\/heating-device-2.webp\" alt=\"peletleme makinesi \u0131s\u0131tma halkalar\u0131\" class=\"wp-image-894\" srcset=\"https:\/\/plastic-machines.org\/wp-content\/uploads\/2023\/07\/heating-device-2.webp 720w, https:\/\/plastic-machines.org\/wp-content\/uploads\/2023\/07\/heating-device-2-300x225.webp 300w\" sizes=\"auto, (max-width: 720px) 100vw, 720px\" \/><figcaption class=\"wp-element-caption\">\u0131s\u0131tma halkalar\u0131<\/figcaption><\/figure>    <figure class=\"wp-block-image size-large\"><img loading=\"lazy\" decoding=\"async\" width=\"720\" height=\"540\" data-id=\"893\" src=\"https:\/\/plastic-machines.org\/wp-content\/uploads\/2023\/07\/die-head-of-plastic-pelletizer-machine.webp\" alt=\"peletleme makinesi kal\u0131p kafas\u0131\" class=\"wp-image-893\" srcset=\"https:\/\/plastic-machines.org\/wp-content\/uploads\/2023\/07\/die-head-of-plastic-pelletizer-machine.webp 720w, https:\/\/plastic-machines.org\/wp-content\/uploads\/2023\/07\/die-head-of-plastic-pelletizer-machine-300x225.webp 300w\" sizes=\"auto, (max-width: 720px) 100vw, 720px\" \/><figcaption class=\"wp-element-caption\">\u00f6lmek kafa<\/figcaption><\/figure> <\/figure>    <h2 class=\"wp-block-heading\">Sert plastik ekstruder peletleme makinesinin \u00f6zellikleri<\/h2>    <ul class=\"wp-block-list\"> <li>Sert plastik ekstruder peletleme makinemiz, uluslararas\u0131 pazar\u0131n gereksinimlerini kar\u015f\u0131layan, y\u00fcksek derecede otomasyon, iyi \u00fcr\u00fcn kalitesi, tekd\u00fcze par\u00e7ac\u0131k boyutu ve saf renk ile makul \u015fekilde tasarlanm\u0131\u015ft\u0131r.<\/li>    <li>Plastik peletleme makinesinin d\u0131\u015f k\u0131sm\u0131 tamamen kapal\u0131 bir g\u00fcvenlik kalkan\u0131n\u0131 benimser; bunlardan biri, elektrik ka\u00e7a\u011f\u0131 sorununu \u00f6nlemenin yan\u0131 s\u0131ra, y\u00fcksek s\u0131cakl\u0131k ve ha\u015flanma nedeniyle operat\u00f6r\u00fcn \u00f6nlenmesidir, ayn\u0131 zamanda \u0131s\u0131n\u0131n korunmas\u0131nda da rol oynar.<\/li>    <li>Peletleme makinesi en kaliteli motoru kullan\u0131r; peletleme makinesinin y\u00fcksek h\u0131zda \u00e7al\u0131\u015fmas\u0131 sorunlara en yatk\u0131n olan\u0131d\u0131r; gran\u00fclat\u00f6r\u00fcn uzun ve sorunsuz bir \u015fekilde \u00e7al\u0131\u015fmas\u0131n\u0131 sa\u011flamak i\u00e7in \u00c7in'in en kaliteli motorlar\u0131n\u0131 kullan\u0131yoruz.<\/li>    <li>Geri d\u00f6n\u00fc\u015ft\u00fcr\u00fclm\u00fc\u015f plastik peletleme tesisinin kurucusunun riski k\u00fc\u00e7\u00fck oldu\u011fundan, yat\u0131r\u0131m\u0131n boyutu b\u00fcy\u00fck olabilir, giri\u015f kap\u0131s\u0131 da d\u00fc\u015f\u00fckt\u00fcr. Yat\u0131r\u0131mc\u0131lar bir ba\u015flang\u0131\u00e7 \u200b\u200byapabilir<strong><a href=\"https:\/\/plastic-machines.org\/tr\/product\/plastic-recycling-granulating-line\/\"> plastik peletleme geri d\u00f6n\u00fc\u015f\u00fcm hatt\u0131<\/a><\/strong>, ama ayn\u0131 zamanda bir dizi geri d\u00f6n\u00fc\u015f\u00fcm makinesi setini ba\u015flatmak i\u00e7in.<\/li> <\/ul>    <h2 class=\"wp-block-heading\">Sert peletleme makinesinin garantisi ve hizmetleri  <\/h2>    <p>Her geri d\u00f6n\u00fc\u015f\u00fcm makinesi s\u0131n\u0131rl\u0131 bir garantiyle birlikte gelir. Shuliy Group, plastik geri d\u00f6n\u00fc\u015f\u00fcm\u00fcne y\u00f6nelik plastik peletleme makinemiz i\u00e7in 12 ay garanti veriyor. Saha kurulumunu da sa\u011fl\u0131yoruz, proje y\u00f6neticimiz \u00fclkenize giderek makine kurulumu konusunda size yard\u0131mc\u0131 olacakt\u0131r.<\/p>    <figure class=\"wp-block-image size-full\"><img loading=\"lazy\" decoding=\"async\" width=\"720\" height=\"540\" src=\"https:\/\/plastic-machines.org\/wp-content\/uploads\/2023\/01\/plastic-pelletizing-plant-21.webp\" alt=\"Suudi Arabistan&#039;da plastik geri d\u00f6n\u00fc\u015f\u00fcm makineleri kuruldu\" class=\"wp-image-697\" srcset=\"https:\/\/plastic-machines.org\/wp-content\/uploads\/2023\/01\/plastic-pelletizing-plant-21.webp 720w, https:\/\/plastic-machines.org\/wp-content\/uploads\/2023\/01\/plastic-pelletizing-plant-21-300x225.webp 300w\" sizes=\"auto, (max-width: 720px) 100vw, 720px\" \/><figcaption class=\"wp-element-caption\">Suudi Arabistan'da plastik geri d\u00f6n\u00fc\u015f\u00fcm makineleri kuruldu<\/figcaption><\/figure>    <h2 class=\"wp-block-heading\">Pelet makineleri ek resimler<\/h2>    <figure class=\"wp-block-image size-full\"><img loading=\"lazy\" decoding=\"async\" width=\"720\" height=\"540\" src=\"https:\/\/plastic-machines.org\/wp-content\/uploads\/2023\/07\/Plastic-pelletizing-machine-2.webp\" alt=\"iki a\u015famal\u0131 plastik peletleme makinesi \" class=\"wp-image-890\" srcset=\"https:\/\/plastic-machines.org\/wp-content\/uploads\/2023\/07\/Plastic-pelletizing-machine-2.webp 720w, https:\/\/plastic-machines.org\/wp-content\/uploads\/2023\/07\/Plastic-pelletizing-machine-2-300x225.webp 300w\" sizes=\"auto, (max-width: 720px) 100vw, 720px\" \/><\/figure>    <figure class=\"wp-block-image size-full\"><img loading=\"lazy\" decoding=\"async\" width=\"720\" height=\"540\" src=\"https:\/\/plastic-machines.org\/wp-content\/uploads\/2023\/07\/plastic-granulator-2.webp\" alt=\"peletleme makinesi\" class=\"wp-image-878\" srcset=\"https:\/\/plastic-machines.org\/wp-content\/uploads\/2023\/07\/plastic-granulator-2.webp 720w, https:\/\/plastic-machines.org\/wp-content\/uploads\/2023\/07\/plastic-granulator-2-300x225.webp 300w\" sizes=\"auto, (max-width: 720px) 100vw, 720px\" \/><\/figure>    <figure class=\"wp-block-image size-full\"><img loading=\"lazy\" decoding=\"async\" width=\"720\" height=\"540\" src=\"https:\/\/plastic-machines.org\/wp-content\/uploads\/2023\/07\/hdpe-granules-making-machine-2.webp\" alt=\"so\u011futma ve kesme sistemli peletleyici\" class=\"wp-image-859\" srcset=\"https:\/\/plastic-machines.org\/wp-content\/uploads\/2023\/07\/hdpe-granules-making-machine-2.webp 720w, https:\/\/plastic-machines.org\/wp-content\/uploads\/2023\/07\/hdpe-granules-making-machine-2-300x225.webp 300w\" sizes=\"auto, (max-width: 720px) 100vw, 720px\" \/><figcaption class=\"wp-element-caption\">sert plastik geri d\u00f6n\u00fc\u015f\u00fcm\u00fc i\u00e7in ekstruder peletleme makinesi<\/figcaption><\/figure>    <h2 class=\"wp-block-heading\">Sert plastik pelet makineleri i\u00e7in sorgular<\/h2>    <p>S\u0131n\u0131rl\u0131 pelet makineleri fiyatlar\u0131 ve teslim s\u00fcreleri almak i\u00e7in, sa\u011f alt k\u00f6\u015fedeki formu kullanarak bize mesaj g\u00f6nderin.<\/p>    <p class=\"translation-block\">Profesyonel sat\u0131\u015f y\u00f6neticimiz size geri d\u00f6n\u00fc\u015f\u00fcm makineleri detaylar\u0131n\u0131 yak\u0131nda g\u00f6ndermekten memnun olacak. Plastik geri d\u00f6n\u00fc\u015f\u00fcm makineleri hakk\u0131nda daha fazla bilgi edinin: <a href=\"https:\/\/plastic-machines.org\/tr\/info\/what-machines-are-used-to-recycle-plastic\/\">Plastik Geri D\u00f6n\u00fc\u015f\u00fcm \u0130\u00e7in Kullan\u0131lan Makineler<\/a><\/p>","protected":false},"excerpt":{"rendered":"<p>Shuliy pelletization machine for rigid plastic recycling offers an easy and quick solution for recycling plants and plastic producers. The dirty rigid plastic like HDPE milk bottles, shampoo bottles, pipes, barrels, drums, toys, defective production cut-offs, waste residential electric meters, etc., they will be processed to small and round plastic granules by some plastic recycling [&hellip;]<\/p>\n","protected":false},"author":1,"featured_media":891,"parent":0,"template":"","tags":[51],"product-type":[9],"class_list":["post-822","product","type-product","status-publish","has-post-thumbnail","hentry","tag-rigid","product-type-plastic-pelletizer"],"taxonomy_info":{"post_tag":[{"value":51,"label":"rigid"}],"product-type":[{"value":9,"label":"Plastic Pelletizer"}]},"featured_image_src_large":["https:\/\/plastic-machines.org\/wp-content\/uploads\/2023\/07\/Plastic-pelletizing-machine.webp",720,540,false],"author_info":{"display_name":"Ella","author_link":"https:\/\/plastic-machines.org\/tr\/author\/admin\/"},"comment_info":"","_links":{"self":[{"href":"https:\/\/plastic-machines.org\/tr\/wp-json\/wp\/v2\/product\/822","targetHints":{"allow":["GET"]}}],"collection":[{"href":"https:\/\/plastic-machines.org\/tr\/wp-json\/wp\/v2\/product"}],"about":[{"href":"https:\/\/plastic-machines.org\/tr\/wp-json\/wp\/v2\/types\/product"}],"author":[{"embeddable":true,"href":"https:\/\/plastic-machines.org\/tr\/wp-json\/wp\/v2\/users\/1"}],"wp:featuredmedia":[{"embeddable":true,"href":"https:\/\/plastic-machines.org\/tr\/wp-json\/wp\/v2\/media\/891"}],"wp:attachment":[{"href":"https:\/\/plastic-machines.org\/tr\/wp-json\/wp\/v2\/media?parent=822"}],"wp:term":[{"taxonomy":"post_tag","embeddable":true,"href":"https:\/\/plastic-machines.org\/tr\/wp-json\/wp\/v2\/tags?post=822"},{"taxonomy":"product-type","embeddable":true,"href":"https:\/\/plastic-machines.org\/tr\/wp-json\/wp\/v2\/product-type?post=822"}],"curies":[{"name":"wp","href":"https:\/\/api.w.org\/{rel}","templated":true}]}}