{"id":725,"date":"2023-05-15T14:18:41","date_gmt":"2023-05-15T06:18:41","guid":{"rendered":"https:\/\/plastic-machines.org\/?post_type=product&#038;p=725"},"modified":"2026-03-24T09:51:05","modified_gmt":"2026-03-24T01:51:05","slug":"plastic-granule-cutter","status":"publish","type":"product","link":"https:\/\/plastic-machines.org\/tr\/product\/plastic-granule-cutter\/","title":{"rendered":"\u0130plik Peletleme i\u00e7in Plastik Gran\u00fcl Kesici"},"content":{"rendered":"<div class=\"kk-star-ratings kksr-auto kksr-align-left kksr-valign-top\"     data-payload='{&quot;align&quot;:&quot;left&quot;,&quot;id&quot;:&quot;725&quot;,&quot;slug&quot;:&quot;default&quot;,&quot;valign&quot;:&quot;top&quot;,&quot;ignore&quot;:&quot;&quot;,&quot;reference&quot;:&quot;auto&quot;,&quot;class&quot;:&quot;&quot;,&quot;count&quot;:&quot;2&quot;,&quot;legendonly&quot;:&quot;&quot;,&quot;readonly&quot;:&quot;&quot;,&quot;score&quot;:&quot;4.5&quot;,&quot;starsonly&quot;:&quot;&quot;,&quot;best&quot;:&quot;5&quot;,&quot;gap&quot;:&quot;5&quot;,&quot;greet&quot;:&quot;Rate this product&quot;,&quot;legend&quot;:&quot;4.5\\\/5 - (2 votes)&quot;,&quot;size&quot;:&quot;24&quot;,&quot;title&quot;:&quot;Plastic Granule Cutter for Strand Pelletizing&quot;,&quot;width&quot;:&quot;128&quot;,&quot;_legend&quot;:&quot;{score}\\\/{best} - ({count} {votes})&quot;,&quot;font_factor&quot;:&quot;1.25&quot;}'>              <div class=\"kksr-stars\">      <div class=\"kksr-stars-inactive\">             <div class=\"kksr-star\" data-star=\"1\" style=\"padding-right: 5px\">               <div class=\"kksr-icon\" style=\"width: 24px; height: 24px;\"><\/div>         <\/div>             <div class=\"kksr-star\" data-star=\"2\" style=\"padding-right: 5px\">               <div class=\"kksr-icon\" style=\"width: 24px; height: 24px;\"><\/div>         <\/div>             <div class=\"kksr-star\" data-star=\"3\" style=\"padding-right: 5px\">               <div class=\"kksr-icon\" style=\"width: 24px; height: 24px;\"><\/div>         <\/div>             <div class=\"kksr-star\" data-star=\"4\" style=\"padding-right: 5px\">               <div class=\"kksr-icon\" style=\"width: 24px; height: 24px;\"><\/div>         <\/div>             <div class=\"kksr-star\" data-star=\"5\" style=\"padding-right: 5px\">               <div class=\"kksr-icon\" style=\"width: 24px; height: 24px;\"><\/div>         <\/div>     <\/div>      <div class=\"kksr-stars-active\" style=\"width: 128px;\">             <div class=\"kksr-star\" style=\"padding-right: 5px\">               <div class=\"kksr-icon\" style=\"width: 24px; height: 24px;\"><\/div>         <\/div>             <div class=\"kksr-star\" style=\"padding-right: 5px\">               <div class=\"kksr-icon\" style=\"width: 24px; height: 24px;\"><\/div>         <\/div>             <div class=\"kksr-star\" style=\"padding-right: 5px\">               <div class=\"kksr-icon\" style=\"width: 24px; height: 24px;\"><\/div>         <\/div>             <div class=\"kksr-star\" style=\"padding-right: 5px\">               <div class=\"kksr-icon\" style=\"width: 24px; height: 24px;\"><\/div>         <\/div>             <div class=\"kksr-star\" style=\"padding-right: 5px\">               <div class=\"kksr-icon\" style=\"width: 24px; height: 24px;\"><\/div>         <\/div>     <\/div> <\/div>                   <div class=\"kksr-legend\" style=\"font-size: 19.2px;\">             4.5\/5 - (2 oy)    <\/div>     <\/div>  <p>Plastik gran\u00fcl kesici, plastik gran\u00fclasyon hatt\u0131 i\u00e7in vazge\u00e7ilmez bir yard\u0131mc\u0131 makinedir. Shuliy plastik gran\u00fcl kesiciler, plastik geri d\u00f6n\u00fc\u015f\u00fcm i\u015flerini desteklemek amac\u0131yla d\u00fcnyan\u0131n bir\u00e7ok \u00fclkesine ihra\u00e7 edilmi\u015ftir. Nihai plastik gran\u00fcller y\u00fcksek kaliteli ve k\u00e2rl\u0131 olup, m\u00fc\u015fterilerimize b\u00fcy\u00fck ekonomik marjlar sa\u011flar.<\/p>   <div class=\"wp-block-image\"> <figure class=\"aligncenter size-full\"><img loading=\"lazy\" decoding=\"async\" width=\"720\" height=\"540\" src=\"https:\/\/plastic-machines.org\/wp-content\/uploads\/2023\/05\/plastic-dana-cutter-.webp\" alt=\"plastik dana kesici\" class=\"wp-image-733\" srcset=\"https:\/\/plastic-machines.org\/wp-content\/uploads\/2023\/05\/plastic-dana-cutter-.webp 720w, https:\/\/plastic-machines.org\/wp-content\/uploads\/2023\/05\/plastic-dana-cutter--300x225.webp 300w\" sizes=\"auto, (max-width: 720px) 100vw, 720px\" \/><figcaption class=\"wp-element-caption\">plastik dana kesici<\/figcaption><\/figure> <\/div>   <h2 class=\"wp-block-heading\">Plastik gran\u00fcl kesici tan\u0131t\u0131m\u0131<\/h2>    <p>Plastik gran\u00fcl kesici, bir plastik pelet \u00fcretim hatt\u0131nda kullan\u0131l\u0131r ve hatt\u0131n sonunda plastikleri m\u00fckemmel \u015fekilde keser. Gran\u00fcl kesici makine, PP, PE, HDPE, LDPE, ABS, PVC ve di\u011fer plastikler i\u00e7in uygundur. Uzun plastik \u015ferit, d\u00f6ner b\u0131\u00e7ak ve sabit b\u0131\u00e7ak taraf\u0131ndan kesilir. Ard\u0131ndan, b\u00fcy\u00fck at\u0131k plastik par\u00e7alar\u0131 sonraki i\u015flem veya yeniden kullan\u0131m i\u00e7in k\u00fc\u00e7\u00fck peletlere d\u00f6n\u00fc\u015ft\u00fcr\u00fcl\u00fcr. Farkl\u0131 voltajlara sahip bir\u00e7ok farkl\u0131 model se\u00e7ebilirsiniz, ayr\u0131ca \u00f6zelle\u015ftirilebilir.<\/p>    <h2 class=\"wp-block-heading\">Plastik dana kesici makine ekran\u0131<\/h2>    <figure class=\"wp-block-gallery has-nested-images columns-default is-cropped wp-block-gallery-2 is-layout-flex wp-block-gallery-is-layout-flex\"> <figure class=\"wp-block-image size-large\"><img loading=\"lazy\" decoding=\"async\" width=\"720\" height=\"540\" data-id=\"731\" src=\"https:\/\/plastic-machines.org\/wp-content\/uploads\/2023\/05\/Plastic-granule-cutter-21.webp\" alt=\"Plastik gran\u00fcl kesici \" class=\"wp-image-731\" srcset=\"https:\/\/plastic-machines.org\/wp-content\/uploads\/2023\/05\/Plastic-granule-cutter-21.webp 720w, https:\/\/plastic-machines.org\/wp-content\/uploads\/2023\/05\/Plastic-granule-cutter-21-300x225.webp 300w\" sizes=\"auto, (max-width: 720px) 100vw, 720px\" \/><figcaption class=\"wp-element-caption\">Plastik gran\u00fcl kesici <\/figcaption><\/figure>    <figure class=\"wp-block-image size-large\"><img loading=\"lazy\" decoding=\"async\" width=\"720\" height=\"540\" data-id=\"728\" src=\"https:\/\/plastic-machines.org\/wp-content\/uploads\/2023\/05\/plastic-granule-cutter-machine1.webp\" alt=\"plastik gran\u00fcl kesici makinesi\" class=\"wp-image-728\" srcset=\"https:\/\/plastic-machines.org\/wp-content\/uploads\/2023\/05\/plastic-granule-cutter-machine1.webp 720w, https:\/\/plastic-machines.org\/wp-content\/uploads\/2023\/05\/plastic-granule-cutter-machine1-300x225.webp 300w\" sizes=\"auto, (max-width: 720px) 100vw, 720px\" \/><figcaption class=\"wp-element-caption\">plastik gran\u00fcl kesici makinesi<\/figcaption><\/figure> <\/figure>    <figure class=\"wp-block-gallery has-nested-images columns-default is-cropped wp-block-gallery-3 is-layout-flex wp-block-gallery-is-layout-flex\"> <figure class=\"wp-block-image size-large\"><img loading=\"lazy\" decoding=\"async\" width=\"720\" height=\"540\" data-id=\"732\" src=\"https:\/\/plastic-machines.org\/wp-content\/uploads\/2023\/05\/Plastic-granule-cutter-1.webp\" alt=\"plastik gran\u00fcl kesici\" class=\"wp-image-732\" srcset=\"https:\/\/plastic-machines.org\/wp-content\/uploads\/2023\/05\/Plastic-granule-cutter-1.webp 720w, https:\/\/plastic-machines.org\/wp-content\/uploads\/2023\/05\/Plastic-granule-cutter-1-300x225.webp 300w\" sizes=\"auto, (max-width: 720px) 100vw, 720px\" \/><figcaption class=\"wp-element-caption\">plastik gran\u00fcl kesici<\/figcaption><\/figure>    <figure class=\"wp-block-image size-large\"><img loading=\"lazy\" decoding=\"async\" width=\"720\" height=\"540\" data-id=\"729\" src=\"https:\/\/plastic-machines.org\/wp-content\/uploads\/2023\/05\/Plastic-Strip-Cutting-Machine1.webp\" alt=\"plastik \u015ferit kesme makinas\u0131\" class=\"wp-image-729\" srcset=\"https:\/\/plastic-machines.org\/wp-content\/uploads\/2023\/05\/Plastic-Strip-Cutting-Machine1.webp 720w, https:\/\/plastic-machines.org\/wp-content\/uploads\/2023\/05\/Plastic-Strip-Cutting-Machine1-300x225.webp 300w\" sizes=\"auto, (max-width: 720px) 100vw, 720px\" \/><figcaption class=\"wp-element-caption\">plastik \u015ferit kesme makinas\u0131<\/figcaption><\/figure> <\/figure>    <h2 class=\"wp-block-heading\">Plastik gran\u00fcl kesici makinenin \u00f6zellikleri<\/h2>    <ul class=\"wp-block-list\"> <li>Y\u00fcksek verimlilik: Plastik \u015ferit kesme makinesi, plastik malzemeleri h\u0131zl\u0131 bir \u015fekilde kesebilen ve y\u00fcksek verimli kesim elde edebilen y\u00fcksek h\u0131zl\u0131 d\u00f6nen b\u0131\u00e7aklar\u0131 kullan\u0131r.<\/li>    <li>Y\u00fcksek derecede otomasyon: Plastik pelet kesme makinesi genellikle besleme, kesme ve bo\u015faltma i\u015flemlerini otomatik olarak tamamlayabilen, manuel m\u00fcdahaleyi azaltan ve \u00fcretim verimlili\u011fini art\u0131ran otomatik bir kontrol sistemine sahiptir.<\/li>    <li>Ayarlanabilir kesme boyutu: Plastik \u015ferit kesme makinesinin b\u0131\u00e7ak aral\u0131\u011f\u0131 ve b\u0131\u00e7ak a\u00e7\u0131s\u0131, farkl\u0131 m\u00fc\u015fterilerin ihtiya\u00e7lar\u0131n\u0131 kar\u015f\u0131lamak i\u00e7in farkl\u0131 boyutta kesme efektleri elde etmek \u00fczere ayarlanabilir.<\/li>    <li>Y\u00fcksek g\u00fcvenlik: Plastik gran\u00fcl kesici, plastik geri d\u00f6n\u00fc\u015f\u00fcm tesisi operat\u00f6rlerinin g\u00fcvenli\u011fini sa\u011flamak i\u00e7in genellikle a\u015f\u0131r\u0131 y\u00fck korumas\u0131, acil durdurma vb. gibi birden fazla g\u00fcvenlik koruma \u00f6nlemine sahiptir.<\/li>    <li>Basit bak\u0131m: Makine ala\u015f\u0131ml\u0131 \u00e7elik b\u0131\u00e7aklar kullan\u0131r, b\u0131\u00e7aklar\u0131 bir y\u0131l i\u00e7inde keskinle\u015ftirmeye ve cilalamaya gerek yoktur. Plastik gran\u00fcl kesici makine yap\u0131s\u0131 basit ve bak\u0131m\u0131 kolayd\u0131r, b\u0131\u00e7a\u011f\u0131n de\u011fi\u015ftirilmesi ve makinenin temizlenmesi de nispeten kolayd\u0131r.<\/li> <\/ul>    <h2 class=\"wp-block-heading\">Plastik pelet kesme makinas\u0131 parametreleri<\/h2>    <p>Plastik pelet kesme makinesi, b\u0131\u00e7ak geni\u015fli\u011fine g\u00f6re adland\u0131r\u0131l\u0131r, \u00f6rne\u011fin SL-260 modeli, b\u0131\u00e7ak geni\u015fli\u011fi 260 mm'dir. A\u015fa\u011f\u0131daki veriler plastik gran\u00fcl kesicinin temel parametreleridir; gereksinimlerinizi web sitemize b\u0131rakmaktan \u00e7ekinmeyin; sat\u0131\u015f y\u00f6neticimiz sizin i\u00e7in en uygun modeli se\u00e7menize yard\u0131mc\u0131 olmaktan mutluluk duyacakt\u0131r.<\/p>    <figure class=\"wp-block-table\"><table><tbody><tr><td>Modeli<\/td><td>G\u00fc\u00e7 (kw)<\/td><td>B\u0131\u00e7ak geni\u015fli\u011fi (mm)<\/td><td>B\u0131\u00e7ak t\u00fcr\u00fc<\/td><\/tr><tr><td>SL-180<\/td><td>3<\/td><td>180<\/td><td>Ocak<\/td><\/tr><tr><td>SL-220<\/td><td>5.5<\/td><td>220<\/td><td>Ocak<\/td><\/tr><tr><td>SL-260<\/td><td>5.5<\/td><td>260<\/td><td>Ocak<\/td><\/tr><\/tbody><\/table><\/figure>    <h2 class=\"wp-block-heading\">Plastik \u015ferit kesme makinas\u0131n\u0131n ilgili geri d\u00f6n\u00fc\u015f\u00fcm hatt\u0131  <\/h2>    <p class=\"translation-block\">Bir plastik dana kesici, genellikle eksiksiz bir at\u0131k <strong><a href=\"https:\/\/plastic-machines.org\/tr\/product\/plastic-recycling-granulating-line\/\">plastik pelet \u00fcretim hatt\u0131<\/a><\/strong> olu\u015fturmak i\u00e7in di\u011fer plastik geri d\u00f6n\u00fc\u015f\u00fcm ekipmanlar\u0131yla birlikte kullan\u0131l\u0131r. \u00d6rne\u011fin, bir plastik pelet kesme makinesi genellikle bir <strong><a href=\"https:\/\/plastic-machines.org\/tr\/products\/plastic-cleaning-drying-equipment\/\">y\u0131kama makinesi<\/a><\/strong> ve bir <strong><a href=\"https:\/\/plastic-machines.org\/tr\/product\/plastic-extruder-machine\/\">plastik gran\u00fclat\u00f6r<\/a><\/strong> ile birlikte kullan\u0131l\u0131r. Plastik y\u0131kama makinesi \u00f6nce at\u0131k plasti\u011fi temizler, ard\u0131ndan plastik gran\u00fclat\u00f6r plasti\u011fi y\u00fcksek s\u0131cakl\u0131klarda eritir ve gran\u00fcle eder. <\/p>   <div class=\"wp-block-image\"> <figure class=\"aligncenter size-full\"><img loading=\"lazy\" decoding=\"async\" width=\"720\" height=\"540\" src=\"https:\/\/plastic-machines.org\/wp-content\/uploads\/2023\/01\/Plastic-recycling-factory-Suadi-Arabia1.webp\" alt=\"plastik geri d\u00f6n\u00fc\u015f\u00fcm tesisi\" class=\"wp-image-700\" srcset=\"https:\/\/plastic-machines.org\/wp-content\/uploads\/2023\/01\/Plastic-recycling-factory-Suadi-Arabia1.webp 720w, https:\/\/plastic-machines.org\/wp-content\/uploads\/2023\/01\/Plastic-recycling-factory-Suadi-Arabia1-300x225.webp 300w\" sizes=\"auto, (max-width: 720px) 100vw, 720px\" \/><\/figure> <\/div>   <p>Plastik peletlerin son olarak plastik gran\u00fcl kesici taraf\u0131ndan k\u00fc\u00e7\u00fck peletler halinde i\u015flenmesi gerekir. Bu geri d\u00f6n\u00fc\u015ft\u00fcr\u00fclm\u00fc\u015f plastik peletler, plastik \u00fcr\u00fcnler \u00fcretmek i\u00e7in kullan\u0131labilecek hammaddelerdir.<\/p>    <p>Geri d\u00f6n\u00fc\u015f\u00fcm hatt\u0131 ayr\u0131ca plastik peletlerin kalitesini sa\u011flamak i\u00e7in plasti\u011fi ta\u015f\u0131mak, par\u00e7alamak ve kurutmak i\u00e7in plastik konvey\u00f6rler, plastik par\u00e7alay\u0131c\u0131lar, plastik kurutma makineleri ve di\u011fer ekipmanlarla donat\u0131labilir. Bu makinelerin bir arada kullan\u0131lmas\u0131yla at\u0131k plastikler verimli bir \u015fekilde geri d\u00f6n\u00fc\u015ft\u00fcr\u00fclebilir ve plastik pelet \u00fcreticilerine daha fazla kazan\u00e7 sa\u011flanabilir.<\/p>    <h2 class=\"wp-block-heading\">Ba\u015far\u0131l\u0131 plastik gran\u00fcl kesici vakalar\u0131<\/h2>    <h3 class=\"wp-block-heading\">Suudi Arabistan'da kurulan plastik pelet kesme makinesi <\/h3>    <figure class=\"wp-block-gallery has-nested-images columns-default is-cropped wp-block-gallery-4 is-layout-flex wp-block-gallery-is-layout-flex\"> <figure class=\"wp-block-image size-large\"><img loading=\"lazy\" decoding=\"async\" width=\"720\" height=\"540\" data-id=\"700\" src=\"https:\/\/plastic-machines.org\/wp-content\/uploads\/2023\/01\/Plastic-recycling-factory-Suadi-Arabia1.webp\" alt=\"plastik geri d\u00f6n\u00fc\u015f\u00fcm tesisi\" class=\"wp-image-700\" srcset=\"https:\/\/plastic-machines.org\/wp-content\/uploads\/2023\/01\/Plastic-recycling-factory-Suadi-Arabia1.webp 720w, https:\/\/plastic-machines.org\/wp-content\/uploads\/2023\/01\/Plastic-recycling-factory-Suadi-Arabia1-300x225.webp 300w\" sizes=\"auto, (max-width: 720px) 100vw, 720px\" \/><\/figure>    <figure class=\"wp-block-image size-large\"><img loading=\"lazy\" decoding=\"async\" width=\"720\" height=\"540\" data-id=\"621\" src=\"https:\/\/plastic-machines.org\/wp-content\/uploads\/2022\/12\/plastic-pellet-cutter.webp\" alt=\"plastik pelet kesici\" class=\"wp-image-621\" srcset=\"https:\/\/plastic-machines.org\/wp-content\/uploads\/2022\/12\/plastic-pellet-cutter.webp 720w, https:\/\/plastic-machines.org\/wp-content\/uploads\/2022\/12\/plastic-pellet-cutter-300x225.webp 300w\" sizes=\"auto, (max-width: 720px) 100vw, 720px\" \/><figcaption class=\"wp-element-caption\">plastik pelet kesici<\/figcaption><\/figure> <\/figure>    <h3 class=\"wp-block-heading\">Mozambik'e plastik gran\u00fcl kesme makinesi sevk edildi<\/h3>    <figure class=\"wp-block-gallery has-nested-images columns-default is-cropped wp-block-gallery-5 is-layout-flex wp-block-gallery-is-layout-flex\"> <figure class=\"wp-block-image size-large\"><img loading=\"lazy\" decoding=\"async\" width=\"540\" height=\"720\" data-id=\"670\" src=\"https:\/\/plastic-machines.org\/wp-content\/uploads\/2023\/01\/industrial-plastic-granulator-shipped-to-Mozambique1.webp\" alt=\"Mozambik&#039;e g\u00f6nderilen end\u00fcstriyel plastik gran\u00fclat\u00f6r\" class=\"wp-image-670\" srcset=\"https:\/\/plastic-machines.org\/wp-content\/uploads\/2023\/01\/industrial-plastic-granulator-shipped-to-Mozambique1.webp 540w, https:\/\/plastic-machines.org\/wp-content\/uploads\/2023\/01\/industrial-plastic-granulator-shipped-to-Mozambique1-225x300.webp 225w\" sizes=\"auto, (max-width: 540px) 100vw, 540px\" \/><figcaption class=\"wp-element-caption\">Mozambik'e g\u00f6nderilen end\u00fcstriyel plastik gran\u00fclat\u00f6r<\/figcaption><\/figure>    <figure class=\"wp-block-image size-large\"><img loading=\"lazy\" decoding=\"async\" width=\"540\" height=\"720\" data-id=\"674\" src=\"https:\/\/plastic-machines.org\/wp-content\/uploads\/2023\/01\/top-10-plastic-granulators1.webp\" alt=\"Mozambik plastik geri d\u00f6n\u00fc\u015f\u00fcm makinas\u0131\" class=\"wp-image-674\" srcset=\"https:\/\/plastic-machines.org\/wp-content\/uploads\/2023\/01\/top-10-plastic-granulators1.webp 540w, https:\/\/plastic-machines.org\/wp-content\/uploads\/2023\/01\/top-10-plastic-granulators1-225x300.webp 225w\" sizes=\"auto, (max-width: 540px) 100vw, 540px\" \/><figcaption class=\"wp-element-caption\">Mozambik plastik geri d\u00f6n\u00fc\u015f\u00fcm makinas\u0131<\/figcaption><\/figure> <\/figure>    <h3 class=\"wp-block-heading\">Etiyopya'ya plastik gran\u00fcl kesme makinesi g\u00f6nderildi<\/h3>    <figure class=\"wp-block-gallery has-nested-images columns-default is-cropped wp-block-gallery-6 is-layout-flex wp-block-gallery-is-layout-flex\"> <figure class=\"wp-block-image size-large\"><img loading=\"lazy\" decoding=\"async\" width=\"540\" height=\"720\" data-id=\"585\" src=\"https:\/\/plastic-machines.org\/wp-content\/uploads\/2022\/07\/pellet-cutting-machine.webp\" alt=\"pelet kesme makinas\u0131\" class=\"wp-image-585\" srcset=\"https:\/\/plastic-machines.org\/wp-content\/uploads\/2022\/07\/pellet-cutting-machine.webp 540w, https:\/\/plastic-machines.org\/wp-content\/uploads\/2022\/07\/pellet-cutting-machine-225x300.webp 225w\" sizes=\"auto, (max-width: 540px) 100vw, 540px\" \/><figcaption class=\"wp-element-caption\">pelet kesme makinas\u0131<\/figcaption><\/figure>    <figure class=\"wp-block-image size-large\"><img loading=\"lazy\" decoding=\"async\" width=\"540\" height=\"720\" data-id=\"582\" src=\"https:\/\/plastic-machines.org\/wp-content\/uploads\/2022\/07\/delivery.webp\" alt=\"Plastik gran\u00fcl kesici makinesi\" class=\"wp-image-582\" srcset=\"https:\/\/plastic-machines.org\/wp-content\/uploads\/2022\/07\/delivery.webp 540w, https:\/\/plastic-machines.org\/wp-content\/uploads\/2022\/07\/delivery-225x300.webp 225w\" sizes=\"auto, (max-width: 540px) 100vw, 540px\" \/><figcaption class=\"wp-element-caption\">Plastik gran\u00fcl kesici makinesi<\/figcaption><\/figure> <\/figure>    <h3 class=\"wp-block-heading\">Plastik dana kesici Tanzanya'ya g\u00f6nderildi<\/h3>    <figure class=\"wp-block-gallery has-nested-images columns-default is-cropped wp-block-gallery-7 is-layout-flex wp-block-gallery-is-layout-flex\"> <figure class=\"wp-block-image size-large\"><img loading=\"lazy\" decoding=\"async\" width=\"720\" height=\"540\" data-id=\"437\" src=\"https:\/\/plastic-machines.org\/wp-content\/uploads\/2022\/09\/plastic-pelletizer-machine.webp\" alt=\"plastik peletleme makinesi\" class=\"wp-image-437\" srcset=\"https:\/\/plastic-machines.org\/wp-content\/uploads\/2022\/09\/plastic-pelletizer-machine.webp 720w, https:\/\/plastic-machines.org\/wp-content\/uploads\/2022\/09\/plastic-pelletizer-machine-300x225.webp 300w\" sizes=\"auto, (max-width: 720px) 100vw, 720px\" \/><figcaption class=\"wp-element-caption\">plastik peletleme makinesi<\/figcaption><\/figure>    <figure class=\"wp-block-image size-large\"><img loading=\"lazy\" decoding=\"async\" width=\"720\" height=\"540\" data-id=\"439\" src=\"https:\/\/plastic-machines.org\/wp-content\/uploads\/2022\/07\/plastic-recycling-machine1.webp\" alt=\"Tanzanya plastik geri d\u00f6n\u00fc\u015f\u00fcm makinas\u0131\" class=\"wp-image-439\" srcset=\"https:\/\/plastic-machines.org\/wp-content\/uploads\/2022\/07\/plastic-recycling-machine1.webp 720w, https:\/\/plastic-machines.org\/wp-content\/uploads\/2022\/07\/plastic-recycling-machine1-300x225.webp 300w\" sizes=\"auto, (max-width: 720px) 100vw, 720px\" \/><figcaption class=\"wp-element-caption\">Tanzanya plastik geri d\u00f6n\u00fc\u015f\u00fcm makinas\u0131<\/figcaption><\/figure> <\/figure>    <p class=\"translation-block\">Plastik geri d\u00f6n\u00fc\u015f\u00fcm s\u00fcreci hakk\u0131nda daha fazla bilgi edinmek ister misiniz: <a href=\"https:\/\/plastic-machines.org\/tr\/info\/what-machines-are-used-to-recycle-plastic\/\">makineler plastik geri d\u00f6n\u00fc\u015f\u00fcm\u00fcnde kullan\u0131l\u0131r<\/a><\/p>","protected":false},"excerpt":{"rendered":"<p>The plastic granule cutter is an indispensable auxiliary machine for the plastic granulating line. Shuliy plastic granule cutters have been exported to many countries in the world to support their plastic recycling businesses. The final plastic granules are of high quality and profitable profits, bringing our customers huge economic margins. Plastic granule cutter introduction The [&hellip;]<\/p>\n","protected":false},"author":1,"featured_media":726,"parent":0,"template":"","tags":[50],"product-type":[9],"class_list":["post-725","product","type-product","status-publish","has-post-thumbnail","hentry","tag-pellet","product-type-plastic-pelletizer"],"taxonomy_info":{"post_tag":[{"value":50,"label":"pellet"}],"product-type":[{"value":9,"label":"Plastic Pelletizer"}]},"featured_image_src_large":["https:\/\/plastic-machines.org\/wp-content\/uploads\/2023\/05\/pellet-cutting-machine1.webp",720,540,false],"author_info":{"display_name":"Ella","author_link":"https:\/\/plastic-machines.org\/tr\/author\/admin\/"},"comment_info":"","_links":{"self":[{"href":"https:\/\/plastic-machines.org\/tr\/wp-json\/wp\/v2\/product\/725","targetHints":{"allow":["GET"]}}],"collection":[{"href":"https:\/\/plastic-machines.org\/tr\/wp-json\/wp\/v2\/product"}],"about":[{"href":"https:\/\/plastic-machines.org\/tr\/wp-json\/wp\/v2\/types\/product"}],"author":[{"embeddable":true,"href":"https:\/\/plastic-machines.org\/tr\/wp-json\/wp\/v2\/users\/1"}],"wp:featuredmedia":[{"embeddable":true,"href":"https:\/\/plastic-machines.org\/tr\/wp-json\/wp\/v2\/media\/726"}],"wp:attachment":[{"href":"https:\/\/plastic-machines.org\/tr\/wp-json\/wp\/v2\/media?parent=725"}],"wp:term":[{"taxonomy":"post_tag","embeddable":true,"href":"https:\/\/plastic-machines.org\/tr\/wp-json\/wp\/v2\/tags?post=725"},{"taxonomy":"product-type","embeddable":true,"href":"https:\/\/plastic-machines.org\/tr\/wp-json\/wp\/v2\/product-type?post=725"}],"curies":[{"name":"wp","href":"https:\/\/api.w.org\/{rel}","templated":true}]}}