{"id":678,"date":"2023-01-17T15:59:08","date_gmt":"2023-01-17T07:59:08","guid":{"rendered":"https:\/\/plastic-machines.org\/?post_type=product&#038;p=678"},"modified":"2025-11-10T10:55:17","modified_gmt":"2025-11-10T02:55:17","slug":"plastic-baler-machine","status":"publish","type":"product","link":"https:\/\/plastic-machines.org\/tr\/product\/plastic-baler-machine\/","title":{"rendered":"Plastik Geri D\u00f6n\u00fc\u015f\u00fcm i\u00e7in Plastik Balya Makinesi Kompakt\u00f6r\u00fc"},"content":{"rendered":"<div class=\"kk-star-ratings kksr-auto kksr-align-left kksr-valign-top\"     data-payload='{&quot;align&quot;:&quot;left&quot;,&quot;id&quot;:&quot;678&quot;,&quot;slug&quot;:&quot;default&quot;,&quot;valign&quot;:&quot;top&quot;,&quot;ignore&quot;:&quot;&quot;,&quot;reference&quot;:&quot;auto&quot;,&quot;class&quot;:&quot;&quot;,&quot;count&quot;:&quot;3&quot;,&quot;legendonly&quot;:&quot;&quot;,&quot;readonly&quot;:&quot;&quot;,&quot;score&quot;:&quot;5&quot;,&quot;starsonly&quot;:&quot;&quot;,&quot;best&quot;:&quot;5&quot;,&quot;gap&quot;:&quot;5&quot;,&quot;greet&quot;:&quot;Rate this product&quot;,&quot;legend&quot;:&quot;5\\\/5 - (3 votes)&quot;,&quot;size&quot;:&quot;24&quot;,&quot;title&quot;:&quot;Plastic Baler Machine Compactor for Plastic Recycling&quot;,&quot;width&quot;:&quot;142.5&quot;,&quot;_legend&quot;:&quot;{score}\\\/{best} - ({count} {votes})&quot;,&quot;font_factor&quot;:&quot;1.25&quot;}'>              <div class=\"kksr-stars\">      <div class=\"kksr-stars-inactive\">             <div class=\"kksr-star\" data-star=\"1\" style=\"padding-right: 5px\">               <div class=\"kksr-icon\" style=\"width: 24px; height: 24px;\"><\/div>         <\/div>             <div class=\"kksr-star\" data-star=\"2\" style=\"padding-right: 5px\">               <div class=\"kksr-icon\" style=\"width: 24px; height: 24px;\"><\/div>         <\/div>             <div class=\"kksr-star\" data-star=\"3\" style=\"padding-right: 5px\">               <div class=\"kksr-icon\" style=\"width: 24px; height: 24px;\"><\/div>         <\/div>             <div class=\"kksr-star\" data-star=\"4\" style=\"padding-right: 5px\">               <div class=\"kksr-icon\" style=\"width: 24px; height: 24px;\"><\/div>         <\/div>             <div class=\"kksr-star\" data-star=\"5\" style=\"padding-right: 5px\">               <div class=\"kksr-icon\" style=\"width: 24px; height: 24px;\"><\/div>         <\/div>     <\/div>      <div class=\"kksr-stars-active\" style=\"width: 142.5px;\">             <div class=\"kksr-star\" style=\"padding-right: 5px\">               <div class=\"kksr-icon\" style=\"width: 24px; height: 24px;\"><\/div>         <\/div>             <div class=\"kksr-star\" style=\"padding-right: 5px\">               <div class=\"kksr-icon\" style=\"width: 24px; height: 24px;\"><\/div>         <\/div>             <div class=\"kksr-star\" style=\"padding-right: 5px\">               <div class=\"kksr-icon\" style=\"width: 24px; height: 24px;\"><\/div>         <\/div>             <div class=\"kksr-star\" style=\"padding-right: 5px\">               <div class=\"kksr-icon\" style=\"width: 24px; height: 24px;\"><\/div>         <\/div>             <div class=\"kksr-star\" style=\"padding-right: 5px\">               <div class=\"kksr-icon\" style=\"width: 24px; height: 24px;\"><\/div>         <\/div>     <\/div> <\/div>                   <div class=\"kksr-legend\" style=\"font-size: 19.2px;\">             5\/5 - (3 oy)    <\/div>     <\/div>  <p>Plastik balyalama makinemiz, plastik geri d\u00f6n\u00fc\u015f\u00fcm tesislerinde ve istasyonlar\u0131nda yayg\u0131nd\u0131r, ayn\u0131 zamanda bo\u015f PET \u015fi\u015feler, plastik torbalar ve filmler gibi at\u0131klar\u0131 s\u0131k\u0131\u015ft\u0131rmak i\u00e7in kullan\u0131lan plastik kompakt\u00f6r olarak da adland\u0131r\u0131l\u0131r. Shuliy Group, piyasada pop\u00fcler olan i\u015f verimlili\u011fini ve uzun hizmet \u00f6mr\u00fcn\u00fc art\u0131rmak i\u00e7in hem ithal y\u00fcksek kaliteli \u00e7elik plakalar hem de di\u011fer ithal aksesuarlarla birlikte dikey ve yatay tipte iki tip plastik balya makinesi sunmaktad\u0131r.<\/p>    <figure class=\"wp-block-gallery has-nested-images columns-default is-cropped wp-block-gallery-2 is-layout-flex wp-block-gallery-is-layout-flex\"> <figure class=\"wp-block-image size-large\"><img loading=\"lazy\" decoding=\"async\" width=\"720\" height=\"540\" data-id=\"1312\" src=\"https:\/\/plastic-machines.org\/wp-content\/uploads\/2023\/01\/plastic-packer2.webp\" alt=\"dikey plastik balya makinesi\" class=\"wp-image-1312\" srcset=\"https:\/\/plastic-machines.org\/wp-content\/uploads\/2023\/01\/plastic-packer2.webp 720w, https:\/\/plastic-machines.org\/wp-content\/uploads\/2023\/01\/plastic-packer2-300x225.webp 300w, https:\/\/plastic-machines.org\/wp-content\/uploads\/2023\/01\/plastic-packer2-16x12.webp 16w\" sizes=\"auto, (max-width: 720px) 100vw, 720px\" \/><figcaption class=\"wp-element-caption\">dikey plastik balya makinesi<\/figcaption><\/figure>    <figure class=\"wp-block-image size-large\"><img loading=\"lazy\" decoding=\"async\" width=\"720\" height=\"540\" data-id=\"1313\" src=\"https:\/\/plastic-machines.org\/wp-content\/uploads\/2023\/01\/horizontal-plastic-baler-for-sale.webp\" alt=\"yatay plastik balya makinesi\" class=\"wp-image-1313\" srcset=\"https:\/\/plastic-machines.org\/wp-content\/uploads\/2023\/01\/horizontal-plastic-baler-for-sale.webp 720w, https:\/\/plastic-machines.org\/wp-content\/uploads\/2023\/01\/horizontal-plastic-baler-for-sale-300x225.webp 300w, https:\/\/plastic-machines.org\/wp-content\/uploads\/2023\/01\/horizontal-plastic-baler-for-sale-16x12.webp 16w\" sizes=\"auto, (max-width: 720px) 100vw, 720px\" \/><figcaption class=\"wp-element-caption\">yatay plastik balya makinesi<\/figcaption><\/figure> <\/figure>    <figure class=\"wp-block-embed is-type-video is-provider-youtube wp-block-embed-youtube wp-embed-aspect-16-9 wp-has-aspect-ratio\"><div class=\"wp-block-embed__wrapper\"> <iframe loading=\"lazy\" title=\"Hidrolik plastik film \u00e7antas\u0131 \u015fi\u015fe balyalama presi i\u00e7in pratik plastik balya makinesi makinesi\" width=\"500\" height=\"281\" src=\"https:\/\/www.youtube.com\/embed\/jAi-5u0nyqo?feature=oembed\" frameborder=\"0\" allow=\"accelerometer; autoplay; clipboard-write; encrypted-media; gyroscope; picture-in-picture; web-share\" referrerpolicy=\"strict-origin-when-cross-origin\" allowfullscreen><\/iframe> <\/div><figcaption class=\"wp-element-caption\">dikey plastik balya makinesi \u00e7al\u0131\u015fma videosu<\/figcaption><\/figure>    <h2 class=\"wp-block-heading\">Plastik balya makinesinin uygulanmas\u0131 <\/h2>    <p>Bu at\u0131k plastik balyalama makinesi \u00e7e\u015fitli i\u015flevlere sahiptir ve at\u0131k kartonlar, at\u0131k PET \u015fi\u015feler, ya\u011f varilleri, \u00e7antalar, kartonlar, plastik kutular, filmler, eski giysiler, tekstil, y\u00fcn, pamuk, saman gibi \u00e7e\u015fitli hammaddelerin balyalanmas\u0131 i\u00e7in kullan\u0131labilir. ve benzeri.<\/p>   <div class=\"wp-block-image\"> <figure class=\"aligncenter size-full\"><img loading=\"lazy\" decoding=\"async\" width=\"720\" height=\"540\" src=\"https:\/\/plastic-machines.org\/wp-content\/uploads\/2023\/01\/raw-materials-of-plastic-baler1.webp\" alt=\"plastik balya makinesinin hammaddeleri\" class=\"wp-image-681\" srcset=\"https:\/\/plastic-machines.org\/wp-content\/uploads\/2023\/01\/raw-materials-of-plastic-baler1.webp 720w, https:\/\/plastic-machines.org\/wp-content\/uploads\/2023\/01\/raw-materials-of-plastic-baler1-300x225.webp 300w\" sizes=\"auto, (max-width: 720px) 100vw, 720px\" \/><figcaption class=\"wp-element-caption\">plastik balya makinesinin hammaddeleri<\/figcaption><\/figure> <\/div>   <h2 class=\"wp-block-heading\">Shuliy dikey plastik balya makinesi yap\u0131 \u00f6zellikleri<\/h2>   <div class=\"wp-block-image\"> <figure class=\"aligncenter size-full\"><img loading=\"lazy\" decoding=\"async\" width=\"720\" height=\"540\" src=\"https:\/\/plastic-machines.org\/wp-content\/uploads\/2023\/01\/Waste-plastic-baling-machine-structure1.webp\" alt=\"At\u0131k plastik balyalama makinesi yap\u0131s\u0131\" class=\"wp-image-682\" srcset=\"https:\/\/plastic-machines.org\/wp-content\/uploads\/2023\/01\/Waste-plastic-baling-machine-structure1.webp 720w, https:\/\/plastic-machines.org\/wp-content\/uploads\/2023\/01\/Waste-plastic-baling-machine-structure1-300x225.webp 300w\" sizes=\"auto, (max-width: 720px) 100vw, 720px\" \/><figcaption class=\"wp-element-caption\">At\u0131k plastik balyalama makinesi yap\u0131s\u0131<\/figcaption><\/figure> <\/div>   <ul class=\"wp-block-list\"> <li>Hidrolik sistemin hidrolik pompas\u0131, solenoid valf\u0131 ve hidrolik silindir ya\u011f ke\u00e7esi, paketleme bas\u0131nc\u0131n\u0131 ayn\u0131 anda y\u00fcksek, h\u0131zl\u0131 ve \u00e7ok d\u00fc\u015f\u00fck g\u00fcr\u00fclt\u00fcl\u00fc hale getiren ithal par\u00e7alard\u0131r.<\/li>    <li>Konvey\u00f6r sistemi, plastik balya makinesinin sa\u011flam ve uzun \u00f6m\u00fcrl\u00fc olmas\u0131n\u0131 sa\u011flayan y\u00fcksek kaliteli kal\u0131nla\u015ft\u0131r\u0131lm\u0131\u015f \u00e7elik ve y\u00fcksek mukavemetli \u00e7elik levha tipi konvey\u00f6r band\u0131n\u0131 benimser.<\/li>    <li>Plastik balya makinesi bir g\u00fcvenlik alarm sistemi ile donat\u0131lm\u0131\u015ft\u0131r; ekipman yanl\u0131\u015f \u00e7al\u0131\u015ft\u0131r\u0131ld\u0131\u011f\u0131nda, g\u00fc\u00e7 kayna\u011f\u0131 faz d\u0131\u015f\u0131 oldu\u011funda, bas\u0131n\u00e7 y\u00fcksek oldu\u011funda vb. makine otomatik olarak duracak ve alarm verecektir.<\/li> <\/ul>    <h2 class=\"wp-block-heading\">Dikey balya makinesinin \u00f6zellikleri<\/h2>    <div class=\"wp-block-media-text alignwide is-stacked-on-mobile\"><figure class=\"wp-block-media-text__media\"><img loading=\"lazy\" decoding=\"async\" width=\"720\" height=\"342\" src=\"https:\/\/plastic-machines.org\/wp-content\/uploads\/2023\/01\/plastic-baler.webp\" alt=\"plastik kompakt\u00f6r detaylar\u0131\" class=\"wp-image-691 size-full\" srcset=\"https:\/\/plastic-machines.org\/wp-content\/uploads\/2023\/01\/plastic-baler.webp 720w, https:\/\/plastic-machines.org\/wp-content\/uploads\/2023\/01\/plastic-baler-300x143.webp 300w\" sizes=\"auto, (max-width: 720px) 100vw, 720px\" \/><\/figure><div class=\"wp-block-media-text__content\"> <p>Hidrolik bask\u0131 plakas\u0131, iyi bir etkiye sahip olan kal\u0131nla\u015ft\u0131r\u0131lm\u0131\u015f bask\u0131 plakas\u0131n\u0131 benimser.<\/p> <\/div><\/div>    <div class=\"wp-block-media-text alignwide has-media-on-the-right is-stacked-on-mobile\"><div class=\"wp-block-media-text__content\"> <p>Malzeme kutusunun boyutu \u00f6zelle\u015ftirilebilir ve s\u0131k\u0131\u015ft\u0131r\u0131lm\u0131\u015f malzemeler paslanmaz \u00e7elikle kaplanabilir.<\/p> <\/div><figure class=\"wp-block-media-text__media\"><img loading=\"lazy\" decoding=\"async\" width=\"720\" height=\"342\" src=\"https:\/\/plastic-machines.org\/wp-content\/uploads\/2023\/01\/plastic-baler-machne.webp\" alt=\"plastik kompakt\u00f6r\u00fcn malzeme kutusu\" class=\"wp-image-690 size-full\" srcset=\"https:\/\/plastic-machines.org\/wp-content\/uploads\/2023\/01\/plastic-baler-machne.webp 720w, https:\/\/plastic-machines.org\/wp-content\/uploads\/2023\/01\/plastic-baler-machne-300x143.webp 300w\" sizes=\"auto, (max-width: 720px) 100vw, 720px\" \/><\/figure><\/div>    <div class=\"wp-block-media-text alignwide is-stacked-on-mobile\"><figure class=\"wp-block-media-text__media\"><img loading=\"lazy\" decoding=\"async\" width=\"720\" height=\"342\" src=\"https:\/\/plastic-machines.org\/wp-content\/uploads\/2023\/01\/plastic-baler-machine-for-sale.webp\" alt=\"plastik balya makinesinin kolu anahtar\u0131\" class=\"wp-image-689 size-full\" srcset=\"https:\/\/plastic-machines.org\/wp-content\/uploads\/2023\/01\/plastic-baler-machine-for-sale.webp 720w, https:\/\/plastic-machines.org\/wp-content\/uploads\/2023\/01\/plastic-baler-machine-for-sale-300x143.webp 300w\" sizes=\"auto, (max-width: 720px) 100vw, 720px\" \/><\/figure><div class=\"wp-block-media-text__content\"> <p>Balya makinesi kolu anahtar\u0131, kolu i\u00e7eri do\u011fru iter ve otomatik olarak a\u015fa\u011f\u0131 do\u011fru bast\u0131r\u0131r, seviyeyi d\u0131\u015far\u0131 \u00e7eker ve otomatik olarak yukar\u0131 kald\u0131r\u0131r.<\/p> <\/div><\/div>    <div class=\"wp-block-media-text alignwide has-media-on-the-right is-stacked-on-mobile\"><div class=\"wp-block-media-text__content\"> <p>Y\u00fcksek bas\u0131n\u00e7l\u0131 silindir ya\u011f borusu kullan\u0131m s\u0131ras\u0131nda bas\u0131nc\u0131 serbest b\u0131rakmaz ve s\u0131zd\u0131rmazl\u0131k halkas\u0131 iyi bir s\u0131zd\u0131rmazl\u0131k performans\u0131na sahiptir ve ya\u011f s\u0131z\u0131nt\u0131s\u0131 yapmaz.<\/p> <\/div><figure class=\"wp-block-media-text__media\"><img loading=\"lazy\" decoding=\"async\" width=\"720\" height=\"342\" src=\"https:\/\/plastic-machines.org\/wp-content\/uploads\/2023\/01\/plastic-baling-machine.webp\" alt=\"plastik kompakt\u00f6r\u00fcn silindir ya\u011f borusu\" class=\"wp-image-692 size-full\" srcset=\"https:\/\/plastic-machines.org\/wp-content\/uploads\/2023\/01\/plastic-baling-machine.webp 720w, https:\/\/plastic-machines.org\/wp-content\/uploads\/2023\/01\/plastic-baling-machine-300x143.webp 300w\" sizes=\"auto, (max-width: 720px) 100vw, 720px\" \/><\/figure><\/div>    <h2 class=\"wp-block-heading\">Plastik balya makinesi ekran\u0131<\/h2>   <div class=\"wp-block-image\"> <figure class=\"aligncenter size-full\"><img loading=\"lazy\" decoding=\"async\" width=\"540\" height=\"720\" src=\"https:\/\/plastic-machines.org\/wp-content\/uploads\/2023\/01\/plastic-baler-machine-21.webp\" alt=\"plastik balya makinesi\" class=\"wp-image-679\" srcset=\"https:\/\/plastic-machines.org\/wp-content\/uploads\/2023\/01\/plastic-baler-machine-21.webp 540w, https:\/\/plastic-machines.org\/wp-content\/uploads\/2023\/01\/plastic-baler-machine-21-225x300.webp 225w\" sizes=\"auto, (max-width: 540px) 100vw, 540px\" \/><figcaption class=\"wp-element-caption\">plastik balya makinesi<\/figcaption><\/figure> <\/div>  <div class=\"wp-block-image\"> <figure class=\"aligncenter size-full\"><img loading=\"lazy\" decoding=\"async\" width=\"540\" height=\"720\" src=\"https:\/\/plastic-machines.org\/wp-content\/uploads\/2023\/01\/plastic-baler-for-sale1.webp\" alt=\"sat\u0131l\u0131k plastik balya makinesi\" class=\"wp-image-683\" srcset=\"https:\/\/plastic-machines.org\/wp-content\/uploads\/2023\/01\/plastic-baler-for-sale1.webp 540w, https:\/\/plastic-machines.org\/wp-content\/uploads\/2023\/01\/plastic-baler-for-sale1-225x300.webp 225w\" sizes=\"auto, (max-width: 540px) 100vw, 540px\" \/><figcaption class=\"wp-element-caption\"><br><br>sat\u0131l\u0131k plastik balya makinesi<\/figcaption><\/figure> <\/div>   <h2 class=\"wp-block-heading\">Sat\u0131l\u0131k plastik balya makinesinin parametreleri<\/h2>    <figure class=\"wp-block-table\"><table><tbody><tr><td>Modeli<\/td><td>Bas\u0131n\u00e7(ton)<\/td><td>G\u00fc\u00e7(kw)<\/td><td>Boyut(mm)<\/td><td>\u00c7\u0131k\u0131\u015f(t\/saat)<\/td><td>A\u011f\u0131rl\u0131k(ton)<\/td><\/tr><tr><td>SL-30<\/td><td>30<\/td><td>5.5<\/td><td>800*400*600<\/td><td>0.8-1T<\/td><td>0.8<\/td><\/tr><tr><td>SL-40<\/td><td>30<\/td><td>7.5<\/td><td>900*600*800<\/td><td>1-1.2T<\/td><td>1.3<\/td><\/tr><tr><td>SL-60<\/td><td>60<\/td><td>7.5<\/td><td>900*600*800<\/td><td>1.5-2T<\/td><td>1.5<\/td><\/tr><tr><td>SL-80<\/td><td>80<\/td><td>11<\/td><td>1100*800*1000<\/td><td>2-3T<\/td><td>2<\/td><\/tr><tr><td>SL-100<\/td><td>100<\/td><td>15<\/td><td>1100*800*1100<\/td><td>3-3.5T<\/td><td>2.8<\/td><\/tr><tr><td>SL-120<\/td><td>120<\/td><td>18.5<\/td><td>1200*800*1200<\/td><td>4-5T<\/td><td>3.2<\/td><\/tr><\/tbody><\/table><\/figure>    <h2 class=\"wp-block-heading\">PET \u015fi\u015fe balyalama presi i\u00e7in yatay plastik balya makinesi<\/h2>    <figure class=\"wp-block-embed is-type-video is-provider-youtube wp-block-embed-youtube wp-embed-aspect-16-9 wp-has-aspect-ratio\"><div class=\"wp-block-embed__wrapper\"> <iframe loading=\"lazy\" title=\"Plastik geri d\u00f6n\u00fc\u015f\u00fcm tesisleri at\u0131k plastik \u015fi\u015feleri yatay plastik balya makinesi ile nas\u0131l paketliyor?\" width=\"500\" height=\"281\" src=\"https:\/\/www.youtube.com\/embed\/xNkvgfIlOjE?feature=oembed\" frameborder=\"0\" allow=\"accelerometer; autoplay; clipboard-write; encrypted-media; gyroscope; picture-in-picture; web-share\" referrerpolicy=\"strict-origin-when-cross-origin\" allowfullscreen><\/iframe> <\/div><\/figure>","protected":false},"excerpt":{"rendered":"<p>Our plastic baler machine is common in plastic recycling plants and stations, it is also called a plastic compactor, which is used to compact waste like empty PET bottles, plastic bags, and films. Shuliy Group provides two types of plastic balers, they are vertical and horizontal type, both with imported high-quality steel plates and other [&hellip;]<\/p>\n","protected":false},"author":1,"featured_media":680,"parent":0,"template":"","tags":[36,35],"product-type":[26],"class_list":["post-678","product","type-product","status-publish","has-post-thumbnail","hentry","tag-bale","tag-pet","product-type-plastic-baler"],"taxonomy_info":{"post_tag":[{"value":36,"label":"bale"},{"value":35,"label":"PET"}],"product-type":[{"value":26,"label":"Plastic Baler"}]},"featured_image_src_large":["https:\/\/plastic-machines.org\/wp-content\/uploads\/2023\/01\/plastic-baler-machine1.webp",720,540,false],"author_info":{"display_name":"Ella","author_link":"https:\/\/plastic-machines.org\/tr\/author\/admin\/"},"comment_info":"","_links":{"self":[{"href":"https:\/\/plastic-machines.org\/tr\/wp-json\/wp\/v2\/product\/678","targetHints":{"allow":["GET"]}}],"collection":[{"href":"https:\/\/plastic-machines.org\/tr\/wp-json\/wp\/v2\/product"}],"about":[{"href":"https:\/\/plastic-machines.org\/tr\/wp-json\/wp\/v2\/types\/product"}],"author":[{"embeddable":true,"href":"https:\/\/plastic-machines.org\/tr\/wp-json\/wp\/v2\/users\/1"}],"wp:featuredmedia":[{"embeddable":true,"href":"https:\/\/plastic-machines.org\/tr\/wp-json\/wp\/v2\/media\/680"}],"wp:attachment":[{"href":"https:\/\/plastic-machines.org\/tr\/wp-json\/wp\/v2\/media?parent=678"}],"wp:term":[{"taxonomy":"post_tag","embeddable":true,"href":"https:\/\/plastic-machines.org\/tr\/wp-json\/wp\/v2\/tags?post=678"},{"taxonomy":"product-type","embeddable":true,"href":"https:\/\/plastic-machines.org\/tr\/wp-json\/wp\/v2\/product-type?post=678"}],"curies":[{"name":"wp","href":"https:\/\/api.w.org\/{rel}","templated":true}]}}