{"id":630,"date":"2022-12-02T14:17:04","date_gmt":"2022-12-02T06:17:04","guid":{"rendered":"https:\/\/plastic-machines.org\/?post_type=product&#038;p=630"},"modified":"2024-12-27T10:22:16","modified_gmt":"2024-12-27T02:22:16","slug":"eps-foam-melting-machine","status":"publish","type":"product","link":"https:\/\/plastic-machines.org\/tr\/product\/eps-foam-melting-machine\/","title":{"rendered":"Plastik K\u00f6p\u00fck Geri D\u00f6n\u00fc\u015f\u00fcm\u00fc i\u00e7in EPS K\u00f6p\u00fck Eritme Makinesi"},"content":{"rendered":"<div class=\"kk-star-ratings kksr-auto kksr-align-left kksr-valign-top\"     data-payload='{&quot;align&quot;:&quot;left&quot;,&quot;id&quot;:&quot;630&quot;,&quot;slug&quot;:&quot;default&quot;,&quot;valign&quot;:&quot;top&quot;,&quot;ignore&quot;:&quot;&quot;,&quot;reference&quot;:&quot;auto&quot;,&quot;class&quot;:&quot;&quot;,&quot;count&quot;:&quot;5&quot;,&quot;legendonly&quot;:&quot;&quot;,&quot;readonly&quot;:&quot;&quot;,&quot;score&quot;:&quot;5&quot;,&quot;starsonly&quot;:&quot;&quot;,&quot;best&quot;:&quot;5&quot;,&quot;gap&quot;:&quot;5&quot;,&quot;greet&quot;:&quot;Rate this product&quot;,&quot;legend&quot;:&quot;5\\\/5 - (5 votes)&quot;,&quot;size&quot;:&quot;24&quot;,&quot;title&quot;:&quot;EPS Foam Melting Machine for Plastic Foam Recyclings&quot;,&quot;width&quot;:&quot;142.5&quot;,&quot;_legend&quot;:&quot;{score}\\\/{best} - ({count} {votes})&quot;,&quot;font_factor&quot;:&quot;1.25&quot;}'>              <div class=\"kksr-stars\">      <div class=\"kksr-stars-inactive\">             <div class=\"kksr-star\" data-star=\"1\" style=\"padding-right: 5px\">               <div class=\"kksr-icon\" style=\"width: 24px; height: 24px;\"><\/div>         <\/div>             <div class=\"kksr-star\" data-star=\"2\" style=\"padding-right: 5px\">               <div class=\"kksr-icon\" style=\"width: 24px; height: 24px;\"><\/div>         <\/div>             <div class=\"kksr-star\" data-star=\"3\" style=\"padding-right: 5px\">               <div class=\"kksr-icon\" style=\"width: 24px; height: 24px;\"><\/div>         <\/div>             <div class=\"kksr-star\" data-star=\"4\" style=\"padding-right: 5px\">               <div class=\"kksr-icon\" style=\"width: 24px; height: 24px;\"><\/div>         <\/div>             <div class=\"kksr-star\" data-star=\"5\" style=\"padding-right: 5px\">               <div class=\"kksr-icon\" style=\"width: 24px; height: 24px;\"><\/div>         <\/div>     <\/div>      <div class=\"kksr-stars-active\" style=\"width: 142.5px;\">             <div class=\"kksr-star\" style=\"padding-right: 5px\">               <div class=\"kksr-icon\" style=\"width: 24px; height: 24px;\"><\/div>         <\/div>             <div class=\"kksr-star\" style=\"padding-right: 5px\">               <div class=\"kksr-icon\" style=\"width: 24px; height: 24px;\"><\/div>         <\/div>             <div class=\"kksr-star\" style=\"padding-right: 5px\">               <div class=\"kksr-icon\" style=\"width: 24px; height: 24px;\"><\/div>         <\/div>             <div class=\"kksr-star\" style=\"padding-right: 5px\">               <div class=\"kksr-icon\" style=\"width: 24px; height: 24px;\"><\/div>         <\/div>             <div class=\"kksr-star\" style=\"padding-right: 5px\">               <div class=\"kksr-icon\" style=\"width: 24px; height: 24px;\"><\/div>         <\/div>     <\/div> <\/div>                   <div class=\"kksr-legend\" style=\"font-size: 19.2px;\">             5\/5 - (5 oy)    <\/div>     <\/div>  <p>Shuliy EPS k\u00f6p\u00fck eritme makinesine ayn\u0131 zamanda strafor yo\u011funla\u015ft\u0131r\u0131c\u0131 da denir. Plastik k\u00f6p\u00fc\u011f\u00fcn y\u00fcksek s\u0131cakl\u0131klarda ezilmesi ve eritilmesinde kullan\u0131l\u0131r. Ezme ve \u0131s\u0131tma sonras\u0131nda, EPS k\u00f6p\u00fc\u011f\u00fc yo\u011funla\u015ft\u0131r\u0131lm\u0131\u015f EPS k\u00fcl\u00e7eleri haline gelir ve hacim k\u00fc\u00e7\u00fcltme oran\u0131 90:1'e kadar \u00e7\u0131kar. K\u00f6p\u00fck yo\u011funla\u015ft\u0131r\u0131c\u0131 makine sadece beyaz kirlilik sorununu azaltmakla kalmaz, ayn\u0131 zamanda k\u00f6p\u00fc\u011f\u00fcn gran\u00fcllere d\u00f6n\u00fc\u015ft\u00fcr\u00fclmesinden sonra b\u00fcy\u00fck ekonomik faydalar da sa\u011flayabilir. Bu nedenle plastik geri d\u00f6n\u00fc\u015f\u00fcm \u00fcreticileri i\u00e7in gerekli bir ekipmand\u0131r. E\u011fer ilgileniyorsan\u0131z, l\u00fctfen bizimle ileti\u015fime ge\u00e7in.<\/p>   <div class=\"wp-block-image\"> <figure class=\"aligncenter size-full\"><img loading=\"lazy\" decoding=\"async\" width=\"720\" height=\"540\" src=\"https:\/\/plastic-machines.org\/wp-content\/uploads\/2022\/12\/EPS-Foam-Melting-Machine.webp\" alt=\"EPS K\u00f6p\u00fck Eritme Makinas\u0131\" class=\"wp-image-641\" srcset=\"https:\/\/plastic-machines.org\/wp-content\/uploads\/2022\/12\/EPS-Foam-Melting-Machine.webp 720w, https:\/\/plastic-machines.org\/wp-content\/uploads\/2022\/12\/EPS-Foam-Melting-Machine-300x225.webp 300w\" sizes=\"auto, (max-width: 720px) 100vw, 720px\" \/><figcaption class=\"wp-element-caption\">EPS K\u00f6p\u00fck Eritme Makinas\u0131<\/figcaption><\/figure> <\/div>   <h2 class=\"wp-block-heading\">Sat\u0131l\u0131k polistiren yo\u011funla\u015ft\u0131r\u0131c\u0131n\u0131n tan\u0131t\u0131m\u0131<\/h2>    <p>Sat\u0131l\u0131k polistiren yo\u011funla\u015ft\u0131r\u0131c\u0131lar, ta\u015f\u0131ma s\u0131ras\u0131nda yal\u0131t\u0131m ve \u00fcr\u00fcn koruma malzemesi olarak yayg\u0131n olarak kullan\u0131lan Straforu (Polistren\/EPS\/K\u00f6p\u00fck 6) geri d\u00f6n\u00fc\u015ft\u00fcrebilir.  K\u0131rma i\u015flemi bittikten sonra vida ile \u0131s\u0131tma alan\u0131na itilecek, \u0131s\u0131t\u0131l\u0131p plastikle\u015ftirildikten sonra plastik hammadde eriyerek ta\u015f\u0131nmas\u0131 ve sat\u0131\u015f\u0131 kolay bir y\u0131\u011f\u0131n haline gelecektir. <\/p>    <p>Makinenin i\u015fleyebilece\u011fi malzemeler aras\u0131nda k\u00f6p\u00fckl\u00fc fast food kutular\u0131, k\u00f6p\u00fck ambalaj kutular\u0131, pasta kutular\u0131, yal\u0131t\u0131m malzemeleri, elektrikli cihazlar\u0131n d\u0131\u015f ambalaj k\u00f6p\u00fc\u011f\u00fc ve di\u011fer beyaz k\u00f6p\u00fck at\u0131klar\u0131 yer al\u0131r.<\/p>    <figure class=\"wp-block-gallery has-nested-images columns-default is-cropped wp-block-gallery-2 is-layout-flex wp-block-gallery-is-layout-flex\"> <figure class=\"wp-block-image size-full\"><img loading=\"lazy\" decoding=\"async\" width=\"720\" height=\"540\" data-id=\"637\" src=\"https:\/\/plastic-machines.org\/wp-content\/uploads\/2022\/12\/foam-melting-machine.jpg\" alt=\"strafor yo\u011funla\u015ft\u0131r\u0131c\u0131 \" class=\"wp-image-637\" srcset=\"https:\/\/plastic-machines.org\/wp-content\/uploads\/2022\/12\/foam-melting-machine.jpg 720w, https:\/\/plastic-machines.org\/wp-content\/uploads\/2022\/12\/foam-melting-machine-300x225.jpg 300w\" sizes=\"auto, (max-width: 720px) 100vw, 720px\" \/><figcaption class=\"wp-element-caption\">strafor yo\u011funla\u015ft\u0131r\u0131c\u0131<\/figcaption><\/figure>    <figure class=\"wp-block-image size-full\"><img loading=\"lazy\" decoding=\"async\" width=\"720\" height=\"540\" data-id=\"642\" src=\"https:\/\/plastic-machines.org\/wp-content\/uploads\/2022\/12\/EPS-hot-melting-machine.webp\" alt=\"strafor yo\u011funla\u015ft\u0131r\u0131c\u0131 \" class=\"wp-image-642\" srcset=\"https:\/\/plastic-machines.org\/wp-content\/uploads\/2022\/12\/EPS-hot-melting-machine.webp 720w, https:\/\/plastic-machines.org\/wp-content\/uploads\/2022\/12\/EPS-hot-melting-machine-300x225.webp 300w\" sizes=\"auto, (max-width: 720px) 100vw, 720px\" \/><figcaption class=\"wp-element-caption\">strafor yo\u011funla\u015ft\u0131r\u0131c\u0131<\/figcaption><\/figure> <\/figure>    <figure class=\"wp-block-gallery has-nested-images columns-default is-cropped wp-block-gallery-3 is-layout-flex wp-block-gallery-is-layout-flex\"> <figure class=\"wp-block-image size-full\"><img loading=\"lazy\" decoding=\"async\" width=\"720\" height=\"540\" data-id=\"639\" src=\"https:\/\/plastic-machines.org\/wp-content\/uploads\/2022\/12\/EPS-hot-melting-recycling-machine.jpg\" alt=\"EPS s\u0131cak eritme geri d\u00f6n\u00fc\u015f\u00fcm makinas\u0131\" class=\"wp-image-639\" srcset=\"https:\/\/plastic-machines.org\/wp-content\/uploads\/2022\/12\/EPS-hot-melting-recycling-machine.jpg 720w, https:\/\/plastic-machines.org\/wp-content\/uploads\/2022\/12\/EPS-hot-melting-recycling-machine-300x225.jpg 300w\" sizes=\"auto, (max-width: 720px) 100vw, 720px\" \/><figcaption class=\"wp-element-caption\">sat\u0131l\u0131k polistiren yo\u011funla\u015ft\u0131r\u0131c\u0131<\/figcaption><\/figure>    <figure class=\"wp-block-image size-full\"><img loading=\"lazy\" decoding=\"async\" width=\"720\" height=\"540\" data-id=\"638\" src=\"https:\/\/plastic-machines.org\/wp-content\/uploads\/2022\/12\/plastic-foam-crushing-melting-machine.jpg\" alt=\"sat\u0131l\u0131k k\u00f6p\u00fck yo\u011funla\u015ft\u0131r\u0131c\u0131\" class=\"wp-image-638\" srcset=\"https:\/\/plastic-machines.org\/wp-content\/uploads\/2022\/12\/plastic-foam-crushing-melting-machine.jpg 720w, https:\/\/plastic-machines.org\/wp-content\/uploads\/2022\/12\/plastic-foam-crushing-melting-machine-300x225.jpg 300w\" sizes=\"auto, (max-width: 720px) 100vw, 720px\" \/><figcaption class=\"wp-element-caption\">sat\u0131l\u0131k k\u00f6p\u00fck yo\u011funla\u015ft\u0131r\u0131c\u0131<\/figcaption><\/figure> <\/figure>    <h2 class=\"wp-block-heading\">EPS s\u0131cak eritme geri d\u00f6n\u00fc\u015f\u00fcm makinas\u0131n\u0131n \u00e7al\u0131\u015fma prensibi<\/h2>    <p>EPS k\u00f6p\u00fck eritme makinesi, iki paralel b\u0131\u00e7ak \u015faft\u0131 olan \u00e7ift \u015faftl\u0131 k\u0131rma b\u0131\u00e7aklar\u0131n\u0131 kullan\u0131r ve bunlar farkl\u0131 y\u00f6nlerde d\u00f6ner. Her bir b\u0131\u00e7ak mili 18 b\u0131\u00e7a\u011fa sahiptir ve bir elek arac\u0131l\u0131\u011f\u0131yla namluya iletilen malzemeyi k\u0131rmak i\u00e7in bir di\u015fli kutusu taraf\u0131ndan tahrik edilmektedir. K\u00f6p\u00fck, y\u00fcksek h\u0131zda d\u00f6nen bir vida ile \u0131s\u0131t\u0131lm\u0131\u015f varile iletilir. Plastik k\u00f6p\u00fck daha sonra y\u00fcksek s\u0131cakl\u0131klarda eritilecek ve d\u0131\u015far\u0131 akmak \u00fczere bir y\u0131\u011f\u0131n halinde ekstr\u00fczyona tabi tutulacak.<\/p>   <div class=\"wp-block-image\"> <figure class=\"aligncenter size-full\"><img loading=\"lazy\" decoding=\"async\" width=\"720\" height=\"540\" src=\"https:\/\/plastic-machines.org\/wp-content\/uploads\/2022\/12\/recycle-foam-by-a-EPS-densifier.webp\" alt=\"EPS yo\u011funla\u015ft\u0131r\u0131c\u0131 ile k\u00f6p\u00fc\u011f\u00fc geri d\u00f6n\u00fc\u015ft\u00fcr\u00fcn\" class=\"wp-image-1530\" srcset=\"https:\/\/plastic-machines.org\/wp-content\/uploads\/2022\/12\/recycle-foam-by-a-EPS-densifier.webp 720w, https:\/\/plastic-machines.org\/wp-content\/uploads\/2022\/12\/recycle-foam-by-a-EPS-densifier-300x225.webp 300w, https:\/\/plastic-machines.org\/wp-content\/uploads\/2022\/12\/recycle-foam-by-a-EPS-densifier-16x12.webp 16w\" sizes=\"auto, (max-width: 720px) 100vw, 720px\" \/><figcaption class=\"wp-element-caption\">EPS yo\u011funla\u015ft\u0131r\u0131c\u0131 ile k\u00f6p\u00fc\u011f\u00fc geri d\u00f6n\u00fc\u015ft\u00fcr\u00fcn<\/figcaption><\/figure> <\/div>   <figure class=\"wp-block-embed is-type-video is-provider-youtube wp-block-embed-youtube wp-embed-aspect-16-9 wp-has-aspect-ratio\"><div class=\"wp-block-embed__wrapper\"> <iframe loading=\"lazy\" title=\"K\u00f6p\u00fck Geri D\u00f6n\u00fc\u015f\u00fcm\u00fc i\u00e7in Polistiren Par\u00e7alama Makineleri | EPS \/ Strafor Yo\u011funla\u015ft\u0131r\u0131c\u0131 S\u0131cak Eritme Makinesi\" width=\"500\" height=\"281\" src=\"https:\/\/www.youtube.com\/embed\/VSIa6XqPN_I?feature=oembed\" frameborder=\"0\" allow=\"accelerometer; autoplay; clipboard-write; encrypted-media; gyroscope; picture-in-picture; web-share\" referrerpolicy=\"strict-origin-when-cross-origin\" allowfullscreen><\/iframe> <\/div><\/figure>    <h2 class=\"wp-block-heading\">Strafor yo\u011funla\u015ft\u0131r\u0131c\u0131n\u0131n avantajlar\u0131 <\/h2>    <ul class=\"wp-block-list\"> <li>Bu strafor yo\u011funla\u015ft\u0131r\u0131c\u0131 manuel y\u00fcklemeyi benimser, malzeme \u00e7ift \u015faftl\u0131 b\u0131\u00e7aklar taraf\u0131ndan h\u0131zl\u0131 bir \u015fekilde ezilir ve daha sonra elek arac\u0131l\u0131\u011f\u0131yla ana varile iletilir, makine olduk\u00e7a verimlidir.<\/li>    <li>Ana vida, malzemeyi erime durumuna kadar iletir ve \u0131s\u0131t\u0131r, ard\u0131ndan ekstr\u00fcde eder ve hidrolik b\u0131\u00e7ak, kolay saklama ve ta\u015f\u0131ma i\u00e7in malzemeyi par\u00e7alara ay\u0131r\u0131r.<\/li>    <li>Strafor yo\u011funla\u015ft\u0131r\u0131c\u0131dan \u00e7\u0131kan erimi\u015f malzeme, bloklar\u0131 elde etmek i\u00e7in \u00e7elik tekne ile toplanabilir veya plastik k\u00f6p\u00fc\u011f\u00fcn ta\u015f\u0131nmas\u0131na uygun olan k\u00fc\u00e7\u00fck bloklar elde etmek i\u00e7in bir kesme makinesi ile kesilebilir.<\/li>    <li>EPS yo\u011funla\u015ft\u0131r\u0131c\u0131s\u0131n\u0131n g\u00f6r\u00fcn\u00fcm\u00fc m\u00fc\u015fteri gereksinimlerine g\u00f6re tasarlanabilir.<\/li> <\/ul>    <h2 class=\"wp-block-heading\">EPS yo\u011funla\u015ft\u0131r\u0131c\u0131 s\u0131cak eritme makinesi parametreleri<\/h2>    <figure class=\"wp-block-table\"><table><tbody><tr><td>Modeli<\/td><td>Makine Boyutu (mm)<\/td><td>Giri\u015f Boyutu (mm)<\/td><td>Yap\u0131land\u0131rma G\u00fcc\u00fc (kw)<\/td><td>Giri\u015f G\u00fcc\u00fc (kw)<\/td><td>Kapasite (kg\/saat)<\/td><\/tr><tr><td>SL220<\/td><td>1500*800*1450<\/td><td>450*600<\/td><td>15<\/td><td>3<\/td><td>100-150<\/td><\/tr><tr><td>SL880<\/td><td>1580*1300*850<\/td><td>800*600<\/td><td>18.5<\/td><td>3<\/td><td>150-200<\/td><\/tr><tr><td>SL1000<\/td><td>1900*1580*900<\/td><td>1000*700<\/td><td>22<\/td><td>3<\/td><td>200-250<\/td><\/tr><\/tbody><\/table><\/figure>    <h2 class=\"wp-block-heading\">EPS k\u00f6p\u00fck eritme makinesinin videosu<\/h2>    <figure class=\"wp-block-embed is-type-video is-provider-youtube wp-block-embed-youtube wp-embed-aspect-16-9 wp-has-aspect-ratio\"><div class=\"wp-block-embed__wrapper\"> <iframe loading=\"lazy\" title=\"Sat\u0131l\u0131k plastik k\u00f6p\u00fck eritme makinesi\" width=\"500\" height=\"281\" src=\"https:\/\/www.youtube.com\/embed\/pcAcZHClWIo?list=PLmQgsSbeu0tXsNBww95upbWcnO_cYfyh4\" frameborder=\"0\" allow=\"accelerometer; autoplay; clipboard-write; encrypted-media; gyroscope; picture-in-picture; web-share\" referrerpolicy=\"strict-origin-when-cross-origin\" allowfullscreen><\/iframe> <\/div><\/figure>    <p><\/p>","protected":false},"excerpt":{"rendered":"<p>Shuliy EPS foam melting machine is also called a styrofoam densifier. It is used to crush and melt plastic foam at high temperatures. After crushing and heating, the EPS foam becomes the densified EPS ingots, and volume reduction ratio up to 90:1. The foam densifier machine not only can reduce the problem of white pollution, [&hellip;]<\/p>\n","protected":false},"author":1,"featured_media":632,"parent":0,"template":"","tags":[63,43],"product-type":[15],"class_list":["post-630","product","type-product","status-publish","has-post-thumbnail","hentry","tag-densifier","tag-eps","product-type-plastic-crushing-equipment"],"taxonomy_info":{"post_tag":[{"value":63,"label":"densifier"},{"value":43,"label":"EPS"}],"product-type":[{"value":15,"label":"Plastic Crushing Equipment"}]},"featured_image_src_large":["https:\/\/plastic-machines.org\/wp-content\/uploads\/2022\/12\/plastic-foam-melting-machine1.webp",720,540,false],"author_info":{"display_name":"Ella","author_link":"https:\/\/plastic-machines.org\/tr\/author\/admin\/"},"comment_info":"","_links":{"self":[{"href":"https:\/\/plastic-machines.org\/tr\/wp-json\/wp\/v2\/product\/630","targetHints":{"allow":["GET"]}}],"collection":[{"href":"https:\/\/plastic-machines.org\/tr\/wp-json\/wp\/v2\/product"}],"about":[{"href":"https:\/\/plastic-machines.org\/tr\/wp-json\/wp\/v2\/types\/product"}],"author":[{"embeddable":true,"href":"https:\/\/plastic-machines.org\/tr\/wp-json\/wp\/v2\/users\/1"}],"wp:featuredmedia":[{"embeddable":true,"href":"https:\/\/plastic-machines.org\/tr\/wp-json\/wp\/v2\/media\/632"}],"wp:attachment":[{"href":"https:\/\/plastic-machines.org\/tr\/wp-json\/wp\/v2\/media?parent=630"}],"wp:term":[{"taxonomy":"post_tag","embeddable":true,"href":"https:\/\/plastic-machines.org\/tr\/wp-json\/wp\/v2\/tags?post=630"},{"taxonomy":"product-type","embeddable":true,"href":"https:\/\/plastic-machines.org\/tr\/wp-json\/wp\/v2\/product-type?post=630"}],"curies":[{"name":"wp","href":"https:\/\/api.w.org\/{rel}","templated":true}]}}