{"id":41,"date":"2022-06-23T03:44:15","date_gmt":"2022-06-23T03:44:15","guid":{"rendered":"http:\/\/tailwind-themes.local\/?post_type=product&#038;p=41"},"modified":"2025-11-10T18:02:59","modified_gmt":"2025-11-10T10:02:59","slug":"pvc-profile-extrusion-line","status":"publish","type":"product","link":"https:\/\/plastic-machines.org\/tr\/product\/plastic-recycling-granulating-line\/","title":{"rendered":"PP HDPE Plastikler i\u00e7in Plastik Geri D\u00f6n\u00fc\u015f\u00fcm Gran\u00fcl Hatt\u0131"},"content":{"rendered":"<div class=\"kk-star-ratings kksr-auto kksr-align-left kksr-valign-top\"     data-payload='{&quot;align&quot;:&quot;left&quot;,&quot;id&quot;:&quot;41&quot;,&quot;slug&quot;:&quot;default&quot;,&quot;valign&quot;:&quot;top&quot;,&quot;ignore&quot;:&quot;&quot;,&quot;reference&quot;:&quot;auto&quot;,&quot;class&quot;:&quot;&quot;,&quot;count&quot;:&quot;3&quot;,&quot;legendonly&quot;:&quot;&quot;,&quot;readonly&quot;:&quot;&quot;,&quot;score&quot;:&quot;5&quot;,&quot;starsonly&quot;:&quot;&quot;,&quot;best&quot;:&quot;5&quot;,&quot;gap&quot;:&quot;5&quot;,&quot;greet&quot;:&quot;Rate this product&quot;,&quot;legend&quot;:&quot;5\\\/5 - (3 votes)&quot;,&quot;size&quot;:&quot;24&quot;,&quot;title&quot;:&quot;Plastic Recycling Granulating Line for PP HDPE Plastics&quot;,&quot;width&quot;:&quot;142.5&quot;,&quot;_legend&quot;:&quot;{score}\\\/{best} - ({count} {votes})&quot;,&quot;font_factor&quot;:&quot;1.25&quot;}'>              <div class=\"kksr-stars\">      <div class=\"kksr-stars-inactive\">             <div class=\"kksr-star\" data-star=\"1\" style=\"padding-right: 5px\">               <div class=\"kksr-icon\" style=\"width: 24px; height: 24px;\"><\/div>         <\/div>             <div class=\"kksr-star\" data-star=\"2\" style=\"padding-right: 5px\">               <div class=\"kksr-icon\" style=\"width: 24px; height: 24px;\"><\/div>         <\/div>             <div class=\"kksr-star\" data-star=\"3\" style=\"padding-right: 5px\">               <div class=\"kksr-icon\" style=\"width: 24px; height: 24px;\"><\/div>         <\/div>             <div class=\"kksr-star\" data-star=\"4\" style=\"padding-right: 5px\">               <div class=\"kksr-icon\" style=\"width: 24px; height: 24px;\"><\/div>         <\/div>             <div class=\"kksr-star\" data-star=\"5\" style=\"padding-right: 5px\">               <div class=\"kksr-icon\" style=\"width: 24px; height: 24px;\"><\/div>         <\/div>     <\/div>      <div class=\"kksr-stars-active\" style=\"width: 142.5px;\">             <div class=\"kksr-star\" style=\"padding-right: 5px\">               <div class=\"kksr-icon\" style=\"width: 24px; height: 24px;\"><\/div>         <\/div>             <div class=\"kksr-star\" style=\"padding-right: 5px\">               <div class=\"kksr-icon\" style=\"width: 24px; height: 24px;\"><\/div>         <\/div>             <div class=\"kksr-star\" style=\"padding-right: 5px\">               <div class=\"kksr-icon\" style=\"width: 24px; height: 24px;\"><\/div>         <\/div>             <div class=\"kksr-star\" style=\"padding-right: 5px\">               <div class=\"kksr-icon\" style=\"width: 24px; height: 24px;\"><\/div>         <\/div>             <div class=\"kksr-star\" style=\"padding-right: 5px\">               <div class=\"kksr-icon\" style=\"width: 24px; height: 24px;\"><\/div>         <\/div>     <\/div> <\/div>                   <div class=\"kksr-legend\" style=\"font-size: 19.2px;\">             5\/5 - (3 oy)    <\/div>     <\/div>  <p>Bu plastik geri d\u00f6n\u00fc\u015f\u00fcm gran\u00fclasyon hatt\u0131 esas olarak sert at\u0131k plastiklerin geri d\u00f6n\u00fc\u015f\u00fcm\u00fc ve gran\u00fclasyonu i\u00e7in kullan\u0131l\u0131r. Bu plastik geri d\u00f6n\u00fc\u015f\u00fcm tesisinin ana ekipman\u0131, plastik k\u0131rma makinesi, y\u0131kama tank\u0131, kurutucu, plastik peletleyici, depolama kutusu vb. i\u00e7erir. Shuliy Group, farkl\u0131 plastik geri d\u00f6n\u00fc\u015f\u00fcm makinelerini m\u00fc\u015fterilerin hammadde, saha alan\u0131 vb. gibi farkl\u0131 ko\u015fullar\u0131na g\u00f6re e\u015fle\u015ftirebilir ve m\u00fc\u015fterilerin tesislerini tasarlamalar\u0131na ve makine ekran\u0131n\u0131 makul bir \u015fekilde d\u00fczenlemelerine yard\u0131mc\u0131 olabilir.<\/p>    <h2 class=\"wp-block-heading\">Plastik gran\u00fclasyon hatt\u0131n\u0131n hammaddeleri<\/h2>    <p>Bu PP PE varil varil geri d\u00f6n\u00fc\u015f\u00fcm tesisi, sert plastik malzemeleri geri d\u00f6n\u00fc\u015ft\u00fcrmek ve gran\u00fcle etmek i\u00e7in kullan\u0131lan Shuliy makineleri taraf\u0131ndan tasarlanm\u0131\u015ft\u0131r. Bu nedenle ortak hammaddeler, PE ve PP'den yap\u0131lm\u0131\u015f plastik sepetler, plastik kovalar, plastik ya\u011f varilleri, kimyasal depolama tanklar\u0131, plastik borular, plastik \u015fi\u015feler ve di\u011fer kaplar gibi t\u00fcm sert plastiklerdir. <\/p>    <figure class=\"wp-block-gallery has-nested-images columns-default is-cropped wp-block-gallery-2 is-layout-flex wp-block-gallery-is-layout-flex\"> <figure class=\"wp-block-image size-large\"><img loading=\"lazy\" decoding=\"async\" width=\"720\" height=\"540\" data-id=\"234\" src=\"https:\/\/plastic-machines.org\/wp-content\/uploads\/2022\/06\/waste-plastic-drums.webp\" alt=\"at\u0131k plastik variller\" class=\"wp-image-234\" srcset=\"https:\/\/plastic-machines.org\/wp-content\/uploads\/2022\/06\/waste-plastic-drums.webp 720w, https:\/\/plastic-machines.org\/wp-content\/uploads\/2022\/06\/waste-plastic-drums-300x225.webp 300w\" sizes=\"auto, (max-width: 720px) 100vw, 720px\" \/><figcaption class=\"wp-element-caption\">at\u0131k plastik variller<\/figcaption><\/figure>    <figure class=\"wp-block-image size-large\"><img loading=\"lazy\" decoding=\"async\" width=\"720\" height=\"520\" data-id=\"235\" src=\"https:\/\/plastic-machines.org\/wp-content\/uploads\/2022\/06\/used-plastic-baskets.webp\" alt=\"kullan\u0131lan plastik sepetler\" class=\"wp-image-235\" srcset=\"https:\/\/plastic-machines.org\/wp-content\/uploads\/2022\/06\/used-plastic-baskets.webp 720w, https:\/\/plastic-machines.org\/wp-content\/uploads\/2022\/06\/used-plastic-baskets-300x217.webp 300w\" sizes=\"auto, (max-width: 720px) 100vw, 720px\" \/><figcaption class=\"wp-element-caption\">kullan\u0131lan plastik sepetler<\/figcaption><\/figure> <\/figure>    <h2 class=\"wp-block-heading\" id=\"h-process-of-plastic-recycling-granulating-line\">Plastik geri d\u00f6n\u00fc\u015f\u00fcm gran\u00fclasyon hatt\u0131 s\u00fcreci <\/h2>    <div class=\"wp-block-media-text alignwide is-stacked-on-mobile\"><figure class=\"wp-block-media-text__media\"><img loading=\"lazy\" decoding=\"async\" width=\"720\" height=\"540\" src=\"https:\/\/plastic-machines.org\/wp-content\/uploads\/2022\/06\/Plastic-Shredder-Machine1.webp\" alt=\"Plastik Par\u00e7alay\u0131c\u0131 Makinas\u0131\" class=\"wp-image-452 size-full\" srcset=\"https:\/\/plastic-machines.org\/wp-content\/uploads\/2022\/06\/Plastic-Shredder-Machine1.webp 720w, https:\/\/plastic-machines.org\/wp-content\/uploads\/2022\/06\/Plastic-Shredder-Machine1-300x225.webp 300w\" sizes=\"auto, (max-width: 720px) 100vw, 720px\" \/><\/figure><div class=\"wp-block-media-text__content\"> <p class=\"has-large-font-size\">Plastik k\u0131r\u0131c\u0131<\/p>    <p class=\"translation-block\"> Plastik geri d\u00f6n\u00fc\u015f\u00fcm gran\u00fclat\u00f6r hatt\u0131nda, <a href=\"https:\/\/plastic-machines.org\/tr\/product\/plastic-shredder-machine\/\">PP PE varil k\u0131r\u0131c\u0131<\/a>, at\u0131k plastik \u00fcr\u00fcnlerini d\u00fc\u015f\u00fck g\u00fcr\u00fclt\u00fcyle ve k\u0131rma i\u015flemi s\u0131ras\u0131nda kal\u0131nt\u0131 b\u0131rakmadan k\u00fc\u00e7\u00fck par\u00e7alara ay\u0131rmak i\u00e7in kullan\u0131l\u0131r. Ayr\u0131ca, b\u0131\u00e7aklar\u0131n hizmet \u00f6mr\u00fc uzundur ve bak\u0131m maliyeti d\u00fc\u015f\u00fckt\u00fcr. Bu plastik k\u0131r\u0131c\u0131 m\u00fc\u015fteriler taraf\u0131ndan iyi kar\u015f\u0131lanm\u0131\u015ft\u0131r.<\/p> <\/div><\/div>    <div class=\"wp-block-media-text alignwide is-stacked-on-mobile\"><figure class=\"wp-block-media-text__media\"><img loading=\"lazy\" decoding=\"async\" width=\"720\" height=\"540\" src=\"https:\/\/plastic-machines.org\/wp-content\/uploads\/2022\/06\/rinsing-tank1.webp\" alt=\"durulama tank\u0131\" class=\"wp-image-455 size-full\" srcset=\"https:\/\/plastic-machines.org\/wp-content\/uploads\/2022\/06\/rinsing-tank1.webp 720w, https:\/\/plastic-machines.org\/wp-content\/uploads\/2022\/06\/rinsing-tank1-300x225.webp 300w\" sizes=\"auto, (max-width: 720px) 100vw, 720px\" \/><\/figure><div class=\"wp-block-media-text__content\"> <p class=\"has-large-font-size\">Durulama tank\u0131<\/p>    <p class=\"translation-block\"><strong><a href=\"https:\/\/plastic-machines.org\/tr\/product\/plastic-film-washing-machine\/\">Durulama tank\u0131<\/a><\/strong> y\u00fcksek kaliteli paslanmaz \u00e7elikten yap\u0131lm\u0131\u015ft\u0131r ve k\u0131r\u0131lm\u0131\u015f plastik par\u00e7alar\u0131n\u0131 temizlemek i\u00e7in kullan\u0131l\u0131r. Tankta, lekeleri \u00e7\u0131karmak i\u00e7in plasti\u011fi s\u00fcrekli d\u00f6nd\u00fcrecek \u00e7ok say\u0131da \u00e7atal bulunur.<\/p> <\/div><\/div>    <div class=\"wp-block-media-text alignwide is-stacked-on-mobile\"><figure class=\"wp-block-media-text__media\"><img loading=\"lazy\" decoding=\"async\" width=\"720\" height=\"540\" src=\"https:\/\/plastic-machines.org\/wp-content\/uploads\/2022\/06\/horizontal-dryer1.webp\" alt=\"yatay kurutucu\" class=\"wp-image-443 size-full\" srcset=\"https:\/\/plastic-machines.org\/wp-content\/uploads\/2022\/06\/horizontal-dryer1.webp 720w, https:\/\/plastic-machines.org\/wp-content\/uploads\/2022\/06\/horizontal-dryer1-300x225.webp 300w\" sizes=\"auto, (max-width: 720px) 100vw, 720px\" \/><\/figure><div class=\"wp-block-media-text__content\"> <p class=\"has-large-font-size\">Plastik kurutma makinesi<\/p>    <p class=\"translation-block\">Plastik k\u0131r\u0131klar\u0131 kurutmak i\u00e7in <strong><a href=\"https:\/\/plastic-machines.org\/tr\/product\/plastic-chips-dryer-machine\/\">yatay plastik kurutma makinesi<\/a><\/strong> kullan\u0131l\u0131r. Makine, y\u00fcksek derecede susuzla\u015ft\u0131rma, y\u00fcksek susuzla\u015ft\u0131rma oran\u0131 ve d\u00fc\u015f\u00fck elektrik t\u00fcketimi ile plastik gran\u00fclat\u00f6r hatt\u0131 i\u00e7in idealdir.<\/p> <\/div><\/div>    <div class=\"wp-block-media-text alignwide is-stacked-on-mobile\"><figure class=\"wp-block-media-text__media\"><img loading=\"lazy\" decoding=\"async\" width=\"720\" height=\"540\" src=\"https:\/\/plastic-machines.org\/wp-content\/uploads\/2022\/06\/Plastic-pelletizing-machine.webp\" alt=\"plastik ekstruder makinesi\" class=\"wp-image-578 size-full\" srcset=\"https:\/\/plastic-machines.org\/wp-content\/uploads\/2022\/06\/Plastic-pelletizing-machine.webp 720w, https:\/\/plastic-machines.org\/wp-content\/uploads\/2022\/06\/Plastic-pelletizing-machine-300x225.webp 300w\" sizes=\"auto, (max-width: 720px) 100vw, 720px\" \/><\/figure><div class=\"wp-block-media-text__content\"> <p class=\"has-large-font-size\">Plastik peletleyici<\/p>    <p class=\"translation-block\">Plastik varil geri d\u00f6n\u00fc\u015f\u00fcm hatt\u0131ndaki en merkezi ekipman olan <strong><a href=\"https:\/\/plastic-machines.org\/tr\/product\/plastic-extruder-machine\/\">plastik pellet makinesi<\/a><\/strong>, en geli\u015fmi\u015f peletleme teknolojisini kullan\u0131r. K\u00fc\u00e7\u00fck geri d\u00f6n\u00fc\u015f\u00fcm tesisleri i\u00e7in k\u00fc\u00e7\u00fck \u00e7\u0131k\u0131\u015fl\u0131 olanlardan b\u00fcy\u00fck kapasiteler i\u00e7in b\u00fcy\u00fck \u00e7\u0131k\u0131\u015fl\u0131 makinelere kadar bir\u00e7ok farkl\u0131 modelimiz bulunmaktad\u0131r.<\/p> <\/div><\/div>    <h2 class=\"wp-block-heading\">Plastik gran\u00fclasyon hatt\u0131n\u0131n 3 boyutlu videosu<\/h2>    <p>3D video, plastik geri d\u00f6n\u00fc\u015f\u00fcm gran\u00fclasyon hatt\u0131n\u0131n komple i\u015flenmesini g\u00f6steriyor.<\/p>    <figure class=\"wp-block-embed is-type-video is-provider-youtube wp-block-embed-youtube wp-embed-aspect-16-9 wp-has-aspect-ratio\"><div class=\"wp-block-embed__wrapper\"> <iframe loading=\"lazy\" title=\"Plastik peletleme hatt\u0131 | Plastik gran\u00fcl yapma makinesi\" width=\"500\" height=\"281\" src=\"https:\/\/www.youtube.com\/embed\/y4KcSJAz04E?feature=oembed\" frameborder=\"0\" allow=\"accelerometer; autoplay; clipboard-write; encrypted-media; gyroscope; picture-in-picture; web-share\" referrerpolicy=\"strict-origin-when-cross-origin\" allowfullscreen><\/iframe> <\/div><\/figure>    <h2 class=\"wp-block-heading\">Plastik geri d\u00f6n\u00fc\u015f\u00fcm gran\u00fclasyon hatt\u0131n\u0131n fabrika ekran\u0131<\/h2>    <figure class=\"wp-block-gallery has-nested-images columns-default is-cropped wp-block-gallery-3 is-layout-flex wp-block-gallery-is-layout-flex\"> <figure class=\"wp-block-image size-large\"><img loading=\"lazy\" decoding=\"async\" width=\"720\" height=\"540\" data-id=\"236\" src=\"https:\/\/plastic-machines.org\/wp-content\/uploads\/2022\/06\/our-sales-manager-and-our-recycling-machines.webp\" alt=\"sat\u0131\u015f m\u00fcd\u00fcr\u00fcm\u00fcz ve geri d\u00f6n\u00fc\u015f\u00fcm makinelerimiz\" class=\"wp-image-236\" srcset=\"https:\/\/plastic-machines.org\/wp-content\/uploads\/2022\/06\/our-sales-manager-and-our-recycling-machines.webp 720w, https:\/\/plastic-machines.org\/wp-content\/uploads\/2022\/06\/our-sales-manager-and-our-recycling-machines-300x225.webp 300w\" sizes=\"auto, (max-width: 720px) 100vw, 720px\" \/><figcaption class=\"wp-element-caption\">sat\u0131\u015f m\u00fcd\u00fcr\u00fcm\u00fcz ve geri d\u00f6n\u00fc\u015f\u00fcm makinelerimiz<\/figcaption><\/figure>    <figure class=\"wp-block-image size-large\"><img loading=\"lazy\" decoding=\"async\" width=\"720\" height=\"540\" data-id=\"237\" src=\"https:\/\/plastic-machines.org\/wp-content\/uploads\/2022\/06\/plastic-pelletizing-line-placed-in-plant.webp\" alt=\"tesise yerle\u015ftirilen plastik peletleme hatt\u0131\" class=\"wp-image-237\" srcset=\"https:\/\/plastic-machines.org\/wp-content\/uploads\/2022\/06\/plastic-pelletizing-line-placed-in-plant.webp 720w, https:\/\/plastic-machines.org\/wp-content\/uploads\/2022\/06\/plastic-pelletizing-line-placed-in-plant-300x225.webp 300w\" sizes=\"auto, (max-width: 720px) 100vw, 720px\" \/><figcaption class=\"wp-element-caption\">tesise yerle\u015ftirilen plastik peletleme hatt\u0131<\/figcaption><\/figure> <\/figure>    <figure class=\"wp-block-gallery has-nested-images columns-default is-cropped wp-block-gallery-4 is-layout-flex wp-block-gallery-is-layout-flex\"> <figure class=\"wp-block-image size-large\"><img loading=\"lazy\" decoding=\"async\" width=\"720\" height=\"540\" data-id=\"238\" src=\"https:\/\/plastic-machines.org\/wp-content\/uploads\/2022\/06\/plastic-pelletizer.webp\" alt=\"plastik peletleyici\" class=\"wp-image-238\" srcset=\"https:\/\/plastic-machines.org\/wp-content\/uploads\/2022\/06\/plastic-pelletizer.webp 720w, https:\/\/plastic-machines.org\/wp-content\/uploads\/2022\/06\/plastic-pelletizer-300x225.webp 300w\" sizes=\"auto, (max-width: 720px) 100vw, 720px\" \/><figcaption class=\"wp-element-caption\">plastik peletleyici<\/figcaption><\/figure>    <figure class=\"wp-block-image size-large\"><img loading=\"lazy\" decoding=\"async\" width=\"720\" height=\"540\" data-id=\"239\" src=\"https:\/\/plastic-machines.org\/wp-content\/uploads\/2022\/06\/plastic-granulator-in-factory-.webp\" alt=\"fabrikada plastik gran\u00fclat\u00f6r\" class=\"wp-image-239\" srcset=\"https:\/\/plastic-machines.org\/wp-content\/uploads\/2022\/06\/plastic-granulator-in-factory-.webp 720w, https:\/\/plastic-machines.org\/wp-content\/uploads\/2022\/06\/plastic-granulator-in-factory--300x225.webp 300w\" sizes=\"auto, (max-width: 720px) 100vw, 720px\" \/><figcaption class=\"wp-element-caption\">fabrikada plastik gran\u00fclat\u00f6r<\/figcaption><\/figure> <\/figure>    <figure class=\"wp-block-gallery has-nested-images columns-default is-cropped wp-block-gallery-5 is-layout-flex wp-block-gallery-is-layout-flex\"> <figure class=\"wp-block-image size-large\"><img loading=\"lazy\" decoding=\"async\" width=\"720\" height=\"540\" data-id=\"240\" src=\"https:\/\/plastic-machines.org\/wp-content\/uploads\/2022\/06\/plastic-pelletizing-line.webp\" alt=\"plastik peletleme hatt\u0131\" class=\"wp-image-240\" srcset=\"https:\/\/plastic-machines.org\/wp-content\/uploads\/2022\/06\/plastic-pelletizing-line.webp 720w, https:\/\/plastic-machines.org\/wp-content\/uploads\/2022\/06\/plastic-pelletizing-line-300x225.webp 300w\" sizes=\"auto, (max-width: 720px) 100vw, 720px\" \/><figcaption class=\"wp-element-caption\">plastik peletleme hatt\u0131<\/figcaption><\/figure>    <figure class=\"wp-block-image size-large\"><img loading=\"lazy\" decoding=\"async\" width=\"720\" height=\"540\" data-id=\"241\" src=\"https:\/\/plastic-machines.org\/wp-content\/uploads\/2022\/06\/PP-PE-recycling-line.webp\" alt=\"plastik geri d\u00f6n\u00fc\u015f\u00fcm gran\u00fclasyon hatt\u0131\" class=\"wp-image-241\" srcset=\"https:\/\/plastic-machines.org\/wp-content\/uploads\/2022\/06\/PP-PE-recycling-line.webp 720w, https:\/\/plastic-machines.org\/wp-content\/uploads\/2022\/06\/PP-PE-recycling-line-300x225.webp 300w\" sizes=\"auto, (max-width: 720px) 100vw, 720px\" \/><figcaption class=\"wp-element-caption\">PP PE geri d\u00f6n\u00fc\u015f\u00fcm hatt\u0131<\/figcaption><\/figure> <\/figure>    <figure class=\"wp-block-gallery has-nested-images columns-default is-cropped wp-block-gallery-6 is-layout-flex wp-block-gallery-is-layout-flex\"> <figure class=\"wp-block-image size-large\"><img loading=\"lazy\" decoding=\"async\" width=\"720\" height=\"540\" data-id=\"242\" src=\"https:\/\/plastic-machines.org\/wp-content\/uploads\/2022\/06\/plastic-crusher-.webp\" alt=\"plastik k\u0131r\u0131c\u0131\" class=\"wp-image-242\" srcset=\"https:\/\/plastic-machines.org\/wp-content\/uploads\/2022\/06\/plastic-crusher-.webp 720w, https:\/\/plastic-machines.org\/wp-content\/uploads\/2022\/06\/plastic-crusher--300x225.webp 300w\" sizes=\"auto, (max-width: 720px) 100vw, 720px\" \/><figcaption class=\"wp-element-caption\">plastik k\u0131r\u0131c\u0131<\/figcaption><\/figure>    <figure class=\"wp-block-image size-large\"><img loading=\"lazy\" decoding=\"async\" width=\"720\" height=\"540\" data-id=\"243\" src=\"https:\/\/plastic-machines.org\/wp-content\/uploads\/2022\/06\/belt-conveyor.webp\" alt=\"kaliteli bant konvey\u00f6r\" class=\"wp-image-243\" srcset=\"https:\/\/plastic-machines.org\/wp-content\/uploads\/2022\/06\/belt-conveyor.webp 720w, https:\/\/plastic-machines.org\/wp-content\/uploads\/2022\/06\/belt-conveyor-300x225.webp 300w\" sizes=\"auto, (max-width: 720px) 100vw, 720px\" \/><figcaption class=\"wp-element-caption\">kaliteli bant konvey\u00f6r<\/figcaption><\/figure> <\/figure>    <h2 class=\"wp-block-heading\">Plastik geri d\u00f6n\u00fc\u015f\u00fcm tesisiyle ilgili SSS<\/h2>    <div class=\"schema-faq wp-block-yoast-faq-block\"><div class=\"schema-faq-section\" id=\"faq-question-1657088343629\"><strong class=\"schema-faq-question\">Plastik varil geri d\u00f6n\u00fc\u015f\u00fcm hatt\u0131n\u0131n \u00e7\u0131k\u0131\u015f\u0131 nedir?<\/strong> <p class=\"schema-faq-answer\">Shuliy makineleri 100-500kg\/saat kapasite sunabilmektedir. SL-125, SL 160, SL180, SL-220 ve benzeri gibi farkl\u0131 gran\u00fclasyon \u00fcnitesi modellerimiz var. T\u00fcm modeller \u015fu anda mevcuttur ve m\u00fc\u015fterilerin talebine g\u00f6re se\u00e7ilebilir.<\/p> <\/div> <div class=\"schema-faq-section\" id=\"faq-question-1657089398682\"><strong class=\"schema-faq-question\">Plastik po\u015fet geri d\u00f6n\u00fc\u015f\u00fcm\u00fc ile plastik varil geri d\u00f6n\u00fc\u015f\u00fcm\u00fc aras\u0131ndaki farklar nelerdir?<\/strong> <p class=\"schema-faq-answer\">Yukar\u0131daki geri d\u00f6n\u00fc\u015f\u00fcm hatlar\u0131 aras\u0131ndaki \u00fc\u00e7 fark \u00fc\u00e7t\u00fcr. \u00d6ncelikle plastik filmlerin a\u011f\u0131rl\u0131\u011f\u0131 k\u00fc\u00e7\u00fck oldu\u011fundan gran\u00fclat\u00f6re inisiyatif olarak d\u00fc\u015fmeleri kolay de\u011fildir. Bu nedenle tesisimiz gran\u00fclat\u00f6r \u00fczerinde kuvvet besleyici sa\u011flayacakt\u0131r. Ancak hammaddeniz belli bir a\u011f\u0131rl\u0131\u011fa sahip PP PE varil veya varil ise cebri besleyici kullanman\u0131za gerek yoktur.<br><br>\u0130kinci olarak, yumu\u015fak plastik benzeri filmler i\u00e7in kurutma makinesi dikey tiptedir, sert plastikler i\u00e7in kurutma makinesi ise yatay tiptedir. Son fakat bir o kadar da \u00f6nemlisi, bu iki malzemeye y\u00f6nelik k\u0131r\u0131c\u0131lar da farkl\u0131d\u0131r.<\/p> <\/div> <div class=\"schema-faq-section\" id=\"faq-question-1657089477346\"><strong class=\"schema-faq-question\">Plastik geri d\u00f6n\u00fc\u015f\u00fcm gran\u00fclasyon hatt\u0131n\u0131n aksesuar ekipmanlar\u0131 nelerdir?<\/strong> <p class=\"schema-faq-answer\">Plastik gran\u00fclasyon hatt\u0131nda ana makinalar\u0131n d\u0131\u015f\u0131nda baz\u0131 aksesuar cihazlar da bulunmaktad\u0131r. Otomatik konvey\u00f6rler, plastik so\u011futma tanklar\u0131, pelet kesme makinalar\u0131, at\u0131k gaz filtreleri ve pelet depolama bunkerleridir. Yukar\u0131daki makinelere ihtiyac\u0131n\u0131z varsa sat\u0131\u015f y\u00f6neticilerimizle ileti\u015fime ge\u00e7ebilirsiniz.<\/p> <\/div> <\/div>    <h2 class=\"wp-block-heading\" id=\"h-success-case-of-plastic-granulation-line\">Plastik gran\u00fclasyon hatt\u0131n\u0131n ba\u015far\u0131 \u00f6rne\u011fi<\/h2>    <p class=\"translation-block\">Gana'dan m\u00fc\u015fterimiz, plastik geri d\u00f6n\u00fc\u015f\u00fcm tesisi i\u00e7in plastik pellet makinemizi sat\u0131n ald\u0131. B\u00fcy\u00fck miktarda kullan\u0131lm\u0131\u015f PP varil toplad\u0131 ve bunlar\u0131 k\u0131rmas\u0131 ve ard\u0131ndan gran\u00fcle etmesi gerekiyordu. Nihai plastik peletler uluslararas\u0131 geri d\u00f6n\u00fc\u015ft\u00fcr\u00fclm\u00fc\u015f plastik pazar\u0131na sat\u0131lacakt\u0131r.<\/p>   <div class=\"wp-block-image\"> <figure class=\"aligncenter size-full\"><img loading=\"lazy\" decoding=\"async\" width=\"720\" height=\"540\" src=\"https:\/\/plastic-machines.org\/wp-content\/uploads\/2022\/06\/successful-case.webp\" alt=\"ba\u015far\u0131l\u0131 plastik gran\u00fclasyon hatt\u0131 \u00f6rne\u011fi\" class=\"wp-image-227\" srcset=\"https:\/\/plastic-machines.org\/wp-content\/uploads\/2022\/06\/successful-case.webp 720w, https:\/\/plastic-machines.org\/wp-content\/uploads\/2022\/06\/successful-case-300x225.webp 300w\" sizes=\"auto, (max-width: 720px) 100vw, 720px\" \/><figcaption class=\"wp-element-caption\">ba\u015far\u0131l\u0131 vaka<\/figcaption><\/figure> <\/div>  <div class=\"wp-block-image\"> <figure class=\"aligncenter size-full\"><img loading=\"lazy\" decoding=\"async\" width=\"720\" height=\"540\" src=\"https:\/\/plastic-machines.org\/wp-content\/uploads\/2022\/06\/packing-and-delivery.webp\" alt=\"plastik gran\u00fclat\u00f6r\u00fcn paketlenmesi ve teslimat\u0131\" class=\"wp-image-228\" srcset=\"https:\/\/plastic-machines.org\/wp-content\/uploads\/2022\/06\/packing-and-delivery.webp 720w, https:\/\/plastic-machines.org\/wp-content\/uploads\/2022\/06\/packing-and-delivery-300x225.webp 300w\" sizes=\"auto, (max-width: 720px) 100vw, 720px\" \/><figcaption class=\"wp-element-caption\">paketleme ve teslimat<\/figcaption><\/figure> <\/div>   <h2 class=\"wp-block-heading\">Plastik geri d\u00f6n\u00fc\u015f\u00fcm gran\u00fclasyon hatt\u0131n\u0131n sat\u0131\u015f servisi<\/h2>    <ol class=\"wp-block-list\"> <li>Shuliy Group, talebinizi ald\u0131ktan sonra 24 saat i\u00e7inde plastik geri d\u00f6n\u00fc\u015f\u00fcm gran\u00fclasyon hatt\u0131 i\u00e7in bir \u00e7\u00f6z\u00fcm sa\u011flayacakt\u0131r. M\u00fc\u015fteri ve sat\u0131\u015f m\u00fcd\u00fcr\u00fc her ayr\u0131nt\u0131y\u0131 onaylad\u0131ktan sonra son sipari\u015f verilir ve Shuliy'in fabrikas\u0131 ekipman\u0131n teslimat\u0131n\u0131 ayarlar. M\u00fc\u015fterinin \u00f6zel \u00f6zelle\u015ftirme gereksinimleri varsa ekipman \u00fcretildikten sonra h\u0131zl\u0131 teslimat\u0131 d\u00fczenleriz.<\/li>    <li>Sat\u0131\u015f y\u00f6neticimiz, ekipman\u0131n kabul s\u00fcreci boyunca m\u00fc\u015fteriye e\u015flik edecek ve m\u00fc\u015fteriye plastik geri d\u00f6n\u00fc\u015f\u00fcm makinesi ve di\u011fer yard\u0131mc\u0131 makinelerin kurulumunda yard\u0131mc\u0131 olacakt\u0131r.<\/li>    <li>M\u00fc\u015fterilerin kurulumda zorluk ya\u015famas\u0131 durumunda firmam\u0131z, kuruluma rehberlik etmek \u00fczere teknik personeli m\u00fc\u015fterinin sahas\u0131na g\u00f6ndermektedir. Daha sonra m\u00fchendisimiz yerel operat\u00f6re bunu kullanmas\u0131 i\u00e7in e\u011fitim verecek.<\/li>    <li>A\u015f\u0131nma par\u00e7alar\u0131 d\u0131\u015f\u0131nda m\u00fc\u015fterilerimize hizmet etmek i\u00e7in her zaman elimizden gelenin en iyisini yap\u0131yoruz, shuliy \u015firketi plastik geri d\u00f6n\u00fc\u015f\u00fcm gran\u00fclasyon hatt\u0131 i\u00e7in 1 y\u0131l garanti ve di\u011fer sat\u0131\u015f sonras\u0131 hizmetleri sa\u011fl\u0131yor.<\/li> <\/ol>","protected":false},"excerpt":{"rendered":"<p>This plastic recycling granulating line is mainly used for the recycling and granulation of hard waste plastics. The main equipment of this plastic recycling plant includes plastic crushing machine, washing tank, dryer, plastic pelletizer, storage bin, and so on. Shuliy Group can match different plastic recycling machines according to customers&#8217; different conditions, like raw materials, [&hellip;]<\/p>\n","protected":false},"author":1,"featured_media":1411,"parent":0,"template":"","tags":[37,50,44,51],"product-type":[13],"class_list":["post-41","product","type-product","status-publish","has-post-thumbnail","hentry","tag-hdpe","tag-pellet","tag-pp","tag-rigid","product-type-plastic-recycling-lines"],"taxonomy_info":{"post_tag":[{"value":37,"label":"HDPE"},{"value":50,"label":"pellet"},{"value":44,"label":"PP"},{"value":51,"label":"rigid"}],"product-type":[{"value":13,"label":"Plastic Recycling Lines"}]},"featured_image_src_large":["https:\/\/plastic-machines.org\/wp-content\/uploads\/2022\/06\/Plastic-Recycling-Granulating-Line.webp",720,540,false],"author_info":{"display_name":"Ella","author_link":"https:\/\/plastic-machines.org\/tr\/author\/admin\/"},"comment_info":"","_links":{"self":[{"href":"https:\/\/plastic-machines.org\/tr\/wp-json\/wp\/v2\/product\/41","targetHints":{"allow":["GET"]}}],"collection":[{"href":"https:\/\/plastic-machines.org\/tr\/wp-json\/wp\/v2\/product"}],"about":[{"href":"https:\/\/plastic-machines.org\/tr\/wp-json\/wp\/v2\/types\/product"}],"author":[{"embeddable":true,"href":"https:\/\/plastic-machines.org\/tr\/wp-json\/wp\/v2\/users\/1"}],"wp:featuredmedia":[{"embeddable":true,"href":"https:\/\/plastic-machines.org\/tr\/wp-json\/wp\/v2\/media\/1411"}],"wp:attachment":[{"href":"https:\/\/plastic-machines.org\/tr\/wp-json\/wp\/v2\/media?parent=41"}],"wp:term":[{"taxonomy":"post_tag","embeddable":true,"href":"https:\/\/plastic-machines.org\/tr\/wp-json\/wp\/v2\/tags?post=41"},{"taxonomy":"product-type","embeddable":true,"href":"https:\/\/plastic-machines.org\/tr\/wp-json\/wp\/v2\/product-type?post=41"}],"curies":[{"name":"wp","href":"https:\/\/api.w.org\/{rel}","templated":true}]}}