{"id":314,"date":"2022-07-13T10:39:43","date_gmt":"2022-07-13T10:39:43","guid":{"rendered":"https:\/\/plastic-machines.org\/?post_type=product&#038;p=314"},"modified":"2024-12-27T10:13:06","modified_gmt":"2024-12-27T02:13:06","slug":"eps-pelletizing-machine","status":"publish","type":"product","link":"https:\/\/plastic-machines.org\/tr\/product\/eps-pelletizing-machine\/","title":{"rendered":"Plastik K\u00f6p\u00fck Geri D\u00f6n\u00fc\u015f\u00fcm\u00fc i\u00e7in EPS Peletleme Makinesi"},"content":{"rendered":"<div class=\"kk-star-ratings kksr-auto kksr-align-left kksr-valign-top\"     data-payload='{&quot;align&quot;:&quot;left&quot;,&quot;id&quot;:&quot;314&quot;,&quot;slug&quot;:&quot;default&quot;,&quot;valign&quot;:&quot;top&quot;,&quot;ignore&quot;:&quot;&quot;,&quot;reference&quot;:&quot;auto&quot;,&quot;class&quot;:&quot;&quot;,&quot;count&quot;:&quot;5&quot;,&quot;legendonly&quot;:&quot;&quot;,&quot;readonly&quot;:&quot;&quot;,&quot;score&quot;:&quot;5&quot;,&quot;starsonly&quot;:&quot;&quot;,&quot;best&quot;:&quot;5&quot;,&quot;gap&quot;:&quot;5&quot;,&quot;greet&quot;:&quot;Rate this product&quot;,&quot;legend&quot;:&quot;5\\\/5 - (5 votes)&quot;,&quot;size&quot;:&quot;24&quot;,&quot;title&quot;:&quot;EPS Pelletizing Machine for Plastic Foam Recycling&quot;,&quot;width&quot;:&quot;142.5&quot;,&quot;_legend&quot;:&quot;{score}\\\/{best} - ({count} {votes})&quot;,&quot;font_factor&quot;:&quot;1.25&quot;}'>              <div class=\"kksr-stars\">      <div class=\"kksr-stars-inactive\">             <div class=\"kksr-star\" data-star=\"1\" style=\"padding-right: 5px\">               <div class=\"kksr-icon\" style=\"width: 24px; height: 24px;\"><\/div>         <\/div>             <div class=\"kksr-star\" data-star=\"2\" style=\"padding-right: 5px\">               <div class=\"kksr-icon\" style=\"width: 24px; height: 24px;\"><\/div>         <\/div>             <div class=\"kksr-star\" data-star=\"3\" style=\"padding-right: 5px\">               <div class=\"kksr-icon\" style=\"width: 24px; height: 24px;\"><\/div>         <\/div>             <div class=\"kksr-star\" data-star=\"4\" style=\"padding-right: 5px\">               <div class=\"kksr-icon\" style=\"width: 24px; height: 24px;\"><\/div>         <\/div>             <div class=\"kksr-star\" data-star=\"5\" style=\"padding-right: 5px\">               <div class=\"kksr-icon\" style=\"width: 24px; height: 24px;\"><\/div>         <\/div>     <\/div>      <div class=\"kksr-stars-active\" style=\"width: 142.5px;\">             <div class=\"kksr-star\" style=\"padding-right: 5px\">               <div class=\"kksr-icon\" style=\"width: 24px; height: 24px;\"><\/div>         <\/div>             <div class=\"kksr-star\" style=\"padding-right: 5px\">               <div class=\"kksr-icon\" style=\"width: 24px; height: 24px;\"><\/div>         <\/div>             <div class=\"kksr-star\" style=\"padding-right: 5px\">               <div class=\"kksr-icon\" style=\"width: 24px; height: 24px;\"><\/div>         <\/div>             <div class=\"kksr-star\" style=\"padding-right: 5px\">               <div class=\"kksr-icon\" style=\"width: 24px; height: 24px;\"><\/div>         <\/div>             <div class=\"kksr-star\" style=\"padding-right: 5px\">               <div class=\"kksr-icon\" style=\"width: 24px; height: 24px;\"><\/div>         <\/div>     <\/div> <\/div>                   <div class=\"kksr-legend\" style=\"font-size: 19.2px;\">             5\/5 - (5 oy)    <\/div>     <\/div>  <p>EPS peletleme makinesi, \u00f6zellikle at\u0131k strafor (polistiren) i\u00e7in olan plastik k\u00f6p\u00fck geri d\u00f6n\u00fc\u015f\u00fcm end\u00fcstrisinde profesyonel bir ekipmand\u0131r. Strafor gran\u00fclat\u00f6r yap\u0131s\u0131 kompakt ve makuld\u00fcr ve ideal EPS geri d\u00f6n\u00fc\u015f\u00fcm makinesi olan yat\u0131r\u0131m maliyeti d\u00fc\u015f\u00fckt\u00fcr.<\/p>    <h2 class=\"wp-block-heading\" id=\"h-applications-of-eps-granulator\">EPS gran\u00fclat\u00f6r\u00fcn uygulamalar\u0131<\/h2>    <p class=\"translation-block\">Polistiren geri d\u00f6n\u00fc\u015f\u00fcm makinesi, bir k\u00f6p\u00fck par\u00e7alay\u0131c\u0131 ve pelet kesme makinesi ile e\u015fle\u015ftirilebilir; bunlar <a href=\"https:\/\/plastic-machines.org\/tr\/product\/plastic-foam-pelletizing-line\/\">plastik k\u00f6p\u00fck geri d\u00f6n\u00fc\u015f\u00fcm hatt\u0131<\/a>n\u0131n temel ekipmanlar\u0131d\u0131r. Geri d\u00f6n\u00fc\u015f\u00fcm hatt\u0131, at\u0131k k\u00f6p\u00fck fast food kutular\u0131n\u0131, k\u00f6p\u00fck taze kutular\u0131, yal\u0131t\u0131m malzemelerini, mobilya i\u00e7in ambalaj k\u00f6p\u00fc\u011f\u00fcn\u00fc vb. h\u0131zl\u0131 bir \u015fekilde par\u00e7alayabilir, ekstr\u00fcde edebilir, so\u011futabilir ve gran\u00fcle edebilir. B\u00f6ylece at\u0131k k\u00f6p\u00fck, piyasada en \u00e7ok sat\u0131lan geri d\u00f6n\u00fc\u015ft\u00fcr\u00fclm\u00fc\u015f EPS gran\u00fclleri haline gelir. K\u00f6p\u00fck gran\u00fclat\u00f6r makinesi, EPS ultra d\u00fc\u015f\u00fck yo\u011funluklu k\u00f6p\u00fck plastiklerinin y\u00fcksek standart peletleme gereksinimlerini kar\u015f\u0131lar.<\/p>   <div class=\"wp-block-image\"> <figure class=\"aligncenter size-full\"><img loading=\"lazy\" decoding=\"async\" width=\"720\" height=\"540\" src=\"https:\/\/plastic-machines.org\/wp-content\/uploads\/2022\/07\/raw-materials-.webp\" alt=\"EPS peletleme makinesinin hammaddeleri\" class=\"wp-image-326\" srcset=\"https:\/\/plastic-machines.org\/wp-content\/uploads\/2022\/07\/raw-materials-.webp 720w, https:\/\/plastic-machines.org\/wp-content\/uploads\/2022\/07\/raw-materials--300x225.webp 300w\" sizes=\"auto, (max-width: 720px) 100vw, 720px\" \/><figcaption class=\"wp-element-caption\">EPS peletleme makinesinin hammaddeleri<\/figcaption><\/figure> <\/div>   <h2 class=\"wp-block-heading\" id=\"h-final-product-of-eps-foam-pelletizing-machine\">EPS k\u00f6p\u00fck peletleme makinesinin son \u00fcr\u00fcn\u00fc<\/h2>    <p>Geri d\u00f6n\u00fc\u015f\u00fcmden sonra nihai peletler EPS geri d\u00f6n\u00fc\u015ft\u00fcr\u00fclm\u00fc\u015f peletlerdir, sert bir dokuya, tekd\u00fcze boyuta, y\u00fcksek parlakl\u0131\u011fa ve geni\u015f bir kullan\u0131m alan\u0131na sahiptirler. Ana kullan\u0131m alanlar\u0131 aras\u0131nda bina d\u0131\u015f yal\u0131t\u0131m panelleri, kamu binalar\u0131n\u0131n \u015feffaf b\u00f6l\u00fcmleri, optik aletler, \u015feffaf modeller vb. yer al\u0131r. Talebin yo\u011fun oldu\u011fu \u00fcreticiler a\u011f\u0131rl\u0131kl\u0131 olarak d\u0131\u015f duvar yal\u0131t\u0131m duvar fabrikalar\u0131, foto\u011fraf \u00e7er\u00e7evesi fabrikalar\u0131 ve billboard fabrikalar\u0131d\u0131r.<\/p>   <div class=\"wp-block-image\"> <figure class=\"aligncenter size-full\"><img loading=\"lazy\" decoding=\"async\" width=\"720\" height=\"540\" src=\"https:\/\/plastic-machines.org\/wp-content\/uploads\/2022\/07\/EPS-pellets.webp\" alt=\"EPS peletleri\" class=\"wp-image-318\" srcset=\"https:\/\/plastic-machines.org\/wp-content\/uploads\/2022\/07\/EPS-pellets.webp 720w, https:\/\/plastic-machines.org\/wp-content\/uploads\/2022\/07\/EPS-pellets-300x225.webp 300w\" sizes=\"auto, (max-width: 720px) 100vw, 720px\" \/><figcaption class=\"wp-element-caption\">EPS peletleri<\/figcaption><\/figure> <\/div>   <h2 class=\"wp-block-heading\" id=\"h-plastic-foam-granulator-structures\">Strafor gran\u00fclat\u00f6r yap\u0131lar\u0131<\/h2>    <p>Genel olarak strafor geri d\u00f6n\u00fc\u015f\u00fcm makinesi s\u0131kl\u0131kla k\u00f6p\u00fck k\u0131r\u0131c\u0131 ve so\u011futma havuzuyla birlikte kullan\u0131l\u0131r. Strafor par\u00e7alay\u0131c\u0131n\u0131n yatay olarak kullan\u0131lmas\u0131 daha kolayd\u0131r. EPS gran\u00fclat\u00f6r\u00fc bir alt makineden olu\u015fur ve bu kombinasyon plasti\u011fin daha iyi erimesini sa\u011flar.<\/p>   <div class=\"wp-block-image\"> <figure class=\"aligncenter size-full\"><img loading=\"lazy\" decoding=\"async\" width=\"720\" height=\"540\" src=\"https:\/\/plastic-machines.org\/wp-content\/uploads\/2022\/07\/4-EPS-foam-granulator-machine-structure1.webp\" alt=\"EPS-k\u00f6p\u00fck-gran\u00fclat\u00f6r-makine-yap\u0131s\u0131\" class=\"wp-image-320\" srcset=\"https:\/\/plastic-machines.org\/wp-content\/uploads\/2022\/07\/4-EPS-foam-granulator-machine-structure1.webp 720w, https:\/\/plastic-machines.org\/wp-content\/uploads\/2022\/07\/4-EPS-foam-granulator-machine-structure1-300x225.webp 300w\" sizes=\"auto, (max-width: 720px) 100vw, 720px\" \/><figcaption class=\"wp-element-caption\">EPS-k\u00f6p\u00fck-gran\u00fclat\u00f6r-makine-yap\u0131s\u0131<\/figcaption><\/figure> <\/div>   <h2 class=\"wp-block-heading\">EPS geri d\u00f6n\u00fc\u015f\u00fcm makinas\u0131n\u0131n avantajlar\u0131<\/h2>    <ul class=\"wp-block-list\"> <li>Shuliy \u00fcreticisi eksiksiz bir plastik geri d\u00f6n\u00fc\u015f\u00fcm teknolojisi yelpazesine ve g\u00fcvenilir kaliteye sahiptir. Ayr\u0131ca m\u00fckemmel bir sat\u0131\u015f sonras\u0131 hizmetimiz var. Acemiyseniz g\u00fcvenle sat\u0131n alabilirsiniz, profesyonel teknisyenlerimiz nas\u0131l \u00e7al\u0131\u015ft\u0131r\u0131laca\u011f\u0131n\u0131 a\u00e7\u0131klayacakt\u0131r.<\/li>    <li>Plastik EPS gran\u00fclat\u00f6r, y\u00fcksek kapasiteye ve uzun servis \u00f6mr\u00fcne sahip, dayan\u0131kl\u0131 ve deformasyonu kolay olmayan karbon yap\u0131l\u0131 kur\u015fun \u00e7elikten yap\u0131lm\u0131\u015ft\u0131r.<\/li>    <li>EPS peletleme makineleri seti m\u00fckemmel destek tesislerine sahiptir ve k\u00fc\u00e7\u00fck ve y\u00fcksek kaliteli nihai \u00fcr\u00fcnlerden olu\u015fan bir alan\u0131 kapsamaktad\u0131r.<\/li>    <li>K\u00f6p\u00fck k\u0131rma makinesi, s\u00fcrekli \u0131s\u0131tmay\u0131 \u00f6nleyebilen ve daha fazla enerji tasarrufu sa\u011flayan g\u00fc\u00e7 tasarrufu sa\u011flayabilen, y\u00fcksek bas\u0131n\u00e7l\u0131 s\u00fcrt\u00fcnmeli \u0131s\u0131tmadan ve otomatik \u0131s\u0131tma \u00fcretiminden tam olarak yararlan\u0131r.<\/li> <\/ul>    <h2 class=\"wp-block-heading\">EPS k\u00f6p\u00fck peletleme makinesi parametreleri<\/h2>    <p>EPS gran\u00fclat\u00f6r\u00fcn alt\u0131 modeli vard\u0131r; m\u00fc\u015fteriler taleplerine ve kapasitesine g\u00f6re birini se\u00e7ebilirler.<\/p>    <figure class=\"wp-block-table\"><table><tbody><tr><td>Modeli<\/td><td>Kapasite (KG\/saat)<\/td><td>Ana Motor (KW)<\/td><\/tr><tr><td>220<br>(\u00c7ift Red\u00fckt\u00f6r)<\/td><td>150-175<\/td><td>15<\/td><\/tr><tr><td>270<br>(\u00c7ift Red\u00fckt\u00f6r)<\/td><td>200-225<\/td><td>18.5<\/td><\/tr><tr><td>220<br>(Tek Red\u00fckt\u00f6r)<\/td><td>150-175<\/td><td>15<\/td><\/tr><tr><td>270<br>(Tek Red\u00fckt\u00f6r)<\/td><td>200-225<\/td><td>18.5<\/td><\/tr><tr><td>320<br>(\u00c7ift Red\u00fckt\u00f6r)<\/td><td>275-300<\/td><td>18.5<\/td><\/tr><tr><td>350<br>(\u00c7ift Red\u00fckt\u00f6r)<\/td><td>325-375<\/td><td>22<\/td><\/tr><\/tbody><\/table><\/figure>    <h2 class=\"wp-block-heading\" id=\"h-plastic-foam-granulator-plant-display\">EPS geri d\u00f6n\u00fc\u015f\u00fcm makinas\u0131 tesisi ekran\u0131<\/h2>   <div class=\"wp-block-image\"> <figure class=\"aligncenter size-full\"><img loading=\"lazy\" decoding=\"async\" width=\"720\" height=\"540\" src=\"https:\/\/plastic-machines.org\/wp-content\/uploads\/2022\/07\/EPS-pelletizer.webp\" alt=\"EPS peletleyici\" class=\"wp-image-202\" srcset=\"https:\/\/plastic-machines.org\/wp-content\/uploads\/2022\/07\/EPS-pelletizer.webp 720w, https:\/\/plastic-machines.org\/wp-content\/uploads\/2022\/07\/EPS-pelletizer-300x225.webp 300w\" sizes=\"auto, (max-width: 720px) 100vw, 720px\" \/><figcaption class=\"wp-element-caption\">EPS peletleme makinesi<\/figcaption><\/figure> <\/div>  <div class=\"wp-block-image\"> <figure class=\"aligncenter size-full\"><img loading=\"lazy\" decoding=\"async\" width=\"720\" height=\"540\" src=\"https:\/\/plastic-machines.org\/wp-content\/uploads\/2022\/07\/our-factory.webp\" alt=\"Plastik k\u00f6p\u00fck geri d\u00f6n\u00fc\u015f\u00fcm makinas\u0131 fabrikam\u0131z\" class=\"wp-image-205\" srcset=\"https:\/\/plastic-machines.org\/wp-content\/uploads\/2022\/07\/our-factory.webp 720w, https:\/\/plastic-machines.org\/wp-content\/uploads\/2022\/07\/our-factory-300x225.webp 300w\" sizes=\"auto, (max-width: 720px) 100vw, 720px\" \/><figcaption class=\"wp-element-caption\">EPS geri d\u00f6n\u00fc\u015f\u00fcm makinas\u0131n\u0131n Shuliy fabrikas\u0131<\/figcaption><\/figure> <\/div>   <h2 class=\"wp-block-heading\">EPS peletleme makinesinin bak\u0131m\u0131 <\/h2>    <p>Her makinenin d\u00fczenli bak\u0131ma ihtiyac\u0131 vard\u0131r ve EPS peletleme makinesi de istisna de\u011fildir. Pelet de\u011firmenini bir s\u00fcre kulland\u0131ktan sonra baz\u0131 m\u00fc\u015fteriler k\u00f6p\u00fck geri d\u00f6n\u00fc\u015f\u00fcm makinesi d\u00f6n\u00fc\u015f\u00fcn\u00fcn de eskisi kadar esnek olmad\u0131\u011f\u0131n\u0131 fark ediyor. Bu sorunun nedeni nispeten basittir. Makinenin ya\u011f eksikli\u011finden veya \u015fasi tozunun fazla olmas\u0131ndan kaynaklanmaktad\u0131r. Silindirlerin \u00e7al\u0131\u015fmas\u0131n\u0131 her alt\u0131 ayda bir kontrol edebilir, gresleyebilir ve a\u015f\u0131nm\u0131\u015f veya hasar g\u00f6rm\u00fc\u015f yataklar\u0131 zaman\u0131nda de\u011fi\u015ftirebiliriz.<\/p>    <p>Operat\u00f6rler, 500 saatlik \u00fcretim s\u00fcresinden sonra ya\u011f kab\u0131n\u0131, ya\u011f deposunu, boru hatt\u0131n\u0131 ve filtreyi temizlemeli, ard\u0131ndan yeni filtre ya\u011f\u0131 eklemelidir. Elektrik kontrol kutusundaki toz ve kiri her \u00fc\u00e7 ayda bir veya alt\u0131 ayda bir temizleyin, ya\u011f deposunun ya\u011flay\u0131c\u0131 miktar\u0131n\u0131 kontrol edin ve ya\u011flay\u0131c\u0131 miktar\u0131n\u0131 zaman\u0131nda doldurun.<\/p>    <h2 class=\"wp-block-heading\">Shuliy Machinery EPS k\u0131rma makinesinin hizmetleri<\/h2>    <ul class=\"wp-block-list\"> <li>\u00dccretsiz ama profesyonel bir \u00fcr\u00fcn dan\u0131\u015fmanl\u0131k hizmeti sunuyoruz. Normalde sat\u0131\u015f dan\u0131\u015fmanlar\u0131m\u0131z 24 saat i\u00e7inde cevap verecektir.<\/li>    <li>Plastik EPS k\u00f6p\u00fck geri d\u00f6n\u00fc\u015f\u00fcm makinesini g\u00f6rmek i\u00e7in fabrikam\u0131z\u0131 ziyaret etmenizi bekliyoruz. Fabrikay\u0131 ziyaret edemiyorsan\u0131z personelimiz size resim ve videolar g\u00f6nderecektir; l\u00fctfen bizimle ileti\u015fime ge\u00e7mekten \u00e7ekinmeyin.<\/li>    <li>Sat\u0131\u015f sonras\u0131 m\u00fchendislerimiz makinenizin kurulumunda size yard\u0131mc\u0131 olmaya haz\u0131rd\u0131r. Makine ula\u015ft\u0131\u011f\u0131nda m\u00fchendislerimiz makineyi kurman\u0131za ve hata ay\u0131klaman\u0131za yard\u0131mc\u0131 olmak i\u00e7in \u00e7evrimi\u00e7i olacaklard\u0131r.<\/li>    <li>Shuliy Makine'nin EPS geri d\u00f6n\u00fc\u015f\u00fcm makinelerinin tamam\u0131 bir y\u0131l \u00fccretsiz garanti kapsam\u0131ndad\u0131r. L\u00fctfen bizimle ileti\u015fime ge\u00e7mekten \u00e7ekinmeyin.<\/li> <\/ul>","protected":false},"excerpt":{"rendered":"<p>EPS pelletizing machine is a professional equipment in the plastic foam recycling industry, which is specifically for waste styrofoam (polystyrene). The styrofoam granulator structure is compact and reasonable, and the investment cost is low, which is the ideal EPS recycling machine. Applications of EPS granulator The polystyrene recycling machine can be matched with a foam [&hellip;]<\/p>\n","protected":false},"author":1,"featured_media":442,"parent":0,"template":"","tags":[43],"product-type":[9],"class_list":["post-314","product","type-product","status-publish","has-post-thumbnail","hentry","tag-eps","product-type-plastic-pelletizer"],"taxonomy_info":{"post_tag":[{"value":43,"label":"EPS"}],"product-type":[{"value":9,"label":"Plastic Pelletizer"}]},"featured_image_src_large":["https:\/\/plastic-machines.org\/wp-content\/uploads\/2022\/06\/EPS-Pelletizing-Machine1.webp",720,540,false],"author_info":{"display_name":"Ella","author_link":"https:\/\/plastic-machines.org\/tr\/author\/admin\/"},"comment_info":"","_links":{"self":[{"href":"https:\/\/plastic-machines.org\/tr\/wp-json\/wp\/v2\/product\/314","targetHints":{"allow":["GET"]}}],"collection":[{"href":"https:\/\/plastic-machines.org\/tr\/wp-json\/wp\/v2\/product"}],"about":[{"href":"https:\/\/plastic-machines.org\/tr\/wp-json\/wp\/v2\/types\/product"}],"author":[{"embeddable":true,"href":"https:\/\/plastic-machines.org\/tr\/wp-json\/wp\/v2\/users\/1"}],"wp:featuredmedia":[{"embeddable":true,"href":"https:\/\/plastic-machines.org\/tr\/wp-json\/wp\/v2\/media\/442"}],"wp:attachment":[{"href":"https:\/\/plastic-machines.org\/tr\/wp-json\/wp\/v2\/media?parent=314"}],"wp:term":[{"taxonomy":"post_tag","embeddable":true,"href":"https:\/\/plastic-machines.org\/tr\/wp-json\/wp\/v2\/tags?post=314"},{"taxonomy":"product-type","embeddable":true,"href":"https:\/\/plastic-machines.org\/tr\/wp-json\/wp\/v2\/product-type?post=314"}],"curies":[{"name":"wp","href":"https:\/\/api.w.org\/{rel}","templated":true}]}}