{"id":302,"date":"2022-07-12T10:45:36","date_gmt":"2022-07-12T10:45:36","guid":{"rendered":"https:\/\/plastic-machines.org\/?post_type=product&#038;p=302"},"modified":"2026-01-29T14:58:38","modified_gmt":"2026-01-29T06:58:38","slug":"plastic-float-sink-tank","status":"publish","type":"product","link":"https:\/\/plastic-machines.org\/tr\/product\/plastic-float-sink-tank\/","title":{"rendered":"Y\u00fcksek Safl\u0131kta Par\u00e7ac\u0131k Y\u0131kama ve Ay\u0131rma i\u00e7in Plastik Y\u00fczer Lavabo Tank\u0131"},"content":{"rendered":"<div class=\"kk-star-ratings kksr-auto kksr-align-left kksr-valign-top\"     data-payload='{&quot;align&quot;:&quot;left&quot;,&quot;id&quot;:&quot;302&quot;,&quot;slug&quot;:&quot;default&quot;,&quot;valign&quot;:&quot;top&quot;,&quot;ignore&quot;:&quot;&quot;,&quot;reference&quot;:&quot;auto&quot;,&quot;class&quot;:&quot;&quot;,&quot;count&quot;:&quot;1&quot;,&quot;legendonly&quot;:&quot;&quot;,&quot;readonly&quot;:&quot;&quot;,&quot;score&quot;:&quot;5&quot;,&quot;starsonly&quot;:&quot;&quot;,&quot;best&quot;:&quot;5&quot;,&quot;gap&quot;:&quot;5&quot;,&quot;greet&quot;:&quot;Rate this product&quot;,&quot;legend&quot;:&quot;5\\\/5 - (1 vote)&quot;,&quot;size&quot;:&quot;24&quot;,&quot;title&quot;:&quot;Plastic Float Sink Tank for High-Purity Flake Washing Separating&quot;,&quot;width&quot;:&quot;142.5&quot;,&quot;_legend&quot;:&quot;{score}\\\/{best} - ({count} {votes})&quot;,&quot;font_factor&quot;:&quot;1.25&quot;}'>              <div class=\"kksr-stars\">      <div class=\"kksr-stars-inactive\">             <div class=\"kksr-star\" data-star=\"1\" style=\"padding-right: 5px\">               <div class=\"kksr-icon\" style=\"width: 24px; height: 24px;\"><\/div>         <\/div>             <div class=\"kksr-star\" data-star=\"2\" style=\"padding-right: 5px\">               <div class=\"kksr-icon\" style=\"width: 24px; height: 24px;\"><\/div>         <\/div>             <div class=\"kksr-star\" data-star=\"3\" style=\"padding-right: 5px\">               <div class=\"kksr-icon\" style=\"width: 24px; height: 24px;\"><\/div>         <\/div>             <div class=\"kksr-star\" data-star=\"4\" style=\"padding-right: 5px\">               <div class=\"kksr-icon\" style=\"width: 24px; height: 24px;\"><\/div>         <\/div>             <div class=\"kksr-star\" data-star=\"5\" style=\"padding-right: 5px\">               <div class=\"kksr-icon\" style=\"width: 24px; height: 24px;\"><\/div>         <\/div>     <\/div>      <div class=\"kksr-stars-active\" style=\"width: 142.5px;\">             <div class=\"kksr-star\" style=\"padding-right: 5px\">               <div class=\"kksr-icon\" style=\"width: 24px; height: 24px;\"><\/div>         <\/div>             <div class=\"kksr-star\" style=\"padding-right: 5px\">               <div class=\"kksr-icon\" style=\"width: 24px; height: 24px;\"><\/div>         <\/div>             <div class=\"kksr-star\" style=\"padding-right: 5px\">               <div class=\"kksr-icon\" style=\"width: 24px; height: 24px;\"><\/div>         <\/div>             <div class=\"kksr-star\" style=\"padding-right: 5px\">               <div class=\"kksr-icon\" style=\"width: 24px; height: 24px;\"><\/div>         <\/div>             <div class=\"kksr-star\" style=\"padding-right: 5px\">               <div class=\"kksr-icon\" style=\"width: 24px; height: 24px;\"><\/div>         <\/div>     <\/div> <\/div>                   <div class=\"kksr-legend\" style=\"font-size: 19.2px;\">             5\/5 - (1 oy)    <\/div>     <\/div>  <p>Plastik \u015famand\u0131ral\u0131 lavabo tank\u0131, PP PE ay\u0131rma tank\u0131 olarak da adland\u0131r\u0131lan plastik \u015fi\u015fe geri d\u00f6n\u00fc\u015f\u00fcm hatt\u0131ndaki en pop\u00fcler makinelerden biridir. Ay\u0131rma tank\u0131, PP veya PE \u015fi\u015fe kapaklar\u0131n\u0131 reddetmek i\u00e7in farkl\u0131 plastik yo\u011funluklar\u0131 kullan\u0131r, b\u00f6ylece temiz PET par\u00e7alar\u0131 se\u00e7ilir ve \u00fcr\u00fcn\u00fcn safl\u0131\u011f\u0131 sa\u011flan\u0131r.<\/p>    <h2 class=\"wp-block-heading\" id=\"h-pet-bottle-washing-machine-application\">PET \u015fi\u015fe y\u0131kama makinas\u0131 uygulamas\u0131 <\/h2>    <p class=\"translation-block\">Genel olarak konu\u015fmak gerekirse, geri d\u00f6n\u00fc\u015ft\u00fcr\u00fclm\u00fc\u015f PET \u015fi\u015feler, <a href=\"https:\/\/plastic-machines.org\/tr\/product\/plastic-bottle-crusher\/\">ezme<\/a> i\u015fleminden sonra bir PP PE ayr\u0131\u015ft\u0131rma tank\u0131na g\u00f6nderilecektir. Plastik \u015fi\u015fe kapaklar\u0131 PP veya PE'den yap\u0131ld\u0131\u011f\u0131 i\u00e7in, bunlar\u0131n PET par\u00e7alar\u0131ndan ayr\u0131lmas\u0131 gerekmektedir. Temiz PET malzeme ayr\u0131ld\u0131ktan sonra, temizleme s\u00fcrecinin bir sonraki a\u015famas\u0131na ge\u00e7ilebilir.<\/p>    <h2 class=\"wp-block-heading\">Neden Bir PET Sink-Float Ay\u0131rma Tank\u0131 G\u00f6rev-Kritiktir?<\/h2>    <p>\u201cRekabet\u00e7i rPET pazar\u0131nda, pul safl\u0131\u011f\u0131 bir \u00f6zellik de\u011fil\u2014bu sizin para biriminizdir. PET pulunuzda %1 oran\u0131nda PP\/PE kontaminasyonu, malzemenin piyasa de\u011ferini \u00f6nemli \u00f6l\u00e7\u00fcde azaltabilir ve onu lif \u00fcretimi veya \u015fi\u015fe-\u015fi\u015fe geri d\u00f6n\u00fc\u015f\u00fcm gibi y\u00fcksek k\u00e2r getiren sekt\u00f6rlerden diskalifiye edebilir. <\/p>    <p>The sink-float separation tank acts as the primary guardian of your product&#8217;s purity and, ultimately, your profitability. It is the most cost-effective bulk separation method to remove polyolefin (PP\/PE) caps and labels, ensuring the final rPET flakes meet stringent quality standards (e.g., contamination levels below 100ppm).&#8221;<\/p>    <h2 class=\"wp-block-heading\">Plastik \u015famand\u0131ra lavabo tank\u0131n\u0131n fabrika te\u015fhiri<\/h2>    <figure class=\"wp-block-gallery has-nested-images columns-default is-cropped wp-block-gallery-2 is-layout-flex wp-block-gallery-is-layout-flex\"> <figure class=\"wp-block-image size-large\"><img loading=\"lazy\" decoding=\"async\" width=\"720\" height=\"540\" data-id=\"305\" src=\"https:\/\/plastic-machines.org\/wp-content\/uploads\/2022\/07\/plastic-washing-tank.webp\" alt=\"plastik y\u0131kama tank\u0131\" class=\"wp-image-305\" srcset=\"https:\/\/plastic-machines.org\/wp-content\/uploads\/2022\/07\/plastic-washing-tank.webp 720w, https:\/\/plastic-machines.org\/wp-content\/uploads\/2022\/07\/plastic-washing-tank-300x225.webp 300w\" sizes=\"auto, (max-width: 720px) 100vw, 720px\" \/><figcaption class=\"wp-element-caption\">plastik y\u0131kama tank\u0131<\/figcaption><\/figure>    <figure class=\"wp-block-image size-large\"><img loading=\"lazy\" decoding=\"async\" width=\"720\" height=\"540\" data-id=\"306\" src=\"https:\/\/plastic-machines.org\/wp-content\/uploads\/2022\/07\/PP-PE-separating-tank-in-plant.webp\" alt=\"Tesisteki PP PE ay\u0131rma tank\u0131\" class=\"wp-image-306\" srcset=\"https:\/\/plastic-machines.org\/wp-content\/uploads\/2022\/07\/PP-PE-separating-tank-in-plant.webp 720w, https:\/\/plastic-machines.org\/wp-content\/uploads\/2022\/07\/PP-PE-separating-tank-in-plant-300x225.webp 300w\" sizes=\"auto, (max-width: 720px) 100vw, 720px\" \/><figcaption class=\"wp-element-caption\">Tesisteki PP PE ay\u0131rma tank\u0131<\/figcaption><\/figure> <\/figure>    <figure class=\"wp-block-gallery has-nested-images columns-default is-cropped wp-block-gallery-3 is-layout-flex wp-block-gallery-is-layout-flex\"> <figure class=\"wp-block-image size-large\"><img loading=\"lazy\" decoding=\"async\" width=\"720\" height=\"540\" data-id=\"307\" src=\"https:\/\/plastic-machines.org\/wp-content\/uploads\/2022\/07\/plastic-float-sink-tank-in-plant-.webp\" alt=\"tesisteki plastik \u015famand\u0131ra lavabo tank\u0131\" class=\"wp-image-307\" srcset=\"https:\/\/plastic-machines.org\/wp-content\/uploads\/2022\/07\/plastic-float-sink-tank-in-plant-.webp 720w, https:\/\/plastic-machines.org\/wp-content\/uploads\/2022\/07\/plastic-float-sink-tank-in-plant--300x225.webp 300w\" sizes=\"auto, (max-width: 720px) 100vw, 720px\" \/><figcaption class=\"wp-element-caption\">tesisteki plastik \u015famand\u0131ra lavabo tank\u0131<\/figcaption><\/figure>    <figure class=\"wp-block-image size-large\"><img loading=\"lazy\" decoding=\"async\" width=\"720\" height=\"540\" data-id=\"308\" src=\"https:\/\/plastic-machines.org\/wp-content\/uploads\/2022\/07\/plastic-float-sink-tank.webp\" alt=\"plastik \u015famand\u0131ra lavabo tank\u0131\" class=\"wp-image-308\" srcset=\"https:\/\/plastic-machines.org\/wp-content\/uploads\/2022\/07\/plastic-float-sink-tank.webp 720w, https:\/\/plastic-machines.org\/wp-content\/uploads\/2022\/07\/plastic-float-sink-tank-300x225.webp 300w\" sizes=\"auto, (max-width: 720px) 100vw, 720px\" \/><figcaption class=\"wp-element-caption\">plastik \u015famand\u0131ra lavabo tank\u0131<\/figcaption><\/figure> <\/figure>    <figure class=\"wp-block-gallery has-nested-images columns-default is-cropped wp-block-gallery-4 is-layout-flex wp-block-gallery-is-layout-flex\"> <figure class=\"wp-block-image size-large\"><img loading=\"lazy\" decoding=\"async\" width=\"720\" height=\"540\" data-id=\"310\" src=\"https:\/\/plastic-machines.org\/wp-content\/uploads\/2022\/07\/PET-Bottle-Washing-Separating-Machine.webp\" alt=\"PET \u015fi\u015fe geri d\u00f6n\u00fc\u015f\u00fcm\u00fc i\u00e7in plastik \u015famand\u0131ra lavabo tank\u0131\" class=\"wp-image-310\" srcset=\"https:\/\/plastic-machines.org\/wp-content\/uploads\/2022\/07\/PET-Bottle-Washing-Separating-Machine.webp 720w, https:\/\/plastic-machines.org\/wp-content\/uploads\/2022\/07\/PET-Bottle-Washing-Separating-Machine-300x225.webp 300w\" sizes=\"auto, (max-width: 720px) 100vw, 720px\" \/><figcaption class=\"wp-element-caption\">plastik \u015famand\u0131ra lavabo tank\u0131<\/figcaption><\/figure>    <figure class=\"wp-block-image size-large\"><img loading=\"lazy\" decoding=\"async\" width=\"720\" height=\"540\" data-id=\"311\" src=\"https:\/\/plastic-machines.org\/wp-content\/uploads\/2022\/07\/PP-PE-separating-tank.webp\" alt=\"PP PE ay\u0131rma tank\u0131\" class=\"wp-image-311\" srcset=\"https:\/\/plastic-machines.org\/wp-content\/uploads\/2022\/07\/PP-PE-separating-tank.webp 720w, https:\/\/plastic-machines.org\/wp-content\/uploads\/2022\/07\/PP-PE-separating-tank-300x225.webp 300w\" sizes=\"auto, (max-width: 720px) 100vw, 720px\" \/><figcaption class=\"wp-element-caption\">PP PE ay\u0131rma tank\u0131<\/figcaption><\/figure> <\/figure>    <h2 class=\"wp-block-heading\">Neden plastik \u015famand\u0131ral\u0131 bir lavabo tank\u0131na ihtiyac\u0131n\u0131z var?<\/h2>    <p>\u0130\u00e7ecek \u015fi\u015felerinin ve maden suyu \u015fi\u015felerinin \u00e7o\u011fu PET plastikten yap\u0131lm\u0131\u015ft\u0131r ve PET plastik 100% geri d\u00f6n\u00fc\u015ft\u00fcr\u00fclebilir malzemedir. Bu nedenle hem PET plastik hem de rPET (geri d\u00f6n\u00fc\u015ft\u00fcr\u00fclm\u00fc\u015f PET plastik), giyim, hal\u0131, end\u00fcstriyel \u00fcr\u00fcnler ve yeni plastik \u015fi\u015feler gibi yeni \u00fcr\u00fcnleri yeniden \u00fcretmek i\u00e7in geri d\u00f6n\u00fc\u015ft\u00fcr\u00fclebilir.<\/p>    <p class=\"translation-block\">Plastik \u015fi\u015feler par\u00e7aland\u0131ktan sonra, tek bir \u00e7e\u015fit PET plastik pul elde etmek i\u00e7in PP PE ay\u0131rma tank\u0131 taraf\u0131ndan yeniden par\u00e7alanmas\u0131 ve iyice temizlenmesi gerekir. PP veya PE pullar\u0131yla kar\u0131\u015f\u0131k bir plastik yerine. Saf PET plastik, bir kal\u0131pta ham plastik par\u00e7ac\u0131klar\u0131 haline yeniden yap\u0131land\u0131r\u0131l\u0131r ve nihayetinde yeni \u00fcr\u00fcnlerin \u00fcretiminde kullan\u0131l\u0131r. Bu nedenle, bir <a href=\"https:\/\/plastic-machines.org\/tr\/product\/pet-bottle-recycling-line\/\">PET \u015fi\u015fe geri d\u00f6n\u00fc\u015f\u00fcm tesisi<\/a> i\u00e7inde gereklidir.<\/p>    <h2 class=\"wp-block-heading\">Nas\u0131l \u00c7al\u0131\u015f\u0131r: Ay\u0131rma S\u00fcrecine Bir Bak\u0131\u015f<\/h2>    <p>Sink-float tank\u0131m\u0131z, titizlikle tasarlanm\u0131\u015f bir s\u00fcre\u00e7te malzeme yo\u011funlu\u011funun temel ilkesinden yararlan\u0131r:<\/p>    <ul class=\"wp-block-list\"> <li>Giri\u015f: K\u0131r\u0131lm\u0131\u015f ve \u00f6nceden y\u0131kanm\u0131\u015f plastik par\u00e7ac\u0131klar (PET, PP, PE kar\u0131\u015f\u0131m\u0131) suyla dolu tank i\u00e7ine beslenir.<\/li>    <li>Ay\u0131rma: Daha y\u00fcksek yo\u011funluk (&gt;1.3 g\/cm\u00b3) nedeniyle PET par\u00e7ac\u0131klar\u0131 hemen batmaya ba\u015flar. Tersine, \u015fi\u015fe kapaklar\u0131 ve etiket kal\u0131nt\u0131lar\u0131ndan PP ve PE, yo\u011funluklar\u0131 &lt;1.0 g\/cm\u00b3 oldu\u011fu i\u00e7in y\u00fczeye \u00e7\u0131kar.<\/li>    <li>PET Bo\u015faltma: Minimal su karga\u015fas\u0131 i\u00e7in tasarlanm\u0131\u015f, yava\u015f d\u00f6nen alt vida konvey\u00f6r\u00fc (veya zincir kaz\u0131y\u0131c\u0131), batm\u0131\u015f PET par\u00e7a malzemesini tank boyunca ta\u015f\u0131r. Daha sonra e\u011fimli vida asans\u00f6r\u00fc ile bo\u015falt\u0131l\u0131r, bu da malzemenin suyun at\u0131lmas\u0131na yard\u0131mc\u0131 olur.<\/li>    <li>Kirletici Temizli\u011fi: Ayn\u0131 zamanda, \u00fcst d\u00f6nen k\u00fcrekler, y\u00fczeydeki PP\/PE kirleticileri nazik\u00e7e bir yan bo\u015faltma portuna veya otomatik temizleme i\u00e7in d\u00f6nen bir tambura iter. Stratejik olarak yerle\u015ftirilmi\u015f bir b\u00f6l\u00fcc\u00fc, bu kirleticilerin PET bo\u015faltma ak\u0131\u015f\u0131na girmesini engeller.<\/li> <\/ul>    <p>Kritik Not: Y\u00fcksek derecede etkili olmas\u0131na ra\u011fmen, bu y\u00f6ntem PET ile benzer yo\u011funluktaki kirleticileri, \u00f6rne\u011fin PVC'yi ay\u0131ramaz. Bu nedenle sa\u011flam bir \u00f6n s\u0131ralama a\u015famas\u0131 \u015fartt\u0131r.<\/p>    <p>Pet \u015fi\u015fe y\u0131kama makinesi, PP ve PE kapaklar\u0131n\u0131 PET pullar\u0131ndan ay\u0131rmak i\u00e7in ortam olarak su kullan\u0131r, ayn\u0131 zamanda PET pullar\u0131n\u0131 da temizleyebilir. Ezilmi\u015f plastik \u015fi\u015feler makineye girdi\u011finde yo\u011funlu\u011fu suyunkinden d\u00fc\u015f\u00fck olan plastik \u015fi\u015fe kapaklar\u0131 su y\u00fczeyinde y\u00fczecektir.<\/p>    <p>Plastik \u015fi\u015fe kapaklar\u0131 PP ve PE malzemeden yap\u0131ld\u0131\u011f\u0131 i\u00e7in her ikisi de sudan daha az yo\u011funlu\u011fa sahip oldu\u011fundan su y\u00fczeyinde y\u00fczecek, daha yo\u011fun olan PET \u015fi\u015fe par\u00e7alar\u0131 ise dibe batacakt\u0131r ki bu da en kolay ve etkili olanlardan biridir. temiz PET malzemeyi ay\u0131rman\u0131n yollar\u0131.<\/p>    <h2 class=\"wp-block-heading\">PET Sink-Float Ay\u0131rma Tank\u0131n\u0131n Temel Tasar\u0131m \u00d6zellikleri<\/h2>    <ul class=\"wp-block-list\"> <li>Sa\u011flam Malzeme Yap\u0131s\u0131: Su ve plastikle temas eden t\u00fcm par\u00e7alar, paslanmay\u0131 ve \u00fcr\u00fcn kontaminasyonunu \u00f6nlemek i\u00e7in Tip 304 Paslanmaz \u00c7elikten yap\u0131lm\u0131\u015ft\u0131r ve uzun hizmet \u00f6mr\u00fc sa\u011flar. \u00c7er\u00e7eve, yap\u0131sal b\u00fct\u00fcnl\u00fck i\u00e7in a\u011f\u0131r hizmet tipi karbon \u00e7elikten in\u015fa edilmi\u015ftir.<\/li>    <li>Optimize Edilmi\u015f Tank Boyutlar\u0131: Standart modellerimiz, optimal malzeme kalma s\u00fcresi i\u00e7in kan\u0131tlanm\u0131\u015f bir uzunluk-geni\u015flik oran\u0131 sunar. \u00d6zel boyutlar, tesisinizin d\u00fczenine ve kapasite ihtiya\u00e7lar\u0131na g\u00f6re mevcuttur.<\/li>    <li>Verimli Ta\u015f\u0131ma Sistemi: Standart uygulamalar i\u00e7in vida konvey\u00f6rleri ve daha y\u00fcksek kapasiteler veya daha a\u015f\u0131nd\u0131r\u0131c\u0131 malzemeler i\u00e7in a\u011f\u0131r hizmet tipi zincir kaz\u0131y\u0131c\u0131lar sunuyoruz, b\u00f6ylece g\u00fcvenilir ve t\u0131kanma olmadan \u00e7al\u0131\u015fmay\u0131 sa\u011flar.<\/li>    <li>Entegre Su Dola\u015f\u0131m\u0131 (\u0130ste\u011fe Ba\u011fl\u0131): Su t\u00fcketimini azaltmak i\u00e7in, sistemimiz su filtrasyon ve dola\u015f\u0131m pompas\u0131 ile donat\u0131labilir, b\u00f6ylece i\u015fletme maliyetlerinizi \u00f6nemli \u00f6l\u00e7\u00fcde d\u00fc\u015f\u00fcr\u00fcr.<\/li>    <li>Kolay Bak\u0131m Eri\u015fimi: Operat\u00f6rler d\u00fc\u015f\u00fcn\u00fclerek tasarlanm\u0131\u015f tanklar\u0131m\u0131zda b\u00fcy\u00fck temizlik kap\u0131lar\u0131 ve kolay eri\u015filebilir bile\u015fenler bulunur, b\u00f6ylece bak\u0131m kolayla\u015f\u0131r ve ar\u0131za s\u00fcresi azal\u0131r.<\/li> <\/ul>    <h2 class=\"wp-block-heading\">Teknik \u00d6zellikler: SL Serisi PET Sink-Float Ay\u0131rma Tank\u0131<\/h2>    <figure class=\"wp-block-table\"><table><thead><tr><th>Parametre<\/th><th>\u015eartname<\/th><th>Notlar<\/th><\/tr><\/thead><tbody><tr><td><strong>Modeli<\/strong><\/td><td>SL-500 \/ SL-1000 \/ SL-2000<\/td><td>Veya \u201c\u00d6zelle\u015ftirilebilir\u201d olarak listelenebilir<\/td><\/tr><tr><td><strong>\u0130\u015fleme kapasitesi<\/strong><\/td><td>500 \u2013 3.000 kg\/s<\/td><td>Model ve malzeme durumuna g\u00f6re de\u011fi\u015fir<\/td><\/tr><tr><td><strong>Tank Boyutlar\u0131 (U\u00d7G\u00d7Y)<\/strong><\/td><td>\u00d6zelle\u015ftirilebilir<\/td><td>\u0130ste\u011fe ba\u011fl\u0131 olarak standart boyutlar mevcuttur<\/td><\/tr><tr><td><strong>\u0130\u00e7 Malzeme<\/strong><\/td><td><strong>SUS304 Paslanmaz \u00c7elik<\/strong><\/td><td>Paslanmazl\u0131k ve uzun hizmet \u00f6mr\u00fc sa\u011flar<\/td><\/tr><tr><td><strong>D\u0131\u015f \u00c7er\u00e7eve<\/strong><\/td><td>A\u011f\u0131r Hizmet Tipi Karbon \u00c7elik<\/td><td>Paslanmaz deniz boyas\u0131 ile kaplanm\u0131\u015f<\/td><\/tr><tr><td><strong>PET Ta\u015f\u0131ma Sistemi<\/strong><\/td><td>Alt Vida Konvey\u00f6r\u00fc (Standart)<\/td><td>Daha y\u00fcksek kapasiteler i\u00e7in zincir kaz\u0131y\u0131c\u0131 mevcuttur<\/td><\/tr><tr><td><strong>Y\u00fczeydeki Kirleticilerin Temizlenmesi<\/strong><\/td><td>\u00dcst D\u00f6nen K\u00fcrekler<\/td><td>Otomatik bo\u015faltma, \u00f6zel bir porta<\/td><\/tr><tr><td><strong>Toplam Motor G\u00fcc\u00fc<\/strong><\/td><td>3 kW \u2013 11 kW<\/td><td>Kapasite ve konfig\u00fcrasyona ba\u011fl\u0131d\u0131r<\/td><\/tr><tr><td><strong>Gerilim<\/strong><\/td><td>380V\/50Hz\/3P (\u00d6zelle\u015ftirilebilir)<\/td><td>Her \u00fclkenin standard\u0131na uyarlanabilir<\/td><\/tr><tr><td><strong>Kontrol Sistemi<\/strong><\/td><td>Ba\u011f\u0131ms\u0131z Kontrol Dolab\u0131<\/td><td>Motorlar i\u00e7in frekans kontroll\u00fc (VFD) ile<\/td><\/tr><\/tbody><\/table><\/figure>","protected":false},"excerpt":{"rendered":"<p>The plastic float sink tank is one of the most popular machines in the plastic bottle recycling line, which is also called the PP PE separating tank. The separating tank uses different plastic densities to reject PP or PE bottle caps, thus selecting clean PET pieces and ensuring the purity of the product. PET bottle [&hellip;]<\/p>\n","protected":false},"author":1,"featured_media":457,"parent":0,"template":"","tags":[54,35],"product-type":[14,27],"class_list":["post-302","product","type-product","status-publish","has-post-thumbnail","hentry","tag-float","tag-pet","product-type-plastic-cleaning-drying-equipment","product-type-separation-technology"],"taxonomy_info":{"post_tag":[{"value":54,"label":"float"},{"value":35,"label":"PET"}],"product-type":[{"value":14,"label":"Plastic Cleaning&amp;Drying equipment"},{"value":27,"label":"Separation Technology"}]},"featured_image_src_large":["https:\/\/plastic-machines.org\/wp-content\/uploads\/2022\/06\/washing-and-sorting-tank1.webp",720,540,false],"author_info":{"display_name":"Ella","author_link":"https:\/\/plastic-machines.org\/tr\/author\/admin\/"},"comment_info":"","_links":{"self":[{"href":"https:\/\/plastic-machines.org\/tr\/wp-json\/wp\/v2\/product\/302","targetHints":{"allow":["GET"]}}],"collection":[{"href":"https:\/\/plastic-machines.org\/tr\/wp-json\/wp\/v2\/product"}],"about":[{"href":"https:\/\/plastic-machines.org\/tr\/wp-json\/wp\/v2\/types\/product"}],"author":[{"embeddable":true,"href":"https:\/\/plastic-machines.org\/tr\/wp-json\/wp\/v2\/users\/1"}],"wp:featuredmedia":[{"embeddable":true,"href":"https:\/\/plastic-machines.org\/tr\/wp-json\/wp\/v2\/media\/457"}],"wp:attachment":[{"href":"https:\/\/plastic-machines.org\/tr\/wp-json\/wp\/v2\/media?parent=302"}],"wp:term":[{"taxonomy":"post_tag","embeddable":true,"href":"https:\/\/plastic-machines.org\/tr\/wp-json\/wp\/v2\/tags?post=302"},{"taxonomy":"product-type","embeddable":true,"href":"https:\/\/plastic-machines.org\/tr\/wp-json\/wp\/v2\/product-type?post=302"}],"curies":[{"name":"wp","href":"https:\/\/api.w.org\/{rel}","templated":true}]}}