{"id":293,"date":"2022-07-12T03:44:55","date_gmt":"2022-07-12T03:44:55","guid":{"rendered":"https:\/\/plastic-machines.org\/?post_type=product&#038;p=293"},"modified":"2025-11-14T16:03:42","modified_gmt":"2025-11-14T08:03:42","slug":"pet-flakes-friction-washer","status":"publish","type":"product","link":"https:\/\/plastic-machines.org\/tr\/product\/pet-flakes-friction-washer\/","title":{"rendered":"\u015ei\u015fe Y\u0131kama i\u00e7in PET Pul S\u00fcrt\u00fcnme Y\u0131kama Makinesi"},"content":{"rendered":"<div class=\"kk-star-ratings kksr-auto kksr-align-left kksr-valign-top\"     data-payload='{&quot;align&quot;:&quot;left&quot;,&quot;id&quot;:&quot;293&quot;,&quot;slug&quot;:&quot;default&quot;,&quot;valign&quot;:&quot;top&quot;,&quot;ignore&quot;:&quot;&quot;,&quot;reference&quot;:&quot;auto&quot;,&quot;class&quot;:&quot;&quot;,&quot;count&quot;:&quot;2&quot;,&quot;legendonly&quot;:&quot;&quot;,&quot;readonly&quot;:&quot;&quot;,&quot;score&quot;:&quot;5&quot;,&quot;starsonly&quot;:&quot;&quot;,&quot;best&quot;:&quot;5&quot;,&quot;gap&quot;:&quot;5&quot;,&quot;greet&quot;:&quot;Rate this product&quot;,&quot;legend&quot;:&quot;5\\\/5 - (2 votes)&quot;,&quot;size&quot;:&quot;24&quot;,&quot;title&quot;:&quot;PET Flakes Friction Washer Machine for Bottle Washing&quot;,&quot;width&quot;:&quot;142.5&quot;,&quot;_legend&quot;:&quot;{score}\\\/{best} - ({count} {votes})&quot;,&quot;font_factor&quot;:&quot;1.25&quot;}'>              <div class=\"kksr-stars\">      <div class=\"kksr-stars-inactive\">             <div class=\"kksr-star\" data-star=\"1\" style=\"padding-right: 5px\">               <div class=\"kksr-icon\" style=\"width: 24px; height: 24px;\"><\/div>         <\/div>             <div class=\"kksr-star\" data-star=\"2\" style=\"padding-right: 5px\">               <div class=\"kksr-icon\" style=\"width: 24px; height: 24px;\"><\/div>         <\/div>             <div class=\"kksr-star\" data-star=\"3\" style=\"padding-right: 5px\">               <div class=\"kksr-icon\" style=\"width: 24px; height: 24px;\"><\/div>         <\/div>             <div class=\"kksr-star\" data-star=\"4\" style=\"padding-right: 5px\">               <div class=\"kksr-icon\" style=\"width: 24px; height: 24px;\"><\/div>         <\/div>             <div class=\"kksr-star\" data-star=\"5\" style=\"padding-right: 5px\">               <div class=\"kksr-icon\" style=\"width: 24px; height: 24px;\"><\/div>         <\/div>     <\/div>      <div class=\"kksr-stars-active\" style=\"width: 142.5px;\">             <div class=\"kksr-star\" style=\"padding-right: 5px\">               <div class=\"kksr-icon\" style=\"width: 24px; height: 24px;\"><\/div>         <\/div>             <div class=\"kksr-star\" style=\"padding-right: 5px\">               <div class=\"kksr-icon\" style=\"width: 24px; height: 24px;\"><\/div>         <\/div>             <div class=\"kksr-star\" style=\"padding-right: 5px\">               <div class=\"kksr-icon\" style=\"width: 24px; height: 24px;\"><\/div>         <\/div>             <div class=\"kksr-star\" style=\"padding-right: 5px\">               <div class=\"kksr-icon\" style=\"width: 24px; height: 24px;\"><\/div>         <\/div>             <div class=\"kksr-star\" style=\"padding-right: 5px\">               <div class=\"kksr-icon\" style=\"width: 24px; height: 24px;\"><\/div>         <\/div>     <\/div> <\/div>                   <div class=\"kksr-legend\" style=\"font-size: 19.2px;\">             5\/5 - (2 oy)    <\/div>     <\/div>  <p>PET pul s\u00fcrt\u00fcnme y\u0131kay\u0131c\u0131, kirli plastik pullar\u0131 temizlemek i\u00e7in kullan\u0131l\u0131r, plastik geri d\u00f6n\u00fc\u015f\u00fcm i\u015flemleri ve esas olarak PET plastik \u015fi\u015fe temizleme hatlar\u0131 i\u00e7in gerekli ekipmanlardan biridir. Plastik s\u00fcrt\u00fcnmeli y\u0131kay\u0131c\u0131, m\u00fc\u015fterilerin ihtiya\u00e7lar\u0131na g\u00f6re bir malzeme ta\u015f\u0131ma band\u0131 ile donat\u0131labilir ve boyutu \u00f6zelle\u015ftirilebilir.<\/p>    <h2 class=\"wp-block-heading\" id=\"h-introduction-of-pet-flakes-friction-washer\">PET pul s\u00fcrt\u00fcnme y\u0131kay\u0131c\u0131s\u0131n\u0131n tan\u0131t\u0131lmas\u0131<\/h2>    <p class=\"translation-block\">Plastik \u015fi\u015fe y\u0131kama makinesi, verimli bir PET \u015fi\u015fe flake temizleme ekipman\u0131d\u0131r. Standart <a href=\"https:\/\/plastic-machines.org\/tr\/product\/pet-bottle-recycling-line\/\">PET temizleme hatt\u0131m\u0131zda<\/a>, bu y\u00fcksek h\u0131zl\u0131 y\u0131kama makinesi, malzeme s\u0131cak y\u0131kamadan sonra plastik flake'leri so\u011fuk su ile daha da ovalar.<\/p>    <p>Plastik \u00e7ama\u015f\u0131r makinesi \u00e7al\u0131\u015f\u0131rken, i\u00e7 vida y\u00fcksek h\u0131zda d\u00f6ner ve h\u0131zl\u0131 d\u00f6n\u00fc\u015f, plastik tabakaya yap\u0131\u015fan kirletici maddelerin d\u00fc\u015ferek k\u00fc\u00e7\u00fck par\u00e7ac\u0131klara par\u00e7alanmas\u0131na neden olur. Plastik \u015fi\u015fe \u00e7ama\u015f\u0131r makinesinin i\u00e7 elek borusu, kirletici maddeleri filtrelemek i\u00e7in bir dehidrasyon cihaz\u0131 olarak kullan\u0131l\u0131r. Plasti\u011fin temizleme s\u00fcresi kirlenme derecesine g\u00f6re ayarlanabilir.<\/p>    <figure class=\"wp-block-gallery has-nested-images columns-default is-cropped wp-block-gallery-2 is-layout-flex wp-block-gallery-is-layout-flex\"> <figure class=\"wp-block-image size-large\"><img loading=\"lazy\" decoding=\"async\" width=\"720\" height=\"540\" data-id=\"296\" src=\"https:\/\/plastic-machines.org\/wp-content\/uploads\/2022\/07\/plastic-friction-washer.webp\" alt=\"plastik s\u00fcrt\u00fcnme rondelas\u0131\" class=\"wp-image-296\" srcset=\"https:\/\/plastic-machines.org\/wp-content\/uploads\/2022\/07\/plastic-friction-washer.webp 720w, https:\/\/plastic-machines.org\/wp-content\/uploads\/2022\/07\/plastic-friction-washer-300x225.webp 300w\" sizes=\"auto, (max-width: 720px) 100vw, 720px\" \/><figcaption class=\"wp-element-caption\">plastik s\u00fcrt\u00fcnme rondelas\u0131<\/figcaption><\/figure>    <figure class=\"wp-block-image size-large\"><img loading=\"lazy\" decoding=\"async\" width=\"720\" height=\"540\" data-id=\"297\" src=\"https:\/\/plastic-machines.org\/wp-content\/uploads\/2022\/07\/plastic-washing-machine-in-plant.webp\" alt=\"fabrikada plastik \u00e7ama\u015f\u0131r makinesi\" class=\"wp-image-297\" srcset=\"https:\/\/plastic-machines.org\/wp-content\/uploads\/2022\/07\/plastic-washing-machine-in-plant.webp 720w, https:\/\/plastic-machines.org\/wp-content\/uploads\/2022\/07\/plastic-washing-machine-in-plant-300x225.webp 300w\" sizes=\"auto, (max-width: 720px) 100vw, 720px\" \/><figcaption class=\"wp-element-caption\">Tesisteki PET pul s\u00fcrt\u00fcnme rondelas\u0131<\/figcaption><\/figure> <\/figure>    <figure class=\"wp-block-gallery has-nested-images columns-default is-cropped wp-block-gallery-3 is-layout-flex wp-block-gallery-is-layout-flex\"> <figure class=\"wp-block-image size-large\"><img loading=\"lazy\" decoding=\"async\" width=\"720\" height=\"540\" data-id=\"298\" src=\"https:\/\/plastic-machines.org\/wp-content\/uploads\/2022\/07\/plastic-friction-washer-in-plant.webp\" alt=\"tesisteki plastik s\u00fcrt\u00fcnme rondelas\u0131\" class=\"wp-image-298\" srcset=\"https:\/\/plastic-machines.org\/wp-content\/uploads\/2022\/07\/plastic-friction-washer-in-plant.webp 720w, https:\/\/plastic-machines.org\/wp-content\/uploads\/2022\/07\/plastic-friction-washer-in-plant-300x225.webp 300w\" sizes=\"auto, (max-width: 720px) 100vw, 720px\" \/><figcaption class=\"wp-element-caption\">tesisteki plastik s\u00fcrt\u00fcnme rondelas\u0131<\/figcaption><\/figure>    <figure class=\"wp-block-image size-large\"><img loading=\"lazy\" decoding=\"async\" width=\"720\" height=\"540\" data-id=\"299\" src=\"https:\/\/plastic-machines.org\/wp-content\/uploads\/2022\/07\/screw-conveyors-.webp\" alt=\"plastik \u015fi\u015fe \u00e7ama\u015f\u0131r makinesinin vidal\u0131 konvey\u00f6rleri\" class=\"wp-image-299\" srcset=\"https:\/\/plastic-machines.org\/wp-content\/uploads\/2022\/07\/screw-conveyors-.webp 720w, https:\/\/plastic-machines.org\/wp-content\/uploads\/2022\/07\/screw-conveyors--300x225.webp 300w\" sizes=\"auto, (max-width: 720px) 100vw, 720px\" \/><figcaption class=\"wp-element-caption\">vidal\u0131 konvey\u00f6rler<\/figcaption><\/figure> <\/figure>    <h2 class=\"wp-block-heading\">PET pul s\u00fcrt\u00fcnmeli y\u0131kay\u0131c\u0131n\u0131n \u00e7al\u0131\u015fma prensibi<\/h2>    <p>Makinenin merkezinde \u00e7ok say\u0131da b\u0131\u00e7a\u011f\u0131n bulundu\u011fu, y\u00fcksek h\u0131zda d\u00f6nen bir \u015faft bulunur. \u015eaft\u0131n etraf\u0131nda kirletici maddelerin filtrelenmesi i\u00e7in bir elek bulunur. \u015eaft dakikada yakla\u015f\u0131k 1000 devirle d\u00f6ner. Malzeme y\u00fcksek h\u0131zda s\u00fcrt\u00fcnme ile temizlenir ve t\u0131kanmay\u0131 \u00f6nlemek i\u00e7in elek \u00fczerine s\u00fcrekli olarak su p\u00fcsk\u00fcrt\u00fcl\u00fcr.<\/p>    <p>PET pul s\u00fcrt\u00fcnme rondelas\u0131n\u0131n d\u0131\u015f k\u0131sm\u0131na b\u00fcy\u00fck dikd\u00f6rtgen bir kabuk sar\u0131lm\u0131\u015ft\u0131r. Makinenin tamam\u0131 yakla\u015f\u0131k 15 derece e\u011fimli olup alt k\u0131s\u0131mdan kirli malzeme girer, \u00fcst k\u0131s\u0131mdan ise temiz \u015fi\u015fe par\u00e7alar\u0131 \u00e7\u0131kar ve ard\u0131ndan kurutma a\u015famas\u0131na ge\u00e7er.<\/p>    <figure class=\"wp-block-gallery has-nested-images columns-default is-cropped wp-block-gallery-4 is-layout-flex wp-block-gallery-is-layout-flex\"> <figure class=\"wp-block-image size-large\"><img loading=\"lazy\" decoding=\"async\" width=\"720\" height=\"540\" data-id=\"450\" src=\"https:\/\/plastic-machines.org\/wp-content\/uploads\/2022\/06\/PET-friction-washing-machine1.webp\" alt=\"plastik \u015fi\u015fe \u00e7ama\u015f\u0131r makinesi yakla\u015f\u0131k 15 derece e\u011fimlidir\" class=\"wp-image-450\" srcset=\"https:\/\/plastic-machines.org\/wp-content\/uploads\/2022\/06\/PET-friction-washing-machine1.webp 720w, https:\/\/plastic-machines.org\/wp-content\/uploads\/2022\/06\/PET-friction-washing-machine1-300x225.webp 300w\" sizes=\"auto, (max-width: 720px) 100vw, 720px\" \/><figcaption class=\"wp-element-caption\">makine yakla\u015f\u0131k 15 derece e\u011fimlidir<\/figcaption><\/figure>    <figure class=\"wp-block-image size-large\"><img loading=\"lazy\" decoding=\"async\" width=\"720\" height=\"540\" data-id=\"448\" src=\"https:\/\/plastic-machines.org\/wp-content\/uploads\/2022\/06\/PET-Flakes-Friction-Washer1.webp\" alt=\"PET gevre\u011fi s\u00fcrt\u00fcnme rondelas\u0131\" class=\"wp-image-448\" srcset=\"https:\/\/plastic-machines.org\/wp-content\/uploads\/2022\/06\/PET-Flakes-Friction-Washer1.webp 720w, https:\/\/plastic-machines.org\/wp-content\/uploads\/2022\/06\/PET-Flakes-Friction-Washer1-300x225.webp 300w\" sizes=\"auto, (max-width: 720px) 100vw, 720px\" \/><figcaption class=\"wp-element-caption\">PET pul s\u00fcrt\u00fcnme rondelas\u0131 kabuklu<\/figcaption><\/figure> <\/figure>    <h2 class=\"wp-block-heading\">Plastik \u00e7ama\u015f\u0131r makinesinin yap\u0131lar\u0131<\/h2>    <p>Plastik s\u00fcrt\u00fcnmeli rondelan\u0131n g\u00f6vdesi ana g\u00f6vde, motor, sehpa, su giri\u015fi, besleme giri\u015fi ve bo\u015faltma \u00e7\u0131k\u0131\u015f\u0131ndan olu\u015fur. Plastik s\u00fcrt\u00fcnmeli rondelay\u0131 takarken makineyi 45 derece e\u011ferek s\u00fcrt\u00fcnmeyi en \u00fcst d\u00fczeye \u00e7\u0131karabilir ve yabanc\u0131 maddeleri ve kirletici maddeleri d\u0131\u015far\u0131 \u00e7\u0131karabilir.<\/p>    <p>Plastik \u015fi\u015fe y\u0131kama makinesinin alt k\u0131sm\u0131nda ince g\u00f6zenekli bir filtre, i\u00e7inde y\u00fcksek h\u0131zl\u0131 bir rotor, \u00e7\u0131kar\u0131labilir bir elek ve kirleticileri ve kiri s\u00fcrekli olarak d\u0131\u015far\u0131 \u00e7\u0131karmak i\u00e7in elek \u00fczerine su p\u00fcsk\u00fcrten birden fazla noz\u00fcl bulunur. Daha sonra kirletici maddeler ve kirli su delikli elek arac\u0131l\u0131\u011f\u0131yla tahliye edilir ve altta toplan\u0131r.<\/p>   <div class=\"wp-block-image\"> <figure class=\"aligncenter size-full\"><img loading=\"lazy\" decoding=\"async\" width=\"720\" height=\"540\" src=\"https:\/\/plastic-machines.org\/wp-content\/uploads\/2022\/07\/inside-structures-.webp\" alt=\"plastik \u015fi\u015fe \u00e7ama\u015f\u0131r makinesinin i\u00e7 yap\u0131lar\u0131\" class=\"wp-image-300\" srcset=\"https:\/\/plastic-machines.org\/wp-content\/uploads\/2022\/07\/inside-structures-.webp 720w, https:\/\/plastic-machines.org\/wp-content\/uploads\/2022\/07\/inside-structures--300x225.webp 300w\" sizes=\"auto, (max-width: 720px) 100vw, 720px\" \/><figcaption class=\"wp-element-caption\">i\u00e7 yap\u0131lar<\/figcaption><\/figure> <\/div>   <h2 class=\"wp-block-heading\">Plastik s\u00fcrt\u00fcnme rondelas\u0131n\u0131n son \u00fcr\u00fcnleri<\/h2>    <p>Plastik \u015fi\u015fe y\u0131kama makinesi, plastik \u015fi\u015feler, tar\u0131m arazisi filmi, \u00e7imento torbalar\u0131, naylon, ka\u011f\u0131t fabrikas\u0131 ve paketleme tesisi at\u0131klar\u0131 gibi k\u0131r\u0131lm\u0131\u015f at\u0131k plastiklerin temizli\u011finde kullan\u0131l\u0131r. Plastik pullar \u00e7ama\u015f\u0131r makinesinde temizlendikten sonra temiz ve \u015feffaf hale gelecektir.<\/p>    <figure class=\"wp-block-gallery has-nested-images columns-default is-cropped wp-block-gallery-5 is-layout-flex wp-block-gallery-is-layout-flex\"> <figure class=\"wp-block-image size-large\"><img loading=\"lazy\" decoding=\"async\" width=\"720\" height=\"540\" data-id=\"566\" src=\"https:\/\/plastic-machines.org\/wp-content\/uploads\/2022\/07\/PET-flakes.webp\" alt=\"plastik s\u00fcrt\u00fcnme rondelas\u0131n\u0131n son \u00fcr\u00fcnleri\" class=\"wp-image-566\" srcset=\"https:\/\/plastic-machines.org\/wp-content\/uploads\/2022\/07\/PET-flakes.webp 720w, https:\/\/plastic-machines.org\/wp-content\/uploads\/2022\/07\/PET-flakes-300x225.webp 300w\" sizes=\"auto, (max-width: 720px) 100vw, 720px\" \/><\/figure>    <figure class=\"wp-block-image size-large\"><img loading=\"lazy\" decoding=\"async\" width=\"720\" height=\"540\" data-id=\"568\" src=\"https:\/\/plastic-machines.org\/wp-content\/uploads\/2022\/07\/plastic.webp\" alt=\"plastik s\u00fcrt\u00fcnme rondelas\u0131n\u0131n son \u00fcr\u00fcnleri\" class=\"wp-image-568\" srcset=\"https:\/\/plastic-machines.org\/wp-content\/uploads\/2022\/07\/plastic.webp 720w, https:\/\/plastic-machines.org\/wp-content\/uploads\/2022\/07\/plastic-300x225.webp 300w\" sizes=\"auto, (max-width: 720px) 100vw, 720px\" \/><\/figure>    <figure class=\"wp-block-image size-large\"><img loading=\"lazy\" decoding=\"async\" width=\"720\" height=\"540\" data-id=\"567\" src=\"https:\/\/plastic-machines.org\/wp-content\/uploads\/2022\/07\/PET-sheets.webp\" alt=\"plastik \u015fi\u015fe y\u0131kama makinesinin son \u00fcr\u00fcnleri\" class=\"wp-image-567\" srcset=\"https:\/\/plastic-machines.org\/wp-content\/uploads\/2022\/07\/PET-sheets.webp 720w, https:\/\/plastic-machines.org\/wp-content\/uploads\/2022\/07\/PET-sheets-300x225.webp 300w\" sizes=\"auto, (max-width: 720px) 100vw, 720px\" \/><\/figure> <figcaption class=\"blocks-gallery-caption wp-element-caption\">temiz PET \u015fi\u015fe pullar\u0131<\/figcaption><\/figure>    <h2 class=\"wp-block-heading\">Plastik \u015fi\u015fe y\u0131kama makinesinin avantajlar\u0131 <\/h2>    <ol class=\"wp-block-list\"> <li>PET pul s\u00fcrt\u00fcnmeli y\u0131kay\u0131c\u0131, kirleri etkili bir \u015fekilde ay\u0131r\u0131r ve yap\u0131\u015fan lekeleri tamamen \u00e7\u00f6zer. Plastik s\u00fcrt\u00fcnmeli rondela, 90%'ye kadar olan lekeleri \u00e7\u0131kararak t\u00fcm sistemin verimlili\u011fini ve kalitesini art\u0131rabilir. <strong><a href=\"https:\/\/plastic-machines.org\/tr\/product\/pet-bottle-recycling-line\/\">plastik \u015fi\u015fe geri d\u00f6n\u00fc\u015f\u00fcm hatt\u0131<\/a><\/strong>.<\/li>    <li>Temizleme i\u015flemi s\u0131ras\u0131nda, bitmi\u015f \u00fcr\u00fcnlerin parlakl\u0131\u011f\u0131n\u0131 art\u0131rmak i\u00e7in g\u00fc\u00e7l\u00fc durulama sa\u011flayabilecek ek y\u0131kama deterjan\u0131 eklenebilir.<\/li>    <li>PET pul s\u00fcrt\u00fcnme y\u0131kay\u0131c\u0131, y\u00fcksek kalitede s\u00fcrekli \u00e7al\u0131\u015fma i\u00e7in ekran\u0131 suyla doldurarak otomatik olarak temizler.<\/li>    <li>Plastik \u00e7ama\u015f\u0131r makinesinin bak\u0131m\u0131 kolayd\u0131r ve sonraki bak\u0131mlar neredeyse \u00fccretsizdir, bu da m\u00fc\u015fteriler i\u00e7in para tasarrufu sa\u011flar.<\/li> <\/ol>    <h2 class=\"wp-block-heading\">Plastik s\u00fcrt\u00fcnme rondelas\u0131n\u0131n parametreleri<\/h2>    <figure class=\"wp-block-table\"><table><tbody><tr><td>Modeli<\/td><td>SL-1000<\/td><td>SL-2000<\/td><\/tr><tr><td>Kapasite<\/td><td>500-1000kg\/saat<\/td><td>2000kg\/saat<\/td><\/tr><tr><td>Uzunluk<\/td><td>3000mm<\/td><td>3500mm<\/td><\/tr><tr><td>G\u00fc\u00e7<\/td><td>7,5 kW<\/td><td>15kw<\/td><\/tr><tr><td>\u00c7\u0131k\u0131\u015f Katman\u0131<\/td><td>4 mm<\/td><td>4 mm<\/td><\/tr><tr><td>B\u0131\u00e7ak kal\u0131nl\u0131\u011f\u0131<\/td><td>6 mm<\/td><td>6 mm<\/td><\/tr><\/tbody><\/table><\/figure>    <h2 class=\"wp-block-heading\" id=\"h-recommended-matching-lines\">\u00d6nerilen e\u015fle\u015fen \u00e7izgiler<\/h2>    <p class=\"translation-block\">Plastik s\u00fcrt\u00fcnme rondelalar\u0131, <strong><a href=\"https:\/\/plastic-machines.org\/tr\/product\/pet-bottle-recycling-line\/\">plastik temizleme sistemlerinde<\/a><\/strong> yayg\u0131nd\u0131r. Plastik, <strong><a href=\"https:\/\/plastic-machines.org\/tr\/product\/pet-flakes-hot-washing-machine\/\">s\u0131cak y\u0131kama makinesinden<\/a><\/strong> ve <strong><a href=\"https:\/\/plastic-machines.org\/tr\/product\/plastic-film-washing-machine\/\">durulama tank\u0131ndan<\/a><\/strong> ge\u00e7tikten sonra \u00e7al\u0131\u015fmaya uygundurlar. Bunun d\u0131\u015f\u0131nda, y\u0131kama ekipmanlar\u0131na uygun e\u015fle\u015ftirme i\u00e7in bir\u00e7ok farkl\u0131 y\u00f6ntem de mevcuttur. Shuliy Machinery, m\u00fc\u015fterinin hammadde malzemesine uygun plastik temizleme ekipman\u0131n\u0131 e\u015fle\u015ftirmek i\u00e7in \u00e7\u00f6z\u00fcmler tasarlayabilir.<\/p>   <div class=\"wp-block-image\"> <figure class=\"aligncenter size-full\"><img loading=\"lazy\" decoding=\"async\" width=\"720\" height=\"540\" src=\"https:\/\/plastic-machines.org\/wp-content\/uploads\/2022\/07\/PET-washing-line-.webp\" alt=\"PET \u015fi\u015fe y\u0131kama ipi\" class=\"wp-image-284\" srcset=\"https:\/\/plastic-machines.org\/wp-content\/uploads\/2022\/07\/PET-washing-line-.webp 720w, https:\/\/plastic-machines.org\/wp-content\/uploads\/2022\/07\/PET-washing-line--300x225.webp 300w\" sizes=\"auto, (max-width: 720px) 100vw, 720px\" \/><figcaption class=\"wp-element-caption\">PET \u00e7ama\u015f\u0131r ipi<\/figcaption><\/figure> <\/div>  <div class=\"wp-block-image\"> <figure class=\"aligncenter size-full\"><img loading=\"lazy\" decoding=\"async\" width=\"720\" height=\"540\" src=\"https:\/\/plastic-machines.org\/wp-content\/uploads\/2022\/07\/PET-washing-line1.webp\" alt=\"PET y\u0131kama tesisi\" class=\"wp-image-301\" srcset=\"https:\/\/plastic-machines.org\/wp-content\/uploads\/2022\/07\/PET-washing-line1.webp 720w, https:\/\/plastic-machines.org\/wp-content\/uploads\/2022\/07\/PET-washing-line1-300x225.webp 300w\" sizes=\"auto, (max-width: 720px) 100vw, 720px\" \/><figcaption class=\"wp-element-caption\">PET y\u0131kama tesisi<\/figcaption><\/figure> <\/div>   <h2 class=\"wp-block-heading\">PET pul s\u00fcrt\u00fcnme rondelas\u0131 sipari\u015fi verin<\/h2>    <p>Teslimat s\u00fcreleri t\u00fcm standart ba\u011f\u0131ms\u0131z makineler i\u00e7in 30 g\u00fcn, \u00f6zel ekipman veya komple hatlar i\u00e7in 60-90 g\u00fcnd\u00fcr. Ger\u00e7ek teslimat s\u00fcreleri b\u00fcy\u00fck \u00f6l\u00e7\u00fcde projenin karma\u015f\u0131kl\u0131\u011f\u0131na ve ger\u00e7ekte sipari\u015f etti\u011fimiz birim say\u0131s\u0131na ba\u011fl\u0131d\u0131r.<\/p>    <p>Fiyat ve sipari\u015f detaylar\u0131n\u0131 g\u00f6r\u00fc\u015fmek i\u00e7in hemen bizimle ileti\u015fime ge\u00e7mekten \u00e7ekinmeyin. Yukar\u0131da ekipman sipari\u015f s\u00fcrecinin k\u0131sa bir a\u00e7\u0131klamas\u0131 bulunmaktad\u0131r.<\/p>    <h2 class=\"wp-block-heading\">Shuliy Grubu sizin i\u00e7in ne yapabilir?<\/h2>    <ul class=\"wp-block-list\"> <li>Sat\u0131\u015f \u00f6ncesi hizmet: size plastik geri d\u00f6n\u00fc\u015f\u00fcm proje planlamas\u0131, s\u00fcre\u00e7 tasar\u0131m\u0131, uygun makine ve ekipman program\u0131 seti geli\u015ftirme, ayr\u0131ca \u00f6zel ihtiya\u00e7lar\u0131n\u0131za g\u00f6re \u00fcr\u00fcn tasarlama ve \u00fcretme ve teknik operasyon e\u011fitiminiz i\u00e7in;<\/li>    <li>Sat\u0131\u015f i\u00e7i servis: Sat\u0131\u015f m\u00fcd\u00fcr\u00fc, makinenin yap\u0131m, y\u00fckleme ve teslimat\u0131n\u0131n t\u00fcm s\u00fcrecini denetler, m\u00fc\u015fteriyle makine hakk\u0131nda zaman\u0131nda ileti\u015fim kurar, ekipman\u0131n kabul\u00fcn\u00fc tamamlamak i\u00e7in m\u00fc\u015fteriye e\u015flik eder ve m\u00fc\u015fteriye makineyi kurmas\u0131nda yard\u0131mc\u0131 olur. .<\/li>    <li>Sat\u0131\u015f sonras\u0131 servis: Gerekirse \u00e7evrimi\u00e7i video kurulumu \u00f6\u011fretim hizmeti sa\u011fl\u0131yoruz, \u015firket ekipman\u0131n kurulumunu y\u00f6nlendirmek ve operat\u00f6rlere e\u011fitim vermek i\u00e7in teknik personeli olay yerine g\u00f6nderebilir. Ayr\u0131ca a\u015f\u0131nan ve y\u0131pranan par\u00e7alar hari\u00e7, makine kalite g\u00fcvencesi bak\u0131m\u0131 bir y\u0131l i\u00e7inde yap\u0131l\u0131r.<\/li> <\/ul>","protected":false},"excerpt":{"rendered":"<p>PET flakes friction washer is used to clean dirty plastic flakes, it is one of the necessary equipment for plastic recycling processes, and mainly for PET plastic bottle cleaning lines. The plastic friction washer can be equipped with a material conveyor belt according to the customers&#8217; needs, and the size can be customized. Introduction of [&hellip;]<\/p>\n","protected":false},"author":1,"featured_media":448,"parent":0,"template":"","tags":[55,35],"product-type":[14],"class_list":["post-293","product","type-product","status-publish","has-post-thumbnail","hentry","tag-friction","tag-pet","product-type-plastic-cleaning-drying-equipment"],"taxonomy_info":{"post_tag":[{"value":55,"label":"friction"},{"value":35,"label":"PET"}],"product-type":[{"value":14,"label":"Plastic Cleaning&amp;Drying equipment"}]},"featured_image_src_large":["https:\/\/plastic-machines.org\/wp-content\/uploads\/2022\/06\/PET-Flakes-Friction-Washer1.webp",720,540,false],"author_info":{"display_name":"Ella","author_link":"https:\/\/plastic-machines.org\/tr\/author\/admin\/"},"comment_info":"","_links":{"self":[{"href":"https:\/\/plastic-machines.org\/tr\/wp-json\/wp\/v2\/product\/293","targetHints":{"allow":["GET"]}}],"collection":[{"href":"https:\/\/plastic-machines.org\/tr\/wp-json\/wp\/v2\/product"}],"about":[{"href":"https:\/\/plastic-machines.org\/tr\/wp-json\/wp\/v2\/types\/product"}],"author":[{"embeddable":true,"href":"https:\/\/plastic-machines.org\/tr\/wp-json\/wp\/v2\/users\/1"}],"wp:featuredmedia":[{"embeddable":true,"href":"https:\/\/plastic-machines.org\/tr\/wp-json\/wp\/v2\/media\/448"}],"wp:attachment":[{"href":"https:\/\/plastic-machines.org\/tr\/wp-json\/wp\/v2\/media?parent=293"}],"wp:term":[{"taxonomy":"post_tag","embeddable":true,"href":"https:\/\/plastic-machines.org\/tr\/wp-json\/wp\/v2\/tags?post=293"},{"taxonomy":"product-type","embeddable":true,"href":"https:\/\/plastic-machines.org\/tr\/wp-json\/wp\/v2\/product-type?post=293"}],"curies":[{"name":"wp","href":"https:\/\/api.w.org\/{rel}","templated":true}]}}