{"id":276,"date":"2022-07-11T07:03:49","date_gmt":"2022-07-11T07:03:49","guid":{"rendered":"https:\/\/plastic-machines.org\/?post_type=product&#038;p=276"},"modified":"2026-01-29T15:39:41","modified_gmt":"2026-01-29T07:39:41","slug":"pet-flakes-hot-washing-machine","status":"publish","type":"product","link":"https:\/\/plastic-machines.org\/tr\/product\/pet-flakes-hot-washing-machine\/","title":{"rendered":"Plastik \u015ei\u015fe Geri D\u00f6n\u00fc\u015f\u00fcm\u00fc i\u00e7in PET Pul S\u0131cak Y\u0131kama Makinesi"},"content":{"rendered":"<div class=\"kk-star-ratings kksr-auto kksr-align-left kksr-valign-top\"     data-payload='{&quot;align&quot;:&quot;left&quot;,&quot;id&quot;:&quot;276&quot;,&quot;slug&quot;:&quot;default&quot;,&quot;valign&quot;:&quot;top&quot;,&quot;ignore&quot;:&quot;&quot;,&quot;reference&quot;:&quot;auto&quot;,&quot;class&quot;:&quot;&quot;,&quot;count&quot;:&quot;2&quot;,&quot;legendonly&quot;:&quot;&quot;,&quot;readonly&quot;:&quot;&quot;,&quot;score&quot;:&quot;5&quot;,&quot;starsonly&quot;:&quot;&quot;,&quot;best&quot;:&quot;5&quot;,&quot;gap&quot;:&quot;5&quot;,&quot;greet&quot;:&quot;Rate this product&quot;,&quot;legend&quot;:&quot;5\\\/5 - (2 votes)&quot;,&quot;size&quot;:&quot;24&quot;,&quot;title&quot;:&quot;PET Flakes Hot Washing Machine for Plastic Bottle Recycling&quot;,&quot;width&quot;:&quot;142.5&quot;,&quot;_legend&quot;:&quot;{score}\\\/{best} - ({count} {votes})&quot;,&quot;font_factor&quot;:&quot;1.25&quot;}'>              <div class=\"kksr-stars\">      <div class=\"kksr-stars-inactive\">             <div class=\"kksr-star\" data-star=\"1\" style=\"padding-right: 5px\">               <div class=\"kksr-icon\" style=\"width: 24px; height: 24px;\"><\/div>         <\/div>             <div class=\"kksr-star\" data-star=\"2\" style=\"padding-right: 5px\">               <div class=\"kksr-icon\" style=\"width: 24px; height: 24px;\"><\/div>         <\/div>             <div class=\"kksr-star\" data-star=\"3\" style=\"padding-right: 5px\">               <div class=\"kksr-icon\" style=\"width: 24px; height: 24px;\"><\/div>         <\/div>             <div class=\"kksr-star\" data-star=\"4\" style=\"padding-right: 5px\">               <div class=\"kksr-icon\" style=\"width: 24px; height: 24px;\"><\/div>         <\/div>             <div class=\"kksr-star\" data-star=\"5\" style=\"padding-right: 5px\">               <div class=\"kksr-icon\" style=\"width: 24px; height: 24px;\"><\/div>         <\/div>     <\/div>      <div class=\"kksr-stars-active\" style=\"width: 142.5px;\">             <div class=\"kksr-star\" style=\"padding-right: 5px\">               <div class=\"kksr-icon\" style=\"width: 24px; height: 24px;\"><\/div>         <\/div>             <div class=\"kksr-star\" style=\"padding-right: 5px\">               <div class=\"kksr-icon\" style=\"width: 24px; height: 24px;\"><\/div>         <\/div>             <div class=\"kksr-star\" style=\"padding-right: 5px\">               <div class=\"kksr-icon\" style=\"width: 24px; height: 24px;\"><\/div>         <\/div>             <div class=\"kksr-star\" style=\"padding-right: 5px\">               <div class=\"kksr-icon\" style=\"width: 24px; height: 24px;\"><\/div>         <\/div>             <div class=\"kksr-star\" style=\"padding-right: 5px\">               <div class=\"kksr-icon\" style=\"width: 24px; height: 24px;\"><\/div>         <\/div>     <\/div> <\/div>                   <div class=\"kksr-legend\" style=\"font-size: 19.2px;\">             5\/5 - (2 oy)    <\/div>     <\/div>  <p>PET pullar\u0131 s\u0131cak y\u0131kama makinesi, plastik y\u00fczeydeki ya\u011f\u0131, yap\u0131\u015ft\u0131r\u0131c\u0131y\u0131 vb. yumu\u015fatmak i\u00e7in \u015fi\u015fe tala\u015flar\u0131n\u0131 y\u00fcksek s\u0131cakl\u0131kta buharlamak ve ard\u0131ndan s\u0131cak suyla durulamak i\u00e7in kullan\u0131l\u0131r. PET \u015fi\u015fe pullar\u0131, suyu temizleyip \u00e7\u0131kard\u0131ktan sonra birinci s\u0131n\u0131f temiz pul gereksinimi standard\u0131na ula\u015facak ve elyaf hammaddesi haline getirilebilecek.<\/p>    <h2 class=\"wp-block-heading\" id=\"h-pet-flakes-hot-washing-machine-application\">PET gevre\u011fi s\u0131cak \u00e7ama\u015f\u0131r makinesi uygulamas\u0131<\/h2>    <p class=\"translation-block\">Shuliy Machinery, PET \u015fi\u015fe pul s\u0131cak y\u0131kama makinesi \u00fcretiminde uzmanla\u015fm\u0131\u015ft\u0131r; bu makine, <strong><a href=\"https:\/\/plastic-machines.org\/tr\/product\/pet-bottle-recycling-line\/\">PET i\u00e7ecek \u015fi\u015fesi temizleme hatt\u0131<\/a><\/strong>ndeki \u00f6nemli temizlik ekipmanlar\u0131ndan biridir ve at\u0131k plastik geri d\u00f6n\u00fc\u015f\u00fcm end\u00fcstrisinde yayg\u0131n olarak kullan\u0131lmaktad\u0131r. PET pullar\u0131, kaynar s\u0131cak suda defalarca temizlenir ve m\u00fc\u015fterinin ihtiya\u00e7lar\u0131na ba\u011fl\u0131 olarak, makineye plastik pullar\u0131 etkili \u015fekilde dezenfekte etmek ve etiketler, ya\u011f lekeleri ve di\u011fer zor \u00e7\u0131kar\u0131lan lekeleri daha iyi temizlemek i\u00e7in temizlik maddeleri eklenebilir.<\/p>    <h2 class=\"wp-block-heading\">PET pul s\u0131cak \u00e7ama\u015f\u0131r makinesinin yap\u0131s\u0131<\/h2>    <ol class=\"wp-block-list\"> <li>S\u0131cak y\u0131kama tank\u0131n\u0131n i\u00e7 y\u00fczeyi ayna cilal\u0131d\u0131r; d\u0131\u015f kabuk y\u00fczeyi ayna cilal\u0131 veya mat ta\u015flama y\u00fczey i\u015flemidir.<\/li>    <li>Giri\u015f ve \u00e7\u0131k\u0131\u015f borusu a\u011fz\u0131 ve i\u00e7 tank g\u00f6vdesi kayna\u011f\u0131 flan\u015fl\u0131 i\u015flemlerdir, yuvarlak ark ge\u00e7i\u015fi kullan\u0131r ve kenar\u0131 p\u00fcr\u00fczs\u00fcz ve temizlenmesi kolayd\u0131r.<\/li>    <li>Is\u0131nmak i\u00e7in k\u00f6m\u00fcr veya do\u011fal gaz kullan\u0131l\u0131yor <a href=\"https:\/\/en.wikipedia.org\/wiki\/Polyethylene_terephthalate\" target=\"_blank\" rel=\"noopener\">EVC\u0130L HAYVAN<\/a> pul s\u0131cak \u00e7ama\u015f\u0131r makinesi. Su, tank malzemesinin \u0131s\u0131t\u0131lmas\u0131na \u0131s\u0131 \u00fcreten \u0131s\u0131tma arac\u0131d\u0131r.<\/li> <\/ol>    <h2 class=\"wp-block-heading\">Plastik hurda y\u0131kama makinesinin avantajlar\u0131<\/h2>    <ul class=\"wp-block-list\"> <li>M\u00fc\u015fterilerin PET pul s\u0131cak \u00e7ama\u015f\u0131r makinesini a\u00e7\u0131k havada kullanmas\u0131 gerekiyorsa, m\u00fchendislerimiz makineyi \u00fcretirken makinenin d\u0131\u015f\u0131na ta\u015f y\u00fcn\u00fc izolasyonlu bir \u0131s\u0131tma koruma katman\u0131 ekleyebilir, b\u00f6ylece d\u0131\u015f s\u0131cakl\u0131k de\u011fi\u015fimi tanktaki s\u0131cakl\u0131\u011f\u0131 etkilemez. plastik s\u0131cak y\u0131kama tank\u0131n\u0131n temizleme etkisini sa\u011flayacakt\u0131r.<\/li>    <li>Shuiy Machinery, elektrikli \u0131s\u0131tma ve buharl\u0131 \u0131s\u0131tma olmak \u00fczere iki t\u00fcr \u0131s\u0131tma y\u00f6ntemi sa\u011flar; m\u00fc\u015fteriler kendi durumlar\u0131na g\u00f6re se\u00e7im yapabilirler.<\/li>    <li>PET \u015fi\u015fe gevre\u011fi s\u0131cak \u00e7ama\u015f\u0131r makinesi, su t\u00fcketimini azalt\u0131rken temizleme etkisini sa\u011flamak i\u00e7in temizleme i\u015fleminde dola\u015fan suyu kullan\u0131r, bu da kaynaklardan tasarruf sa\u011flar ve m\u00fc\u015fteriler i\u00e7in maliyetleri etkili bir \u015fekilde azalt\u0131r.<\/li>    <li>Plastik hurda y\u0131kama makinesi, y\u00fcksek h\u0131zl\u0131 bir santrif\u00fcj temizleme sistemi kullan\u0131r, plastik tabakay\u0131 uygun bir d\u00f6nme h\u0131z\u0131nda \u00e7al\u0131\u015ft\u0131rmak i\u00e7in kar\u0131\u015ft\u0131rmak i\u00e7in kullan\u0131lan k\u00fcrek ve malzeme mukavemeti \u00fczerindeki kar\u015f\u0131l\u0131k gelen etki, temizleme etkisinin iyi olmas\u0131n\u0131 sa\u011flayacak \u015fekilde uygundur.<\/li> <\/ul>    <h2 class=\"wp-block-heading\" id=\"h-hot-washing-tank-plant-diplay\">S\u0131cak y\u0131kama tank\u0131 tesisi g\u00f6sterimi <\/h2>   <div class=\"wp-block-image\"> <figure class=\"aligncenter size-full\"><img loading=\"lazy\" decoding=\"async\" width=\"720\" height=\"540\" src=\"https:\/\/plastic-machines.org\/wp-content\/uploads\/2022\/07\/hot-washing-tank-.webp\" alt=\"s\u0131cak y\u0131kama tank\u0131\" class=\"wp-image-279\" srcset=\"https:\/\/plastic-machines.org\/wp-content\/uploads\/2022\/07\/hot-washing-tank-.webp 720w, https:\/\/plastic-machines.org\/wp-content\/uploads\/2022\/07\/hot-washing-tank--300x225.webp 300w\" sizes=\"auto, (max-width: 720px) 100vw, 720px\" \/><figcaption class=\"wp-element-caption\">PET gevre\u011fi s\u0131cak \u00e7ama\u015f\u0131r makinesi<\/figcaption><\/figure> <\/div>  <div class=\"wp-block-image\"> <figure class=\"aligncenter size-full is-resized\"><img loading=\"lazy\" decoding=\"async\" width=\"720\" height=\"540\" src=\"https:\/\/plastic-machines.org\/wp-content\/uploads\/2022\/07\/plastic-washing-tank-in-plant.webp\" alt=\"tesisteki plastik y\u0131kama tank\u0131\" class=\"wp-image-280\" style=\"width:720px;height:540px\" srcset=\"https:\/\/plastic-machines.org\/wp-content\/uploads\/2022\/07\/plastic-washing-tank-in-plant.webp 720w, https:\/\/plastic-machines.org\/wp-content\/uploads\/2022\/07\/plastic-washing-tank-in-plant-300x225.webp 300w\" sizes=\"auto, (max-width: 720px) 100vw, 720px\" \/><figcaption class=\"wp-element-caption\">tesisteki plastik y\u0131kama tank\u0131<\/figcaption><\/figure> <\/div>  <div class=\"wp-block-image\"> <figure class=\"aligncenter size-full\"><img loading=\"lazy\" decoding=\"async\" width=\"720\" height=\"540\" src=\"https:\/\/plastic-machines.org\/wp-content\/uploads\/2022\/07\/PET-Flakes-Hot-Washing-Machine.webp\" alt=\"PET Pul S\u0131cak Y\u0131kama Makinesi\" class=\"wp-image-281\" srcset=\"https:\/\/plastic-machines.org\/wp-content\/uploads\/2022\/07\/PET-Flakes-Hot-Washing-Machine.webp 720w, https:\/\/plastic-machines.org\/wp-content\/uploads\/2022\/07\/PET-Flakes-Hot-Washing-Machine-300x225.webp 300w\" sizes=\"auto, (max-width: 720px) 100vw, 720px\" \/><figcaption class=\"wp-element-caption\">PET gevre\u011fi s\u0131cak \u00e7ama\u015f\u0131r makinesi<\/figcaption><\/figure> <\/div>   <h2 class=\"wp-block-heading\">PET \u015fi\u015fe gevre\u011fi s\u0131cak \u00e7ama\u015f\u0131r makinesi parametreleri<\/h2>    <p>SL-500 modeli en pop\u00fcler s\u0131cak y\u0131kama tank\u0131 t\u00fcr\u00fcd\u00fcr; \u00e7ap\u0131 ve y\u00fcksekli\u011fi \u00e7o\u011fu plastik geri d\u00f6n\u00fc\u015f\u00fcm tesisi i\u00e7in uygundur. Ancak di\u011fer modellerle ilgileniyorsan\u0131z, bize dan\u0131\u015fabilirsiniz; sat\u0131\u015f y\u00f6neticimiz size en k\u0131sa s\u00fcrede cevap verecektir.<\/p>    <figure class=\"wp-block-table\"><table><tbody><tr><td>Modeli<\/td><td>SL-500<\/td><\/tr><tr><td>Y\u00fckseklik<\/td><td>2m<\/td><\/tr><tr><td>\u00c7ap<\/td><td>1,3 m<\/td><\/tr><tr><td>Kal\u0131nl\u0131\u011f\u0131m\u0131z<\/td><td>4 mm<\/td><\/tr><tr><td>Alt kal\u0131nl\u0131k<\/td><td>8 mm<\/td><\/tr><tr><td>Malzeme<\/td><td>Karton \u00e7eli\u011fi<\/td><\/tr><tr><td>G\u00fc\u00e7<\/td><td>4kw<\/td><\/tr><tr><td>Is\u0131tma y\u00f6ntemi<\/td><td>Elektrik ve buhar<\/td><\/tr><\/tbody><\/table><\/figure>    <h2 class=\"wp-block-heading\">Plastik geri d\u00f6n\u00fc\u015f\u00fcm hatt\u0131n\u0131 \u00f6nerin<\/h2>    <p class=\"translation-block\">PET \u015fi\u015fe y\u0131kama hatt\u0131, Shuliy Machinery'de en pop\u00fcler geri d\u00f6n\u00fc\u015f\u00fcm hatlar\u0131ndan biridir. D\u00fczenli ekipmanlar aras\u0131nda <a href=\"https:\/\/plastic-machines.org\/tr\/product\/pet-bottle-label-remover-machine\/\">plastik \u015fi\u015fe \u00e7\u0131kar\u0131c\u0131<\/a>, <a href=\"https:\/\/plastic-machines.org\/tr\/product\/plastic-bottle-crusher\/\">PET \u015fi\u015fe k\u0131r\u0131c\u0131<\/a>, <a href=\"https:\/\/plastic-machines.org\/tr\/product\/plastic-float-sink-tank\/\">plastik y\u0131kama tank\u0131<\/a>, <a href=\"https:\/\/plastic-machines.org\/tr\/product\/pet-flakes-friction-washer\/\">plastik s\u00fcrt\u00fcnme y\u0131kay\u0131c\u0131<\/a>, s\u0131cak su y\u0131kama tank\u0131, <a href=\"https:\/\/plastic-machines.org\/tr\/product\/plastic-chips-dryer-machine\/\"> plastik kurutucu<\/a> ve bantl\u0131 konvey\u00f6rler. <\/p>    <p>Firmam\u0131z her b\u00fcy\u00fckl\u00fckteki geri d\u00f6n\u00fc\u015f\u00fcm \u015firketlerinin gereksinimlerini kar\u015f\u0131lamak i\u00e7in hem standart hem de \u00f6zelle\u015ftirilmi\u015f PET plastik geri d\u00f6n\u00fc\u015f\u00fcm sistemleri sa\u011flayabilmektedir. Geri d\u00f6n\u00fc\u015f\u00fcm sistemi, hammaddelerinizin farkl\u0131 kirlilik seviyelerine ba\u011fl\u0131 olarak farkl\u0131 temizleme makineleriyle \u00e7ok \u00e7e\u015fitli PET plastikleri i\u015fleme kapasitesine sahiptir. Temizleme hatt\u0131n\u0131n tamam\u0131n\u0131n kullan\u0131m\u0131 kolay, y\u00fcksek verimli ve d\u00fc\u015f\u00fck enerji t\u00fcketimine sahiptir.<\/p>   <div class=\"wp-block-image\"> <figure class=\"aligncenter size-full\"><img loading=\"lazy\" decoding=\"async\" width=\"720\" height=\"540\" src=\"https:\/\/plastic-machines.org\/wp-content\/uploads\/2022\/07\/PET-washer-machine.webp\" alt=\"Plastik \u015ei\u015fe Geri D\u00f6n\u00fc\u015f\u00fcm\u00fc i\u00e7in PET Pul S\u0131cak Y\u0131kama Makinesi\" class=\"wp-image-1206\" srcset=\"https:\/\/plastic-machines.org\/wp-content\/uploads\/2022\/07\/PET-washer-machine.webp 720w, https:\/\/plastic-machines.org\/wp-content\/uploads\/2022\/07\/PET-washer-machine-300x225.webp 300w, https:\/\/plastic-machines.org\/wp-content\/uploads\/2022\/07\/PET-washer-machine-16x12.webp 16w\" sizes=\"auto, (max-width: 720px) 100vw, 720px\" \/><figcaption class=\"wp-element-caption\">PET Pul S\u0131cak Y\u0131kama Makinesi<\/figcaption><\/figure> <\/div>  <div class=\"wp-block-image\"> <figure class=\"aligncenter size-full\"><img loading=\"lazy\" decoding=\"async\" width=\"720\" height=\"540\" src=\"https:\/\/plastic-machines.org\/wp-content\/uploads\/2022\/07\/PET-washing-line1.webp\" alt=\"PET Pul S\u0131cak Y\u0131kama Makinesi \" class=\"wp-image-301\" srcset=\"https:\/\/plastic-machines.org\/wp-content\/uploads\/2022\/07\/PET-washing-line1.webp 720w, https:\/\/plastic-machines.org\/wp-content\/uploads\/2022\/07\/PET-washing-line1-300x225.webp 300w\" sizes=\"auto, (max-width: 720px) 100vw, 720px\" \/><figcaption class=\"wp-element-caption\">PET \u015fi\u015fe y\u0131kama tesisi <\/figcaption><\/figure> <\/div>","protected":false},"excerpt":{"rendered":"<p>A PET flakes hot washing machine is used to steam the bottle chips at a high temperature to soften the oil, glue, etc. on the plastic surface, and then rinsed with hot water. After cleaning and removing water, the PET bottle flakes will reach the standard of first-class clean flakes requirement and can be made [&hellip;]<\/p>\n","protected":false},"author":1,"featured_media":444,"parent":0,"template":"","tags":[56,35],"product-type":[14],"class_list":["post-276","product","type-product","status-publish","has-post-thumbnail","hentry","tag-hot-washing","tag-pet","product-type-plastic-cleaning-drying-equipment"],"taxonomy_info":{"post_tag":[{"value":56,"label":"hot washing"},{"value":35,"label":"PET"}],"product-type":[{"value":14,"label":"Plastic Cleaning&amp;Drying equipment"}]},"featured_image_src_large":["https:\/\/plastic-machines.org\/wp-content\/uploads\/2022\/06\/hot-water-washing-machine1.webp",720,540,false],"author_info":{"display_name":"Ella","author_link":"https:\/\/plastic-machines.org\/tr\/author\/admin\/"},"comment_info":"","_links":{"self":[{"href":"https:\/\/plastic-machines.org\/tr\/wp-json\/wp\/v2\/product\/276","targetHints":{"allow":["GET"]}}],"collection":[{"href":"https:\/\/plastic-machines.org\/tr\/wp-json\/wp\/v2\/product"}],"about":[{"href":"https:\/\/plastic-machines.org\/tr\/wp-json\/wp\/v2\/types\/product"}],"author":[{"embeddable":true,"href":"https:\/\/plastic-machines.org\/tr\/wp-json\/wp\/v2\/users\/1"}],"wp:featuredmedia":[{"embeddable":true,"href":"https:\/\/plastic-machines.org\/tr\/wp-json\/wp\/v2\/media\/444"}],"wp:attachment":[{"href":"https:\/\/plastic-machines.org\/tr\/wp-json\/wp\/v2\/media?parent=276"}],"wp:term":[{"taxonomy":"post_tag","embeddable":true,"href":"https:\/\/plastic-machines.org\/tr\/wp-json\/wp\/v2\/tags?post=276"},{"taxonomy":"product-type","embeddable":true,"href":"https:\/\/plastic-machines.org\/tr\/wp-json\/wp\/v2\/product-type?post=276"}],"curies":[{"name":"wp","href":"https:\/\/api.w.org\/{rel}","templated":true}]}}