{"id":273,"date":"2022-07-11T03:07:36","date_gmt":"2022-07-11T03:07:36","guid":{"rendered":"https:\/\/plastic-machines.org\/?post_type=product&#038;p=273"},"modified":"2025-11-14T16:37:05","modified_gmt":"2025-11-14T08:37:05","slug":"plastic-chips-dryer-machine","status":"publish","type":"product","link":"https:\/\/plastic-machines.org\/tr\/product\/plastic-chips-dryer-machine\/","title":{"rendered":"Yatay Plastik Cips Kurutma Makinesi"},"content":{"rendered":"<div class=\"kk-star-ratings kksr-auto kksr-align-left kksr-valign-top\"     data-payload='{&quot;align&quot;:&quot;left&quot;,&quot;id&quot;:&quot;273&quot;,&quot;slug&quot;:&quot;default&quot;,&quot;valign&quot;:&quot;top&quot;,&quot;ignore&quot;:&quot;&quot;,&quot;reference&quot;:&quot;auto&quot;,&quot;class&quot;:&quot;&quot;,&quot;count&quot;:&quot;5&quot;,&quot;legendonly&quot;:&quot;&quot;,&quot;readonly&quot;:&quot;&quot;,&quot;score&quot;:&quot;5&quot;,&quot;starsonly&quot;:&quot;&quot;,&quot;best&quot;:&quot;5&quot;,&quot;gap&quot;:&quot;5&quot;,&quot;greet&quot;:&quot;Rate this product&quot;,&quot;legend&quot;:&quot;5\\\/5 - (5 votes)&quot;,&quot;size&quot;:&quot;24&quot;,&quot;title&quot;:&quot;Horizontal Plastic Chips Dryer Machine&quot;,&quot;width&quot;:&quot;142.5&quot;,&quot;_legend&quot;:&quot;{score}\\\/{best} - ({count} {votes})&quot;,&quot;font_factor&quot;:&quot;1.25&quot;}'>              <div class=\"kksr-stars\">      <div class=\"kksr-stars-inactive\">             <div class=\"kksr-star\" data-star=\"1\" style=\"padding-right: 5px\">               <div class=\"kksr-icon\" style=\"width: 24px; height: 24px;\"><\/div>         <\/div>             <div class=\"kksr-star\" data-star=\"2\" style=\"padding-right: 5px\">               <div class=\"kksr-icon\" style=\"width: 24px; height: 24px;\"><\/div>         <\/div>             <div class=\"kksr-star\" data-star=\"3\" style=\"padding-right: 5px\">               <div class=\"kksr-icon\" style=\"width: 24px; height: 24px;\"><\/div>         <\/div>             <div class=\"kksr-star\" data-star=\"4\" style=\"padding-right: 5px\">               <div class=\"kksr-icon\" style=\"width: 24px; height: 24px;\"><\/div>         <\/div>             <div class=\"kksr-star\" data-star=\"5\" style=\"padding-right: 5px\">               <div class=\"kksr-icon\" style=\"width: 24px; height: 24px;\"><\/div>         <\/div>     <\/div>      <div class=\"kksr-stars-active\" style=\"width: 142.5px;\">             <div class=\"kksr-star\" style=\"padding-right: 5px\">               <div class=\"kksr-icon\" style=\"width: 24px; height: 24px;\"><\/div>         <\/div>             <div class=\"kksr-star\" style=\"padding-right: 5px\">               <div class=\"kksr-icon\" style=\"width: 24px; height: 24px;\"><\/div>         <\/div>             <div class=\"kksr-star\" style=\"padding-right: 5px\">               <div class=\"kksr-icon\" style=\"width: 24px; height: 24px;\"><\/div>         <\/div>             <div class=\"kksr-star\" style=\"padding-right: 5px\">               <div class=\"kksr-icon\" style=\"width: 24px; height: 24px;\"><\/div>         <\/div>             <div class=\"kksr-star\" style=\"padding-right: 5px\">               <div class=\"kksr-icon\" style=\"width: 24px; height: 24px;\"><\/div>         <\/div>     <\/div> <\/div>                   <div class=\"kksr-legend\" style=\"font-size: 19.2px;\">             5\/5 - (5 oy)    <\/div>     <\/div>  <p>Plastik tala\u015f kurutma makinesi verimli bir plastik geri d\u00f6n\u00fc\u015f\u00fcm ekipman\u0131d\u0131r. Temizlenen plastik par\u00e7alar gran\u00fclasyon \u00f6ncesinde kurutucuda susuzla\u015ft\u0131r\u0131l\u0131p y\u00fcksek h\u0131zda kurutulur. Bu nedenle plastik nem alma kurutucusu, at\u0131k plastik gran\u00fclasyon s\u00fcrecinde \u00f6nemli bir rol oynar. Plastik geri d\u00f6n\u00fc\u015f\u00fcm\u00fc i\u00e7in geli\u015fmi\u015f bir otomatik yard\u0131mc\u0131 ekipmand\u0131r.<\/p>    <h2 class=\"wp-block-heading\" id=\"h-plastic-dryer-machine-application\">Plastik kurutma makinesi uygulamas\u0131<\/h2>    <p class=\"translation-block\">Bu plastik k\u0131rp\u0131nt\u0131 kurutma makinesi PP bidonlar, drumlar, sepetler, oyuncaklar, \u015fi\u015feler vb. gibi sert plastik malzemeler i\u00e7in uygundur. Yatay bir kurutucu, gran\u00fclasyon \u00f6ncesinde k\u0131rp\u0131lm\u0131\u015f plastik par\u00e7alar\u0131 kurutmada genellikle <strong><a href=\"https:\/\/plastic-machines.org\/tr\/product\/plastic-recycling-granulating-line\/\">plastik varil gran\u00fclasyon hatt\u0131<\/a><\/strong> i\u00e7inde kullan\u0131l\u0131r. Ayr\u0131ca plastik su alma makinesi <strong><a href=\"https:\/\/plastic-machines.org\/tr\/product\/pet-bottle-recycling-line\/\">PET \u015fi\u015fe y\u0131kama hatt\u0131<\/a><\/strong> i\u00e7in de uygulanabilir. Geri d\u00f6n\u00fc\u015f\u00fcm s\u00fcrecinin son ad\u0131m\u0131nda, PET par\u00e7ac\u0131klar\u0131 plastik kurutucu taraf\u0131ndan sudan ar\u0131nd\u0131r\u0131l\u0131r; b\u00f6ylece kurutulmu\u015f plastik pullar ambalajlanabilir hale gelir.<\/p>    <figure class=\"wp-block-embed is-type-video is-provider-youtube wp-block-embed-youtube wp-embed-aspect-4-3 wp-has-aspect-ratio\"><div class=\"wp-block-embed__wrapper\"> <iframe loading=\"lazy\" title=\"Plastik geri d\u00f6n\u00fc\u015f\u00fcm\u00fc i\u00e7in yatay kurutucu #plastikgeri d\u00f6n\u00fc\u015f\u00fcm #machine\" width=\"500\" height=\"375\" src=\"https:\/\/www.youtube.com\/embed\/tw-SdiclyeE?feature=oembed\" frameborder=\"0\" allow=\"accelerometer; autoplay; clipboard-write; encrypted-media; gyroscope; picture-in-picture; web-share\" referrerpolicy=\"strict-origin-when-cross-origin\" allowfullscreen><\/iframe> <\/div><\/figure>    <h2 class=\"wp-block-heading\" id=\"h-advantages-of-plastic-chips-dryer-machine\">Plastik tala\u015f kurutma makinesinin avantajlar\u0131<\/h2>    <ol class=\"wp-block-list\"> <li>Plastik susuzla\u015ft\u0131rma makinesi, PET \u015fi\u015feler, PE pullar\u0131, PP pullar\u0131 vb. gibi \u00e7e\u015fitli k\u0131r\u0131lm\u0131\u015f plastiklerin suyunun al\u0131nmas\u0131na etkili bir \u015fekilde yard\u0131mc\u0131 olabilecek geni\u015f uygulamalara sahiptir.<\/li>    <li>Plastik nem alma kurutucusu iyi bir susuzla\u015ft\u0131rma etkisine ve d\u00fc\u015f\u00fck g\u00fc\u00e7 t\u00fcketimine sahiptir. Yatay kurutucu, susuzla\u015ft\u0131rmaya ek olarak plastik pullar\u0131n y\u00fczeyine yap\u0131\u015fan kumu ve di\u011fer mikroskobik kal\u0131nt\u0131lar\u0131 da filtreleyebilir.<\/li>    <li>Plastik kurutucunun i\u00e7indeki elek y\u00fcksek kaliteli paslanmaz \u00e7elikten yap\u0131lm\u0131\u015ft\u0131r, rotor ve g\u00f6vde paslanmaz malzemeden yap\u0131lm\u0131\u015ft\u0131r ve t\u00fcm ekipman dayan\u0131kl\u0131d\u0131r.<\/li>    <li>Plastik tala\u015f kurutucu makine yap\u0131s\u0131 \u00e7ok makul bir \u015fekilde tasarlanm\u0131\u015ft\u0131r, personel g\u00f6vdeyi kolayca a\u00e7abilir ve yatay kurutucunun i\u00e7indeki ekranda kalan yabanc\u0131 maddeleri zaman\u0131nda temizleyebilir ve g\u00fcnl\u00fck bak\u0131m y\u00f6ntemi basittir.<\/li> <\/ol>    <h2 class=\"wp-block-heading\" id=\"h-technical-data-of-horizontal-dryer\">Yatay kurutucu makinesinin teknik verileri<\/h2>    <figure class=\"wp-block-table\"><table><tbody><tr><td>&nbsp;Modeli<\/td><td>SL-550<\/td><\/tr><tr><td>D\u0131\u015f \u00e7ap<\/td><td>550mm<\/td><\/tr><tr><td>Uzunluk<\/td><td>1000mm<\/td><\/tr><tr><td>Filtre deli\u011fi \u00e7ap\u0131<\/td><td>4 mm<\/td><\/tr><tr><td>Kapasite<\/td><td>1000kg\/saat<\/td><\/tr><\/tbody><\/table><\/figure>    <h2 class=\"wp-block-heading\" id=\"h-horizontal-dewatering-machine-display\">Plastik susuzla\u015ft\u0131rma makinesi ekran\u0131<\/h2>    <p>Yatay susuzla\u015ft\u0131rma makinesinin kabu\u011fu, genellikle gri veya mavi olmak \u00fczere \u00f6zelle\u015ftirilebilir ve ayr\u0131ca m\u00fc\u015fterilerin \u00f6zel ihtiya\u00e7lar\u0131na g\u00f6re de ayarlanabilir.<\/p>    <figure class=\"wp-block-gallery has-nested-images columns-default is-cropped wp-block-gallery-2 is-layout-flex wp-block-gallery-is-layout-flex\"> <figure class=\"wp-block-image size-large\"><img loading=\"lazy\" decoding=\"async\" width=\"720\" height=\"540\" data-id=\"283\" src=\"https:\/\/plastic-machines.org\/wp-content\/uploads\/2022\/07\/horizontal-plastic-dryer.webp\" alt=\"yatay plastik kurutucu\" class=\"wp-image-283\" srcset=\"https:\/\/plastic-machines.org\/wp-content\/uploads\/2022\/07\/horizontal-plastic-dryer.webp 720w, https:\/\/plastic-machines.org\/wp-content\/uploads\/2022\/07\/horizontal-plastic-dryer-300x225.webp 300w\" sizes=\"auto, (max-width: 720px) 100vw, 720px\" \/><figcaption class=\"wp-element-caption\">yatay plastik kurutucu<\/figcaption><\/figure>    <figure class=\"wp-block-image size-large\"><img loading=\"lazy\" decoding=\"async\" width=\"720\" height=\"540\" data-id=\"284\" src=\"https:\/\/plastic-machines.org\/wp-content\/uploads\/2022\/07\/PET-washing-line-.webp\" alt=\"PET \u015fi\u015fe y\u0131kama hatt\u0131 makineleri\" class=\"wp-image-284\" srcset=\"https:\/\/plastic-machines.org\/wp-content\/uploads\/2022\/07\/PET-washing-line-.webp 720w, https:\/\/plastic-machines.org\/wp-content\/uploads\/2022\/07\/PET-washing-line--300x225.webp 300w\" sizes=\"auto, (max-width: 720px) 100vw, 720px\" \/><figcaption class=\"wp-element-caption\">PET \u00e7ama\u015f\u0131r ipi<\/figcaption><\/figure> <\/figure>    <figure class=\"wp-block-gallery has-nested-images columns-default is-cropped wp-block-gallery-3 is-layout-flex wp-block-gallery-is-layout-flex\"> <figure class=\"wp-block-image size-large\"><img loading=\"lazy\" decoding=\"async\" width=\"720\" height=\"540\" data-id=\"285\" src=\"https:\/\/plastic-machines.org\/wp-content\/uploads\/2022\/07\/horizontal-dryer-in-plant.webp\" alt=\"plastik susuzla\u015ft\u0131rma makinesi\" class=\"wp-image-285\" srcset=\"https:\/\/plastic-machines.org\/wp-content\/uploads\/2022\/07\/horizontal-dryer-in-plant.webp 720w, https:\/\/plastic-machines.org\/wp-content\/uploads\/2022\/07\/horizontal-dryer-in-plant-300x225.webp 300w\" sizes=\"auto, (max-width: 720px) 100vw, 720px\" \/><figcaption class=\"wp-element-caption\">tesisteki yatay kurutucu<\/figcaption><\/figure>    <figure class=\"wp-block-image size-large\"><img loading=\"lazy\" decoding=\"async\" width=\"720\" height=\"540\" data-id=\"286\" src=\"https:\/\/plastic-machines.org\/wp-content\/uploads\/2022\/07\/horizontal-dryer-1.webp\" alt=\"yatay plastik kurutucu\" class=\"wp-image-286\" srcset=\"https:\/\/plastic-machines.org\/wp-content\/uploads\/2022\/07\/horizontal-dryer-1.webp 720w, https:\/\/plastic-machines.org\/wp-content\/uploads\/2022\/07\/horizontal-dryer-1-300x225.webp 300w\" sizes=\"auto, (max-width: 720px) 100vw, 720px\" \/><figcaption class=\"wp-element-caption\">plastik cips kurutma makinesi<\/figcaption><\/figure> <\/figure>    <figure class=\"wp-block-gallery has-nested-images columns-default is-cropped wp-block-gallery-4 is-layout-flex wp-block-gallery-is-layout-flex\"> <figure class=\"wp-block-image size-large\"><img loading=\"lazy\" decoding=\"async\" width=\"720\" height=\"540\" data-id=\"289\" src=\"https:\/\/plastic-machines.org\/wp-content\/uploads\/2022\/07\/plastic-dryer-machine-1.webp\" alt=\"plastik kurutma makinesi\" class=\"wp-image-289\" srcset=\"https:\/\/plastic-machines.org\/wp-content\/uploads\/2022\/07\/plastic-dryer-machine-1.webp 720w, https:\/\/plastic-machines.org\/wp-content\/uploads\/2022\/07\/plastic-dryer-machine-1-300x225.webp 300w\" sizes=\"auto, (max-width: 720px) 100vw, 720px\" \/><figcaption class=\"wp-element-caption\">plastik kurutma makinesi<\/figcaption><\/figure>    <figure class=\"wp-block-image size-large\"><img loading=\"lazy\" decoding=\"async\" width=\"720\" height=\"540\" data-id=\"290\" src=\"https:\/\/plastic-machines.org\/wp-content\/uploads\/2022\/07\/plastic-dryer.webp\" alt=\"plastik kurutma makinesi\" class=\"wp-image-290\" srcset=\"https:\/\/plastic-machines.org\/wp-content\/uploads\/2022\/07\/plastic-dryer.webp 720w, https:\/\/plastic-machines.org\/wp-content\/uploads\/2022\/07\/plastic-dryer-300x225.webp 300w\" sizes=\"auto, (max-width: 720px) 100vw, 720px\" \/><figcaption class=\"wp-element-caption\">plastik kurutucu<\/figcaption><\/figure> <\/figure>    <h2 class=\"wp-block-heading\">Plastik geri d\u00f6n\u00fc\u015f\u00fcm hatt\u0131 makinelerini tavsiye edin<\/h2>    <p class=\"translation-block\">Yatay plastik su alma makinesi hep <a href=\"https:\/\/plastic-machines.org\/tr\/product\/plastic-recycling-granulating-line\/\">plastik gran\u00fclleme hatt\u0131<\/a> ve bir <a href=\"https:\/\/plastic-machines.org\/tr\/product\/pet-bottle-recycling-line\/\">PET \u015fi\u015fe y\u0131kama hatt\u0131<\/a> i\u00e7inde kullan\u0131l\u0131r. Kurutucu, plastik par\u00e7alar\u0131ndan suyu giderir ve tam geri d\u00f6n\u00fc\u015f\u00fcm hatt\u0131n\u0131n son ad\u0131m\u0131d\u0131r. E\u011fer hammadde k\u0131vr\u0131k plastikler gibi plastik filmler veya torbalar ise, <a href=\"https:\/\/plastic-machines.org\/tr\/product\/plastic-film-dryer-machine\/\">dikey tip plastik kurutucu<\/a> se\u00e7menizi \u00f6neririz.<\/p>    <figure class=\"wp-block-image size-large\"><img loading=\"lazy\" decoding=\"async\" width=\"1024\" height=\"576\" src=\"https:\/\/plastic-machines.org\/wp-content\/uploads\/2022\/06\/plastic-washing-machine-1024x576.webp\" alt=\"plastik \u00e7ama\u015f\u0131r makinesi\" class=\"wp-image-148\" srcset=\"https:\/\/plastic-machines.org\/wp-content\/uploads\/2022\/06\/plastic-washing-machine-1024x576.webp 1024w, https:\/\/plastic-machines.org\/wp-content\/uploads\/2022\/06\/plastic-washing-machine-300x169.webp 300w, https:\/\/plastic-machines.org\/wp-content\/uploads\/2022\/06\/plastic-washing-machine-768x432.webp 768w, https:\/\/plastic-machines.org\/wp-content\/uploads\/2022\/06\/plastic-washing-machine-1536x864.webp 1536w, https:\/\/plastic-machines.org\/wp-content\/uploads\/2022\/06\/plastic-washing-machine.webp 1920w\" sizes=\"auto, (max-width: 1024px) 100vw, 1024px\" \/><figcaption class=\"wp-element-caption\">plastik \u00e7ama\u015f\u0131r makinesi ve yatay kurutucu<\/figcaption><\/figure>    <h2 class=\"wp-block-heading\"> M\u00fc\u015fterilerimiz i\u00e7in Shuliy hizmetleri<\/h2>    <ul class=\"wp-block-list\"> <li><strong>Sat\u0131\u015f \u00f6ncesi servis: <\/strong>Bir plastik geri d\u00f6n\u00fc\u015f\u00fcm proje planlamas\u0131 sa\u011flayaca\u011f\u0131z ve bir dizi uygun makine ve ekipman program\u0131 geli\u015ftirece\u011fiz. Ayr\u0131ca \u00f6zel ihtiya\u00e7lar\u0131n\u0131za g\u00f6re fabrikam\u0131z \u00f6zel \u00fcretim plastik geri d\u00f6n\u00fc\u015f\u00fcm makinalar\u0131na da destek vermektedir.<\/li>    <li><strong>Sat\u0131\u015f ortas\u0131nda servis<\/strong>: Sat\u0131\u015f m\u00fcd\u00fcr\u00fc t\u00fcm s\u00fcre\u00e7 boyunca sizinle ileti\u015fimde kal\u0131r ve makinenin \u00fcretimini, y\u00fcklemesini ve teslimat\u0131n\u0131 denetler. Sat\u0131\u015f y\u00f6neticimiz, ekipman\u0131n kabul\u00fcn\u00fc tamamlamak i\u00e7in m\u00fc\u015fteriye e\u015flik edecektir.<\/li>    <li><strong>Sat\u0131\u015f sonras\u0131 servis:<\/strong> Shuliy Group \u00e7evrimi\u00e7i video kurulum talimatlar\u0131n\u0131 sa\u011flayacakt\u0131r. Gerekirse, ekipman\u0131n kurulumuna rehberlik etmek ve operat\u00f6rleri e\u011fitmek i\u00e7in m\u00fc\u015fterinin \u00fclkesine teknik personel g\u00f6nderebiliriz. Ayr\u0131ca Shuliy plastik geri d\u00f6n\u00fc\u015f\u00fcm makinelerinin a\u015f\u0131nan par\u00e7alar hari\u00e7 12 ay i\u00e7erisinde kaliteli bak\u0131m\u0131 garanti edilmektedir.<\/li> <\/ul>","protected":false},"excerpt":{"rendered":"<p>A plastic chips dryer machine is efficient plastic recycling equipment. The cleaned plastic pieces are dewatered and dried at high speed by the dryer before granulation. So the plastic dehumidifying dryer plays an important role in the process of waste plastic granulation. It is an advanced automatic auxiliary equipment for plastic recycling. Plastic dryer machine [&hellip;]<\/p>\n","protected":false},"author":1,"featured_media":443,"parent":0,"template":"","tags":[57,39],"product-type":[14],"class_list":["post-273","product","type-product","status-publish","has-post-thumbnail","hentry","tag-dry","tag-flake","product-type-plastic-cleaning-drying-equipment"],"taxonomy_info":{"post_tag":[{"value":57,"label":"dry"},{"value":39,"label":"flake"}],"product-type":[{"value":14,"label":"Plastic Cleaning&amp;Drying equipment"}]},"featured_image_src_large":["https:\/\/plastic-machines.org\/wp-content\/uploads\/2022\/06\/horizontal-dryer1.webp",720,540,false],"author_info":{"display_name":"Ella","author_link":"https:\/\/plastic-machines.org\/tr\/author\/admin\/"},"comment_info":"","_links":{"self":[{"href":"https:\/\/plastic-machines.org\/tr\/wp-json\/wp\/v2\/product\/273","targetHints":{"allow":["GET"]}}],"collection":[{"href":"https:\/\/plastic-machines.org\/tr\/wp-json\/wp\/v2\/product"}],"about":[{"href":"https:\/\/plastic-machines.org\/tr\/wp-json\/wp\/v2\/types\/product"}],"author":[{"embeddable":true,"href":"https:\/\/plastic-machines.org\/tr\/wp-json\/wp\/v2\/users\/1"}],"wp:featuredmedia":[{"embeddable":true,"href":"https:\/\/plastic-machines.org\/tr\/wp-json\/wp\/v2\/media\/443"}],"wp:attachment":[{"href":"https:\/\/plastic-machines.org\/tr\/wp-json\/wp\/v2\/media?parent=273"}],"wp:term":[{"taxonomy":"post_tag","embeddable":true,"href":"https:\/\/plastic-machines.org\/tr\/wp-json\/wp\/v2\/tags?post=273"},{"taxonomy":"product-type","embeddable":true,"href":"https:\/\/plastic-machines.org\/tr\/wp-json\/wp\/v2\/product-type?post=273"}],"curies":[{"name":"wp","href":"https:\/\/api.w.org\/{rel}","templated":true}]}}