{"id":262,"date":"2022-07-08T08:45:58","date_gmt":"2022-07-08T08:45:58","guid":{"rendered":"https:\/\/plastic-machines.org\/?post_type=product&#038;p=262"},"modified":"2025-11-14T16:38:43","modified_gmt":"2025-11-14T08:38:43","slug":"plastic-film-dryer-machine","status":"publish","type":"product","link":"https:\/\/plastic-machines.org\/tr\/product\/plastic-film-dryer-machine\/","title":{"rendered":"Dikey Plastik Film Kurutma Makinesi"},"content":{"rendered":"<div class=\"kk-star-ratings kksr-auto kksr-align-left kksr-valign-top\"     data-payload='{&quot;align&quot;:&quot;left&quot;,&quot;id&quot;:&quot;262&quot;,&quot;slug&quot;:&quot;default&quot;,&quot;valign&quot;:&quot;top&quot;,&quot;ignore&quot;:&quot;&quot;,&quot;reference&quot;:&quot;auto&quot;,&quot;class&quot;:&quot;&quot;,&quot;count&quot;:&quot;9&quot;,&quot;legendonly&quot;:&quot;&quot;,&quot;readonly&quot;:&quot;&quot;,&quot;score&quot;:&quot;4.6&quot;,&quot;starsonly&quot;:&quot;&quot;,&quot;best&quot;:&quot;5&quot;,&quot;gap&quot;:&quot;5&quot;,&quot;greet&quot;:&quot;Rate this product&quot;,&quot;legend&quot;:&quot;4.6\\\/5 - (9 votes)&quot;,&quot;size&quot;:&quot;24&quot;,&quot;title&quot;:&quot;Vertical Plastic Film Dryer Machine&quot;,&quot;width&quot;:&quot;130.9&quot;,&quot;_legend&quot;:&quot;{score}\\\/{best} - ({count} {votes})&quot;,&quot;font_factor&quot;:&quot;1.25&quot;}'>              <div class=\"kksr-stars\">      <div class=\"kksr-stars-inactive\">             <div class=\"kksr-star\" data-star=\"1\" style=\"padding-right: 5px\">               <div class=\"kksr-icon\" style=\"width: 24px; height: 24px;\"><\/div>         <\/div>             <div class=\"kksr-star\" data-star=\"2\" style=\"padding-right: 5px\">               <div class=\"kksr-icon\" style=\"width: 24px; height: 24px;\"><\/div>         <\/div>             <div class=\"kksr-star\" data-star=\"3\" style=\"padding-right: 5px\">               <div class=\"kksr-icon\" style=\"width: 24px; height: 24px;\"><\/div>         <\/div>             <div class=\"kksr-star\" data-star=\"4\" style=\"padding-right: 5px\">               <div class=\"kksr-icon\" style=\"width: 24px; height: 24px;\"><\/div>         <\/div>             <div class=\"kksr-star\" data-star=\"5\" style=\"padding-right: 5px\">               <div class=\"kksr-icon\" style=\"width: 24px; height: 24px;\"><\/div>         <\/div>     <\/div>      <div class=\"kksr-stars-active\" style=\"width: 130.9px;\">             <div class=\"kksr-star\" style=\"padding-right: 5px\">               <div class=\"kksr-icon\" style=\"width: 24px; height: 24px;\"><\/div>         <\/div>             <div class=\"kksr-star\" style=\"padding-right: 5px\">               <div class=\"kksr-icon\" style=\"width: 24px; height: 24px;\"><\/div>         <\/div>             <div class=\"kksr-star\" style=\"padding-right: 5px\">               <div class=\"kksr-icon\" style=\"width: 24px; height: 24px;\"><\/div>         <\/div>             <div class=\"kksr-star\" style=\"padding-right: 5px\">               <div class=\"kksr-icon\" style=\"width: 24px; height: 24px;\"><\/div>         <\/div>             <div class=\"kksr-star\" style=\"padding-right: 5px\">               <div class=\"kksr-icon\" style=\"width: 24px; height: 24px;\"><\/div>         <\/div>     <\/div> <\/div>                   <div class=\"kksr-legend\" style=\"font-size: 19.2px;\">             4,6\/5 - (9 oy)    <\/div>     <\/div>  <p>Plastik film kurutma makinesi, plastik geri d\u00f6n\u00fc\u015f\u00fcm s\u00fcrecindeki en \u00f6nemli cihazlardan biridir. Plastik hurdadaki suyu uzakla\u015ft\u0131racak, baz\u0131 m\u00fc\u015fteriler \u00e7ok daha temiz plastik tala\u015flar yapmak i\u00e7in y\u0131kama tanklar\u0131yla e\u015fle\u015fen birden fazla plastik hurda kurutma makinesi haz\u0131rlamak istiyor.<\/p>    <figure class=\"wp-block-embed is-type-video is-provider-youtube wp-block-embed-youtube wp-embed-aspect-16-9 wp-has-aspect-ratio\"><div class=\"wp-block-embed__wrapper\"> <iframe loading=\"lazy\" title=\"Plastik Geri D\u00f6n\u00fc\u015f\u00fcm Fabrikalar\u0131 i\u00e7in Dikey Kald\u0131rma ve Susuzla\u015ft\u0131rma Makinesi\" width=\"500\" height=\"281\" src=\"https:\/\/www.youtube.com\/embed\/b9OoE2BIFGA?feature=oembed\" frameborder=\"0\" allow=\"accelerometer; autoplay; clipboard-write; encrypted-media; gyroscope; picture-in-picture; web-share\" referrerpolicy=\"strict-origin-when-cross-origin\" allowfullscreen><\/iframe> <\/div><\/figure>    <h2 class=\"wp-block-heading\" id=\"h-application-of-plastic-film-dryer-machine\">Plastik film kurutma makinesinin uygulanmas\u0131<\/h2>    <p class=\"translation-block\">Plastik kurutucu, havuzun sonunda kurutma i\u015flevine sahiptir. Dikey kurutucu, k\u0131r\u0131nt\u0131 halinde k\u0131rp\u0131lm\u0131\u015f ve temizlenmi\u015f plastik film, at\u0131k dokuma \u00e7uval\u0131, plastik po\u015fetler ve di\u011fer malzemelerin kurutulmas\u0131 i\u00e7in kullan\u0131l\u0131r. Plastik gran\u00fclasyon s\u00fcrecinde, <a href=\"https:\/\/plastic-machines.org\/tr\/product\/plastic-extruder-machine\/\">plastik pelet makinesi<\/a> giri\u015findeki plastik kurutulmal\u0131, bu nedenle plastik kurutma, <a href=\"https:\/\/plastic-machines.org\/tr\/product\/plastic-granulating-line\/\">plastik gran\u00fcl hatt\u0131<\/a> i\u00e7in vazge\u00e7ilmez bir ekipmand\u0131r. Kurutulan plastik par\u00e7alar automatik bantl\u0131 konvey\u00f6r ile pelet ekstr\u00fcderine girer.<\/p>    <h2 class=\"wp-block-heading\">Plastik kurutucu makinesinin \u00e7al\u0131\u015fma prensibi<\/h2>    <p>Plastik film kurutucusu tek g\u00fc\u00e7le \u00e7al\u0131\u015f\u0131r, dik olarak ta\u015f\u0131n\u0131r ve bir y\u00f6nlendirme cihaz\u0131yla donat\u0131lm\u0131\u015ft\u0131r. Plastik kurutucunun i\u00e7inde y\u00fcksek kaliteli bir filtre ekran\u0131 bulunmaktad\u0131r. Filtre s\u00fczgeci \u00e7al\u0131\u015fma s\u0131ras\u0131nda y\u00fcksek h\u0131zda d\u00f6ner ve plastik, y\u00fcksek h\u0131zl\u0131 merkezka\u00e7 kuvvetiyle kurutulur. Ekipman\u0131n \u00e7al\u0131\u015fma h\u0131z\u0131 900-1500r\/dak'd\u0131r. Shuliy Machinery \u00f6zelle\u015ftirilmi\u015f hizmetleri destekler. Plastik hurda kurutma makinesinin h\u0131z\u0131n\u0131 artt\u0131rmak i\u00e7in m\u00fc\u015fteri ihtiya\u00e7lar\u0131na g\u00f6re h\u0131zland\u0131r\u0131c\u0131 eklenebilir.<\/p>   <div class=\"wp-block-image\"> <figure class=\"aligncenter size-full\"><img loading=\"lazy\" decoding=\"async\" width=\"720\" height=\"540\" src=\"https:\/\/plastic-machines.org\/wp-content\/uploads\/2022\/07\/inside-structure-of-plastic-dryer.webp\" alt=\"plastik kurutucunun i\u00e7 yap\u0131s\u0131\" class=\"wp-image-266\" srcset=\"https:\/\/plastic-machines.org\/wp-content\/uploads\/2022\/07\/inside-structure-of-plastic-dryer.webp 720w, https:\/\/plastic-machines.org\/wp-content\/uploads\/2022\/07\/inside-structure-of-plastic-dryer-300x225.webp 300w\" sizes=\"auto, (max-width: 720px) 100vw, 720px\" \/><figcaption class=\"wp-element-caption\">plastik kurutucunun i\u00e7 yap\u0131s\u0131<\/figcaption><\/figure> <\/div>  <div class=\"wp-block-image\"> <figure class=\"aligncenter size-full\"><img loading=\"lazy\" decoding=\"async\" width=\"720\" height=\"540\" src=\"https:\/\/plastic-machines.org\/wp-content\/uploads\/2022\/07\/filter.webp\" alt=\"plastik kurutma makinesinin filtresi\" class=\"wp-image-267\" srcset=\"https:\/\/plastic-machines.org\/wp-content\/uploads\/2022\/07\/filter.webp 720w, https:\/\/plastic-machines.org\/wp-content\/uploads\/2022\/07\/filter-300x225.webp 300w\" sizes=\"auto, (max-width: 720px) 100vw, 720px\" \/><figcaption class=\"wp-element-caption\">plastik susuzla\u015ft\u0131rma makinesinin filtresi<\/figcaption><\/figure> <\/div>  <div class=\"wp-block-image\"> <figure class=\"aligncenter size-full\"><img loading=\"lazy\" decoding=\"async\" width=\"720\" height=\"540\" src=\"https:\/\/plastic-machines.org\/wp-content\/uploads\/2022\/07\/structure-details.webp\" alt=\"plastik kurutucunun yap\u0131 detaylar\u0131\" class=\"wp-image-268\" srcset=\"https:\/\/plastic-machines.org\/wp-content\/uploads\/2022\/07\/structure-details.webp 720w, https:\/\/plastic-machines.org\/wp-content\/uploads\/2022\/07\/structure-details-300x225.webp 300w\" sizes=\"auto, (max-width: 720px) 100vw, 720px\" \/><figcaption class=\"wp-element-caption\">yap\u0131 detaylar\u0131<\/figcaption><\/figure> <\/div>   <h2 class=\"wp-block-heading\">Plastik kurutma makinesinin parametreleri<\/h2>    <p>En \u00e7ok sat\u0131lan modeller SL-500 ve SL-600'd\u00fcr, taleplerinize g\u00f6re size uygun modeli \u00f6nerece\u011fiz.<\/p>    <figure class=\"wp-block-table\"><table><tbody><tr><td>Modeli<\/td><td>SL-500<\/td><td>SL-600<\/td><\/tr><tr><td>G\u00fc\u00e7<\/td><td>7,5 kW<\/td><td>15kw<\/td><\/tr><\/tbody><\/table><\/figure>    <h2 class=\"wp-block-heading\">Plastik film susuzla\u015ft\u0131rma makinesi fabrika ekran\u0131<\/h2>    <p>Plastik kurutma makineleri art\u0131k tamamen stoklanm\u0131\u015ft\u0131r ve hemen sevkiyata haz\u0131rd\u0131r. Geri d\u00f6n\u00fc\u015f\u00fcm makinesiyle ilgileniyorsan\u0131z, bize dan\u0131\u015fabilirsiniz; size en k\u0131sa s\u00fcrede bir makine teklifi g\u00f6nderece\u011fiz.<\/p>    <figure class=\"wp-block-gallery has-nested-images columns-default is-cropped wp-block-gallery-2 is-layout-flex wp-block-gallery-is-layout-flex\"> <figure class=\"wp-block-image size-large\"><img loading=\"lazy\" decoding=\"async\" width=\"540\" height=\"720\" data-id=\"264\" src=\"https:\/\/plastic-machines.org\/wp-content\/uploads\/2022\/07\/placed-after-a-washing-tank.webp\" alt=\"plastik kurutucu bir y\u0131kama tank\u0131n\u0131n arkas\u0131na yerle\u015ftirilir\" class=\"wp-image-264\" srcset=\"https:\/\/plastic-machines.org\/wp-content\/uploads\/2022\/07\/placed-after-a-washing-tank.webp 540w, https:\/\/plastic-machines.org\/wp-content\/uploads\/2022\/07\/placed-after-a-washing-tank-225x300.webp 225w\" sizes=\"auto, (max-width: 540px) 100vw, 540px\" \/><figcaption class=\"wp-element-caption\">y\u0131kama tank\u0131n\u0131n arkas\u0131na yerle\u015ftirilir<\/figcaption><\/figure>    <figure class=\"wp-block-image size-large\"><img loading=\"lazy\" decoding=\"async\" width=\"540\" height=\"720\" data-id=\"265\" src=\"https:\/\/plastic-machines.org\/wp-content\/uploads\/2022\/07\/plastic-drying-machine-.webp\" alt=\"plastik kurutma makinesi\" class=\"wp-image-265\" srcset=\"https:\/\/plastic-machines.org\/wp-content\/uploads\/2022\/07\/plastic-drying-machine-.webp 540w, https:\/\/plastic-machines.org\/wp-content\/uploads\/2022\/07\/plastic-drying-machine--225x300.webp 225w\" sizes=\"auto, (max-width: 540px) 100vw, 540px\" \/><figcaption class=\"wp-element-caption\">plastik kurutma makinesi<\/figcaption><\/figure> <\/figure>    <figure class=\"wp-block-gallery has-nested-images columns-default is-cropped wp-block-gallery-3 is-layout-flex wp-block-gallery-is-layout-flex\"> <figure class=\"wp-block-image size-large\"><img loading=\"lazy\" decoding=\"async\" width=\"720\" height=\"540\" data-id=\"269\" src=\"https:\/\/plastic-machines.org\/wp-content\/uploads\/2022\/07\/plastic-film-dryer-machine-in-plant.webp\" alt=\"tesisteki plastik film kurutma makinesi\" class=\"wp-image-269\" srcset=\"https:\/\/plastic-machines.org\/wp-content\/uploads\/2022\/07\/plastic-film-dryer-machine-in-plant.webp 720w, https:\/\/plastic-machines.org\/wp-content\/uploads\/2022\/07\/plastic-film-dryer-machine-in-plant-300x225.webp 300w\" sizes=\"auto, (max-width: 720px) 100vw, 720px\" \/><figcaption class=\"wp-element-caption\">tesisteki plastik film kurutma makinesi<\/figcaption><\/figure>    <figure class=\"wp-block-image size-large\"><img loading=\"lazy\" decoding=\"async\" width=\"720\" height=\"540\" data-id=\"270\" src=\"https:\/\/plastic-machines.org\/wp-content\/uploads\/2022\/07\/vertical-dryer.webp\" alt=\"dikey plastik kurutucu\" class=\"wp-image-270\" srcset=\"https:\/\/plastic-machines.org\/wp-content\/uploads\/2022\/07\/vertical-dryer.webp 720w, https:\/\/plastic-machines.org\/wp-content\/uploads\/2022\/07\/vertical-dryer-300x225.webp 300w\" sizes=\"auto, (max-width: 720px) 100vw, 720px\" \/><figcaption class=\"wp-element-caption\">dikey susuzla\u015ft\u0131rma makinesi<\/figcaption><\/figure> <\/figure>    <h2 class=\"wp-block-heading\">Bir at\u0131k plastik i\u015fleme hatt\u0131 se\u00e7in <\/h2>    <p class=\"translation-block\">Kurutucu makinesi her zaman plastik peletleme hatt\u0131nda ve<a href=\"https:\/\/en.wikipedia.org\/wiki\/Polyethylene_terephthalate\" target=\"_blank\" rel=\"noopener\"> PET<\/a> y\u0131kama hatt\u0131nda kullan\u0131l\u0131r; plastik levhalar\u0131 zaman\u0131nda kurutmak i\u00e7in her zaman bir <a href=\"https:\/\/plastic-machines.org\/tr\/product\/plastic-film-washing-machine\/\">y\u0131kama tank\u0131<\/a> ile ba\u011flant\u0131l\u0131d\u0131r. Giderme makinelerinin ve y\u0131kama tanklar\u0131n\u0131n say\u0131s\u0131, plastik temizli\u011finize ba\u011fl\u0131 olarak belirlenebilir.<\/p>   <div class=\"wp-block-image\"> <figure class=\"aligncenter size-full\"><img loading=\"lazy\" decoding=\"async\" width=\"720\" height=\"540\" src=\"https:\/\/plastic-machines.org\/wp-content\/uploads\/2022\/07\/washing-tank.webp\" alt=\"\" class=\"wp-image-257\" srcset=\"https:\/\/plastic-machines.org\/wp-content\/uploads\/2022\/07\/washing-tank.webp 720w, https:\/\/plastic-machines.org\/wp-content\/uploads\/2022\/07\/washing-tank-300x225.webp 300w\" sizes=\"auto, (max-width: 720px) 100vw, 720px\" \/><figcaption class=\"wp-element-caption\">plastik film kurutma makinesi ve y\u0131kama tank\u0131<\/figcaption><\/figure> <\/div>","protected":false},"excerpt":{"rendered":"<p>A plastic film dryer machine is one of the most important devices in the plastic recycling process. It will remove the water from the plastic scrap, some customer would like to prepare more than one plastic scrap dryer machines, which match their washing tanks to make much cleaner plastic chips. Application of plastic film dryer [&hellip;]<\/p>\n","protected":false},"author":1,"featured_media":456,"parent":0,"template":"","tags":[57,49],"product-type":[14],"class_list":["post-262","product","type-product","status-publish","has-post-thumbnail","hentry","tag-dry","tag-film","product-type-plastic-cleaning-drying-equipment"],"taxonomy_info":{"post_tag":[{"value":57,"label":"dry"},{"value":49,"label":"film"}],"product-type":[{"value":14,"label":"Plastic Cleaning&amp;Drying equipment"}]},"featured_image_src_large":["https:\/\/plastic-machines.org\/wp-content\/uploads\/2022\/06\/vertical-dewatering-machine1.webp",720,540,false],"author_info":{"display_name":"Ella","author_link":"https:\/\/plastic-machines.org\/tr\/author\/admin\/"},"comment_info":"","_links":{"self":[{"href":"https:\/\/plastic-machines.org\/tr\/wp-json\/wp\/v2\/product\/262","targetHints":{"allow":["GET"]}}],"collection":[{"href":"https:\/\/plastic-machines.org\/tr\/wp-json\/wp\/v2\/product"}],"about":[{"href":"https:\/\/plastic-machines.org\/tr\/wp-json\/wp\/v2\/types\/product"}],"author":[{"embeddable":true,"href":"https:\/\/plastic-machines.org\/tr\/wp-json\/wp\/v2\/users\/1"}],"wp:featuredmedia":[{"embeddable":true,"href":"https:\/\/plastic-machines.org\/tr\/wp-json\/wp\/v2\/media\/456"}],"wp:attachment":[{"href":"https:\/\/plastic-machines.org\/tr\/wp-json\/wp\/v2\/media?parent=262"}],"wp:term":[{"taxonomy":"post_tag","embeddable":true,"href":"https:\/\/plastic-machines.org\/tr\/wp-json\/wp\/v2\/tags?post=262"},{"taxonomy":"product-type","embeddable":true,"href":"https:\/\/plastic-machines.org\/tr\/wp-json\/wp\/v2\/product-type?post=262"}],"curies":[{"name":"wp","href":"https:\/\/api.w.org\/{rel}","templated":true}]}}