{"id":251,"date":"2022-07-07T03:45:17","date_gmt":"2022-07-07T03:45:17","guid":{"rendered":"https:\/\/plastic-machines.org\/?post_type=product&#038;p=251"},"modified":"2025-11-18T09:39:23","modified_gmt":"2025-11-18T01:39:23","slug":"plastic-film-washing-machine","status":"publish","type":"product","link":"https:\/\/plastic-machines.org\/tr\/product\/plastic-film-washing-machine\/","title":{"rendered":"LDPE PP geri d\u00f6n\u00fc\u015f\u00fcm tesisi i\u00e7in Plastik Film Y\u0131kama Makinesi"},"content":{"rendered":"<div class=\"kk-star-ratings kksr-auto kksr-align-left kksr-valign-top\"     data-payload='{&quot;align&quot;:&quot;left&quot;,&quot;id&quot;:&quot;251&quot;,&quot;slug&quot;:&quot;default&quot;,&quot;valign&quot;:&quot;top&quot;,&quot;ignore&quot;:&quot;&quot;,&quot;reference&quot;:&quot;auto&quot;,&quot;class&quot;:&quot;&quot;,&quot;count&quot;:&quot;5&quot;,&quot;legendonly&quot;:&quot;&quot;,&quot;readonly&quot;:&quot;&quot;,&quot;score&quot;:&quot;5&quot;,&quot;starsonly&quot;:&quot;&quot;,&quot;best&quot;:&quot;5&quot;,&quot;gap&quot;:&quot;5&quot;,&quot;greet&quot;:&quot;Rate this product&quot;,&quot;legend&quot;:&quot;5\\\/5 - (5 votes)&quot;,&quot;size&quot;:&quot;24&quot;,&quot;title&quot;:&quot;Plastic Film Washing Machine for LDPE PP recycling plant&quot;,&quot;width&quot;:&quot;142.5&quot;,&quot;_legend&quot;:&quot;{score}\\\/{best} - ({count} {votes})&quot;,&quot;font_factor&quot;:&quot;1.25&quot;}'>              <div class=\"kksr-stars\">      <div class=\"kksr-stars-inactive\">             <div class=\"kksr-star\" data-star=\"1\" style=\"padding-right: 5px\">               <div class=\"kksr-icon\" style=\"width: 24px; height: 24px;\"><\/div>         <\/div>             <div class=\"kksr-star\" data-star=\"2\" style=\"padding-right: 5px\">               <div class=\"kksr-icon\" style=\"width: 24px; height: 24px;\"><\/div>         <\/div>             <div class=\"kksr-star\" data-star=\"3\" style=\"padding-right: 5px\">               <div class=\"kksr-icon\" style=\"width: 24px; height: 24px;\"><\/div>         <\/div>             <div class=\"kksr-star\" data-star=\"4\" style=\"padding-right: 5px\">               <div class=\"kksr-icon\" style=\"width: 24px; height: 24px;\"><\/div>         <\/div>             <div class=\"kksr-star\" data-star=\"5\" style=\"padding-right: 5px\">               <div class=\"kksr-icon\" style=\"width: 24px; height: 24px;\"><\/div>         <\/div>     <\/div>      <div class=\"kksr-stars-active\" style=\"width: 142.5px;\">             <div class=\"kksr-star\" style=\"padding-right: 5px\">               <div class=\"kksr-icon\" style=\"width: 24px; height: 24px;\"><\/div>         <\/div>             <div class=\"kksr-star\" style=\"padding-right: 5px\">               <div class=\"kksr-icon\" style=\"width: 24px; height: 24px;\"><\/div>         <\/div>             <div class=\"kksr-star\" style=\"padding-right: 5px\">               <div class=\"kksr-icon\" style=\"width: 24px; height: 24px;\"><\/div>         <\/div>             <div class=\"kksr-star\" style=\"padding-right: 5px\">               <div class=\"kksr-icon\" style=\"width: 24px; height: 24px;\"><\/div>         <\/div>             <div class=\"kksr-star\" style=\"padding-right: 5px\">               <div class=\"kksr-icon\" style=\"width: 24px; height: 24px;\"><\/div>         <\/div>     <\/div> <\/div>                   <div class=\"kksr-legend\" style=\"font-size: 19.2px;\">             5\/5 - (5 oy)    <\/div>     <\/div>  <p>Plastik film y\u0131kama makinesi, plastik par\u00e7alar\u0131n durulanmas\u0131 ve plastikten etiket kal\u0131nt\u0131s\u0131n\u0131n \u00e7\u0131kar\u0131lmas\u0131 i\u00e7in plastik film geri d\u00f6n\u00fc\u015f\u00fcm hatlar\u0131nda kullan\u0131lan yayg\u0131n plastik temizleme ekipmanlar\u0131ndan biridir. Plastik y\u0131kama tank\u0131, paslanmas\u0131 kolay olmayan ve uzun \u00f6m\u00fcrl\u00fc olan paslanmaz \u00e7elikten yap\u0131lm\u0131\u015ft\u0131r.<\/p>    <figure class=\"wp-block-embed is-type-video is-provider-youtube wp-block-embed-youtube wp-embed-aspect-16-9 wp-has-aspect-ratio\"><div class=\"wp-block-embed__wrapper\"> <iframe loading=\"lazy\" title=\"PP LDPE HDPE Film Pullar\u0131n\u0131n Geri D\u00f6n\u00fc\u015f\u00fcm\u00fc i\u00e7in Plastik Durulama Tank\u0131\" width=\"500\" height=\"281\" src=\"https:\/\/www.youtube.com\/embed\/jxk0iCaV3PE?start=30&#038;feature=oembed\" frameborder=\"0\" allow=\"accelerometer; autoplay; clipboard-write; encrypted-media; gyroscope; picture-in-picture; web-share\" referrerpolicy=\"strict-origin-when-cross-origin\" allowfullscreen><\/iframe> <\/div><\/figure>    <h2 class=\"wp-block-heading\" id=\"h-application-of-plastic-film-washing-machine\">Plastik film \u00e7ama\u015f\u0131r makinesinin uygulanmas\u0131<\/h2>    <p class=\"translation-block\">PE film y\u0131kama makinesi esasen plastik film par\u00e7alar\u0131n\u0131 temizler. Plastik film par\u00e7alama makinesi at\u0131k plastik torbalar\u0131 par\u00e7alad\u0131ktan sonra, plastik at\u0131k hala kirli kal\u0131r. Plastik torban\u0131n \u00fczerinde bir\u00e7ok ya\u011f lekesi, toz, boya ve di\u011fer lekeler bulundu\u011fundan, <a href=\"https:\/\/plastic-machines.org\/tr\/product\/plastic-granulating-line\/\">gran\u00fclleme<\/a> \u00f6ncesinde temizlenmesi gerekir. Bu nedenle, geri d\u00f6n\u00fc\u015ft\u00fcr\u00fclen peletlerin kalitesini art\u0131rmak ve ekonomik verimlili\u011fi art\u0131rmak i\u00e7in plastik temizleme tank\u0131na g\u00f6nderilmesi \u00e7ok gereklidir.<\/p>    <h2 class=\"wp-block-heading\">Plastik \u00e7ama\u015f\u0131r makinesinin \u00e7al\u0131\u015fma prensibi<\/h2>    <p>Plastik geri d\u00f6n\u00fc\u015f\u00fcm \u00e7ama\u015f\u0131r makinesi esas olarak su deposu, d\u00f6ner di\u015fli, drenaj portu ve di\u011fer yap\u0131lardan olu\u015fur. Plastik par\u00e7a su tank\u0131na girdi\u011finde, d\u00f6nen di\u015fliler b\u00fcy\u00fck miktarda plasti\u011fi d\u00f6nme s\u0131ras\u0131nda tak\u0131larak temizlenecek ve bir sonraki di\u015fliye aktaracakt\u0131r. Su deposuna toplam on adet di\u015fli tak\u0131lm\u0131\u015ft\u0131r ve dairesel yuvarlanma, plasti\u011fin temiz olmas\u0131n\u0131 sa\u011flayacakt\u0131r.<\/p>    <figure class=\"wp-block-gallery has-nested-images columns-default is-cropped wp-block-gallery-2 is-layout-flex wp-block-gallery-is-layout-flex\"> <figure class=\"wp-block-image size-large\"><img loading=\"lazy\" decoding=\"async\" width=\"720\" height=\"540\" data-id=\"255\" src=\"https:\/\/plastic-machines.org\/wp-content\/uploads\/2022\/07\/rotating-gear.webp\" alt=\"plastik film \u00e7ama\u015f\u0131r makinesinin d\u00f6nen di\u015flileri\" class=\"wp-image-255\" srcset=\"https:\/\/plastic-machines.org\/wp-content\/uploads\/2022\/07\/rotating-gear.webp 720w, https:\/\/plastic-machines.org\/wp-content\/uploads\/2022\/07\/rotating-gear-300x225.webp 300w\" sizes=\"auto, (max-width: 720px) 100vw, 720px\" \/><figcaption class=\"wp-element-caption\">d\u00f6nen di\u015fliler<\/figcaption><\/figure>    <figure class=\"wp-block-image size-large\"><img loading=\"lazy\" decoding=\"async\" width=\"720\" height=\"540\" data-id=\"256\" src=\"https:\/\/plastic-machines.org\/wp-content\/uploads\/2022\/07\/drainage-port-on-the-tank.webp\" alt=\"plastik durulama tank\u0131ndaki drenaj portu\" class=\"wp-image-256\" srcset=\"https:\/\/plastic-machines.org\/wp-content\/uploads\/2022\/07\/drainage-port-on-the-tank.webp 720w, https:\/\/plastic-machines.org\/wp-content\/uploads\/2022\/07\/drainage-port-on-the-tank-300x225.webp 300w\" sizes=\"auto, (max-width: 720px) 100vw, 720px\" \/><figcaption class=\"wp-element-caption\">plastik film \u00e7ama\u015f\u0131r makinesindeki drenaj portu<\/figcaption><\/figure> <\/figure>    <h2 class=\"wp-block-heading\">Plastik y\u0131kama tank\u0131 fabrikas\u0131 ekran\u0131 <\/h2>    <p>Toplam 10 d\u00f6nen di\u015fli gereklidir, her iki kar\u0131\u015ft\u0131rma tekerle\u011fi aras\u0131ndaki mesafe 1,5-2 metre ve t\u00fcm makinenin uzunlu\u011fu yakla\u015f\u0131k 15-20 metredir. Y\u00fckselen makinenin rengi, m\u00fc\u015fterimizin talepleri taraf\u0131ndan \u00f6zelle\u015ftirilebilir.<\/p>    <p class=\"translation-block\">Tam bir <a href=\"https:\/\/plastic-machines.org\/tr\/product\/plastic-granulating-line\/\">plastik geri d\u00f6n\u00fc\u015f\u00fcm hatt\u0131nda<\/a>, durulama tank\u0131 her zaman bir <a href=\"https:\/\/plastic-machines.org\/tr\/product\/plastic-film-dryer-machine\/\">su giderme makinesi<\/a> ile ba\u011flant\u0131l\u0131d\u0131r; bu, tanktaki malzemeleri kald\u0131rmak ve fazladan suyu \u00e7\u0131karmak i\u00e7in kullan\u0131l\u0131r.<\/p>    <figure class=\"wp-block-gallery has-nested-images columns-default is-cropped wp-block-gallery-3 is-layout-flex wp-block-gallery-is-layout-flex\"> <figure class=\"wp-block-image size-large\"><img loading=\"lazy\" decoding=\"async\" width=\"720\" height=\"540\" data-id=\"257\" src=\"https:\/\/plastic-machines.org\/wp-content\/uploads\/2022\/07\/washing-tank.webp\" alt=\"PP PE LDPE geri d\u00f6n\u00fc\u015f\u00fcm i\u00e7in y\u0131kama tank\u0131 \" class=\"wp-image-257\" srcset=\"https:\/\/plastic-machines.org\/wp-content\/uploads\/2022\/07\/washing-tank.webp 720w, https:\/\/plastic-machines.org\/wp-content\/uploads\/2022\/07\/washing-tank-300x225.webp 300w\" sizes=\"auto, (max-width: 720px) 100vw, 720px\" \/><figcaption class=\"wp-element-caption\">y\u0131kama tank\u0131<\/figcaption><\/figure>    <figure class=\"wp-block-image size-large\"><img loading=\"lazy\" decoding=\"async\" width=\"720\" height=\"540\" data-id=\"258\" src=\"https:\/\/plastic-machines.org\/wp-content\/uploads\/2022\/07\/plastic-washing-machine.webp\" alt=\"plastik film \u00e7ama\u015f\u0131r makinesi\" class=\"wp-image-258\" srcset=\"https:\/\/plastic-machines.org\/wp-content\/uploads\/2022\/07\/plastic-washing-machine.webp 720w, https:\/\/plastic-machines.org\/wp-content\/uploads\/2022\/07\/plastic-washing-machine-300x225.webp 300w\" sizes=\"auto, (max-width: 720px) 100vw, 720px\" \/><figcaption class=\"wp-element-caption\">plastik \u00e7ama\u015f\u0131r makinesi<\/figcaption><\/figure> <\/figure>    <figure class=\"wp-block-gallery has-nested-images columns-default is-cropped wp-block-gallery-4 is-layout-flex wp-block-gallery-is-layout-flex\"> <figure class=\"wp-block-image size-large\"><img loading=\"lazy\" decoding=\"async\" width=\"720\" height=\"540\" data-id=\"259\" src=\"https:\/\/plastic-machines.org\/wp-content\/uploads\/2022\/07\/plastic-rinsing-tank.webp\" alt=\"plastik durulama tank\u0131\" class=\"wp-image-259\" srcset=\"https:\/\/plastic-machines.org\/wp-content\/uploads\/2022\/07\/plastic-rinsing-tank.webp 720w, https:\/\/plastic-machines.org\/wp-content\/uploads\/2022\/07\/plastic-rinsing-tank-300x225.webp 300w\" sizes=\"auto, (max-width: 720px) 100vw, 720px\" \/><figcaption class=\"wp-element-caption\">plastik durulama tank\u0131<\/figcaption><\/figure>    <figure class=\"wp-block-image size-large\"><img loading=\"lazy\" decoding=\"async\" width=\"720\" height=\"540\" data-id=\"260\" src=\"https:\/\/plastic-machines.org\/wp-content\/uploads\/2022\/07\/rotating-gears.webp\" alt=\"plastik \u00e7ama\u015f\u0131r makinesinin d\u00f6nen di\u015flileri\" class=\"wp-image-260\" srcset=\"https:\/\/plastic-machines.org\/wp-content\/uploads\/2022\/07\/rotating-gears.webp 720w, https:\/\/plastic-machines.org\/wp-content\/uploads\/2022\/07\/rotating-gears-300x225.webp 300w\" sizes=\"auto, (max-width: 720px) 100vw, 720px\" \/><figcaption class=\"wp-element-caption\">d\u00f6nen di\u015fliler<\/figcaption><\/figure> <\/figure>","protected":false},"excerpt":{"rendered":"<p>A plastic film washing machine is one of the common plastic cleaning equipment used in plastic film recycling lines for rinsing plastic shreds and removing sticker residue from plastic. The plastic washing tank is made of stainless steel, which is not easy to rust and has a long service life. Application of plastic film washing [&hellip;]<\/p>\n","protected":false},"author":1,"featured_media":455,"parent":0,"template":"","tags":[57,49,37,44],"product-type":[14],"class_list":["post-251","product","type-product","status-publish","has-post-thumbnail","hentry","tag-dry","tag-film","tag-hdpe","tag-pp","product-type-plastic-cleaning-drying-equipment"],"taxonomy_info":{"post_tag":[{"value":57,"label":"dry"},{"value":49,"label":"film"},{"value":37,"label":"HDPE"},{"value":44,"label":"PP"}],"product-type":[{"value":14,"label":"Plastic Cleaning&amp;Drying equipment"}]},"featured_image_src_large":["https:\/\/plastic-machines.org\/wp-content\/uploads\/2022\/06\/rinsing-tank1.webp",720,540,false],"author_info":{"display_name":"Ella","author_link":"https:\/\/plastic-machines.org\/tr\/author\/admin\/"},"comment_info":"","_links":{"self":[{"href":"https:\/\/plastic-machines.org\/tr\/wp-json\/wp\/v2\/product\/251","targetHints":{"allow":["GET"]}}],"collection":[{"href":"https:\/\/plastic-machines.org\/tr\/wp-json\/wp\/v2\/product"}],"about":[{"href":"https:\/\/plastic-machines.org\/tr\/wp-json\/wp\/v2\/types\/product"}],"author":[{"embeddable":true,"href":"https:\/\/plastic-machines.org\/tr\/wp-json\/wp\/v2\/users\/1"}],"wp:featuredmedia":[{"embeddable":true,"href":"https:\/\/plastic-machines.org\/tr\/wp-json\/wp\/v2\/media\/455"}],"wp:attachment":[{"href":"https:\/\/plastic-machines.org\/tr\/wp-json\/wp\/v2\/media?parent=251"}],"wp:term":[{"taxonomy":"post_tag","embeddable":true,"href":"https:\/\/plastic-machines.org\/tr\/wp-json\/wp\/v2\/tags?post=251"},{"taxonomy":"product-type","embeddable":true,"href":"https:\/\/plastic-machines.org\/tr\/wp-json\/wp\/v2\/product-type?post=251"}],"curies":[{"name":"wp","href":"https:\/\/api.w.org\/{rel}","templated":true}]}}