{"id":2009,"date":"2026-01-15T14:46:03","date_gmt":"2026-01-15T06:46:03","guid":{"rendered":"https:\/\/plastic-machines.org\/?post_type=product&#038;p=2009"},"modified":"2026-01-16T09:42:32","modified_gmt":"2026-01-16T01:42:32","slug":"horizontal-waste-tire-baler","status":"publish","type":"product","link":"https:\/\/plastic-machines.org\/tr\/product\/horizontal-waste-tire-baler\/","title":{"rendered":"Yatay At\u0131k Lastik Presi"},"content":{"rendered":"<div class=\"kk-star-ratings kksr-auto kksr-align-left kksr-valign-top\"     data-payload='{&quot;align&quot;:&quot;left&quot;,&quot;id&quot;:&quot;2009&quot;,&quot;slug&quot;:&quot;default&quot;,&quot;valign&quot;:&quot;top&quot;,&quot;ignore&quot;:&quot;&quot;,&quot;reference&quot;:&quot;auto&quot;,&quot;class&quot;:&quot;&quot;,&quot;count&quot;:&quot;2&quot;,&quot;legendonly&quot;:&quot;&quot;,&quot;readonly&quot;:&quot;&quot;,&quot;score&quot;:&quot;5&quot;,&quot;starsonly&quot;:&quot;&quot;,&quot;best&quot;:&quot;5&quot;,&quot;gap&quot;:&quot;5&quot;,&quot;greet&quot;:&quot;Rate this product&quot;,&quot;legend&quot;:&quot;5\\\/5 - (2 votes)&quot;,&quot;size&quot;:&quot;24&quot;,&quot;title&quot;:&quot;Horizontal Waste Tire Baler&quot;,&quot;width&quot;:&quot;142.5&quot;,&quot;_legend&quot;:&quot;{score}\\\/{best} - ({count} {votes})&quot;,&quot;font_factor&quot;:&quot;1.25&quot;}'>              <div class=\"kksr-stars\">      <div class=\"kksr-stars-inactive\">             <div class=\"kksr-star\" data-star=\"1\" style=\"padding-right: 5px\">               <div class=\"kksr-icon\" style=\"width: 24px; height: 24px;\"><\/div>         <\/div>             <div class=\"kksr-star\" data-star=\"2\" style=\"padding-right: 5px\">               <div class=\"kksr-icon\" style=\"width: 24px; height: 24px;\"><\/div>         <\/div>             <div class=\"kksr-star\" data-star=\"3\" style=\"padding-right: 5px\">               <div class=\"kksr-icon\" style=\"width: 24px; height: 24px;\"><\/div>         <\/div>             <div class=\"kksr-star\" data-star=\"4\" style=\"padding-right: 5px\">               <div class=\"kksr-icon\" style=\"width: 24px; height: 24px;\"><\/div>         <\/div>             <div class=\"kksr-star\" data-star=\"5\" style=\"padding-right: 5px\">               <div class=\"kksr-icon\" style=\"width: 24px; height: 24px;\"><\/div>         <\/div>     <\/div>      <div class=\"kksr-stars-active\" style=\"width: 142.5px;\">             <div class=\"kksr-star\" style=\"padding-right: 5px\">               <div class=\"kksr-icon\" style=\"width: 24px; height: 24px;\"><\/div>         <\/div>             <div class=\"kksr-star\" style=\"padding-right: 5px\">               <div class=\"kksr-icon\" style=\"width: 24px; height: 24px;\"><\/div>         <\/div>             <div class=\"kksr-star\" style=\"padding-right: 5px\">               <div class=\"kksr-icon\" style=\"width: 24px; height: 24px;\"><\/div>         <\/div>             <div class=\"kksr-star\" style=\"padding-right: 5px\">               <div class=\"kksr-icon\" style=\"width: 24px; height: 24px;\"><\/div>         <\/div>             <div class=\"kksr-star\" style=\"padding-right: 5px\">               <div class=\"kksr-icon\" style=\"width: 24px; height: 24px;\"><\/div>         <\/div>     <\/div> <\/div>                   <div class=\"kksr-legend\" style=\"font-size: 19.2px;\">             5\/5 - (2 oy)    <\/div>     <\/div>  <p>Gereken lastik at\u0131klar\u0131 hacmiyle ba\u015fa \u00e7\u0131kmak, geri d\u00f6n\u00fc\u015f\u00fcm merkezleri ve piroliz tesisleri i\u00e7in birincil lojistik zorluktur. Bo\u015f hacim, ta\u015f\u0131may\u0131 maliyetli ve depolamay\u0131 verimsiz hale getirir. Shuliy 200 serisi yatay at\u0131k lastik balyac\u0131, kau\u00e7uk malzemenin y\u00fcksek geri yaylanma elastikiyetini a\u015fmak i\u00e7in \u00f6zel olarak tasarlanm\u0131\u015f brute hidrolik kuvvetiyle bu sorunu \u00e7\u00f6zer.<\/p>    <p class=\"translation-block\">Genel ama\u00e7l\u0131 karton veya <a href=\"https:\/\/plastic-machines.org\/tr\/product\/plastic-baler-machine\/\">plastik balyalar\u0131<\/a> ile kar\u015f\u0131la\u015ft\u0131r\u0131ld\u0131\u011f\u0131nda, bu makina s\u0131k\u0131\u015ft\u0131r\u0131lm\u0131\u015f lastiklerin belirli d\u0131\u015f bas\u0131nc\u0131n\u0131 kar\u015f\u0131layacak Q345\/355 yap\u0131 \u00e7eli\u011fi ile g\u00fc\u00e7lendirilmi\u015ftir.<\/p>    <figure class=\"wp-block-gallery has-nested-images columns-default is-cropped wp-block-gallery-2 is-layout-flex wp-block-gallery-is-layout-flex\"> <figure class=\"wp-block-image size-large\"><img loading=\"lazy\" decoding=\"async\" width=\"720\" height=\"540\" data-id=\"2013\" src=\"https:\/\/plastic-machines.org\/wp-content\/uploads\/2026\/01\/Scrap-tire-compactor.webp\" alt=\"Gevrek lastik s\u0131k\u0131\u015ft\u0131r\u0131c\u0131\" class=\"wp-image-2013\" srcset=\"https:\/\/plastic-machines.org\/wp-content\/uploads\/2026\/01\/Scrap-tire-compactor.webp 720w, https:\/\/plastic-machines.org\/wp-content\/uploads\/2026\/01\/Scrap-tire-compactor-300x225.webp 300w, https:\/\/plastic-machines.org\/wp-content\/uploads\/2026\/01\/Scrap-tire-compactor-16x12.webp 16w\" sizes=\"auto, (max-width: 720px) 100vw, 720px\" \/><figcaption class=\"wp-element-caption\">Gevrek lastik s\u0131k\u0131\u015ft\u0131r\u0131c\u0131<\/figcaption><\/figure>    <figure class=\"wp-block-image size-large\"><img loading=\"lazy\" decoding=\"async\" width=\"720\" height=\"540\" data-id=\"2014\" src=\"https:\/\/plastic-machines.org\/wp-content\/uploads\/2026\/01\/Tire-baler.webp\" alt=\"Lastik Balyalay\u0131c\u0131\" class=\"wp-image-2014\" srcset=\"https:\/\/plastic-machines.org\/wp-content\/uploads\/2026\/01\/Tire-baler.webp 720w, https:\/\/plastic-machines.org\/wp-content\/uploads\/2026\/01\/Tire-baler-300x225.webp 300w, https:\/\/plastic-machines.org\/wp-content\/uploads\/2026\/01\/Tire-baler-16x12.webp 16w\" sizes=\"auto, (max-width: 720px) 100vw, 720px\" \/><figcaption class=\"wp-element-caption\">Lastik Balyalay\u0131c\u0131<\/figcaption><\/figure> <\/figure>    <figure class=\"wp-block-gallery has-nested-images columns-default is-cropped wp-block-gallery-3 is-layout-flex wp-block-gallery-is-layout-flex\"> <figure class=\"wp-block-image size-large\"><img loading=\"lazy\" decoding=\"async\" width=\"720\" height=\"540\" data-id=\"2012\" src=\"https:\/\/plastic-machines.org\/wp-content\/uploads\/2026\/01\/Hydraulic-tire-baling-machine.webp\" alt=\"Hidrolik lastik balyalama makinesi\" class=\"wp-image-2012\" srcset=\"https:\/\/plastic-machines.org\/wp-content\/uploads\/2026\/01\/Hydraulic-tire-baling-machine.webp 720w, https:\/\/plastic-machines.org\/wp-content\/uploads\/2026\/01\/Hydraulic-tire-baling-machine-300x225.webp 300w, https:\/\/plastic-machines.org\/wp-content\/uploads\/2026\/01\/Hydraulic-tire-baling-machine-16x12.webp 16w\" sizes=\"auto, (max-width: 720px) 100vw, 720px\" \/><figcaption class=\"wp-element-caption\">Hidrolik lastik balyalama makinesi<\/figcaption><\/figure>    <figure class=\"wp-block-image size-large\"><img loading=\"lazy\" decoding=\"async\" width=\"720\" height=\"540\" data-id=\"2010\" src=\"https:\/\/plastic-machines.org\/wp-content\/uploads\/2026\/01\/Tire-recycling-baler.webp\" alt=\"Lastik geri d\u00f6n\u00fc\u015f\u00fcm balyas\u0131\" class=\"wp-image-2010\" srcset=\"https:\/\/plastic-machines.org\/wp-content\/uploads\/2026\/01\/Tire-recycling-baler.webp 720w, https:\/\/plastic-machines.org\/wp-content\/uploads\/2026\/01\/Tire-recycling-baler-300x225.webp 300w, https:\/\/plastic-machines.org\/wp-content\/uploads\/2026\/01\/Tire-recycling-baler-16x12.webp 16w\" sizes=\"auto, (max-width: 720px) 100vw, 720px\" \/><figcaption class=\"wp-element-caption\">Lastik geri d\u00f6n\u00fc\u015f\u00fcm balyas\u0131<\/figcaption><\/figure> <\/figure>    <figure class=\"wp-block-gallery has-nested-images columns-default is-cropped wp-block-gallery-4 is-layout-flex wp-block-gallery-is-layout-flex\"> <figure class=\"wp-block-image size-large\"><img loading=\"lazy\" decoding=\"async\" width=\"720\" height=\"540\" data-id=\"2011\" src=\"https:\/\/plastic-machines.org\/wp-content\/uploads\/2026\/01\/Horizontal-Waste-Tire-Baler.webp\" alt=\"Yatay At\u0131k Lastik Presi\" class=\"wp-image-2011\" srcset=\"https:\/\/plastic-machines.org\/wp-content\/uploads\/2026\/01\/Horizontal-Waste-Tire-Baler.webp 720w, https:\/\/plastic-machines.org\/wp-content\/uploads\/2026\/01\/Horizontal-Waste-Tire-Baler-300x225.webp 300w, https:\/\/plastic-machines.org\/wp-content\/uploads\/2026\/01\/Horizontal-Waste-Tire-Baler-16x12.webp 16w\" sizes=\"auto, (max-width: 720px) 100vw, 720px\" \/><figcaption class=\"wp-element-caption\">Yatay At\u0131k Lastik Presi<\/figcaption><\/figure>    <figure class=\"wp-block-image size-large\"><img loading=\"lazy\" decoding=\"async\" width=\"720\" height=\"540\" data-id=\"2015\" src=\"https:\/\/plastic-machines.org\/wp-content\/uploads\/2026\/01\/Horizontal-Tire-Baler.webp\" alt=\"Dikey Lastik Presleme Makinesi\" class=\"wp-image-2015\" srcset=\"https:\/\/plastic-machines.org\/wp-content\/uploads\/2026\/01\/Horizontal-Tire-Baler.webp 720w, https:\/\/plastic-machines.org\/wp-content\/uploads\/2026\/01\/Horizontal-Tire-Baler-300x225.webp 300w, https:\/\/plastic-machines.org\/wp-content\/uploads\/2026\/01\/Horizontal-Tire-Baler-16x12.webp 16w\" sizes=\"auto, (max-width: 720px) 100vw, 720px\" \/><figcaption class=\"wp-element-caption\">Dikey Lastik Presleme Makinesi<\/figcaption><\/figure> <\/figure>    <h2 class=\"wp-block-heading\">Y\u00fcksek Bas\u0131n\u00e7l\u0131 S\u0131k\u0131\u015ft\u0131rma Mimarisi<\/h2>    <p>The core competency of this equipment lies in its &#8220;Closed-End&#8221; (Door Type) design combined with a 2000KN (200 Ton) hydraulic system. For materials like tires, which have significant memory and spring-back, an open-end continuous baler often fails to achieve maximum density.<\/p>    <p>Yatay at\u0131k lastik balya makinemiz a\u011f\u0131r hizmet tipi hidrolik kap\u0131 kullan\u0131r. S\u0131k\u0131\u015ft\u0131rma d\u00f6ng\u00fcs\u00fc s\u0131ras\u0131nda kap\u0131 kilitli kal\u0131r, ana silindir (\u03a6351 mm \u00e7ap) sert bir duvara kar\u015f\u0131 tam bas\u0131n\u00e7 uygular. Bu, kau\u00e7uk i\u00e7indeki bo\u015fluklar\u0131n minimize edilmesini sa\u011flar.<\/p>    <ul class=\"wp-block-list\"> <li>Sistem Bas\u0131nc\u0131: Y\u00fcksek-d\u00fc\u015f\u00fck bas\u0131n\u00e7 2000KN\u2019ye ula\u015fan ba\u011flant\u0131.<\/li>    <li>Hidrolik Stabilite: 24 saatlik \u00e7al\u0131\u015fma d\u00f6ng\u00fclerinde ya\u011f viskozitesini korumak i\u00e7in su so\u011futma ile desteklenen \u00e7ift vanal\u0131 pompa sistemi taraf\u0131ndan sa\u011flar.<\/li> <\/ul>    <h2 class=\"wp-block-heading\">Lastik Baler Model Analizi: SLB-200T vs. SLS-200T<\/h2>    <p>Bu 200 tonluk seride tesis kapasitesine ve lojistik gereksinimlerine uyacak iki farkl\u0131 konfig\u00fcrasyon sunuyoruz.<\/p>    <p><strong>\u00d6nc\u00fc Model: SLB-200T (Y\u00fcksek Yo\u011funluk \u00c7\u0131kt\u0131s\u0131)<\/strong><\/p>    <p>Maksimum sevkiyat verimlili\u011fi gerektiren b\u00fcy\u00fck \u00f6l\u00e7ekli operasyonlar i\u00e7in tasarland\u0131.<\/p>    <ul class=\"wp-block-list\"> <li>Bale A\u011f\u0131rl\u0131\u011f\u0131: 1500 kg a\u011f\u0131rl\u0131\u011f\u0131nda b\u00fcy\u00fck balyalar \u00fcretir.<\/li>    <li>G\u00fc\u00e7: Daha b\u00fcy\u00fck hidrolik hacmi sa\u011flamak i\u00e7in 45kW ana motoru ile donat\u0131lm\u0131\u015ft\u0131r.<\/li>    <li>Bale Boyutlar\u0131: Geni\u015flik 1250 * Y\u00fckseklik 1250 * Uzunluk 1700 mm.<\/li>    <li>Verimlilik: Saatte yakla\u015f\u0131k 5 balya i\u015fleme kapasitesi (~7,5 ton\/saat). Bu model, 40HQ konteynerlerini y\u00fckleyen ihracat\u00e7\u0131lar i\u00e7in en uygun se\u00e7imdir ve konteyner ba\u015f\u0131na yakla\u015f\u0131k 26-28 ton y\u00fck ta\u015f\u0131ma kapasitesini maksimize eder.<\/li> <\/ul>    <p><strong>Standart: SLS-200T (Ekonomik \u00c7\u00f6z\u00fcm)<\/strong><\/p>    <p class=\"translation-block\">Yerel <a href=\"https:\/\/plastic-machines.org\/tr\/product\/fully-automatic-tire-recycling-line\/\">tire recycling plant lines<\/a> i\u00e7in orta \u00f6l\u00e7ekli tesislere uygun.<\/p>    <ul class=\"wp-block-list\"> <li>Yap\u0131lamayan balyalar olu\u015fturan bale a\u011f\u0131rl\u0131\u011f\u0131: 700-800 kg aras\u0131.<\/li>    <li>G\u00fc\u00e7: 37kW ana motoru kullan\u0131n.<\/li>    <li>Bale Boyutlar\u0131: Geni\u015flik 1130 * Y\u00fckseklik 850 * Uzunluk 1700 mm.<\/li>    <li>Verimlilik: Saatte 4 balya i\u015fleme (~3 ton\/saat).<\/li> <\/ul>    <h2 class=\"wp-block-heading\">Operasyonel \u0130\u015f Ak\u0131\u015f\u0131 ve Otomasyon<\/h2>    <p>Bir hat \u00fczerine hidrolik lastik balyalama makinesinin entegrasyonu, malzeme ak\u0131\u015f\u0131n\u0131 anlamay\u0131 gerektirir. Shuliy sistemi standart ekipman olarak \u00f6zel bir besleme konvey\u00f6r\u00fc (9,5 metre uzunlu\u011funda) i\u00e7erir ve manuel beslemenin g\u00fcvenlik riskini ortadan kald\u0131r\u0131r.<\/p>    <ol class=\"wp-block-list\"> <li>Besleme: Kaymaz kay\u0131\u015fl\u0131 5,5kW konvey\u00f6r, lastikleri odaya ta\u015f\u0131yarak besler.<\/li>    <li>S\u0131k\u0131\u015ft\u0131rma: PLC ak\u0131ll\u0131 kontrol paneli s\u0131k\u0131\u015ft\u0131rma d\u00f6ng\u00fcs\u00fcn\u00fc otomatik olarak y\u00f6netir.<\/li>    <li>Manuel Ba\u011flama: Balya uzunlu\u011fu (ayarlanabilir) ula\u015ft\u0131\u011f\u0131nda operat\u00f6r tel \u00fczerinde manuel olarak iplik ge\u00e7irir. SLB-200T 6-8 tel, SLS-200T ise balyay\u0131 g\u00fcvence alt\u0131na almak i\u00e7in 4 tel kullan\u0131r.<\/li>    <li>Atma: Balya at\u0131l\u0131r, forkliftle ta\u015f\u0131maya haz\u0131r olur.<\/li> <\/ol>    <h2 class=\"wp-block-heading\">Teknik \u00d6zellikler Kar\u015f\u0131la\u015ft\u0131rmas\u0131<\/h2>    <p>\u0130\u015fte tesisiniz i\u00e7in do\u011fru lastik geri d\u00f6n\u00fc\u015f\u00fcm balyac\u0131 se\u00e7menize yard\u0131mc\u0131 olacak ayr\u0131nt\u0131l\u0131 veri kar\u015f\u0131la\u015ft\u0131rmas\u0131.<\/p>    <figure class=\"wp-block-table\"><table><thead><tr><th class=\"has-text-align-left\" data-align=\"left\">Parametre<\/th><th class=\"has-text-align-left\" data-align=\"left\"><strong>SLB-200T (A\u011f\u0131r Hizmet)<\/strong><\/th><th class=\"has-text-align-left\" data-align=\"left\"><strong>SLS-200T (Standart)<\/strong><\/th><\/tr><\/thead><tbody><tr><td class=\"has-text-align-left\" data-align=\"left\"><strong>Sistem Bas\u0131nc\u0131<\/strong><\/td><td class=\"has-text-align-left\" data-align=\"left\">2000KN (200 Ton)<\/td><td class=\"has-text-align-left\" data-align=\"left\">2000KN (200 Ton)<\/td><\/tr><tr><td class=\"has-text-align-left\" data-align=\"left\"><strong>Ana Motor G\u00fcc\u00fc<\/strong><\/td><td class=\"has-text-align-left\" data-align=\"left\">45 kW<\/td><td class=\"has-text-align-left\" data-align=\"left\">37 kW<\/td><\/tr><tr><td class=\"has-text-align-left\" data-align=\"left\"><strong>Bale Boyutu (Geni\u015flik)<em>H<\/em>L)<\/strong><\/td><td class=\"has-text-align-left\" data-align=\"left\">1250 * 1250 * 1700 mm<\/td><td class=\"has-text-align-left\" data-align=\"left\">1130 * 850 * 1700 mm<\/td><\/tr><tr><td class=\"has-text-align-left\" data-align=\"left\"><strong>Bale A\u011f\u0131rl\u0131\u011f\u0131<\/strong><\/td><td class=\"has-text-align-left\" data-align=\"left\"><strong>1500 kg (At\u0131k Lastikler)<\/strong><\/td><td class=\"has-text-align-left\" data-align=\"left\"><strong>700-800 kg (At\u0131k Lastikler)<\/strong><\/td><\/tr><tr><td class=\"has-text-align-left\" data-align=\"left\"><strong>Saatlik \u00dcretim<\/strong><\/td><td class=\"has-text-align-left\" data-align=\"left\">~5 Balyaj\/saat<\/td><td class=\"has-text-align-left\" data-align=\"left\">~4 Balyaj\/saat<\/td><\/tr><tr><td class=\"has-text-align-left\" data-align=\"left\"><strong>Makine A\u011f\u0131rl\u0131\u011f\u0131<\/strong><\/td><td class=\"has-text-align-left\" data-align=\"left\">22 Ton<\/td><td class=\"has-text-align-left\" data-align=\"left\">17.5 Ton<\/td><\/tr><tr><td class=\"has-text-align-left\" data-align=\"left\"><strong>So\u011futma Sistemi<\/strong><\/td><td class=\"has-text-align-left\" data-align=\"left\">Su So\u011futma<\/td><td class=\"has-text-align-left\" data-align=\"left\">Su So\u011futma<\/td><\/tr><tr><td class=\"has-text-align-left\" data-align=\"left\"><strong>Besleme<\/strong><\/td><td class=\"has-text-align-left\" data-align=\"left\">Konvey\u00f6r (9500*1900mm)<\/td><td class=\"has-text-align-left\" data-align=\"left\">Konvey\u00f6r (9500*1750mm)<\/td><\/tr><\/tbody><\/table><\/figure>    <h2 class=\"wp-block-heading\">Yatay At\u0131k Lastik Balya Makinesi Kurulum ve Servis<\/h2>    <p>Bu yatay at\u0131k lastik balye makinesinin \u00f6nemli a\u011f\u0131rl\u0131k ve g\u00fc\u00e7 gereksinimleri nedeniyle do\u011fru kurulum kritik \u00f6neme sahiptir.<\/p>    <ul class=\"wp-block-list\"> <li>G\u00fc\u00e7 Kayna\u011f\u0131: \u00dc\u00e7 fazl\u0131 end\u00fcstriyel g\u00fc\u00e7 gerektirir.<\/li>    <li>So\u011futma: So\u011futma sistemi i\u00e7in su kayna\u011f\u0131 veya end\u00fcstriyel so\u011futucu gereklidir.<\/li>    <li>Destek: Video ile rehberli kurulum ve operasyon e\u011fitimi sunuyoruz. Kurulum ve devreye alma i\u00e7in sahada m\u00fchendislik deste\u011fi mevcuttur.<\/li> <\/ul>","protected":false},"excerpt":{"rendered":"<p>The Shuliy 200-Series Horizontal Waste Tire Baler is engineered for high-volume tire recycling facilities. Featuring 200 tons of hydraulic force and a heavy-duty Q345 steel frame, this machine compresses loose tires into dense 1.5-ton bales. It significantly reduces storage footprint and shipping costs for global recycling operations.<\/p>","protected":false},"author":1,"featured_media":2014,"parent":0,"template":"","tags":[112],"product-type":[111],"class_list":["post-2009","product","type-product","status-publish","has-post-thumbnail","hentry","tag-tire","product-type-tire-recycling"],"taxonomy_info":{"post_tag":[{"value":112,"label":"tire"}],"product-type":[{"value":111,"label":"Tire Recycling Equipment"}]},"featured_image_src_large":["https:\/\/plastic-machines.org\/wp-content\/uploads\/2026\/01\/Tire-baler.webp",720,540,false],"author_info":{"display_name":"Ella","author_link":"https:\/\/plastic-machines.org\/tr\/author\/admin\/"},"comment_info":"","_links":{"self":[{"href":"https:\/\/plastic-machines.org\/tr\/wp-json\/wp\/v2\/product\/2009","targetHints":{"allow":["GET"]}}],"collection":[{"href":"https:\/\/plastic-machines.org\/tr\/wp-json\/wp\/v2\/product"}],"about":[{"href":"https:\/\/plastic-machines.org\/tr\/wp-json\/wp\/v2\/types\/product"}],"author":[{"embeddable":true,"href":"https:\/\/plastic-machines.org\/tr\/wp-json\/wp\/v2\/users\/1"}],"wp:featuredmedia":[{"embeddable":true,"href":"https:\/\/plastic-machines.org\/tr\/wp-json\/wp\/v2\/media\/2014"}],"wp:attachment":[{"href":"https:\/\/plastic-machines.org\/tr\/wp-json\/wp\/v2\/media?parent=2009"}],"wp:term":[{"taxonomy":"post_tag","embeddable":true,"href":"https:\/\/plastic-machines.org\/tr\/wp-json\/wp\/v2\/tags?post=2009"},{"taxonomy":"product-type","embeddable":true,"href":"https:\/\/plastic-machines.org\/tr\/wp-json\/wp\/v2\/product-type?post=2009"}],"curies":[{"name":"wp","href":"https:\/\/api.w.org\/{rel}","templated":true}]}}