{"id":186,"date":"2022-07-05T09:49:54","date_gmt":"2022-07-05T09:49:54","guid":{"rendered":"https:\/\/plastic-machines.org\/?post_type=product&#038;p=186"},"modified":"2025-11-13T16:09:36","modified_gmt":"2025-11-13T08:09:36","slug":"plastic-foam-pelletizing-line","status":"publish","type":"product","link":"https:\/\/plastic-machines.org\/tr\/product\/plastic-foam-pelletizing-line\/","title":{"rendered":"Polistiren Geri D\u00f6n\u00fc\u015f\u00fcm\u00fc i\u00e7in Plastik K\u00f6p\u00fck Peletleme Hatt\u0131"},"content":{"rendered":"<div class=\"kk-star-ratings kksr-auto kksr-align-left kksr-valign-top\"     data-payload='{&quot;align&quot;:&quot;left&quot;,&quot;id&quot;:&quot;186&quot;,&quot;slug&quot;:&quot;default&quot;,&quot;valign&quot;:&quot;top&quot;,&quot;ignore&quot;:&quot;&quot;,&quot;reference&quot;:&quot;auto&quot;,&quot;class&quot;:&quot;&quot;,&quot;count&quot;:&quot;3&quot;,&quot;legendonly&quot;:&quot;&quot;,&quot;readonly&quot;:&quot;&quot;,&quot;score&quot;:&quot;5&quot;,&quot;starsonly&quot;:&quot;&quot;,&quot;best&quot;:&quot;5&quot;,&quot;gap&quot;:&quot;5&quot;,&quot;greet&quot;:&quot;Rate this product&quot;,&quot;legend&quot;:&quot;5\\\/5 - (3 votes)&quot;,&quot;size&quot;:&quot;24&quot;,&quot;title&quot;:&quot;Plastic Foam Pelletizing Line for Polystyrene Recycling&quot;,&quot;width&quot;:&quot;142.5&quot;,&quot;_legend&quot;:&quot;{score}\\\/{best} - ({count} {votes})&quot;,&quot;font_factor&quot;:&quot;1.25&quot;}'>              <div class=\"kksr-stars\">      <div class=\"kksr-stars-inactive\">             <div class=\"kksr-star\" data-star=\"1\" style=\"padding-right: 5px\">               <div class=\"kksr-icon\" style=\"width: 24px; height: 24px;\"><\/div>         <\/div>             <div class=\"kksr-star\" data-star=\"2\" style=\"padding-right: 5px\">               <div class=\"kksr-icon\" style=\"width: 24px; height: 24px;\"><\/div>         <\/div>             <div class=\"kksr-star\" data-star=\"3\" style=\"padding-right: 5px\">               <div class=\"kksr-icon\" style=\"width: 24px; height: 24px;\"><\/div>         <\/div>             <div class=\"kksr-star\" data-star=\"4\" style=\"padding-right: 5px\">               <div class=\"kksr-icon\" style=\"width: 24px; height: 24px;\"><\/div>         <\/div>             <div class=\"kksr-star\" data-star=\"5\" style=\"padding-right: 5px\">               <div class=\"kksr-icon\" style=\"width: 24px; height: 24px;\"><\/div>         <\/div>     <\/div>      <div class=\"kksr-stars-active\" style=\"width: 142.5px;\">             <div class=\"kksr-star\" style=\"padding-right: 5px\">               <div class=\"kksr-icon\" style=\"width: 24px; height: 24px;\"><\/div>         <\/div>             <div class=\"kksr-star\" style=\"padding-right: 5px\">               <div class=\"kksr-icon\" style=\"width: 24px; height: 24px;\"><\/div>         <\/div>             <div class=\"kksr-star\" style=\"padding-right: 5px\">               <div class=\"kksr-icon\" style=\"width: 24px; height: 24px;\"><\/div>         <\/div>             <div class=\"kksr-star\" style=\"padding-right: 5px\">               <div class=\"kksr-icon\" style=\"width: 24px; height: 24px;\"><\/div>         <\/div>             <div class=\"kksr-star\" style=\"padding-right: 5px\">               <div class=\"kksr-icon\" style=\"width: 24px; height: 24px;\"><\/div>         <\/div>     <\/div> <\/div>                   <div class=\"kksr-legend\" style=\"font-size: 19.2px;\">             5\/5 - (3 oy)    <\/div>     <\/div>  <p>Shuliy plastik k\u00f6p\u00fck peletleme hatt\u0131 esas olarak at\u0131k plastik k\u00f6p\u00fcklerle ba\u015f eder, at\u0131k plastikler ezilir ve daha sonra ambalaj malzemeleri, izolasyon ve di\u011fer malzemeler olarak yeniden kullan\u0131labilen k\u00fc\u00e7\u00fck plastik peletlere d\u00f6n\u00fc\u015ft\u00fcr\u00fcl\u00fcr. EPS geri d\u00f6n\u00fc\u015f\u00fcm makinalar\u0131n\u0131n en \u00f6nemli ekipman\u0131 peletleri eritip ekstr\u00fczyon yapacak gran\u00fclat\u00f6rlerdir.<\/p>    <figure class=\"wp-block-embed is-type-video is-provider-youtube wp-block-embed-youtube wp-embed-aspect-16-9 wp-has-aspect-ratio\"><div class=\"wp-block-embed__wrapper\"> <iframe loading=\"lazy\" title=\"EPE EPS\/Strafor Geri D\u00f6n\u00fc\u015f\u00fcm Makinas\u0131 | EPE EPS Gran\u00fclat\u00f6r\" width=\"500\" height=\"281\" src=\"https:\/\/www.youtube.com\/embed\/cshcld4EPWc?feature=oembed\" frameborder=\"0\" allow=\"accelerometer; autoplay; clipboard-write; encrypted-media; gyroscope; picture-in-picture; web-share\" referrerpolicy=\"strict-origin-when-cross-origin\" allowfullscreen><\/iframe> <\/div><\/figure>    <h2 class=\"wp-block-heading\" id=\"h-what-are-the-waste-eps-and-epe-materials\">At\u0131k EPS ve EPE malzemeleri nelerdir?<\/h2>    <p>G\u00fcnl\u00fck ya\u015famda her yerde insanlar ve plastik \u00fcr\u00fcnler temas halindedir, bu da insanlar\u0131n ya\u015fam\u0131 ve ekonomik geli\u015fimi i\u00e7in vazge\u00e7ilmez malzemelerden biri haline gelmi\u015ftir. Plastiklerin s\u00fcrekli geli\u015fimi ve uygulanmas\u0131yla, EPE ve EPS (styrofoam\/polistiren) ambalaj ve dolgu malzemeleri olarak yayg\u0131n bir \u015fekilde kullan\u0131lmaktad\u0131r.<\/p>    <p>EPE inci pamuklu k\u00f6p\u00fck, hediye paketleme, donan\u0131m \u00fcr\u00fcnleri, g\u00fcnl\u00fck ihtiya\u00e7lar ve di\u011fer \u00fcr\u00fcn ambalajlar\u0131nda yayg\u0131n olarak kullan\u0131lan yeni bir plastik \u00fcr\u00fcn malzemesi t\u00fcr\u00fcd\u00fcr. EPS olarak da adland\u0131r\u0131lan Geni\u015fletilmi\u015f Polistiren hafif bir polimerdir. K\u00f6p\u00fck fast food kutular\u0131, k\u00f6p\u00fck ambalaj kutular\u0131, yal\u0131t\u0131m malzemeleri, buzdolab\u0131 d\u0131\u015f ambalaj k\u00f6p\u00fc\u011f\u00fc ve di\u011fer beyaz k\u00f6p\u00fck \u00e7\u00f6pleri gibi.<\/p>   <div class=\"wp-block-image is-resized\"> <figure class=\"aligncenter size-full\"><img loading=\"lazy\" decoding=\"async\" width=\"720\" height=\"540\" src=\"https:\/\/plastic-machines.org\/wp-content\/uploads\/2022\/07\/raw-materials-of-the-EPS-granulators.webp\" alt=\"Geni\u015fletilmi\u015f Polistiren Geri D\u00f6n\u00fc\u015f\u00fcm Makinas\u0131\" class=\"wp-image-196\" srcset=\"https:\/\/plastic-machines.org\/wp-content\/uploads\/2022\/07\/raw-materials-of-the-EPS-granulators.webp 720w, https:\/\/plastic-machines.org\/wp-content\/uploads\/2022\/07\/raw-materials-of-the-EPS-granulators-300x225.webp 300w\" sizes=\"auto, (max-width: 720px) 100vw, 720px\" \/><figcaption class=\"wp-element-caption\">plastik k\u00f6p\u00fck peletleme hatt\u0131n\u0131n hammaddeleri<\/figcaption><\/figure> <\/div>   <h2 class=\"wp-block-heading\">Plastik k\u00f6p\u00fck peletleme hatt\u0131 s\u00fcreci<\/h2>    <p>Toplanan at\u0131k plastik k\u00f6p\u00fck \u00f6nce strafor par\u00e7alay\u0131c\u0131da par\u00e7alanacak, daha sonra eritilip EPS gran\u00fclat\u00f6r\u00fcyle ekstr\u00fczyona tabi tutulacak.<\/p>    <div class=\"wp-block-media-text alignwide is-stacked-on-mobile\"><figure class=\"wp-block-media-text__media\"><img loading=\"lazy\" decoding=\"async\" width=\"720\" height=\"540\" src=\"https:\/\/plastic-machines.org\/wp-content\/uploads\/2022\/07\/horizontal-foam-compactor.webp\" alt=\"EPS strafor geri d\u00f6n\u00fc\u015f\u00fcm kompakt\u00f6r\u00fc\" class=\"wp-image-192 size-full\" srcset=\"https:\/\/plastic-machines.org\/wp-content\/uploads\/2022\/07\/horizontal-foam-compactor.webp 720w, https:\/\/plastic-machines.org\/wp-content\/uploads\/2022\/07\/horizontal-foam-compactor-300x225.webp 300w\" sizes=\"auto, (max-width: 720px) 100vw, 720px\" \/><\/figure><div class=\"wp-block-media-text__content\"> <p class=\"has-large-font-size\">Strafor kompakt\u00f6r\u00fc<\/p>    <p>Plastik k\u00f6p\u00fck, EPS strafor geri d\u00f6n\u00fc\u015f\u00fcm kompakt\u00f6r\u00fc taraf\u0131ndan s\u0131k\u0131\u015ft\u0131r\u0131ld\u0131ktan sonra k\u00f6p\u00fck yo\u011funlu\u011fu artar ve k\u00f6p\u00fck, ta\u015f\u0131ma ve depolama i\u00e7in \u00e7ok uygun olan kare blok \u015feklindedir.<\/p> <\/div><\/div>    <div class=\"wp-block-media-text alignwide is-stacked-on-mobile\"><figure class=\"wp-block-media-text__media\"><img loading=\"lazy\" decoding=\"async\" width=\"720\" height=\"540\" src=\"https:\/\/plastic-machines.org\/wp-content\/uploads\/2022\/07\/Horizontal-foam-crusher.webp\" alt=\"Plastik k\u00f6p\u00fck par\u00e7alay\u0131c\u0131\" class=\"wp-image-190 size-full\" srcset=\"https:\/\/plastic-machines.org\/wp-content\/uploads\/2022\/07\/Horizontal-foam-crusher.webp 720w, https:\/\/plastic-machines.org\/wp-content\/uploads\/2022\/07\/Horizontal-foam-crusher-300x225.webp 300w\" sizes=\"auto, (max-width: 720px) 100vw, 720px\" \/><\/figure><div class=\"wp-block-media-text__content\"> <p class=\"has-large-font-size\">Polistiren par\u00e7alay\u0131c\u0131<\/p>    <p>Polistiren par\u00e7alay\u0131c\u0131 makine esas olarak \u00e7e\u015fitli k\u00f6p\u00fck malzemelerini k\u00fc\u00e7\u00fck par\u00e7alara ay\u0131rmak i\u00e7in kullan\u0131l\u0131r ve yatay stil daha fazla emek tasarrufu sa\u011flar.<\/p> <\/div><\/div>    <div class=\"wp-block-media-text alignwide is-stacked-on-mobile\"><figure class=\"wp-block-media-text__media\"><img loading=\"lazy\" decoding=\"async\" width=\"721\" height=\"543\" src=\"https:\/\/plastic-machines.org\/wp-content\/uploads\/2022\/07\/plastic-foam-granulator-.webp\" alt=\"Plastik k\u00f6p\u00fck i\u00e7in plastik k\u0131rma makinesi\" class=\"wp-image-191 size-full\" srcset=\"https:\/\/plastic-machines.org\/wp-content\/uploads\/2022\/07\/plastic-foam-granulator-.webp 721w, https:\/\/plastic-machines.org\/wp-content\/uploads\/2022\/07\/plastic-foam-granulator--300x226.webp 300w\" sizes=\"auto, (max-width: 721px) 100vw, 721px\" \/><\/figure><div class=\"wp-block-media-text__content\"> <p class=\"has-large-font-size\">EPE EPS gran\u00fclat\u00f6r<\/p>    <p>Peletleyici, EPE ve EPS at\u0131k plastiklerinin hammadde olarak ekstr\u00fcde edilmesi ve peletlenmesi ve bunlar\u0131n plastik end\u00fcstrisinde k\u0131t olan EPE plastik peletleri halinde i\u015flenmesi i\u00e7in uygundur.<\/p> <\/div><\/div>    <h2 class=\"wp-block-heading\">Neden bir EPS strafor geri d\u00f6n\u00fc\u015f\u00fcm kompakt\u00f6r\u00fcne ihtiyac\u0131n\u0131z var\uff1f<\/h2>    <p class=\"translation-block\">EPS <strong><a href=\"https:\/\/plastic-machines.org\/tr\/product\/foam-densifier-machine\/\" data-type=\"link\" data-id=\"https:\/\/plastic-machines.org\/product\/foam-densifier-machine\/\">k\u00f6p\u00fck presleme makinesi<\/a><\/strong>, plastik k\u00f6p\u00fck geri d\u00f6n\u00fc\u015f\u00fcm ekipmanlar\u0131ndan biridir. K\u00f6p\u00fc\u011f\u00fcn b\u00fcy\u00fck boyutu ve hafifli\u011fi nedeniyle nakliyesi b\u00fcy\u00fck bir s\u0131k\u0131nt\u0131 yaratmaktad\u0131r. EPS k\u00f6p\u00fck presleme makinesi, k\u00f6p\u00fc\u011f\u00fc kolayca presleyerek plasti\u011fin hacmini azaltabilir.<\/p>   <div class=\"wp-block-image\"> <figure class=\"aligncenter size-full\"><img loading=\"lazy\" decoding=\"async\" width=\"720\" height=\"540\" src=\"https:\/\/plastic-machines.org\/wp-content\/uploads\/2022\/07\/compressed-foam.webp\" alt=\"s\u0131k\u0131\u015ft\u0131r\u0131lm\u0131\u015f k\u00f6p\u00fck\" class=\"wp-image-197\" srcset=\"https:\/\/plastic-machines.org\/wp-content\/uploads\/2022\/07\/compressed-foam.webp 720w, https:\/\/plastic-machines.org\/wp-content\/uploads\/2022\/07\/compressed-foam-300x225.webp 300w\" sizes=\"auto, (max-width: 720px) 100vw, 720px\" \/><figcaption class=\"wp-element-caption\">s\u0131k\u0131\u015ft\u0131r\u0131lm\u0131\u015f k\u00f6p\u00fck<\/figcaption><\/figure> <\/div>   <ul class=\"wp-block-list\"> <li>Strafor kompakt\u00f6r\u00fc, b\u00fcy\u00fck k\u00f6p\u00fck par\u00e7alar\u0131n\u0131 do\u011frudan ezebilen ayr\u0131 bir \u00f6n k\u0131rma cihaz\u0131 ile donat\u0131lm\u0131\u015ft\u0131r.<\/li>    <li>K\u00f6p\u00fck geri d\u00f6n\u00fc\u015f\u00fcm makinesi, plastik k\u00f6p\u00fc\u011f\u00fcn hacmini 40 kat azaltabilen, depolama alan\u0131ndan ve rahat ta\u015f\u0131madan tasarruf sa\u011flayan, b\u00f6ylece depolama maliyetlerinden tasarruf edebilen y\u00fcksek bir s\u0131k\u0131\u015ft\u0131rma oran\u0131na sahiptir.<\/li>    <li>\u00c7al\u0131\u015fma s\u0131ras\u0131nda kimyasal malzeme ve \u0131s\u0131 ilavesine gerek yoktur ve i\u015flenen k\u00f6p\u00fck bloklar toksik de\u011fildir, kokusuzdur ve \u00e7evre dostudur.<\/li> <\/ul>   <div class=\"wp-block-image\"> <figure class=\"aligncenter size-large\"><img loading=\"lazy\" decoding=\"async\" width=\"679\" height=\"1024\" src=\"https:\/\/plastic-machines.org\/wp-content\/uploads\/2022\/07\/EPS-styrofoam-recycling-compactor-679x1024.webp\" alt=\"EPS strafor geri d\u00f6n\u00fc\u015f\u00fcm kompakt\u00f6r\u00fc\" class=\"wp-image-198\" srcset=\"https:\/\/plastic-machines.org\/wp-content\/uploads\/2022\/07\/EPS-styrofoam-recycling-compactor-679x1024.webp 679w, https:\/\/plastic-machines.org\/wp-content\/uploads\/2022\/07\/EPS-styrofoam-recycling-compactor-199x300.webp 199w, https:\/\/plastic-machines.org\/wp-content\/uploads\/2022\/07\/EPS-styrofoam-recycling-compactor.webp 720w\" sizes=\"auto, (max-width: 679px) 100vw, 679px\" \/><figcaption class=\"wp-element-caption\">EPS strafor geri d\u00f6n\u00fc\u015f\u00fcm kompakt\u00f6r\u00fc<\/figcaption><\/figure> <\/div>   <h2 class=\"wp-block-heading\">Plastik k\u00f6p\u00fck peletleme hatt\u0131n\u0131n gran\u00fclasyon ekipman\u0131<\/h2>    <h3 class=\"wp-block-heading\">EPS k\u00f6p\u00fck peletleme makinesi<\/h3>    <p class=\"translation-block\">EPS k\u00f6p\u00fck gran\u00fcl makinesi, besleme h\u0131z\u0131n\u0131 art\u0131ran ve \u00e7\u0131kt\u0131y\u0131 b\u00fcy\u00fck \u00f6l\u00e7\u00fcde art\u0131ran konik ikiz vidal\u0131 namlu kullan\u0131r. Yayg\u0131n olarak kullan\u0131lan modelin \u00e7\u0131kt\u0131s\u0131 saatte 150-375 kg'd\u0131r. Plastik gran\u00fcl makinesi ana ve yard\u0131mc\u0131 makinelerden olu\u015fur, \u0131s\u0131tma s\u0131cakl\u0131\u011f\u0131 stabildir, malzemenin molek\u00fcler yap\u0131s\u0131 etkili bir \u015fekilde iyile\u015ftirilir ve plastik gran\u00fcllerin kalitesi y\u00fcksektir. Gran\u00fcl yapma \u00fcnitesi temel olarak k\u0131r\u0131c\u0131, ekstr\u00fcder ve otomatik \u00e7eki\u015fli gran\u00fcl makinesinden olu\u015fur ve \u00fcretim s\u00fcreci kirlilik i\u00e7ermez.<\/p>   <div class=\"wp-block-image\"> <figure class=\"aligncenter size-full\"><img loading=\"lazy\" decoding=\"async\" width=\"720\" height=\"540\" src=\"https:\/\/plastic-machines.org\/wp-content\/uploads\/2022\/06\/EPS-Pelletizing-Machine1.webp\" alt=\"EPS Peletleme Makinesi\" class=\"wp-image-442\" srcset=\"https:\/\/plastic-machines.org\/wp-content\/uploads\/2022\/06\/EPS-Pelletizing-Machine1.webp 720w, https:\/\/plastic-machines.org\/wp-content\/uploads\/2022\/06\/EPS-Pelletizing-Machine1-300x225.webp 300w\" sizes=\"auto, (max-width: 720px) 100vw, 720px\" \/><figcaption class=\"wp-element-caption\">EPS Peletleme Makinesi<\/figcaption><\/figure> <\/div>   <h3 class=\"wp-block-heading\">EPE k\u00f6p\u00fck peletleme makinesi<\/h3>    <p>EPE k\u00f6p\u00fck gran\u00fclat\u00f6r\u00fc bir besleme sistemi, s\u0131k\u0131\u015ft\u0131rma ve ekstr\u00fczyon sistemleri i\u00e7erir. EPE plasti\u011fin \u00f6zelli\u011finden dolay\u0131 pelet makinesinin namlu uzunlu\u011fu EPS pelet makinesine g\u00f6re daha uzundur ve g\u00f6r\u00fcn\u00fc\u015fe bak\u0131larak tan\u0131mlanmas\u0131 kolayd\u0131r. Ekipman\u0131n t\u00fcm elektrik standartlar\u0131 Avrupa standartlar\u0131na uygundur ve \u00e7\u0131k\u0131\u015f\u0131 y\u00fcksektir.<\/p>   <div class=\"wp-block-image\"> <figure class=\"aligncenter size-full\"><img loading=\"lazy\" decoding=\"async\" width=\"720\" height=\"540\" src=\"https:\/\/plastic-machines.org\/wp-content\/uploads\/2022\/07\/EPE-granulator.webp\" alt=\"EPE gran\u00fclat\u00f6r\u00fc\" class=\"wp-image-200\" srcset=\"https:\/\/plastic-machines.org\/wp-content\/uploads\/2022\/07\/EPE-granulator.webp 720w, https:\/\/plastic-machines.org\/wp-content\/uploads\/2022\/07\/EPE-granulator-300x225.webp 300w\" sizes=\"auto, (max-width: 720px) 100vw, 720px\" \/><figcaption class=\"wp-element-caption\">EPE gran\u00fclat\u00f6r\u00fc<\/figcaption><\/figure> <\/div>   <h2 class=\"wp-block-heading\">Plastik k\u00f6p\u00fck peletleme hatt\u0131n\u0131n videosu<\/h2>    <figure class=\"wp-block-embed is-type-video is-provider-youtube wp-block-embed-youtube wp-embed-aspect-16-9 wp-has-aspect-ratio\"><div class=\"wp-block-embed__wrapper\"> <iframe loading=\"lazy\" title=\"EPS gran\u00fcl yapma makinesi\" width=\"500\" height=\"281\" src=\"https:\/\/www.youtube.com\/embed\/3qXNT5nN5Ag?list=PLmQgsSbeu0tXsNBww95upbWcnO_cYfyh4\" frameborder=\"0\" allow=\"accelerometer; autoplay; clipboard-write; encrypted-media; gyroscope; picture-in-picture; web-share\" referrerpolicy=\"strict-origin-when-cross-origin\" allowfullscreen><\/iframe> <\/div><\/figure>    <h2 class=\"wp-block-heading\" id=\"h-plastic-foam-pelletizing-line-factory-display\">Plastik k\u00f6p\u00fck peletleme hatt\u0131 fabrika ekran\u0131 <\/h2>    <figure class=\"wp-block-gallery has-nested-images columns-default is-cropped wp-block-gallery-2 is-layout-flex wp-block-gallery-is-layout-flex\"> <figure class=\"wp-block-image size-large\"><img loading=\"lazy\" decoding=\"async\" width=\"720\" height=\"540\" data-id=\"201\" src=\"https:\/\/plastic-machines.org\/wp-content\/uploads\/2022\/07\/EPE-pelletizer.webp\" alt=\"EPE peletleyici\" class=\"wp-image-201\" srcset=\"https:\/\/plastic-machines.org\/wp-content\/uploads\/2022\/07\/EPE-pelletizer.webp 720w, https:\/\/plastic-machines.org\/wp-content\/uploads\/2022\/07\/EPE-pelletizer-300x225.webp 300w\" sizes=\"auto, (max-width: 720px) 100vw, 720px\" \/><figcaption class=\"wp-element-caption\">EPE peletleyici<\/figcaption><\/figure>    <figure class=\"wp-block-image size-large\"><img loading=\"lazy\" decoding=\"async\" width=\"720\" height=\"540\" data-id=\"202\" src=\"https:\/\/plastic-machines.org\/wp-content\/uploads\/2022\/07\/EPS-pelletizer.webp\" alt=\"EPS peletleyici\" class=\"wp-image-202\" srcset=\"https:\/\/plastic-machines.org\/wp-content\/uploads\/2022\/07\/EPS-pelletizer.webp 720w, https:\/\/plastic-machines.org\/wp-content\/uploads\/2022\/07\/EPS-pelletizer-300x225.webp 300w\" sizes=\"auto, (max-width: 720px) 100vw, 720px\" \/><figcaption class=\"wp-element-caption\">EPS peletleyici<\/figcaption><\/figure> <\/figure>    <figure class=\"wp-block-gallery has-nested-images columns-default is-cropped wp-block-gallery-3 is-layout-flex wp-block-gallery-is-layout-flex\"> <figure class=\"wp-block-image size-large\"><img loading=\"lazy\" decoding=\"async\" width=\"720\" height=\"540\" data-id=\"204\" src=\"https:\/\/plastic-machines.org\/wp-content\/uploads\/2022\/07\/machines-in-stock-.webp\" alt=\"Stokta bulunan k\u00f6p\u00fck geri d\u00f6n\u00fc\u015f\u00fcm makineleri\" class=\"wp-image-204\" srcset=\"https:\/\/plastic-machines.org\/wp-content\/uploads\/2022\/07\/machines-in-stock-.webp 720w, https:\/\/plastic-machines.org\/wp-content\/uploads\/2022\/07\/machines-in-stock--300x225.webp 300w\" sizes=\"auto, (max-width: 720px) 100vw, 720px\" \/><figcaption class=\"wp-element-caption\">Stokta bulunan k\u00f6p\u00fck geri d\u00f6n\u00fc\u015f\u00fcm makineleri<\/figcaption><\/figure>    <figure class=\"wp-block-image size-large\"><img loading=\"lazy\" decoding=\"async\" width=\"720\" height=\"540\" data-id=\"205\" src=\"https:\/\/plastic-machines.org\/wp-content\/uploads\/2022\/07\/our-factory.webp\" alt=\"fabrikam\u0131z\" class=\"wp-image-205\" srcset=\"https:\/\/plastic-machines.org\/wp-content\/uploads\/2022\/07\/our-factory.webp 720w, https:\/\/plastic-machines.org\/wp-content\/uploads\/2022\/07\/our-factory-300x225.webp 300w\" sizes=\"auto, (max-width: 720px) 100vw, 720px\" \/><figcaption class=\"wp-element-caption\">fabrikam\u0131z<\/figcaption><\/figure> <\/figure>    <figure class=\"wp-block-gallery has-nested-images columns-default is-cropped wp-block-gallery-4 is-layout-flex wp-block-gallery-is-layout-flex\"> <figure class=\"wp-block-image size-large\"><img loading=\"lazy\" decoding=\"async\" width=\"720\" height=\"540\" data-id=\"206\" src=\"https:\/\/plastic-machines.org\/wp-content\/uploads\/2022\/07\/plastic-crusher-1-1.webp\" alt=\"EPS EPE i\u00e7in plastik k\u0131r\u0131c\u0131\" class=\"wp-image-206\" srcset=\"https:\/\/plastic-machines.org\/wp-content\/uploads\/2022\/07\/plastic-crusher-1-1.webp 720w, https:\/\/plastic-machines.org\/wp-content\/uploads\/2022\/07\/plastic-crusher-1-1-300x225.webp 300w\" sizes=\"auto, (max-width: 720px) 100vw, 720px\" \/><figcaption class=\"wp-element-caption\">EPS EPE i\u00e7in plastik k\u0131r\u0131c\u0131<\/figcaption><\/figure>    <figure class=\"wp-block-image size-large\"><img loading=\"lazy\" decoding=\"async\" width=\"720\" height=\"540\" data-id=\"207\" src=\"https:\/\/plastic-machines.org\/wp-content\/uploads\/2022\/07\/storage-bins.webp\" alt=\"pelet depolama kutular\u0131\" class=\"wp-image-207\" srcset=\"https:\/\/plastic-machines.org\/wp-content\/uploads\/2022\/07\/storage-bins.webp 720w, https:\/\/plastic-machines.org\/wp-content\/uploads\/2022\/07\/storage-bins-300x225.webp 300w\" sizes=\"auto, (max-width: 720px) 100vw, 720px\" \/><figcaption class=\"wp-element-caption\">pelet depolama kutular\u0131<\/figcaption><\/figure> <\/figure>    <figure class=\"wp-block-gallery has-nested-images columns-default is-cropped wp-block-gallery-5 is-layout-flex wp-block-gallery-is-layout-flex\"> <figure class=\"wp-block-image size-large\"><img loading=\"lazy\" decoding=\"async\" width=\"720\" height=\"540\" data-id=\"208\" src=\"https:\/\/plastic-machines.org\/wp-content\/uploads\/2022\/07\/quality-accessories-2.webp\" alt=\"kaliteli aksesuarlar\" class=\"wp-image-208\" srcset=\"https:\/\/plastic-machines.org\/wp-content\/uploads\/2022\/07\/quality-accessories-2.webp 720w, https:\/\/plastic-machines.org\/wp-content\/uploads\/2022\/07\/quality-accessories-2-300x225.webp 300w\" sizes=\"auto, (max-width: 720px) 100vw, 720px\" \/><figcaption class=\"wp-element-caption\">kaliteli aksesuarlar <\/figcaption><\/figure>    <figure class=\"wp-block-image size-large\"><img loading=\"lazy\" decoding=\"async\" width=\"720\" height=\"540\" data-id=\"211\" src=\"https:\/\/plastic-machines.org\/wp-content\/uploads\/2022\/07\/Quality-motors-1.webp\" alt=\"Polistiren geri d\u00f6n\u00fc\u015f\u00fcm\u00fc i\u00e7in kaliteli motorlar\" class=\"wp-image-211\" srcset=\"https:\/\/plastic-machines.org\/wp-content\/uploads\/2022\/07\/Quality-motors-1.webp 720w, https:\/\/plastic-machines.org\/wp-content\/uploads\/2022\/07\/Quality-motors-1-300x225.webp 300w\" sizes=\"auto, (max-width: 720px) 100vw, 720px\" \/><figcaption class=\"wp-element-caption\">Polistiren geri d\u00f6n\u00fc\u015f\u00fcm\u00fc i\u00e7in kaliteli motorlar<\/figcaption><\/figure> <\/figure>","protected":false},"excerpt":{"rendered":"<p>Shuliy plastic foam pelletizing line mainly copes with waste plastic foams, the waste plastics will be crushed and then turned into small plastic pellets, which can be reused as packaging materials, insulation, and other materials. The most important equipment for EPS recycling machines is granulators, which will melt and extrude pellets. What are the waste [&hellip;]<\/p>\n","protected":false},"author":1,"featured_media":1546,"parent":0,"template":"","tags":[43],"product-type":[13],"class_list":["post-186","product","type-product","status-publish","has-post-thumbnail","hentry","tag-eps","product-type-plastic-recycling-lines"],"taxonomy_info":{"post_tag":[{"value":43,"label":"EPS"}],"product-type":[{"value":13,"label":"Plastic Recycling Lines"}]},"featured_image_src_large":["https:\/\/plastic-machines.org\/wp-content\/uploads\/2022\/07\/eps-recycling-machine.webp",720,540,false],"author_info":{"display_name":"Ella","author_link":"https:\/\/plastic-machines.org\/tr\/author\/admin\/"},"comment_info":"","_links":{"self":[{"href":"https:\/\/plastic-machines.org\/tr\/wp-json\/wp\/v2\/product\/186","targetHints":{"allow":["GET"]}}],"collection":[{"href":"https:\/\/plastic-machines.org\/tr\/wp-json\/wp\/v2\/product"}],"about":[{"href":"https:\/\/plastic-machines.org\/tr\/wp-json\/wp\/v2\/types\/product"}],"author":[{"embeddable":true,"href":"https:\/\/plastic-machines.org\/tr\/wp-json\/wp\/v2\/users\/1"}],"wp:featuredmedia":[{"embeddable":true,"href":"https:\/\/plastic-machines.org\/tr\/wp-json\/wp\/v2\/media\/1546"}],"wp:attachment":[{"href":"https:\/\/plastic-machines.org\/tr\/wp-json\/wp\/v2\/media?parent=186"}],"wp:term":[{"taxonomy":"post_tag","embeddable":true,"href":"https:\/\/plastic-machines.org\/tr\/wp-json\/wp\/v2\/tags?post=186"},{"taxonomy":"product-type","embeddable":true,"href":"https:\/\/plastic-machines.org\/tr\/wp-json\/wp\/v2\/product-type?post=186"}],"curies":[{"name":"wp","href":"https:\/\/api.w.org\/{rel}","templated":true}]}}