{"id":1661,"date":"2024-12-12T17:36:38","date_gmt":"2024-12-12T09:36:38","guid":{"rendered":"https:\/\/plastic-machines.org\/?post_type=product&#038;p=1661"},"modified":"2026-01-28T14:21:03","modified_gmt":"2026-01-28T06:21:03","slug":"styrofoam-shredder","status":"publish","type":"product","link":"https:\/\/plastic-machines.org\/tr\/product\/styrofoam-shredder\/","title":{"rendered":"Strafor Par\u00e7alay\u0131c\u0131 | EPS K\u00f6p\u00fck K\u0131r\u0131c\u0131"},"content":{"rendered":"<div class=\"kk-star-ratings kksr-auto kksr-align-left kksr-valign-top\"     data-payload='{&quot;align&quot;:&quot;left&quot;,&quot;id&quot;:&quot;1661&quot;,&quot;slug&quot;:&quot;default&quot;,&quot;valign&quot;:&quot;top&quot;,&quot;ignore&quot;:&quot;&quot;,&quot;reference&quot;:&quot;auto&quot;,&quot;class&quot;:&quot;&quot;,&quot;count&quot;:&quot;4&quot;,&quot;legendonly&quot;:&quot;&quot;,&quot;readonly&quot;:&quot;&quot;,&quot;score&quot;:&quot;5&quot;,&quot;starsonly&quot;:&quot;&quot;,&quot;best&quot;:&quot;5&quot;,&quot;gap&quot;:&quot;5&quot;,&quot;greet&quot;:&quot;Rate this product&quot;,&quot;legend&quot;:&quot;5\\\/5 - (4 votes)&quot;,&quot;size&quot;:&quot;24&quot;,&quot;title&quot;:&quot;Styrofoam Shredder | EPS Foam Crusher&quot;,&quot;width&quot;:&quot;142.5&quot;,&quot;_legend&quot;:&quot;{score}\\\/{best} - ({count} {votes})&quot;,&quot;font_factor&quot;:&quot;1.25&quot;}'>              <div class=\"kksr-stars\">      <div class=\"kksr-stars-inactive\">             <div class=\"kksr-star\" data-star=\"1\" style=\"padding-right: 5px\">               <div class=\"kksr-icon\" style=\"width: 24px; height: 24px;\"><\/div>         <\/div>             <div class=\"kksr-star\" data-star=\"2\" style=\"padding-right: 5px\">               <div class=\"kksr-icon\" style=\"width: 24px; height: 24px;\"><\/div>         <\/div>             <div class=\"kksr-star\" data-star=\"3\" style=\"padding-right: 5px\">               <div class=\"kksr-icon\" style=\"width: 24px; height: 24px;\"><\/div>         <\/div>             <div class=\"kksr-star\" data-star=\"4\" style=\"padding-right: 5px\">               <div class=\"kksr-icon\" style=\"width: 24px; height: 24px;\"><\/div>         <\/div>             <div class=\"kksr-star\" data-star=\"5\" style=\"padding-right: 5px\">               <div class=\"kksr-icon\" style=\"width: 24px; height: 24px;\"><\/div>         <\/div>     <\/div>      <div class=\"kksr-stars-active\" style=\"width: 142.5px;\">             <div class=\"kksr-star\" style=\"padding-right: 5px\">               <div class=\"kksr-icon\" style=\"width: 24px; height: 24px;\"><\/div>         <\/div>             <div class=\"kksr-star\" style=\"padding-right: 5px\">               <div class=\"kksr-icon\" style=\"width: 24px; height: 24px;\"><\/div>         <\/div>             <div class=\"kksr-star\" style=\"padding-right: 5px\">               <div class=\"kksr-icon\" style=\"width: 24px; height: 24px;\"><\/div>         <\/div>             <div class=\"kksr-star\" style=\"padding-right: 5px\">               <div class=\"kksr-icon\" style=\"width: 24px; height: 24px;\"><\/div>         <\/div>             <div class=\"kksr-star\" style=\"padding-right: 5px\">               <div class=\"kksr-icon\" style=\"width: 24px; height: 24px;\"><\/div>         <\/div>     <\/div> <\/div>                   <div class=\"kksr-legend\" style=\"font-size: 19.2px;\">             5\/5 - (4 oy)    <\/div>     <\/div>  <p>Shuily k\u00f6p\u00fck k\u0131r\u0131c\u0131, at\u0131k plastik k\u00f6p\u00fc\u011f\u00fc k\u00fc\u00e7\u00fck par\u00e7alara ay\u0131rabilir; bu, genellikle geri d\u00f6n\u00fc\u015f\u00fcm\u00fcn ilk ad\u0131m\u0131 olan bir ad\u0131md\u0131r. K\u00f6p\u00fck K\u0131r\u0131c\u0131 \u00e7e\u015fitli EPS ve EPE malzemelerini k\u0131rar ve EPS at\u0131klar\u0131n\u0131z\u0131n hacmini azaltman\u0131za yard\u0131mc\u0131 olabilir. Ezilmi\u015f k\u00f6p\u00fck, k\u00f6p\u00fck bloklar\u0131 halinde s\u0131k\u0131\u015ft\u0131r\u0131labilir veya gran\u00fclasyon i\u00e7in eritilebilir.<\/p>    <p>Uygulanabilir malzemeler: EPS\/k\u00f6p\u00fck, EPE\/PE k\u00f6p\u00fck, EPP, PSP, XPS, PUR ve di\u011fer k\u00f6p\u00fck tipi plastikler.<\/p>    <figure class=\"wp-block-embed is-type-video is-provider-youtube wp-block-embed-youtube wp-embed-aspect-16-9 wp-has-aspect-ratio\"><div class=\"wp-block-embed__wrapper\"> <iframe loading=\"lazy\" title=\"Plastik Geri D\u00f6n\u00fc\u015f\u00fcm Tesisi i\u00e7in EPS\/Strafor\/Polistiren Par\u00e7alama Makineleri\" width=\"500\" height=\"281\" src=\"https:\/\/www.youtube.com\/embed\/uM_sUH_1OwE?feature=oembed\" frameborder=\"0\" allow=\"accelerometer; autoplay; clipboard-write; encrypted-media; gyroscope; picture-in-picture; web-share\" referrerpolicy=\"strict-origin-when-cross-origin\" allowfullscreen><\/iframe> <\/div><\/figure>    <h2 class=\"wp-block-heading\">Strafor k\u0131r\u0131c\u0131n\u0131n avantajlar\u0131<\/h2>    <ul class=\"wp-block-list\"> <li>Shuliy k\u0131r\u0131c\u0131 makinesi CE standartlar\u0131na uygundur ve t\u00fcm d\u00fcnyada sat\u0131lmaktad\u0131r.<\/li>    <li>Geleneksel dikey k\u0131r\u0131c\u0131yla kar\u015f\u0131la\u015ft\u0131r\u0131ld\u0131\u011f\u0131nda Shuliy, yere yatay olan b\u00fcy\u00fck bir yatay besleme hunisi tasarlad\u0131; beslemesi daha h\u0131zl\u0131 ve daha rahat.<\/li>    <li>Verimli strafor k\u0131r\u0131c\u0131, k\u00f6p\u00fc\u011f\u00fc 30-60 mm boyutunda k\u00fc\u00e7\u00fck par\u00e7alara ay\u0131r\u0131r.<\/li>    <li>Shuliy, k\u00fcresel geri d\u00f6n\u00fc\u015f\u00fcm tesisleri i\u00e7in komple bir strafor geri d\u00f6n\u00fc\u015f\u00fcm\u00fc \u00e7\u00f6z\u00fcm\u00fc sa\u011flar; bir \u00f6\u011f\u00fct\u00fcc\u00fcden sonra ezilmi\u015f k\u00f6p\u00fck pullar\u0131 bir gran\u00fclat\u00f6re ve di\u011fer peletleme b\u00f6l\u00fcmlerine g\u00f6nderilebilir. Nihai peletler di\u011fer \u00fcr\u00fcnleri \u00fcretmek i\u00e7in kullan\u0131labilir.<\/li> <\/ul>    <figure class=\"wp-block-gallery has-nested-images columns-default is-cropped wp-block-gallery-2 is-layout-flex wp-block-gallery-is-layout-flex\"> <figure class=\"wp-block-image size-large\"><img loading=\"lazy\" decoding=\"async\" width=\"720\" height=\"540\" data-id=\"1543\" src=\"https:\/\/plastic-machines.org\/wp-content\/uploads\/2022\/07\/eps-polystyrene-recycling-machine.webp\" alt=\"eps polistiren geri d\u00f6n\u00fc\u015f\u00fcm makinas\u0131\" class=\"wp-image-1543\" srcset=\"https:\/\/plastic-machines.org\/wp-content\/uploads\/2022\/07\/eps-polystyrene-recycling-machine.webp 720w, https:\/\/plastic-machines.org\/wp-content\/uploads\/2022\/07\/eps-polystyrene-recycling-machine-300x225.webp 300w, https:\/\/plastic-machines.org\/wp-content\/uploads\/2022\/07\/eps-polystyrene-recycling-machine-16x12.webp 16w\" sizes=\"auto, (max-width: 720px) 100vw, 720px\" \/><figcaption class=\"wp-element-caption\">polistiren geri d\u00f6n\u00fc\u015f\u00fcm gran\u00fclat\u00f6r\u00fc<\/figcaption><\/figure>    <figure class=\"wp-block-image size-large\"><img loading=\"lazy\" decoding=\"async\" width=\"720\" height=\"540\" data-id=\"1544\" src=\"https:\/\/plastic-machines.org\/wp-content\/uploads\/2022\/07\/eps-recycling-machine-2.webp\" alt=\"eps geri d\u00f6n\u00fc\u015f\u00fcm makinas\u0131\" class=\"wp-image-1544\" srcset=\"https:\/\/plastic-machines.org\/wp-content\/uploads\/2022\/07\/eps-recycling-machine-2.webp 720w, https:\/\/plastic-machines.org\/wp-content\/uploads\/2022\/07\/eps-recycling-machine-2-300x225.webp 300w, https:\/\/plastic-machines.org\/wp-content\/uploads\/2022\/07\/eps-recycling-machine-2-16x12.webp 16w\" sizes=\"auto, (max-width: 720px) 100vw, 720px\" \/><figcaption class=\"wp-element-caption\">eps geri d\u00f6n\u00fc\u015f\u00fcm peletleme \u00fcnitesi<\/figcaption><\/figure> <\/figure>    <figure class=\"wp-block-gallery has-nested-images columns-default is-cropped wp-block-gallery-3 is-layout-flex wp-block-gallery-is-layout-flex\"> <figure class=\"wp-block-image size-large\"><img loading=\"lazy\" decoding=\"async\" width=\"720\" height=\"540\" data-id=\"2037\" src=\"https:\/\/plastic-machines.org\/wp-content\/uploads\/2024\/12\/EPS-Foam-Crusher.jpg\" alt=\"EPS K\u00f6p\u00fck K\u0131r\u0131c\u0131\" class=\"wp-image-2037\" srcset=\"https:\/\/plastic-machines.org\/wp-content\/uploads\/2024\/12\/EPS-Foam-Crusher.jpg 720w, https:\/\/plastic-machines.org\/wp-content\/uploads\/2024\/12\/EPS-Foam-Crusher-300x225.jpg 300w, https:\/\/plastic-machines.org\/wp-content\/uploads\/2024\/12\/EPS-Foam-Crusher-16x12.jpg 16w\" sizes=\"auto, (max-width: 720px) 100vw, 720px\" \/><figcaption class=\"wp-element-caption\">EPS K\u00f6p\u00fck K\u0131r\u0131c\u0131<\/figcaption><\/figure>    <figure class=\"wp-block-image size-large\"><img loading=\"lazy\" decoding=\"async\" width=\"720\" height=\"540\" data-id=\"2038\" src=\"https:\/\/plastic-machines.org\/wp-content\/uploads\/2024\/12\/Styrofoam-Shredder.jpg\" alt=\"Styrofoam \u00d6\u011f\u00fct\u00fcc\u00fc\" class=\"wp-image-2038\" srcset=\"https:\/\/plastic-machines.org\/wp-content\/uploads\/2024\/12\/Styrofoam-Shredder.jpg 720w, https:\/\/plastic-machines.org\/wp-content\/uploads\/2024\/12\/Styrofoam-Shredder-300x225.jpg 300w, https:\/\/plastic-machines.org\/wp-content\/uploads\/2024\/12\/Styrofoam-Shredder-16x12.jpg 16w\" sizes=\"auto, (max-width: 720px) 100vw, 720px\" \/><figcaption class=\"wp-element-caption\">Styrofoam \u00d6\u011f\u00fct\u00fcc\u00fc<\/figcaption><\/figure>    <figure class=\"wp-block-image size-large\"><img loading=\"lazy\" decoding=\"async\" width=\"720\" height=\"540\" data-id=\"2039\" src=\"https:\/\/plastic-machines.org\/wp-content\/uploads\/2024\/12\/Styrofoam-Shredder-machine.jpg\" alt=\"Styrofoam \u00d6\u011f\u00fct\u00fcc\u00fc Makinesi\" class=\"wp-image-2039\" srcset=\"https:\/\/plastic-machines.org\/wp-content\/uploads\/2024\/12\/Styrofoam-Shredder-machine.jpg 720w, https:\/\/plastic-machines.org\/wp-content\/uploads\/2024\/12\/Styrofoam-Shredder-machine-300x225.jpg 300w, https:\/\/plastic-machines.org\/wp-content\/uploads\/2024\/12\/Styrofoam-Shredder-machine-16x12.jpg 16w\" sizes=\"auto, (max-width: 720px) 100vw, 720px\" \/><figcaption class=\"wp-element-caption\">Styrofoam \u00d6\u011f\u00fct\u00fcc\u00fc Makinesi<\/figcaption><\/figure> <\/figure>    <h2 class=\"wp-block-heading\">EPS\/strafor par\u00e7alay\u0131c\u0131 teknik verileri<\/h2>    <p>Par\u00e7alama makinesinin par\u00e7alama kapasitesi 250-500kg\/saattir. Par\u00e7alay\u0131c\u0131n\u0131n besleme portu \u00e7o\u011fu geri d\u00f6n\u00fc\u015f\u00fcm fabrikas\u0131na yetecek kadar b\u00fcy\u00fckt\u00fcr. Ba\u015fka gereksinimleriniz varsa istedi\u011finiz zaman bizimle ileti\u015fime ge\u00e7ebilirsiniz.<\/p>    <figure class=\"wp-block-table\"><table class=\"has-fixed-layout\"><tbody><tr><td>Par\u00e7alay\u0131c\u0131 modeli<\/td><td>Genel boyut (mm)<\/td><td>Besleme portu boyutu (mm)<\/td><td>G\u00fc\u00e7 (KW)<\/td><td>Par\u00e7alama \u00e7\u0131k\u0131\u015f\u0131 (KG\/H)<\/td><\/tr><tr><td>SL-800<\/td><td>1250*1290*660<\/td><td>800*600<\/td><td>5.5<\/td><td>250-300<\/td><\/tr><tr><td>SL-1000<\/td><td>1250*1530*660<\/td><td>1000*600<\/td><td>5.5<\/td><td>300-350<\/td><\/tr><tr><td>SL-1200<\/td><td>1300*1730*700<\/td><td>1200*600<\/td><td>7.5<\/td><td>400-450<\/td><\/tr><tr><td>SL-1500<\/td><td>1600*2200*800<\/td><td>1500*800<\/td><td>11<\/td><td>450-500<\/td><\/tr><\/tbody><\/table><\/figure>    <h2 class=\"wp-block-heading\"> EPS k\u00f6p\u00fck i\u00e7in k\u0131r\u0131c\u0131<\/h2>    <p>Resimde at\u0131k EPS ve EPE'nin par\u00e7alara ayr\u0131ld\u0131\u011f\u0131n\u0131, k\u00f6p\u00fck par\u00e7alay\u0131c\u0131n\u0131n her t\u00fcrl\u00fc d\u00f6kme k\u00f6p\u00fc\u011f\u00fc e\u015fit boyutlara k\u0131rabildi\u011fini g\u00f6rebilirsiniz. EPS k\u00f6p\u00fc\u011f\u00fc k\u0131r\u0131ld\u0131ktan sonra ba\u015fka \u00fcr\u00fcnlere d\u00f6n\u00fc\u015ft\u00fcr\u00fclebilir.<\/p>    <figure class=\"wp-block-gallery has-nested-images columns-default is-cropped wp-block-gallery-4 is-layout-flex wp-block-gallery-is-layout-flex\"> <figure class=\"wp-block-image size-large\"><img loading=\"lazy\" decoding=\"async\" width=\"720\" height=\"540\" data-id=\"1662\" src=\"https:\/\/plastic-machines.org\/wp-content\/uploads\/2024\/12\/EPS-crushing-.webp\" alt=\"EPS k\u0131rma\" class=\"wp-image-1662\" srcset=\"https:\/\/plastic-machines.org\/wp-content\/uploads\/2024\/12\/EPS-crushing-.webp 720w, https:\/\/plastic-machines.org\/wp-content\/uploads\/2024\/12\/EPS-crushing--300x225.webp 300w, https:\/\/plastic-machines.org\/wp-content\/uploads\/2024\/12\/EPS-crushing--16x12.webp 16w\" sizes=\"auto, (max-width: 720px) 100vw, 720px\" \/><figcaption class=\"wp-element-caption\">EPS k\u0131rma<\/figcaption><\/figure>    <figure class=\"wp-block-image size-large\"><img loading=\"lazy\" decoding=\"async\" width=\"720\" height=\"540\" data-id=\"1663\" src=\"https:\/\/plastic-machines.org\/wp-content\/uploads\/2024\/12\/PE-foam-recycling.webp\" alt=\"PE k\u00f6p\u00fck geri d\u00f6n\u00fc\u015f\u00fcm\u00fc\" class=\"wp-image-1663\" srcset=\"https:\/\/plastic-machines.org\/wp-content\/uploads\/2024\/12\/PE-foam-recycling.webp 720w, https:\/\/plastic-machines.org\/wp-content\/uploads\/2024\/12\/PE-foam-recycling-300x225.webp 300w, https:\/\/plastic-machines.org\/wp-content\/uploads\/2024\/12\/PE-foam-recycling-16x12.webp 16w\" sizes=\"auto, (max-width: 720px) 100vw, 720px\" \/><figcaption class=\"wp-element-caption\">PE k\u00f6p\u00fck geri d\u00f6n\u00fc\u015f\u00fcm\u00fc<\/figcaption><\/figure> <\/figure>","protected":false},"excerpt":{"rendered":"<p>Shuily foam crusher can crush waste plastic foam into small pieces, a step that is usually the first step in recycling. The Foam Crusher crushes a variety of EPS and EPE materials and can help you reduce the volume of your EPS waste. The crushed foam can be compressed into foam blocks or melted for [&hellip;]<\/p>\n","protected":false},"author":1,"featured_media":1664,"parent":0,"template":"","tags":[43],"product-type":[15],"class_list":["post-1661","product","type-product","status-publish","has-post-thumbnail","hentry","tag-eps","product-type-plastic-crushing-equipment"],"taxonomy_info":{"post_tag":[{"value":43,"label":"EPS"}],"product-type":[{"value":15,"label":"Plastic Crushing Equipment"}]},"featured_image_src_large":["https:\/\/plastic-machines.org\/wp-content\/uploads\/2024\/12\/styrofoam-shredder2.webp",720,540,false],"author_info":{"display_name":"Ella","author_link":"https:\/\/plastic-machines.org\/tr\/author\/admin\/"},"comment_info":"","_links":{"self":[{"href":"https:\/\/plastic-machines.org\/tr\/wp-json\/wp\/v2\/product\/1661","targetHints":{"allow":["GET"]}}],"collection":[{"href":"https:\/\/plastic-machines.org\/tr\/wp-json\/wp\/v2\/product"}],"about":[{"href":"https:\/\/plastic-machines.org\/tr\/wp-json\/wp\/v2\/types\/product"}],"author":[{"embeddable":true,"href":"https:\/\/plastic-machines.org\/tr\/wp-json\/wp\/v2\/users\/1"}],"wp:featuredmedia":[{"embeddable":true,"href":"https:\/\/plastic-machines.org\/tr\/wp-json\/wp\/v2\/media\/1664"}],"wp:attachment":[{"href":"https:\/\/plastic-machines.org\/tr\/wp-json\/wp\/v2\/media?parent=1661"}],"wp:term":[{"taxonomy":"post_tag","embeddable":true,"href":"https:\/\/plastic-machines.org\/tr\/wp-json\/wp\/v2\/tags?post=1661"},{"taxonomy":"product-type","embeddable":true,"href":"https:\/\/plastic-machines.org\/tr\/wp-json\/wp\/v2\/product-type?post=1661"}],"curies":[{"name":"wp","href":"https:\/\/api.w.org\/{rel}","templated":true}]}}