{"id":166,"date":"2022-07-04T09:44:17","date_gmt":"2022-07-04T09:44:17","guid":{"rendered":"https:\/\/plastic-machines.org\/?post_type=product&#038;p=166"},"modified":"2026-04-03T13:32:10","modified_gmt":"2026-04-03T05:32:10","slug":"pet-bottle-label-remover-machine","status":"publish","type":"product","link":"https:\/\/plastic-machines.org\/tr\/product\/pet-bottle-label-remover-machine\/","title":{"rendered":"PET \u015ei\u015fe Etiket S\u00f6kme Makinas\u0131"},"content":{"rendered":"<div class=\"kk-star-ratings kksr-auto kksr-align-left kksr-valign-top\"     data-payload='{&quot;align&quot;:&quot;left&quot;,&quot;id&quot;:&quot;166&quot;,&quot;slug&quot;:&quot;default&quot;,&quot;valign&quot;:&quot;top&quot;,&quot;ignore&quot;:&quot;&quot;,&quot;reference&quot;:&quot;auto&quot;,&quot;class&quot;:&quot;&quot;,&quot;count&quot;:&quot;4&quot;,&quot;legendonly&quot;:&quot;&quot;,&quot;readonly&quot;:&quot;&quot;,&quot;score&quot;:&quot;5&quot;,&quot;starsonly&quot;:&quot;&quot;,&quot;best&quot;:&quot;5&quot;,&quot;gap&quot;:&quot;5&quot;,&quot;greet&quot;:&quot;Rate this product&quot;,&quot;legend&quot;:&quot;5\\\/5 - (4 votes)&quot;,&quot;size&quot;:&quot;24&quot;,&quot;title&quot;:&quot;PET Bottle Label Remover Machine&quot;,&quot;width&quot;:&quot;142.5&quot;,&quot;_legend&quot;:&quot;{score}\\\/{best} - ({count} {votes})&quot;,&quot;font_factor&quot;:&quot;1.25&quot;}'>              <div class=\"kksr-stars\">      <div class=\"kksr-stars-inactive\">             <div class=\"kksr-star\" data-star=\"1\" style=\"padding-right: 5px\">               <div class=\"kksr-icon\" style=\"width: 24px; height: 24px;\"><\/div>         <\/div>             <div class=\"kksr-star\" data-star=\"2\" style=\"padding-right: 5px\">               <div class=\"kksr-icon\" style=\"width: 24px; height: 24px;\"><\/div>         <\/div>             <div class=\"kksr-star\" data-star=\"3\" style=\"padding-right: 5px\">               <div class=\"kksr-icon\" style=\"width: 24px; height: 24px;\"><\/div>         <\/div>             <div class=\"kksr-star\" data-star=\"4\" style=\"padding-right: 5px\">               <div class=\"kksr-icon\" style=\"width: 24px; height: 24px;\"><\/div>         <\/div>             <div class=\"kksr-star\" data-star=\"5\" style=\"padding-right: 5px\">               <div class=\"kksr-icon\" style=\"width: 24px; height: 24px;\"><\/div>         <\/div>     <\/div>      <div class=\"kksr-stars-active\" style=\"width: 142.5px;\">             <div class=\"kksr-star\" style=\"padding-right: 5px\">               <div class=\"kksr-icon\" style=\"width: 24px; height: 24px;\"><\/div>         <\/div>             <div class=\"kksr-star\" style=\"padding-right: 5px\">               <div class=\"kksr-icon\" style=\"width: 24px; height: 24px;\"><\/div>         <\/div>             <div class=\"kksr-star\" style=\"padding-right: 5px\">               <div class=\"kksr-icon\" style=\"width: 24px; height: 24px;\"><\/div>         <\/div>             <div class=\"kksr-star\" style=\"padding-right: 5px\">               <div class=\"kksr-icon\" style=\"width: 24px; height: 24px;\"><\/div>         <\/div>             <div class=\"kksr-star\" style=\"padding-right: 5px\">               <div class=\"kksr-icon\" style=\"width: 24px; height: 24px;\"><\/div>         <\/div>     <\/div> <\/div>                   <div class=\"kksr-legend\" style=\"font-size: 19.2px;\">             5\/5 - (4 oy)    <\/div>     <\/div>  <p class=\"translation-block\">Bu PET \u015fi\u015fe etiket s\u00f6kt\u00fcr\u00fcc\u00fc makinesi, PET maden suyu \u015fi\u015feleri, kola \u015fi\u015feleri, ya\u011f \u015fi\u015feleri gibi plastik \u015fi\u015feler i\u00e7in uygundur. PET \u015fi\u015fe s\u00f6kt\u00fcr\u00fcc\u00fc makine, plastik \u015fi\u015felerin \u00fczerindeki etiketleri \u015fi\u015fe g\u00f6vdesinden h\u0131zl\u0131 bir \u015fekilde ay\u0131rabilir. Etiket s\u00f6kme makinesinin kullan\u0131m\u0131, etiketleri manuel olarak s\u00f6kme i\u015fleminin d\u00fc\u015f\u00fck verimlili\u011fi sorununu \u00e7\u00f6zerek insanlar\u0131n yerini alabilir. Ekipman\u0131n y\u00fcksek verimlili\u011fi, <a href=\"https:\/\/plastic-machines.org\/tr\/product\/pet-bottle-recycling-line\/\">PET \u015fi\u015fe geri d\u00f6n\u00fc\u015f\u00fcm hatt\u0131<\/a> i\u00e7in b\u00fcy\u00fck \u00fcretim hacmi gereksinimlerini kar\u015f\u0131layacakt\u0131r.<\/p>    <p>Sermaye harcamalar\u0131nda \u015feffafl\u0131k, geri d\u00f6n\u00fc\u015f\u00fcm tesisinizin kurulumu i\u00e7in esast\u0131r. End\u00fcstriyel PET \u015fi\u015fe etiketi \u00e7\u0131kar\u0131c\u0131 makinemizin standart fiyat\u0131 5.500 USD'dir. Daha fazla bilgi i\u00e7in bizimle ileti\u015fime ge\u00e7mekten veya web sitemizdeki a\u00e7\u0131l\u0131r formda bilgilerinizi b\u0131rakmaktan \u00e7ekinmeyin.<\/p>   <div class=\"wp-block-image\"> <figure class=\"aligncenter size-full\"><img loading=\"lazy\" decoding=\"async\" width=\"720\" height=\"540\" src=\"https:\/\/plastic-machines.org\/wp-content\/uploads\/2022\/07\/plastic-machines.webp\" alt=\"PET \u015ei\u015fe Etiket S\u00f6kme Makinas\u0131\" class=\"wp-image-1209\" srcset=\"https:\/\/plastic-machines.org\/wp-content\/uploads\/2022\/07\/plastic-machines.webp 720w, https:\/\/plastic-machines.org\/wp-content\/uploads\/2022\/07\/plastic-machines-300x225.webp 300w, https:\/\/plastic-machines.org\/wp-content\/uploads\/2022\/07\/plastic-machines-16x12.webp 16w\" sizes=\"auto, (max-width: 720px) 100vw, 720px\" \/><\/figure> <\/div>   <h2 class=\"wp-block-heading\" id=\"h-application-of-pet-bottle-label-remover\">PET \u015fi\u015fe etiket s\u00f6k\u00fcc\u00fc uygulamas\u0131<\/h2>    <figure class=\"wp-block-gallery has-nested-images columns-default is-cropped wp-block-gallery-2 is-layout-flex wp-block-gallery-is-layout-flex\"> <figure class=\"wp-block-image size-large\"><img loading=\"lazy\" decoding=\"async\" width=\"720\" height=\"540\" data-id=\"172\" src=\"https:\/\/plastic-machines.org\/wp-content\/uploads\/2022\/07\/plastic-bottles-with-labels.webp\" alt=\"PET \u015ei\u015fe Etiket S\u00f6kme Makinesi malzemeleri\" class=\"wp-image-172\" srcset=\"https:\/\/plastic-machines.org\/wp-content\/uploads\/2022\/07\/plastic-bottles-with-labels.webp 720w, https:\/\/plastic-machines.org\/wp-content\/uploads\/2022\/07\/plastic-bottles-with-labels-300x225.webp 300w\" sizes=\"auto, (max-width: 720px) 100vw, 720px\" \/><figcaption class=\"wp-element-caption\">etiketli plastik \u015fi\u015feler<\/figcaption><\/figure>    <figure class=\"wp-block-image size-large\"><img loading=\"lazy\" decoding=\"async\" width=\"720\" height=\"540\" data-id=\"173\" src=\"https:\/\/plastic-machines.org\/wp-content\/uploads\/2022\/07\/packed-plastic-bottles-.webp\" alt=\"paketlenmi\u015f plastik \u015fi\u015feler\" class=\"wp-image-173\" srcset=\"https:\/\/plastic-machines.org\/wp-content\/uploads\/2022\/07\/packed-plastic-bottles-.webp 720w, https:\/\/plastic-machines.org\/wp-content\/uploads\/2022\/07\/packed-plastic-bottles--300x225.webp 300w\" sizes=\"auto, (max-width: 720px) 100vw, 720px\" \/><figcaption class=\"wp-element-caption\">paketlenmi\u015f plastik \u015fi\u015feler<\/figcaption><\/figure> <\/figure>    <h2 class=\"wp-block-heading\" id=\"h-final-effect-of-plastic-label-removing-machine\">Plastik etiket \u00e7\u0131karma makinesinin son etkisi<\/h2>    <figure class=\"wp-block-gallery has-nested-images columns-default is-cropped wp-block-gallery-3 is-layout-flex wp-block-gallery-is-layout-flex\"> <figure class=\"wp-block-image size-large\"><img loading=\"lazy\" decoding=\"async\" width=\"720\" height=\"540\" data-id=\"177\" src=\"https:\/\/plastic-machines.org\/wp-content\/uploads\/2022\/07\/plastic-bottles.webp\" alt=\"plastik etiket \u00e7\u0131karma makinas\u0131 son \u00fcr\u00fcnleri\" class=\"wp-image-177\" srcset=\"https:\/\/plastic-machines.org\/wp-content\/uploads\/2022\/07\/plastic-bottles.webp 720w, https:\/\/plastic-machines.org\/wp-content\/uploads\/2022\/07\/plastic-bottles-300x225.webp 300w\" sizes=\"auto, (max-width: 720px) 100vw, 720px\" \/><\/figure>    <figure class=\"wp-block-image size-large\"><img loading=\"lazy\" decoding=\"async\" width=\"720\" height=\"540\" data-id=\"178\" src=\"https:\/\/plastic-machines.org\/wp-content\/uploads\/2022\/07\/PET-bottles-without-labels.webp\" alt=\"plastik etiket \u00e7\u0131karma makinas\u0131 son \u00fcr\u00fcnleri\" class=\"wp-image-178\" srcset=\"https:\/\/plastic-machines.org\/wp-content\/uploads\/2022\/07\/PET-bottles-without-labels.webp 720w, https:\/\/plastic-machines.org\/wp-content\/uploads\/2022\/07\/PET-bottles-without-labels-300x225.webp 300w\" sizes=\"auto, (max-width: 720px) 100vw, 720px\" \/><\/figure> <figcaption class=\"blocks-gallery-caption wp-element-caption\">Etiketsiz PET \u015fi\u015feler<\/figcaption><\/figure>    <h2 class=\"wp-block-heading\">PET \u015fi\u015fe etiket s\u00f6k\u00fcc\u00fc nas\u0131l \u00e7al\u0131\u015f\u0131r?<\/h2>    <p>Etiket \u00e7\u0131karma \u00e7al\u0131\u015fmas\u0131nda iki \u00f6nemli ad\u0131m vard\u0131r. Bunlardan biri, standart d\u0131\u015f\u0131 silindir, ana \u015faft, \u015faft \u00fczerindeki hareketli b\u0131\u00e7ak ve silindir duvar\u0131ndaki sabit b\u0131\u00e7aktan olu\u015fan standart d\u0131\u015f\u0131 ba\u011flant\u0131d\u0131r. B\u0131\u00e7aklar\u0131n tamam\u0131 keskin u\u00e7lu sert ala\u015f\u0131ml\u0131 b\u0131\u00e7aklardan yap\u0131lm\u0131\u015ft\u0131r ve \u015fi\u015fe g\u00f6vdesi, itme i\u015flemi s\u0131ras\u0131nda b\u0131\u00e7aklarla temas ederek etiketi soyar.<\/p>    <p>The second step is separation. The devices required for this step mainly include a separation box, the main fan, and an auxiliary motor. The plastic labels are separated by the wind. The machine has high working efficiency, and the drop rate is as high as 98%.<\/p>    <h2 class=\"wp-block-heading\" id=\"h-pet-bottle-label-remover-factory-display\">PET \u015fi\u015fe etiketi s\u00f6k\u00fcc\u00fc fabrika ekran\u0131<\/h2>   <div class=\"wp-block-image\"> <figure class=\"aligncenter size-full\"><img loading=\"lazy\" decoding=\"async\" width=\"720\" height=\"540\" src=\"https:\/\/plastic-machines.org\/wp-content\/uploads\/2022\/07\/label-removing-machine.webp\" alt=\"etiket \u00e7\u0131karma makinesi\" class=\"wp-image-180\" srcset=\"https:\/\/plastic-machines.org\/wp-content\/uploads\/2022\/07\/label-removing-machine.webp 720w, https:\/\/plastic-machines.org\/wp-content\/uploads\/2022\/07\/label-removing-machine-300x225.webp 300w\" sizes=\"auto, (max-width: 720px) 100vw, 720px\" \/><figcaption class=\"wp-element-caption\">PET \u015fi\u015fe etiket s\u00f6k\u00fcc\u00fc makinesi<\/figcaption><\/figure> <\/div>  <div class=\"wp-block-image\"> <figure class=\"aligncenter size-full\"><img loading=\"lazy\" decoding=\"async\" width=\"720\" height=\"540\" src=\"https:\/\/plastic-machines.org\/wp-content\/uploads\/2022\/07\/PET-bottle-label-remover.webp\" alt=\"PET \u015fi\u015fe etiketi s\u00f6k\u00fcc\u00fc\" class=\"wp-image-181\" srcset=\"https:\/\/plastic-machines.org\/wp-content\/uploads\/2022\/07\/PET-bottle-label-remover.webp 720w, https:\/\/plastic-machines.org\/wp-content\/uploads\/2022\/07\/PET-bottle-label-remover-300x225.webp 300w\" sizes=\"auto, (max-width: 720px) 100vw, 720px\" \/><figcaption class=\"wp-element-caption\">PET \u015fi\u015fe etiket s\u00f6k\u00fcc\u00fc makinesi<\/figcaption><\/figure> <\/div>  <div class=\"wp-block-image\"> <figure class=\"aligncenter size-full\"><img loading=\"lazy\" decoding=\"async\" width=\"720\" height=\"540\" src=\"https:\/\/plastic-machines.org\/wp-content\/uploads\/2022\/07\/plastic-label-remover.webp\" alt=\"PET \u015fi\u015fe etiket s\u00f6k\u00fcc\u00fc makinesi\" class=\"wp-image-182\" srcset=\"https:\/\/plastic-machines.org\/wp-content\/uploads\/2022\/07\/plastic-label-remover.webp 720w, https:\/\/plastic-machines.org\/wp-content\/uploads\/2022\/07\/plastic-label-remover-300x225.webp 300w\" sizes=\"auto, (max-width: 720px) 100vw, 720px\" \/><figcaption class=\"wp-element-caption\">plastik \u015fi\u015fe etiketi \u00e7\u0131kar\u0131c\u0131<\/figcaption><\/figure> <\/div>   <h2 class=\"wp-block-heading\">Etiket \u00e7\u0131karma makinesinin avantajlar\u0131<\/h2>    <ul class=\"wp-block-list\"> <li>PET \u015fi\u015fe etiket \u00e7\u0131karma makinesinin kesme aletleri, a\u015f\u0131nmaya dayan\u0131kl\u0131 ve uzun kullan\u0131m s\u00fcresine sahip ithal ala\u015f\u0131mlar kullan\u0131r. Kesici b\u0131\u00e7aklar ayarlanabilir ve de\u011fi\u015ftirilebilir, b\u00f6ylece makinenin d\u00fc\u015fme oran\u0131 konusunda endi\u015felenmenize gerek kalmaz.<\/li>    <li>Plastik etiket \u00e7\u0131karma makinesi, g\u00fc\u00e7l\u00fc g\u00fcce ve d\u00fc\u015f\u00fck g\u00fcr\u00fclt\u00fcye sahip \u00e7ift g\u00fc\u00e7l\u00fc bir egzoz fan\u0131 kullan\u0131r.<\/li>    <li>Motorlar termal koruma fonksiyonuna sahiptir, uzun s\u00fcreli kullan\u0131mdan sonra \u0131s\u0131 \u00fcretmezler ve kullan\u0131m s\u00fcresi uzundur.<\/li> <\/ul>    <figure class=\"wp-block-gallery has-nested-images columns-default is-cropped wp-block-gallery-4 is-layout-flex wp-block-gallery-is-layout-flex\"> <figure class=\"wp-block-image size-large\"><img loading=\"lazy\" decoding=\"async\" width=\"526\" height=\"394\" data-id=\"176\" src=\"https:\/\/plastic-machines.org\/wp-content\/uploads\/2022\/07\/inside-structure-1-edited.webp\" alt=\"etiket \u00e7\u0131karma makinesi\" class=\"wp-image-176\" srcset=\"https:\/\/plastic-machines.org\/wp-content\/uploads\/2022\/07\/inside-structure-1-edited.webp 526w, https:\/\/plastic-machines.org\/wp-content\/uploads\/2022\/07\/inside-structure-1-edited-300x225.webp 300w\" sizes=\"auto, (max-width: 526px) 100vw, 526px\" \/><figcaption class=\"wp-element-caption\">PET \u015fi\u015fe etiket s\u00f6kme makinesinin i\u00e7 yap\u0131s\u0131<\/figcaption><\/figure>    <figure class=\"wp-block-image size-large\"><img loading=\"lazy\" decoding=\"async\" width=\"720\" height=\"540\" data-id=\"175\" src=\"https:\/\/plastic-machines.org\/wp-content\/uploads\/2022\/07\/inside-blades.webp\" alt=\"etiket \u00e7\u0131karma makinesinin i\u00e7 b\u0131\u00e7aklar\u0131\" class=\"wp-image-175\" srcset=\"https:\/\/plastic-machines.org\/wp-content\/uploads\/2022\/07\/inside-blades.webp 720w, https:\/\/plastic-machines.org\/wp-content\/uploads\/2022\/07\/inside-blades-300x225.webp 300w\" sizes=\"auto, (max-width: 720px) 100vw, 720px\" \/><figcaption class=\"wp-element-caption\">\u015fi\u015fe geri d\u00f6n\u00fc\u015f\u00fcm makinesinin i\u00e7 b\u0131\u00e7aklar\u0131<\/figcaption><\/figure> <\/figure>    <h2 class=\"wp-block-heading\">PET \u015fi\u015fe etiket s\u00f6kme makinesinin parametreleri <\/h2>    <figure class=\"wp-block-table\"><table><tbody><tr><td>Modeli<\/td><td>SL-50<\/td><\/tr><tr><td>Uzunluk (m)<\/td><td>4.3<\/td><\/tr><tr><td>Geni\u015flik (m)<\/td><td>0.63<\/td><\/tr><tr><td>G\u00fc\u00e7 (kw)<\/td><td>15+1.5<\/td><\/tr><tr><td>D\u0131\u015f duvar kal\u0131nl\u0131\u011f\u0131 (mm)<\/td><td>8<\/td><\/tr><tr><td>Etiket ta\u015f\u0131ma h\u0131z\u0131<\/td><td>98%<\/td><\/tr><\/tbody><\/table><\/figure>    <p>Yukar\u0131daki model SL-50 en \u00e7ok satan modelimizdir, ayr\u0131ca daha b\u00fcy\u00fck kapasiteli ba\u015fka modellerimiz de mevcuttur. \u0130lgileniyorsan\u0131z bize dan\u0131\u015fabilirsiniz, PET \u015fi\u015fe etiket s\u00f6kme makinesinin ayr\u0131nt\u0131lar\u0131n\u0131 tan\u0131taca\u011f\u0131z.<\/p>    <h2 class=\"wp-block-heading\">Etiket \u00e7\u0131karma makinas\u0131 videosu<\/h2>    <p>Videoda etiket \u00e7\u0131karma makinesinin nas\u0131l i\u015f yapt\u0131\u011f\u0131n\u0131 izleyebilirsiniz, e\u011fer ilgileniyorsan\u0131z Youtube kanal\u0131m\u0131za abone olabilirsiniz, plastik geri d\u00f6n\u00fc\u015f\u00fcm makinelerinin videolar\u0131n\u0131 g\u00fcncelleyece\u011fiz.<\/p>    <figure class=\"wp-block-embed is-type-video is-provider-youtube wp-block-embed-youtube wp-embed-aspect-16-9 wp-has-aspect-ratio\"><div class=\"wp-block-embed__wrapper\"> <iframe loading=\"lazy\" title=\"PET \u015fi\u015fe etiketi s\u00f6k\u00fcc\u00fc | Etiket \u00e7\u0131karma makinesi\" width=\"500\" height=\"281\" src=\"https:\/\/www.youtube.com\/embed\/jqpJbfWeKSs?start=43&#038;feature=oembed\" frameborder=\"0\" allow=\"accelerometer; autoplay; clipboard-write; encrypted-media; gyroscope; picture-in-picture; web-share\" referrerpolicy=\"strict-origin-when-cross-origin\" allowfullscreen><\/iframe> <\/div><\/figure>    <h2 class=\"wp-block-heading\">Etiket \u00e7\u0131karma makinesinin gereklili\u011fi<\/h2>    <p>Plastik \u015fi\u015fe \u00fcretim s\u00fcreci a\u00e7\u0131s\u0131ndan bak\u0131ld\u0131\u011f\u0131nda \u015fi\u015fe g\u00f6vdesi, kapa\u011f\u0131 ve plastik etiketi tamamen ayr\u0131 ayr\u0131 \u00fcretilmektedir. Hepsi plastik olmas\u0131na ra\u011fmen esas olarak plastik katsay\u0131s\u0131ndan dolay\u0131 t\u00fcrleri farkl\u0131d\u0131r. Bunlar aras\u0131nda \u015fi\u015fe g\u00f6vdesi PET, kapa\u011f\u0131 genellikle PE ve plastik etiketi PVC'dir. Bu nedenle geri d\u00f6n\u00fc\u015ft\u00fcr\u00fclm\u00fc\u015f plastiklerin kalitesini ve safl\u0131\u011f\u0131n\u0131 sa\u011flamak i\u00e7in geri d\u00f6n\u00fc\u015f\u00fcm s\u0131ras\u0131nda bunlar\u0131n da ayr\u0131 olarak geri d\u00f6n\u00fc\u015ft\u00fcr\u00fclmesi gerekir.<\/p>","protected":false},"excerpt":{"rendered":"<p>This PET bottle label remover machine is suitable for plastic bottles such as PET mineral water bottles, cola bottles, oil bottles, etc. The PET bottle remover machine can quickly separate the labels on the plastic bottles from the bottle body. The use of the label removing machine can replace people to remove labels, solving the [&hellip;]<\/p>\n","protected":false},"author":1,"featured_media":446,"parent":0,"template":"","tags":[58,35],"product-type":[15,27],"class_list":["post-166","product","type-product","status-publish","has-post-thumbnail","hentry","tag-label","tag-pet","product-type-plastic-crushing-equipment","product-type-separation-technology"],"taxonomy_info":{"post_tag":[{"value":58,"label":"label"},{"value":35,"label":"PET"}],"product-type":[{"value":15,"label":"Plastic Crushing Equipment"},{"value":27,"label":"Separation Technology"}]},"featured_image_src_large":["https:\/\/plastic-machines.org\/wp-content\/uploads\/2022\/06\/PET-bottle-label-removing-machine1.webp",720,540,false],"author_info":{"display_name":"Ella","author_link":"https:\/\/plastic-machines.org\/tr\/author\/admin\/"},"comment_info":"","_links":{"self":[{"href":"https:\/\/plastic-machines.org\/tr\/wp-json\/wp\/v2\/product\/166","targetHints":{"allow":["GET"]}}],"collection":[{"href":"https:\/\/plastic-machines.org\/tr\/wp-json\/wp\/v2\/product"}],"about":[{"href":"https:\/\/plastic-machines.org\/tr\/wp-json\/wp\/v2\/types\/product"}],"author":[{"embeddable":true,"href":"https:\/\/plastic-machines.org\/tr\/wp-json\/wp\/v2\/users\/1"}],"wp:featuredmedia":[{"embeddable":true,"href":"https:\/\/plastic-machines.org\/tr\/wp-json\/wp\/v2\/media\/446"}],"wp:attachment":[{"href":"https:\/\/plastic-machines.org\/tr\/wp-json\/wp\/v2\/media?parent=166"}],"wp:term":[{"taxonomy":"post_tag","embeddable":true,"href":"https:\/\/plastic-machines.org\/tr\/wp-json\/wp\/v2\/tags?post=166"},{"taxonomy":"product-type","embeddable":true,"href":"https:\/\/plastic-machines.org\/tr\/wp-json\/wp\/v2\/product-type?post=166"}],"curies":[{"name":"wp","href":"https:\/\/api.w.org\/{rel}","templated":true}]}}