{"id":155,"date":"2022-07-04T03:45:03","date_gmt":"2022-07-04T03:45:03","guid":{"rendered":"https:\/\/plastic-machines.org\/?post_type=product&#038;p=155"},"modified":"2025-11-18T11:34:53","modified_gmt":"2025-11-18T03:34:53","slug":"plastic-bottle-crusher","status":"publish","type":"product","link":"https:\/\/plastic-machines.org\/tr\/product\/plastic-bottle-crusher\/","title":{"rendered":"PET \u00d6\u011f\u00fctme Tesisi i\u00e7in Plastik \u015ei\u015fe K\u0131r\u0131c\u0131"},"content":{"rendered":"<div class=\"kk-star-ratings kksr-auto kksr-align-left kksr-valign-top\"     data-payload='{&quot;align&quot;:&quot;left&quot;,&quot;id&quot;:&quot;155&quot;,&quot;slug&quot;:&quot;default&quot;,&quot;valign&quot;:&quot;top&quot;,&quot;ignore&quot;:&quot;&quot;,&quot;reference&quot;:&quot;auto&quot;,&quot;class&quot;:&quot;&quot;,&quot;count&quot;:&quot;3&quot;,&quot;legendonly&quot;:&quot;&quot;,&quot;readonly&quot;:&quot;&quot;,&quot;score&quot;:&quot;5&quot;,&quot;starsonly&quot;:&quot;&quot;,&quot;best&quot;:&quot;5&quot;,&quot;gap&quot;:&quot;5&quot;,&quot;greet&quot;:&quot;Rate this product&quot;,&quot;legend&quot;:&quot;5\\\/5 - (3 votes)&quot;,&quot;size&quot;:&quot;24&quot;,&quot;title&quot;:&quot;Plastic Bottle Crusher for PET Grinding Plant&quot;,&quot;width&quot;:&quot;142.5&quot;,&quot;_legend&quot;:&quot;{score}\\\/{best} - ({count} {votes})&quot;,&quot;font_factor&quot;:&quot;1.25&quot;}'>              <div class=\"kksr-stars\">      <div class=\"kksr-stars-inactive\">             <div class=\"kksr-star\" data-star=\"1\" style=\"padding-right: 5px\">               <div class=\"kksr-icon\" style=\"width: 24px; height: 24px;\"><\/div>         <\/div>             <div class=\"kksr-star\" data-star=\"2\" style=\"padding-right: 5px\">               <div class=\"kksr-icon\" style=\"width: 24px; height: 24px;\"><\/div>         <\/div>             <div class=\"kksr-star\" data-star=\"3\" style=\"padding-right: 5px\">               <div class=\"kksr-icon\" style=\"width: 24px; height: 24px;\"><\/div>         <\/div>             <div class=\"kksr-star\" data-star=\"4\" style=\"padding-right: 5px\">               <div class=\"kksr-icon\" style=\"width: 24px; height: 24px;\"><\/div>         <\/div>             <div class=\"kksr-star\" data-star=\"5\" style=\"padding-right: 5px\">               <div class=\"kksr-icon\" style=\"width: 24px; height: 24px;\"><\/div>         <\/div>     <\/div>      <div class=\"kksr-stars-active\" style=\"width: 142.5px;\">             <div class=\"kksr-star\" style=\"padding-right: 5px\">               <div class=\"kksr-icon\" style=\"width: 24px; height: 24px;\"><\/div>         <\/div>             <div class=\"kksr-star\" style=\"padding-right: 5px\">               <div class=\"kksr-icon\" style=\"width: 24px; height: 24px;\"><\/div>         <\/div>             <div class=\"kksr-star\" style=\"padding-right: 5px\">               <div class=\"kksr-icon\" style=\"width: 24px; height: 24px;\"><\/div>         <\/div>             <div class=\"kksr-star\" style=\"padding-right: 5px\">               <div class=\"kksr-icon\" style=\"width: 24px; height: 24px;\"><\/div>         <\/div>             <div class=\"kksr-star\" style=\"padding-right: 5px\">               <div class=\"kksr-icon\" style=\"width: 24px; height: 24px;\"><\/div>         <\/div>     <\/div> <\/div>                   <div class=\"kksr-legend\" style=\"font-size: 19.2px;\">             5\/5 - (3 oy)    <\/div>     <\/div>  <p>Shuliy plastik \u015fi\u015fe k\u0131r\u0131c\u0131 esas olarak at\u0131k su \u015fi\u015feleri, s\u00fct \u015fi\u015feleri ve ya\u011f kutular\u0131 gibi plastik at\u0131klar\u0131n profesyonel olarak ezilmesi i\u00e7in kullan\u0131l\u0131r.  Biz buna plastik \u015fi\u015fe \u00f6\u011f\u00fct\u00fcc\u00fc de diyoruz. Bu \u015fi\u015fe \u00f6\u011f\u00fct\u00fcc\u00fcn\u00fcn ana \u00f6zelli\u011fi, PET \u015fi\u015fe pullar\u0131n\u0131n \u00f6\u011f\u00fct\u00fclmesini etkili bir \u015fekilde ger\u00e7ekle\u015ftirebilen bo\u015faltma yap\u0131s\u0131nda yeni bir iyile\u015ftirmeye sahip olmas\u0131d\u0131r. Komple PET geri d\u00f6n\u00fc\u015f\u00fcm hatt\u0131n\u0131n \u00f6nemli makinelerinden biridir.<\/p>    <h2 class=\"wp-block-heading\" id=\"h-introduction-of-plastic-bottle-crusher\">Plastik \u015fi\u015fe k\u0131r\u0131c\u0131n\u0131n tan\u0131t\u0131m\u0131 <\/h2>    <p class=\"translation-block\">G\u00fcn\u00fcm\u00fczde beyaz kirlilik ciddi hale geldik\u00e7e, daha \u00e7ok \u00fclke at\u0131k plastik kaynaklar\u0131n\u0131n geri kazan\u0131m\u0131n\u0131 ve yeniden kullan\u0131m\u0131n\u0131 savunmaya ba\u015flam\u0131\u015ft\u0131r. <a href=\"https:\/\/en.wikipedia.org\/wiki\/PET_bottle_recycling\" target=\"_blank\" rel=\"noopener\">PET plastik \u015fi\u015felerin geri d\u00f6n\u00fc\u015f\u00fcm\u00fc<\/a> kapsam\u0131nda plastik \u015fi\u015fe de\u011firmeni \u00e7ok \u00f6nemli bir ekipmand\u0131r. Plastik k\u0131rma makinesi, at\u0131k plastik \u015fi\u015feleri verimli bir \u015fekilde k\u0131rabilir ve bunlar\u0131 e\u015fit boyutta PET damlalar\u0131na k\u0131rabilir.<\/p>   <div class=\"wp-block-image\"> <figure class=\"aligncenter size-full\"><img loading=\"lazy\" decoding=\"async\" width=\"720\" height=\"540\" src=\"https:\/\/plastic-machines.org\/wp-content\/uploads\/2022\/07\/plastic-shredder.webp\" alt=\"plastik \u015fi\u015fe par\u00e7alay\u0131c\u0131\" class=\"wp-image-158\" srcset=\"https:\/\/plastic-machines.org\/wp-content\/uploads\/2022\/07\/plastic-shredder.webp 720w, https:\/\/plastic-machines.org\/wp-content\/uploads\/2022\/07\/plastic-shredder-300x225.webp 300w\" sizes=\"auto, (max-width: 720px) 100vw, 720px\" \/><figcaption class=\"wp-element-caption\">plastik \u015fi\u015fe par\u00e7alay\u0131c\u0131<\/figcaption><\/figure> <\/div>  <div class=\"wp-block-image\"> <figure class=\"aligncenter size-full\"><img loading=\"lazy\" decoding=\"async\" width=\"720\" height=\"540\" src=\"https:\/\/plastic-machines.org\/wp-content\/uploads\/2022\/07\/plastic-bottle-shredder.webp\" alt=\"PET \u015fi\u015fe ta\u015flama makinesi\" class=\"wp-image-160\" srcset=\"https:\/\/plastic-machines.org\/wp-content\/uploads\/2022\/07\/plastic-bottle-shredder.webp 720w, https:\/\/plastic-machines.org\/wp-content\/uploads\/2022\/07\/plastic-bottle-shredder-300x225.webp 300w\" sizes=\"auto, (max-width: 720px) 100vw, 720px\" \/><figcaption class=\"wp-element-caption\">fabrikada plastik \u015fi\u015fe \u00f6\u011f\u00fct\u00fcc\u00fcler<\/figcaption><\/figure> <\/div>   <h2 class=\"wp-block-heading\">PET k\u0131r\u0131c\u0131n\u0131n hammaddeleri ve son \u00fcr\u00fcnleri<\/h2>    <p>Plastik \u015fi\u015fe k\u0131r\u0131c\u0131, maden suyu \u015fi\u015feleri, i\u00e7ecek \u015fi\u015feleri, ya\u011f \u015fi\u015feleri vb. dahil olmak \u00fczere PET \u015fi\u015feleri ezmek i\u00e7in kullan\u0131l\u0131r. D\u00fczle\u015ftirilmi\u015f plastik \u015fi\u015feler ve paketlenmi\u015f \u015fi\u015fe tu\u011flalar\u0131 da mevcuttur. K\u0131r\u0131c\u0131n\u0131n \u00f6zel b\u0131\u00e7aklar\u0131, PET pullar\u0131n\u0131n s\u00fcrt\u00fcnmesinden kaynaklanan statik elektri\u011fe kar\u015f\u0131 tasarlanm\u0131\u015ft\u0131r. Son pullar e\u015fit ve i\u015flenmeye haz\u0131rd\u0131r.<\/p>   <div class=\"wp-block-image\"> <figure class=\"aligncenter size-full\"><img loading=\"lazy\" decoding=\"async\" width=\"720\" height=\"540\" src=\"https:\/\/plastic-machines.org\/wp-content\/uploads\/2022\/07\/PET-materials-1.webp\" alt=\"plastik \u015fi\u015fe par\u00e7alay\u0131c\u0131 hammaddeleri\" class=\"wp-image-549\" srcset=\"https:\/\/plastic-machines.org\/wp-content\/uploads\/2022\/07\/PET-materials-1.webp 720w, https:\/\/plastic-machines.org\/wp-content\/uploads\/2022\/07\/PET-materials-1-300x225.webp 300w\" sizes=\"auto, (max-width: 720px) 100vw, 720px\" \/><\/figure> <\/div>   <h2 class=\"wp-block-heading\">Plastik \u015fi\u015fe par\u00e7alay\u0131c\u0131n\u0131n \u00e7al\u0131\u015fma prensibi<\/h2>    <p>PET \u015fi\u015fe k\u0131rma makinemizin \u00e7al\u0131\u015fma prensibini anlamak kolayd\u0131r. Sabit b\u0131\u00e7ak ve hareketli b\u0131\u00e7a\u011f\u0131n i\u00e7indeki k\u0131rma bo\u015flu\u011fu, plastik \u015fi\u015fe \u00fczerinde bir kesme a\u00e7\u0131s\u0131 olu\u015fturacak \u015fekilde iki b\u0131\u00e7ak aras\u0131ndaki kesimdeki de\u011fi\u015fikliklere ba\u011fl\u0131 olarak plastik \u015fi\u015fe, b\u0131\u00e7aklar taraf\u0131ndan ezilecektir.<\/p>   <div class=\"wp-block-image\"> <figure class=\"aligncenter size-full\"><img loading=\"lazy\" decoding=\"async\" width=\"720\" height=\"540\" src=\"https:\/\/plastic-machines.org\/wp-content\/uploads\/2022\/07\/blades-of-PET-crusher.webp\" alt=\"PET \u015fi\u015fe k\u0131r\u0131c\u0131n\u0131n b\u0131\u00e7aklar\u0131\" class=\"wp-image-161\" srcset=\"https:\/\/plastic-machines.org\/wp-content\/uploads\/2022\/07\/blades-of-PET-crusher.webp 720w, https:\/\/plastic-machines.org\/wp-content\/uploads\/2022\/07\/blades-of-PET-crusher-300x225.webp 300w\" sizes=\"auto, (max-width: 720px) 100vw, 720px\" \/><figcaption class=\"wp-element-caption\">PET k\u0131r\u0131c\u0131n\u0131n b\u0131\u00e7aklar\u0131<\/figcaption><\/figure> <\/div>  <div class=\"wp-block-image\"> <figure class=\"aligncenter size-full\"><img loading=\"lazy\" decoding=\"async\" width=\"720\" height=\"540\" src=\"https:\/\/plastic-machines.org\/wp-content\/uploads\/2022\/07\/inside-structure.webp\" alt=\"PET \u015fi\u015fe k\u0131rma makinesinin b\u0131\u00e7ak mili (i\u00e7 yap\u0131s\u0131)\" class=\"wp-image-162\" srcset=\"https:\/\/plastic-machines.org\/wp-content\/uploads\/2022\/07\/inside-structure.webp 720w, https:\/\/plastic-machines.org\/wp-content\/uploads\/2022\/07\/inside-structure-300x225.webp 300w\" sizes=\"auto, (max-width: 720px) 100vw, 720px\" \/><figcaption class=\"wp-element-caption\">plastik \u015fi\u015fe \u00f6\u011f\u00fct\u00fcc\u00fc b\u0131\u00e7aklar\u0131 mili (i\u00e7 yap\u0131)<\/figcaption><\/figure> <\/div>   <h2 class=\"wp-block-heading\">PET \u015fi\u015fe k\u0131rma makinesi parametreleri <\/h2>    <figure class=\"wp-block-table\"><table><tbody><tr><td>Modeli<\/td><td>SL-60<\/td><td>SL-80<\/td><td>SL-100<\/td><td>SL-120<\/td><\/tr><tr><td>Kapasite (kg\/saat)<\/td><td>500<\/td><td>1000<\/td><td>1500<\/td><td>3000<\/td><\/tr><tr><td>Motorlu (kw)<\/td><td>22<\/td><td>37<\/td><td>75<\/td><td>90<\/td><\/tr><tr><td>Y\u00fckseklik (m)<\/td><td>1.8<\/td><td>2.6<\/td><td>2.6<\/td><td>2.6<\/td><\/tr><tr><td>B\u0131\u00e7a\u011f\u0131n kal\u0131nl\u0131\u011f\u0131 (mm)<\/td><td>30<\/td><td>40<\/td><td>40<\/td><td>40<\/td><\/tr><tr><td>Plaka kal\u0131nl\u0131\u011f\u0131 (mm)<\/td><td>16<\/td><td>20<\/td><td>30<\/td><td>30<\/td><\/tr><\/tbody><\/table><\/figure>    <p>Ayr\u0131ca plastik par\u00e7alay\u0131c\u0131lar\u0131n elek a\u011f boyutu aral\u0131\u011f\u0131 14-18 mm'dir; Her par\u00e7alay\u0131c\u0131da 1,5kw g\u00fcc\u00fcnde besleme asans\u00f6r\u00fc bulunacakt\u0131r. Plastik \u015fi\u015fe par\u00e7alama makinesinin k\u0131rma haznesinin kal\u0131nl\u0131\u011f\u0131, makinenin modeli b\u00fcy\u00fcd\u00fck\u00e7e kal\u0131nla\u015f\u0131r.<\/p>    <h2 class=\"wp-block-heading\">PET \u015fi\u015fe k\u0131rma makinesinin avantajlar\u0131<\/h2>    <ol class=\"wp-block-list\"> <li>Shuliy'nin plastik \u015fi\u015fe k\u0131r\u0131c\u0131s\u0131, makinenin alt k\u0131sm\u0131nda, ezilmi\u015f plastik \u015fi\u015fe par\u00e7alar\u0131n\u0131 spiral konvey\u00f6rden otomatik olarak d\u0131\u015far\u0131 itebilen ve kald\u0131rma plakas\u0131n\u0131n hareketi alt\u0131nda durulama ekipman\u0131 ile h\u0131zl\u0131 bir \u015fekilde y\u0131kama ve kurutma hatt\u0131 \u00fcretimi olu\u015fturabilen bir spiral bo\u015falt\u0131c\u0131ya sahiptir. .<\/li>    <li>Plastik \u015fi\u015fe \u00f6\u011f\u00fct\u00fcc\u00fc, zorla k\u0131rma i\u00e7in plastik \u015fi\u015fenin bo\u015flu\u011funa etkili bir \u015fekilde girebilen zorla besleme cihaz\u0131n\u0131 artt\u0131rd\u0131. Zorla besleme cihaz\u0131, k\u0131rma verimlili\u011fini art\u0131r\u0131rken malzemenin geri \u00e7\u0131kmas\u0131n\u0131 etkili bir \u015fekilde \u00f6nleyebilir.<\/li>    <li>Shuliy plastik \u015fi\u015fe ta\u015flama makinesi b\u0131\u00e7ak tasar\u0131m\u0131 benzersizdir; bu, a\u015f\u0131r\u0131 g\u00fc\u00e7 ve mil s\u0131k\u0131\u015fmas\u0131 olgusunun neden oldu\u011fu plastik \u015fi\u015fe kesme kuvvetini etkili bir \u015fekilde \u00f6nleyebilir ve s\u0131k\u0131\u015fma olgusunu azalt\u0131r. Bu b\u0131\u00e7aklara sahip PET \u015fi\u015fe k\u0131rma makinesi, uzun ve istikrarl\u0131 bir \u00e7al\u0131\u015fma sa\u011flayacakt\u0131r.<\/li> <\/ol>    <h2 class=\"wp-block-heading\">PET \u015fi\u015fe \u00f6\u011f\u00fct\u00fcc\u00fcn\u00fcn videosu<\/h2>    <figure class=\"wp-block-embed is-type-video is-provider-youtube wp-block-embed-youtube wp-embed-aspect-16-9 wp-has-aspect-ratio\"><div class=\"wp-block-embed__wrapper\"> <iframe loading=\"lazy\" title=\"Plastik \u015fi\u015fe k\u0131r\u0131c\u0131 | PET plastik k\u0131rma makinesi\" width=\"500\" height=\"281\" src=\"https:\/\/www.youtube.com\/embed\/aMnGnzOSAkI?feature=oembed\" frameborder=\"0\" allow=\"accelerometer; autoplay; clipboard-write; encrypted-media; gyroscope; picture-in-picture; web-share\" referrerpolicy=\"strict-origin-when-cross-origin\" allowfullscreen><\/iframe> <\/div><\/figure>    <h2 class=\"wp-block-heading\">Sizin i\u00e7in PET \u015fi\u015fe geri d\u00f6n\u00fc\u015f\u00fcm hatt\u0131n\u0131 \u00f6nerin<\/h2>    <p class=\"translation-block\">Shuliy Machinery at\u0131k PET \u015fi\u015feler i\u00e7in b\u00fct\u00fcn bir <a href=\"https:\/\/plastic-machines.org\/tr\/product\/pet-bottle-recycling-line\/\">geri d\u00f6n\u00fc\u015f\u00fcm y\u0131kama hatt\u0131<\/a> sa\u011flar. \u00c7ekirdek ekipmanlar bir plastik \u015fi\u015fe k\u0131r\u0131c\u0131, durulama tank\u0131, PET s\u00fcrt\u00fcnme y\u0131kama makinesi ve s\u0131cak su y\u0131kama tank\u0131n\u0131 i\u00e7erir. Ayr\u0131ca m\u00fc\u015fterilerin taleplerine g\u00f6re \u00f6zelle\u015ftirilmi\u015f makineleri destekliyoruz. \u015eimdi bize dan\u0131\u015f\u0131n veya web sitemizde mesaj b\u0131rak\u0131n.<\/p>   <div class=\"wp-block-image\"> <figure class=\"aligncenter size-full\"><img loading=\"lazy\" decoding=\"async\" width=\"720\" height=\"540\" src=\"https:\/\/plastic-machines.org\/wp-content\/uploads\/2022\/07\/PET-washing-line1.webp\" alt=\"PET \u015fi\u015fe geri d\u00f6n\u00fc\u015f\u00fcm makinas\u0131\" class=\"wp-image-301\" srcset=\"https:\/\/plastic-machines.org\/wp-content\/uploads\/2022\/07\/PET-washing-line1.webp 720w, https:\/\/plastic-machines.org\/wp-content\/uploads\/2022\/07\/PET-washing-line1-300x225.webp 300w\" sizes=\"auto, (max-width: 720px) 100vw, 720px\" \/><figcaption class=\"wp-element-caption\">PET y\u0131kama geri d\u00f6n\u00fc\u015f\u00fcm hatt\u0131<\/figcaption><\/figure> <\/div>","protected":false},"excerpt":{"rendered":"<p>Shuliy plastic bottle crusher is mainly used for the professional crushing of plastic scraps such as waste water bottles, milk bottles and oil cans. We also call it a plastic bottle grinder. The main feature of this bottle grinder is that it has a new improvement in the discharge structure, which can effectively achieve the [&hellip;]<\/p>\n","protected":false},"author":1,"featured_media":449,"parent":0,"template":"","tags":[39,35],"product-type":[15],"class_list":["post-155","product","type-product","status-publish","has-post-thumbnail","hentry","tag-flake","tag-pet","product-type-plastic-crushing-equipment"],"taxonomy_info":{"post_tag":[{"value":39,"label":"flake"},{"value":35,"label":"PET"}],"product-type":[{"value":15,"label":"Plastic Crushing Equipment"}]},"featured_image_src_large":["https:\/\/plastic-machines.org\/wp-content\/uploads\/2022\/06\/PET-plastic-crusher1.webp",720,540,false],"author_info":{"display_name":"Ella","author_link":"https:\/\/plastic-machines.org\/tr\/author\/admin\/"},"comment_info":"","_links":{"self":[{"href":"https:\/\/plastic-machines.org\/tr\/wp-json\/wp\/v2\/product\/155","targetHints":{"allow":["GET"]}}],"collection":[{"href":"https:\/\/plastic-machines.org\/tr\/wp-json\/wp\/v2\/product"}],"about":[{"href":"https:\/\/plastic-machines.org\/tr\/wp-json\/wp\/v2\/types\/product"}],"author":[{"embeddable":true,"href":"https:\/\/plastic-machines.org\/tr\/wp-json\/wp\/v2\/users\/1"}],"wp:featuredmedia":[{"embeddable":true,"href":"https:\/\/plastic-machines.org\/tr\/wp-json\/wp\/v2\/media\/449"}],"wp:attachment":[{"href":"https:\/\/plastic-machines.org\/tr\/wp-json\/wp\/v2\/media?parent=155"}],"wp:term":[{"taxonomy":"post_tag","embeddable":true,"href":"https:\/\/plastic-machines.org\/tr\/wp-json\/wp\/v2\/tags?post=155"},{"taxonomy":"product-type","embeddable":true,"href":"https:\/\/plastic-machines.org\/tr\/wp-json\/wp\/v2\/product-type?post=155"}],"curies":[{"name":"wp","href":"https:\/\/api.w.org\/{rel}","templated":true}]}}