{"id":1165,"date":"2023-12-14T18:02:41","date_gmt":"2023-12-14T10:02:41","guid":{"rendered":"https:\/\/plastic-machines.org\/?post_type=product&#038;p=1165"},"modified":"2025-11-14T16:01:20","modified_gmt":"2025-11-14T08:01:20","slug":"plastic-pellet-storage-silo","status":"publish","type":"product","link":"https:\/\/plastic-machines.org\/tr\/product\/plastic-pellet-storage-silo\/","title":{"rendered":"Plastik Pelet Depolama Silosu"},"content":{"rendered":"<div class=\"kk-star-ratings kksr-auto kksr-align-left kksr-valign-top\"     data-payload='{&quot;align&quot;:&quot;left&quot;,&quot;id&quot;:&quot;1165&quot;,&quot;slug&quot;:&quot;default&quot;,&quot;valign&quot;:&quot;top&quot;,&quot;ignore&quot;:&quot;&quot;,&quot;reference&quot;:&quot;auto&quot;,&quot;class&quot;:&quot;&quot;,&quot;count&quot;:&quot;1&quot;,&quot;legendonly&quot;:&quot;&quot;,&quot;readonly&quot;:&quot;&quot;,&quot;score&quot;:&quot;5&quot;,&quot;starsonly&quot;:&quot;&quot;,&quot;best&quot;:&quot;5&quot;,&quot;gap&quot;:&quot;5&quot;,&quot;greet&quot;:&quot;Rate this product&quot;,&quot;legend&quot;:&quot;5\\\/5 - (1 vote)&quot;,&quot;size&quot;:&quot;24&quot;,&quot;title&quot;:&quot;Plastic Pellet Storage Silo&quot;,&quot;width&quot;:&quot;142.5&quot;,&quot;_legend&quot;:&quot;{score}\\\/{best} - ({count} {votes})&quot;,&quot;font_factor&quot;:&quot;1.25&quot;}'>              <div class=\"kksr-stars\">      <div class=\"kksr-stars-inactive\">             <div class=\"kksr-star\" data-star=\"1\" style=\"padding-right: 5px\">               <div class=\"kksr-icon\" style=\"width: 24px; height: 24px;\"><\/div>         <\/div>             <div class=\"kksr-star\" data-star=\"2\" style=\"padding-right: 5px\">               <div class=\"kksr-icon\" style=\"width: 24px; height: 24px;\"><\/div>         <\/div>             <div class=\"kksr-star\" data-star=\"3\" style=\"padding-right: 5px\">               <div class=\"kksr-icon\" style=\"width: 24px; height: 24px;\"><\/div>         <\/div>             <div class=\"kksr-star\" data-star=\"4\" style=\"padding-right: 5px\">               <div class=\"kksr-icon\" style=\"width: 24px; height: 24px;\"><\/div>         <\/div>             <div class=\"kksr-star\" data-star=\"5\" style=\"padding-right: 5px\">               <div class=\"kksr-icon\" style=\"width: 24px; height: 24px;\"><\/div>         <\/div>     <\/div>      <div class=\"kksr-stars-active\" style=\"width: 142.5px;\">             <div class=\"kksr-star\" style=\"padding-right: 5px\">               <div class=\"kksr-icon\" style=\"width: 24px; height: 24px;\"><\/div>         <\/div>             <div class=\"kksr-star\" style=\"padding-right: 5px\">               <div class=\"kksr-icon\" style=\"width: 24px; height: 24px;\"><\/div>         <\/div>             <div class=\"kksr-star\" style=\"padding-right: 5px\">               <div class=\"kksr-icon\" style=\"width: 24px; height: 24px;\"><\/div>         <\/div>             <div class=\"kksr-star\" style=\"padding-right: 5px\">               <div class=\"kksr-icon\" style=\"width: 24px; height: 24px;\"><\/div>         <\/div>             <div class=\"kksr-star\" style=\"padding-right: 5px\">               <div class=\"kksr-icon\" style=\"width: 24px; height: 24px;\"><\/div>         <\/div>     <\/div> <\/div>                   <div class=\"kksr-legend\" style=\"font-size: 19.2px;\">             5\/5 - (1 oy)    <\/div>     <\/div>  <p class=\"translation-block\">Plastik geri d\u00f6n\u00fc\u015f\u00fcm tesisindeki plastik pelet depolama silosu, plastik peletle\u015ftirici makineden \u00fcretilen geri d\u00f6n\u00fc\u015ft\u00fcr\u00fclm\u00fc\u015f plastik peletleri depolamak ve y\u00f6netmek i\u00e7in ana i\u015flevi olan \u00f6nemli bir bile\u015fendir. Bir\u00e7ok m\u00fc\u015fterimiz, <strong><a href=\"https:\/\/plastic-machines.org\/tr\/product\/plastic-granulating-line\/\" data-type=\"link\" data-id=\"https:\/\/plastic-machines.org\/product\/plastic-granulating-line\/\">plastik pelet \u00fcretim hatt\u0131<\/a><\/strong> sat\u0131n ald\u0131klar\u0131nda bir silo ile donat\u0131lm\u0131\u015ft\u0131r.<\/p>    <figure class=\"wp-block-gallery has-nested-images columns-default is-cropped wp-block-gallery-2 is-layout-flex wp-block-gallery-is-layout-flex\"> <figure class=\"wp-block-image size-large\"><img loading=\"lazy\" decoding=\"async\" width=\"540\" height=\"720\" data-id=\"1320\" src=\"https:\/\/plastic-machines.org\/wp-content\/uploads\/2023\/12\/plastic-granule-silo-2.webp\" alt=\"Plastik Pelet Depolama Silosu\" class=\"wp-image-1320\" srcset=\"https:\/\/plastic-machines.org\/wp-content\/uploads\/2023\/12\/plastic-granule-silo-2.webp 540w, https:\/\/plastic-machines.org\/wp-content\/uploads\/2023\/12\/plastic-granule-silo-2-225x300.webp 225w, https:\/\/plastic-machines.org\/wp-content\/uploads\/2023\/12\/plastic-granule-silo-2-9x12.webp 9w\" sizes=\"auto, (max-width: 540px) 100vw, 540px\" \/><\/figure>    <figure class=\"wp-block-image size-large\"><img loading=\"lazy\" decoding=\"async\" width=\"540\" height=\"720\" data-id=\"1323\" src=\"https:\/\/plastic-machines.org\/wp-content\/uploads\/2023\/12\/plastic-stock-bin.webp\" alt=\"Plastik Pelet Depolama Silosu\" class=\"wp-image-1323\" srcset=\"https:\/\/plastic-machines.org\/wp-content\/uploads\/2023\/12\/plastic-stock-bin.webp 540w, https:\/\/plastic-machines.org\/wp-content\/uploads\/2023\/12\/plastic-stock-bin-225x300.webp 225w, https:\/\/plastic-machines.org\/wp-content\/uploads\/2023\/12\/plastic-stock-bin-9x12.webp 9w\" sizes=\"auto, (max-width: 540px) 100vw, 540px\" \/><\/figure>    <figure class=\"wp-block-image size-large\"><img loading=\"lazy\" decoding=\"async\" width=\"540\" height=\"720\" data-id=\"1322\" src=\"https:\/\/plastic-machines.org\/wp-content\/uploads\/2023\/12\/plastic-granule-silo.webp\" alt=\"Plastik Saklama Kutusu\" class=\"wp-image-1322\" srcset=\"https:\/\/plastic-machines.org\/wp-content\/uploads\/2023\/12\/plastic-granule-silo.webp 540w, https:\/\/plastic-machines.org\/wp-content\/uploads\/2023\/12\/plastic-granule-silo-225x300.webp 225w, https:\/\/plastic-machines.org\/wp-content\/uploads\/2023\/12\/plastic-granule-silo-9x12.webp 9w\" sizes=\"auto, (max-width: 540px) 100vw, 540px\" \/><\/figure> <\/figure>    <h2 class=\"wp-block-heading\">Plastik pelet depolama silosu videosu<\/h2>    <figure class=\"wp-block-embed is-type-video is-provider-youtube wp-block-embed-youtube wp-embed-aspect-16-9 wp-has-aspect-ratio\"><div class=\"wp-block-embed__wrapper\"> <iframe loading=\"lazy\" title=\"Plastik geri d\u00f6n\u00fc\u015f\u00fcm fabrikas\u0131nda plastik gran\u00fcller i\u00e7in \u00f6zelle\u015ftirilebilir depolama silolar\u0131\" width=\"500\" height=\"281\" src=\"https:\/\/www.youtube.com\/embed\/mWDMYbnqnXE?start=1&#038;feature=oembed\" frameborder=\"0\" allow=\"accelerometer; autoplay; clipboard-write; encrypted-media; gyroscope; picture-in-picture; web-share\" referrerpolicy=\"strict-origin-when-cross-origin\" allowfullscreen><\/iframe> <\/div><\/figure>    <h2 class=\"wp-block-heading\">Shuliy plastik gran\u00fcl depolama kutusunun avantajlar\u0131<\/h2>    <p class=\"translation-block\">Geri D\u00f6n\u00fc\u015ft\u00fcr\u00fclm\u00fc\u015f Peletlerin Depolanmas\u0131: Silo, <a href=\"https:\/\/plastic-machines.org\/tr\/product\/plastic-extruder-machine\/\">plastik peletle\u015ftirici<\/a> taraf\u0131ndan \u00fcretilen geri d\u00f6n\u00fc\u015ft\u00fcr\u00fclm\u00fc\u015f peletleri ge\u00e7ici olarak depolamak i\u00e7in bir depolama tesisi olarak hizmet eder. Bu, \u00fcretim de\u011fi\u015fikliklerine uyum sa\u011flamak ve yeterli pelet stoklamak i\u00e7in \u00fcretimi ayarlamaya yard\u0131mc\u0131 olur.<\/p>    <p>Neme ve toza kar\u015f\u0131 koruma: Plastik pelet depolama silolar\u0131, depolanan peletleri nemden ve kirletici maddelerden korumak ve peletlerin kalitesini korumak i\u00e7in genellikle nem ve toz korumas\u0131 dikkate al\u0131narak tasarlan\u0131r.<\/p>    <p>Geli\u015ftirilmi\u015f \u00fcretim s\u00fcreklili\u011fi: Plastik pelet depolama silosundaki peletlerin rasyonel hale getirilmesiyle \u00fcretim hatt\u0131 daha s\u00fcrekli \u00e7al\u0131\u015fabilir, ar\u0131za s\u00fcresi ve de\u011fi\u015fim s\u00fcresi azalt\u0131labilir, b\u00f6ylece genel \u00fcretim s\u00fcreklili\u011fi ve verimlili\u011fi iyile\u015ftirilebilir.<\/p>    <h2 class=\"wp-block-heading\">Shuliy pelet silosu i\u00e7in \u00d6zelle\u015ftirilmi\u015f parametreler<\/h2>    <p>Shuliy Machinery'de plastik silolar\u0131n boyutlar\u0131, \u00e7ap, y\u00fckseklik ve kapasite gibi parametreler de dahil olmak \u00fczere \u00f6zel ihtiya\u00e7lar\u0131 kar\u015f\u0131layacak \u015fekilde \u00f6zelle\u015ftirilebilir. Bu \u00f6zelle\u015ftirme, silolar\u0131n farkl\u0131 boyutlardaki ve \u00fcretim ihtiya\u00e7lar\u0131ndaki plastik geri d\u00f6n\u00fc\u015f\u00fcm tesislerine daha iyi uyarlanmas\u0131na olanak tan\u0131r.<\/p>    <p>\u0130lk olarak silonun \u00e7ap\u0131 ve y\u00fcksekli\u011fi, \u00fcreticinin spesifik alan k\u0131s\u0131tlamalar\u0131na ve proses ihtiya\u00e7lar\u0131na g\u00f6re ayarlanabilir. Bu ki\u015fiselle\u015ftirilmi\u015f tasar\u0131m, \u00fcreticilerin alan\u0131 en iyi \u015fekilde kullanmalar\u0131na ve s\u0131n\u0131rl\u0131 bir alanda \u00fcretim verimlili\u011fini en \u00fcst d\u00fczeye \u00e7\u0131karmalar\u0131na olanak tan\u0131r.<\/p>    <p>Kapasite ba\u015fka bir \u00f6nemli \u00f6zelle\u015ftirilebilir parametredir. Genel olarak bir plastik gran\u00fcl depolama silosunun kapasitesi, 1 ton, 3 ton ve 10 ton aras\u0131nda de\u011fi\u015fen \u00e7e\u015fitli se\u00e7enekleri i\u00e7eren ortak kapasitelerle, \u00fcretim boyutuna ve s\u0131kl\u0131\u011f\u0131na g\u00f6re \u00f6zelle\u015ftirilebilir. Bu esneklik, geri d\u00f6n\u00fc\u015f\u00fcm tesislerinin hammadde depolama ihtiya\u00e7lar\u0131n\u0131 daha iyi kar\u015f\u0131lamas\u0131na ve tedarik zincirinin s\u00fcreklili\u011fini sa\u011flamas\u0131na olanak tan\u0131r.<\/p>","protected":false},"excerpt":{"rendered":"<p>The plastic pellet storage silo in a plastic recycling plant is a key component whose primary function is to store and manage the recycled plastic pellets produced from the plastic pelletizer machine. Many of our customers are equipped with a silo when they purchase a plastic pellet production line. Video of plastic pellet storage silo [&hellip;]<\/p>\n","protected":false},"author":1,"featured_media":1166,"parent":0,"template":"","tags":[52],"product-type":[26],"class_list":["post-1165","product","type-product","status-publish","has-post-thumbnail","hentry","tag-silo","product-type-plastic-baler"],"taxonomy_info":{"post_tag":[{"value":52,"label":"silo"}],"product-type":[{"value":26,"label":"Plastic Baler"}]},"featured_image_src_large":["https:\/\/plastic-machines.org\/wp-content\/uploads\/2023\/12\/plastic-granules-storage-bin.webp",720,540,false],"author_info":{"display_name":"Ella","author_link":"https:\/\/plastic-machines.org\/tr\/author\/admin\/"},"comment_info":"","_links":{"self":[{"href":"https:\/\/plastic-machines.org\/tr\/wp-json\/wp\/v2\/product\/1165","targetHints":{"allow":["GET"]}}],"collection":[{"href":"https:\/\/plastic-machines.org\/tr\/wp-json\/wp\/v2\/product"}],"about":[{"href":"https:\/\/plastic-machines.org\/tr\/wp-json\/wp\/v2\/types\/product"}],"author":[{"embeddable":true,"href":"https:\/\/plastic-machines.org\/tr\/wp-json\/wp\/v2\/users\/1"}],"wp:featuredmedia":[{"embeddable":true,"href":"https:\/\/plastic-machines.org\/tr\/wp-json\/wp\/v2\/media\/1166"}],"wp:attachment":[{"href":"https:\/\/plastic-machines.org\/tr\/wp-json\/wp\/v2\/media?parent=1165"}],"wp:term":[{"taxonomy":"post_tag","embeddable":true,"href":"https:\/\/plastic-machines.org\/tr\/wp-json\/wp\/v2\/tags?post=1165"},{"taxonomy":"product-type","embeddable":true,"href":"https:\/\/plastic-machines.org\/tr\/wp-json\/wp\/v2\/product-type?post=1165"}],"curies":[{"name":"wp","href":"https:\/\/api.w.org\/{rel}","templated":true}]}}