{"id":1050,"date":"2023-10-20T15:24:17","date_gmt":"2023-10-20T07:24:17","guid":{"rendered":"https:\/\/plastic-machines.org\/?post_type=product&#038;p=1050"},"modified":"2025-11-18T14:06:49","modified_gmt":"2025-11-18T06:06:49","slug":"plastic-debaler-machine","status":"publish","type":"product","link":"https:\/\/plastic-machines.org\/tr\/product\/plastic-debaler-machine\/","title":{"rendered":"HDPE PET \u015ei\u015fe Balyalar\u0131 i\u00e7in Plastik Balya A\u00e7ma Makinesi"},"content":{"rendered":"<div class=\"kk-star-ratings kksr-auto kksr-align-left kksr-valign-top\"     data-payload='{&quot;align&quot;:&quot;left&quot;,&quot;id&quot;:&quot;1050&quot;,&quot;slug&quot;:&quot;default&quot;,&quot;valign&quot;:&quot;top&quot;,&quot;ignore&quot;:&quot;&quot;,&quot;reference&quot;:&quot;auto&quot;,&quot;class&quot;:&quot;&quot;,&quot;count&quot;:&quot;4&quot;,&quot;legendonly&quot;:&quot;&quot;,&quot;readonly&quot;:&quot;&quot;,&quot;score&quot;:&quot;5&quot;,&quot;starsonly&quot;:&quot;&quot;,&quot;best&quot;:&quot;5&quot;,&quot;gap&quot;:&quot;5&quot;,&quot;greet&quot;:&quot;Rate this product&quot;,&quot;legend&quot;:&quot;5\\\/5 - (4 votes)&quot;,&quot;size&quot;:&quot;24&quot;,&quot;title&quot;:&quot;Plastic Debaler Machine for HDPE PET Bottle Bales&quot;,&quot;width&quot;:&quot;142.5&quot;,&quot;_legend&quot;:&quot;{score}\\\/{best} - ({count} {votes})&quot;,&quot;font_factor&quot;:&quot;1.25&quot;}'>              <div class=\"kksr-stars\">      <div class=\"kksr-stars-inactive\">             <div class=\"kksr-star\" data-star=\"1\" style=\"padding-right: 5px\">               <div class=\"kksr-icon\" style=\"width: 24px; height: 24px;\"><\/div>         <\/div>             <div class=\"kksr-star\" data-star=\"2\" style=\"padding-right: 5px\">               <div class=\"kksr-icon\" style=\"width: 24px; height: 24px;\"><\/div>         <\/div>             <div class=\"kksr-star\" data-star=\"3\" style=\"padding-right: 5px\">               <div class=\"kksr-icon\" style=\"width: 24px; height: 24px;\"><\/div>         <\/div>             <div class=\"kksr-star\" data-star=\"4\" style=\"padding-right: 5px\">               <div class=\"kksr-icon\" style=\"width: 24px; height: 24px;\"><\/div>         <\/div>             <div class=\"kksr-star\" data-star=\"5\" style=\"padding-right: 5px\">               <div class=\"kksr-icon\" style=\"width: 24px; height: 24px;\"><\/div>         <\/div>     <\/div>      <div class=\"kksr-stars-active\" style=\"width: 142.5px;\">             <div class=\"kksr-star\" style=\"padding-right: 5px\">               <div class=\"kksr-icon\" style=\"width: 24px; height: 24px;\"><\/div>         <\/div>             <div class=\"kksr-star\" style=\"padding-right: 5px\">               <div class=\"kksr-icon\" style=\"width: 24px; height: 24px;\"><\/div>         <\/div>             <div class=\"kksr-star\" style=\"padding-right: 5px\">               <div class=\"kksr-icon\" style=\"width: 24px; height: 24px;\"><\/div>         <\/div>             <div class=\"kksr-star\" style=\"padding-right: 5px\">               <div class=\"kksr-icon\" style=\"width: 24px; height: 24px;\"><\/div>         <\/div>             <div class=\"kksr-star\" style=\"padding-right: 5px\">               <div class=\"kksr-icon\" style=\"width: 24px; height: 24px;\"><\/div>         <\/div>     <\/div> <\/div>                   <div class=\"kksr-legend\" style=\"font-size: 19.2px;\">             5\/5 - (4 oy)    <\/div>     <\/div>  <p>Bir PET \u015fi\u015fe geri d\u00f6n\u00fc\u015f\u00fcm hatt\u0131nda, plastik balya giderme makinesi, i\u015flevi PET HDPE \u015fi\u015feleri paketlemek i\u00e7in kullan\u0131lan torbalar\u0131 veya kaplar\u0131 a\u00e7mak ve b\u00f6ylece sert plastik \u015fi\u015felerin daha sonraki i\u015flemler ve geri d\u00f6n\u00fc\u015f\u00fcm i\u00e7in i\u00e7lerinden \u00e7\u0131kar\u0131labilmesini sa\u011flamak olan \u00f6nemli bir ekipman par\u00e7as\u0131d\u0131r.<\/p>    <figure class=\"wp-block-image size-full\"><img loading=\"lazy\" decoding=\"async\" width=\"720\" height=\"540\" src=\"https:\/\/plastic-machines.org\/wp-content\/uploads\/2023\/10\/Debaler.webp\" alt=\"Plastik Balya Makinas\u0131 \" class=\"wp-image-1052\" srcset=\"https:\/\/plastic-machines.org\/wp-content\/uploads\/2023\/10\/Debaler.webp 720w, https:\/\/plastic-machines.org\/wp-content\/uploads\/2023\/10\/Debaler-300x225.webp 300w\" sizes=\"auto, (max-width: 720px) 100vw, 720px\" \/><\/figure>    <figure class=\"wp-block-image size-full\"><img loading=\"lazy\" decoding=\"async\" width=\"720\" height=\"540\" src=\"https:\/\/plastic-machines.org\/wp-content\/uploads\/2023\/10\/Debaler-Machine.webp\" alt=\"Plastik Balya Makinas\u0131 \" class=\"wp-image-1053\" srcset=\"https:\/\/plastic-machines.org\/wp-content\/uploads\/2023\/10\/Debaler-Machine.webp 720w, https:\/\/plastic-machines.org\/wp-content\/uploads\/2023\/10\/Debaler-Machine-300x225.webp 300w\" sizes=\"auto, (max-width: 720px) 100vw, 720px\" \/><\/figure>    <figure class=\"wp-block-image size-full\"><img loading=\"lazy\" decoding=\"async\" width=\"720\" height=\"540\" src=\"https:\/\/plastic-machines.org\/wp-content\/uploads\/2023\/10\/PET-Bottle-Debaler-Machine.webp\" alt=\"Plastik Balya Makinas\u0131\" class=\"wp-image-1054\" srcset=\"https:\/\/plastic-machines.org\/wp-content\/uploads\/2023\/10\/PET-Bottle-Debaler-Machine.webp 720w, https:\/\/plastic-machines.org\/wp-content\/uploads\/2023\/10\/PET-Bottle-Debaler-Machine-300x225.webp 300w\" sizes=\"auto, (max-width: 720px) 100vw, 720px\" \/><\/figure>    <h2 class=\"wp-block-heading\">Plastik balya s\u00f6k\u00fcc\u00fc makine uygulamas\u0131 <\/h2>    <p class=\"translation-block\"><strong><a href=\"https:\/\/plastic-machines.org\/tr\/product\/pet-bottle-recycling-line\/\" data-type=\"link\" data-id=\"https:\/\/plastic-machines.org\/product\/pet-bottle-recycling-line\/\">plastik \u015fi\u015fe geri d\u00f6n\u00fc\u015f\u00fcm hatt\u0131<\/a><\/strong> i\u00e7in m\u00fc\u015fteriler i\u00e7in, plastik balya a\u00e7\u0131c\u0131, balyalanm\u0131\u015f PET \u015fi\u015felerini gev\u015fetmek i\u00e7in kullan\u0131lan ilk geri d\u00f6n\u00fc\u015f\u00fcm makinesi olup gev\u015fek \u015fi\u015feler sonraki geri d\u00f6n\u00fc\u015f\u00fcm ad\u0131m\u0131na Banttan \u00f6zg\u00fcrce hareket eder.<\/p>    <figure class=\"wp-block-embed is-type-video is-provider-youtube wp-block-embed-youtube wp-embed-aspect-16-9 wp-has-aspect-ratio\"><div class=\"wp-block-embed__wrapper\"> <iframe loading=\"lazy\" title=\"PET \u015fi\u015fe balya a\u00e7aca\u011f\u0131 | dikey plastik balya s\u00f6kme makinesi\" width=\"500\" height=\"281\" src=\"https:\/\/www.youtube.com\/embed\/ujKPMvq7vLY?feature=oembed\" frameborder=\"0\" allow=\"accelerometer; autoplay; clipboard-write; encrypted-media; gyroscope; picture-in-picture; web-share\" referrerpolicy=\"strict-origin-when-cross-origin\" allowfullscreen><\/iframe> <\/div><\/figure>    <h2 class=\"wp-block-heading\">Plastik balya s\u00f6kme makinesinin avantajlar\u0131<\/h2>    <ul class=\"wp-block-list\"> <li>Malzemelerin torbadan \u00e7\u0131kar\u0131lmas\u0131 ve bo\u015falt\u0131lmas\u0131: Plastik balya giderme makineleri, i\u00e7indeki d\u00f6kme plastik malzemeyi \u00e7\u0131karmak i\u00e7in kapal\u0131 plastik torbalar\u0131, kaplar\u0131 veya paketleri a\u00e7ar.<\/li>    <li>Artan Verimlilik: Plastik balya a\u00e7\u0131c\u0131lar\u0131, plastik malzemelerin ta\u015f\u0131nmas\u0131nda verimlili\u011fi b\u00fcy\u00fck \u00f6l\u00e7\u00fcde art\u0131rabilir. Balyalanm\u0131\u015f plastiklerin b\u00fcy\u00fck boyutu nedeniyle, elle ambalaj\u0131n a\u00e7\u0131lmas\u0131 genellikle zaman al\u0131c\u0131 ve emek yo\u011fun bir i\u015flemdir; balya a\u00e7\u0131c\u0131 ise bu g\u00f6revi k\u0131sa s\u00fcrede h\u0131zl\u0131 bir \u015fekilde ger\u00e7ekle\u015ftirebilir.<\/li>    <li>Daha az kirlenme riski: Balya a\u00e7\u0131c\u0131lar\u0131 genellikle ta\u015f\u0131ma bantlar\u0131 veya<strong><a href=\"https:\/\/plastic-machines.org\/tr\/product\/plastic-granulating-line\/\" data-type=\"link\" data-id=\"https:\/\/plastic-machines.org\/product\/plastic-granulating-line\/\"> komple plastik geri d\u00f6n\u00fc\u015f\u00fcm hatt\u0131<\/a><\/strong>. HDPE PET \u015fi\u015fe balya a\u00e7\u0131c\u0131 ve plasti\u011fi bo\u015faltt\u0131ktan sonra plastik at\u0131klar do\u011frudan konvey\u00f6r band\u0131na gider ve b\u00f6ylece malzeme s\u0131z\u0131nt\u0131s\u0131 ve kirlenme riski azal\u0131r.<\/li>    <li>Uyarlanabilirlik: Plastik balya \u00e7\u0131karma makinesi genellikle farkl\u0131 paket t\u00fcrlerine ve boyutlar\u0131na uyum sa\u011flama yetene\u011fine sahiptir ve bu da onlar\u0131n \u00e7ok \u00e7e\u015fitli d\u00f6kme plastik malzemeleri i\u015flemesine olanak tan\u0131r.<\/li> <\/ul>","protected":false},"excerpt":{"rendered":"<p>In a PET bottle recycling line, a plastic debaler machine is an important piece of equipment whose function is to open the bags or containers used to package PET HDPE bottles so that hard plastic bottles can be removed from them for subsequent processing and recycling. Plastic debaler machine application For customers with a plastic [&hellip;]<\/p>\n","protected":false},"author":1,"featured_media":1051,"parent":0,"template":"","tags":[36],"product-type":[27],"class_list":["post-1050","product","type-product","status-publish","has-post-thumbnail","hentry","tag-bale","product-type-separation-technology"],"taxonomy_info":{"post_tag":[{"value":36,"label":"bale"}],"product-type":[{"value":27,"label":"Separation Technology"}]},"featured_image_src_large":["https:\/\/plastic-machines.org\/wp-content\/uploads\/2023\/10\/plastic-debaler-machine2.webp",720,540,false],"author_info":{"display_name":"Ella","author_link":"https:\/\/plastic-machines.org\/tr\/author\/admin\/"},"comment_info":"","_links":{"self":[{"href":"https:\/\/plastic-machines.org\/tr\/wp-json\/wp\/v2\/product\/1050","targetHints":{"allow":["GET"]}}],"collection":[{"href":"https:\/\/plastic-machines.org\/tr\/wp-json\/wp\/v2\/product"}],"about":[{"href":"https:\/\/plastic-machines.org\/tr\/wp-json\/wp\/v2\/types\/product"}],"author":[{"embeddable":true,"href":"https:\/\/plastic-machines.org\/tr\/wp-json\/wp\/v2\/users\/1"}],"wp:featuredmedia":[{"embeddable":true,"href":"https:\/\/plastic-machines.org\/tr\/wp-json\/wp\/v2\/media\/1051"}],"wp:attachment":[{"href":"https:\/\/plastic-machines.org\/tr\/wp-json\/wp\/v2\/media?parent=1050"}],"wp:term":[{"taxonomy":"post_tag","embeddable":true,"href":"https:\/\/plastic-machines.org\/tr\/wp-json\/wp\/v2\/tags?post=1050"},{"taxonomy":"product-type","embeddable":true,"href":"https:\/\/plastic-machines.org\/tr\/wp-json\/wp\/v2\/product-type?post=1050"}],"curies":[{"name":"wp","href":"https:\/\/api.w.org\/{rel}","templated":true}]}}