{"id":1045,"date":"2023-10-20T14:19:51","date_gmt":"2023-10-20T06:19:51","guid":{"rendered":"https:\/\/plastic-machines.org\/?post_type=product&#038;p=1045"},"modified":"2026-02-27T15:15:34","modified_gmt":"2026-02-27T07:15:34","slug":"trommel-screen-for-plastic-bottle-recycling","status":"publish","type":"product","link":"https:\/\/plastic-machines.org\/tr\/product\/trommel-screen-for-plastic-bottle-recycling\/","title":{"rendered":"Plastik \u015fi\u015fe geri d\u00f6n\u00fc\u015f\u00fcm\u00fc i\u00e7in trommel elek"},"content":{"rendered":"<div class=\"kk-star-ratings kksr-auto kksr-align-left kksr-valign-top\"     data-payload='{&quot;align&quot;:&quot;left&quot;,&quot;id&quot;:&quot;1045&quot;,&quot;slug&quot;:&quot;default&quot;,&quot;valign&quot;:&quot;top&quot;,&quot;ignore&quot;:&quot;&quot;,&quot;reference&quot;:&quot;auto&quot;,&quot;class&quot;:&quot;&quot;,&quot;count&quot;:&quot;1&quot;,&quot;legendonly&quot;:&quot;&quot;,&quot;readonly&quot;:&quot;&quot;,&quot;score&quot;:&quot;5&quot;,&quot;starsonly&quot;:&quot;&quot;,&quot;best&quot;:&quot;5&quot;,&quot;gap&quot;:&quot;5&quot;,&quot;greet&quot;:&quot;Rate this product&quot;,&quot;legend&quot;:&quot;5\\\/5 - (1 vote)&quot;,&quot;size&quot;:&quot;24&quot;,&quot;title&quot;:&quot;Trommel screen for plastic bottle recycling&quot;,&quot;width&quot;:&quot;142.5&quot;,&quot;_legend&quot;:&quot;{score}\\\/{best} - ({count} {votes})&quot;,&quot;font_factor&quot;:&quot;1.25&quot;}'>              <div class=\"kksr-stars\">      <div class=\"kksr-stars-inactive\">             <div class=\"kksr-star\" data-star=\"1\" style=\"padding-right: 5px\">               <div class=\"kksr-icon\" style=\"width: 24px; height: 24px;\"><\/div>         <\/div>             <div class=\"kksr-star\" data-star=\"2\" style=\"padding-right: 5px\">               <div class=\"kksr-icon\" style=\"width: 24px; height: 24px;\"><\/div>         <\/div>             <div class=\"kksr-star\" data-star=\"3\" style=\"padding-right: 5px\">               <div class=\"kksr-icon\" style=\"width: 24px; height: 24px;\"><\/div>         <\/div>             <div class=\"kksr-star\" data-star=\"4\" style=\"padding-right: 5px\">               <div class=\"kksr-icon\" style=\"width: 24px; height: 24px;\"><\/div>         <\/div>             <div class=\"kksr-star\" data-star=\"5\" style=\"padding-right: 5px\">               <div class=\"kksr-icon\" style=\"width: 24px; height: 24px;\"><\/div>         <\/div>     <\/div>      <div class=\"kksr-stars-active\" style=\"width: 142.5px;\">             <div class=\"kksr-star\" style=\"padding-right: 5px\">               <div class=\"kksr-icon\" style=\"width: 24px; height: 24px;\"><\/div>         <\/div>             <div class=\"kksr-star\" style=\"padding-right: 5px\">               <div class=\"kksr-icon\" style=\"width: 24px; height: 24px;\"><\/div>         <\/div>             <div class=\"kksr-star\" style=\"padding-right: 5px\">               <div class=\"kksr-icon\" style=\"width: 24px; height: 24px;\"><\/div>         <\/div>             <div class=\"kksr-star\" style=\"padding-right: 5px\">               <div class=\"kksr-icon\" style=\"width: 24px; height: 24px;\"><\/div>         <\/div>             <div class=\"kksr-star\" style=\"padding-right: 5px\">               <div class=\"kksr-icon\" style=\"width: 24px; height: 24px;\"><\/div>         <\/div>     <\/div> <\/div>                   <div class=\"kksr-legend\" style=\"font-size: 19.2px;\">             5\/5 - (1 oy)    <\/div>     <\/div>  <p>PET plastik \u015fi\u015felerin geri d\u00f6n\u00fc\u015f\u00fcm\u00fcnde tamburlu elek kullan\u0131lmas\u0131n\u0131n temel amac\u0131, y\u00fcksek kaliteli PET \u015fi\u015fe pullar\u0131n\u0131n i\u015flenmemi\u015f malzemeden elde edilmesini sa\u011flamak i\u00e7in malzeme ay\u0131rma ve eleme i\u015flemini ger\u00e7ekle\u015ftirmektir.<\/p>    <h2 class=\"wp-block-heading\">Trommel ekran tan\u0131t\u0131m\u0131<\/h2>    <p>Bu PET \u015fi\u015fe geri d\u00f6n\u00fc\u015f\u00fcm makinesinin ana i\u015flevi malzeme ay\u0131rmad\u0131r. PET plastik \u015fi\u015felerin geri d\u00f6n\u00fc\u015f\u00fcm\u00fcne genellikle ta\u015f, ah\u015fap, yabani ot, metal, plastik \u015fi\u015fe kapaklar\u0131 vb. gibi baz\u0131 yabanc\u0131 maddeler e\u015flik eder. Tumbler elekleri bu yabanc\u0131 maddeleri PET plastik \u015fi\u015felerden ay\u0131rarak temiz bir hammadde sa\u011flar.<\/p>    <figure class=\"wp-block-gallery has-nested-images columns-default is-cropped wp-block-gallery-2 is-layout-flex wp-block-gallery-is-layout-flex\"> <figure class=\"wp-block-image size-large\"><img loading=\"lazy\" decoding=\"async\" width=\"720\" height=\"540\" data-id=\"2079\" src=\"https:\/\/plastic-machines.org\/wp-content\/uploads\/2023\/10\/Trommel-Screen-For-Plastic-Bottle-Recycling.webp\" alt=\"Plastik \u015ei\u015fe Geri D\u00f6n\u00fc\u015f\u00fcm \u0130\u00e7in Trommel Ekran\" class=\"wp-image-2079\" srcset=\"https:\/\/plastic-machines.org\/wp-content\/uploads\/2023\/10\/Trommel-Screen-For-Plastic-Bottle-Recycling.webp 720w, https:\/\/plastic-machines.org\/wp-content\/uploads\/2023\/10\/Trommel-Screen-For-Plastic-Bottle-Recycling-300x225.webp 300w, https:\/\/plastic-machines.org\/wp-content\/uploads\/2023\/10\/Trommel-Screen-For-Plastic-Bottle-Recycling-16x12.webp 16w\" sizes=\"auto, (max-width: 720px) 100vw, 720px\" \/><figcaption class=\"wp-element-caption\">Plastik \u015ei\u015fe Geri D\u00f6n\u00fc\u015f\u00fcm \u0130\u00e7in Trommel Ekran<\/figcaption><\/figure>    <figure class=\"wp-block-image size-large\"><img loading=\"lazy\" decoding=\"async\" width=\"720\" height=\"540\" data-id=\"2080\" src=\"https:\/\/plastic-machines.org\/wp-content\/uploads\/2023\/10\/Trommel-Screen.webp\" alt=\"Trommel Ekran\" class=\"wp-image-2080\" srcset=\"https:\/\/plastic-machines.org\/wp-content\/uploads\/2023\/10\/Trommel-Screen.webp 720w, https:\/\/plastic-machines.org\/wp-content\/uploads\/2023\/10\/Trommel-Screen-300x225.webp 300w, https:\/\/plastic-machines.org\/wp-content\/uploads\/2023\/10\/Trommel-Screen-16x12.webp 16w\" sizes=\"auto, (max-width: 720px) 100vw, 720px\" \/><figcaption class=\"wp-element-caption\">Trommel Ekran<\/figcaption><\/figure> <\/figure>    <figure class=\"wp-block-gallery has-nested-images columns-default is-cropped wp-block-gallery-3 is-layout-flex wp-block-gallery-is-layout-flex\"> <figure class=\"wp-block-image size-full\"><img loading=\"lazy\" decoding=\"async\" width=\"720\" height=\"540\" data-id=\"1048\" src=\"https:\/\/plastic-machines.org\/wp-content\/uploads\/2023\/10\/industrial-trommel-machine.webp\" alt=\"\" class=\"wp-image-1048\" srcset=\"https:\/\/plastic-machines.org\/wp-content\/uploads\/2023\/10\/industrial-trommel-machine.webp 720w, https:\/\/plastic-machines.org\/wp-content\/uploads\/2023\/10\/industrial-trommel-machine-300x225.webp 300w\" sizes=\"auto, (max-width: 720px) 100vw, 720px\" \/><\/figure>    <figure class=\"wp-block-image size-full\"><img loading=\"lazy\" decoding=\"async\" width=\"720\" height=\"541\" data-id=\"1047\" src=\"https:\/\/plastic-machines.org\/wp-content\/uploads\/2023\/10\/recycling-machine-1.webp\" alt=\"Plastik \u015fi\u015fe geri d\u00f6n\u00fc\u015f\u00fcm\u00fc i\u00e7in trommel elek\" class=\"wp-image-1047\" srcset=\"https:\/\/plastic-machines.org\/wp-content\/uploads\/2023\/10\/recycling-machine-1.webp 720w, https:\/\/plastic-machines.org\/wp-content\/uploads\/2023\/10\/recycling-machine-1-300x225.webp 300w\" sizes=\"auto, (max-width: 720px) 100vw, 720px\" \/><figcaption class=\"wp-element-caption\">Plastik \u015fi\u015fe geri d\u00f6n\u00fc\u015f\u00fcm\u00fc i\u00e7in trommel elek<\/figcaption><\/figure> <\/figure>    <h2 class=\"wp-block-heading\">\u015ei\u015fe geri d\u00f6n\u00fc\u015f\u00fcm\u00fc i\u00e7in neden tamburlu eleklere ihtiyac\u0131n\u0131z var?<\/h2>    <p class=\"translation-block\">Tambur elekler, \u00f6zellikle y\u00fcksek \u00fcretim kapasitesine sahip <strong><a href=\"https:\/\/plastic-machines.org\/tr\/product\/pet-bottle-recycling-line\/\" data-type=\"link\" data-id=\"https:\/\/plastic-machines.org\/product\/pet-bottle-recycling-line\/\">PET \u015fi\u015fe geri d\u00f6n\u00fc\u015f\u00fcm hatlar\u0131 <\/a><\/strong>i\u00e7in, geri d\u00f6n\u00fc\u015f\u00fcm tesislerinin verimlili\u011fini art\u0131rmaya yard\u0131mc\u0131 olmak amac\u0131yla gereklidir. Ta\u015flar veya yabanc\u0131 metal nesneler sonraki geri d\u00f6n\u00fc\u015f\u00fcm i\u015flemine girerse, plastik \u00f6\u011f\u00fct\u00fcc\u00fcler ve s\u00fcrt\u00fcnmeli y\u0131kama makineleri gibi makinelerin i\u00e7 par\u00e7alar\u0131 a\u015f\u0131nacak ve makinenin hizmet \u00f6mr\u00fcn\u00fc azaltacakt\u0131r.<\/p>    <h2 class=\"wp-block-heading\">PET \u015fi\u015feler i\u00e7in ilgili plastik geri d\u00f6n\u00fc\u015f\u00fcm makineleri<\/h2>    <p class=\"translation-block\">Tam PET \u015fi\u015fe geri d\u00f6n\u00fc\u015f\u00fcm hatt\u0131 <strong><a href=\"https:\/\/plastic-machines.org\/tr\/product\/plastic-bottle-crusher\/\" data-type=\"link\" data-id=\"https:\/\/plastic-machines.org\/product\/plastic-bottle-crusher\/\">plastik k\u0131r\u0131c\u0131lar<\/a><\/strong>, s\u00fcrt\u00fcnmeli y\u0131kama makineleri, PET par\u00e7a s\u0131cak y\u0131kama makinesi ve benzeri i\u00e7erir. A\u015fa\u011f\u0131daki foto\u011fraf, Nijerya m\u00fc\u015fterimiz i\u00e7in tasarlanm\u0131\u015f 500kg\/saat \u00e7\u0131k\u0131\u015fl\u0131 PET \u015fi\u015fe geri d\u00f6n\u00fc\u015f\u00fcm makinesidir.<\/p>    <p>Plastik \u015fi\u015fe geri d\u00f6n\u00fc\u015f\u00fcm makineleriyle ilgileniyorsan\u0131z, web sitemizin alt\u0131ndaki tabloyu doldurarak dan\u0131\u015fmaya ho\u015f geldiniz. Sat\u0131\u015f y\u00f6neticimiz size makine detaylar\u0131n\u0131 g\u00f6nderecek ve en k\u0131sa zamanda sizin i\u00e7in bir \u00e7\u00f6z\u00fcm tasarlayacakt\u0131r.<\/p>    <figure class=\"wp-block-image size-full\"><img loading=\"lazy\" decoding=\"async\" width=\"720\" height=\"541\" src=\"https:\/\/plastic-machines.org\/wp-content\/uploads\/2023\/10\/PET-bottle-washing-shredding-machines-shipped-to-Nigeria-3.webp\" alt=\"PET \u015fi\u015fe y\u0131kama par\u00e7alama makineleri Nijerya&#039;ya sevk edildi\" class=\"wp-image-1041\" srcset=\"https:\/\/plastic-machines.org\/wp-content\/uploads\/2023\/10\/PET-bottle-washing-shredding-machines-shipped-to-Nigeria-3.webp 720w, https:\/\/plastic-machines.org\/wp-content\/uploads\/2023\/10\/PET-bottle-washing-shredding-machines-shipped-to-Nigeria-3-300x225.webp 300w\" sizes=\"auto, (max-width: 720px) 100vw, 720px\" \/><figcaption class=\"wp-element-caption\">PET \u015fi\u015fe y\u0131kama par\u00e7alama makineleri Nijerya'ya sevk edildi<\/figcaption><\/figure>","protected":false},"excerpt":{"rendered":"<p>The main purpose of using a trommel screen when recycling PET plastic bottles is to perform material separation and screening to ensure that high-quality PET bottle flakes are obtained from virgin material. Trommel screen introduction The main function of this PET bottle recycling machine is material separation. Recycling of PET plastic bottles is usually accompanied [&hellip;]<\/p>\n","protected":false},"author":1,"featured_media":1046,"parent":0,"template":"","tags":[60],"product-type":[27],"class_list":["post-1045","product","type-product","status-publish","has-post-thumbnail","hentry","tag-trommel","product-type-separation-technology"],"taxonomy_info":{"post_tag":[{"value":60,"label":"trommel"}],"product-type":[{"value":27,"label":"Separation Technology"}]},"featured_image_src_large":["https:\/\/plastic-machines.org\/wp-content\/uploads\/2023\/10\/Tumbler-Screen2.webp",720,540,false],"author_info":{"display_name":"Ella","author_link":"https:\/\/plastic-machines.org\/tr\/author\/admin\/"},"comment_info":"","_links":{"self":[{"href":"https:\/\/plastic-machines.org\/tr\/wp-json\/wp\/v2\/product\/1045","targetHints":{"allow":["GET"]}}],"collection":[{"href":"https:\/\/plastic-machines.org\/tr\/wp-json\/wp\/v2\/product"}],"about":[{"href":"https:\/\/plastic-machines.org\/tr\/wp-json\/wp\/v2\/types\/product"}],"author":[{"embeddable":true,"href":"https:\/\/plastic-machines.org\/tr\/wp-json\/wp\/v2\/users\/1"}],"wp:featuredmedia":[{"embeddable":true,"href":"https:\/\/plastic-machines.org\/tr\/wp-json\/wp\/v2\/media\/1046"}],"wp:attachment":[{"href":"https:\/\/plastic-machines.org\/tr\/wp-json\/wp\/v2\/media?parent=1045"}],"wp:term":[{"taxonomy":"post_tag","embeddable":true,"href":"https:\/\/plastic-machines.org\/tr\/wp-json\/wp\/v2\/tags?post=1045"},{"taxonomy":"product-type","embeddable":true,"href":"https:\/\/plastic-machines.org\/tr\/wp-json\/wp\/v2\/product-type?post=1045"}],"curies":[{"name":"wp","href":"https:\/\/api.w.org\/{rel}","templated":true}]}}