{"id":2,"date":"2022-06-23T01:24:56","date_gmt":"2022-06-23T01:24:56","guid":{"rendered":"http:\/\/tailwind-themes.local\/?page_id=2"},"modified":"2024-05-11T09:56:39","modified_gmt":"2024-05-11T01:56:39","slug":"about","status":"publish","type":"page","link":"https:\/\/plastic-machines.org\/tr\/about\/","title":{"rendered":"Hakk\u0131m\u0131zda"},"content":{"rendered":"<h2 class=\"wp-block-heading\">Biz Kimiz<\/h2>    <p>Shuliy Machinery, plastik geri d\u00f6n\u00fc\u015f\u00fcm ekipmanlar\u0131n\u0131n geli\u015ftirilmesine ve \u00fcretimine odaklanan bir plastik geri d\u00f6n\u00fc\u015f\u00fcm makinesi \u00fcreticisidir. Firmam\u0131z plastik geri d\u00f6n\u00fc\u015f\u00fcm makineleri imalat\u0131nda on y\u0131l\u0131 a\u015fk\u0131n tecr\u00fcbeyle 2011 y\u0131l\u0131nda kurulmu\u015ftur. <\/p>    <p>Shuliy Machinery, on y\u0131l\u0131 a\u015fk\u0131n faaliyet s\u00fcresi boyunca her zaman \"\u00c7in makinelerinin d\u00fcnyan\u0131n her k\u00f6\u015fesini de\u011fi\u015ftirmesine izin verin\" misyonuna ba\u011fl\u0131 kalm\u0131\u015ft\u0131r. M\u00fc\u015fterilerimize de\u011fer sa\u011flamak i\u00e7in m\u00fcmk\u00fcn olan her \u015feyi yap\u0131yoruz; makinelerimizin t\u00fcm d\u00fcnyadaki plastik geri d\u00f6n\u00fc\u015f\u00fcm tesislerinin \u00fcretkenli\u011fini art\u0131rmas\u0131na ve daha y\u00fcksek kar elde etmesine yard\u0131mc\u0131 olmas\u0131n\u0131 sa\u011fl\u0131yoruz.<\/p>    <figure class=\"wp-block-gallery has-nested-images columns-default is-cropped wp-block-gallery-2 is-layout-flex wp-block-gallery-is-layout-flex\"> <figure class=\"wp-block-image size-large\"><img loading=\"lazy\" decoding=\"async\" width=\"720\" height=\"540\" data-id=\"1132\" src=\"https:\/\/plastic-machines.org\/wp-content\/uploads\/2023\/11\/plastic-recycling-visit.webp\" alt=\"\" class=\"wp-image-1132\" srcset=\"https:\/\/plastic-machines.org\/wp-content\/uploads\/2023\/11\/plastic-recycling-visit.webp 720w, https:\/\/plastic-machines.org\/wp-content\/uploads\/2023\/11\/plastic-recycling-visit-300x225.webp 300w\" sizes=\"auto, (max-width: 720px) 100vw, 720px\" \/><figcaption class=\"wp-element-caption\">M\u00fc\u015fteri ziyareti<\/figcaption><\/figure>    <figure class=\"wp-block-image size-large\"><img loading=\"lazy\" decoding=\"async\" width=\"720\" height=\"540\" data-id=\"1133\" src=\"https:\/\/plastic-machines.org\/wp-content\/uploads\/2023\/11\/plastic-recycling-equipment2.webp\" alt=\"\" class=\"wp-image-1133\" srcset=\"https:\/\/plastic-machines.org\/wp-content\/uploads\/2023\/11\/plastic-recycling-equipment2.webp 720w, https:\/\/plastic-machines.org\/wp-content\/uploads\/2023\/11\/plastic-recycling-equipment2-300x225.webp 300w\" sizes=\"auto, (max-width: 720px) 100vw, 720px\" \/><figcaption class=\"wp-element-caption\">plastik geri d\u00f6n\u00fc\u015f\u00fcm tesisi saha gezisi<\/figcaption><\/figure> <figcaption class=\"blocks-gallery-caption wp-element-caption\">\u00c7in'de bulunan plastik geri d\u00f6n\u00fc\u015f\u00fcm makinas\u0131 \u00fcreticisi<\/figcaption><\/figure>    <h2 class=\"wp-block-heading\">Ne sunuyoruz?<\/h2>    <p class=\"translation-block\">Ana \u00fcr\u00fcnlerimiz <a href=\"https:\/\/plastic-machines.org\/tr\/product\/plastic-granulating-line\/\">PP PE plastik geri d\u00f6n\u00fc\u015f\u00fcm gran\u00fclasyon hatt\u0131<\/a>, <a href=\"https:\/\/plastic-machines.org\/tr\/product\/pet-bottle-recycling-line\/\">PET \u015fi\u015fe temizleme hatt\u0131<\/a> ve <a href=\"https:\/\/plastic-machines.org\/tr\/product\/plastic-foam-pelletizing-line\/\">plastik k\u00f6p\u00fck peletleme hatt\u0131<\/a>, plastik k\u0131r\u0131c\u0131 makinesi, plastik temizleme makinesi ve di\u011fer plastik geri d\u00f6n\u00fc\u015f\u00fcm yard\u0131mc\u0131 makineleridir. <\/p>    <p>Plastik geri d\u00f6n\u00fc\u015f\u00fcm makinesi \u00fcreticisi olarak, y\u00fcksek kaliteli makinelerin yan\u0131 s\u0131ra yerinde kurulum ve sat\u0131\u015f sonras\u0131 servis gibi tek elden plastik geri d\u00f6n\u00fc\u015f\u00fcm \u00e7\u00f6z\u00fcmleri sunuyoruz. \u015eu ana kadar plastik geri d\u00f6n\u00fc\u015f\u00fcm makinelerimiz Almanya, ABD, Suudi Arabistan, Gana, Kongo, Kenya, Nijerya vb. gibi 60'tan fazla \u00fclke ve b\u00f6lgeye ihra\u00e7 edildi ve m\u00fc\u015fterilerimiz taraf\u0131ndan iyi kar\u015f\u0131land\u0131.<\/p>   <div class=\"wp-block-image\"> <figure class=\"aligncenter size-full\"><img loading=\"lazy\" decoding=\"async\" width=\"720\" height=\"540\" src=\"https:\/\/plastic-machines.org\/wp-content\/uploads\/2022\/10\/recycling-materials.jpg\" alt=\"\" class=\"wp-image-508\" srcset=\"https:\/\/plastic-machines.org\/wp-content\/uploads\/2022\/10\/recycling-materials.jpg 720w, https:\/\/plastic-machines.org\/wp-content\/uploads\/2022\/10\/recycling-materials-300x225.jpg 300w\" sizes=\"auto, (max-width: 720px) 100vw, 720px\" \/><\/figure> <\/div>   <h2 class=\"wp-block-heading\">Neredeyiz<\/h2>    <p>Shuliy Machinery, Zhengzhou, Henan, \u00c7in'de bulunmaktad\u0131r. Ofisimiz Zhengzhou Ekonomik Kalk\u0131nma B\u00f6lgesi'nde bulunmaktad\u0131r. Plastik geri d\u00f6n\u00fc\u015f\u00fcm ekipmanlar\u0131yla ilgileniyorsan\u0131z Shuliy Machinery'yi ziyaret etmenizi bekliyoruz\uff01<\/p>    <figure class=\"wp-block-image size-full\"><img loading=\"lazy\" decoding=\"async\" width=\"1024\" height=\"486\" src=\"https:\/\/plastic-machines.org\/wp-content\/uploads\/2022\/10\/global-market.webp\" alt=\"\" class=\"wp-image-506\" srcset=\"https:\/\/plastic-machines.org\/wp-content\/uploads\/2022\/10\/global-market.webp 1024w, https:\/\/plastic-machines.org\/wp-content\/uploads\/2022\/10\/global-market-300x142.webp 300w, https:\/\/plastic-machines.org\/wp-content\/uploads\/2022\/10\/global-market-768x365.webp 768w\" sizes=\"auto, (max-width: 1024px) 100vw, 1024px\" \/><\/figure>","protected":false},"excerpt":{"rendered":"<p>Who are we Shuliy Machinery is a plastic recycling machine manufacturer focusing on the development and production of plastic recycling equipment. Our company was established in 2011, with over ten years of experience in plastic recycling machinery manufacturing. In more than a decade of operation, Shuliy Machinery has always adhered to the mission of &#8220;Let [&hellip;]<\/p>\n","protected":false},"author":1,"featured_media":0,"parent":0,"menu_order":0,"comment_status":"closed","ping_status":"closed","template":"","meta":{"_kad_blocks_custom_css":"","_kad_blocks_head_custom_js":"","_kad_blocks_body_custom_js":"","_kad_blocks_footer_custom_js":"","footnotes":""},"class_list":["post-2","page","type-page","status-publish","hentry"],"taxonomy_info":[],"featured_image_src_large":false,"author_info":{"display_name":"Ella","author_link":"https:\/\/plastic-machines.org\/tr\/author\/admin\/"},"comment_info":0,"_links":{"self":[{"href":"https:\/\/plastic-machines.org\/tr\/wp-json\/wp\/v2\/pages\/2","targetHints":{"allow":["GET"]}}],"collection":[{"href":"https:\/\/plastic-machines.org\/tr\/wp-json\/wp\/v2\/pages"}],"about":[{"href":"https:\/\/plastic-machines.org\/tr\/wp-json\/wp\/v2\/types\/page"}],"author":[{"embeddable":true,"href":"https:\/\/plastic-machines.org\/tr\/wp-json\/wp\/v2\/users\/1"}],"replies":[{"embeddable":true,"href":"https:\/\/plastic-machines.org\/tr\/wp-json\/wp\/v2\/comments?post=2"}],"version-history":[{"count":0,"href":"https:\/\/plastic-machines.org\/tr\/wp-json\/wp\/v2\/pages\/2\/revisions"}],"wp:attachment":[{"href":"https:\/\/plastic-machines.org\/tr\/wp-json\/wp\/v2\/media?parent=2"}],"curies":[{"name":"wp","href":"https:\/\/api.w.org\/{rel}","templated":true}]}}