{"id":1597,"date":"2024-11-28T14:23:04","date_gmt":"2024-11-28T06:23:04","guid":{"rendered":"https:\/\/plastic-machines.org\/?page_id=1597"},"modified":"2024-11-28T14:23:05","modified_gmt":"2024-11-28T06:23:05","slug":"frequently-asked-questions","status":"publish","type":"page","link":"https:\/\/plastic-machines.org\/tr\/frequently-asked-questions\/","title":{"rendered":"S\u0131k\u00e7a Sorulan Sorular"},"content":{"rendered":"<p>Plastik geri d\u00f6n\u00fc\u015f\u00fcm makinelerine yat\u0131r\u0131m yapmak maliyetli bir karard\u0131r, bu nedenle makineler ve ilgili hizmetler hakk\u0131nda daha fazla soru sorman\u0131z\u0131 \u00f6neririz. En s\u0131k sorulan sorular\u0131 ald\u0131\u011f\u0131m\u0131z SSS'leri a\u015fa\u011f\u0131da bulabilirsiniz. Bilmeniz gereken ba\u015fka noktalar varsa istedi\u011finiz zaman bizimle ileti\u015fime ge\u00e7in. <\/p>    <h2 class=\"wp-block-heading\">Shuliy plastik makine \u00fcreticisi hakk\u0131nda<\/h2>   <div id=\"rank-math-faq\" class=\"rank-math-block\"> <div class=\"rank-math-list\"> <div id=\"faq-question-1732763357448\" class=\"rank-math-list-item\"> <h3 class=\"rank-math-question\">Bir ticaret \u015firketi misiniz yoksa fabrika m\u0131s\u0131n\u0131z?<\/h3> <div class=\"rank-math-answer\">  <p>Shuliy, 10 y\u0131l\u0131 a\u015fk\u0131n tecr\u00fcbeye sahip bir plastik geri d\u00f6n\u00fc\u015f\u00fcm makinesi \u00fcreticisidir, kendi fabrikam\u0131z var. <\/p>  <\/div> <\/div> <div id=\"faq-question-1732763512463\" class=\"rank-math-list-item\"> <h3 class=\"rank-math-question\">Fabrikan\u0131z nerede?<\/h3> <div class=\"rank-math-answer\">  <p>Shuliy Machinery, \u00c7in'in Henan eyaleti Zhengzhou'da bulunmaktad\u0131r. Adres: Zhengzhou Ekonomik Kalk\u0131nma B\u00f6lgesi Dokuzuncu Cadde, Jingkai.<\/p>  <\/div> <\/div> <div id=\"faq-question-1732763533916\" class=\"rank-math-list-item\"> <h3 class=\"rank-math-question\">Fabrikan\u0131z\u0131 ziyaret edebilir miyim?<\/h3> <div class=\"rank-math-answer\">  <p>Evet elbette! \u015eirketimize ve fabrikam\u0131za ho\u015f geldiniz. Bir dizi plastik geri d\u00f6n\u00fc\u015f\u00fcm makinesi sat\u0131n almak pahal\u0131d\u0131r, gelip makinelerimizi bizzat g\u00f6rmeli, makinelerin g\u00f6r\u00fcn\u00fcm\u00fcn\u00fc ve nas\u0131l \u00e7al\u0131\u015ft\u0131\u011f\u0131n\u0131 izlemelisiniz. <\/p>  <\/div> <\/div> <div id=\"faq-question-1732763562784\" class=\"rank-math-list-item\"> <h3 class=\"rank-math-question\">Fabrikan\u0131za nas\u0131l seyahat edebilirim?<\/h3> <div class=\"rank-math-answer\">  <p>\u00c7in'deki Xinzheng Uluslararas\u0131 Havaliman\u0131'na u\u00e7un, Terminal T2'den \u00e7\u0131k\u0131n, \u015fof\u00f6r\u00fcm\u00fcz ve sat\u0131\u015f ekibimiz sizi \u00e7\u0131k\u0131\u015fta alacak ve birlikte fabrikaya gideceksiniz, yolculuk yakla\u015f\u0131k bir saat s\u00fcr\u00fcyor.<\/p>  <\/div> <\/div> <div id=\"faq-question-1732765124586\" class=\"rank-math-list-item\"> <h3 class=\"rank-math-question\">Ziyaret s\u0131ras\u0131nda neler beklenmeli?<\/h3> <div class=\"rank-math-answer\">  <p>Ofisimize ve sat\u0131\u015f ekibimize g\u00f6z atabilirsiniz; onlar sizinle WhatsApp \u00fczerinden konu\u015fan ve size en \u00fcst d\u00fczeyde m\u00fc\u015fteri hizmeti sa\u011flayan ki\u015filerdir.<br \/>Daha sonra geri d\u00f6n\u00fc\u015f\u00fcm makinelerimizi inceleyebilir ve bizzat bir test \u00e7al\u0131\u015fmas\u0131n\u0131 g\u00f6rebilirsiniz. G\u00f6rsel incelemeye dayanarak m\u00fckemmel makine i\u015f\u00e7ili\u011fini kolayca fark edeceksiniz.<\/p>  <\/div> <\/div> <div id=\"faq-question-1732765082445\" class=\"rank-math-list-item\"> <h3 class=\"rank-math-question\">Neden Shuliy plastik geri d\u00f6n\u00fc\u015f\u00fcm makinas\u0131 \u00fcreticisini se\u00e7melisiniz?<\/h3> <div class=\"rank-math-answer\">  <p>Profesyonel bir plastik geri d\u00f6n\u00fc\u015f\u00fcm makinesi tedarik\u00e7isi olarak, en iyi makine par\u00e7alar\u0131yla en kaliteli makineyi sunarak \u00fcretim y\u00f6ntemimizi geli\u015ftirdik. G\u00f6zleminiz sayesinde makinelerimizin daha h\u0131zl\u0131 \u00e7al\u0131\u015ft\u0131\u011f\u0131n\u0131, malzemenin daha kal\u0131n oldu\u011funu, ister temizleme, ister k\u0131rma veya peletleme ekipman\u0131 olsun, ayr\u0131nt\u0131lar\u0131 s\u00fcrekli olarak iyile\u015ftirdi\u011fimizi, b\u00f6ylece makinenin geri d\u00f6n\u00fc\u015f\u00fcm verimlili\u011finin artmaya devam etti\u011fini g\u00f6receksiniz.<\/p>  <\/div> <\/div> <\/div> <\/div>   <h2 class=\"wp-block-heading\">Sipari\u015f s\u00fcreci hakk\u0131nda<\/h2>    <p>A\u015fa\u011f\u0131da sipari\u015f s\u00fcreciyle ilgili s\u0131k\u00e7a sorulan sorular yer almaktad\u0131r.<\/p>   <div id=\"rank-math-faq\" class=\"rank-math-block\"> <div class=\"rank-math-list\"> <div id=\"faq-question-1732765274262\" class=\"rank-math-list-item\"> <h3 class=\"rank-math-question\">Nas\u0131l sipari\u015f verebilirim?<\/h3> <div class=\"rank-math-answer\">  <p>\u0130lk ad\u0131m, bize ba\u011flanmak ve hangi makineye ihtiyac\u0131n\u0131z oldu\u011funu ve istedi\u011finiz \u00e7\u0131kt\u0131y\u0131 bize bildirmektir. O zaman en \u00fcst d\u00fczeyde d\u00fc\u015f\u00fcnceli m\u00fc\u015fteri hizmeti alacaks\u0131n\u0131z. <\/p>  <\/div> <\/div> <div id=\"faq-question-1732765297651\" class=\"rank-math-list-item\"> <h3 class=\"rank-math-question\">Sipari\u015fimden sonraki teslim s\u00fcresi nedir?<\/h3> <div class=\"rank-math-answer\">  <p>Standart teslim s\u00fcremiz depozito \u00f6dendikten sonra 20-25 i\u015f g\u00fcn\u00fcd\u00fcr. Tam geri d\u00f6n\u00fc\u015f\u00fcm hatlar\u0131 i\u00e7in teslim s\u00fcresi 30 i\u015f g\u00fcn\u00fcne kadar uzat\u0131labilir.<\/p>  <\/div> <\/div> <div id=\"faq-question-1732765549681\" class=\"rank-math-list-item\"> <h3 class=\"rank-math-question\">Makinalar\u0131n\u0131z CE belgeli mi?<\/h3> <div class=\"rank-math-answer\">  <p>Makinelerimiz CE sertifikas\u0131n\u0131 ge\u00e7mi\u015ftir. Makineyi \u00fclkenizde kullanmak i\u00e7in ba\u015fka bir sertifikaya ihtiyac\u0131n\u0131z varsa, bize bununla ilgili bir\u00e7ok deneyime sahip oldu\u011fumuzu s\u00f6yleyebilirsiniz.<\/p>  <\/div> <\/div> <div id=\"faq-question-1732765583791\" class=\"rank-math-list-item\"> <h3 class=\"rank-math-question\">Geri d\u00f6n\u00fc\u015f\u00fcm makinalar\u0131n\u0131z\u0131n garantisi ne kadard\u0131r?<\/h3> <div class=\"rank-math-answer\">  <p>Geri d\u00f6n\u00fc\u015f\u00fcm makinelerimizin garantisi bir y\u0131ld\u0131r.<\/p>  <\/div> <\/div> <div id=\"faq-question-1732765630702\" class=\"rank-math-list-item\"> <h3 class=\"rank-math-question\">Makineleriniz benim \u00fclkelerimde \u00e7al\u0131\u015facak m\u0131?<\/h3> <div class=\"rank-math-answer\">  <p>Evet, t\u00fcm plastik geri d\u00f6n\u00fc\u015f\u00fcm makinelerimiz \u00fclkelerinizde \u00e7al\u0131\u015fabilir. Makinalar\u0131m\u0131z hizmet verece\u011fi \u00fclkenin standard\u0131na g\u00f6re \u00fcretilmektedir. \u00dclkenizin \u00f6zel bir \u00e7evre stratejisi varsa siz de bize anlatabilirsiniz. <\/p>  <\/div> <\/div> <div id=\"faq-question-1732765647746\" class=\"rank-math-list-item\"> <h3 class=\"rank-math-question\">Plastik geri d\u00f6n\u00fc\u015f\u00fcm makinelerinizin maliyeti ne kadar?<\/h3> <div class=\"rank-math-answer\">  <p>Nakliye \u00fccretleri, makine modeli, para birimi ve di\u011fer fakt\u00f6rler \u00fclkeden \u00fclkeye farkl\u0131l\u0131k g\u00f6sterdi\u011finden her sipari\u015fin maliyeti farkl\u0131d\u0131r. Geri d\u00f6n\u00fc\u015f\u00fcm makinesinin detayl\u0131 kotalar\u0131 i\u00e7in bizimle ileti\u015fime ge\u00e7ebilirsiniz. <\/p>  <\/div> <\/div> <div id=\"faq-question-1732765673123\" class=\"rank-math-list-item\"> <h3 class=\"rank-math-question\">Makineler teslimattan \u00f6nce test ediliyor mu?<\/h3> <div class=\"rank-math-answer\">  <p>Evet, t\u00fcm makinelerimiz ve komple geri d\u00f6n\u00fc\u015f\u00fcm tesislerimiz teslimattan \u00f6nce test edilecektir. Ayr\u0131ca makine test videosunu ve resimlerini size g\u00f6nderece\u011fiz. <\/p>  <\/div> <\/div> <div id=\"faq-question-1732765717919\" class=\"rank-math-list-item\"> <h3 class=\"rank-math-question\">Makineleri bizim i\u00e7in kurabilir misiniz?<\/h3> <div class=\"rank-math-answer\">  <p>Her makine i\u00e7in bir kurulum k\u0131lavuzu sa\u011fl\u0131yoruz. B\u00fcy\u00fck geri d\u00f6n\u00fc\u015f\u00fcm hatlar\u0131 i\u00e7in, kurulum, makinenin devreye al\u0131nmas\u0131 ve i\u015f\u00e7i e\u011fitimi konular\u0131nda yard\u0131mc\u0131 olmak \u00fczere bir makine m\u00fchendisinin \u00fclkenize seyahat etmesini sa\u011flayabiliriz.<br \/>Bu arada kurulum s\u00fcresi projenizin b\u00fcy\u00fckl\u00fc\u011f\u00fcne g\u00f6re genellikle 7 ila 20 g\u00fcn aras\u0131ndad\u0131r.<\/p>  <\/div> <\/div> <div id=\"faq-question-1732765810341\" class=\"rank-math-list-item\"> <h3 class=\"rank-math-question\">Yedek par\u00e7alar\u0131 nas\u0131l sat\u0131n alabilirim?<\/h3> <div class=\"rank-math-answer\">  <p>Sevkiyat s\u0131ras\u0131nda sizin i\u00e7in ekstra giyilebilir par\u00e7alar haz\u0131rlayaca\u011f\u0131z. Daha sonra daha fazlas\u0131na ihtiya\u00e7 duydu\u011funuzda stoklar\u0131m\u0131zda bol miktarda par\u00e7a mevcuttur, bu nedenle bizimle ileti\u015fime ge\u00e7mekten \u00e7ekinmeyin.<\/p>  <\/div> <\/div> <div id=\"faq-question-1732771420060\" class=\"rank-math-list-item\"> <h3 class=\"rank-math-question\">Servis sonras\u0131 ne sunuyorsunuz?<\/h3> <div class=\"rank-math-answer\">  <p>Makinelerimizi sat\u0131n ald\u0131ktan sonra sat\u0131\u015f elemanlar\u0131m\u0131z, makineniz sorunsuz \u00e7al\u0131\u015fana kadar sizinle ileti\u015fim halinde olacakt\u0131r. M\u00fc\u015fterilerimizin bir\u00e7o\u011fu makinelerinin \u00e7al\u0131\u015ft\u0131\u011f\u0131na dair videolar\u0131 bize payla\u015f\u0131yor ve hizmetimizden memnun kal\u0131yor. Ortakl\u0131k yap\u0131ld\u0131ktan sonra Shuliy her zaman sad\u0131k orta\u011f\u0131n\u0131z olacakt\u0131r.<\/p>  <\/div> <\/div> <\/div> <\/div>","protected":false},"excerpt":{"rendered":"<p>Investing in plastic recycling machines is a costly decision, so we recommend asking more questions about the machines and related services. Below are the FAQs we received the most commonly asked questions. If you have other points to know, contact us anytime. About Shuliy plastic machine manufaturer About ordering process Below are the frequently asked [&hellip;]<\/p>\n","protected":false},"author":1,"featured_media":0,"parent":0,"menu_order":0,"comment_status":"closed","ping_status":"closed","template":"","meta":{"_kad_blocks_custom_css":"","_kad_blocks_head_custom_js":"","_kad_blocks_body_custom_js":"","_kad_blocks_footer_custom_js":"","footnotes":""},"class_list":["post-1597","page","type-page","status-publish","hentry"],"taxonomy_info":[],"featured_image_src_large":false,"author_info":{"display_name":"Ella","author_link":"https:\/\/plastic-machines.org\/tr\/author\/admin\/"},"comment_info":0,"_links":{"self":[{"href":"https:\/\/plastic-machines.org\/tr\/wp-json\/wp\/v2\/pages\/1597","targetHints":{"allow":["GET"]}}],"collection":[{"href":"https:\/\/plastic-machines.org\/tr\/wp-json\/wp\/v2\/pages"}],"about":[{"href":"https:\/\/plastic-machines.org\/tr\/wp-json\/wp\/v2\/types\/page"}],"author":[{"embeddable":true,"href":"https:\/\/plastic-machines.org\/tr\/wp-json\/wp\/v2\/users\/1"}],"replies":[{"embeddable":true,"href":"https:\/\/plastic-machines.org\/tr\/wp-json\/wp\/v2\/comments?post=1597"}],"version-history":[{"count":0,"href":"https:\/\/plastic-machines.org\/tr\/wp-json\/wp\/v2\/pages\/1597\/revisions"}],"wp:attachment":[{"href":"https:\/\/plastic-machines.org\/tr\/wp-json\/wp\/v2\/media?parent=1597"}],"curies":[{"name":"wp","href":"https:\/\/api.w.org\/{rel}","templated":true}]}}