{"id":822,"date":"2023-07-24T15:09:57","date_gmt":"2023-07-24T07:09:57","guid":{"rendered":"https:\/\/plastic-machines.org\/?post_type=product&#038;p=822"},"modified":"2026-03-24T09:48:39","modified_gmt":"2026-03-24T01:48:39","slug":"pelletization-machine-for-rigid-plastic-recycling","status":"publish","type":"product","link":"https:\/\/plastic-machines.org\/sw\/product\/pelletization-machine-for-rigid-plastic-recycling\/","title":{"rendered":"Mashine ya Pelletization kwa Usafishaji wa Plastiki Imara"},"content":{"rendered":"<div class=\"kk-star-ratings kksr-auto kksr-align-left kksr-valign-top\"     data-payload='{&quot;align&quot;:&quot;left&quot;,&quot;id&quot;:&quot;822&quot;,&quot;slug&quot;:&quot;default&quot;,&quot;valign&quot;:&quot;top&quot;,&quot;ignore&quot;:&quot;&quot;,&quot;reference&quot;:&quot;auto&quot;,&quot;class&quot;:&quot;&quot;,&quot;count&quot;:&quot;5&quot;,&quot;legendonly&quot;:&quot;&quot;,&quot;readonly&quot;:&quot;&quot;,&quot;score&quot;:&quot;5&quot;,&quot;starsonly&quot;:&quot;&quot;,&quot;best&quot;:&quot;5&quot;,&quot;gap&quot;:&quot;5&quot;,&quot;greet&quot;:&quot;Rate this product&quot;,&quot;legend&quot;:&quot;5\\\/5 - (5 votes)&quot;,&quot;size&quot;:&quot;24&quot;,&quot;title&quot;:&quot;Pelletization Machine for Rigid Plastic Recycling&quot;,&quot;width&quot;:&quot;142.5&quot;,&quot;_legend&quot;:&quot;{score}\\\/{best} - ({count} {votes})&quot;,&quot;font_factor&quot;:&quot;1.25&quot;}'>              <div class=\"kksr-stars\">      <div class=\"kksr-stars-inactive\">             <div class=\"kksr-star\" data-star=\"1\" style=\"padding-right: 5px\">               <div class=\"kksr-icon\" style=\"width: 24px; height: 24px;\"><\/div>         <\/div>             <div class=\"kksr-star\" data-star=\"2\" style=\"padding-right: 5px\">               <div class=\"kksr-icon\" style=\"width: 24px; height: 24px;\"><\/div>         <\/div>             <div class=\"kksr-star\" data-star=\"3\" style=\"padding-right: 5px\">               <div class=\"kksr-icon\" style=\"width: 24px; height: 24px;\"><\/div>         <\/div>             <div class=\"kksr-star\" data-star=\"4\" style=\"padding-right: 5px\">               <div class=\"kksr-icon\" style=\"width: 24px; height: 24px;\"><\/div>         <\/div>             <div class=\"kksr-star\" data-star=\"5\" style=\"padding-right: 5px\">               <div class=\"kksr-icon\" style=\"width: 24px; height: 24px;\"><\/div>         <\/div>     <\/div>      <div class=\"kksr-stars-active\" style=\"width: 142.5px;\">             <div class=\"kksr-star\" style=\"padding-right: 5px\">               <div class=\"kksr-icon\" style=\"width: 24px; height: 24px;\"><\/div>         <\/div>             <div class=\"kksr-star\" style=\"padding-right: 5px\">               <div class=\"kksr-icon\" style=\"width: 24px; height: 24px;\"><\/div>         <\/div>             <div class=\"kksr-star\" style=\"padding-right: 5px\">               <div class=\"kksr-icon\" style=\"width: 24px; height: 24px;\"><\/div>         <\/div>             <div class=\"kksr-star\" style=\"padding-right: 5px\">               <div class=\"kksr-icon\" style=\"width: 24px; height: 24px;\"><\/div>         <\/div>             <div class=\"kksr-star\" style=\"padding-right: 5px\">               <div class=\"kksr-icon\" style=\"width: 24px; height: 24px;\"><\/div>         <\/div>     <\/div> <\/div>                   <div class=\"kksr-legend\" style=\"font-size: 19.2px;\">             5\/5 - (5 r\u00f6ster)    <\/div>     <\/div>  <p>Mashine ya Shuliy ya kuchakata tena plastiki ngumu hutoa suluhisho rahisi na la haraka kwa kuchakata mimea na wazalishaji wa plastiki. Plastiki chafu ngumu kama vile chupa za maziwa za HDPE, chupa za shampoo, mabomba, mapipa, ngoma, vifaa vya kuchezea, sehemu zenye kasoro za uzalishaji, taka za mita za umeme za makazi, n.k., zitachakatwa kwa CHEMBE ndogo na za mviringo za plastiki na mashine zingine za kuchakata tena plastiki. Bidhaa za mwisho ni CHEMBE safi kabisa ambazo zinaweza kutumika tena kwa utengenezaji. Mashine yetu thabiti ya kuchakata tena plastiki ina uwezo wa kuanzia 100kg\/h hadi 500kg\/h.<\/p>    <h2 class=\"wp-block-heading\">Kanuni ngumu ya kuchakata plastiki<\/h2>    <p>Mashine ya kusaga plastiki kwa kuchakata tena plastiki inafaa kwa kutengeneza PP, PE, PS, ABS, PA, PVC, PC, POM, na aina zingine za kuchakata tena plastiki. Baada ya plastiki kuingia kwenye screw kutoka kwenye hopper, plastiki husafirishwa mbele chini ya hatua ya screw inayozunguka, na plastiki huru imara huanza kuunganishwa.<\/p>    <p>Wakati huo huo, chini ya hatua ya pete ya kupokanzwa nje ya pipa na msuguano wa mara kwa mara kati ya screw na nyenzo ndani ya pipa, joto la plastiki huongezeka kwa kuendelea, na hatimaye, wakati joto la plastiki linafikia kiwango cha kuyeyuka. , huanza kuyeyuka.<\/p>    <p>Mwishoni mwa sehemu ya ukandamizaji, vifaa vyote vinabadilishwa kuwa hali ya mtiririko wa viscous, lakini kwa wakati huu hali ya joto ya kila hatua bado haijafanana, baada ya sehemu ya homogenization ya jukumu la sare zaidi, na kisha. screw itakuwa nyenzo ya kuyeyuka kiasi, fasta-shinikizo, fasta-joto extrusion ndani ya kichwa.<\/p>    <p>Kichwa cha mold ya kufa ni sehemu ya ukingo, nyenzo ni kwa njia hiyo na hupata ukubwa wa kudumu wa ukanda wa plastiki, na kisha baada ya mchakato wa baridi na kukata, unaweza kupata chembe za plastiki zilizotengenezwa.<\/p>    <figure class=\"wp-block-gallery has-nested-images columns-default is-cropped wp-block-gallery-2 is-layout-flex wp-block-gallery-is-layout-flex\"> <figure class=\"wp-block-image size-large\"><img loading=\"lazy\" decoding=\"async\" width=\"720\" height=\"540\" data-id=\"894\" src=\"https:\/\/plastic-machines.org\/wp-content\/uploads\/2023\/07\/heating-device-2.webp\" alt=\"pelletization mashine inapokanzwa pete\" class=\"wp-image-894\" srcset=\"https:\/\/plastic-machines.org\/wp-content\/uploads\/2023\/07\/heating-device-2.webp 720w, https:\/\/plastic-machines.org\/wp-content\/uploads\/2023\/07\/heating-device-2-300x225.webp 300w\" sizes=\"auto, (max-width: 720px) 100vw, 720px\" \/><figcaption class=\"wp-element-caption\">pete za kupokanzwa<\/figcaption><\/figure>    <figure class=\"wp-block-image size-large\"><img loading=\"lazy\" decoding=\"async\" width=\"720\" height=\"540\" data-id=\"893\" src=\"https:\/\/plastic-machines.org\/wp-content\/uploads\/2023\/07\/die-head-of-plastic-pelletizer-machine.webp\" alt=\"pelletization mashine kufa kichwa\" class=\"wp-image-893\" srcset=\"https:\/\/plastic-machines.org\/wp-content\/uploads\/2023\/07\/die-head-of-plastic-pelletizer-machine.webp 720w, https:\/\/plastic-machines.org\/wp-content\/uploads\/2023\/07\/die-head-of-plastic-pelletizer-machine-300x225.webp 300w\" sizes=\"auto, (max-width: 720px) 100vw, 720px\" \/><figcaption class=\"wp-element-caption\">kufa kichwa<\/figcaption><\/figure> <\/figure>    <h2 class=\"wp-block-heading\">Vipengele vya mashine ngumu ya plastiki extruder pelletizing<\/h2>    <ul class=\"wp-block-list\"> <li>Mashine yetu ya plastiki ngumu ya kusambaza pelletizing imeundwa ipasavyo, ikiwa na kiwango cha juu cha otomatiki, ubora mzuri wa bidhaa, saizi ya chembe sare na rangi safi, inayokidhi mahitaji ya soko la kimataifa.<\/li>    <li>Mashine ya nje ya plastiki ya pelletization inachukua ngao ya usalama iliyofungwa kikamilifu, moja ni kuepuka operator kutokana na joto la juu na scalding, pamoja na kuepuka tatizo la kuvuja kwa umeme, lakini pia ina jukumu la kuhifadhi joto.<\/li>    <li>Mashine ya pelletization hutumia injini ya ubora bora, na mashine ya pelletization ya uendeshaji wa kasi ya motor ndiyo inayokabiliwa zaidi na matatizo, tunatumia motors za ubora wa China, ili kuhakikisha kwamba granulator inaweza kuwa operesheni ndefu na laini.<\/li>    <li>Kama mwanzilishi wa recycled plastiki pelletization kupanda hatari ni ndogo, ukubwa wa uwekezaji inaweza kuwa, mlango mlango pia ni ya chini. Wawekezaji wanaweza kuanza kutoka a<strong><a href=\"https:\/\/plastic-machines.org\/sw\/product\/plastic-recycling-granulating-line\/\"> plastiki pelletizing kuchakata line<\/a><\/strong>, lakini pia wakati huo huo kuanza idadi ya seti za mashine za kuchakata.<\/li> <\/ul>    <h2 class=\"wp-block-heading\">Udhamini na huduma za mashine ya rigids pelletization  <\/h2>    <p>Kila mashine ya kuchakata inakuja na udhamini mdogo. Kikundi cha Shuliy hutoa miezi 12 kwa mashine yetu ya kusaga plastiki kwa kuchakata tena. Pia tunatoa usakinishaji wa tovuti, meneja wetu wa mradi ataenda katika nchi yako na kukusaidia kwa usakinishaji wa mashine.<\/p>    <figure class=\"wp-block-image size-full\"><img loading=\"lazy\" decoding=\"async\" width=\"720\" height=\"540\" src=\"https:\/\/plastic-machines.org\/wp-content\/uploads\/2023\/01\/plastic-pelletizing-plant-21.webp\" alt=\"mashine za kuchakata plastiki zilizowekwa nchini Saudi Arabia\" class=\"wp-image-697\" srcset=\"https:\/\/plastic-machines.org\/wp-content\/uploads\/2023\/01\/plastic-pelletizing-plant-21.webp 720w, https:\/\/plastic-machines.org\/wp-content\/uploads\/2023\/01\/plastic-pelletizing-plant-21-300x225.webp 300w\" sizes=\"auto, (max-width: 720px) 100vw, 720px\" \/><figcaption class=\"wp-element-caption\">mashine za kuchakata plastiki zilizowekwa nchini Saudi Arabia<\/figcaption><\/figure>    <h2 class=\"wp-block-heading\">Ytterligare bilder p\u00e5 pelletiseraren<\/h2>    <figure class=\"wp-block-image size-full\"><img loading=\"lazy\" decoding=\"async\" width=\"720\" height=\"540\" src=\"https:\/\/plastic-machines.org\/wp-content\/uploads\/2023\/07\/Plastic-pelletizing-machine-2.webp\" alt=\"hatua mbili mashine ya plastiki pelletization \" class=\"wp-image-890\" srcset=\"https:\/\/plastic-machines.org\/wp-content\/uploads\/2023\/07\/Plastic-pelletizing-machine-2.webp 720w, https:\/\/plastic-machines.org\/wp-content\/uploads\/2023\/07\/Plastic-pelletizing-machine-2-300x225.webp 300w\" sizes=\"auto, (max-width: 720px) 100vw, 720px\" \/><\/figure>    <figure class=\"wp-block-image size-full\"><img loading=\"lazy\" decoding=\"async\" width=\"720\" height=\"540\" src=\"https:\/\/plastic-machines.org\/wp-content\/uploads\/2023\/07\/plastic-granulator-2.webp\" alt=\"mashine ya pelletization\" class=\"wp-image-878\" srcset=\"https:\/\/plastic-machines.org\/wp-content\/uploads\/2023\/07\/plastic-granulator-2.webp 720w, https:\/\/plastic-machines.org\/wp-content\/uploads\/2023\/07\/plastic-granulator-2-300x225.webp 300w\" sizes=\"auto, (max-width: 720px) 100vw, 720px\" \/><\/figure>    <figure class=\"wp-block-image size-full\"><img loading=\"lazy\" decoding=\"async\" width=\"720\" height=\"540\" src=\"https:\/\/plastic-machines.org\/wp-content\/uploads\/2023\/07\/hdpe-granules-making-machine-2.webp\" alt=\"pelletizer na mfumo wa baridi na kukata\" class=\"wp-image-859\" srcset=\"https:\/\/plastic-machines.org\/wp-content\/uploads\/2023\/07\/hdpe-granules-making-machine-2.webp 720w, https:\/\/plastic-machines.org\/wp-content\/uploads\/2023\/07\/hdpe-granules-making-machine-2-300x225.webp 300w\" sizes=\"auto, (max-width: 720px) 100vw, 720px\" \/><figcaption class=\"wp-element-caption\">extruder pelletizing mashine kwa ajili ya usindikaji rigid plastiki<\/figcaption><\/figure>    <h2 class=\"wp-block-heading\">F\u00f6rfr\u00e5gningar om styva plastpelletiseringsmaskiner<\/h2>    <p>F\u00f6r att f\u00e5 begr\u00e4nsade priser och ledtider f\u00f6r pelletiseringsmaskiner, skicka oss ett meddelande med hj\u00e4lp av formul\u00e4ret i det nedre h\u00f6gra h\u00f6rnet.<\/p>    <p class=\"translation-block\">Msimamizi wetu wa mauzo wa kitaalamu atafurahi kukutumia maelezo ya mashine za kuchakata upya hivi karibuni. Jua zaidi kuhusu mashine za kuchakata plastiki: <a href=\"https:\/\/plastic-machines.org\/sw\/info\/what-machines-are-used-to-recycle-plastic\/\">Mashine Zinazotumika Kuchakata Plastiki<\/a><\/p>","protected":false},"excerpt":{"rendered":"<p>Shuliy pelletization machine for rigid plastic recycling offers an easy and quick solution for recycling plants and plastic producers. The dirty rigid plastic like HDPE milk bottles, shampoo bottles, pipes, barrels, drums, toys, defective production cut-offs, waste residential electric meters, etc., they will be processed to small and round plastic granules by some plastic recycling [&hellip;]<\/p>\n","protected":false},"author":1,"featured_media":891,"parent":0,"template":"","tags":[51],"product-type":[9],"class_list":["post-822","product","type-product","status-publish","has-post-thumbnail","hentry","tag-rigid","product-type-plastic-pelletizer"],"taxonomy_info":{"post_tag":[{"value":51,"label":"rigid"}],"product-type":[{"value":9,"label":"Plastic Pelletizer"}]},"featured_image_src_large":["https:\/\/plastic-machines.org\/wp-content\/uploads\/2023\/07\/Plastic-pelletizing-machine.webp",720,540,false],"author_info":{"display_name":"Ella","author_link":"https:\/\/plastic-machines.org\/sw\/author\/admin\/"},"comment_info":"","_links":{"self":[{"href":"https:\/\/plastic-machines.org\/sw\/wp-json\/wp\/v2\/product\/822","targetHints":{"allow":["GET"]}}],"collection":[{"href":"https:\/\/plastic-machines.org\/sw\/wp-json\/wp\/v2\/product"}],"about":[{"href":"https:\/\/plastic-machines.org\/sw\/wp-json\/wp\/v2\/types\/product"}],"author":[{"embeddable":true,"href":"https:\/\/plastic-machines.org\/sw\/wp-json\/wp\/v2\/users\/1"}],"wp:featuredmedia":[{"embeddable":true,"href":"https:\/\/plastic-machines.org\/sw\/wp-json\/wp\/v2\/media\/891"}],"wp:attachment":[{"href":"https:\/\/plastic-machines.org\/sw\/wp-json\/wp\/v2\/media?parent=822"}],"wp:term":[{"taxonomy":"post_tag","embeddable":true,"href":"https:\/\/plastic-machines.org\/sw\/wp-json\/wp\/v2\/tags?post=822"},{"taxonomy":"product-type","embeddable":true,"href":"https:\/\/plastic-machines.org\/sw\/wp-json\/wp\/v2\/product-type?post=822"}],"curies":[{"name":"wp","href":"https:\/\/api.w.org\/{rel}","templated":true}]}}